{"id":9105,"date":"2023-01-21T20:14:50","date_gmt":"2023-01-21T20:14:50","guid":{"rendered":"https:\/\/resato-waterjet.com\/?post_type=product&#038;p=9105"},"modified":"2025-09-26T09:48:46","modified_gmt":"2025-09-26T09:48:46","slug":"cabezal-de-corte-en-bisel-2-5d","status":"publish","type":"product","link":"https:\/\/resato-waterjet.com\/es\/product\/2-5d-cutting-head-for-bevel-cutting\/","title":{"rendered":"Cabezal de corte 2.5D para corte en bisel"},"content":{"rendered":"<p class=\"translation-block\">El cabezal de corte 2,5D est\u00e1 dise\u00f1ado para <a href=\"https:\/\/www.toolstop.co.uk\/blog\/knowledge-base\/bevel-mitre-and-cross-cuts-explained\" target=\"_self\">cortar piezas biseladas<\/a> de chapa. Al eje XYZ est\u00e1ndar se a\u00f1aden dos ejes servocontrolados adicionales que crean una m\u00e1quina de cinco ejes. Para conseguir una aplicaci\u00f3n pr\u00e1ctica se integra un sensor de altura.<\/p>\n<p>&nbsp;<\/p>\n<p>Los servomotores sin bastidor de alto par integrados con ejes huecos son el n\u00facleo de esta construcci\u00f3n \u00fanica. El uso del principio de accionamiento directo implica un m\u00ednimo de piezas m\u00f3viles, lo que da como resultado una soluci\u00f3n compacta, muy precisa, de respuesta r\u00e1pida y sin mantenimiento.<\/p>\n<p>El cabezal de corte puede inclinarse hasta 55\u00ba, el l\u00edmite pr\u00e1ctico cuando se corta una esquina biselada de 45\u00ba en un \u00e1ngulo de contorno de 90\u00ba.<\/p>\n<p>&nbsp;<\/p>\n<p class=\"translation-block\"><strong>Sistema EMS<\/strong><br>\r\nDestinado especialmente al funcionamiento ACM sin personal, el alimentador electr\u00f3nico est\u00e1 provisto del sistema de gesti\u00f3n electr\u00f3nica EMS. Utilizado con el cabezal de corte, permite controlar todos los par\u00e1metros clave de corte. El sistema de gesti\u00f3n EMS detecta r\u00e1pidamente una boquilla de agua defectuosa o cualquier interrupci\u00f3n en la alimentaci\u00f3n de abrasivo, emite una alarma y puede detener autom\u00e1ticamente el proceso de corte si es necesario.<\/p>\n<p>&nbsp;<\/p>\n<p><strong>Especificaciones t\u00e9cnicas<\/strong><\/p>\n<table style=\"height: 177px;\" width=\"487\">\n<tbody>\n<tr>\n<td width=\"183\">2,5D Cabezal de corte<\/td>\n<td width=\"115\"><\/td>\n<\/tr>\n<tr>\n<td>\u00c1ngulo de inclinaci\u00f3n m\u00e1ximo<\/td>\n<td>55\u00b0<\/td>\n<\/tr>\n<tr>\n<td>Rotaci\u00f3n m\u00e1xima<\/td>\n<td>\u00b1 360\u00b0<\/td>\n<\/tr>\n<tr>\n<td>Temperatura de funcionamiento<\/td>\n<td>10-30 \u00b0C<\/td>\n<\/tr>\n<tr>\n<td>Clase de protecci\u00f3n<\/td>\n<td>IP65<\/td>\n<\/tr>\n<tr>\n<td>Precisi\u00f3n de posicionamiento de los ejes<\/td>\n<td>\u00b1 0,1\u00b0<\/td>\n<\/tr>\n<\/tbody>\n<\/table>\n<p>&nbsp;<\/p>\n<p><strong>El cabezal de corte 2.5D puede ampliarse con varias opciones y funciones para mejorar a\u00fan m\u00e1s su rendimiento de corte por chorro de agua.<\/strong><\/p>\n<p>&nbsp;<\/p>\n<p><a href=\"https:\/\/resato-waterjet.com\/es\/cabezales-de-corte\/\">M\u00e1s informaci\u00f3n sobre cabezales de corte<\/a>.<\/p>","protected":false},"excerpt":{"rendered":"<ul>\n<li>Compatible con abrasivos y agua pura<\/li>\n<li>Dise\u00f1o modular<\/li>\n<li>Alta precisi\u00f3n<\/li>\n<li>Soluci\u00f3n compacta<\/li>\n<li>ACM compatible con versiones anteriores<\/li>\n<\/ul>","protected":false},"featured_media":11276,"template":"","meta":{"content-type":""},"product_brand":[],"product_cat":[123],"product_tag":[124],"class_list":{"0":"post-9105","1":"product","2":"type-product","3":"status-publish","4":"has-post-thumbnail","6":"product_cat-cutting-heads","7":"product_tag-cutting-heads","9":"first","10":"instock","11":"shipping-taxable","12":"product-type-external"},"yoast_head":"<!-- This site is optimized with the Yoast SEO plugin v27.4 - https:\/\/yoast.com\/product\/yoast-seo-wordpress\/ -->\n<title>2.5D Cutting head for bevel cutting - Resato Waterjet<\/title>\n<meta name=\"description\" content=\"A 2.5D cutting head works with three axes to allow the cutting of complex shapes with bevels. The additional Z-axis will provide you with versatility.\" \/>\n<meta name=\"robots\" content=\"index, follow, max-snippet:-1, max-image-preview:large, max-video-preview:-1\" \/>\n<link rel=\"canonical\" href=\"https:\/\/resato-waterjet.com\/es\/producto\/cabezal-de-corte-en-bisel-2-5d\/\" \/>\n<meta property=\"og:locale\" content=\"es_MX\" \/>\n<meta property=\"og:type\" content=\"article\" \/>\n<meta property=\"og:title\" content=\"2.5D Cutting head for bevel cutting - Resato Waterjet\" \/>\n<meta property=\"og:description\" content=\"A 2.5D cutting head works with three axes to allow the cutting of complex shapes with bevels. The additional Z-axis will provide you with versatility.\" \/>\n<meta property=\"og:url\" content=\"https:\/\/resato-waterjet.com\/es\/producto\/cabezal-de-corte-en-bisel-2-5d\/\" \/>\n<meta property=\"og:site_name\" content=\"Resato Waterjet\" \/>\n<meta property=\"article:modified_time\" content=\"2025-09-26T09:48:46+00:00\" \/>\n<meta property=\"og:image\" content=\"https:\/\/resato-waterjet.com\/wp-content\/uploads\/2023\/01\/Schermafbeelding-2025-09-26-114737-e1758880115102.png\" \/>\n\t<meta property=\"og:image:width\" content=\"1055\" \/>\n\t<meta property=\"og:image:height\" content=\"555\" \/>\n\t<meta property=\"og:image:type\" content=\"image\/png\" \/>\n<meta name=\"twitter:card\" content=\"summary_large_image\" \/>\n<meta name=\"twitter:label1\" content=\"Tiempo de lectura\" \/>\n\t<meta name=\"twitter:data1\" content=\"2 minutos\" \/>\n<script type=\"application\/ld+json\" class=\"yoast-schema-graph\">{\"@context\":\"https:\\\/\\\/schema.org\",\"@graph\":[{\"@type\":\"WebPage\",\"@id\":\"https:\\\/\\\/resato-waterjet.com\\\/en\\\/product\\\/2-5d-cutting-head-for-bevel-cutting\\\/\",\"url\":\"https:\\\/\\\/resato-waterjet.com\\\/en\\\/product\\\/2-5d-cutting-head-for-bevel-cutting\\\/\",\"name\":\"2.5D Cutting head for bevel cutting - Resato Waterjet\",\"isPartOf\":{\"@id\":\"https:\\\/\\\/resato-waterjet.com\\\/en\\\/#website\"},\"primaryImageOfPage\":{\"@id\":\"https:\\\/\\\/resato-waterjet.com\\\/en\\\/product\\\/2-5d-cutting-head-for-bevel-cutting\\\/#primaryimage\"},\"image\":{\"@id\":\"https:\\\/\\\/resato-waterjet.com\\\/en\\\/product\\\/2-5d-cutting-head-for-bevel-cutting\\\/#primaryimage\"},\"thumbnailUrl\":\"https:\\\/\\\/resato-waterjet.com\\\/wp-content\\\/uploads\\\/2023\\\/01\\\/Schermafbeelding-2025-09-26-114737-e1758880115102.png\",\"datePublished\":\"2023-01-21T20:14:50+00:00\",\"dateModified\":\"2025-09-26T09:48:46+00:00\",\"description\":\"A 2.5D cutting head works with three axes to allow the cutting of complex shapes with bevels. The additional Z-axis will provide you with versatility.\",\"breadcrumb\":{\"@id\":\"https:\\\/\\\/resato-waterjet.com\\\/en\\\/product\\\/2-5d-cutting-head-for-bevel-cutting\\\/#breadcrumb\"},\"inLanguage\":\"es\",\"potentialAction\":[{\"@type\":\"ReadAction\",\"target\":[\"https:\\\/\\\/resato-waterjet.com\\\/en\\\/product\\\/2-5d-cutting-head-for-bevel-cutting\\\/\"]}]},{\"@type\":\"ImageObject\",\"inLanguage\":\"es\",\"@id\":\"https:\\\/\\\/resato-waterjet.com\\\/en\\\/product\\\/2-5d-cutting-head-for-bevel-cutting\\\/#primaryimage\",\"url\":\"https:\\\/\\\/resato-waterjet.com\\\/wp-content\\\/uploads\\\/2023\\\/01\\\/Schermafbeelding-2025-09-26-114737-e1758880115102.png\",\"contentUrl\":\"https:\\\/\\\/resato-waterjet.com\\\/wp-content\\\/uploads\\\/2023\\\/01\\\/Schermafbeelding-2025-09-26-114737-e1758880115102.png\",\"width\":1055,\"height\":555},{\"@type\":\"BreadcrumbList\",\"@id\":\"https:\\\/\\\/resato-waterjet.com\\\/en\\\/product\\\/2-5d-cutting-head-for-bevel-cutting\\\/#breadcrumb\",\"itemListElement\":[{\"@type\":\"ListItem\",\"position\":1,\"name\":\"Home\",\"item\":\"https:\\\/\\\/resato-waterjet.com\\\/fr\\\/\"},{\"@type\":\"ListItem\",\"position\":2,\"name\":\"Machines and Services\",\"item\":\"https:\\\/\\\/resato-waterjet.com\\\/en\\\/machines-and-services\\\/\"},{\"@type\":\"ListItem\",\"position\":3,\"name\":\"2.5D Cutting head for bevel cutting\"}]},{\"@type\":\"WebSite\",\"@id\":\"https:\\\/\\\/resato-waterjet.com\\\/en\\\/#website\",\"url\":\"https:\\\/\\\/resato-waterjet.com\\\/en\\\/\",\"name\":\"Resato Waterjet\",\"description\":\"Creating Magic with Water\",\"publisher\":{\"@id\":\"https:\\\/\\\/resato-waterjet.com\\\/en\\\/#organization\"},\"alternateName\":\"Resato\",\"potentialAction\":[{\"@type\":\"SearchAction\",\"target\":{\"@type\":\"EntryPoint\",\"urlTemplate\":\"https:\\\/\\\/resato-waterjet.com\\\/en\\\/?s={search_term_string}\"},\"query-input\":{\"@type\":\"PropertyValueSpecification\",\"valueRequired\":true,\"valueName\":\"search_term_string\"}}],\"inLanguage\":\"es\"},{\"@type\":\"Organization\",\"@id\":\"https:\\\/\\\/resato-waterjet.com\\\/en\\\/#organization\",\"name\":\"Resato Waterjet\",\"alternateName\":\"Resato\",\"url\":\"https:\\\/\\\/resato-waterjet.com\\\/en\\\/\",\"logo\":{\"@type\":\"ImageObject\",\"inLanguage\":\"es\",\"@id\":\"https:\\\/\\\/resato-waterjet.com\\\/en\\\/#\\\/schema\\\/logo\\\/image\\\/\",\"url\":\"https:\\\/\\\/mlwy9mbbs62x.i.optimole.com\\\/w:auto\\\/h:auto\\\/q:mauto\\\/f:avif\\\/https:\\\/\\\/resato-waterjet.com\\\/wp-content\\\/uploads\\\/2023\\\/03\\\/cropped-Resato-YOutube-Logo.png\",\"contentUrl\":\"https:\\\/\\\/mlwy9mbbs62x.i.optimole.com\\\/w:auto\\\/h:auto\\\/q:mauto\\\/f:avif\\\/https:\\\/\\\/resato-waterjet.com\\\/wp-content\\\/uploads\\\/2023\\\/03\\\/cropped-Resato-YOutube-Logo.png\",\"width\":512,\"height\":512,\"caption\":\"Resato Waterjet\"},\"image\":{\"@id\":\"https:\\\/\\\/resato-waterjet.com\\\/en\\\/#\\\/schema\\\/logo\\\/image\\\/\"},\"sameAs\":[\"https:\\\/\\\/www.linkedin.com\\\/company\\\/resato-waterjet-technology\\\/\"]}]}<\/script>\n<!-- \/ Yoast SEO plugin. -->","yoast_head_json":{"title":"Cabezal de corte 2.5D para corte en bisel - Resato Waterjet","description":"Un cabezal de corte 2,5D trabaja con tres ejes para permitir el corte de formas complejas con biseles. El eje Z adicional le proporcionar\u00e1 versatilidad.","robots":{"index":"index","follow":"follow","max-snippet":"max-snippet:-1","max-image-preview":"max-image-preview:large","max-video-preview":"max-video-preview:-1"},"canonical":"https:\/\/resato-waterjet.com\/es\/producto\/cabezal-de-corte-en-bisel-2-5d\/","og_locale":"es_MX","og_type":"article","og_title":"2.5D Cutting head for bevel cutting - Resato Waterjet","og_description":"A 2.5D cutting head works with three axes to allow the cutting of complex shapes with bevels. The additional Z-axis will provide you with versatility.","og_url":"https:\/\/resato-waterjet.com\/es\/producto\/cabezal-de-corte-en-bisel-2-5d\/","og_site_name":"Resato Waterjet","article_modified_time":"2025-09-26T09:48:46+00:00","og_image":[{"width":1055,"height":555,"url":"https:\/\/resato-waterjet.com\/wp-content\/uploads\/2023\/01\/Schermafbeelding-2025-09-26-114737-e1758880115102.png","type":"image\/png"}],"twitter_card":"summary_large_image","twitter_misc":{"Tiempo de lectura":"2 minutos"},"schema":{"@context":"https:\/\/schema.org","@graph":[{"@type":"WebPage","@id":"https:\/\/resato-waterjet.com\/en\/product\/2-5d-cutting-head-for-bevel-cutting\/","url":"https:\/\/resato-waterjet.com\/en\/product\/2-5d-cutting-head-for-bevel-cutting\/","name":"Cabezal de corte 2.5D para corte en bisel - Resato Waterjet","isPartOf":{"@id":"https:\/\/resato-waterjet.com\/en\/#website"},"primaryImageOfPage":{"@id":"https:\/\/resato-waterjet.com\/en\/product\/2-5d-cutting-head-for-bevel-cutting\/#primaryimage"},"image":{"@id":"https:\/\/resato-waterjet.com\/en\/product\/2-5d-cutting-head-for-bevel-cutting\/#primaryimage"},"thumbnailUrl":"https:\/\/resato-waterjet.com\/wp-content\/uploads\/2023\/01\/Schermafbeelding-2025-09-26-114737-e1758880115102.png","datePublished":"2023-01-21T20:14:50+00:00","dateModified":"2025-09-26T09:48:46+00:00","description":"Un cabezal de corte 2,5D trabaja con tres ejes para permitir el corte de formas complejas con biseles. El eje Z adicional le proporcionar\u00e1 versatilidad.","breadcrumb":{"@id":"https:\/\/resato-waterjet.com\/en\/product\/2-5d-cutting-head-for-bevel-cutting\/#breadcrumb"},"inLanguage":"es","potentialAction":[{"@type":"ReadAction","target":["https:\/\/resato-waterjet.com\/en\/product\/2-5d-cutting-head-for-bevel-cutting\/"]}]},{"@type":"ImageObject","inLanguage":"es","@id":"https:\/\/resato-waterjet.com\/en\/product\/2-5d-cutting-head-for-bevel-cutting\/#primaryimage","url":"https:\/\/resato-waterjet.com\/wp-content\/uploads\/2023\/01\/Schermafbeelding-2025-09-26-114737-e1758880115102.png","contentUrl":"https:\/\/resato-waterjet.com\/wp-content\/uploads\/2023\/01\/Schermafbeelding-2025-09-26-114737-e1758880115102.png","width":1055,"height":555},{"@type":"BreadcrumbList","@id":"https:\/\/resato-waterjet.com\/en\/product\/2-5d-cutting-head-for-bevel-cutting\/#breadcrumb","itemListElement":[{"@type":"ListItem","position":1,"name":"Home","item":"https:\/\/resato-waterjet.com\/fr\/"},{"@type":"ListItem","position":2,"name":"Machines and Services","item":"https:\/\/resato-waterjet.com\/en\/machines-and-services\/"},{"@type":"ListItem","position":3,"name":"2.5D Cutting head for bevel cutting"}]},{"@type":"WebSite","@id":"https:\/\/resato-waterjet.com\/en\/#website","url":"https:\/\/resato-waterjet.com\/en\/","name":"Resato Waterjet","description":"Crear magia con el agua","publisher":{"@id":"https:\/\/resato-waterjet.com\/en\/#organization"},"alternateName":"Resato","potentialAction":[{"@type":"SearchAction","target":{"@type":"EntryPoint","urlTemplate":"https:\/\/resato-waterjet.com\/en\/?s={search_term_string}"},"query-input":{"@type":"PropertyValueSpecification","valueRequired":true,"valueName":"search_term_string"}}],"inLanguage":"es"},{"@type":"Organization","@id":"https:\/\/resato-waterjet.com\/en\/#organization","name":"Resato Waterjet","alternateName":"Resato","url":"https:\/\/resato-waterjet.com\/en\/","logo":{"@type":"ImageObject","inLanguage":"es","@id":"https:\/\/resato-waterjet.com\/en\/#\/schema\/logo\/image\/","url":"https:\/\/mlwy9mbbs62x.i.optimole.com\/w:auto\/h:auto\/q:mauto\/f:avif\/https:\/\/resato-waterjet.com\/wp-content\/uploads\/2023\/03\/cropped-Resato-YOutube-Logo.png","contentUrl":"https:\/\/mlwy9mbbs62x.i.optimole.com\/w:auto\/h:auto\/q:mauto\/f:avif\/https:\/\/resato-waterjet.com\/wp-content\/uploads\/2023\/03\/cropped-Resato-YOutube-Logo.png","width":512,"height":512,"caption":"Resato Waterjet"},"image":{"@id":"https:\/\/resato-waterjet.com\/en\/#\/schema\/logo\/image\/"},"sameAs":["https:\/\/www.linkedin.com\/company\/resato-waterjet-technology\/"]}]}},"_links":{"self":[{"href":"https:\/\/resato-waterjet.com\/es\/wp-json\/wp\/v2\/product\/9105","targetHints":{"allow":["GET"]}}],"collection":[{"href":"https:\/\/resato-waterjet.com\/es\/wp-json\/wp\/v2\/product"}],"about":[{"href":"https:\/\/resato-waterjet.com\/es\/wp-json\/wp\/v2\/types\/product"}],"version-history":[{"count":3,"href":"https:\/\/resato-waterjet.com\/es\/wp-json\/wp\/v2\/product\/9105\/revisions"}],"predecessor-version":[{"id":10221,"href":"https:\/\/resato-waterjet.com\/es\/wp-json\/wp\/v2\/product\/9105\/revisions\/10221"}],"wp:featuredmedia":[{"embeddable":true,"href":"https:\/\/resato-waterjet.com\/es\/wp-json\/wp\/v2\/media\/11276"}],"wp:attachment":[{"href":"https:\/\/resato-waterjet.com\/es\/wp-json\/wp\/v2\/media?parent=9105"}],"wp:term":[{"taxonomy":"product_brand","embeddable":true,"href":"https:\/\/resato-waterjet.com\/es\/wp-json\/wp\/v2\/product_brand?post=9105"},{"taxonomy":"product_cat","embeddable":true,"href":"https:\/\/resato-waterjet.com\/es\/wp-json\/wp\/v2\/product_cat?post=9105"},{"taxonomy":"product_tag","embeddable":true,"href":"https:\/\/resato-waterjet.com\/es\/wp-json\/wp\/v2\/product_tag?post=9105"}],"curies":[{"name":"wp","href":"https:\/\/api.w.org\/{rel}","templated":true}]}}