{"id":9564,"date":"2023-02-22T09:46:47","date_gmt":"2023-02-22T09:46:47","guid":{"rendered":"https:\/\/resato-waterjet.com\/?post_type=product&#038;p=9564"},"modified":"2025-09-26T08:51:04","modified_gmt":"2025-09-26T08:51:04","slug":"systemes-d-elimination-d-abrasifrs3","status":"publish","type":"product","link":"https:\/\/resato-waterjet.com\/fr\/product\/abrasive-removal-systemrs3\/","title":{"rendered":"Syst\u00e8me d'\u00e9limination d'abrasif (RS3)"},"content":{"rendered":"<p>Le m\u00e9lange eau\/abrasif est pomp\u00e9 depuis le receveur dans un unit\u00e9 \u00e0 part, appel\u00e9 grand sac filtre. Le m\u00e9lange est recueilli dans le sac et, apr\u00e8s la s\u00e9paration de l\u2019abrasif, l\u2019eau est pomp\u00e9e de nouveau dans le receveur via un circuit de connexion.<\/p>\n<p>Appuyant sur l\u2019interrupteur d\u2019initiation et le r\u00e9glage des param\u00e8tres du syst\u00e8me RS3 sont faits depuis la console d\u2019op\u00e9rateur. Le grand sac filtre peut \u00eatre facilement retir\u00e9 depuis l\u2019unit\u00e9 de s\u00e9paration.<\/p>\n<p>&nbsp;<\/p>\n<p class=\"translation-block\"><strong>Distance optimale<\/strong><br>\n\nLa distance maximale depuis la table de d\u00e9coupe jusqu\u2019aux points de connexion de l\u2019unit\u00e9 de s\u00e9paration de la RS3 est de 6 m\u00e8tres. Cette distance assure un fonctionnement optimal.<\/p>\n<p>&nbsp;<\/p>\n<p class=\"translation-block\">Pour plus d'informations <a href=\"https:\/\/resato-waterjet.com\/fr\/gestion-dabrasif\/\" target=\"_self\">sur la gestion des abrasifs, visitez la rubrique en cliquant ici<\/a>.<\/p>","protected":false},"excerpt":{"rendered":"<p>Le syst\u00e8me d\u2019\u00e9limination d\u2019abrasif type RS3, contient un filtre uniquement, int\u00e8gre un aspirateur sp\u00e9ciale et un r\u00e9seau de tuyaux \u00e0 pression, fourni avec un nombre de buses d\u2019entr\u00e9e et de sortie, ceux-ci sont construits dans le receveur m\u00eame de la table ACM. La taille du receveur d\u00e9termine le nombre de buses d\u2019entr\u00e9e et de sortie. Pour les receveurs de grande taille les buses d\u2019entr\u00e9e et de sortie seront automatiquement contr\u00f4l\u00e9es par section via des valves pneumatiques.<\/p>\n<p>&nbsp;<\/p>\n<p><strong>Sp\u00e9cifications techniques:<\/strong><\/p>\n<ul>\n<li>Pression d\u2019utilisation 1,5 bar<\/li>\n<li>D\u00e9bit de pompe ~70 L\/min<\/li>\n<li>Capacit\u00e9 de la cuve RS3 500 litres<\/li>\n<li>Consommation d\u2019air 500 Nl\/min<\/li>\n<\/ul>","protected":false},"featured_media":11273,"template":"","meta":{"content-type":""},"product_brand":[],"product_cat":[115],"product_tag":[116],"class_list":{"0":"post-9564","1":"product","2":"type-product","3":"status-publish","4":"has-post-thumbnail","6":"product_cat-abrasive-management","7":"product_tag-abrasive-management","9":"first","10":"instock","11":"shipping-taxable","12":"product-type-external"},"yoast_head":"<!-- This site is optimized with the Yoast SEO plugin v27.3 - https:\/\/yoast.com\/product\/yoast-seo-wordpress\/ -->\n<title>Abrasive Removal System (RS3) - Resato Waterjet<\/title>\n<meta name=\"description\" content=\"The Abrasive Removal system RS2 filters abrasives and pumps water back into the catcher via a connecting circuit. Learn more about it here.\" \/>\n<meta name=\"robots\" content=\"index, follow, max-snippet:-1, max-image-preview:large, max-video-preview:-1\" \/>\n<link rel=\"canonical\" href=\"https:\/\/resato-waterjet.com\/fr\/produit\/systemes-d-elimination-d-abrasifrs3\/\" \/>\n<meta property=\"og:locale\" content=\"fr_FR\" \/>\n<meta property=\"og:type\" content=\"article\" \/>\n<meta property=\"og:title\" content=\"Abrasive Removal System (RS3) - Resato Waterjet\" \/>\n<meta property=\"og:description\" content=\"The Abrasive Removal system RS2 filters abrasives and pumps water back into the catcher via a connecting circuit. Learn more about it here.\" \/>\n<meta property=\"og:url\" content=\"https:\/\/resato-waterjet.com\/fr\/produit\/systemes-d-elimination-d-abrasifrs3\/\" \/>\n<meta property=\"og:site_name\" content=\"Resato Waterjet\" \/>\n<meta property=\"article:modified_time\" content=\"2025-09-26T08:51:04+00:00\" \/>\n<meta property=\"og:image\" content=\"https:\/\/resato-waterjet.com\/wp-content\/uploads\/2023\/02\/RS-3_01-1.jpg\" \/>\n\t<meta property=\"og:image:width\" content=\"1476\" \/>\n\t<meta property=\"og:image:height\" content=\"777\" \/>\n\t<meta property=\"og:image:type\" content=\"image\/jpeg\" \/>\n<meta name=\"twitter:card\" content=\"summary_large_image\" \/>\n<meta name=\"twitter:label1\" content=\"Dur\u00e9e de lecture estim\u00e9e\" \/>\n\t<meta name=\"twitter:data1\" content=\"1 minute\" \/>\n<script type=\"application\/ld+json\" class=\"yoast-schema-graph\">{\"@context\":\"https:\\\/\\\/schema.org\",\"@graph\":[{\"@type\":\"WebPage\",\"@id\":\"https:\\\/\\\/resato-waterjet.com\\\/en\\\/product\\\/abrasive-removal-systemrs3\\\/\",\"url\":\"https:\\\/\\\/resato-waterjet.com\\\/en\\\/product\\\/abrasive-removal-systemrs3\\\/\",\"name\":\"Abrasive Removal System (RS3) - Resato Waterjet\",\"isPartOf\":{\"@id\":\"https:\\\/\\\/resato-waterjet.com\\\/en\\\/#website\"},\"primaryImageOfPage\":{\"@id\":\"https:\\\/\\\/resato-waterjet.com\\\/en\\\/product\\\/abrasive-removal-systemrs3\\\/#primaryimage\"},\"image\":{\"@id\":\"https:\\\/\\\/resato-waterjet.com\\\/en\\\/product\\\/abrasive-removal-systemrs3\\\/#primaryimage\"},\"thumbnailUrl\":\"https:\\\/\\\/resato-waterjet.com\\\/wp-content\\\/uploads\\\/2023\\\/02\\\/RS-3_01-1.jpg\",\"datePublished\":\"2023-02-22T09:46:47+00:00\",\"dateModified\":\"2025-09-26T08:51:04+00:00\",\"description\":\"The Abrasive Removal system RS2 filters abrasives and pumps water back into the catcher via a connecting circuit. Learn more about it here.\",\"breadcrumb\":{\"@id\":\"https:\\\/\\\/resato-waterjet.com\\\/en\\\/product\\\/abrasive-removal-systemrs3\\\/#breadcrumb\"},\"inLanguage\":\"fr-FR\",\"potentialAction\":[{\"@type\":\"ReadAction\",\"target\":[\"https:\\\/\\\/resato-waterjet.com\\\/en\\\/product\\\/abrasive-removal-systemrs3\\\/\"]}]},{\"@type\":\"ImageObject\",\"inLanguage\":\"fr-FR\",\"@id\":\"https:\\\/\\\/resato-waterjet.com\\\/en\\\/product\\\/abrasive-removal-systemrs3\\\/#primaryimage\",\"url\":\"https:\\\/\\\/resato-waterjet.com\\\/wp-content\\\/uploads\\\/2023\\\/02\\\/RS-3_01-1.jpg\",\"contentUrl\":\"https:\\\/\\\/resato-waterjet.com\\\/wp-content\\\/uploads\\\/2023\\\/02\\\/RS-3_01-1.jpg\",\"width\":1476,\"height\":777},{\"@type\":\"BreadcrumbList\",\"@id\":\"https:\\\/\\\/resato-waterjet.com\\\/en\\\/product\\\/abrasive-removal-systemrs3\\\/#breadcrumb\",\"itemListElement\":[{\"@type\":\"ListItem\",\"position\":1,\"name\":\"Home\",\"item\":\"https:\\\/\\\/resato-waterjet.com\\\/fr\\\/\"},{\"@type\":\"ListItem\",\"position\":2,\"name\":\"Machines and Services\",\"item\":\"https:\\\/\\\/resato-waterjet.com\\\/en\\\/machines-and-services\\\/\"},{\"@type\":\"ListItem\",\"position\":3,\"name\":\"Abrasive Removal System (RS3)\"}]},{\"@type\":\"WebSite\",\"@id\":\"https:\\\/\\\/resato-waterjet.com\\\/en\\\/#website\",\"url\":\"https:\\\/\\\/resato-waterjet.com\\\/en\\\/\",\"name\":\"Resato Waterjet\",\"description\":\"Creating Magic with Water\",\"publisher\":{\"@id\":\"https:\\\/\\\/resato-waterjet.com\\\/en\\\/#organization\"},\"alternateName\":\"Resato\",\"potentialAction\":[{\"@type\":\"SearchAction\",\"target\":{\"@type\":\"EntryPoint\",\"urlTemplate\":\"https:\\\/\\\/resato-waterjet.com\\\/en\\\/?s={search_term_string}\"},\"query-input\":{\"@type\":\"PropertyValueSpecification\",\"valueRequired\":true,\"valueName\":\"search_term_string\"}}],\"inLanguage\":\"fr-FR\"},{\"@type\":\"Organization\",\"@id\":\"https:\\\/\\\/resato-waterjet.com\\\/en\\\/#organization\",\"name\":\"Resato Waterjet\",\"alternateName\":\"Resato\",\"url\":\"https:\\\/\\\/resato-waterjet.com\\\/en\\\/\",\"logo\":{\"@type\":\"ImageObject\",\"inLanguage\":\"fr-FR\",\"@id\":\"https:\\\/\\\/resato-waterjet.com\\\/en\\\/#\\\/schema\\\/logo\\\/image\\\/\",\"url\":\"https:\\\/\\\/mlwy9mbbs62x.i.optimole.com\\\/w:auto\\\/h:auto\\\/q:mauto\\\/f:avif\\\/https:\\\/\\\/resato-waterjet.com\\\/wp-content\\\/uploads\\\/2023\\\/03\\\/cropped-Resato-YOutube-Logo.png\",\"contentUrl\":\"https:\\\/\\\/mlwy9mbbs62x.i.optimole.com\\\/w:auto\\\/h:auto\\\/q:mauto\\\/f:avif\\\/https:\\\/\\\/resato-waterjet.com\\\/wp-content\\\/uploads\\\/2023\\\/03\\\/cropped-Resato-YOutube-Logo.png\",\"width\":512,\"height\":512,\"caption\":\"Resato Waterjet\"},\"image\":{\"@id\":\"https:\\\/\\\/resato-waterjet.com\\\/en\\\/#\\\/schema\\\/logo\\\/image\\\/\"},\"sameAs\":[\"https:\\\/\\\/www.linkedin.com\\\/company\\\/resato-waterjet-technology\\\/\"]}]}<\/script>\n<!-- \/ Yoast SEO plugin. -->","yoast_head_json":{"title":"Syst\u00e8me d'\u00e9limination de l'abrasif (RS3) - Resato Waterjet","description":"Le syst\u00e8me d'\u00e9limination d'abrasif RS2 filtre les abrasifs et pompe l'eau dans le r\u00e9cup\u00e9rateur via un circuit de raccordement. Apprenez-en plus ici.","robots":{"index":"index","follow":"follow","max-snippet":"max-snippet:-1","max-image-preview":"max-image-preview:large","max-video-preview":"max-video-preview:-1"},"canonical":"https:\/\/resato-waterjet.com\/fr\/produit\/systemes-d-elimination-d-abrasifrs3\/","og_locale":"fr_FR","og_type":"article","og_title":"Abrasive Removal System (RS3) - Resato Waterjet","og_description":"The Abrasive Removal system RS2 filters abrasives and pumps water back into the catcher via a connecting circuit. Learn more about it here.","og_url":"https:\/\/resato-waterjet.com\/fr\/produit\/systemes-d-elimination-d-abrasifrs3\/","og_site_name":"Resato Waterjet","article_modified_time":"2025-09-26T08:51:04+00:00","og_image":[{"width":1476,"height":777,"url":"https:\/\/resato-waterjet.com\/wp-content\/uploads\/2023\/02\/RS-3_01-1.jpg","type":"image\/jpeg"}],"twitter_card":"summary_large_image","twitter_misc":{"Dur\u00e9e de lecture estim\u00e9e":"1 minute"},"schema":{"@context":"https:\/\/schema.org","@graph":[{"@type":"WebPage","@id":"https:\/\/resato-waterjet.com\/en\/product\/abrasive-removal-systemrs3\/","url":"https:\/\/resato-waterjet.com\/en\/product\/abrasive-removal-systemrs3\/","name":"Syst\u00e8me d'\u00e9limination de l'abrasif (RS3) - Resato Waterjet","isPartOf":{"@id":"https:\/\/resato-waterjet.com\/en\/#website"},"primaryImageOfPage":{"@id":"https:\/\/resato-waterjet.com\/en\/product\/abrasive-removal-systemrs3\/#primaryimage"},"image":{"@id":"https:\/\/resato-waterjet.com\/en\/product\/abrasive-removal-systemrs3\/#primaryimage"},"thumbnailUrl":"https:\/\/resato-waterjet.com\/wp-content\/uploads\/2023\/02\/RS-3_01-1.jpg","datePublished":"2023-02-22T09:46:47+00:00","dateModified":"2025-09-26T08:51:04+00:00","description":"Le syst\u00e8me d'\u00e9limination d'abrasif RS2 filtre les abrasifs et pompe l'eau dans le r\u00e9cup\u00e9rateur via un circuit de raccordement. Apprenez-en plus ici.","breadcrumb":{"@id":"https:\/\/resato-waterjet.com\/en\/product\/abrasive-removal-systemrs3\/#breadcrumb"},"inLanguage":"fr-FR","potentialAction":[{"@type":"ReadAction","target":["https:\/\/resato-waterjet.com\/en\/product\/abrasive-removal-systemrs3\/"]}]},{"@type":"ImageObject","inLanguage":"fr-FR","@id":"https:\/\/resato-waterjet.com\/en\/product\/abrasive-removal-systemrs3\/#primaryimage","url":"https:\/\/resato-waterjet.com\/wp-content\/uploads\/2023\/02\/RS-3_01-1.jpg","contentUrl":"https:\/\/resato-waterjet.com\/wp-content\/uploads\/2023\/02\/RS-3_01-1.jpg","width":1476,"height":777},{"@type":"BreadcrumbList","@id":"https:\/\/resato-waterjet.com\/en\/product\/abrasive-removal-systemrs3\/#breadcrumb","itemListElement":[{"@type":"ListItem","position":1,"name":"Home","item":"https:\/\/resato-waterjet.com\/fr\/"},{"@type":"ListItem","position":2,"name":"Machines and Services","item":"https:\/\/resato-waterjet.com\/en\/machines-and-services\/"},{"@type":"ListItem","position":3,"name":"Abrasive Removal System (RS3)"}]},{"@type":"WebSite","@id":"https:\/\/resato-waterjet.com\/en\/#website","url":"https:\/\/resato-waterjet.com\/en\/","name":"Jet d'eau Resato","description":"Cr\u00e9er de la magie avec l'eau","publisher":{"@id":"https:\/\/resato-waterjet.com\/en\/#organization"},"alternateName":"Resato","potentialAction":[{"@type":"SearchAction","target":{"@type":"EntryPoint","urlTemplate":"https:\/\/resato-waterjet.com\/en\/?s={search_term_string}"},"query-input":{"@type":"PropertyValueSpecification","valueRequired":true,"valueName":"search_term_string"}}],"inLanguage":"fr-FR"},{"@type":"Organization","@id":"https:\/\/resato-waterjet.com\/en\/#organization","name":"Jet d'eau Resato","alternateName":"Resato","url":"https:\/\/resato-waterjet.com\/en\/","logo":{"@type":"ImageObject","inLanguage":"fr-FR","@id":"https:\/\/resato-waterjet.com\/en\/#\/schema\/logo\/image\/","url":"https:\/\/mlwy9mbbs62x.i.optimole.com\/w:auto\/h:auto\/q:mauto\/f:avif\/https:\/\/resato-waterjet.com\/wp-content\/uploads\/2023\/03\/cropped-Resato-YOutube-Logo.png","contentUrl":"https:\/\/mlwy9mbbs62x.i.optimole.com\/w:auto\/h:auto\/q:mauto\/f:avif\/https:\/\/resato-waterjet.com\/wp-content\/uploads\/2023\/03\/cropped-Resato-YOutube-Logo.png","width":512,"height":512,"caption":"Resato Waterjet"},"image":{"@id":"https:\/\/resato-waterjet.com\/en\/#\/schema\/logo\/image\/"},"sameAs":["https:\/\/www.linkedin.com\/company\/resato-waterjet-technology\/"]}]}},"_links":{"self":[{"href":"https:\/\/resato-waterjet.com\/fr\/wp-json\/wp\/v2\/product\/9564","targetHints":{"allow":["GET"]}}],"collection":[{"href":"https:\/\/resato-waterjet.com\/fr\/wp-json\/wp\/v2\/product"}],"about":[{"href":"https:\/\/resato-waterjet.com\/fr\/wp-json\/wp\/v2\/types\/product"}],"version-history":[{"count":2,"href":"https:\/\/resato-waterjet.com\/fr\/wp-json\/wp\/v2\/product\/9564\/revisions"}],"predecessor-version":[{"id":10354,"href":"https:\/\/resato-waterjet.com\/fr\/wp-json\/wp\/v2\/product\/9564\/revisions\/10354"}],"wp:featuredmedia":[{"embeddable":true,"href":"https:\/\/resato-waterjet.com\/fr\/wp-json\/wp\/v2\/media\/11273"}],"wp:attachment":[{"href":"https:\/\/resato-waterjet.com\/fr\/wp-json\/wp\/v2\/media?parent=9564"}],"wp:term":[{"taxonomy":"product_brand","embeddable":true,"href":"https:\/\/resato-waterjet.com\/fr\/wp-json\/wp\/v2\/product_brand?post=9564"},{"taxonomy":"product_cat","embeddable":true,"href":"https:\/\/resato-waterjet.com\/fr\/wp-json\/wp\/v2\/product_cat?post=9564"},{"taxonomy":"product_tag","embeddable":true,"href":"https:\/\/resato-waterjet.com\/fr\/wp-json\/wp\/v2\/product_tag?post=9564"}],"curies":[{"name":"wp","href":"https:\/\/api.w.org\/{rel}","templated":true}]}}