{"id":9131,"date":"2023-01-21T21:12:21","date_gmt":"2023-01-21T21:12:21","guid":{"rendered":"http:\/\/resato-waterjet.com\/?post_type=product&#038;p=9131"},"modified":"2026-01-29T09:28:14","modified_gmt":"2026-01-29T09:28:14","slug":"pj4-4000-options","status":"publish","type":"product","link":"https:\/\/resato-waterjet.com\/fr\/product\/pj4-4000-options\/","title":{"rendered":"Options pour le PJ4-4000"},"content":{"rendered":"<p>Vous trouverez ci-dessous quelques options pour le PJ4-4000 :<\/p>\n<p>&nbsp;<\/p>\n<p><strong>D\u00e9marreur progressif<\/strong><br \/>\nAfin de r\u00e9duire la consommation d'\u00e9nergie au d\u00e9marrage de la pompe de d\u00e9coupe au jet d'eau \u00e0 un maximum de 2,5 x I nominal, un d\u00e9marreur progressif sera int\u00e9gr\u00e9.<\/p>\n<p>&nbsp;<\/p>\n<p><strong>Patin de pompe pour deux pompes<\/strong><br \/>\nLe patin de pompe contr\u00f4le enti\u00e8rement la gestion de l\u2019eau lors de l\u2019utilisation de plusieurs pompes sur une seule ou plusieurs tables de d\u00e9coupe.<\/p>\n<p>&nbsp;<\/p>\n<p><strong>S\u00e9ries CC adoucisseur d\u2019eau<\/strong><br \/>\nLa s\u00e9ries CC adoucisseur d\u2019eau sont con\u00e7us comme un syst\u00e8me duplex et sont fiables, efficaces et \u00e9conomiques. Le syst\u00e8me compact contient des cuves de r\u00e9sine, et fournit une eau adoucie 24 heures par jour. Pour la s\u00e9rie CC standard, la duret\u00e9 moyenne de l\u2019eau d\u2019entr\u00e9e ne peut pas d\u00e9passer 8.5\u00b0dH. Des s\u00e9ries alternatives, permettant \u00e0 la duret\u00e9 de l\u2019eau d\u2019entr\u00e9e de d\u00e9passer ce maximum de 8.5\u00b0dH, sont aussi disponibles.<\/p>\n<ul>\n<li>Pas de raccordement \u00e9lectrique, pas de minuterie compliqu\u00e9e ou d'activation par l'op\u00e9rateur n\u00e9cessaire.<\/li>\n<li>Un syst\u00e8me hautement efficace avec une consommation basse d\u2019eau et de sel.<\/li>\n<li>R\u00e9g\u00e9n\u00e9ration volum\u00e9trique<\/li>\n<\/ul>\n<table style=\"height: 121px;\" width=\"605\">\n<tbody>\n<tr>\n<td width=\"193\">S\u00e9rie CC Adoucisseur d'eau<\/td>\n<td width=\"115\"><\/td>\n<\/tr>\n<tr>\n<td>Volume trait\u00e9 avant la r\u00e9g\u00e9n\u00e9ration requise<\/td>\n<td>275 et 2200 litres<\/td>\n<\/tr>\n<tr>\n<td>Capacit\u00e9 minimale durant r\u00e9g\u00e9n\u00e9ration<\/td>\n<td>11 L\/min<\/td>\n<\/tr>\n<tr>\n<td>Capacit\u00e9 de sel<\/td>\n<td>25 kg<\/td>\n<\/tr>\n<\/tbody>\n<\/table>\n<p>&nbsp;<\/p>","protected":false},"excerpt":{"rendered":"<ul>\n<li>D\u00e9marreur progressif<\/li>\n<li>Patin de pompe pour deux pompes<\/li>\n<li>S\u00e9ries CC adoucisseur d\u2019eau<\/li>\n<li>Le double multiplicateur de pression est une option utile si vous souhaitez poursuivre la production avec un multiplicateur de pression et entretenir l'autre.<\/li>\n<\/ul>","protected":false},"featured_media":9437,"template":"","meta":{"content-type":""},"product_brand":[],"product_cat":[125],"product_tag":[126],"class_list":{"0":"post-9131","1":"product","2":"type-product","3":"status-publish","4":"has-post-thumbnail","6":"product_cat-waterjet-cutting-pumps","7":"product_tag-waterjet-cutting-pumps","9":"first","10":"instock","11":"sold-individually","12":"shipping-taxable","13":"product-type-external"},"yoast_head":"<!-- This site is optimized with the Yoast SEO plugin v27.4 - https:\/\/yoast.com\/product\/yoast-seo-wordpress\/ -->\n<title>Options for the PJ4-4000 - Resato Waterjet<\/title>\n<meta name=\"description\" content=\"Our PJ4-4000 intensifier pump options include softstarters, pump skids, water softeners that can optimize your machining processes.\" \/>\n<meta name=\"robots\" content=\"index, follow, max-snippet:-1, max-image-preview:large, max-video-preview:-1\" \/>\n<link rel=\"canonical\" href=\"https:\/\/resato-waterjet.com\/fr\/produit\/pj4-4000-options\/\" \/>\n<meta property=\"og:locale\" content=\"fr_FR\" \/>\n<meta property=\"og:type\" content=\"article\" \/>\n<meta property=\"og:title\" content=\"Options for the PJ4-4000 - Resato Waterjet\" \/>\n<meta property=\"og:description\" content=\"Our PJ4-4000 intensifier pump options include softstarters, pump skids, water softeners that can optimize your machining processes.\" \/>\n<meta property=\"og:url\" content=\"https:\/\/resato-waterjet.com\/fr\/produit\/pj4-4000-options\/\" \/>\n<meta property=\"og:site_name\" content=\"Resato Waterjet\" \/>\n<meta property=\"article:modified_time\" content=\"2026-01-29T09:28:14+00:00\" \/>\n<meta property=\"og:image\" content=\"https:\/\/resato-waterjet.com\/wp-content\/uploads\/2023\/01\/Different-options-for-the-high-pressure-pump.webp\" \/>\n\t<meta property=\"og:image:width\" content=\"760\" \/>\n\t<meta property=\"og:image:height\" content=\"400\" \/>\n\t<meta property=\"og:image:type\" content=\"image\/webp\" \/>\n<meta name=\"twitter:card\" content=\"summary_large_image\" \/>\n<meta name=\"twitter:label1\" content=\"Dur\u00e9e de lecture estim\u00e9e\" \/>\n\t<meta name=\"twitter:data1\" content=\"1 minute\" \/>\n<script type=\"application\/ld+json\" class=\"yoast-schema-graph\">{\"@context\":\"https:\\\/\\\/schema.org\",\"@graph\":[{\"@type\":\"WebPage\",\"@id\":\"https:\\\/\\\/resato-waterjet.com\\\/product\\\/pj4-4000-options\\\/\",\"url\":\"https:\\\/\\\/resato-waterjet.com\\\/product\\\/pj4-4000-options\\\/\",\"name\":\"Options for the PJ4-4000 - Resato Waterjet\",\"isPartOf\":{\"@id\":\"https:\\\/\\\/resato-waterjet.com\\\/en\\\/#website\"},\"primaryImageOfPage\":{\"@id\":\"https:\\\/\\\/resato-waterjet.com\\\/product\\\/pj4-4000-options\\\/#primaryimage\"},\"image\":{\"@id\":\"https:\\\/\\\/resato-waterjet.com\\\/product\\\/pj4-4000-options\\\/#primaryimage\"},\"thumbnailUrl\":\"https:\\\/\\\/resato-waterjet.com\\\/wp-content\\\/uploads\\\/2023\\\/01\\\/Different-options-for-the-high-pressure-pump.webp\",\"datePublished\":\"2023-01-21T21:12:21+00:00\",\"dateModified\":\"2026-01-29T09:28:14+00:00\",\"description\":\"Our PJ4-4000 intensifier pump options include softstarters, pump skids, water softeners that can optimize your machining processes.\",\"breadcrumb\":{\"@id\":\"https:\\\/\\\/resato-waterjet.com\\\/product\\\/pj4-4000-options\\\/#breadcrumb\"},\"inLanguage\":\"fr-FR\",\"potentialAction\":[{\"@type\":\"ReadAction\",\"target\":[\"https:\\\/\\\/resato-waterjet.com\\\/product\\\/pj4-4000-options\\\/\"]}]},{\"@type\":\"ImageObject\",\"inLanguage\":\"fr-FR\",\"@id\":\"https:\\\/\\\/resato-waterjet.com\\\/product\\\/pj4-4000-options\\\/#primaryimage\",\"url\":\"https:\\\/\\\/resato-waterjet.com\\\/wp-content\\\/uploads\\\/2023\\\/01\\\/Different-options-for-the-high-pressure-pump.webp\",\"contentUrl\":\"https:\\\/\\\/resato-waterjet.com\\\/wp-content\\\/uploads\\\/2023\\\/01\\\/Different-options-for-the-high-pressure-pump.webp\",\"width\":760,\"height\":400,\"caption\":\"Waterjet Pump PJ4-4000\"},{\"@type\":\"BreadcrumbList\",\"@id\":\"https:\\\/\\\/resato-waterjet.com\\\/product\\\/pj4-4000-options\\\/#breadcrumb\",\"itemListElement\":[{\"@type\":\"ListItem\",\"position\":1,\"name\":\"Home\",\"item\":\"https:\\\/\\\/resato-waterjet.com\\\/fr\\\/\"},{\"@type\":\"ListItem\",\"position\":2,\"name\":\"Machines and Services\",\"item\":\"https:\\\/\\\/resato-waterjet.com\\\/en\\\/machines-and-services\\\/\"},{\"@type\":\"ListItem\",\"position\":3,\"name\":\"Options for the PJ4-4000\"}]},{\"@type\":\"WebSite\",\"@id\":\"https:\\\/\\\/resato-waterjet.com\\\/en\\\/#website\",\"url\":\"https:\\\/\\\/resato-waterjet.com\\\/en\\\/\",\"name\":\"Resato Waterjet\",\"description\":\"Creating Magic with Water\",\"publisher\":{\"@id\":\"https:\\\/\\\/resato-waterjet.com\\\/en\\\/#organization\"},\"alternateName\":\"Resato\",\"potentialAction\":[{\"@type\":\"SearchAction\",\"target\":{\"@type\":\"EntryPoint\",\"urlTemplate\":\"https:\\\/\\\/resato-waterjet.com\\\/en\\\/?s={search_term_string}\"},\"query-input\":{\"@type\":\"PropertyValueSpecification\",\"valueRequired\":true,\"valueName\":\"search_term_string\"}}],\"inLanguage\":\"fr-FR\"},{\"@type\":\"Organization\",\"@id\":\"https:\\\/\\\/resato-waterjet.com\\\/en\\\/#organization\",\"name\":\"Resato Waterjet\",\"alternateName\":\"Resato\",\"url\":\"https:\\\/\\\/resato-waterjet.com\\\/en\\\/\",\"logo\":{\"@type\":\"ImageObject\",\"inLanguage\":\"fr-FR\",\"@id\":\"https:\\\/\\\/resato-waterjet.com\\\/en\\\/#\\\/schema\\\/logo\\\/image\\\/\",\"url\":\"https:\\\/\\\/mlwy9mbbs62x.i.optimole.com\\\/w:auto\\\/h:auto\\\/q:mauto\\\/f:avif\\\/https:\\\/\\\/resato-waterjet.com\\\/wp-content\\\/uploads\\\/2023\\\/03\\\/cropped-Resato-YOutube-Logo.png\",\"contentUrl\":\"https:\\\/\\\/mlwy9mbbs62x.i.optimole.com\\\/w:auto\\\/h:auto\\\/q:mauto\\\/f:avif\\\/https:\\\/\\\/resato-waterjet.com\\\/wp-content\\\/uploads\\\/2023\\\/03\\\/cropped-Resato-YOutube-Logo.png\",\"width\":512,\"height\":512,\"caption\":\"Resato Waterjet\"},\"image\":{\"@id\":\"https:\\\/\\\/resato-waterjet.com\\\/en\\\/#\\\/schema\\\/logo\\\/image\\\/\"},\"sameAs\":[\"https:\\\/\\\/www.linkedin.com\\\/company\\\/resato-waterjet-technology\\\/\"]}]}<\/script>\n<!-- \/ Yoast SEO plugin. -->","yoast_head_json":{"title":"Options pour la PJ4-4000 - Resato Waterjet","description":"Nos options de pompes multiplicatrices PJ4-4000 comprennent des d\u00e9marreurs progressifs, des skids de pompe et des adoucisseurs d'eau qui peuvent optimiser vos processus d'usinage.","robots":{"index":"index","follow":"follow","max-snippet":"max-snippet:-1","max-image-preview":"max-image-preview:large","max-video-preview":"max-video-preview:-1"},"canonical":"https:\/\/resato-waterjet.com\/fr\/produit\/pj4-4000-options\/","og_locale":"fr_FR","og_type":"article","og_title":"Options for the PJ4-4000 - Resato Waterjet","og_description":"Our PJ4-4000 intensifier pump options include softstarters, pump skids, water softeners that can optimize your machining processes.","og_url":"https:\/\/resato-waterjet.com\/fr\/produit\/pj4-4000-options\/","og_site_name":"Resato Waterjet","article_modified_time":"2026-01-29T09:28:14+00:00","og_image":[{"width":760,"height":400,"url":"https:\/\/resato-waterjet.com\/wp-content\/uploads\/2023\/01\/Different-options-for-the-high-pressure-pump.webp","type":"image\/webp"}],"twitter_card":"summary_large_image","twitter_misc":{"Dur\u00e9e de lecture estim\u00e9e":"1 minute"},"schema":{"@context":"https:\/\/schema.org","@graph":[{"@type":"WebPage","@id":"https:\/\/resato-waterjet.com\/product\/pj4-4000-options\/","url":"https:\/\/resato-waterjet.com\/product\/pj4-4000-options\/","name":"Options pour la PJ4-4000 - Resato Waterjet","isPartOf":{"@id":"https:\/\/resato-waterjet.com\/en\/#website"},"primaryImageOfPage":{"@id":"https:\/\/resato-waterjet.com\/product\/pj4-4000-options\/#primaryimage"},"image":{"@id":"https:\/\/resato-waterjet.com\/product\/pj4-4000-options\/#primaryimage"},"thumbnailUrl":"https:\/\/resato-waterjet.com\/wp-content\/uploads\/2023\/01\/Different-options-for-the-high-pressure-pump.webp","datePublished":"2023-01-21T21:12:21+00:00","dateModified":"2026-01-29T09:28:14+00:00","description":"Nos options de pompes multiplicatrices PJ4-4000 comprennent des d\u00e9marreurs progressifs, des skids de pompe et des adoucisseurs d'eau qui peuvent optimiser vos processus d'usinage.","breadcrumb":{"@id":"https:\/\/resato-waterjet.com\/product\/pj4-4000-options\/#breadcrumb"},"inLanguage":"fr-FR","potentialAction":[{"@type":"ReadAction","target":["https:\/\/resato-waterjet.com\/product\/pj4-4000-options\/"]}]},{"@type":"ImageObject","inLanguage":"fr-FR","@id":"https:\/\/resato-waterjet.com\/product\/pj4-4000-options\/#primaryimage","url":"https:\/\/resato-waterjet.com\/wp-content\/uploads\/2023\/01\/Different-options-for-the-high-pressure-pump.webp","contentUrl":"https:\/\/resato-waterjet.com\/wp-content\/uploads\/2023\/01\/Different-options-for-the-high-pressure-pump.webp","width":760,"height":400,"caption":"Waterjet Pump PJ4-4000"},{"@type":"BreadcrumbList","@id":"https:\/\/resato-waterjet.com\/product\/pj4-4000-options\/#breadcrumb","itemListElement":[{"@type":"ListItem","position":1,"name":"Home","item":"https:\/\/resato-waterjet.com\/fr\/"},{"@type":"ListItem","position":2,"name":"Machines and Services","item":"https:\/\/resato-waterjet.com\/en\/machines-and-services\/"},{"@type":"ListItem","position":3,"name":"Options for the PJ4-4000"}]},{"@type":"WebSite","@id":"https:\/\/resato-waterjet.com\/en\/#website","url":"https:\/\/resato-waterjet.com\/en\/","name":"Jet d'eau Resato","description":"Cr\u00e9er de la magie avec l'eau","publisher":{"@id":"https:\/\/resato-waterjet.com\/en\/#organization"},"alternateName":"Resato","potentialAction":[{"@type":"SearchAction","target":{"@type":"EntryPoint","urlTemplate":"https:\/\/resato-waterjet.com\/en\/?s={search_term_string}"},"query-input":{"@type":"PropertyValueSpecification","valueRequired":true,"valueName":"search_term_string"}}],"inLanguage":"fr-FR"},{"@type":"Organization","@id":"https:\/\/resato-waterjet.com\/en\/#organization","name":"Jet d'eau Resato","alternateName":"Resato","url":"https:\/\/resato-waterjet.com\/en\/","logo":{"@type":"ImageObject","inLanguage":"fr-FR","@id":"https:\/\/resato-waterjet.com\/en\/#\/schema\/logo\/image\/","url":"https:\/\/mlwy9mbbs62x.i.optimole.com\/w:auto\/h:auto\/q:mauto\/f:avif\/https:\/\/resato-waterjet.com\/wp-content\/uploads\/2023\/03\/cropped-Resato-YOutube-Logo.png","contentUrl":"https:\/\/mlwy9mbbs62x.i.optimole.com\/w:auto\/h:auto\/q:mauto\/f:avif\/https:\/\/resato-waterjet.com\/wp-content\/uploads\/2023\/03\/cropped-Resato-YOutube-Logo.png","width":512,"height":512,"caption":"Resato Waterjet"},"image":{"@id":"https:\/\/resato-waterjet.com\/en\/#\/schema\/logo\/image\/"},"sameAs":["https:\/\/www.linkedin.com\/company\/resato-waterjet-technology\/"]}]}},"_links":{"self":[{"href":"https:\/\/resato-waterjet.com\/fr\/wp-json\/wp\/v2\/product\/9131","targetHints":{"allow":["GET"]}}],"collection":[{"href":"https:\/\/resato-waterjet.com\/fr\/wp-json\/wp\/v2\/product"}],"about":[{"href":"https:\/\/resato-waterjet.com\/fr\/wp-json\/wp\/v2\/types\/product"}],"version-history":[{"count":4,"href":"https:\/\/resato-waterjet.com\/fr\/wp-json\/wp\/v2\/product\/9131\/revisions"}],"predecessor-version":[{"id":11589,"href":"https:\/\/resato-waterjet.com\/fr\/wp-json\/wp\/v2\/product\/9131\/revisions\/11589"}],"wp:featuredmedia":[{"embeddable":true,"href":"https:\/\/resato-waterjet.com\/fr\/wp-json\/wp\/v2\/media\/9437"}],"wp:attachment":[{"href":"https:\/\/resato-waterjet.com\/fr\/wp-json\/wp\/v2\/media?parent=9131"}],"wp:term":[{"taxonomy":"product_brand","embeddable":true,"href":"https:\/\/resato-waterjet.com\/fr\/wp-json\/wp\/v2\/product_brand?post=9131"},{"taxonomy":"product_cat","embeddable":true,"href":"https:\/\/resato-waterjet.com\/fr\/wp-json\/wp\/v2\/product_cat?post=9131"},{"taxonomy":"product_tag","embeddable":true,"href":"https:\/\/resato-waterjet.com\/fr\/wp-json\/wp\/v2\/product_tag?post=9131"}],"curies":[{"name":"wp","href":"https:\/\/api.w.org\/{rel}","templated":true}]}}