{"id":9122,"date":"2023-01-21T21:01:13","date_gmt":"2023-01-21T21:01:13","guid":{"rendered":"https:\/\/resato-waterjet.com\/?post_type=product&#038;p=9122"},"modified":"2025-09-26T11:58:10","modified_gmt":"2025-09-26T11:58:10","slug":"pj4-4000","status":"publish","type":"product","link":"https:\/\/resato-waterjet.com\/fr\/product\/pj4-4000\/","title":{"rendered":"PJ4-4000"},"content":{"rendered":"<p>La pompe haute pression PJ4-4000 fonctionne selon le principe de l'amplificateur de pression, celui-ci (intensifier) \u00e9tant aliment\u00e9 par une pompe \u00e9lectrohydraulique. Le multiplicateur convertit la pression de l'huile en pression d'eau r\u00e9glable de 300 \u00e0 4 000 bars.<\/p>\n<p>&nbsp;<\/p>\n<p class=\"translation-block\"><a href=\"https:\/\/fr.wikipedia.org\/wiki\/Pompe_\u00e0_pistons_axiaux\" target=\"_self\">Une pompe hydraulique \u00e0 pistons axiaux <\/a> \u00e0 pression compens\u00e9e est entra\u00een\u00e9e par un moteur \u00e9lectrique de 30kW, avec une pression d'huile maximale de 200 bars.  La pompe hydraulique \u00e0 un contr\u00f4le de pression \u00e9lectronique et une valve de s\u00e9curit\u00e9 qui d\u00e9charge la pression du syst\u00e8me lorsque la pompe s\u2019\u00e9teint.<\/p>\n<p>&nbsp;<\/p>\n<p><strong>Accumulateur<\/strong><br \/>\nPour minimiser les impulsions de pression dans le syst\u00e8me caus\u00e9es par la commutation de l'amplificateur et l'ouverture et la fermeture de la t\u00eate de coupe, le syst\u00e8me comprend un accumulateur int\u00e9gr\u00e9 de 2,5 litres. L'accumulateur a fait ses preuves en r\u00e9duisant consid\u00e9rablement l'usure des tubes et des raccords \u00e0 haute pression.<\/p>\n<p>&nbsp;<\/p>\n<p><strong>Sp\u00e9cifications techniques<\/strong><\/p>\n<table style=\"height: 124px;\" width=\"453\">\n<tbody>\n<tr>\n<td width=\"193\">PJ4-4000<\/td>\n<td width=\"115\"><\/td>\n<\/tr>\n<tr>\n<td>Capacit\u00e9 maximale<\/td>\n<td>3,8 L\/min<\/td>\n<\/tr>\n<tr>\n<td>Pression maximale<\/td>\n<td>4000 bar<\/td>\n<\/tr>\n<tr>\n<td>Puissance maximale<\/td>\n<td>30 kW<\/td>\n<\/tr>\n<tr>\n<td>Nombre de surpresseurs<\/td>\n<td>1<\/td>\n<\/tr>\n<\/tbody>\n<\/table>\n<p>&nbsp;<\/p>\n<p class=\"translation-block\">La pompe \u00e0 jet d'eau peut \u00eatre compl\u00e9t\u00e9e par <a href=\"https:\/\/resato-waterjet.com\/fr\/produit\/pj4-4000-options\/\" target=\"_self\"> diff\u00e9rentes options <\/a> et fonctions pour optimiser encore plus vos performances de d\u00e9coupe au jet d'eau.<\/p>","protected":false},"excerpt":{"rendered":"<p class=\"translation-block\">Excellente qualit\u00e9 de coupe gr\u00e2ce \u00e0 des variations de pression minimales d\u00fb \u00e0 l'optimisation du volume de course, \u00e0 un accumulateur haute pression et \u00e0 la commutation \u00e9lectronique de l'amplificateur de pression.<\/p>\n<p>La conception et l\u2019hauteur donnent un acc\u00e8s facile \u00e0 tous les composants.<\/p>\n<p>Facile d'op\u00e9ration avec l'\u00e9cran tactile<\/p>\n<p>Niveau sonore faible: &lt;72 DB.<\/p>","protected":false},"featured_media":11255,"template":"","meta":{"content-type":""},"product_brand":[],"product_cat":[125],"product_tag":[126],"class_list":{"0":"post-9122","1":"product","2":"type-product","3":"status-publish","4":"has-post-thumbnail","6":"product_cat-waterjet-cutting-pumps","7":"product_tag-waterjet-cutting-pumps","9":"first","10":"instock","11":"shipping-taxable","12":"product-type-external"},"yoast_head":"<!-- This site is optimized with the Yoast SEO plugin v27.4 - https:\/\/yoast.com\/product\/yoast-seo-wordpress\/ -->\n<title>PJ4-4000 - Resato Waterjet<\/title>\n<meta name=\"description\" content=\"The PJ4-4000 intensifier pump generates a high and steady water pressure from 300 to 4000 bar with a relatively low oil pressure.\" \/>\n<meta name=\"robots\" content=\"index, follow, max-snippet:-1, max-image-preview:large, max-video-preview:-1\" \/>\n<link rel=\"canonical\" href=\"https:\/\/resato-waterjet.com\/fr\/produit\/pj4-4000\/\" \/>\n<meta property=\"og:locale\" content=\"fr_FR\" \/>\n<meta property=\"og:type\" content=\"article\" \/>\n<meta property=\"og:title\" content=\"PJ4-4000 - Resato Waterjet\" \/>\n<meta property=\"og:description\" content=\"The PJ4-4000 intensifier pump generates a high and steady water pressure from 300 to 4000 bar with a relatively low oil pressure.\" \/>\n<meta property=\"og:url\" content=\"https:\/\/resato-waterjet.com\/fr\/produit\/pj4-4000\/\" \/>\n<meta property=\"og:site_name\" content=\"Resato Waterjet\" \/>\n<meta property=\"article:modified_time\" content=\"2025-09-26T11:58:10+00:00\" \/>\n<meta property=\"og:image\" content=\"https:\/\/resato-waterjet.com\/wp-content\/uploads\/2025\/09\/PJ-4_lichtgrijs-frontpaneel_symm_coverzijpaneel-zonder-ruitlogo_hoog_02-e1758887879698.jpg\" \/>\n\t<meta property=\"og:image:width\" content=\"1585\" \/>\n\t<meta property=\"og:image:height\" content=\"834\" \/>\n\t<meta property=\"og:image:type\" content=\"image\/jpeg\" \/>\n<meta name=\"twitter:card\" content=\"summary_large_image\" \/>\n<meta name=\"twitter:label1\" content=\"Dur\u00e9e de lecture estim\u00e9e\" \/>\n\t<meta name=\"twitter:data1\" content=\"1 minute\" \/>\n<script type=\"application\/ld+json\" class=\"yoast-schema-graph\">{\"@context\":\"https:\\\/\\\/schema.org\",\"@graph\":[{\"@type\":\"WebPage\",\"@id\":\"https:\\\/\\\/resato-waterjet.com\\\/en\\\/product\\\/pj4-4000\\\/\",\"url\":\"https:\\\/\\\/resato-waterjet.com\\\/en\\\/product\\\/pj4-4000\\\/\",\"name\":\"PJ4-4000 - Resato Waterjet\",\"isPartOf\":{\"@id\":\"https:\\\/\\\/resato-waterjet.com\\\/en\\\/#website\"},\"primaryImageOfPage\":{\"@id\":\"https:\\\/\\\/resato-waterjet.com\\\/en\\\/product\\\/pj4-4000\\\/#primaryimage\"},\"image\":{\"@id\":\"https:\\\/\\\/resato-waterjet.com\\\/en\\\/product\\\/pj4-4000\\\/#primaryimage\"},\"thumbnailUrl\":\"https:\\\/\\\/resato-waterjet.com\\\/wp-content\\\/uploads\\\/2025\\\/09\\\/PJ-4_lichtgrijs-frontpaneel_symm_coverzijpaneel-zonder-ruitlogo_hoog_02-e1758887879698.jpg\",\"datePublished\":\"2023-01-21T21:01:13+00:00\",\"dateModified\":\"2025-09-26T11:58:10+00:00\",\"description\":\"The PJ4-4000 intensifier pump generates a high and steady water pressure from 300 to 4000 bar with a relatively low oil pressure.\",\"breadcrumb\":{\"@id\":\"https:\\\/\\\/resato-waterjet.com\\\/en\\\/product\\\/pj4-4000\\\/#breadcrumb\"},\"inLanguage\":\"fr-FR\",\"potentialAction\":[{\"@type\":\"ReadAction\",\"target\":[\"https:\\\/\\\/resato-waterjet.com\\\/en\\\/product\\\/pj4-4000\\\/\"]}]},{\"@type\":\"ImageObject\",\"inLanguage\":\"fr-FR\",\"@id\":\"https:\\\/\\\/resato-waterjet.com\\\/en\\\/product\\\/pj4-4000\\\/#primaryimage\",\"url\":\"https:\\\/\\\/resato-waterjet.com\\\/wp-content\\\/uploads\\\/2025\\\/09\\\/PJ-4_lichtgrijs-frontpaneel_symm_coverzijpaneel-zonder-ruitlogo_hoog_02-e1758887879698.jpg\",\"contentUrl\":\"https:\\\/\\\/resato-waterjet.com\\\/wp-content\\\/uploads\\\/2025\\\/09\\\/PJ-4_lichtgrijs-frontpaneel_symm_coverzijpaneel-zonder-ruitlogo_hoog_02-e1758887879698.jpg\",\"width\":1585,\"height\":834,\"caption\":\"PJ2-4000\"},{\"@type\":\"BreadcrumbList\",\"@id\":\"https:\\\/\\\/resato-waterjet.com\\\/en\\\/product\\\/pj4-4000\\\/#breadcrumb\",\"itemListElement\":[{\"@type\":\"ListItem\",\"position\":1,\"name\":\"Home\",\"item\":\"https:\\\/\\\/resato-waterjet.com\\\/fr\\\/\"},{\"@type\":\"ListItem\",\"position\":2,\"name\":\"Machines and Services\",\"item\":\"https:\\\/\\\/resato-waterjet.com\\\/en\\\/machines-and-services\\\/\"},{\"@type\":\"ListItem\",\"position\":3,\"name\":\"PJ4-4000\"}]},{\"@type\":\"WebSite\",\"@id\":\"https:\\\/\\\/resato-waterjet.com\\\/en\\\/#website\",\"url\":\"https:\\\/\\\/resato-waterjet.com\\\/en\\\/\",\"name\":\"Resato Waterjet\",\"description\":\"Creating Magic with Water\",\"publisher\":{\"@id\":\"https:\\\/\\\/resato-waterjet.com\\\/en\\\/#organization\"},\"alternateName\":\"Resato\",\"potentialAction\":[{\"@type\":\"SearchAction\",\"target\":{\"@type\":\"EntryPoint\",\"urlTemplate\":\"https:\\\/\\\/resato-waterjet.com\\\/en\\\/?s={search_term_string}\"},\"query-input\":{\"@type\":\"PropertyValueSpecification\",\"valueRequired\":true,\"valueName\":\"search_term_string\"}}],\"inLanguage\":\"fr-FR\"},{\"@type\":\"Organization\",\"@id\":\"https:\\\/\\\/resato-waterjet.com\\\/en\\\/#organization\",\"name\":\"Resato Waterjet\",\"alternateName\":\"Resato\",\"url\":\"https:\\\/\\\/resato-waterjet.com\\\/en\\\/\",\"logo\":{\"@type\":\"ImageObject\",\"inLanguage\":\"fr-FR\",\"@id\":\"https:\\\/\\\/resato-waterjet.com\\\/en\\\/#\\\/schema\\\/logo\\\/image\\\/\",\"url\":\"https:\\\/\\\/mlwy9mbbs62x.i.optimole.com\\\/w:auto\\\/h:auto\\\/q:mauto\\\/f:avif\\\/https:\\\/\\\/resato-waterjet.com\\\/wp-content\\\/uploads\\\/2023\\\/03\\\/cropped-Resato-YOutube-Logo.png\",\"contentUrl\":\"https:\\\/\\\/mlwy9mbbs62x.i.optimole.com\\\/w:auto\\\/h:auto\\\/q:mauto\\\/f:avif\\\/https:\\\/\\\/resato-waterjet.com\\\/wp-content\\\/uploads\\\/2023\\\/03\\\/cropped-Resato-YOutube-Logo.png\",\"width\":512,\"height\":512,\"caption\":\"Resato Waterjet\"},\"image\":{\"@id\":\"https:\\\/\\\/resato-waterjet.com\\\/en\\\/#\\\/schema\\\/logo\\\/image\\\/\"},\"sameAs\":[\"https:\\\/\\\/www.linkedin.com\\\/company\\\/resato-waterjet-technology\\\/\"]}]}<\/script>\n<!-- \/ Yoast SEO plugin. -->","yoast_head_json":{"title":"PJ4-4000 - Jet d'eau Resato","description":"La pompe multiplicatrice PJ4-4000 g\u00e9n\u00e8re une pression d'eau \u00e9lev\u00e9e et constante de 300 \u00e0 4000 bar avec une pression d'huile relativement faible.","robots":{"index":"index","follow":"follow","max-snippet":"max-snippet:-1","max-image-preview":"max-image-preview:large","max-video-preview":"max-video-preview:-1"},"canonical":"https:\/\/resato-waterjet.com\/fr\/produit\/pj4-4000\/","og_locale":"fr_FR","og_type":"article","og_title":"PJ4-4000 - Resato Waterjet","og_description":"The PJ4-4000 intensifier pump generates a high and steady water pressure from 300 to 4000 bar with a relatively low oil pressure.","og_url":"https:\/\/resato-waterjet.com\/fr\/produit\/pj4-4000\/","og_site_name":"Resato Waterjet","article_modified_time":"2025-09-26T11:58:10+00:00","og_image":[{"width":1585,"height":834,"url":"https:\/\/resato-waterjet.com\/wp-content\/uploads\/2025\/09\/PJ-4_lichtgrijs-frontpaneel_symm_coverzijpaneel-zonder-ruitlogo_hoog_02-e1758887879698.jpg","type":"image\/jpeg"}],"twitter_card":"summary_large_image","twitter_misc":{"Dur\u00e9e de lecture estim\u00e9e":"1 minute"},"schema":{"@context":"https:\/\/schema.org","@graph":[{"@type":"WebPage","@id":"https:\/\/resato-waterjet.com\/en\/product\/pj4-4000\/","url":"https:\/\/resato-waterjet.com\/en\/product\/pj4-4000\/","name":"PJ4-4000 - Jet d'eau Resato","isPartOf":{"@id":"https:\/\/resato-waterjet.com\/en\/#website"},"primaryImageOfPage":{"@id":"https:\/\/resato-waterjet.com\/en\/product\/pj4-4000\/#primaryimage"},"image":{"@id":"https:\/\/resato-waterjet.com\/en\/product\/pj4-4000\/#primaryimage"},"thumbnailUrl":"https:\/\/resato-waterjet.com\/wp-content\/uploads\/2025\/09\/PJ-4_lichtgrijs-frontpaneel_symm_coverzijpaneel-zonder-ruitlogo_hoog_02-e1758887879698.jpg","datePublished":"2023-01-21T21:01:13+00:00","dateModified":"2025-09-26T11:58:10+00:00","description":"La pompe multiplicatrice PJ4-4000 g\u00e9n\u00e8re une pression d'eau \u00e9lev\u00e9e et constante de 300 \u00e0 4000 bar avec une pression d'huile relativement faible.","breadcrumb":{"@id":"https:\/\/resato-waterjet.com\/en\/product\/pj4-4000\/#breadcrumb"},"inLanguage":"fr-FR","potentialAction":[{"@type":"ReadAction","target":["https:\/\/resato-waterjet.com\/en\/product\/pj4-4000\/"]}]},{"@type":"ImageObject","inLanguage":"fr-FR","@id":"https:\/\/resato-waterjet.com\/en\/product\/pj4-4000\/#primaryimage","url":"https:\/\/resato-waterjet.com\/wp-content\/uploads\/2025\/09\/PJ-4_lichtgrijs-frontpaneel_symm_coverzijpaneel-zonder-ruitlogo_hoog_02-e1758887879698.jpg","contentUrl":"https:\/\/resato-waterjet.com\/wp-content\/uploads\/2025\/09\/PJ-4_lichtgrijs-frontpaneel_symm_coverzijpaneel-zonder-ruitlogo_hoog_02-e1758887879698.jpg","width":1585,"height":834,"caption":"PJ2-4000"},{"@type":"BreadcrumbList","@id":"https:\/\/resato-waterjet.com\/en\/product\/pj4-4000\/#breadcrumb","itemListElement":[{"@type":"ListItem","position":1,"name":"Home","item":"https:\/\/resato-waterjet.com\/fr\/"},{"@type":"ListItem","position":2,"name":"Machines and Services","item":"https:\/\/resato-waterjet.com\/en\/machines-and-services\/"},{"@type":"ListItem","position":3,"name":"PJ4-4000"}]},{"@type":"WebSite","@id":"https:\/\/resato-waterjet.com\/en\/#website","url":"https:\/\/resato-waterjet.com\/en\/","name":"Jet d'eau Resato","description":"Cr\u00e9er de la magie avec l'eau","publisher":{"@id":"https:\/\/resato-waterjet.com\/en\/#organization"},"alternateName":"Resato","potentialAction":[{"@type":"SearchAction","target":{"@type":"EntryPoint","urlTemplate":"https:\/\/resato-waterjet.com\/en\/?s={search_term_string}"},"query-input":{"@type":"PropertyValueSpecification","valueRequired":true,"valueName":"search_term_string"}}],"inLanguage":"fr-FR"},{"@type":"Organization","@id":"https:\/\/resato-waterjet.com\/en\/#organization","name":"Jet d'eau Resato","alternateName":"Resato","url":"https:\/\/resato-waterjet.com\/en\/","logo":{"@type":"ImageObject","inLanguage":"fr-FR","@id":"https:\/\/resato-waterjet.com\/en\/#\/schema\/logo\/image\/","url":"https:\/\/mlwy9mbbs62x.i.optimole.com\/w:auto\/h:auto\/q:mauto\/f:avif\/https:\/\/resato-waterjet.com\/wp-content\/uploads\/2023\/03\/cropped-Resato-YOutube-Logo.png","contentUrl":"https:\/\/mlwy9mbbs62x.i.optimole.com\/w:auto\/h:auto\/q:mauto\/f:avif\/https:\/\/resato-waterjet.com\/wp-content\/uploads\/2023\/03\/cropped-Resato-YOutube-Logo.png","width":512,"height":512,"caption":"Resato Waterjet"},"image":{"@id":"https:\/\/resato-waterjet.com\/en\/#\/schema\/logo\/image\/"},"sameAs":["https:\/\/www.linkedin.com\/company\/resato-waterjet-technology\/"]}]}},"_links":{"self":[{"href":"https:\/\/resato-waterjet.com\/fr\/wp-json\/wp\/v2\/product\/9122","targetHints":{"allow":["GET"]}}],"collection":[{"href":"https:\/\/resato-waterjet.com\/fr\/wp-json\/wp\/v2\/product"}],"about":[{"href":"https:\/\/resato-waterjet.com\/fr\/wp-json\/wp\/v2\/types\/product"}],"version-history":[{"count":3,"href":"https:\/\/resato-waterjet.com\/fr\/wp-json\/wp\/v2\/product\/9122\/revisions"}],"predecessor-version":[{"id":9123,"href":"https:\/\/resato-waterjet.com\/fr\/wp-json\/wp\/v2\/product\/9122\/revisions\/9123"}],"wp:featuredmedia":[{"embeddable":true,"href":"https:\/\/resato-waterjet.com\/fr\/wp-json\/wp\/v2\/media\/11255"}],"wp:attachment":[{"href":"https:\/\/resato-waterjet.com\/fr\/wp-json\/wp\/v2\/media?parent=9122"}],"wp:term":[{"taxonomy":"product_brand","embeddable":true,"href":"https:\/\/resato-waterjet.com\/fr\/wp-json\/wp\/v2\/product_brand?post=9122"},{"taxonomy":"product_cat","embeddable":true,"href":"https:\/\/resato-waterjet.com\/fr\/wp-json\/wp\/v2\/product_cat?post=9122"},{"taxonomy":"product_tag","embeddable":true,"href":"https:\/\/resato-waterjet.com\/fr\/wp-json\/wp\/v2\/product_tag?post=9122"}],"curies":[{"name":"wp","href":"https:\/\/api.w.org\/{rel}","templated":true}]}}