{"id":9111,"date":"2023-01-21T20:31:27","date_gmt":"2023-01-21T20:31:27","guid":{"rendered":"https:\/\/resato-waterjet.com\/?post_type=product&#038;p=9111"},"modified":"2024-01-22T11:53:31","modified_gmt":"2024-01-22T11:53:31","slug":"acm-3d-coupe","status":"publish","type":"product","link":"https:\/\/resato-waterjet.com\/fr\/product\/acm-3d-cutting\/","title":{"rendered":"D\u00e9coupe 3D ACM"},"content":{"rendered":"","protected":false},"excerpt":{"rendered":"<p>L'application de d\u00e9coupe au jet d'eau ACM 3D vous offre la possibilit\u00e9 d'obtenir des r\u00e9sultats de d\u00e9coupe avec des mouvements qui ne se limitent pas \u00e0 la 2D. En combinant les axes X, Y, Z, A et C, la machine de d\u00e9coupe au jet d'eau ACM peut d\u00e9placer la t\u00eate de coupe dans un espace 3D.\n\nLa d\u00e9coupe 3D repr\u00e9sente l'\u00e9tape de d\u00e9veloppement suivante apr\u00e8s l'application de d\u00e9coupe des chanfreins 2,5D. Cela fait de la d\u00e9coupe 3D un processus plus complexe que la d\u00e9coupe 2D. La d\u00e9coupe 3D requiert de l'habilet\u00e9 et de l'expertise pour obtenir la qualit\u00e9 souhait\u00e9e.\n\nN'h\u00e9sitez pas \u00e0 contacter l'un de nos experts pour d\u00e9couvrir les fonctionnalit\u00e9s compl\u00e8tes de la d\u00e9coupe 3D.<\/p>","protected":false},"featured_media":9106,"template":"","meta":{"content-type":""},"product_brand":[],"product_cat":[123],"product_tag":[124],"class_list":{"0":"post-9111","1":"product","2":"type-product","3":"status-publish","4":"has-post-thumbnail","6":"product_cat-cutting-heads","7":"product_tag-cutting-heads","9":"first","10":"instock","11":"shipping-taxable","12":"product-type-external"},"yoast_head":"<!-- This site is optimized with the Yoast SEO plugin v27.5 - https:\/\/yoast.com\/product\/yoast-seo-wordpress\/ -->\n<title>ACM 3D Cutting - Resato Waterjet<\/title>\n<meta name=\"description\" content=\"The ACM 3D waterjet cutting application offers you the possibility to create cutting results with more than 2D movements. Learn more about it here.\" \/>\n<meta name=\"robots\" content=\"index, follow, max-snippet:-1, max-image-preview:large, max-video-preview:-1\" \/>\n<link rel=\"canonical\" href=\"https:\/\/resato-waterjet.com\/fr\/produit\/acm-3d-coupe\/\" \/>\n<meta property=\"og:locale\" content=\"fr_FR\" \/>\n<meta property=\"og:type\" content=\"article\" \/>\n<meta property=\"og:title\" content=\"ACM 3D Cutting - Resato Waterjet\" \/>\n<meta property=\"og:description\" content=\"The ACM 3D waterjet cutting application offers you the possibility to create cutting results with more than 2D movements. Learn more about it here.\" \/>\n<meta property=\"og:url\" content=\"https:\/\/resato-waterjet.com\/fr\/produit\/acm-3d-coupe\/\" \/>\n<meta property=\"og:site_name\" content=\"Resato Waterjet\" \/>\n<meta property=\"article:modified_time\" content=\"2024-01-22T11:53:31+00:00\" \/>\n<meta property=\"og:image\" content=\"https:\/\/resato-waterjet.com\/wp-content\/uploads\/2023\/01\/2.5D-Cutting-head-new-logo-1.jpg\" \/>\n\t<meta property=\"og:image:width\" content=\"1920\" \/>\n\t<meta property=\"og:image:height\" content=\"1920\" \/>\n\t<meta property=\"og:image:type\" content=\"image\/jpeg\" \/>\n<meta name=\"twitter:card\" content=\"summary_large_image\" \/>\n<meta name=\"twitter:label1\" content=\"Dur\u00e9e de lecture estim\u00e9e\" \/>\n\t<meta name=\"twitter:data1\" content=\"1 minute\" \/>\n<script type=\"application\/ld+json\" class=\"yoast-schema-graph\">{\"@context\":\"https:\\\/\\\/schema.org\",\"@graph\":[{\"@type\":\"WebPage\",\"@id\":\"https:\\\/\\\/resato-waterjet.com\\\/en\\\/product\\\/acm-3d-cutting\\\/\",\"url\":\"https:\\\/\\\/resato-waterjet.com\\\/en\\\/product\\\/acm-3d-cutting\\\/\",\"name\":\"ACM 3D Cutting - Resato Waterjet\",\"isPartOf\":{\"@id\":\"https:\\\/\\\/resato-waterjet.com\\\/en\\\/#website\"},\"primaryImageOfPage\":{\"@id\":\"https:\\\/\\\/resato-waterjet.com\\\/en\\\/product\\\/acm-3d-cutting\\\/#primaryimage\"},\"image\":{\"@id\":\"https:\\\/\\\/resato-waterjet.com\\\/en\\\/product\\\/acm-3d-cutting\\\/#primaryimage\"},\"thumbnailUrl\":\"https:\\\/\\\/resato-waterjet.com\\\/wp-content\\\/uploads\\\/2023\\\/01\\\/2.5D-Cutting-head-new-logo-1.jpg\",\"datePublished\":\"2023-01-21T20:31:27+00:00\",\"dateModified\":\"2024-01-22T11:53:31+00:00\",\"description\":\"The ACM 3D waterjet cutting application offers you the possibility to create cutting results with more than 2D movements. Learn more about it here.\",\"breadcrumb\":{\"@id\":\"https:\\\/\\\/resato-waterjet.com\\\/en\\\/product\\\/acm-3d-cutting\\\/#breadcrumb\"},\"inLanguage\":\"fr-FR\",\"potentialAction\":[{\"@type\":\"ReadAction\",\"target\":[\"https:\\\/\\\/resato-waterjet.com\\\/en\\\/product\\\/acm-3d-cutting\\\/\"]}]},{\"@type\":\"ImageObject\",\"inLanguage\":\"fr-FR\",\"@id\":\"https:\\\/\\\/resato-waterjet.com\\\/en\\\/product\\\/acm-3d-cutting\\\/#primaryimage\",\"url\":\"https:\\\/\\\/resato-waterjet.com\\\/wp-content\\\/uploads\\\/2023\\\/01\\\/2.5D-Cutting-head-new-logo-1.jpg\",\"contentUrl\":\"https:\\\/\\\/resato-waterjet.com\\\/wp-content\\\/uploads\\\/2023\\\/01\\\/2.5D-Cutting-head-new-logo-1.jpg\",\"width\":1920,\"height\":1920,\"caption\":\"2.5D Head\"},{\"@type\":\"BreadcrumbList\",\"@id\":\"https:\\\/\\\/resato-waterjet.com\\\/en\\\/product\\\/acm-3d-cutting\\\/#breadcrumb\",\"itemListElement\":[{\"@type\":\"ListItem\",\"position\":1,\"name\":\"Home\",\"item\":\"https:\\\/\\\/resato-waterjet.com\\\/fr\\\/\"},{\"@type\":\"ListItem\",\"position\":2,\"name\":\"Machines and Services\",\"item\":\"https:\\\/\\\/resato-waterjet.com\\\/en\\\/machines-and-services\\\/\"},{\"@type\":\"ListItem\",\"position\":3,\"name\":\"ACM 3D Cutting\"}]},{\"@type\":\"WebSite\",\"@id\":\"https:\\\/\\\/resato-waterjet.com\\\/en\\\/#website\",\"url\":\"https:\\\/\\\/resato-waterjet.com\\\/en\\\/\",\"name\":\"Resato Waterjet\",\"description\":\"Creating Magic with Water\",\"publisher\":{\"@id\":\"https:\\\/\\\/resato-waterjet.com\\\/en\\\/#organization\"},\"alternateName\":\"Resato\",\"potentialAction\":[{\"@type\":\"SearchAction\",\"target\":{\"@type\":\"EntryPoint\",\"urlTemplate\":\"https:\\\/\\\/resato-waterjet.com\\\/en\\\/?s={search_term_string}\"},\"query-input\":{\"@type\":\"PropertyValueSpecification\",\"valueRequired\":true,\"valueName\":\"search_term_string\"}}],\"inLanguage\":\"fr-FR\"},{\"@type\":\"Organization\",\"@id\":\"https:\\\/\\\/resato-waterjet.com\\\/en\\\/#organization\",\"name\":\"Resato Waterjet\",\"alternateName\":\"Resato\",\"url\":\"https:\\\/\\\/resato-waterjet.com\\\/en\\\/\",\"logo\":{\"@type\":\"ImageObject\",\"inLanguage\":\"fr-FR\",\"@id\":\"https:\\\/\\\/resato-waterjet.com\\\/en\\\/#\\\/schema\\\/logo\\\/image\\\/\",\"url\":\"https:\\\/\\\/mlwy9mbbs62x.i.optimole.com\\\/w:auto\\\/h:auto\\\/q:mauto\\\/f:avif\\\/https:\\\/\\\/resato-waterjet.com\\\/wp-content\\\/uploads\\\/2023\\\/03\\\/cropped-Resato-YOutube-Logo.png\",\"contentUrl\":\"https:\\\/\\\/mlwy9mbbs62x.i.optimole.com\\\/w:auto\\\/h:auto\\\/q:mauto\\\/f:avif\\\/https:\\\/\\\/resato-waterjet.com\\\/wp-content\\\/uploads\\\/2023\\\/03\\\/cropped-Resato-YOutube-Logo.png\",\"width\":512,\"height\":512,\"caption\":\"Resato Waterjet\"},\"image\":{\"@id\":\"https:\\\/\\\/resato-waterjet.com\\\/en\\\/#\\\/schema\\\/logo\\\/image\\\/\"},\"sameAs\":[\"https:\\\/\\\/www.linkedin.com\\\/company\\\/resato-waterjet-technology\\\/\"]}]}<\/script>\n<!-- \/ Yoast SEO plugin. -->","yoast_head_json":{"title":"D\u00e9coupe 3D ACM - Jet d'eau Resato","description":"L'application de d\u00e9coupe au jet d'eau ACM 3D vous offre la possibilit\u00e9 de cr\u00e9er des r\u00e9sultats de d\u00e9coupe avec plus que des mouvements 2D. Apprenez-en plus ici.","robots":{"index":"index","follow":"follow","max-snippet":"max-snippet:-1","max-image-preview":"max-image-preview:large","max-video-preview":"max-video-preview:-1"},"canonical":"https:\/\/resato-waterjet.com\/fr\/produit\/acm-3d-coupe\/","og_locale":"fr_FR","og_type":"article","og_title":"ACM 3D Cutting - Resato Waterjet","og_description":"The ACM 3D waterjet cutting application offers you the possibility to create cutting results with more than 2D movements. Learn more about it here.","og_url":"https:\/\/resato-waterjet.com\/fr\/produit\/acm-3d-coupe\/","og_site_name":"Resato Waterjet","article_modified_time":"2024-01-22T11:53:31+00:00","og_image":[{"width":1920,"height":1920,"url":"https:\/\/resato-waterjet.com\/wp-content\/uploads\/2023\/01\/2.5D-Cutting-head-new-logo-1.jpg","type":"image\/jpeg"}],"twitter_card":"summary_large_image","twitter_misc":{"Dur\u00e9e de lecture estim\u00e9e":"1 minute"},"schema":{"@context":"https:\/\/schema.org","@graph":[{"@type":"WebPage","@id":"https:\/\/resato-waterjet.com\/en\/product\/acm-3d-cutting\/","url":"https:\/\/resato-waterjet.com\/en\/product\/acm-3d-cutting\/","name":"D\u00e9coupe 3D ACM - Jet d'eau Resato","isPartOf":{"@id":"https:\/\/resato-waterjet.com\/en\/#website"},"primaryImageOfPage":{"@id":"https:\/\/resato-waterjet.com\/en\/product\/acm-3d-cutting\/#primaryimage"},"image":{"@id":"https:\/\/resato-waterjet.com\/en\/product\/acm-3d-cutting\/#primaryimage"},"thumbnailUrl":"https:\/\/resato-waterjet.com\/wp-content\/uploads\/2023\/01\/2.5D-Cutting-head-new-logo-1.jpg","datePublished":"2023-01-21T20:31:27+00:00","dateModified":"2024-01-22T11:53:31+00:00","description":"L'application de d\u00e9coupe au jet d'eau ACM 3D vous offre la possibilit\u00e9 de cr\u00e9er des r\u00e9sultats de d\u00e9coupe avec plus que des mouvements 2D. Apprenez-en plus ici.","breadcrumb":{"@id":"https:\/\/resato-waterjet.com\/en\/product\/acm-3d-cutting\/#breadcrumb"},"inLanguage":"fr-FR","potentialAction":[{"@type":"ReadAction","target":["https:\/\/resato-waterjet.com\/en\/product\/acm-3d-cutting\/"]}]},{"@type":"ImageObject","inLanguage":"fr-FR","@id":"https:\/\/resato-waterjet.com\/en\/product\/acm-3d-cutting\/#primaryimage","url":"https:\/\/resato-waterjet.com\/wp-content\/uploads\/2023\/01\/2.5D-Cutting-head-new-logo-1.jpg","contentUrl":"https:\/\/resato-waterjet.com\/wp-content\/uploads\/2023\/01\/2.5D-Cutting-head-new-logo-1.jpg","width":1920,"height":1920,"caption":"2.5D Head"},{"@type":"BreadcrumbList","@id":"https:\/\/resato-waterjet.com\/en\/product\/acm-3d-cutting\/#breadcrumb","itemListElement":[{"@type":"ListItem","position":1,"name":"Home","item":"https:\/\/resato-waterjet.com\/fr\/"},{"@type":"ListItem","position":2,"name":"Machines and Services","item":"https:\/\/resato-waterjet.com\/en\/machines-and-services\/"},{"@type":"ListItem","position":3,"name":"ACM 3D Cutting"}]},{"@type":"WebSite","@id":"https:\/\/resato-waterjet.com\/en\/#website","url":"https:\/\/resato-waterjet.com\/en\/","name":"Jet d'eau Resato","description":"Cr\u00e9er de la magie avec l'eau","publisher":{"@id":"https:\/\/resato-waterjet.com\/en\/#organization"},"alternateName":"Resato","potentialAction":[{"@type":"SearchAction","target":{"@type":"EntryPoint","urlTemplate":"https:\/\/resato-waterjet.com\/en\/?s={search_term_string}"},"query-input":{"@type":"PropertyValueSpecification","valueRequired":true,"valueName":"search_term_string"}}],"inLanguage":"fr-FR"},{"@type":"Organization","@id":"https:\/\/resato-waterjet.com\/en\/#organization","name":"Jet d'eau Resato","alternateName":"Resato","url":"https:\/\/resato-waterjet.com\/en\/","logo":{"@type":"ImageObject","inLanguage":"fr-FR","@id":"https:\/\/resato-waterjet.com\/en\/#\/schema\/logo\/image\/","url":"https:\/\/mlwy9mbbs62x.i.optimole.com\/w:auto\/h:auto\/q:mauto\/f:avif\/https:\/\/resato-waterjet.com\/wp-content\/uploads\/2023\/03\/cropped-Resato-YOutube-Logo.png","contentUrl":"https:\/\/mlwy9mbbs62x.i.optimole.com\/w:auto\/h:auto\/q:mauto\/f:avif\/https:\/\/resato-waterjet.com\/wp-content\/uploads\/2023\/03\/cropped-Resato-YOutube-Logo.png","width":512,"height":512,"caption":"Resato Waterjet"},"image":{"@id":"https:\/\/resato-waterjet.com\/en\/#\/schema\/logo\/image\/"},"sameAs":["https:\/\/www.linkedin.com\/company\/resato-waterjet-technology\/"]}]}},"_links":{"self":[{"href":"https:\/\/resato-waterjet.com\/fr\/wp-json\/wp\/v2\/product\/9111","targetHints":{"allow":["GET"]}}],"collection":[{"href":"https:\/\/resato-waterjet.com\/fr\/wp-json\/wp\/v2\/product"}],"about":[{"href":"https:\/\/resato-waterjet.com\/fr\/wp-json\/wp\/v2\/types\/product"}],"version-history":[{"count":2,"href":"https:\/\/resato-waterjet.com\/fr\/wp-json\/wp\/v2\/product\/9111\/revisions"}],"predecessor-version":[{"id":10824,"href":"https:\/\/resato-waterjet.com\/fr\/wp-json\/wp\/v2\/product\/9111\/revisions\/10824"}],"wp:featuredmedia":[{"embeddable":true,"href":"https:\/\/resato-waterjet.com\/fr\/wp-json\/wp\/v2\/media\/9106"}],"wp:attachment":[{"href":"https:\/\/resato-waterjet.com\/fr\/wp-json\/wp\/v2\/media?parent=9111"}],"wp:term":[{"taxonomy":"product_brand","embeddable":true,"href":"https:\/\/resato-waterjet.com\/fr\/wp-json\/wp\/v2\/product_brand?post=9111"},{"taxonomy":"product_cat","embeddable":true,"href":"https:\/\/resato-waterjet.com\/fr\/wp-json\/wp\/v2\/product_cat?post=9111"},{"taxonomy":"product_tag","embeddable":true,"href":"https:\/\/resato-waterjet.com\/fr\/wp-json\/wp\/v2\/product_tag?post=9111"}],"curies":[{"name":"wp","href":"https:\/\/api.w.org\/{rel}","templated":true}]}}