{"id":9108,"date":"2023-01-21T20:21:12","date_gmt":"2023-01-21T20:21:12","guid":{"rendered":"https:\/\/resato-waterjet.com\/?post_type=product&#038;p=9108"},"modified":"2024-01-22T11:53:46","modified_gmt":"2024-01-22T11:53:46","slug":"25d-tete-de-coupe-pointeur-laser-logiciel-module-coupe-chanfrein","status":"publish","type":"product","link":"https:\/\/resato-waterjet.com\/fr\/product\/25d-cutting-head-laser-pointer-software-bevel-cutting-module\/","title":{"rendered":"T\u00eate de coupe 2.5D Pointeur laser\/logiciel Module de coupe en biseau"},"content":{"rendered":"<p class=\"translation-block\"><strong>Pointeur laser<\/strong><br>\nLe pointeur laser permet de gagner beaucoup de temps gr\u00e2ce \u00e0 l'identification rapide et pr\u00e9cise du point 0, obtenue <a href=\"https:\/\/fr.wikipedia.org\/wiki\/Pointeur_laser_(pr\u00e9sentation)\" target=\"_self\"> par une croix projet\u00e9e au laser<\/a> sur le mat\u00e9riau \u00e0 d\u00e9couper. La croix est parall\u00e8le aux axes X et Y. Le logiciel int\u00e8gre la position du pointeur laser afin que la t\u00eate de d\u00e9coupe reconnaisse le point 0 du laser comme point de d\u00e9part. Le pointeur laser est situ\u00e9 sur le chariot de d\u00e9coupe, d'o\u00f9 il tire \u00e9galement son \u00e9nergie, et peut \u00e9galement \u00eatre utilis\u00e9 pour niveler le mat\u00e9riau \u00e0 d\u00e9couper sur les axes X et Y. La croix projet\u00e9e par le laser est parfaitement visible \u00e0 la lumi\u00e8re du jour. Le bo\u00eetier est con\u00e7u de mani\u00e8re \u00e0 ce que le processus de d\u00e9coupe et le m\u00e9lange eau\/abrasif \u00e0 grande vitesse n'aient pas d'incidence sur la dur\u00e9e d'usage du laser.<\/p>\n<p>&nbsp;<\/p>\n<p><strong>Logiciel Module de coupe des chanfreins<\/strong><br \/>\nLe <a href=\"https:\/\/resato-waterjet.com\/fr\/produit\/paquet-logiciel-igems\/\">module IGEMS<\/a> Le module d\u00e9coupe des chanfreins est fourni avec la t\u00eate de coupe automatique des chanfreins et fonctionne uniquement avec la derni\u00e8re version du module IGEMS Base. Le module de coupe d\u00e9coupe des chanfreins permet de couper dans des mat\u00e9riaux plats et est id\u00e9al pour pr\u00e9parer les bords \u00e0 souder. Il est extr\u00eamement facile \u00e0 utiliser, il suffit d'entrer l'angle et la largeur souhait\u00e9s par le biais d'un parcours d'outils facile d'acc\u00e8s et offrant une simplicit\u00e9 d'utilisation proche de la 2D.<\/p>","protected":false},"excerpt":{"rendered":"<ul>\n<li>Pointeur laser<\/li>\n<li>Logiciel Module de coupe des chanfreins<\/li>\n<\/ul>","protected":false},"featured_media":9110,"template":"","meta":{"content-type":""},"product_brand":[],"product_cat":[123],"product_tag":[124],"class_list":{"0":"post-9108","1":"product","2":"type-product","3":"status-publish","4":"has-post-thumbnail","6":"product_cat-cutting-heads","7":"product_tag-cutting-heads","9":"first","10":"instock","11":"shipping-taxable","12":"product-type-external"},"yoast_head":"<!-- This site is optimized with the Yoast SEO plugin v27.3 - https:\/\/yoast.com\/product\/yoast-seo-wordpress\/ -->\n<title>2.5D Cutting head Laser pointer\/Software Bevel Cutting Module - Resato Waterjet<\/title>\n<meta name=\"description\" content=\"The laser pointer and Software Bevel Cutting Module enhance both precision and automation within your waterjet cutting processes.\" \/>\n<meta name=\"robots\" content=\"index, follow, max-snippet:-1, max-image-preview:large, max-video-preview:-1\" \/>\n<link rel=\"canonical\" href=\"https:\/\/resato-waterjet.com\/fr\/produit\/25d-tete-de-coupe-pointeur-laser-logiciel-module-coupe-chanfrein\/\" \/>\n<meta property=\"og:locale\" content=\"fr_FR\" \/>\n<meta property=\"og:type\" content=\"article\" \/>\n<meta property=\"og:title\" content=\"2.5D Cutting head Laser pointer\/Software Bevel Cutting Module - Resato Waterjet\" \/>\n<meta property=\"og:description\" content=\"The laser pointer and Software Bevel Cutting Module enhance both precision and automation within your waterjet cutting processes.\" \/>\n<meta property=\"og:url\" content=\"https:\/\/resato-waterjet.com\/fr\/produit\/25d-tete-de-coupe-pointeur-laser-logiciel-module-coupe-chanfrein\/\" \/>\n<meta property=\"og:site_name\" content=\"Resato Waterjet\" \/>\n<meta property=\"article:modified_time\" content=\"2024-01-22T11:53:46+00:00\" \/>\n<meta property=\"og:image\" content=\"https:\/\/resato-waterjet.com\/wp-content\/uploads\/2023\/01\/Laserpointer-for-waterjet-cutting-table.jpg\" \/>\n\t<meta property=\"og:image:width\" content=\"760\" \/>\n\t<meta property=\"og:image:height\" content=\"400\" \/>\n\t<meta property=\"og:image:type\" content=\"image\/jpeg\" \/>\n<meta name=\"twitter:card\" content=\"summary_large_image\" \/>\n<meta name=\"twitter:label1\" content=\"Dur\u00e9e de lecture estim\u00e9e\" \/>\n\t<meta name=\"twitter:data1\" content=\"2 minutes\" \/>\n<script type=\"application\/ld+json\" class=\"yoast-schema-graph\">{\"@context\":\"https:\\\/\\\/schema.org\",\"@graph\":[{\"@type\":\"WebPage\",\"@id\":\"https:\\\/\\\/resato-waterjet.com\\\/en\\\/product\\\/25d-cutting-head-laser-pointer-software-bevel-cutting-module\\\/\",\"url\":\"https:\\\/\\\/resato-waterjet.com\\\/en\\\/product\\\/25d-cutting-head-laser-pointer-software-bevel-cutting-module\\\/\",\"name\":\"2.5D Cutting head Laser pointer\\\/Software Bevel Cutting Module - Resato Waterjet\",\"isPartOf\":{\"@id\":\"https:\\\/\\\/resato-waterjet.com\\\/en\\\/#website\"},\"primaryImageOfPage\":{\"@id\":\"https:\\\/\\\/resato-waterjet.com\\\/en\\\/product\\\/25d-cutting-head-laser-pointer-software-bevel-cutting-module\\\/#primaryimage\"},\"image\":{\"@id\":\"https:\\\/\\\/resato-waterjet.com\\\/en\\\/product\\\/25d-cutting-head-laser-pointer-software-bevel-cutting-module\\\/#primaryimage\"},\"thumbnailUrl\":\"https:\\\/\\\/resato-waterjet.com\\\/wp-content\\\/uploads\\\/2023\\\/01\\\/Laserpointer-for-waterjet-cutting-table.jpg\",\"datePublished\":\"2023-01-21T20:21:12+00:00\",\"dateModified\":\"2024-01-22T11:53:46+00:00\",\"description\":\"The laser pointer and Software Bevel Cutting Module enhance both precision and automation within your waterjet cutting processes.\",\"breadcrumb\":{\"@id\":\"https:\\\/\\\/resato-waterjet.com\\\/en\\\/product\\\/25d-cutting-head-laser-pointer-software-bevel-cutting-module\\\/#breadcrumb\"},\"inLanguage\":\"fr-FR\",\"potentialAction\":[{\"@type\":\"ReadAction\",\"target\":[\"https:\\\/\\\/resato-waterjet.com\\\/en\\\/product\\\/25d-cutting-head-laser-pointer-software-bevel-cutting-module\\\/\"]}]},{\"@type\":\"ImageObject\",\"inLanguage\":\"fr-FR\",\"@id\":\"https:\\\/\\\/resato-waterjet.com\\\/en\\\/product\\\/25d-cutting-head-laser-pointer-software-bevel-cutting-module\\\/#primaryimage\",\"url\":\"https:\\\/\\\/resato-waterjet.com\\\/wp-content\\\/uploads\\\/2023\\\/01\\\/Laserpointer-for-waterjet-cutting-table.jpg\",\"contentUrl\":\"https:\\\/\\\/resato-waterjet.com\\\/wp-content\\\/uploads\\\/2023\\\/01\\\/Laserpointer-for-waterjet-cutting-table.jpg\",\"width\":760,\"height\":400,\"caption\":\"Laser pointer cutting module\"},{\"@type\":\"BreadcrumbList\",\"@id\":\"https:\\\/\\\/resato-waterjet.com\\\/en\\\/product\\\/25d-cutting-head-laser-pointer-software-bevel-cutting-module\\\/#breadcrumb\",\"itemListElement\":[{\"@type\":\"ListItem\",\"position\":1,\"name\":\"Home\",\"item\":\"https:\\\/\\\/resato-waterjet.com\\\/fr\\\/\"},{\"@type\":\"ListItem\",\"position\":2,\"name\":\"Machines and Services\",\"item\":\"https:\\\/\\\/resato-waterjet.com\\\/en\\\/machines-and-services\\\/\"},{\"@type\":\"ListItem\",\"position\":3,\"name\":\"2.5D Cutting head Laser pointer\\\/Software Bevel Cutting Module\"}]},{\"@type\":\"WebSite\",\"@id\":\"https:\\\/\\\/resato-waterjet.com\\\/en\\\/#website\",\"url\":\"https:\\\/\\\/resato-waterjet.com\\\/en\\\/\",\"name\":\"Resato Waterjet\",\"description\":\"Creating Magic with Water\",\"publisher\":{\"@id\":\"https:\\\/\\\/resato-waterjet.com\\\/en\\\/#organization\"},\"alternateName\":\"Resato\",\"potentialAction\":[{\"@type\":\"SearchAction\",\"target\":{\"@type\":\"EntryPoint\",\"urlTemplate\":\"https:\\\/\\\/resato-waterjet.com\\\/en\\\/?s={search_term_string}\"},\"query-input\":{\"@type\":\"PropertyValueSpecification\",\"valueRequired\":true,\"valueName\":\"search_term_string\"}}],\"inLanguage\":\"fr-FR\"},{\"@type\":\"Organization\",\"@id\":\"https:\\\/\\\/resato-waterjet.com\\\/en\\\/#organization\",\"name\":\"Resato Waterjet\",\"alternateName\":\"Resato\",\"url\":\"https:\\\/\\\/resato-waterjet.com\\\/en\\\/\",\"logo\":{\"@type\":\"ImageObject\",\"inLanguage\":\"fr-FR\",\"@id\":\"https:\\\/\\\/resato-waterjet.com\\\/en\\\/#\\\/schema\\\/logo\\\/image\\\/\",\"url\":\"https:\\\/\\\/mlwy9mbbs62x.i.optimole.com\\\/w:auto\\\/h:auto\\\/q:mauto\\\/f:avif\\\/https:\\\/\\\/resato-waterjet.com\\\/wp-content\\\/uploads\\\/2023\\\/03\\\/cropped-Resato-YOutube-Logo.png\",\"contentUrl\":\"https:\\\/\\\/mlwy9mbbs62x.i.optimole.com\\\/w:auto\\\/h:auto\\\/q:mauto\\\/f:avif\\\/https:\\\/\\\/resato-waterjet.com\\\/wp-content\\\/uploads\\\/2023\\\/03\\\/cropped-Resato-YOutube-Logo.png\",\"width\":512,\"height\":512,\"caption\":\"Resato Waterjet\"},\"image\":{\"@id\":\"https:\\\/\\\/resato-waterjet.com\\\/en\\\/#\\\/schema\\\/logo\\\/image\\\/\"},\"sameAs\":[\"https:\\\/\\\/www.linkedin.com\\\/company\\\/resato-waterjet-technology\\\/\"]}]}<\/script>\n<!-- \/ Yoast SEO plugin. -->","yoast_head_json":{"title":"2.5D Cutting head Laser pointer\/Software Bevel Cutting Module - Resato Waterjet","description":"Le pointeur laser et le module logiciel de coupe en biseau am\u00e9liorent \u00e0 la fois la pr\u00e9cision et l'automatisation de vos processus de d\u00e9coupe au jet d'eau.","robots":{"index":"index","follow":"follow","max-snippet":"max-snippet:-1","max-image-preview":"max-image-preview:large","max-video-preview":"max-video-preview:-1"},"canonical":"https:\/\/resato-waterjet.com\/fr\/produit\/25d-tete-de-coupe-pointeur-laser-logiciel-module-coupe-chanfrein\/","og_locale":"fr_FR","og_type":"article","og_title":"2.5D Cutting head Laser pointer\/Software Bevel Cutting Module - Resato Waterjet","og_description":"The laser pointer and Software Bevel Cutting Module enhance both precision and automation within your waterjet cutting processes.","og_url":"https:\/\/resato-waterjet.com\/fr\/produit\/25d-tete-de-coupe-pointeur-laser-logiciel-module-coupe-chanfrein\/","og_site_name":"Resato Waterjet","article_modified_time":"2024-01-22T11:53:46+00:00","og_image":[{"width":760,"height":400,"url":"https:\/\/resato-waterjet.com\/wp-content\/uploads\/2023\/01\/Laserpointer-for-waterjet-cutting-table.jpg","type":"image\/jpeg"}],"twitter_card":"summary_large_image","twitter_misc":{"Dur\u00e9e de lecture estim\u00e9e":"2 minutes"},"schema":{"@context":"https:\/\/schema.org","@graph":[{"@type":"WebPage","@id":"https:\/\/resato-waterjet.com\/en\/product\/25d-cutting-head-laser-pointer-software-bevel-cutting-module\/","url":"https:\/\/resato-waterjet.com\/en\/product\/25d-cutting-head-laser-pointer-software-bevel-cutting-module\/","name":"2.5D Cutting head Laser pointer\/Software Bevel Cutting Module - Resato Waterjet","isPartOf":{"@id":"https:\/\/resato-waterjet.com\/en\/#website"},"primaryImageOfPage":{"@id":"https:\/\/resato-waterjet.com\/en\/product\/25d-cutting-head-laser-pointer-software-bevel-cutting-module\/#primaryimage"},"image":{"@id":"https:\/\/resato-waterjet.com\/en\/product\/25d-cutting-head-laser-pointer-software-bevel-cutting-module\/#primaryimage"},"thumbnailUrl":"https:\/\/resato-waterjet.com\/wp-content\/uploads\/2023\/01\/Laserpointer-for-waterjet-cutting-table.jpg","datePublished":"2023-01-21T20:21:12+00:00","dateModified":"2024-01-22T11:53:46+00:00","description":"Le pointeur laser et le module logiciel de coupe en biseau am\u00e9liorent \u00e0 la fois la pr\u00e9cision et l'automatisation de vos processus de d\u00e9coupe au jet d'eau.","breadcrumb":{"@id":"https:\/\/resato-waterjet.com\/en\/product\/25d-cutting-head-laser-pointer-software-bevel-cutting-module\/#breadcrumb"},"inLanguage":"fr-FR","potentialAction":[{"@type":"ReadAction","target":["https:\/\/resato-waterjet.com\/en\/product\/25d-cutting-head-laser-pointer-software-bevel-cutting-module\/"]}]},{"@type":"ImageObject","inLanguage":"fr-FR","@id":"https:\/\/resato-waterjet.com\/en\/product\/25d-cutting-head-laser-pointer-software-bevel-cutting-module\/#primaryimage","url":"https:\/\/resato-waterjet.com\/wp-content\/uploads\/2023\/01\/Laserpointer-for-waterjet-cutting-table.jpg","contentUrl":"https:\/\/resato-waterjet.com\/wp-content\/uploads\/2023\/01\/Laserpointer-for-waterjet-cutting-table.jpg","width":760,"height":400,"caption":"Laser pointer cutting module"},{"@type":"BreadcrumbList","@id":"https:\/\/resato-waterjet.com\/en\/product\/25d-cutting-head-laser-pointer-software-bevel-cutting-module\/#breadcrumb","itemListElement":[{"@type":"ListItem","position":1,"name":"Home","item":"https:\/\/resato-waterjet.com\/fr\/"},{"@type":"ListItem","position":2,"name":"Machines and Services","item":"https:\/\/resato-waterjet.com\/en\/machines-and-services\/"},{"@type":"ListItem","position":3,"name":"2.5D Cutting head Laser pointer\/Software Bevel Cutting Module"}]},{"@type":"WebSite","@id":"https:\/\/resato-waterjet.com\/en\/#website","url":"https:\/\/resato-waterjet.com\/en\/","name":"Jet d'eau Resato","description":"Cr\u00e9er de la magie avec l'eau","publisher":{"@id":"https:\/\/resato-waterjet.com\/en\/#organization"},"alternateName":"Resato","potentialAction":[{"@type":"SearchAction","target":{"@type":"EntryPoint","urlTemplate":"https:\/\/resato-waterjet.com\/en\/?s={search_term_string}"},"query-input":{"@type":"PropertyValueSpecification","valueRequired":true,"valueName":"search_term_string"}}],"inLanguage":"fr-FR"},{"@type":"Organization","@id":"https:\/\/resato-waterjet.com\/en\/#organization","name":"Jet d'eau Resato","alternateName":"Resato","url":"https:\/\/resato-waterjet.com\/en\/","logo":{"@type":"ImageObject","inLanguage":"fr-FR","@id":"https:\/\/resato-waterjet.com\/en\/#\/schema\/logo\/image\/","url":"https:\/\/mlwy9mbbs62x.i.optimole.com\/w:auto\/h:auto\/q:mauto\/f:avif\/https:\/\/resato-waterjet.com\/wp-content\/uploads\/2023\/03\/cropped-Resato-YOutube-Logo.png","contentUrl":"https:\/\/mlwy9mbbs62x.i.optimole.com\/w:auto\/h:auto\/q:mauto\/f:avif\/https:\/\/resato-waterjet.com\/wp-content\/uploads\/2023\/03\/cropped-Resato-YOutube-Logo.png","width":512,"height":512,"caption":"Resato Waterjet"},"image":{"@id":"https:\/\/resato-waterjet.com\/en\/#\/schema\/logo\/image\/"},"sameAs":["https:\/\/www.linkedin.com\/company\/resato-waterjet-technology\/"]}]}},"_links":{"self":[{"href":"https:\/\/resato-waterjet.com\/fr\/wp-json\/wp\/v2\/product\/9108","targetHints":{"allow":["GET"]}}],"collection":[{"href":"https:\/\/resato-waterjet.com\/fr\/wp-json\/wp\/v2\/product"}],"about":[{"href":"https:\/\/resato-waterjet.com\/fr\/wp-json\/wp\/v2\/types\/product"}],"version-history":[{"count":3,"href":"https:\/\/resato-waterjet.com\/fr\/wp-json\/wp\/v2\/product\/9108\/revisions"}],"predecessor-version":[{"id":10825,"href":"https:\/\/resato-waterjet.com\/fr\/wp-json\/wp\/v2\/product\/9108\/revisions\/10825"}],"wp:featuredmedia":[{"embeddable":true,"href":"https:\/\/resato-waterjet.com\/fr\/wp-json\/wp\/v2\/media\/9110"}],"wp:attachment":[{"href":"https:\/\/resato-waterjet.com\/fr\/wp-json\/wp\/v2\/media?parent=9108"}],"wp:term":[{"taxonomy":"product_brand","embeddable":true,"href":"https:\/\/resato-waterjet.com\/fr\/wp-json\/wp\/v2\/product_brand?post=9108"},{"taxonomy":"product_cat","embeddable":true,"href":"https:\/\/resato-waterjet.com\/fr\/wp-json\/wp\/v2\/product_cat?post=9108"},{"taxonomy":"product_tag","embeddable":true,"href":"https:\/\/resato-waterjet.com\/fr\/wp-json\/wp\/v2\/product_tag?post=9108"}],"curies":[{"name":"wp","href":"https:\/\/api.w.org\/{rel}","templated":true}]}}