{"id":9105,"date":"2023-01-21T20:14:50","date_gmt":"2023-01-21T20:14:50","guid":{"rendered":"https:\/\/resato-waterjet.com\/?post_type=product&#038;p=9105"},"modified":"2025-09-26T09:48:46","modified_gmt":"2025-09-26T09:48:46","slug":"tete-de-coupe-2-5d-pour-coupe-en-biseau","status":"publish","type":"product","link":"https:\/\/resato-waterjet.com\/fr\/product\/2-5d-cutting-head-for-bevel-cutting\/","title":{"rendered":"T\u00eate de d\u00e9coupe 2.5D pour la coupe en biseau"},"content":{"rendered":"<p class=\"translation-block\">La t\u00eate de d\u00e9coupe est con\u00e7ue pour r\u00e9aliser<a href=\"https:\/\/www.toolstop.co.uk\/blog\/knowledge-base\/bevel-mitre-and-cross-cuts-explained\" target=\"_self\"> une coupe en biseau<\/a> sur la plaque de mati\u00e8re. Deux axes servo-command\u00e9s s'ajoutent aux axes standards XYZ afin de cr\u00e9er une machine qui fonctionne sur cinq axes. Pour une manipulation pratique, un capteur de hauteur est int\u00e9gr\u00e9.<\/p>\n<p>&nbsp;<\/p>\n<p>L\u2019int\u00e9gration des servomoteurs sans-cadre \u00e0 torque \u00e9lev\u00e9 avec un conduit creux sont au c\u0153ur de cette construction unique. L\u2019utilisation du principe d\u2019impulsion direct signifie un minimum de pi\u00e8ces en pratique, ce qui r\u00e9sulte \u00e0 une solution compacte, tr\u00e8s pr\u00e9cise, rapide et sans entretien.<\/p>\n<p>La t\u00eate de d\u00e9coupe peut \u00eatre inclin\u00e9e jusqu\u2019\u00e0 55o, la limite pratique lorsque se coupe un biseau en coin \u00e0 45o dans un angle de contour \u00e0 90o.<\/p>\n<p>&nbsp;<\/p>\n<p class=\"translation-block\"><strong>Syst\u00e8me EMS<\/strong><br>\nLe dispositif d'alimentation \u00e9lectronique, pr\u00e9vu notamment pour le fonctionnement automatique des ACM, est \u00e9quip\u00e9 du syst\u00e8me de gestion \u00e9lectronique EMS. En combinaison avec la t\u00eate de coupe, il permet de contr\u00f4ler tous les param\u00e8tres de coupe importants. Le syst\u00e8me de gestion EMS d\u00e9tecte imm\u00e9diatement une buse d'eau d\u00e9fectueuse ou un blocage dans l\u2019alimentation d\u2019abrasif, ce qui d\u00e9clenche une alarme et peut arr\u00eater le processus de d\u00e9coupe si n\u00e9cessaire.<\/p>\n<p>&nbsp;<\/p>\n<p><strong>Sp\u00e9cifications techniques<\/strong><\/p>\n<table style=\"height: 177px;\" width=\"487\">\n<tbody>\n<tr>\n<td width=\"183\">2.5D T\u00eate de coupe<\/td>\n<td width=\"115\"><\/td>\n<\/tr>\n<tr>\n<td>Angle d\u2019inclinaison maximale<\/td>\n<td>55\u00b0<\/td>\n<\/tr>\n<tr>\n<td>Rotation maximale<\/td>\n<td>\u00b1 360\u00b0<\/td>\n<\/tr>\n<tr>\n<td>Temp\u00e9rature de fonctionnement<\/td>\n<td>10-30 \u00b0C<\/td>\n<\/tr>\n<tr>\n<td>Indice de protection<\/td>\n<td>IP65<\/td>\n<\/tr>\n<tr>\n<td>Pr\u00e9cision de positionnement des axes<\/td>\n<td>\u00b1 0,1\u00b0<\/td>\n<\/tr>\n<\/tbody>\n<\/table>\n<p>&nbsp;<\/p>\n<p><strong>La t\u00eate de d\u00e9coupe 2.5D peut \u00eatre compl\u00e9t\u00e9e par plusieurs options et fonctionnalit\u00e9s pour am\u00e9liorer encore vos performances de d\u00e9coupe au jet d'eau.<\/strong><\/p>\n<p>&nbsp;<\/p>\n<p><a href=\"https:\/\/resato-waterjet.com\/fr\/tetes-de-coupe\/\">Pour en savoir plus sur les t\u00eates de coupe, cliquez ici<\/a>.<\/p>","protected":false},"excerpt":{"rendered":"<ul>\n<li>Compatible avec abrasif et eau pure<\/li>\n<li>Conception modulaire<\/li>\n<li>Extr\u00eamement pr\u00e9cis<\/li>\n<li>Solution compacte<\/li>\n<li>Compatibilit\u00e9 ascendante ACM<\/li>\n<\/ul>","protected":false},"featured_media":11276,"template":"","meta":{"content-type":""},"product_brand":[],"product_cat":[123],"product_tag":[124],"class_list":{"0":"post-9105","1":"product","2":"type-product","3":"status-publish","4":"has-post-thumbnail","6":"product_cat-cutting-heads","7":"product_tag-cutting-heads","9":"first","10":"instock","11":"shipping-taxable","12":"product-type-external"},"yoast_head":"<!-- This site is optimized with the Yoast SEO plugin v27.5 - https:\/\/yoast.com\/product\/yoast-seo-wordpress\/ -->\n<title>2.5D Cutting head for bevel cutting - Resato Waterjet<\/title>\n<meta name=\"description\" content=\"A 2.5D cutting head works with three axes to allow the cutting of complex shapes with bevels. The additional Z-axis will provide you with versatility.\" \/>\n<meta name=\"robots\" content=\"index, follow, max-snippet:-1, max-image-preview:large, max-video-preview:-1\" \/>\n<link rel=\"canonical\" href=\"https:\/\/resato-waterjet.com\/fr\/produit\/tete-de-coupe-2-5d-pour-coupe-en-biseau\/\" \/>\n<meta property=\"og:locale\" content=\"fr_FR\" \/>\n<meta property=\"og:type\" content=\"article\" \/>\n<meta property=\"og:title\" content=\"2.5D Cutting head for bevel cutting - Resato Waterjet\" \/>\n<meta property=\"og:description\" content=\"A 2.5D cutting head works with three axes to allow the cutting of complex shapes with bevels. The additional Z-axis will provide you with versatility.\" \/>\n<meta property=\"og:url\" content=\"https:\/\/resato-waterjet.com\/fr\/produit\/tete-de-coupe-2-5d-pour-coupe-en-biseau\/\" \/>\n<meta property=\"og:site_name\" content=\"Resato Waterjet\" \/>\n<meta property=\"article:modified_time\" content=\"2025-09-26T09:48:46+00:00\" \/>\n<meta property=\"og:image\" content=\"https:\/\/resato-waterjet.com\/wp-content\/uploads\/2023\/01\/Schermafbeelding-2025-09-26-114737-e1758880115102.png\" \/>\n\t<meta property=\"og:image:width\" content=\"1055\" \/>\n\t<meta property=\"og:image:height\" content=\"555\" \/>\n\t<meta property=\"og:image:type\" content=\"image\/png\" \/>\n<meta name=\"twitter:card\" content=\"summary_large_image\" \/>\n<meta name=\"twitter:label1\" content=\"Dur\u00e9e de lecture estim\u00e9e\" \/>\n\t<meta name=\"twitter:data1\" content=\"2 minutes\" \/>\n<script type=\"application\/ld+json\" class=\"yoast-schema-graph\">{\"@context\":\"https:\\\/\\\/schema.org\",\"@graph\":[{\"@type\":\"WebPage\",\"@id\":\"https:\\\/\\\/resato-waterjet.com\\\/en\\\/product\\\/2-5d-cutting-head-for-bevel-cutting\\\/\",\"url\":\"https:\\\/\\\/resato-waterjet.com\\\/en\\\/product\\\/2-5d-cutting-head-for-bevel-cutting\\\/\",\"name\":\"2.5D Cutting head for bevel cutting - Resato Waterjet\",\"isPartOf\":{\"@id\":\"https:\\\/\\\/resato-waterjet.com\\\/en\\\/#website\"},\"primaryImageOfPage\":{\"@id\":\"https:\\\/\\\/resato-waterjet.com\\\/en\\\/product\\\/2-5d-cutting-head-for-bevel-cutting\\\/#primaryimage\"},\"image\":{\"@id\":\"https:\\\/\\\/resato-waterjet.com\\\/en\\\/product\\\/2-5d-cutting-head-for-bevel-cutting\\\/#primaryimage\"},\"thumbnailUrl\":\"https:\\\/\\\/resato-waterjet.com\\\/wp-content\\\/uploads\\\/2023\\\/01\\\/Schermafbeelding-2025-09-26-114737-e1758880115102.png\",\"datePublished\":\"2023-01-21T20:14:50+00:00\",\"dateModified\":\"2025-09-26T09:48:46+00:00\",\"description\":\"A 2.5D cutting head works with three axes to allow the cutting of complex shapes with bevels. The additional Z-axis will provide you with versatility.\",\"breadcrumb\":{\"@id\":\"https:\\\/\\\/resato-waterjet.com\\\/en\\\/product\\\/2-5d-cutting-head-for-bevel-cutting\\\/#breadcrumb\"},\"inLanguage\":\"fr-FR\",\"potentialAction\":[{\"@type\":\"ReadAction\",\"target\":[\"https:\\\/\\\/resato-waterjet.com\\\/en\\\/product\\\/2-5d-cutting-head-for-bevel-cutting\\\/\"]}]},{\"@type\":\"ImageObject\",\"inLanguage\":\"fr-FR\",\"@id\":\"https:\\\/\\\/resato-waterjet.com\\\/en\\\/product\\\/2-5d-cutting-head-for-bevel-cutting\\\/#primaryimage\",\"url\":\"https:\\\/\\\/resato-waterjet.com\\\/wp-content\\\/uploads\\\/2023\\\/01\\\/Schermafbeelding-2025-09-26-114737-e1758880115102.png\",\"contentUrl\":\"https:\\\/\\\/resato-waterjet.com\\\/wp-content\\\/uploads\\\/2023\\\/01\\\/Schermafbeelding-2025-09-26-114737-e1758880115102.png\",\"width\":1055,\"height\":555},{\"@type\":\"BreadcrumbList\",\"@id\":\"https:\\\/\\\/resato-waterjet.com\\\/en\\\/product\\\/2-5d-cutting-head-for-bevel-cutting\\\/#breadcrumb\",\"itemListElement\":[{\"@type\":\"ListItem\",\"position\":1,\"name\":\"Home\",\"item\":\"https:\\\/\\\/resato-waterjet.com\\\/fr\\\/\"},{\"@type\":\"ListItem\",\"position\":2,\"name\":\"Machines and Services\",\"item\":\"https:\\\/\\\/resato-waterjet.com\\\/en\\\/machines-and-services\\\/\"},{\"@type\":\"ListItem\",\"position\":3,\"name\":\"2.5D Cutting head for bevel cutting\"}]},{\"@type\":\"WebSite\",\"@id\":\"https:\\\/\\\/resato-waterjet.com\\\/en\\\/#website\",\"url\":\"https:\\\/\\\/resato-waterjet.com\\\/en\\\/\",\"name\":\"Resato Waterjet\",\"description\":\"Creating Magic with Water\",\"publisher\":{\"@id\":\"https:\\\/\\\/resato-waterjet.com\\\/en\\\/#organization\"},\"alternateName\":\"Resato\",\"potentialAction\":[{\"@type\":\"SearchAction\",\"target\":{\"@type\":\"EntryPoint\",\"urlTemplate\":\"https:\\\/\\\/resato-waterjet.com\\\/en\\\/?s={search_term_string}\"},\"query-input\":{\"@type\":\"PropertyValueSpecification\",\"valueRequired\":true,\"valueName\":\"search_term_string\"}}],\"inLanguage\":\"fr-FR\"},{\"@type\":\"Organization\",\"@id\":\"https:\\\/\\\/resato-waterjet.com\\\/en\\\/#organization\",\"name\":\"Resato Waterjet\",\"alternateName\":\"Resato\",\"url\":\"https:\\\/\\\/resato-waterjet.com\\\/en\\\/\",\"logo\":{\"@type\":\"ImageObject\",\"inLanguage\":\"fr-FR\",\"@id\":\"https:\\\/\\\/resato-waterjet.com\\\/en\\\/#\\\/schema\\\/logo\\\/image\\\/\",\"url\":\"https:\\\/\\\/mlwy9mbbs62x.i.optimole.com\\\/w:auto\\\/h:auto\\\/q:mauto\\\/f:avif\\\/https:\\\/\\\/resato-waterjet.com\\\/wp-content\\\/uploads\\\/2023\\\/03\\\/cropped-Resato-YOutube-Logo.png\",\"contentUrl\":\"https:\\\/\\\/mlwy9mbbs62x.i.optimole.com\\\/w:auto\\\/h:auto\\\/q:mauto\\\/f:avif\\\/https:\\\/\\\/resato-waterjet.com\\\/wp-content\\\/uploads\\\/2023\\\/03\\\/cropped-Resato-YOutube-Logo.png\",\"width\":512,\"height\":512,\"caption\":\"Resato Waterjet\"},\"image\":{\"@id\":\"https:\\\/\\\/resato-waterjet.com\\\/en\\\/#\\\/schema\\\/logo\\\/image\\\/\"},\"sameAs\":[\"https:\\\/\\\/www.linkedin.com\\\/company\\\/resato-waterjet-technology\\\/\"]}]}<\/script>\n<!-- \/ Yoast SEO plugin. -->","yoast_head_json":{"title":"T\u00eate de coupe 2.5D pour coupe en biseau - Resato Waterjet","description":"La t\u00eate de d\u00e9coupe est con\u00e7ue pour couper les biseaux sur la plaque de mati\u00e8re. Resato Waterjet Systems","robots":{"index":"index","follow":"follow","max-snippet":"max-snippet:-1","max-image-preview":"max-image-preview:large","max-video-preview":"max-video-preview:-1"},"canonical":"https:\/\/resato-waterjet.com\/fr\/produit\/tete-de-coupe-2-5d-pour-coupe-en-biseau\/","og_locale":"fr_FR","og_type":"article","og_title":"2.5D Cutting head for bevel cutting - Resato Waterjet","og_description":"A 2.5D cutting head works with three axes to allow the cutting of complex shapes with bevels. The additional Z-axis will provide you with versatility.","og_url":"https:\/\/resato-waterjet.com\/fr\/produit\/tete-de-coupe-2-5d-pour-coupe-en-biseau\/","og_site_name":"Resato Waterjet","article_modified_time":"2025-09-26T09:48:46+00:00","og_image":[{"width":1055,"height":555,"url":"https:\/\/resato-waterjet.com\/wp-content\/uploads\/2023\/01\/Schermafbeelding-2025-09-26-114737-e1758880115102.png","type":"image\/png"}],"twitter_card":"summary_large_image","twitter_misc":{"Dur\u00e9e de lecture estim\u00e9e":"2 minutes"},"schema":{"@context":"https:\/\/schema.org","@graph":[{"@type":"WebPage","@id":"https:\/\/resato-waterjet.com\/en\/product\/2-5d-cutting-head-for-bevel-cutting\/","url":"https:\/\/resato-waterjet.com\/en\/product\/2-5d-cutting-head-for-bevel-cutting\/","name":"T\u00eate de coupe 2.5D pour coupe en biseau - Resato Waterjet","isPartOf":{"@id":"https:\/\/resato-waterjet.com\/en\/#website"},"primaryImageOfPage":{"@id":"https:\/\/resato-waterjet.com\/en\/product\/2-5d-cutting-head-for-bevel-cutting\/#primaryimage"},"image":{"@id":"https:\/\/resato-waterjet.com\/en\/product\/2-5d-cutting-head-for-bevel-cutting\/#primaryimage"},"thumbnailUrl":"https:\/\/resato-waterjet.com\/wp-content\/uploads\/2023\/01\/Schermafbeelding-2025-09-26-114737-e1758880115102.png","datePublished":"2023-01-21T20:14:50+00:00","dateModified":"2025-09-26T09:48:46+00:00","description":"La t\u00eate de d\u00e9coupe est con\u00e7ue pour couper les biseaux sur la plaque de mati\u00e8re. Resato Waterjet Systems","breadcrumb":{"@id":"https:\/\/resato-waterjet.com\/en\/product\/2-5d-cutting-head-for-bevel-cutting\/#breadcrumb"},"inLanguage":"fr-FR","potentialAction":[{"@type":"ReadAction","target":["https:\/\/resato-waterjet.com\/en\/product\/2-5d-cutting-head-for-bevel-cutting\/"]}]},{"@type":"ImageObject","inLanguage":"fr-FR","@id":"https:\/\/resato-waterjet.com\/en\/product\/2-5d-cutting-head-for-bevel-cutting\/#primaryimage","url":"https:\/\/resato-waterjet.com\/wp-content\/uploads\/2023\/01\/Schermafbeelding-2025-09-26-114737-e1758880115102.png","contentUrl":"https:\/\/resato-waterjet.com\/wp-content\/uploads\/2023\/01\/Schermafbeelding-2025-09-26-114737-e1758880115102.png","width":1055,"height":555},{"@type":"BreadcrumbList","@id":"https:\/\/resato-waterjet.com\/en\/product\/2-5d-cutting-head-for-bevel-cutting\/#breadcrumb","itemListElement":[{"@type":"ListItem","position":1,"name":"Home","item":"https:\/\/resato-waterjet.com\/fr\/"},{"@type":"ListItem","position":2,"name":"Machines and Services","item":"https:\/\/resato-waterjet.com\/en\/machines-and-services\/"},{"@type":"ListItem","position":3,"name":"2.5D Cutting head for bevel cutting"}]},{"@type":"WebSite","@id":"https:\/\/resato-waterjet.com\/en\/#website","url":"https:\/\/resato-waterjet.com\/en\/","name":"Jet d'eau Resato","description":"Cr\u00e9er de la magie avec l'eau","publisher":{"@id":"https:\/\/resato-waterjet.com\/en\/#organization"},"alternateName":"Resato","potentialAction":[{"@type":"SearchAction","target":{"@type":"EntryPoint","urlTemplate":"https:\/\/resato-waterjet.com\/en\/?s={search_term_string}"},"query-input":{"@type":"PropertyValueSpecification","valueRequired":true,"valueName":"search_term_string"}}],"inLanguage":"fr-FR"},{"@type":"Organization","@id":"https:\/\/resato-waterjet.com\/en\/#organization","name":"Jet d'eau Resato","alternateName":"Resato","url":"https:\/\/resato-waterjet.com\/en\/","logo":{"@type":"ImageObject","inLanguage":"fr-FR","@id":"https:\/\/resato-waterjet.com\/en\/#\/schema\/logo\/image\/","url":"https:\/\/mlwy9mbbs62x.i.optimole.com\/w:auto\/h:auto\/q:mauto\/f:avif\/https:\/\/resato-waterjet.com\/wp-content\/uploads\/2023\/03\/cropped-Resato-YOutube-Logo.png","contentUrl":"https:\/\/mlwy9mbbs62x.i.optimole.com\/w:auto\/h:auto\/q:mauto\/f:avif\/https:\/\/resato-waterjet.com\/wp-content\/uploads\/2023\/03\/cropped-Resato-YOutube-Logo.png","width":512,"height":512,"caption":"Resato Waterjet"},"image":{"@id":"https:\/\/resato-waterjet.com\/en\/#\/schema\/logo\/image\/"},"sameAs":["https:\/\/www.linkedin.com\/company\/resato-waterjet-technology\/"]}]}},"_links":{"self":[{"href":"https:\/\/resato-waterjet.com\/fr\/wp-json\/wp\/v2\/product\/9105","targetHints":{"allow":["GET"]}}],"collection":[{"href":"https:\/\/resato-waterjet.com\/fr\/wp-json\/wp\/v2\/product"}],"about":[{"href":"https:\/\/resato-waterjet.com\/fr\/wp-json\/wp\/v2\/types\/product"}],"version-history":[{"count":3,"href":"https:\/\/resato-waterjet.com\/fr\/wp-json\/wp\/v2\/product\/9105\/revisions"}],"predecessor-version":[{"id":10221,"href":"https:\/\/resato-waterjet.com\/fr\/wp-json\/wp\/v2\/product\/9105\/revisions\/10221"}],"wp:featuredmedia":[{"embeddable":true,"href":"https:\/\/resato-waterjet.com\/fr\/wp-json\/wp\/v2\/media\/11276"}],"wp:attachment":[{"href":"https:\/\/resato-waterjet.com\/fr\/wp-json\/wp\/v2\/media?parent=9105"}],"wp:term":[{"taxonomy":"product_brand","embeddable":true,"href":"https:\/\/resato-waterjet.com\/fr\/wp-json\/wp\/v2\/product_brand?post=9105"},{"taxonomy":"product_cat","embeddable":true,"href":"https:\/\/resato-waterjet.com\/fr\/wp-json\/wp\/v2\/product_cat?post=9105"},{"taxonomy":"product_tag","embeddable":true,"href":"https:\/\/resato-waterjet.com\/fr\/wp-json\/wp\/v2\/product_tag?post=9105"}],"curies":[{"name":"wp","href":"https:\/\/api.w.org\/{rel}","templated":true}]}}