{"id":9102,"date":"2023-01-21T20:03:48","date_gmt":"2023-01-21T20:03:48","guid":{"rendered":"https:\/\/resato-waterjet.com\/?post_type=product&#038;p=9102"},"modified":"2025-09-26T11:39:36","modified_gmt":"2025-09-26T11:39:36","slug":"piercing-drill-unite-dr-4","status":"publish","type":"product","link":"https:\/\/resato-waterjet.com\/fr\/product\/piercing-drill-unit-dr-4\/","title":{"rendered":"Foret de per\u00e7age DR-4"},"content":{"rendered":"","protected":false},"excerpt":{"rendered":"<p>La configuration DR-4 de l'unit\u00e9 de per\u00e7age ACM a \u00e9t\u00e9 con\u00e7ue pour fonctionner sur un chariot ACM X. La fonction de per\u00e7age est utilis\u00e9e pour percer un trou de d\u00e9part en vue d'une d\u00e9coupe au jet d'eau. La perceuse ACM est con\u00e7ue pour le pr\u00e9-per\u00e7age de mat\u00e9riaux qui ne peuvent pas \u00eatre perc\u00e9s au jet d'eau seul.<\/p>\n<p>&nbsp;<\/p>\n<p>Les mat\u00e9riaux tels que le trespa, le plexiglas et autres mat\u00e9riaux lamin\u00e9s qui ne peuvent pas \u00eatre perc\u00e9s par le jet d'eau sans endommager le mat\u00e9riau. Pour \u00e9viter l\u2019cela, l\u2019unit\u00e9 de per\u00e7age peut \u00eatre utilis\u00e9 afin de cr\u00e9er un trou de d\u00e9part \u00e0 travers le mat\u00e9riau afin de pouvoir poursuivre avec la d\u00e9coupe au le jet d'eau.<\/p>","protected":false},"featured_media":11278,"template":"","meta":{"content-type":""},"product_brand":[],"product_cat":[123],"product_tag":[124],"class_list":{"0":"post-9102","1":"product","2":"type-product","3":"status-publish","4":"has-post-thumbnail","6":"product_cat-cutting-heads","7":"product_tag-cutting-heads","9":"first","10":"instock","11":"shipping-taxable","12":"product-type-external"},"yoast_head":"<!-- This site is optimized with the Yoast SEO plugin v27.3 - https:\/\/yoast.com\/product\/yoast-seo-wordpress\/ -->\n<title>Piercing Drill Unit DR-4 - Resato Waterjet<\/title>\n<meta name=\"description\" content=\"The Piercing Drill Unit DR-4 for Resato Waterjet cutting systems enhances machine efficiency and allows for enhanced accuracy in machining.\" \/>\n<meta name=\"robots\" content=\"index, follow, max-snippet:-1, max-image-preview:large, max-video-preview:-1\" \/>\n<link rel=\"canonical\" href=\"https:\/\/resato-waterjet.com\/fr\/produit\/piercing-drill-unite-dr-4\/\" \/>\n<meta property=\"og:locale\" content=\"fr_FR\" \/>\n<meta property=\"og:type\" content=\"article\" \/>\n<meta property=\"og:title\" content=\"Piercing Drill Unit DR-4 - Resato Waterjet\" \/>\n<meta property=\"og:description\" content=\"The Piercing Drill Unit DR-4 for Resato Waterjet cutting systems enhances machine efficiency and allows for enhanced accuracy in machining.\" \/>\n<meta property=\"og:url\" content=\"https:\/\/resato-waterjet.com\/fr\/produit\/piercing-drill-unite-dr-4\/\" \/>\n<meta property=\"og:site_name\" content=\"Resato Waterjet\" \/>\n<meta property=\"article:modified_time\" content=\"2025-09-26T11:39:36+00:00\" \/>\n<meta property=\"og:image\" content=\"https:\/\/resato-waterjet.com\/wp-content\/uploads\/2023\/01\/Schermafbeelding-2025-09-26-115311-e1758886761466.png\" \/>\n\t<meta property=\"og:image:width\" content=\"1000\" \/>\n\t<meta property=\"og:image:height\" content=\"526\" \/>\n\t<meta property=\"og:image:type\" content=\"image\/png\" \/>\n<meta name=\"twitter:card\" content=\"summary_large_image\" \/>\n<meta name=\"twitter:label1\" content=\"Dur\u00e9e de lecture estim\u00e9e\" \/>\n\t<meta name=\"twitter:data1\" content=\"1 minute\" \/>\n<script type=\"application\/ld+json\" class=\"yoast-schema-graph\">{\"@context\":\"https:\\\/\\\/schema.org\",\"@graph\":[{\"@type\":\"WebPage\",\"@id\":\"https:\\\/\\\/resato-waterjet.com\\\/es\\\/producto\\\/piercing-drill-unit-dr-4\\\/\",\"url\":\"https:\\\/\\\/resato-waterjet.com\\\/es\\\/producto\\\/piercing-drill-unit-dr-4\\\/\",\"name\":\"Piercing Drill Unit DR-4 - Resato Waterjet\",\"isPartOf\":{\"@id\":\"https:\\\/\\\/resato-waterjet.com\\\/en\\\/#website\"},\"primaryImageOfPage\":{\"@id\":\"https:\\\/\\\/resato-waterjet.com\\\/es\\\/producto\\\/piercing-drill-unit-dr-4\\\/#primaryimage\"},\"image\":{\"@id\":\"https:\\\/\\\/resato-waterjet.com\\\/es\\\/producto\\\/piercing-drill-unit-dr-4\\\/#primaryimage\"},\"thumbnailUrl\":\"https:\\\/\\\/resato-waterjet.com\\\/wp-content\\\/uploads\\\/2023\\\/01\\\/Schermafbeelding-2025-09-26-115311-e1758886761466.png\",\"datePublished\":\"2023-01-21T20:03:48+00:00\",\"dateModified\":\"2025-09-26T11:39:36+00:00\",\"description\":\"The Piercing Drill Unit DR-4 for Resato Waterjet cutting systems enhances machine efficiency and allows for enhanced accuracy in machining.\",\"breadcrumb\":{\"@id\":\"https:\\\/\\\/resato-waterjet.com\\\/es\\\/producto\\\/piercing-drill-unit-dr-4\\\/#breadcrumb\"},\"inLanguage\":\"fr-FR\",\"potentialAction\":[{\"@type\":\"ReadAction\",\"target\":[\"https:\\\/\\\/resato-waterjet.com\\\/es\\\/producto\\\/piercing-drill-unit-dr-4\\\/\"]}]},{\"@type\":\"ImageObject\",\"inLanguage\":\"fr-FR\",\"@id\":\"https:\\\/\\\/resato-waterjet.com\\\/es\\\/producto\\\/piercing-drill-unit-dr-4\\\/#primaryimage\",\"url\":\"https:\\\/\\\/resato-waterjet.com\\\/wp-content\\\/uploads\\\/2023\\\/01\\\/Schermafbeelding-2025-09-26-115311-e1758886761466.png\",\"contentUrl\":\"https:\\\/\\\/resato-waterjet.com\\\/wp-content\\\/uploads\\\/2023\\\/01\\\/Schermafbeelding-2025-09-26-115311-e1758886761466.png\",\"width\":1000,\"height\":526},{\"@type\":\"BreadcrumbList\",\"@id\":\"https:\\\/\\\/resato-waterjet.com\\\/es\\\/producto\\\/piercing-drill-unit-dr-4\\\/#breadcrumb\",\"itemListElement\":[{\"@type\":\"ListItem\",\"position\":1,\"name\":\"Home\",\"item\":\"https:\\\/\\\/resato-waterjet.com\\\/fr\\\/\"},{\"@type\":\"ListItem\",\"position\":2,\"name\":\"Machines and Services\",\"item\":\"https:\\\/\\\/resato-waterjet.com\\\/en\\\/machines-and-services\\\/\"},{\"@type\":\"ListItem\",\"position\":3,\"name\":\"Piercing Drill Unit DR-4\"}]},{\"@type\":\"WebSite\",\"@id\":\"https:\\\/\\\/resato-waterjet.com\\\/en\\\/#website\",\"url\":\"https:\\\/\\\/resato-waterjet.com\\\/en\\\/\",\"name\":\"Resato Waterjet\",\"description\":\"Creating Magic with Water\",\"publisher\":{\"@id\":\"https:\\\/\\\/resato-waterjet.com\\\/en\\\/#organization\"},\"alternateName\":\"Resato\",\"potentialAction\":[{\"@type\":\"SearchAction\",\"target\":{\"@type\":\"EntryPoint\",\"urlTemplate\":\"https:\\\/\\\/resato-waterjet.com\\\/en\\\/?s={search_term_string}\"},\"query-input\":{\"@type\":\"PropertyValueSpecification\",\"valueRequired\":true,\"valueName\":\"search_term_string\"}}],\"inLanguage\":\"fr-FR\"},{\"@type\":\"Organization\",\"@id\":\"https:\\\/\\\/resato-waterjet.com\\\/en\\\/#organization\",\"name\":\"Resato Waterjet\",\"alternateName\":\"Resato\",\"url\":\"https:\\\/\\\/resato-waterjet.com\\\/en\\\/\",\"logo\":{\"@type\":\"ImageObject\",\"inLanguage\":\"fr-FR\",\"@id\":\"https:\\\/\\\/resato-waterjet.com\\\/en\\\/#\\\/schema\\\/logo\\\/image\\\/\",\"url\":\"https:\\\/\\\/mlwy9mbbs62x.i.optimole.com\\\/w:auto\\\/h:auto\\\/q:mauto\\\/f:avif\\\/https:\\\/\\\/resato-waterjet.com\\\/wp-content\\\/uploads\\\/2023\\\/03\\\/cropped-Resato-YOutube-Logo.png\",\"contentUrl\":\"https:\\\/\\\/mlwy9mbbs62x.i.optimole.com\\\/w:auto\\\/h:auto\\\/q:mauto\\\/f:avif\\\/https:\\\/\\\/resato-waterjet.com\\\/wp-content\\\/uploads\\\/2023\\\/03\\\/cropped-Resato-YOutube-Logo.png\",\"width\":512,\"height\":512,\"caption\":\"Resato Waterjet\"},\"image\":{\"@id\":\"https:\\\/\\\/resato-waterjet.com\\\/en\\\/#\\\/schema\\\/logo\\\/image\\\/\"},\"sameAs\":[\"https:\\\/\\\/www.linkedin.com\\\/company\\\/resato-waterjet-technology\\\/\"]}]}<\/script>\n<!-- \/ Yoast SEO plugin. -->","yoast_head_json":{"title":"Unit\u00e9 de per\u00e7age DR-4 - Resato Waterjet","description":"L'unit\u00e9 de per\u00e7age perforant DR-4 pour les syst\u00e8mes de d\u00e9coupe au jet d'eau Resato am\u00e9liore l'efficacit\u00e9 de la machine et permet une pr\u00e9cision accrue de l'usinage.","robots":{"index":"index","follow":"follow","max-snippet":"max-snippet:-1","max-image-preview":"max-image-preview:large","max-video-preview":"max-video-preview:-1"},"canonical":"https:\/\/resato-waterjet.com\/fr\/produit\/piercing-drill-unite-dr-4\/","og_locale":"fr_FR","og_type":"article","og_title":"Piercing Drill Unit DR-4 - Resato Waterjet","og_description":"The Piercing Drill Unit DR-4 for Resato Waterjet cutting systems enhances machine efficiency and allows for enhanced accuracy in machining.","og_url":"https:\/\/resato-waterjet.com\/fr\/produit\/piercing-drill-unite-dr-4\/","og_site_name":"Resato Waterjet","article_modified_time":"2025-09-26T11:39:36+00:00","og_image":[{"width":1000,"height":526,"url":"https:\/\/resato-waterjet.com\/wp-content\/uploads\/2023\/01\/Schermafbeelding-2025-09-26-115311-e1758886761466.png","type":"image\/png"}],"twitter_card":"summary_large_image","twitter_misc":{"Dur\u00e9e de lecture estim\u00e9e":"1 minute"},"schema":{"@context":"https:\/\/schema.org","@graph":[{"@type":"WebPage","@id":"https:\/\/resato-waterjet.com\/es\/producto\/piercing-drill-unit-dr-4\/","url":"https:\/\/resato-waterjet.com\/es\/producto\/piercing-drill-unit-dr-4\/","name":"Unit\u00e9 de per\u00e7age DR-4 - Resato Waterjet","isPartOf":{"@id":"https:\/\/resato-waterjet.com\/en\/#website"},"primaryImageOfPage":{"@id":"https:\/\/resato-waterjet.com\/es\/producto\/piercing-drill-unit-dr-4\/#primaryimage"},"image":{"@id":"https:\/\/resato-waterjet.com\/es\/producto\/piercing-drill-unit-dr-4\/#primaryimage"},"thumbnailUrl":"https:\/\/resato-waterjet.com\/wp-content\/uploads\/2023\/01\/Schermafbeelding-2025-09-26-115311-e1758886761466.png","datePublished":"2023-01-21T20:03:48+00:00","dateModified":"2025-09-26T11:39:36+00:00","description":"L'unit\u00e9 de per\u00e7age perforant DR-4 pour les syst\u00e8mes de d\u00e9coupe au jet d'eau Resato am\u00e9liore l'efficacit\u00e9 de la machine et permet une pr\u00e9cision accrue de l'usinage.","breadcrumb":{"@id":"https:\/\/resato-waterjet.com\/es\/producto\/piercing-drill-unit-dr-4\/#breadcrumb"},"inLanguage":"fr-FR","potentialAction":[{"@type":"ReadAction","target":["https:\/\/resato-waterjet.com\/es\/producto\/piercing-drill-unit-dr-4\/"]}]},{"@type":"ImageObject","inLanguage":"fr-FR","@id":"https:\/\/resato-waterjet.com\/es\/producto\/piercing-drill-unit-dr-4\/#primaryimage","url":"https:\/\/resato-waterjet.com\/wp-content\/uploads\/2023\/01\/Schermafbeelding-2025-09-26-115311-e1758886761466.png","contentUrl":"https:\/\/resato-waterjet.com\/wp-content\/uploads\/2023\/01\/Schermafbeelding-2025-09-26-115311-e1758886761466.png","width":1000,"height":526},{"@type":"BreadcrumbList","@id":"https:\/\/resato-waterjet.com\/es\/producto\/piercing-drill-unit-dr-4\/#breadcrumb","itemListElement":[{"@type":"ListItem","position":1,"name":"Home","item":"https:\/\/resato-waterjet.com\/fr\/"},{"@type":"ListItem","position":2,"name":"Machines and Services","item":"https:\/\/resato-waterjet.com\/en\/machines-and-services\/"},{"@type":"ListItem","position":3,"name":"Piercing Drill Unit DR-4"}]},{"@type":"WebSite","@id":"https:\/\/resato-waterjet.com\/en\/#website","url":"https:\/\/resato-waterjet.com\/en\/","name":"Jet d'eau Resato","description":"Cr\u00e9er de la magie avec l'eau","publisher":{"@id":"https:\/\/resato-waterjet.com\/en\/#organization"},"alternateName":"Resato","potentialAction":[{"@type":"SearchAction","target":{"@type":"EntryPoint","urlTemplate":"https:\/\/resato-waterjet.com\/en\/?s={search_term_string}"},"query-input":{"@type":"PropertyValueSpecification","valueRequired":true,"valueName":"search_term_string"}}],"inLanguage":"fr-FR"},{"@type":"Organization","@id":"https:\/\/resato-waterjet.com\/en\/#organization","name":"Jet d'eau Resato","alternateName":"Resato","url":"https:\/\/resato-waterjet.com\/en\/","logo":{"@type":"ImageObject","inLanguage":"fr-FR","@id":"https:\/\/resato-waterjet.com\/en\/#\/schema\/logo\/image\/","url":"https:\/\/mlwy9mbbs62x.i.optimole.com\/w:auto\/h:auto\/q:mauto\/f:avif\/https:\/\/resato-waterjet.com\/wp-content\/uploads\/2023\/03\/cropped-Resato-YOutube-Logo.png","contentUrl":"https:\/\/mlwy9mbbs62x.i.optimole.com\/w:auto\/h:auto\/q:mauto\/f:avif\/https:\/\/resato-waterjet.com\/wp-content\/uploads\/2023\/03\/cropped-Resato-YOutube-Logo.png","width":512,"height":512,"caption":"Resato Waterjet"},"image":{"@id":"https:\/\/resato-waterjet.com\/en\/#\/schema\/logo\/image\/"},"sameAs":["https:\/\/www.linkedin.com\/company\/resato-waterjet-technology\/"]}]}},"_links":{"self":[{"href":"https:\/\/resato-waterjet.com\/fr\/wp-json\/wp\/v2\/product\/9102","targetHints":{"allow":["GET"]}}],"collection":[{"href":"https:\/\/resato-waterjet.com\/fr\/wp-json\/wp\/v2\/product"}],"about":[{"href":"https:\/\/resato-waterjet.com\/fr\/wp-json\/wp\/v2\/types\/product"}],"version-history":[{"count":2,"href":"https:\/\/resato-waterjet.com\/fr\/wp-json\/wp\/v2\/product\/9102\/revisions"}],"predecessor-version":[{"id":10826,"href":"https:\/\/resato-waterjet.com\/fr\/wp-json\/wp\/v2\/product\/9102\/revisions\/10826"}],"wp:featuredmedia":[{"embeddable":true,"href":"https:\/\/resato-waterjet.com\/fr\/wp-json\/wp\/v2\/media\/11278"}],"wp:attachment":[{"href":"https:\/\/resato-waterjet.com\/fr\/wp-json\/wp\/v2\/media?parent=9102"}],"wp:term":[{"taxonomy":"product_brand","embeddable":true,"href":"https:\/\/resato-waterjet.com\/fr\/wp-json\/wp\/v2\/product_brand?post=9102"},{"taxonomy":"product_cat","embeddable":true,"href":"https:\/\/resato-waterjet.com\/fr\/wp-json\/wp\/v2\/product_cat?post=9102"},{"taxonomy":"product_tag","embeddable":true,"href":"https:\/\/resato-waterjet.com\/fr\/wp-json\/wp\/v2\/product_tag?post=9102"}],"curies":[{"name":"wp","href":"https:\/\/api.w.org\/{rel}","templated":true}]}}