{"id":9099,"date":"2023-01-21T20:02:43","date_gmt":"2023-01-21T20:02:43","guid":{"rendered":"https:\/\/resato-waterjet.com\/?post_type=product&#038;p=9099"},"modified":"2024-01-22T11:54:21","modified_gmt":"2024-01-22T11:54:21","slug":"tete-de-coupe-2d","status":"publish","type":"product","link":"https:\/\/resato-waterjet.com\/fr\/product\/2d-cutting-head\/","title":{"rendered":"T\u00eate de d\u00e9coupe 2D"},"content":{"rendered":"<p class=\"translation-block\">La t\u00eate de d\u00e9coupe 2D a une chambre de m\u00e9lange durable dans le temps et tr\u00e8s r\u00e9sistante et seulement deux pi\u00e8ces d'usure: la buse d'eau et le tube de m\u00e9lange abrasif.\nLe portique de la table de coupe comporte 1 ou 2 t\u00eates de coupe, chacune mont\u00e9e sur une plaque de chariot. Les plaques de chariot sont \u00e9quip\u00e9es de moteurs lin\u00e9aires \u00e0 entra\u00eenement direct qui permettent de r\u00e9gler rapidement et facilement la distance correcte entre les deux t\u00eates de coupe \u00e0 partir de la console de commande. Cette distance varie de 350 mm \u00e0 1500 mm.\nLes machines de la s\u00e9rie ACM 3000 ont \u00e9galement une caract\u00e9ristique particuli\u00e8re : en cas d'utilisation de 2 t\u00eates de d\u00e9coupe, la zone de d\u00e9coupe effective pour 1 t\u00eate reste de 3000 mm dans une position de d\u00e9coupe 2D.<\/p>\n<p>&nbsp;<\/p>\n<p class=\"translation-block\"><strong>Alimentateur \u00e9lectronique<\/strong><br>\nPour une vitesse et un qualit\u00e9 de d\u00e9coupe optimale, chaque t\u00eate de d\u00e9coupe est connect\u00e9e au syst\u00e8me de dosage abrasif \u00e9lectronique, localis\u00e9 sur la chariot de chaque t\u00eate de d\u00e9coupe contenant un petit tampon int\u00e9gr\u00e9 afin d\u2019assurer une addition d\u2019abrasif fiable, consistent et continuellement variable.<\/p>\n<p>&nbsp;<\/p>\n<p><strong>Sp\u00e9cifications techniques <\/strong><\/p>\n<table style=\"height: 200px;\" width=\"744\">\n<tbody>\n<tr>\n<td width=\"183\">2D T\u00eate de coupe<\/td>\n<td width=\"115\"><\/td>\n<\/tr>\n<tr>\n<td>Pression maximale<\/td>\n<td>4000 bar<\/td>\n<\/tr>\n<tr>\n<td>Valve pneumatique<\/td>\n<td>Pression d'ouverture 6,5 bar<\/td>\n<\/tr>\n<tr>\n<td>La buse d\u2019eau<\/td>\n<td>0,25mm\/ 0,35mm\/ 0,4mm<\/td>\n<\/tr>\n<tr>\n<td>Tube de m\u00e9lange abrasif<\/td>\n<td>Standard 0,76mm et 1,02 mm<\/td>\n<\/tr>\n<\/tbody>\n<\/table>\n<p>&nbsp;<\/p>\n<p><strong>Options des t\u00eates de d\u00e9coupe 2D<\/strong><br \/>\nPlusieurs options et fonctions peuvent \u00eatre ajout\u00e9es \u00e0 la t\u00eate de d\u00e9coupe afin d'am\u00e9liorer d'avantage vos performances de d\u00e9coupe au jet d'eau. Consultez les options disponibles pour mettre \u00e0 niveau votre t\u00eate de d\u00e9coupe !<\/p>","protected":false},"excerpt":{"rendered":"<p><strong>Compatible avec abrasif et eau pure<\/strong><\/p>\n<ul>\n<li>Conception modulaire<\/li>\n<li>Extr\u00eamement pr\u00e9cis<\/li>\n<li>Solution compacte<\/li>\n<\/ul>","protected":false},"featured_media":9101,"template":"","meta":{"content-type":""},"product_brand":[],"product_cat":[123,121],"product_tag":[124],"class_list":{"0":"post-9099","1":"product","2":"type-product","3":"status-publish","4":"has-post-thumbnail","6":"product_cat-cutting-heads","7":"product_cat-waterjet-cutting-machines","8":"product_tag-cutting-heads","10":"first","11":"instock","12":"shipping-taxable","13":"product-type-external"},"yoast_head":"<!-- This site is optimized with the Yoast SEO plugin v27.4 - https:\/\/yoast.com\/product\/yoast-seo-wordpress\/ -->\n<title>2D Cutting Head - Resato Waterjet<\/title>\n<meta name=\"description\" content=\"A 2D cutting head for a waterjet cutting machine works on X-Y axis to cut straight shapes accurately. The abrasive dosing system reduces abrasive spending.\" \/>\n<meta name=\"robots\" content=\"index, follow, max-snippet:-1, max-image-preview:large, max-video-preview:-1\" \/>\n<link rel=\"canonical\" href=\"https:\/\/resato-waterjet.com\/fr\/produit\/tete-de-coupe-2d\/\" \/>\n<meta property=\"og:locale\" content=\"fr_FR\" \/>\n<meta property=\"og:type\" content=\"article\" \/>\n<meta property=\"og:title\" content=\"2D Cutting Head - Resato Waterjet\" \/>\n<meta property=\"og:description\" content=\"A 2D cutting head for a waterjet cutting machine works on X-Y axis to cut straight shapes accurately. The abrasive dosing system reduces abrasive spending.\" \/>\n<meta property=\"og:url\" content=\"https:\/\/resato-waterjet.com\/fr\/produit\/tete-de-coupe-2d\/\" \/>\n<meta property=\"og:site_name\" content=\"Resato Waterjet\" \/>\n<meta property=\"article:modified_time\" content=\"2024-01-22T11:54:21+00:00\" \/>\n<meta property=\"og:image\" content=\"https:\/\/resato-waterjet.com\/wp-content\/uploads\/2023\/01\/2D-close-up-right.jpg\" \/>\n\t<meta property=\"og:image:width\" content=\"760\" \/>\n\t<meta property=\"og:image:height\" content=\"400\" \/>\n\t<meta property=\"og:image:type\" content=\"image\/jpeg\" \/>\n<meta name=\"twitter:card\" content=\"summary_large_image\" \/>\n<meta name=\"twitter:label1\" content=\"Dur\u00e9e de lecture estim\u00e9e\" \/>\n\t<meta name=\"twitter:data1\" content=\"2 minutes\" \/>\n<script type=\"application\/ld+json\" class=\"yoast-schema-graph\">{\"@context\":\"https:\\\/\\\/schema.org\",\"@graph\":[{\"@type\":\"WebPage\",\"@id\":\"https:\\\/\\\/resato-waterjet.com\\\/es\\\/producto\\\/2d-cabeza-de-corte\\\/\",\"url\":\"https:\\\/\\\/resato-waterjet.com\\\/es\\\/producto\\\/2d-cabeza-de-corte\\\/\",\"name\":\"2D Cutting Head - Resato Waterjet\",\"isPartOf\":{\"@id\":\"https:\\\/\\\/resato-waterjet.com\\\/en\\\/#website\"},\"primaryImageOfPage\":{\"@id\":\"https:\\\/\\\/resato-waterjet.com\\\/es\\\/producto\\\/2d-cabeza-de-corte\\\/#primaryimage\"},\"image\":{\"@id\":\"https:\\\/\\\/resato-waterjet.com\\\/es\\\/producto\\\/2d-cabeza-de-corte\\\/#primaryimage\"},\"thumbnailUrl\":\"https:\\\/\\\/resato-waterjet.com\\\/wp-content\\\/uploads\\\/2023\\\/01\\\/2D-close-up-right.jpg\",\"datePublished\":\"2023-01-21T20:02:43+00:00\",\"dateModified\":\"2024-01-22T11:54:21+00:00\",\"description\":\"A 2D cutting head for a waterjet cutting machine works on X-Y axis to cut straight shapes accurately. The abrasive dosing system reduces abrasive spending.\",\"breadcrumb\":{\"@id\":\"https:\\\/\\\/resato-waterjet.com\\\/es\\\/producto\\\/2d-cabeza-de-corte\\\/#breadcrumb\"},\"inLanguage\":\"fr-FR\",\"potentialAction\":[{\"@type\":\"ReadAction\",\"target\":[\"https:\\\/\\\/resato-waterjet.com\\\/es\\\/producto\\\/2d-cabeza-de-corte\\\/\"]}]},{\"@type\":\"ImageObject\",\"inLanguage\":\"fr-FR\",\"@id\":\"https:\\\/\\\/resato-waterjet.com\\\/es\\\/producto\\\/2d-cabeza-de-corte\\\/#primaryimage\",\"url\":\"https:\\\/\\\/resato-waterjet.com\\\/wp-content\\\/uploads\\\/2023\\\/01\\\/2D-close-up-right.jpg\",\"contentUrl\":\"https:\\\/\\\/resato-waterjet.com\\\/wp-content\\\/uploads\\\/2023\\\/01\\\/2D-close-up-right.jpg\",\"width\":760,\"height\":400,\"caption\":\"2D Cutting Heads\"},{\"@type\":\"BreadcrumbList\",\"@id\":\"https:\\\/\\\/resato-waterjet.com\\\/es\\\/producto\\\/2d-cabeza-de-corte\\\/#breadcrumb\",\"itemListElement\":[{\"@type\":\"ListItem\",\"position\":1,\"name\":\"Home\",\"item\":\"https:\\\/\\\/resato-waterjet.com\\\/fr\\\/\"},{\"@type\":\"ListItem\",\"position\":2,\"name\":\"Machines and Services\",\"item\":\"https:\\\/\\\/resato-waterjet.com\\\/en\\\/machines-and-services\\\/\"},{\"@type\":\"ListItem\",\"position\":3,\"name\":\"2D Cutting Head\"}]},{\"@type\":\"WebSite\",\"@id\":\"https:\\\/\\\/resato-waterjet.com\\\/en\\\/#website\",\"url\":\"https:\\\/\\\/resato-waterjet.com\\\/en\\\/\",\"name\":\"Resato Waterjet\",\"description\":\"Creating Magic with Water\",\"publisher\":{\"@id\":\"https:\\\/\\\/resato-waterjet.com\\\/en\\\/#organization\"},\"alternateName\":\"Resato\",\"potentialAction\":[{\"@type\":\"SearchAction\",\"target\":{\"@type\":\"EntryPoint\",\"urlTemplate\":\"https:\\\/\\\/resato-waterjet.com\\\/en\\\/?s={search_term_string}\"},\"query-input\":{\"@type\":\"PropertyValueSpecification\",\"valueRequired\":true,\"valueName\":\"search_term_string\"}}],\"inLanguage\":\"fr-FR\"},{\"@type\":\"Organization\",\"@id\":\"https:\\\/\\\/resato-waterjet.com\\\/en\\\/#organization\",\"name\":\"Resato Waterjet\",\"alternateName\":\"Resato\",\"url\":\"https:\\\/\\\/resato-waterjet.com\\\/en\\\/\",\"logo\":{\"@type\":\"ImageObject\",\"inLanguage\":\"fr-FR\",\"@id\":\"https:\\\/\\\/resato-waterjet.com\\\/en\\\/#\\\/schema\\\/logo\\\/image\\\/\",\"url\":\"https:\\\/\\\/mlwy9mbbs62x.i.optimole.com\\\/w:auto\\\/h:auto\\\/q:mauto\\\/f:avif\\\/https:\\\/\\\/resato-waterjet.com\\\/wp-content\\\/uploads\\\/2023\\\/03\\\/cropped-Resato-YOutube-Logo.png\",\"contentUrl\":\"https:\\\/\\\/mlwy9mbbs62x.i.optimole.com\\\/w:auto\\\/h:auto\\\/q:mauto\\\/f:avif\\\/https:\\\/\\\/resato-waterjet.com\\\/wp-content\\\/uploads\\\/2023\\\/03\\\/cropped-Resato-YOutube-Logo.png\",\"width\":512,\"height\":512,\"caption\":\"Resato Waterjet\"},\"image\":{\"@id\":\"https:\\\/\\\/resato-waterjet.com\\\/en\\\/#\\\/schema\\\/logo\\\/image\\\/\"},\"sameAs\":[\"https:\\\/\\\/www.linkedin.com\\\/company\\\/resato-waterjet-technology\\\/\"]}]}<\/script>\n<!-- \/ Yoast SEO plugin. -->","yoast_head_json":{"title":"T\u00eate de d\u00e9coupe 2D - Resato Waterjet","description":"Une t\u00eate de d\u00e9coupe 2D pour une machine de d\u00e9coupe au jet d'eau fonctionne sur l'axe X-Y pour d\u00e9couper avec pr\u00e9cision des formes droites. Le syst\u00e8me de dosage d'abrasif r\u00e9duit les d\u00e9penses d'abrasif.","robots":{"index":"index","follow":"follow","max-snippet":"max-snippet:-1","max-image-preview":"max-image-preview:large","max-video-preview":"max-video-preview:-1"},"canonical":"https:\/\/resato-waterjet.com\/fr\/produit\/tete-de-coupe-2d\/","og_locale":"fr_FR","og_type":"article","og_title":"2D Cutting Head - Resato Waterjet","og_description":"A 2D cutting head for a waterjet cutting machine works on X-Y axis to cut straight shapes accurately. The abrasive dosing system reduces abrasive spending.","og_url":"https:\/\/resato-waterjet.com\/fr\/produit\/tete-de-coupe-2d\/","og_site_name":"Resato Waterjet","article_modified_time":"2024-01-22T11:54:21+00:00","og_image":[{"width":760,"height":400,"url":"https:\/\/resato-waterjet.com\/wp-content\/uploads\/2023\/01\/2D-close-up-right.jpg","type":"image\/jpeg"}],"twitter_card":"summary_large_image","twitter_misc":{"Dur\u00e9e de lecture estim\u00e9e":"2 minutes"},"schema":{"@context":"https:\/\/schema.org","@graph":[{"@type":"WebPage","@id":"https:\/\/resato-waterjet.com\/es\/producto\/2d-cabeza-de-corte\/","url":"https:\/\/resato-waterjet.com\/es\/producto\/2d-cabeza-de-corte\/","name":"T\u00eate de d\u00e9coupe 2D - Resato Waterjet","isPartOf":{"@id":"https:\/\/resato-waterjet.com\/en\/#website"},"primaryImageOfPage":{"@id":"https:\/\/resato-waterjet.com\/es\/producto\/2d-cabeza-de-corte\/#primaryimage"},"image":{"@id":"https:\/\/resato-waterjet.com\/es\/producto\/2d-cabeza-de-corte\/#primaryimage"},"thumbnailUrl":"https:\/\/resato-waterjet.com\/wp-content\/uploads\/2023\/01\/2D-close-up-right.jpg","datePublished":"2023-01-21T20:02:43+00:00","dateModified":"2024-01-22T11:54:21+00:00","description":"Une t\u00eate de d\u00e9coupe 2D pour une machine de d\u00e9coupe au jet d'eau fonctionne sur l'axe X-Y pour d\u00e9couper avec pr\u00e9cision des formes droites. Le syst\u00e8me de dosage d'abrasif r\u00e9duit les d\u00e9penses d'abrasif.","breadcrumb":{"@id":"https:\/\/resato-waterjet.com\/es\/producto\/2d-cabeza-de-corte\/#breadcrumb"},"inLanguage":"fr-FR","potentialAction":[{"@type":"ReadAction","target":["https:\/\/resato-waterjet.com\/es\/producto\/2d-cabeza-de-corte\/"]}]},{"@type":"ImageObject","inLanguage":"fr-FR","@id":"https:\/\/resato-waterjet.com\/es\/producto\/2d-cabeza-de-corte\/#primaryimage","url":"https:\/\/resato-waterjet.com\/wp-content\/uploads\/2023\/01\/2D-close-up-right.jpg","contentUrl":"https:\/\/resato-waterjet.com\/wp-content\/uploads\/2023\/01\/2D-close-up-right.jpg","width":760,"height":400,"caption":"2D Cutting Heads"},{"@type":"BreadcrumbList","@id":"https:\/\/resato-waterjet.com\/es\/producto\/2d-cabeza-de-corte\/#breadcrumb","itemListElement":[{"@type":"ListItem","position":1,"name":"Home","item":"https:\/\/resato-waterjet.com\/fr\/"},{"@type":"ListItem","position":2,"name":"Machines and Services","item":"https:\/\/resato-waterjet.com\/en\/machines-and-services\/"},{"@type":"ListItem","position":3,"name":"2D Cutting Head"}]},{"@type":"WebSite","@id":"https:\/\/resato-waterjet.com\/en\/#website","url":"https:\/\/resato-waterjet.com\/en\/","name":"Jet d'eau Resato","description":"Cr\u00e9er de la magie avec l'eau","publisher":{"@id":"https:\/\/resato-waterjet.com\/en\/#organization"},"alternateName":"Resato","potentialAction":[{"@type":"SearchAction","target":{"@type":"EntryPoint","urlTemplate":"https:\/\/resato-waterjet.com\/en\/?s={search_term_string}"},"query-input":{"@type":"PropertyValueSpecification","valueRequired":true,"valueName":"search_term_string"}}],"inLanguage":"fr-FR"},{"@type":"Organization","@id":"https:\/\/resato-waterjet.com\/en\/#organization","name":"Jet d'eau Resato","alternateName":"Resato","url":"https:\/\/resato-waterjet.com\/en\/","logo":{"@type":"ImageObject","inLanguage":"fr-FR","@id":"https:\/\/resato-waterjet.com\/en\/#\/schema\/logo\/image\/","url":"https:\/\/mlwy9mbbs62x.i.optimole.com\/w:auto\/h:auto\/q:mauto\/f:avif\/https:\/\/resato-waterjet.com\/wp-content\/uploads\/2023\/03\/cropped-Resato-YOutube-Logo.png","contentUrl":"https:\/\/mlwy9mbbs62x.i.optimole.com\/w:auto\/h:auto\/q:mauto\/f:avif\/https:\/\/resato-waterjet.com\/wp-content\/uploads\/2023\/03\/cropped-Resato-YOutube-Logo.png","width":512,"height":512,"caption":"Resato Waterjet"},"image":{"@id":"https:\/\/resato-waterjet.com\/en\/#\/schema\/logo\/image\/"},"sameAs":["https:\/\/www.linkedin.com\/company\/resato-waterjet-technology\/"]}]}},"_links":{"self":[{"href":"https:\/\/resato-waterjet.com\/fr\/wp-json\/wp\/v2\/product\/9099","targetHints":{"allow":["GET"]}}],"collection":[{"href":"https:\/\/resato-waterjet.com\/fr\/wp-json\/wp\/v2\/product"}],"about":[{"href":"https:\/\/resato-waterjet.com\/fr\/wp-json\/wp\/v2\/types\/product"}],"version-history":[{"count":5,"href":"https:\/\/resato-waterjet.com\/fr\/wp-json\/wp\/v2\/product\/9099\/revisions"}],"predecessor-version":[{"id":10286,"href":"https:\/\/resato-waterjet.com\/fr\/wp-json\/wp\/v2\/product\/9099\/revisions\/10286"}],"wp:featuredmedia":[{"embeddable":true,"href":"https:\/\/resato-waterjet.com\/fr\/wp-json\/wp\/v2\/media\/9101"}],"wp:attachment":[{"href":"https:\/\/resato-waterjet.com\/fr\/wp-json\/wp\/v2\/media?parent=9099"}],"wp:term":[{"taxonomy":"product_brand","embeddable":true,"href":"https:\/\/resato-waterjet.com\/fr\/wp-json\/wp\/v2\/product_brand?post=9099"},{"taxonomy":"product_cat","embeddable":true,"href":"https:\/\/resato-waterjet.com\/fr\/wp-json\/wp\/v2\/product_cat?post=9099"},{"taxonomy":"product_tag","embeddable":true,"href":"https:\/\/resato-waterjet.com\/fr\/wp-json\/wp\/v2\/product_tag?post=9099"}],"curies":[{"name":"wp","href":"https:\/\/api.w.org\/{rel}","templated":true}]}}