{"id":9086,"date":"2023-01-21T19:26:41","date_gmt":"2023-01-21T19:26:41","guid":{"rendered":"https:\/\/resato-waterjet.com\/?post_type=product&#038;p=9086"},"modified":"2024-01-22T11:54:36","modified_gmt":"2024-01-22T11:54:36","slug":"acm-table-de-coupe-options","status":"publish","type":"product","link":"https:\/\/resato-waterjet.com\/fr\/product\/acm-cutting-table-options\/","title":{"rendered":"Options de tables de d\u00e9coupe ACM"},"content":{"rendered":"<p><strong>UWC<\/strong><br \/>\nUn syst\u00e8me de r\u00e9glage semi automatique du niveau d\u2019eau peut \u00eatre install\u00e9 \u00e0 l'int\u00e9rieur du receveur ce qui permet un r\u00e9glage plus rapide du niveau d\u2019eau. Le niveau d\u2019eau est r\u00e9gl\u00e9 et contr\u00f4l\u00e9 par le HMI. Avec un contr\u00f4le semi-automatique du niveau d\u2019eau, certaines parties peuvent \u00eatre submerg\u00e9es pour la d\u00e9coupe afin de r\u00e9duire le bruit et les \u00e9claboussures d\u2019eau. Le derri\u00e8re du receveur est ajust\u00e9 avec un \u201chorloge d\u2019air\u201d, contr\u00f4l\u00e9 depuis la console de l\u2019op\u00e9rateur. Le niveau d\u2019eau peut \u00eatre r\u00e9gl\u00e9 de 0 mm jusqu'\u00e0 50 mm de la table de d\u00e9coupe.<\/p>\n<p>&nbsp;<\/p>\n<p><strong>Filtre Cascade<\/strong><br \/>\nLe filtre en cascade est positionn\u00e9 entre le trop-plein et l'\u00e9vacuation du bac de r\u00e9cup\u00e9ration et a pour fonction de r\u00e9duire la teneur en d\u00e9chets de mat\u00e9riaux et en agents abrasifs dans l'eau d'\u00e9vacuation.<\/p>\n<p>&nbsp;<\/p>\n<p class=\"translation-block\"><strong>Commande \u00e0 distance<\/strong><br>\n\nLa commande \u00e0 distance permet de limiter le fonctionnement de la machine loin du panneau de commande et de contr\u00f4ler les mouvements de la <a href=\"https:\/\/resato-waterjet.com\/fr\/tetes-de-coupe\/\" target=\"_self\">t\u00eate de coupe<\/a> \u00e0 l'int\u00e9rieur de la zone de s\u00e9curit\u00e9 de la machine.\nLa commande manuelle sert \u00e0 positionner la t\u00eate de coupe de mani\u00e8re s\u00fbre, par exemple pour d\u00e9finir une position de d\u00e9part qui peut ensuite \u00eatre reprise par la console de  commande. Une fois la t\u00eate de coupe positionn\u00e9e, la machine peut \u00eatre command\u00e9e depuis la console de commande afin de garantir \u00e0 tout moment un environnement de travail s\u00fbr.<\/p>","protected":false},"excerpt":{"rendered":"<p>R\u00e9duction du bruit et des \u00e9claboussures d'eau lors de la coupe sous l'eau. Un syst\u00e8me de contr\u00f4le semi-automatique du niveau d'eau peut \u00eatre install\u00e9 dans le bac de r\u00e9cup\u00e9ration pour permettre un ajustement plus rapide du niveau d'eau.<\/p>","protected":false},"featured_media":9088,"template":"","meta":{"content-type":""},"product_brand":[],"product_cat":[121],"product_tag":[122],"class_list":{"0":"post-9086","1":"product","2":"type-product","3":"status-publish","4":"has-post-thumbnail","6":"product_cat-waterjet-cutting-machines","7":"product_tag-waterjet-cutting-machines","9":"first","10":"instock","11":"shipping-taxable","12":"product-type-external"},"yoast_head":"<!-- This site is optimized with the Yoast SEO plugin v27.3 - https:\/\/yoast.com\/product\/yoast-seo-wordpress\/ -->\n<title>ACM Cutting Table Options - Resato Waterjet<\/title>\n<meta name=\"description\" content=\"Are these ACM Cutting Table Options suitable for you? UWC, Cascade Filter, and remote control options are part of Resato&#039;s offerings.\" \/>\n<meta name=\"robots\" content=\"index, follow, max-snippet:-1, max-image-preview:large, max-video-preview:-1\" \/>\n<link rel=\"canonical\" href=\"https:\/\/resato-waterjet.com\/fr\/produit\/acm-table-de-coupe-options\/\" \/>\n<meta property=\"og:locale\" content=\"fr_FR\" \/>\n<meta property=\"og:type\" content=\"article\" \/>\n<meta property=\"og:title\" content=\"ACM Cutting Table Options - Resato Waterjet\" \/>\n<meta property=\"og:description\" content=\"Are these ACM Cutting Table Options suitable for you? UWC, Cascade Filter, and remote control options are part of Resato&#039;s offerings.\" \/>\n<meta property=\"og:url\" content=\"https:\/\/resato-waterjet.com\/fr\/produit\/acm-table-de-coupe-options\/\" \/>\n<meta property=\"og:site_name\" content=\"Resato Waterjet\" \/>\n<meta property=\"article:modified_time\" content=\"2024-01-22T11:54:36+00:00\" \/>\n<meta property=\"og:image\" content=\"https:\/\/resato-waterjet.com\/wp-content\/uploads\/2023\/01\/Semi-automatic-water-level-control-system-option-for-cutting-table.jpg\" \/>\n\t<meta property=\"og:image:width\" content=\"760\" \/>\n\t<meta property=\"og:image:height\" content=\"400\" \/>\n\t<meta property=\"og:image:type\" content=\"image\/jpeg\" \/>\n<meta name=\"twitter:card\" content=\"summary_large_image\" \/>\n<meta name=\"twitter:label1\" content=\"Dur\u00e9e de lecture estim\u00e9e\" \/>\n\t<meta name=\"twitter:data1\" content=\"2 minutes\" \/>\n<script type=\"application\/ld+json\" class=\"yoast-schema-graph\">{\"@context\":\"https:\\\/\\\/schema.org\",\"@graph\":[{\"@type\":\"WebPage\",\"@id\":\"https:\\\/\\\/resato-waterjet.com\\\/es\\\/producto\\\/acm-cutting-table-options\\\/\",\"url\":\"https:\\\/\\\/resato-waterjet.com\\\/es\\\/producto\\\/acm-cutting-table-options\\\/\",\"name\":\"ACM Cutting Table Options - Resato Waterjet\",\"isPartOf\":{\"@id\":\"https:\\\/\\\/resato-waterjet.com\\\/en\\\/#website\"},\"primaryImageOfPage\":{\"@id\":\"https:\\\/\\\/resato-waterjet.com\\\/es\\\/producto\\\/acm-cutting-table-options\\\/#primaryimage\"},\"image\":{\"@id\":\"https:\\\/\\\/resato-waterjet.com\\\/es\\\/producto\\\/acm-cutting-table-options\\\/#primaryimage\"},\"thumbnailUrl\":\"https:\\\/\\\/resato-waterjet.com\\\/wp-content\\\/uploads\\\/2023\\\/01\\\/Semi-automatic-water-level-control-system-option-for-cutting-table.jpg\",\"datePublished\":\"2023-01-21T19:26:41+00:00\",\"dateModified\":\"2024-01-22T11:54:36+00:00\",\"description\":\"Are these ACM Cutting Table Options suitable for you? UWC, Cascade Filter, and remote control options are part of Resato's offerings.\",\"breadcrumb\":{\"@id\":\"https:\\\/\\\/resato-waterjet.com\\\/es\\\/producto\\\/acm-cutting-table-options\\\/#breadcrumb\"},\"inLanguage\":\"fr-FR\",\"potentialAction\":[{\"@type\":\"ReadAction\",\"target\":[\"https:\\\/\\\/resato-waterjet.com\\\/es\\\/producto\\\/acm-cutting-table-options\\\/\"]}]},{\"@type\":\"ImageObject\",\"inLanguage\":\"fr-FR\",\"@id\":\"https:\\\/\\\/resato-waterjet.com\\\/es\\\/producto\\\/acm-cutting-table-options\\\/#primaryimage\",\"url\":\"https:\\\/\\\/resato-waterjet.com\\\/wp-content\\\/uploads\\\/2023\\\/01\\\/Semi-automatic-water-level-control-system-option-for-cutting-table.jpg\",\"contentUrl\":\"https:\\\/\\\/resato-waterjet.com\\\/wp-content\\\/uploads\\\/2023\\\/01\\\/Semi-automatic-water-level-control-system-option-for-cutting-table.jpg\",\"width\":760,\"height\":400,\"caption\":\"ACM Cutting Table Options\"},{\"@type\":\"BreadcrumbList\",\"@id\":\"https:\\\/\\\/resato-waterjet.com\\\/es\\\/producto\\\/acm-cutting-table-options\\\/#breadcrumb\",\"itemListElement\":[{\"@type\":\"ListItem\",\"position\":1,\"name\":\"Home\",\"item\":\"https:\\\/\\\/resato-waterjet.com\\\/fr\\\/\"},{\"@type\":\"ListItem\",\"position\":2,\"name\":\"Machines and Services\",\"item\":\"https:\\\/\\\/resato-waterjet.com\\\/en\\\/machines-and-services\\\/\"},{\"@type\":\"ListItem\",\"position\":3,\"name\":\"ACM Cutting Table Options\"}]},{\"@type\":\"WebSite\",\"@id\":\"https:\\\/\\\/resato-waterjet.com\\\/en\\\/#website\",\"url\":\"https:\\\/\\\/resato-waterjet.com\\\/en\\\/\",\"name\":\"Resato Waterjet\",\"description\":\"Creating Magic with Water\",\"publisher\":{\"@id\":\"https:\\\/\\\/resato-waterjet.com\\\/en\\\/#organization\"},\"alternateName\":\"Resato\",\"potentialAction\":[{\"@type\":\"SearchAction\",\"target\":{\"@type\":\"EntryPoint\",\"urlTemplate\":\"https:\\\/\\\/resato-waterjet.com\\\/en\\\/?s={search_term_string}\"},\"query-input\":{\"@type\":\"PropertyValueSpecification\",\"valueRequired\":true,\"valueName\":\"search_term_string\"}}],\"inLanguage\":\"fr-FR\"},{\"@type\":\"Organization\",\"@id\":\"https:\\\/\\\/resato-waterjet.com\\\/en\\\/#organization\",\"name\":\"Resato Waterjet\",\"alternateName\":\"Resato\",\"url\":\"https:\\\/\\\/resato-waterjet.com\\\/en\\\/\",\"logo\":{\"@type\":\"ImageObject\",\"inLanguage\":\"fr-FR\",\"@id\":\"https:\\\/\\\/resato-waterjet.com\\\/en\\\/#\\\/schema\\\/logo\\\/image\\\/\",\"url\":\"https:\\\/\\\/mlwy9mbbs62x.i.optimole.com\\\/w:auto\\\/h:auto\\\/q:mauto\\\/f:avif\\\/https:\\\/\\\/resato-waterjet.com\\\/wp-content\\\/uploads\\\/2023\\\/03\\\/cropped-Resato-YOutube-Logo.png\",\"contentUrl\":\"https:\\\/\\\/mlwy9mbbs62x.i.optimole.com\\\/w:auto\\\/h:auto\\\/q:mauto\\\/f:avif\\\/https:\\\/\\\/resato-waterjet.com\\\/wp-content\\\/uploads\\\/2023\\\/03\\\/cropped-Resato-YOutube-Logo.png\",\"width\":512,\"height\":512,\"caption\":\"Resato Waterjet\"},\"image\":{\"@id\":\"https:\\\/\\\/resato-waterjet.com\\\/en\\\/#\\\/schema\\\/logo\\\/image\\\/\"},\"sameAs\":[\"https:\\\/\\\/www.linkedin.com\\\/company\\\/resato-waterjet-technology\\\/\"]}]}<\/script>\n<!-- \/ Yoast SEO plugin. -->","yoast_head_json":{"title":"Options de table de d\u00e9coupe ACM - Resato Waterjet","description":"Ces options de table de d\u00e9coupe ACM vous conviennent-elles\u00a0? Les options UWC, Cascade Filter et t\u00e9l\u00e9commande font partie des offres de Resato.","robots":{"index":"index","follow":"follow","max-snippet":"max-snippet:-1","max-image-preview":"max-image-preview:large","max-video-preview":"max-video-preview:-1"},"canonical":"https:\/\/resato-waterjet.com\/fr\/produit\/acm-table-de-coupe-options\/","og_locale":"fr_FR","og_type":"article","og_title":"ACM Cutting Table Options - Resato Waterjet","og_description":"Are these ACM Cutting Table Options suitable for you? UWC, Cascade Filter, and remote control options are part of Resato's offerings.","og_url":"https:\/\/resato-waterjet.com\/fr\/produit\/acm-table-de-coupe-options\/","og_site_name":"Resato Waterjet","article_modified_time":"2024-01-22T11:54:36+00:00","og_image":[{"width":760,"height":400,"url":"https:\/\/resato-waterjet.com\/wp-content\/uploads\/2023\/01\/Semi-automatic-water-level-control-system-option-for-cutting-table.jpg","type":"image\/jpeg"}],"twitter_card":"summary_large_image","twitter_misc":{"Dur\u00e9e de lecture estim\u00e9e":"2 minutes"},"schema":{"@context":"https:\/\/schema.org","@graph":[{"@type":"WebPage","@id":"https:\/\/resato-waterjet.com\/es\/producto\/acm-cutting-table-options\/","url":"https:\/\/resato-waterjet.com\/es\/producto\/acm-cutting-table-options\/","name":"Options de table de d\u00e9coupe ACM - Resato Waterjet","isPartOf":{"@id":"https:\/\/resato-waterjet.com\/en\/#website"},"primaryImageOfPage":{"@id":"https:\/\/resato-waterjet.com\/es\/producto\/acm-cutting-table-options\/#primaryimage"},"image":{"@id":"https:\/\/resato-waterjet.com\/es\/producto\/acm-cutting-table-options\/#primaryimage"},"thumbnailUrl":"https:\/\/resato-waterjet.com\/wp-content\/uploads\/2023\/01\/Semi-automatic-water-level-control-system-option-for-cutting-table.jpg","datePublished":"2023-01-21T19:26:41+00:00","dateModified":"2024-01-22T11:54:36+00:00","description":"Ces options de table de d\u00e9coupe ACM vous conviennent-elles\u00a0? Les options UWC, Cascade Filter et t\u00e9l\u00e9commande font partie des offres de Resato.","breadcrumb":{"@id":"https:\/\/resato-waterjet.com\/es\/producto\/acm-cutting-table-options\/#breadcrumb"},"inLanguage":"fr-FR","potentialAction":[{"@type":"ReadAction","target":["https:\/\/resato-waterjet.com\/es\/producto\/acm-cutting-table-options\/"]}]},{"@type":"ImageObject","inLanguage":"fr-FR","@id":"https:\/\/resato-waterjet.com\/es\/producto\/acm-cutting-table-options\/#primaryimage","url":"https:\/\/resato-waterjet.com\/wp-content\/uploads\/2023\/01\/Semi-automatic-water-level-control-system-option-for-cutting-table.jpg","contentUrl":"https:\/\/resato-waterjet.com\/wp-content\/uploads\/2023\/01\/Semi-automatic-water-level-control-system-option-for-cutting-table.jpg","width":760,"height":400,"caption":"ACM Cutting Table Options"},{"@type":"BreadcrumbList","@id":"https:\/\/resato-waterjet.com\/es\/producto\/acm-cutting-table-options\/#breadcrumb","itemListElement":[{"@type":"ListItem","position":1,"name":"Home","item":"https:\/\/resato-waterjet.com\/fr\/"},{"@type":"ListItem","position":2,"name":"Machines and Services","item":"https:\/\/resato-waterjet.com\/en\/machines-and-services\/"},{"@type":"ListItem","position":3,"name":"ACM Cutting Table Options"}]},{"@type":"WebSite","@id":"https:\/\/resato-waterjet.com\/en\/#website","url":"https:\/\/resato-waterjet.com\/en\/","name":"Jet d'eau Resato","description":"Cr\u00e9er de la magie avec l'eau","publisher":{"@id":"https:\/\/resato-waterjet.com\/en\/#organization"},"alternateName":"Resato","potentialAction":[{"@type":"SearchAction","target":{"@type":"EntryPoint","urlTemplate":"https:\/\/resato-waterjet.com\/en\/?s={search_term_string}"},"query-input":{"@type":"PropertyValueSpecification","valueRequired":true,"valueName":"search_term_string"}}],"inLanguage":"fr-FR"},{"@type":"Organization","@id":"https:\/\/resato-waterjet.com\/en\/#organization","name":"Jet d'eau Resato","alternateName":"Resato","url":"https:\/\/resato-waterjet.com\/en\/","logo":{"@type":"ImageObject","inLanguage":"fr-FR","@id":"https:\/\/resato-waterjet.com\/en\/#\/schema\/logo\/image\/","url":"https:\/\/mlwy9mbbs62x.i.optimole.com\/w:auto\/h:auto\/q:mauto\/f:avif\/https:\/\/resato-waterjet.com\/wp-content\/uploads\/2023\/03\/cropped-Resato-YOutube-Logo.png","contentUrl":"https:\/\/mlwy9mbbs62x.i.optimole.com\/w:auto\/h:auto\/q:mauto\/f:avif\/https:\/\/resato-waterjet.com\/wp-content\/uploads\/2023\/03\/cropped-Resato-YOutube-Logo.png","width":512,"height":512,"caption":"Resato Waterjet"},"image":{"@id":"https:\/\/resato-waterjet.com\/en\/#\/schema\/logo\/image\/"},"sameAs":["https:\/\/www.linkedin.com\/company\/resato-waterjet-technology\/"]}]}},"_links":{"self":[{"href":"https:\/\/resato-waterjet.com\/fr\/wp-json\/wp\/v2\/product\/9086","targetHints":{"allow":["GET"]}}],"collection":[{"href":"https:\/\/resato-waterjet.com\/fr\/wp-json\/wp\/v2\/product"}],"about":[{"href":"https:\/\/resato-waterjet.com\/fr\/wp-json\/wp\/v2\/types\/product"}],"version-history":[{"count":2,"href":"https:\/\/resato-waterjet.com\/fr\/wp-json\/wp\/v2\/product\/9086\/revisions"}],"predecessor-version":[{"id":10827,"href":"https:\/\/resato-waterjet.com\/fr\/wp-json\/wp\/v2\/product\/9086\/revisions\/10827"}],"wp:featuredmedia":[{"embeddable":true,"href":"https:\/\/resato-waterjet.com\/fr\/wp-json\/wp\/v2\/media\/9088"}],"wp:attachment":[{"href":"https:\/\/resato-waterjet.com\/fr\/wp-json\/wp\/v2\/media?parent=9086"}],"wp:term":[{"taxonomy":"product_brand","embeddable":true,"href":"https:\/\/resato-waterjet.com\/fr\/wp-json\/wp\/v2\/product_brand?post=9086"},{"taxonomy":"product_cat","embeddable":true,"href":"https:\/\/resato-waterjet.com\/fr\/wp-json\/wp\/v2\/product_cat?post=9086"},{"taxonomy":"product_tag","embeddable":true,"href":"https:\/\/resato-waterjet.com\/fr\/wp-json\/wp\/v2\/product_tag?post=9086"}],"curies":[{"name":"wp","href":"https:\/\/api.w.org\/{rel}","templated":true}]}}