{"id":9083,"date":"2023-01-21T19:22:14","date_gmt":"2023-01-21T19:22:14","guid":{"rendered":"https:\/\/resato-waterjet.com\/?post_type=product&#038;p=9083"},"modified":"2025-09-26T08:31:17","modified_gmt":"2025-09-26T08:31:17","slug":"zone-flexible","status":"publish","type":"product","link":"https:\/\/resato-waterjet.com\/fr\/product\/flex-zone\/","title":{"rendered":"Flex-Zone"},"content":{"rendered":"<p><strong>Flex-Zone Plus d'efficacit\u00e9 en toute s\u00e9curit\u00e9<\/strong><\/p>\n<p class=\"translation-block\"><a href=\"https:\/\/www.youtube.com\/watch?v=jnt5C1iBW9U\" target=\"_self\">Alors que la table \u00e9tait auparavant  hors de port\u00e9e <\/a> pendant la coupe, la Flex-Zone permet d\u00e9sormais de la charger et de la d\u00e9charger librement et en toute s\u00e9curit\u00e9 pendant le processus de coupe. Les temps d'arr\u00eat sont r\u00e9duits au minimum, tandis que la production et le temps de travail de l'op\u00e9rateur sont optimis\u00e9s.<\/p>\n<p class=\"translation-block\">Des rideaux sont plac\u00e9s en g\u00e9n\u00e9ral autour de <a href=\"https:\/\/resato-waterjet.com\/fr\/tableas-de-coupe\/\" target=\"_self\">la table de d\u00e9coupe<\/a> pour garantir la s\u00e9curit\u00e9 de l\u2019op\u00e9rateur. Avec l\u2019ACM Flex-Zone de Resato, la dispositif de s\u00e9curit\u00e9 est mont\u00e9e sur le portique m\u00eame. Celui-ci se d\u00e9place le long de la zone de travail de la t\u00eate de d\u00e9coupe. La Flex-Zone cr\u00e9e des zones de travail flexibles et accessibles sur la table de d\u00e9coupe pendant la d\u00e9coupe. Elle rend la table accessible aux op\u00e9rateurs pendant le processus de coupe.<\/p>\n<p>&nbsp;<\/p>\n<p><iframe loading=\"lazy\" title=\"Resato - ACM Flex-zone\" width=\"1300\" height=\"731\" src=\"https:\/\/www.youtube.com\/embed\/jnt5C1iBW9U?feature=oembed\" frameborder=\"0\" allow=\"accelerometer; autoplay; clipboard-write; encrypted-media; gyroscope; picture-in-picture; web-share\" referrerpolicy=\"strict-origin-when-cross-origin\" allowfullscreen><\/iframe><\/p>\n<p>&nbsp;<\/p>\n<p class=\"translation-block\"><strong>Op\u00e9ration<\/strong><br>\nLa zone ACM Flex comprend deux rideaux plac\u00e9es \u00e0 une certaine distance de la t\u00eate de d\u00e9coupe et du portique. Le passage de ce rideau lumineux pendant le fonctionnement de la machine entra\u00eene l'arr\u00eat direct de la t\u00eate de d\u00e9coupe et des servomoteurs et offre un acc\u00e8s s\u00e9curis\u00e9 aux composants du portique.<\/p>\n<p>En quelques clics, la console peut lib\u00e9rer la zone prot\u00e9g\u00e9e et le processus de d\u00e9coupe peut reprendre. L'op\u00e9rateur peut charger et d\u00e9charger en dehors de la zone s\u00e9curis\u00e9e pendant que la d\u00e9coupe est en cours.<\/p>","protected":false},"excerpt":{"rendered":"<p>L\u2019ACM Flex-Zone: Plus d'efficacit\u00e9 dans un environnement s\u00e9curis\u00e9<\/p>\n<ul>\n<li>Processus de d\u00e9coupe plus efficace<\/li>\n<li>Fonctionnement sans personnel<\/li>\n<li>Environnement de travail plus propre<\/li>\n<\/ul>","protected":false},"featured_media":9085,"template":"","meta":{"content-type":""},"product_brand":[],"product_cat":[121],"product_tag":[122],"class_list":{"0":"post-9083","1":"product","2":"type-product","3":"status-publish","4":"has-post-thumbnail","6":"product_cat-waterjet-cutting-machines","7":"product_tag-waterjet-cutting-machines","9":"first","10":"instock","11":"shipping-taxable","12":"product-type-external"},"yoast_head":"<!-- This site is optimized with the Yoast SEO plugin v27.3 - https:\/\/yoast.com\/product\/yoast-seo-wordpress\/ -->\n<title>Flex-Zone - Resato Waterjet<\/title>\n<meta name=\"description\" content=\"The ACM Flex-Zone implements a front and back light curtain around the gantry at a specific distance to the cutting head and gantry.\" \/>\n<meta name=\"robots\" content=\"index, follow, max-snippet:-1, max-image-preview:large, max-video-preview:-1\" \/>\n<link rel=\"canonical\" href=\"https:\/\/resato-waterjet.com\/fr\/produit\/zone-flexible\/\" \/>\n<meta property=\"og:locale\" content=\"fr_FR\" \/>\n<meta property=\"og:type\" content=\"article\" \/>\n<meta property=\"og:title\" content=\"Flex-Zone - Resato Waterjet\" \/>\n<meta property=\"og:description\" content=\"The ACM Flex-Zone implements a front and back light curtain around the gantry at a specific distance to the cutting head and gantry.\" \/>\n<meta property=\"og:url\" content=\"https:\/\/resato-waterjet.com\/fr\/produit\/zone-flexible\/\" \/>\n<meta property=\"og:site_name\" content=\"Resato Waterjet\" \/>\n<meta property=\"article:modified_time\" content=\"2025-09-26T08:31:17+00:00\" \/>\n<meta property=\"og:image\" content=\"https:\/\/resato-waterjet.com\/wp-content\/uploads\/2023\/01\/Flexzone-option-render-1-e1758875453336.png\" \/>\n\t<meta property=\"og:image:width\" content=\"1920\" \/>\n\t<meta property=\"og:image:height\" content=\"1011\" \/>\n\t<meta property=\"og:image:type\" content=\"image\/png\" \/>\n<meta name=\"twitter:card\" content=\"summary_large_image\" \/>\n<meta name=\"twitter:label1\" content=\"Dur\u00e9e de lecture estim\u00e9e\" \/>\n\t<meta name=\"twitter:data1\" content=\"2 minutes\" \/>\n<script type=\"application\/ld+json\" class=\"yoast-schema-graph\">{\"@context\":\"https:\\\/\\\/schema.org\",\"@graph\":[{\"@type\":\"WebPage\",\"@id\":\"https:\\\/\\\/resato-waterjet.com\\\/en\\\/product\\\/flex-zone\\\/\",\"url\":\"https:\\\/\\\/resato-waterjet.com\\\/en\\\/product\\\/flex-zone\\\/\",\"name\":\"Flex-Zone - Resato Waterjet\",\"isPartOf\":{\"@id\":\"https:\\\/\\\/resato-waterjet.com\\\/en\\\/#website\"},\"primaryImageOfPage\":{\"@id\":\"https:\\\/\\\/resato-waterjet.com\\\/en\\\/product\\\/flex-zone\\\/#primaryimage\"},\"image\":{\"@id\":\"https:\\\/\\\/resato-waterjet.com\\\/en\\\/product\\\/flex-zone\\\/#primaryimage\"},\"thumbnailUrl\":\"https:\\\/\\\/resato-waterjet.com\\\/wp-content\\\/uploads\\\/2023\\\/01\\\/Flexzone-option-render-1-e1758875453336.png\",\"datePublished\":\"2023-01-21T19:22:14+00:00\",\"dateModified\":\"2025-09-26T08:31:17+00:00\",\"description\":\"The ACM Flex-Zone implements a front and back light curtain around the gantry at a specific distance to the cutting head and gantry.\",\"breadcrumb\":{\"@id\":\"https:\\\/\\\/resato-waterjet.com\\\/en\\\/product\\\/flex-zone\\\/#breadcrumb\"},\"inLanguage\":\"fr-FR\",\"potentialAction\":[{\"@type\":\"ReadAction\",\"target\":[\"https:\\\/\\\/resato-waterjet.com\\\/en\\\/product\\\/flex-zone\\\/\"]}]},{\"@type\":\"ImageObject\",\"inLanguage\":\"fr-FR\",\"@id\":\"https:\\\/\\\/resato-waterjet.com\\\/en\\\/product\\\/flex-zone\\\/#primaryimage\",\"url\":\"https:\\\/\\\/resato-waterjet.com\\\/wp-content\\\/uploads\\\/2023\\\/01\\\/Flexzone-option-render-1-e1758875453336.png\",\"contentUrl\":\"https:\\\/\\\/resato-waterjet.com\\\/wp-content\\\/uploads\\\/2023\\\/01\\\/Flexzone-option-render-1-e1758875453336.png\",\"width\":1920,\"height\":1011,\"caption\":\"Flex-zone\"},{\"@type\":\"BreadcrumbList\",\"@id\":\"https:\\\/\\\/resato-waterjet.com\\\/en\\\/product\\\/flex-zone\\\/#breadcrumb\",\"itemListElement\":[{\"@type\":\"ListItem\",\"position\":1,\"name\":\"Home\",\"item\":\"https:\\\/\\\/resato-waterjet.com\\\/fr\\\/\"},{\"@type\":\"ListItem\",\"position\":2,\"name\":\"Machines and Services\",\"item\":\"https:\\\/\\\/resato-waterjet.com\\\/en\\\/machines-and-services\\\/\"},{\"@type\":\"ListItem\",\"position\":3,\"name\":\"Flex-Zone\"}]},{\"@type\":\"WebSite\",\"@id\":\"https:\\\/\\\/resato-waterjet.com\\\/en\\\/#website\",\"url\":\"https:\\\/\\\/resato-waterjet.com\\\/en\\\/\",\"name\":\"Resato Waterjet\",\"description\":\"Creating Magic with Water\",\"publisher\":{\"@id\":\"https:\\\/\\\/resato-waterjet.com\\\/en\\\/#organization\"},\"alternateName\":\"Resato\",\"potentialAction\":[{\"@type\":\"SearchAction\",\"target\":{\"@type\":\"EntryPoint\",\"urlTemplate\":\"https:\\\/\\\/resato-waterjet.com\\\/en\\\/?s={search_term_string}\"},\"query-input\":{\"@type\":\"PropertyValueSpecification\",\"valueRequired\":true,\"valueName\":\"search_term_string\"}}],\"inLanguage\":\"fr-FR\"},{\"@type\":\"Organization\",\"@id\":\"https:\\\/\\\/resato-waterjet.com\\\/en\\\/#organization\",\"name\":\"Resato Waterjet\",\"alternateName\":\"Resato\",\"url\":\"https:\\\/\\\/resato-waterjet.com\\\/en\\\/\",\"logo\":{\"@type\":\"ImageObject\",\"inLanguage\":\"fr-FR\",\"@id\":\"https:\\\/\\\/resato-waterjet.com\\\/en\\\/#\\\/schema\\\/logo\\\/image\\\/\",\"url\":\"https:\\\/\\\/mlwy9mbbs62x.i.optimole.com\\\/w:auto\\\/h:auto\\\/q:mauto\\\/f:avif\\\/https:\\\/\\\/resato-waterjet.com\\\/wp-content\\\/uploads\\\/2023\\\/03\\\/cropped-Resato-YOutube-Logo.png\",\"contentUrl\":\"https:\\\/\\\/mlwy9mbbs62x.i.optimole.com\\\/w:auto\\\/h:auto\\\/q:mauto\\\/f:avif\\\/https:\\\/\\\/resato-waterjet.com\\\/wp-content\\\/uploads\\\/2023\\\/03\\\/cropped-Resato-YOutube-Logo.png\",\"width\":512,\"height\":512,\"caption\":\"Resato Waterjet\"},\"image\":{\"@id\":\"https:\\\/\\\/resato-waterjet.com\\\/en\\\/#\\\/schema\\\/logo\\\/image\\\/\"},\"sameAs\":[\"https:\\\/\\\/www.linkedin.com\\\/company\\\/resato-waterjet-technology\\\/\"]}]}<\/script>\n<!-- \/ Yoast SEO plugin. -->","yoast_head_json":{"title":"Flex-Zone - Resato Waterjet","description":"L'ACM Flex-Zone impl\u00e9mente un rideau lumineux avant et arri\u00e8re autour du portique \u00e0 une distance sp\u00e9cifique de la t\u00eate de coupe et du portique.","robots":{"index":"index","follow":"follow","max-snippet":"max-snippet:-1","max-image-preview":"max-image-preview:large","max-video-preview":"max-video-preview:-1"},"canonical":"https:\/\/resato-waterjet.com\/fr\/produit\/zone-flexible\/","og_locale":"fr_FR","og_type":"article","og_title":"Flex-Zone - Resato Waterjet","og_description":"The ACM Flex-Zone implements a front and back light curtain around the gantry at a specific distance to the cutting head and gantry.","og_url":"https:\/\/resato-waterjet.com\/fr\/produit\/zone-flexible\/","og_site_name":"Resato Waterjet","article_modified_time":"2025-09-26T08:31:17+00:00","og_image":[{"width":1920,"height":1011,"url":"https:\/\/resato-waterjet.com\/wp-content\/uploads\/2023\/01\/Flexzone-option-render-1-e1758875453336.png","type":"image\/png"}],"twitter_card":"summary_large_image","twitter_misc":{"Dur\u00e9e de lecture estim\u00e9e":"2 minutes"},"schema":{"@context":"https:\/\/schema.org","@graph":[{"@type":"WebPage","@id":"https:\/\/resato-waterjet.com\/en\/product\/flex-zone\/","url":"https:\/\/resato-waterjet.com\/en\/product\/flex-zone\/","name":"Flex-Zone - Resato Waterjet","isPartOf":{"@id":"https:\/\/resato-waterjet.com\/en\/#website"},"primaryImageOfPage":{"@id":"https:\/\/resato-waterjet.com\/en\/product\/flex-zone\/#primaryimage"},"image":{"@id":"https:\/\/resato-waterjet.com\/en\/product\/flex-zone\/#primaryimage"},"thumbnailUrl":"https:\/\/resato-waterjet.com\/wp-content\/uploads\/2023\/01\/Flexzone-option-render-1-e1758875453336.png","datePublished":"2023-01-21T19:22:14+00:00","dateModified":"2025-09-26T08:31:17+00:00","description":"L'ACM Flex-Zone impl\u00e9mente un rideau lumineux avant et arri\u00e8re autour du portique \u00e0 une distance sp\u00e9cifique de la t\u00eate de coupe et du portique.","breadcrumb":{"@id":"https:\/\/resato-waterjet.com\/en\/product\/flex-zone\/#breadcrumb"},"inLanguage":"fr-FR","potentialAction":[{"@type":"ReadAction","target":["https:\/\/resato-waterjet.com\/en\/product\/flex-zone\/"]}]},{"@type":"ImageObject","inLanguage":"fr-FR","@id":"https:\/\/resato-waterjet.com\/en\/product\/flex-zone\/#primaryimage","url":"https:\/\/resato-waterjet.com\/wp-content\/uploads\/2023\/01\/Flexzone-option-render-1-e1758875453336.png","contentUrl":"https:\/\/resato-waterjet.com\/wp-content\/uploads\/2023\/01\/Flexzone-option-render-1-e1758875453336.png","width":1920,"height":1011,"caption":"Flex-zone"},{"@type":"BreadcrumbList","@id":"https:\/\/resato-waterjet.com\/en\/product\/flex-zone\/#breadcrumb","itemListElement":[{"@type":"ListItem","position":1,"name":"Home","item":"https:\/\/resato-waterjet.com\/fr\/"},{"@type":"ListItem","position":2,"name":"Machines and Services","item":"https:\/\/resato-waterjet.com\/en\/machines-and-services\/"},{"@type":"ListItem","position":3,"name":"Flex-Zone"}]},{"@type":"WebSite","@id":"https:\/\/resato-waterjet.com\/en\/#website","url":"https:\/\/resato-waterjet.com\/en\/","name":"Jet d'eau Resato","description":"Cr\u00e9er de la magie avec l'eau","publisher":{"@id":"https:\/\/resato-waterjet.com\/en\/#organization"},"alternateName":"Resato","potentialAction":[{"@type":"SearchAction","target":{"@type":"EntryPoint","urlTemplate":"https:\/\/resato-waterjet.com\/en\/?s={search_term_string}"},"query-input":{"@type":"PropertyValueSpecification","valueRequired":true,"valueName":"search_term_string"}}],"inLanguage":"fr-FR"},{"@type":"Organization","@id":"https:\/\/resato-waterjet.com\/en\/#organization","name":"Jet d'eau Resato","alternateName":"Resato","url":"https:\/\/resato-waterjet.com\/en\/","logo":{"@type":"ImageObject","inLanguage":"fr-FR","@id":"https:\/\/resato-waterjet.com\/en\/#\/schema\/logo\/image\/","url":"https:\/\/mlwy9mbbs62x.i.optimole.com\/w:auto\/h:auto\/q:mauto\/f:avif\/https:\/\/resato-waterjet.com\/wp-content\/uploads\/2023\/03\/cropped-Resato-YOutube-Logo.png","contentUrl":"https:\/\/mlwy9mbbs62x.i.optimole.com\/w:auto\/h:auto\/q:mauto\/f:avif\/https:\/\/resato-waterjet.com\/wp-content\/uploads\/2023\/03\/cropped-Resato-YOutube-Logo.png","width":512,"height":512,"caption":"Resato Waterjet"},"image":{"@id":"https:\/\/resato-waterjet.com\/en\/#\/schema\/logo\/image\/"},"sameAs":["https:\/\/www.linkedin.com\/company\/resato-waterjet-technology\/"]}]}},"_links":{"self":[{"href":"https:\/\/resato-waterjet.com\/fr\/wp-json\/wp\/v2\/product\/9083","targetHints":{"allow":["GET"]}}],"collection":[{"href":"https:\/\/resato-waterjet.com\/fr\/wp-json\/wp\/v2\/product"}],"about":[{"href":"https:\/\/resato-waterjet.com\/fr\/wp-json\/wp\/v2\/types\/product"}],"version-history":[{"count":3,"href":"https:\/\/resato-waterjet.com\/fr\/wp-json\/wp\/v2\/product\/9083\/revisions"}],"predecessor-version":[{"id":10828,"href":"https:\/\/resato-waterjet.com\/fr\/wp-json\/wp\/v2\/product\/9083\/revisions\/10828"}],"wp:featuredmedia":[{"embeddable":true,"href":"https:\/\/resato-waterjet.com\/fr\/wp-json\/wp\/v2\/media\/9085"}],"wp:attachment":[{"href":"https:\/\/resato-waterjet.com\/fr\/wp-json\/wp\/v2\/media?parent=9083"}],"wp:term":[{"taxonomy":"product_brand","embeddable":true,"href":"https:\/\/resato-waterjet.com\/fr\/wp-json\/wp\/v2\/product_brand?post=9083"},{"taxonomy":"product_cat","embeddable":true,"href":"https:\/\/resato-waterjet.com\/fr\/wp-json\/wp\/v2\/product_cat?post=9083"},{"taxonomy":"product_tag","embeddable":true,"href":"https:\/\/resato-waterjet.com\/fr\/wp-json\/wp\/v2\/product_tag?post=9083"}],"curies":[{"name":"wp","href":"https:\/\/api.w.org\/{rel}","templated":true}]}}