{"id":9080,"date":"2023-01-21T18:39:32","date_gmt":"2023-01-21T18:39:32","guid":{"rendered":"https:\/\/resato-waterjet.com\/?post_type=product&#038;p=9080"},"modified":"2025-09-26T08:38:01","modified_gmt":"2025-09-26T08:38:01","slug":"acm-machine-de-decoupe-au-jet-d-eau","status":"publish","type":"product","link":"https:\/\/resato-waterjet.com\/fr\/product\/acm-waterjet-cutting-machine\/","title":{"rendered":"Machine de d\u00e9coupe par jet d\u2019eau ACM"},"content":{"rendered":"<p>La table de d\u00e9coupe est constitu\u00e9e d'une structure en acier faite avec pr\u00e9cision et de moteurs lin\u00e9aires \u00e0 entra\u00eenement direct sur chacun des deux axes principaux. Pour atteindre la pr\u00e9cision requise, le portique et la plaque de chariot automotrice sont entra\u00een\u00e9s par deux moteurs lin\u00e9aires \u00e0 entra\u00eenement direct de chaque c\u00f4t\u00e9. Il en r\u00e9sulte une plage de vitesse de 1 \u00e0 30.000 mm\/min.<\/p>\n<p>L'utilisation de ces composants et de cette construction permet \u00e0 l'installation d'atteindre une pr\u00e9cision de positionnement reproductible de =\/- 50 (\u00e0 20 \u00b0C) sur toute la gamme de la machine. Les guidages et les entra\u00eenements sont convenablement prot\u00e9g\u00e9s de l'eau et des abrasifs par des soufflets et un rev\u00eatement protecteur en acier inoxydable.<\/p>\n<p>&nbsp;<\/p>\n<p><strong>Production automatique<\/strong><br \/>\nGr\u00e2ce au contr\u00f4le automatique de la pompe haute pression PJ, des chargeurs d'abrasifs et des param\u00e8tres du processus, une surveillance permanente pendant le processus de coupe n'est pas n\u00e9cessaire. Les jets d'eau Resato sont \u00e9quip\u00e9s d'une fonction d'arr\u00eat automatique qui se d\u00e9clenche une fois la t\u00e2che de d\u00e9coupe termin\u00e9e. Cela signifie que toutes les unit\u00e9s fonctionnent en mode veille ou s'arr\u00eatent et ne consomment pratiquement pas d'\u00e9nergie.<\/p>\n<p>&nbsp;<\/p>\n<table style=\"height: 357px;\" width=\"741\">\n<tbody>\n<tr>\n<td width=\"98\">Type de machine<\/td>\n<td width=\"115\">Gamme de d\u00e9coupe nette<\/td>\n<td width=\"104\">\u00a0Type de machine<\/td>\n<td width=\"223\">Gamme de d\u00e9coupe nette par t\u00eate de d\u00e9coupe<\/td>\n<\/tr>\n<tr>\n<td>1 t\u00eate de d\u00e9coupe<\/td>\n<td>en 2D<\/td>\n<td>2 t\u00eates de d\u00e9coupe<\/td>\n<td>en 2D<\/td>\n<\/tr>\n<tr>\n<td>ACM 2015-1<\/td>\n<td>2020\u00d71520 mm<\/td>\n<td>ACM 2015-2<\/td>\n<td>1670\u00d71520 mm<\/td>\n<\/tr>\n<tr>\n<td>ACM 2040-1<\/td>\n<td>2020\u00d74020 mm<\/td>\n<td>ACM 2040-2<\/td>\n<td>1670\u00d74020 mm<\/td>\n<\/tr>\n<tr>\n<td>ACM 2060-1<\/td>\n<td>2020\u00d76020 mm<\/td>\n<td>ACM 2060-2<\/td>\n<td>1670\u00d76020 mm<\/td>\n<\/tr>\n<tr>\n<td>ACM 3015-1<\/td>\n<td>3020\u00d71520 mm<\/td>\n<td>ACM 3015-2<\/td>\n<td>3020\u00d71520 mm<\/td>\n<\/tr>\n<tr>\n<td>ACM 3030-1<\/td>\n<td>3020\u00d73020 mm<\/td>\n<td>ACM 3030-2<\/td>\n<td>3020\u00d73020 mm<\/td>\n<\/tr>\n<tr>\n<td>ACM 3040-1<\/td>\n<td>3020\u00d74020 mm<\/td>\n<td>ACM 3040-2<\/td>\n<td>3020\u00d74020 mm<\/td>\n<\/tr>\n<tr>\n<td>ACM 3060-1<\/td>\n<td>3020\u00d76020 mm<\/td>\n<td>ACM 3060-2<\/td>\n<td>3020\u00d76020 mm<\/td>\n<\/tr>\n<tr>\n<td>ACM 3080-1<\/td>\n<td>3020\u00d78020 mm<\/td>\n<td>ACM 3080-2<\/td>\n<td>3020\u00d78020 mm<\/td>\n<\/tr>\n<tr>\n<td>ACM 30100-1<\/td>\n<td>3020\u00d710020 mm<\/td>\n<td>ACM 30100-2<\/td>\n<td>3020\u00d710020 mm<\/td>\n<\/tr>\n<\/tbody>\n<\/table>\n<p>&nbsp;<\/p>","protected":false},"excerpt":{"rendered":"<p><strong>Les moteurs \u00e0 impulsions lin\u00e9aires directes:<\/strong><\/p>\n<ul>\n<li>Meilleur comportement de coupe et pr\u00e9cision absolue de r\u00e9p\u00e9tition (sans sauvegarde n\u00e9cessaire) de la t\u00eate de coupe par rapport aux transitions m\u00e9caniques traditionnelles utilisant une broche, un pignon, une cr\u00e9maill\u00e8re et des engrenages.<\/li>\n<li>Peu d'entretien gr\u00e2ce au proc\u00e9d\u00e9 sans contact, associ\u00e9 \u00e0 une consommation fortement r\u00e9duite de pi\u00e8ces et donc une diminution du risque d'usure.<\/li>\n<li>Large gamme de vitesses de coupe et de taquage, r\u00e9glable de tr\u00e8s faible \u00e0 tr\u00e8s \u00e9lev\u00e9e.<\/li>\n<li>Le temps de r\u00e9ponse rapide permet de modifier \u00e0 temps la vitesse de coupe.<\/li>\n<\/ul>","protected":false},"featured_media":11267,"template":"","meta":{"content-type":""},"product_brand":[],"product_cat":[121],"product_tag":[122],"class_list":{"0":"post-9080","1":"product","2":"type-product","3":"status-publish","4":"has-post-thumbnail","6":"product_cat-waterjet-cutting-machines","7":"product_tag-waterjet-cutting-machines","9":"first","10":"instock","11":"shipping-taxable","12":"product-type-external"},"yoast_head":"<!-- This site is optimized with the Yoast SEO plugin v27.3 - https:\/\/yoast.com\/product\/yoast-seo-wordpress\/ -->\n<title>ACM Waterjet cutting machine - Resato Waterjet<\/title>\n<meta name=\"description\" content=\"The ACM Waterjet cutting table comprises a precision-built steel construction embodying linear direct-drive motors on each of the two main axes.\" \/>\n<meta name=\"robots\" content=\"index, follow, max-snippet:-1, max-image-preview:large, max-video-preview:-1\" \/>\n<link rel=\"canonical\" href=\"https:\/\/resato-waterjet.com\/fr\/produit\/acm-machine-de-decoupe-au-jet-d-eau\/\" \/>\n<meta property=\"og:locale\" content=\"fr_FR\" \/>\n<meta property=\"og:type\" content=\"article\" \/>\n<meta property=\"og:title\" content=\"ACM Waterjet cutting machine - Resato Waterjet\" \/>\n<meta property=\"og:description\" content=\"The ACM Waterjet cutting table comprises a precision-built steel construction embodying linear direct-drive motors on each of the two main axes.\" \/>\n<meta property=\"og:url\" content=\"https:\/\/resato-waterjet.com\/fr\/produit\/acm-machine-de-decoupe-au-jet-d-eau\/\" \/>\n<meta property=\"og:site_name\" content=\"Resato Waterjet\" \/>\n<meta property=\"article:modified_time\" content=\"2025-09-26T08:38:01+00:00\" \/>\n<meta property=\"og:image\" content=\"https:\/\/resato-waterjet.com\/wp-content\/uploads\/2023\/01\/acm-enkel-breed-e1758875858302.png\" \/>\n\t<meta property=\"og:image:width\" content=\"1036\" \/>\n\t<meta property=\"og:image:height\" content=\"545\" \/>\n\t<meta property=\"og:image:type\" content=\"image\/png\" \/>\n<meta name=\"twitter:card\" content=\"summary_large_image\" \/>\n<meta name=\"twitter:label1\" content=\"Dur\u00e9e de lecture estim\u00e9e\" \/>\n\t<meta name=\"twitter:data1\" content=\"2 minutes\" \/>\n<script type=\"application\/ld+json\" class=\"yoast-schema-graph\">{\"@context\":\"https:\\\/\\\/schema.org\",\"@graph\":[{\"@type\":\"WebPage\",\"@id\":\"https:\\\/\\\/resato-waterjet.com\\\/en\\\/product\\\/acm-waterjet-cutting-machine\\\/\",\"url\":\"https:\\\/\\\/resato-waterjet.com\\\/en\\\/product\\\/acm-waterjet-cutting-machine\\\/\",\"name\":\"ACM Waterjet cutting machine - Resato Waterjet\",\"isPartOf\":{\"@id\":\"https:\\\/\\\/resato-waterjet.com\\\/en\\\/#website\"},\"primaryImageOfPage\":{\"@id\":\"https:\\\/\\\/resato-waterjet.com\\\/en\\\/product\\\/acm-waterjet-cutting-machine\\\/#primaryimage\"},\"image\":{\"@id\":\"https:\\\/\\\/resato-waterjet.com\\\/en\\\/product\\\/acm-waterjet-cutting-machine\\\/#primaryimage\"},\"thumbnailUrl\":\"https:\\\/\\\/resato-waterjet.com\\\/wp-content\\\/uploads\\\/2023\\\/01\\\/acm-enkel-breed-e1758875858302.png\",\"datePublished\":\"2023-01-21T18:39:32+00:00\",\"dateModified\":\"2025-09-26T08:38:01+00:00\",\"description\":\"The ACM Waterjet cutting table comprises a precision-built steel construction embodying linear direct-drive motors on each of the two main axes.\",\"breadcrumb\":{\"@id\":\"https:\\\/\\\/resato-waterjet.com\\\/en\\\/product\\\/acm-waterjet-cutting-machine\\\/#breadcrumb\"},\"inLanguage\":\"fr-FR\",\"potentialAction\":[{\"@type\":\"ReadAction\",\"target\":[\"https:\\\/\\\/resato-waterjet.com\\\/en\\\/product\\\/acm-waterjet-cutting-machine\\\/\"]}]},{\"@type\":\"ImageObject\",\"inLanguage\":\"fr-FR\",\"@id\":\"https:\\\/\\\/resato-waterjet.com\\\/en\\\/product\\\/acm-waterjet-cutting-machine\\\/#primaryimage\",\"url\":\"https:\\\/\\\/resato-waterjet.com\\\/wp-content\\\/uploads\\\/2023\\\/01\\\/acm-enkel-breed-e1758875858302.png\",\"contentUrl\":\"https:\\\/\\\/resato-waterjet.com\\\/wp-content\\\/uploads\\\/2023\\\/01\\\/acm-enkel-breed-e1758875858302.png\",\"width\":1036,\"height\":545},{\"@type\":\"BreadcrumbList\",\"@id\":\"https:\\\/\\\/resato-waterjet.com\\\/en\\\/product\\\/acm-waterjet-cutting-machine\\\/#breadcrumb\",\"itemListElement\":[{\"@type\":\"ListItem\",\"position\":1,\"name\":\"Home\",\"item\":\"https:\\\/\\\/resato-waterjet.com\\\/fr\\\/\"},{\"@type\":\"ListItem\",\"position\":2,\"name\":\"Machines and Services\",\"item\":\"https:\\\/\\\/resato-waterjet.com\\\/en\\\/machines-and-services\\\/\"},{\"@type\":\"ListItem\",\"position\":3,\"name\":\"ACM Waterjet cutting machine\"}]},{\"@type\":\"WebSite\",\"@id\":\"https:\\\/\\\/resato-waterjet.com\\\/en\\\/#website\",\"url\":\"https:\\\/\\\/resato-waterjet.com\\\/en\\\/\",\"name\":\"Resato Waterjet\",\"description\":\"Creating Magic with Water\",\"publisher\":{\"@id\":\"https:\\\/\\\/resato-waterjet.com\\\/en\\\/#organization\"},\"alternateName\":\"Resato\",\"potentialAction\":[{\"@type\":\"SearchAction\",\"target\":{\"@type\":\"EntryPoint\",\"urlTemplate\":\"https:\\\/\\\/resato-waterjet.com\\\/en\\\/?s={search_term_string}\"},\"query-input\":{\"@type\":\"PropertyValueSpecification\",\"valueRequired\":true,\"valueName\":\"search_term_string\"}}],\"inLanguage\":\"fr-FR\"},{\"@type\":\"Organization\",\"@id\":\"https:\\\/\\\/resato-waterjet.com\\\/en\\\/#organization\",\"name\":\"Resato Waterjet\",\"alternateName\":\"Resato\",\"url\":\"https:\\\/\\\/resato-waterjet.com\\\/en\\\/\",\"logo\":{\"@type\":\"ImageObject\",\"inLanguage\":\"fr-FR\",\"@id\":\"https:\\\/\\\/resato-waterjet.com\\\/en\\\/#\\\/schema\\\/logo\\\/image\\\/\",\"url\":\"https:\\\/\\\/mlwy9mbbs62x.i.optimole.com\\\/w:auto\\\/h:auto\\\/q:mauto\\\/f:avif\\\/https:\\\/\\\/resato-waterjet.com\\\/wp-content\\\/uploads\\\/2023\\\/03\\\/cropped-Resato-YOutube-Logo.png\",\"contentUrl\":\"https:\\\/\\\/mlwy9mbbs62x.i.optimole.com\\\/w:auto\\\/h:auto\\\/q:mauto\\\/f:avif\\\/https:\\\/\\\/resato-waterjet.com\\\/wp-content\\\/uploads\\\/2023\\\/03\\\/cropped-Resato-YOutube-Logo.png\",\"width\":512,\"height\":512,\"caption\":\"Resato Waterjet\"},\"image\":{\"@id\":\"https:\\\/\\\/resato-waterjet.com\\\/en\\\/#\\\/schema\\\/logo\\\/image\\\/\"},\"sameAs\":[\"https:\\\/\\\/www.linkedin.com\\\/company\\\/resato-waterjet-technology\\\/\"]}]}<\/script>\n<!-- \/ Yoast SEO plugin. -->","yoast_head_json":{"title":"Machine de d\u00e9coupe au jet d'eau ACM - Resato Waterjet","description":"La table de d\u00e9coupe est constitu\u00e9e d'une structure en acier usin\u00e9e avec pr\u00e9cision et de moteurs lin\u00e9aires \u00e0 entra\u00eenement direct sur chacun des deux axes principaux","robots":{"index":"index","follow":"follow","max-snippet":"max-snippet:-1","max-image-preview":"max-image-preview:large","max-video-preview":"max-video-preview:-1"},"canonical":"https:\/\/resato-waterjet.com\/fr\/produit\/acm-machine-de-decoupe-au-jet-d-eau\/","og_locale":"fr_FR","og_type":"article","og_title":"ACM Waterjet cutting machine - Resato Waterjet","og_description":"The ACM Waterjet cutting table comprises a precision-built steel construction embodying linear direct-drive motors on each of the two main axes.","og_url":"https:\/\/resato-waterjet.com\/fr\/produit\/acm-machine-de-decoupe-au-jet-d-eau\/","og_site_name":"Resato Waterjet","article_modified_time":"2025-09-26T08:38:01+00:00","og_image":[{"width":1036,"height":545,"url":"https:\/\/resato-waterjet.com\/wp-content\/uploads\/2023\/01\/acm-enkel-breed-e1758875858302.png","type":"image\/png"}],"twitter_card":"summary_large_image","twitter_misc":{"Dur\u00e9e de lecture estim\u00e9e":"2 minutes"},"schema":{"@context":"https:\/\/schema.org","@graph":[{"@type":"WebPage","@id":"https:\/\/resato-waterjet.com\/en\/product\/acm-waterjet-cutting-machine\/","url":"https:\/\/resato-waterjet.com\/en\/product\/acm-waterjet-cutting-machine\/","name":"Machine de d\u00e9coupe au jet d'eau ACM - Resato Waterjet","isPartOf":{"@id":"https:\/\/resato-waterjet.com\/en\/#website"},"primaryImageOfPage":{"@id":"https:\/\/resato-waterjet.com\/en\/product\/acm-waterjet-cutting-machine\/#primaryimage"},"image":{"@id":"https:\/\/resato-waterjet.com\/en\/product\/acm-waterjet-cutting-machine\/#primaryimage"},"thumbnailUrl":"https:\/\/resato-waterjet.com\/wp-content\/uploads\/2023\/01\/acm-enkel-breed-e1758875858302.png","datePublished":"2023-01-21T18:39:32+00:00","dateModified":"2025-09-26T08:38:01+00:00","description":"La table de d\u00e9coupe est constitu\u00e9e d'une structure en acier usin\u00e9e avec pr\u00e9cision et de moteurs lin\u00e9aires \u00e0 entra\u00eenement direct sur chacun des deux axes principaux","breadcrumb":{"@id":"https:\/\/resato-waterjet.com\/en\/product\/acm-waterjet-cutting-machine\/#breadcrumb"},"inLanguage":"fr-FR","potentialAction":[{"@type":"ReadAction","target":["https:\/\/resato-waterjet.com\/en\/product\/acm-waterjet-cutting-machine\/"]}]},{"@type":"ImageObject","inLanguage":"fr-FR","@id":"https:\/\/resato-waterjet.com\/en\/product\/acm-waterjet-cutting-machine\/#primaryimage","url":"https:\/\/resato-waterjet.com\/wp-content\/uploads\/2023\/01\/acm-enkel-breed-e1758875858302.png","contentUrl":"https:\/\/resato-waterjet.com\/wp-content\/uploads\/2023\/01\/acm-enkel-breed-e1758875858302.png","width":1036,"height":545},{"@type":"BreadcrumbList","@id":"https:\/\/resato-waterjet.com\/en\/product\/acm-waterjet-cutting-machine\/#breadcrumb","itemListElement":[{"@type":"ListItem","position":1,"name":"Home","item":"https:\/\/resato-waterjet.com\/fr\/"},{"@type":"ListItem","position":2,"name":"Machines and Services","item":"https:\/\/resato-waterjet.com\/en\/machines-and-services\/"},{"@type":"ListItem","position":3,"name":"ACM Waterjet cutting machine"}]},{"@type":"WebSite","@id":"https:\/\/resato-waterjet.com\/en\/#website","url":"https:\/\/resato-waterjet.com\/en\/","name":"Jet d'eau Resato","description":"Cr\u00e9er de la magie avec l'eau","publisher":{"@id":"https:\/\/resato-waterjet.com\/en\/#organization"},"alternateName":"Resato","potentialAction":[{"@type":"SearchAction","target":{"@type":"EntryPoint","urlTemplate":"https:\/\/resato-waterjet.com\/en\/?s={search_term_string}"},"query-input":{"@type":"PropertyValueSpecification","valueRequired":true,"valueName":"search_term_string"}}],"inLanguage":"fr-FR"},{"@type":"Organization","@id":"https:\/\/resato-waterjet.com\/en\/#organization","name":"Jet d'eau Resato","alternateName":"Resato","url":"https:\/\/resato-waterjet.com\/en\/","logo":{"@type":"ImageObject","inLanguage":"fr-FR","@id":"https:\/\/resato-waterjet.com\/en\/#\/schema\/logo\/image\/","url":"https:\/\/mlwy9mbbs62x.i.optimole.com\/w:auto\/h:auto\/q:mauto\/f:avif\/https:\/\/resato-waterjet.com\/wp-content\/uploads\/2023\/03\/cropped-Resato-YOutube-Logo.png","contentUrl":"https:\/\/mlwy9mbbs62x.i.optimole.com\/w:auto\/h:auto\/q:mauto\/f:avif\/https:\/\/resato-waterjet.com\/wp-content\/uploads\/2023\/03\/cropped-Resato-YOutube-Logo.png","width":512,"height":512,"caption":"Resato Waterjet"},"image":{"@id":"https:\/\/resato-waterjet.com\/en\/#\/schema\/logo\/image\/"},"sameAs":["https:\/\/www.linkedin.com\/company\/resato-waterjet-technology\/"]}]}},"_links":{"self":[{"href":"https:\/\/resato-waterjet.com\/fr\/wp-json\/wp\/v2\/product\/9080","targetHints":{"allow":["GET"]}}],"collection":[{"href":"https:\/\/resato-waterjet.com\/fr\/wp-json\/wp\/v2\/product"}],"about":[{"href":"https:\/\/resato-waterjet.com\/fr\/wp-json\/wp\/v2\/types\/product"}],"version-history":[{"count":5,"href":"https:\/\/resato-waterjet.com\/fr\/wp-json\/wp\/v2\/product\/9080\/revisions"}],"predecessor-version":[{"id":10883,"href":"https:\/\/resato-waterjet.com\/fr\/wp-json\/wp\/v2\/product\/9080\/revisions\/10883"}],"wp:featuredmedia":[{"embeddable":true,"href":"https:\/\/resato-waterjet.com\/fr\/wp-json\/wp\/v2\/media\/11267"}],"wp:attachment":[{"href":"https:\/\/resato-waterjet.com\/fr\/wp-json\/wp\/v2\/media?parent=9080"}],"wp:term":[{"taxonomy":"product_brand","embeddable":true,"href":"https:\/\/resato-waterjet.com\/fr\/wp-json\/wp\/v2\/product_brand?post=9080"},{"taxonomy":"product_cat","embeddable":true,"href":"https:\/\/resato-waterjet.com\/fr\/wp-json\/wp\/v2\/product_cat?post=9080"},{"taxonomy":"product_tag","embeddable":true,"href":"https:\/\/resato-waterjet.com\/fr\/wp-json\/wp\/v2\/product_tag?post=9080"}],"curies":[{"name":"wp","href":"https:\/\/api.w.org\/{rel}","templated":true}]}}