{"id":8456,"date":"2023-01-10T13:57:13","date_gmt":"2023-01-10T13:57:13","guid":{"rendered":"https:\/\/resato-waterjet.com\/?post_type=product&#038;p=8456"},"modified":"2024-01-22T11:55:18","modified_gmt":"2024-01-22T11:55:18","slug":"modules-logiciels","status":"publish","type":"product","link":"https:\/\/resato-waterjet.com\/fr\/product\/software-modules\/","title":{"rendered":"Modules du logiciel"},"content":{"rendered":"<p><strong>SignMaker Module<\/strong><\/p>\n<p>Le module SignMaker est un module suppl\u00e9mentaire <a href=\"https:\/\/igems.se\">du logiciel IGEMS<\/a> qui facilite le travail de l'utilisateur :<\/p>\n<ul>\n<li>D\u00e9coupe des logos, images, dessins et des formes fournis par le client<\/li>\n<li>R\u00e9alisation des polices de caract\u00e8res en forme TrueType dans votre plan de d\u00e9coupe<\/li>\n<\/ul>\n<p>Avec SignMaker, chaque dessin demand\u00e9 ou scann\u00e9 peut \u00eatre converti en un travail de d\u00e9coupe sans travail suppl\u00e9mentaire compliqu\u00e9 et fastidieux.<\/p>\n<p>&nbsp;<\/p>\n<p><strong>Organizer Module<\/strong><\/p>\n<p>Le module \"Organizer\" permet d'organiser les projets, les produits en combinaison avec le reste du mat\u00e9riel et de les classer par cat\u00e9gories.<\/p>\n<p>&nbsp;<\/p>\n<p><strong>Data Exchange Module<\/strong><\/p>\n<p>Le module \"\u00c9change de donn\u00e9es\" permet d'\u00e9changer des donn\u00e9es avec d'autres formats. En plus des formats DXF et DWG, une liste plus \u00e9tendue sera disponible.<\/p>\n<p>&nbsp;<\/p>\n<p><strong>Nesting Module<\/strong><\/p>\n<p>Ce module permet d'optimiser la cat\u00e9gorisation de la coupe des mat\u00e9riaux \u00e0 couper et d'augmenter l'efficacit\u00e9 qui en r\u00e9sulte. Le module prend \u00e9galement en charge l'utilisation de goupilles \u00e0 plusieurs t\u00eates. Apr\u00e8s avoir s\u00e9lectionn\u00e9 les t\u00e2ches de d\u00e9coupe et les volumes, le module logiciel divise la plaque de mat\u00e9riau de mani\u00e8re enti\u00e8rement automatique.<\/p>\n<p>Caract\u00e9ristiques:<\/p>\n<ul>\n<li>Imbrication des travaux de d\u00e9coupe dans les espaces d'imbrication<\/li>\n<li>Imbrication simultan\u00e9e sur plusieurs plateaux<\/li>\n<li>Les pi\u00e8ces qui se chevauchent sont d\u00e9tect\u00e9es et int\u00e9gr\u00e9es dans la ligne d'imbrication<\/li>\n<li>La caract\u00e9ristique \u201cd\u00e9coupe commune\u201d permet \u00e0 plusieurs travaux de d\u00e9coupe d\u2019\u00eatre mis ensemble afin de r\u00e9duire les temps de d\u00e9coupe<\/li>\n<li>L\u2019option d\u2019emp\u00eacher la t\u00eate de d\u00e9coupe de se d\u00e9placer sur des travaux compl\u00e9t\u00e9s pr\u00e9c\u00e9demment<\/li>\n<li>Une s\u00e9rie de m\u00e9thodes d'imbrication efficaces comme les imbrications automatiques, rectangulaires et circulaires<\/li>\n<\/ul>\n<p><strong>Floating License<\/strong><\/p>\n<p class=\"translation-block\">Une licence flottante est <a href=\"https:\/\/resato-waterjet.com\/fr\/produit\/paquet-logiciel-igems\/\" target=\"_self\"> une option IGEMS<\/a> suppl\u00e9mentaire qui permet de g\u00e9rer toutes les licences sur un ordinateur qui fait office de serveur. Avec IGEMS install\u00e9 sur plusieurs ordinateurs et une seule license IGEMS, IGEMS peut \u00eatre d\u00e9marr\u00e9 sur quelconque ordinateur, mais peut \u00eatre utilis\u00e9 sur un seul \u00e0 la fois.<\/p>\n<p>&nbsp;<\/p>\n<p><strong>School License<\/strong><\/p>\n<p>Ce module permet d'utiliser la licence \u00e0 des fins p\u00e9dagogiques sur plusieurs ordinateurs.<\/p>","protected":false},"excerpt":{"rendered":"<p>Mettez \u00e0 jour votre logiciel avec ces modules. Le logiciel de base IGEMS peut \u00eatre compl\u00e9t\u00e9 par plusieurs modules afin d'am\u00e9liorer vos performances de d\u00e9coupe au jet d'eau. D\u00e9couvrez les modules que nous proposons pour mettre \u00e0 jour votre logiciel !<\/p>","protected":false},"featured_media":9069,"template":"","meta":{"content-type":""},"product_brand":[],"product_cat":[117],"product_tag":[118],"class_list":{"0":"post-8456","1":"product","2":"type-product","3":"status-publish","4":"has-post-thumbnail","6":"product_cat-software","7":"product_tag-software","9":"first","10":"instock","11":"shipping-taxable","12":"product-type-external"},"yoast_head":"<!-- This site is optimized with the Yoast SEO plugin v27.3 - https:\/\/yoast.com\/product\/yoast-seo-wordpress\/ -->\n<title>Software Modules - Resato Waterjet<\/title>\n<meta name=\"description\" content=\"The software for waterjet cutting machines is critical for the planning and cost estimation of cutting jobs. User-friendliness and versatility are key.\" \/>\n<meta name=\"robots\" content=\"index, follow, max-snippet:-1, max-image-preview:large, max-video-preview:-1\" \/>\n<link rel=\"canonical\" href=\"https:\/\/resato-waterjet.com\/fr\/produit\/modules-logiciels\/\" \/>\n<meta property=\"og:locale\" content=\"fr_FR\" \/>\n<meta property=\"og:type\" content=\"article\" \/>\n<meta property=\"og:title\" content=\"Software Modules - Resato Waterjet\" \/>\n<meta property=\"og:description\" content=\"The software for waterjet cutting machines is critical for the planning and cost estimation of cutting jobs. User-friendliness and versatility are key.\" \/>\n<meta property=\"og:url\" content=\"https:\/\/resato-waterjet.com\/fr\/produit\/modules-logiciels\/\" \/>\n<meta property=\"og:site_name\" content=\"Resato Waterjet\" \/>\n<meta property=\"article:modified_time\" content=\"2024-01-22T11:55:18+00:00\" \/>\n<meta property=\"og:image\" content=\"https:\/\/resato-waterjet.com\/wp-content\/uploads\/2023\/01\/product-1.png\" \/>\n\t<meta property=\"og:image:width\" content=\"760\" \/>\n\t<meta property=\"og:image:height\" content=\"400\" \/>\n\t<meta property=\"og:image:type\" content=\"image\/png\" \/>\n<meta name=\"twitter:card\" content=\"summary_large_image\" \/>\n<meta name=\"twitter:label1\" content=\"Dur\u00e9e de lecture estim\u00e9e\" \/>\n\t<meta name=\"twitter:data1\" content=\"2 minutes\" \/>\n<script type=\"application\/ld+json\" class=\"yoast-schema-graph\">{\"@context\":\"https:\\\/\\\/schema.org\",\"@graph\":[{\"@type\":\"WebPage\",\"@id\":\"https:\\\/\\\/resato-waterjet.com\\\/fr\\\/produit\\\/modules-logiciels\\\/\",\"url\":\"https:\\\/\\\/resato-waterjet.com\\\/fr\\\/produit\\\/modules-logiciels\\\/\",\"name\":\"Software Modules - Resato Waterjet\",\"isPartOf\":{\"@id\":\"https:\\\/\\\/resato-waterjet.com\\\/en\\\/#website\"},\"primaryImageOfPage\":{\"@id\":\"https:\\\/\\\/resato-waterjet.com\\\/fr\\\/produit\\\/modules-logiciels\\\/#primaryimage\"},\"image\":{\"@id\":\"https:\\\/\\\/resato-waterjet.com\\\/fr\\\/produit\\\/modules-logiciels\\\/#primaryimage\"},\"thumbnailUrl\":\"https:\\\/\\\/resato-waterjet.com\\\/wp-content\\\/uploads\\\/2023\\\/01\\\/product-1.png\",\"datePublished\":\"2023-01-10T13:57:13+00:00\",\"dateModified\":\"2024-01-22T11:55:18+00:00\",\"description\":\"The software for waterjet cutting machines is critical for the planning and cost estimation of cutting jobs. User-friendliness and versatility are key.\",\"breadcrumb\":{\"@id\":\"https:\\\/\\\/resato-waterjet.com\\\/fr\\\/produit\\\/modules-logiciels\\\/#breadcrumb\"},\"inLanguage\":\"fr-FR\",\"potentialAction\":[{\"@type\":\"ReadAction\",\"target\":[\"https:\\\/\\\/resato-waterjet.com\\\/fr\\\/produit\\\/modules-logiciels\\\/\"]}]},{\"@type\":\"ImageObject\",\"inLanguage\":\"fr-FR\",\"@id\":\"https:\\\/\\\/resato-waterjet.com\\\/fr\\\/produit\\\/modules-logiciels\\\/#primaryimage\",\"url\":\"https:\\\/\\\/resato-waterjet.com\\\/wp-content\\\/uploads\\\/2023\\\/01\\\/product-1.png\",\"contentUrl\":\"https:\\\/\\\/resato-waterjet.com\\\/wp-content\\\/uploads\\\/2023\\\/01\\\/product-1.png\",\"width\":760,\"height\":400,\"caption\":\"CAD\\\/CAM Software Resato\"},{\"@type\":\"BreadcrumbList\",\"@id\":\"https:\\\/\\\/resato-waterjet.com\\\/fr\\\/produit\\\/modules-logiciels\\\/#breadcrumb\",\"itemListElement\":[{\"@type\":\"ListItem\",\"position\":1,\"name\":\"Home\",\"item\":\"https:\\\/\\\/resato-waterjet.com\\\/fr\\\/\"},{\"@type\":\"ListItem\",\"position\":2,\"name\":\"Machines and Services\",\"item\":\"https:\\\/\\\/resato-waterjet.com\\\/en\\\/machines-and-services\\\/\"},{\"@type\":\"ListItem\",\"position\":3,\"name\":\"Software Modules\"}]},{\"@type\":\"WebSite\",\"@id\":\"https:\\\/\\\/resato-waterjet.com\\\/en\\\/#website\",\"url\":\"https:\\\/\\\/resato-waterjet.com\\\/en\\\/\",\"name\":\"Resato Waterjet\",\"description\":\"Creating Magic with Water\",\"publisher\":{\"@id\":\"https:\\\/\\\/resato-waterjet.com\\\/en\\\/#organization\"},\"alternateName\":\"Resato\",\"potentialAction\":[{\"@type\":\"SearchAction\",\"target\":{\"@type\":\"EntryPoint\",\"urlTemplate\":\"https:\\\/\\\/resato-waterjet.com\\\/en\\\/?s={search_term_string}\"},\"query-input\":{\"@type\":\"PropertyValueSpecification\",\"valueRequired\":true,\"valueName\":\"search_term_string\"}}],\"inLanguage\":\"fr-FR\"},{\"@type\":\"Organization\",\"@id\":\"https:\\\/\\\/resato-waterjet.com\\\/en\\\/#organization\",\"name\":\"Resato Waterjet\",\"alternateName\":\"Resato\",\"url\":\"https:\\\/\\\/resato-waterjet.com\\\/en\\\/\",\"logo\":{\"@type\":\"ImageObject\",\"inLanguage\":\"fr-FR\",\"@id\":\"https:\\\/\\\/resato-waterjet.com\\\/en\\\/#\\\/schema\\\/logo\\\/image\\\/\",\"url\":\"https:\\\/\\\/mlwy9mbbs62x.i.optimole.com\\\/w:auto\\\/h:auto\\\/q:mauto\\\/f:avif\\\/https:\\\/\\\/resato-waterjet.com\\\/wp-content\\\/uploads\\\/2023\\\/03\\\/cropped-Resato-YOutube-Logo.png\",\"contentUrl\":\"https:\\\/\\\/mlwy9mbbs62x.i.optimole.com\\\/w:auto\\\/h:auto\\\/q:mauto\\\/f:avif\\\/https:\\\/\\\/resato-waterjet.com\\\/wp-content\\\/uploads\\\/2023\\\/03\\\/cropped-Resato-YOutube-Logo.png\",\"width\":512,\"height\":512,\"caption\":\"Resato Waterjet\"},\"image\":{\"@id\":\"https:\\\/\\\/resato-waterjet.com\\\/en\\\/#\\\/schema\\\/logo\\\/image\\\/\"},\"sameAs\":[\"https:\\\/\\\/www.linkedin.com\\\/company\\\/resato-waterjet-technology\\\/\"]}]}<\/script>\n<!-- \/ Yoast SEO plugin. -->","yoast_head_json":{"title":"Modules logiciels - Resato Waterjet","description":"Mettre \u00e0 niveau votre paquet de logiciel avec ces modules. IGEMS module via Resato Waterjet","robots":{"index":"index","follow":"follow","max-snippet":"max-snippet:-1","max-image-preview":"max-image-preview:large","max-video-preview":"max-video-preview:-1"},"canonical":"https:\/\/resato-waterjet.com\/fr\/produit\/modules-logiciels\/","og_locale":"fr_FR","og_type":"article","og_title":"Software Modules - Resato Waterjet","og_description":"The software for waterjet cutting machines is critical for the planning and cost estimation of cutting jobs. User-friendliness and versatility are key.","og_url":"https:\/\/resato-waterjet.com\/fr\/produit\/modules-logiciels\/","og_site_name":"Resato Waterjet","article_modified_time":"2024-01-22T11:55:18+00:00","og_image":[{"width":760,"height":400,"url":"https:\/\/resato-waterjet.com\/wp-content\/uploads\/2023\/01\/product-1.png","type":"image\/png"}],"twitter_card":"summary_large_image","twitter_misc":{"Dur\u00e9e de lecture estim\u00e9e":"2 minutes"},"schema":{"@context":"https:\/\/schema.org","@graph":[{"@type":"WebPage","@id":"https:\/\/resato-waterjet.com\/fr\/produit\/modules-logiciels\/","url":"https:\/\/resato-waterjet.com\/fr\/produit\/modules-logiciels\/","name":"Modules logiciels - Resato Waterjet","isPartOf":{"@id":"https:\/\/resato-waterjet.com\/en\/#website"},"primaryImageOfPage":{"@id":"https:\/\/resato-waterjet.com\/fr\/produit\/modules-logiciels\/#primaryimage"},"image":{"@id":"https:\/\/resato-waterjet.com\/fr\/produit\/modules-logiciels\/#primaryimage"},"thumbnailUrl":"https:\/\/resato-waterjet.com\/wp-content\/uploads\/2023\/01\/product-1.png","datePublished":"2023-01-10T13:57:13+00:00","dateModified":"2024-01-22T11:55:18+00:00","description":"Mettre \u00e0 niveau votre paquet de logiciel avec ces modules. IGEMS module via Resato Waterjet","breadcrumb":{"@id":"https:\/\/resato-waterjet.com\/fr\/produit\/modules-logiciels\/#breadcrumb"},"inLanguage":"fr-FR","potentialAction":[{"@type":"ReadAction","target":["https:\/\/resato-waterjet.com\/fr\/produit\/modules-logiciels\/"]}]},{"@type":"ImageObject","inLanguage":"fr-FR","@id":"https:\/\/resato-waterjet.com\/fr\/produit\/modules-logiciels\/#primaryimage","url":"https:\/\/resato-waterjet.com\/wp-content\/uploads\/2023\/01\/product-1.png","contentUrl":"https:\/\/resato-waterjet.com\/wp-content\/uploads\/2023\/01\/product-1.png","width":760,"height":400,"caption":"CAD\/CAM Software Resato"},{"@type":"BreadcrumbList","@id":"https:\/\/resato-waterjet.com\/fr\/produit\/modules-logiciels\/#breadcrumb","itemListElement":[{"@type":"ListItem","position":1,"name":"Home","item":"https:\/\/resato-waterjet.com\/fr\/"},{"@type":"ListItem","position":2,"name":"Machines and Services","item":"https:\/\/resato-waterjet.com\/en\/machines-and-services\/"},{"@type":"ListItem","position":3,"name":"Software Modules"}]},{"@type":"WebSite","@id":"https:\/\/resato-waterjet.com\/en\/#website","url":"https:\/\/resato-waterjet.com\/en\/","name":"Jet d'eau Resato","description":"Cr\u00e9er de la magie avec l'eau","publisher":{"@id":"https:\/\/resato-waterjet.com\/en\/#organization"},"alternateName":"Resato","potentialAction":[{"@type":"SearchAction","target":{"@type":"EntryPoint","urlTemplate":"https:\/\/resato-waterjet.com\/en\/?s={search_term_string}"},"query-input":{"@type":"PropertyValueSpecification","valueRequired":true,"valueName":"search_term_string"}}],"inLanguage":"fr-FR"},{"@type":"Organization","@id":"https:\/\/resato-waterjet.com\/en\/#organization","name":"Jet d'eau Resato","alternateName":"Resato","url":"https:\/\/resato-waterjet.com\/en\/","logo":{"@type":"ImageObject","inLanguage":"fr-FR","@id":"https:\/\/resato-waterjet.com\/en\/#\/schema\/logo\/image\/","url":"https:\/\/mlwy9mbbs62x.i.optimole.com\/w:auto\/h:auto\/q:mauto\/f:avif\/https:\/\/resato-waterjet.com\/wp-content\/uploads\/2023\/03\/cropped-Resato-YOutube-Logo.png","contentUrl":"https:\/\/mlwy9mbbs62x.i.optimole.com\/w:auto\/h:auto\/q:mauto\/f:avif\/https:\/\/resato-waterjet.com\/wp-content\/uploads\/2023\/03\/cropped-Resato-YOutube-Logo.png","width":512,"height":512,"caption":"Resato Waterjet"},"image":{"@id":"https:\/\/resato-waterjet.com\/en\/#\/schema\/logo\/image\/"},"sameAs":["https:\/\/www.linkedin.com\/company\/resato-waterjet-technology\/"]}]}},"_links":{"self":[{"href":"https:\/\/resato-waterjet.com\/fr\/wp-json\/wp\/v2\/product\/8456","targetHints":{"allow":["GET"]}}],"collection":[{"href":"https:\/\/resato-waterjet.com\/fr\/wp-json\/wp\/v2\/product"}],"about":[{"href":"https:\/\/resato-waterjet.com\/fr\/wp-json\/wp\/v2\/types\/product"}],"version-history":[{"count":3,"href":"https:\/\/resato-waterjet.com\/fr\/wp-json\/wp\/v2\/product\/8456\/revisions"}],"predecessor-version":[{"id":10162,"href":"https:\/\/resato-waterjet.com\/fr\/wp-json\/wp\/v2\/product\/8456\/revisions\/10162"}],"wp:featuredmedia":[{"embeddable":true,"href":"https:\/\/resato-waterjet.com\/fr\/wp-json\/wp\/v2\/media\/9069"}],"wp:attachment":[{"href":"https:\/\/resato-waterjet.com\/fr\/wp-json\/wp\/v2\/media?parent=8456"}],"wp:term":[{"taxonomy":"product_brand","embeddable":true,"href":"https:\/\/resato-waterjet.com\/fr\/wp-json\/wp\/v2\/product_brand?post=8456"},{"taxonomy":"product_cat","embeddable":true,"href":"https:\/\/resato-waterjet.com\/fr\/wp-json\/wp\/v2\/product_cat?post=8456"},{"taxonomy":"product_tag","embeddable":true,"href":"https:\/\/resato-waterjet.com\/fr\/wp-json\/wp\/v2\/product_tag?post=8456"}],"curies":[{"name":"wp","href":"https:\/\/api.w.org\/{rel}","templated":true}]}}