{"id":8453,"date":"2023-01-10T13:49:49","date_gmt":"2023-01-10T13:49:49","guid":{"rendered":"https:\/\/resato-waterjet.com\/?post_type=product&#038;p=8453"},"modified":"2024-01-22T11:55:28","modified_gmt":"2024-01-22T11:55:28","slug":"paquet-logiciel-igems","status":"publish","type":"product","link":"https:\/\/resato-waterjet.com\/fr\/product\/igems-software-package\/","title":{"rendered":"IGEMS Pack logiciel"},"content":{"rendered":"<p class=\"translation-block\"><strong>Les caract\u00e9ristiques importantes au logiciel IGEMS <a href=\"https:\/\/igems.se\" target=\"_self\">standard sont<\/a>:<\/strong><\/p>\n<p>Un logiciel CAD\/CAM pour les machines de d\u00e9coupe au jet d'eau est n\u00e9cessaire pour la planification et l'estimation des co\u00fbts de vos travaux de d\u00e9coupe. La convivialit\u00e9 et la polyvalence du logiciel sont des facteurs cl\u00e9s de succ\u00e8s pour votre entreprise. Des fonctionnalit\u00e9s telles que l'estimation des co\u00fbts par travail de coupe, l'imbrication manuelle et automatique, les aper\u00e7us de coupe en biseau et l'optimisation des contours am\u00e9liorent la qualit\u00e9 de votre processus de coupe et sa viabilit\u00e9 \u00e9conomique. Nos experts sont form\u00e9s pour comprendre vos processus et identifier les opportunit\u00e9s o\u00f9 le logiciel CAD\/CAM peut \u00eatre utilis\u00e9 efficacement.<\/p>\n<p>&nbsp;<\/p>\n<ul>\n<li>Utilisation rapide et simple, incluant la fonction de dessin<\/li>\n<li>Gestion de travail rapide et logique:\n<ul>\n<li>Importer travaux de d\u00e9coupe<\/li>\n<li>Assigner le type et la hauteur du mat\u00e9riel<\/li>\n<li>Imbrication rapide et efficace<\/li>\n<li>G\u00e9n\u00e9ration automatique du programme CNC<\/li>\n<li>Envoi du programme CNC \u00e0 la table de d\u00e9coupe<\/li>\n<\/ul>\n<\/li>\n<li>Importer des dossiers en formats DXF et DWG<\/li>\n<li>D\u00e9termination de la \u201cmachinabilit\u00e9\u201d avec une seule coupure<\/li>\n<li>La facilit\u00e9 d'usinage d\u00e9termine:\n<ul>\n<li>Vitesse de d\u00e9coupe<\/li>\n<li>Ralentissement et acc\u00e9l\u00e9ration autour des coins et des courbes serr\u00e9s<\/li>\n<\/ul>\n<\/li>\n<\/ul>\n<p class=\"translation-block\">En savoir plus sur <a href=\"https:\/\/resato-waterjet.com\/fr\/produit\/paquet-logiciel-igems\/\" target=\"_self\">le pack logiciel IGEMS<\/a> ici.<\/p>","protected":false},"excerpt":{"rendered":"<p>L'efficacit\u00e9 et la rapidit\u00e9 avec lesquelles les t\u00e2ches de d\u00e9coupe peuvent \u00eatre ex\u00e9cut\u00e9es d\u00e9pendent en grande partie d'une pr\u00e9paration ad\u00e9quate. C'est pourquoi Resato propose le pack du logiciel IGEMS CAD\/CAM, sp\u00e9cialement con\u00e7u pour la d\u00e9coupe au jet d'eau.<\/p>\n<p>&nbsp;<\/p>\n<p>Le paquet de logiciel peut \u00eatre enti\u00e8rement install\u00e9 sur l\u2019ordinateur du client, sur lequel on peut aussi installer le logiciel pour envoyer\/re\u00e7evoir des programmes de d\u00e9coupe \u00e0\/de le contr\u00f4leur CNC. Le contr\u00f4leur CNC a aussi une connexion par c\u00e2ble \u00e0 l\u2019ordinateur.<\/p>","protected":false},"featured_media":8454,"template":"","meta":{"content-type":""},"product_brand":[],"product_cat":[117],"product_tag":[118],"class_list":{"0":"post-8453","1":"product","2":"type-product","3":"status-publish","4":"has-post-thumbnail","6":"product_cat-software","7":"product_tag-software","9":"first","10":"instock","11":"shipping-taxable","12":"product-type-external"},"yoast_head":"<!-- This site is optimized with the Yoast SEO plugin v27.3 - https:\/\/yoast.com\/product\/yoast-seo-wordpress\/ -->\n<title>IGEMS software package - Resato Waterjet<\/title>\n<meta name=\"description\" content=\"IGEMS allows for quick and easy operation, including drawing capability along with fast and logical workflows. Learn more about the software.\" \/>\n<meta name=\"robots\" content=\"index, follow, max-snippet:-1, max-image-preview:large, max-video-preview:-1\" \/>\n<link rel=\"canonical\" href=\"https:\/\/resato-waterjet.com\/fr\/produit\/paquet-logiciel-igems\/\" \/>\n<meta property=\"og:locale\" content=\"fr_FR\" \/>\n<meta property=\"og:type\" content=\"article\" \/>\n<meta property=\"og:title\" content=\"IGEMS software package - Resato Waterjet\" \/>\n<meta property=\"og:description\" content=\"IGEMS allows for quick and easy operation, including drawing capability along with fast and logical workflows. Learn more about the software.\" \/>\n<meta property=\"og:url\" content=\"https:\/\/resato-waterjet.com\/fr\/produit\/paquet-logiciel-igems\/\" \/>\n<meta property=\"og:site_name\" content=\"Resato Waterjet\" \/>\n<meta property=\"article:modified_time\" content=\"2024-01-22T11:55:28+00:00\" \/>\n<meta property=\"og:image\" content=\"https:\/\/resato-waterjet.com\/wp-content\/uploads\/2023\/01\/Igems-waterjet-cutting-machine-software.jpg\" \/>\n\t<meta property=\"og:image:width\" content=\"760\" \/>\n\t<meta property=\"og:image:height\" content=\"400\" \/>\n\t<meta property=\"og:image:type\" content=\"image\/jpeg\" \/>\n<meta name=\"twitter:card\" content=\"summary_large_image\" \/>\n<meta name=\"twitter:label1\" content=\"Dur\u00e9e de lecture estim\u00e9e\" \/>\n\t<meta name=\"twitter:data1\" content=\"1 minute\" \/>\n<script type=\"application\/ld+json\" class=\"yoast-schema-graph\">{\"@context\":\"https:\\\/\\\/schema.org\",\"@graph\":[{\"@type\":\"WebPage\",\"@id\":\"https:\\\/\\\/resato-waterjet.com\\\/de\\\/produkt\\\/igems-softwarepaket\\\/\",\"url\":\"https:\\\/\\\/resato-waterjet.com\\\/de\\\/produkt\\\/igems-softwarepaket\\\/\",\"name\":\"IGEMS software package - Resato Waterjet\",\"isPartOf\":{\"@id\":\"https:\\\/\\\/resato-waterjet.com\\\/en\\\/#website\"},\"primaryImageOfPage\":{\"@id\":\"https:\\\/\\\/resato-waterjet.com\\\/de\\\/produkt\\\/igems-softwarepaket\\\/#primaryimage\"},\"image\":{\"@id\":\"https:\\\/\\\/resato-waterjet.com\\\/de\\\/produkt\\\/igems-softwarepaket\\\/#primaryimage\"},\"thumbnailUrl\":\"https:\\\/\\\/resato-waterjet.com\\\/wp-content\\\/uploads\\\/2023\\\/01\\\/Igems-waterjet-cutting-machine-software.jpg\",\"datePublished\":\"2023-01-10T13:49:49+00:00\",\"dateModified\":\"2024-01-22T11:55:28+00:00\",\"description\":\"IGEMS allows for quick and easy operation, including drawing capability along with fast and logical workflows. Learn more about the software.\",\"breadcrumb\":{\"@id\":\"https:\\\/\\\/resato-waterjet.com\\\/de\\\/produkt\\\/igems-softwarepaket\\\/#breadcrumb\"},\"inLanguage\":\"fr-FR\",\"potentialAction\":[{\"@type\":\"ReadAction\",\"target\":[\"https:\\\/\\\/resato-waterjet.com\\\/de\\\/produkt\\\/igems-softwarepaket\\\/\"]}]},{\"@type\":\"ImageObject\",\"inLanguage\":\"fr-FR\",\"@id\":\"https:\\\/\\\/resato-waterjet.com\\\/de\\\/produkt\\\/igems-softwarepaket\\\/#primaryimage\",\"url\":\"https:\\\/\\\/resato-waterjet.com\\\/wp-content\\\/uploads\\\/2023\\\/01\\\/Igems-waterjet-cutting-machine-software.jpg\",\"contentUrl\":\"https:\\\/\\\/resato-waterjet.com\\\/wp-content\\\/uploads\\\/2023\\\/01\\\/Igems-waterjet-cutting-machine-software.jpg\",\"width\":760,\"height\":400,\"caption\":\"IGEMS Software Package\"},{\"@type\":\"BreadcrumbList\",\"@id\":\"https:\\\/\\\/resato-waterjet.com\\\/de\\\/produkt\\\/igems-softwarepaket\\\/#breadcrumb\",\"itemListElement\":[{\"@type\":\"ListItem\",\"position\":1,\"name\":\"Home\",\"item\":\"https:\\\/\\\/resato-waterjet.com\\\/fr\\\/\"},{\"@type\":\"ListItem\",\"position\":2,\"name\":\"Machines and Services\",\"item\":\"https:\\\/\\\/resato-waterjet.com\\\/en\\\/machines-and-services\\\/\"},{\"@type\":\"ListItem\",\"position\":3,\"name\":\"IGEMS software package\"}]},{\"@type\":\"WebSite\",\"@id\":\"https:\\\/\\\/resato-waterjet.com\\\/en\\\/#website\",\"url\":\"https:\\\/\\\/resato-waterjet.com\\\/en\\\/\",\"name\":\"Resato Waterjet\",\"description\":\"Creating Magic with Water\",\"publisher\":{\"@id\":\"https:\\\/\\\/resato-waterjet.com\\\/en\\\/#organization\"},\"alternateName\":\"Resato\",\"potentialAction\":[{\"@type\":\"SearchAction\",\"target\":{\"@type\":\"EntryPoint\",\"urlTemplate\":\"https:\\\/\\\/resato-waterjet.com\\\/en\\\/?s={search_term_string}\"},\"query-input\":{\"@type\":\"PropertyValueSpecification\",\"valueRequired\":true,\"valueName\":\"search_term_string\"}}],\"inLanguage\":\"fr-FR\"},{\"@type\":\"Organization\",\"@id\":\"https:\\\/\\\/resato-waterjet.com\\\/en\\\/#organization\",\"name\":\"Resato Waterjet\",\"alternateName\":\"Resato\",\"url\":\"https:\\\/\\\/resato-waterjet.com\\\/en\\\/\",\"logo\":{\"@type\":\"ImageObject\",\"inLanguage\":\"fr-FR\",\"@id\":\"https:\\\/\\\/resato-waterjet.com\\\/en\\\/#\\\/schema\\\/logo\\\/image\\\/\",\"url\":\"https:\\\/\\\/mlwy9mbbs62x.i.optimole.com\\\/w:auto\\\/h:auto\\\/q:mauto\\\/f:avif\\\/https:\\\/\\\/resato-waterjet.com\\\/wp-content\\\/uploads\\\/2023\\\/03\\\/cropped-Resato-YOutube-Logo.png\",\"contentUrl\":\"https:\\\/\\\/mlwy9mbbs62x.i.optimole.com\\\/w:auto\\\/h:auto\\\/q:mauto\\\/f:avif\\\/https:\\\/\\\/resato-waterjet.com\\\/wp-content\\\/uploads\\\/2023\\\/03\\\/cropped-Resato-YOutube-Logo.png\",\"width\":512,\"height\":512,\"caption\":\"Resato Waterjet\"},\"image\":{\"@id\":\"https:\\\/\\\/resato-waterjet.com\\\/en\\\/#\\\/schema\\\/logo\\\/image\\\/\"},\"sameAs\":[\"https:\\\/\\\/www.linkedin.com\\\/company\\\/resato-waterjet-technology\\\/\"]}]}<\/script>\n<!-- \/ Yoast SEO plugin. -->","yoast_head_json":{"title":"Logiciels IGEMS - Resato Waterjet","description":"IGEMS permet un fonctionnement rapide et facile, y compris une capacit\u00e9 de dessin ainsi que des flux de travail rapides et logiques. En savoir plus sur le logiciel.","robots":{"index":"index","follow":"follow","max-snippet":"max-snippet:-1","max-image-preview":"max-image-preview:large","max-video-preview":"max-video-preview:-1"},"canonical":"https:\/\/resato-waterjet.com\/fr\/produit\/paquet-logiciel-igems\/","og_locale":"fr_FR","og_type":"article","og_title":"IGEMS software package - Resato Waterjet","og_description":"IGEMS allows for quick and easy operation, including drawing capability along with fast and logical workflows. Learn more about the software.","og_url":"https:\/\/resato-waterjet.com\/fr\/produit\/paquet-logiciel-igems\/","og_site_name":"Resato Waterjet","article_modified_time":"2024-01-22T11:55:28+00:00","og_image":[{"width":760,"height":400,"url":"https:\/\/resato-waterjet.com\/wp-content\/uploads\/2023\/01\/Igems-waterjet-cutting-machine-software.jpg","type":"image\/jpeg"}],"twitter_card":"summary_large_image","twitter_misc":{"Dur\u00e9e de lecture estim\u00e9e":"1 minute"},"schema":{"@context":"https:\/\/schema.org","@graph":[{"@type":"WebPage","@id":"https:\/\/resato-waterjet.com\/de\/produkt\/igems-softwarepaket\/","url":"https:\/\/resato-waterjet.com\/de\/produkt\/igems-softwarepaket\/","name":"Logiciels IGEMS - Resato Waterjet","isPartOf":{"@id":"https:\/\/resato-waterjet.com\/en\/#website"},"primaryImageOfPage":{"@id":"https:\/\/resato-waterjet.com\/de\/produkt\/igems-softwarepaket\/#primaryimage"},"image":{"@id":"https:\/\/resato-waterjet.com\/de\/produkt\/igems-softwarepaket\/#primaryimage"},"thumbnailUrl":"https:\/\/resato-waterjet.com\/wp-content\/uploads\/2023\/01\/Igems-waterjet-cutting-machine-software.jpg","datePublished":"2023-01-10T13:49:49+00:00","dateModified":"2024-01-22T11:55:28+00:00","description":"IGEMS permet un fonctionnement rapide et facile, y compris une capacit\u00e9 de dessin ainsi que des flux de travail rapides et logiques. En savoir plus sur le logiciel.","breadcrumb":{"@id":"https:\/\/resato-waterjet.com\/de\/produkt\/igems-softwarepaket\/#breadcrumb"},"inLanguage":"fr-FR","potentialAction":[{"@type":"ReadAction","target":["https:\/\/resato-waterjet.com\/de\/produkt\/igems-softwarepaket\/"]}]},{"@type":"ImageObject","inLanguage":"fr-FR","@id":"https:\/\/resato-waterjet.com\/de\/produkt\/igems-softwarepaket\/#primaryimage","url":"https:\/\/resato-waterjet.com\/wp-content\/uploads\/2023\/01\/Igems-waterjet-cutting-machine-software.jpg","contentUrl":"https:\/\/resato-waterjet.com\/wp-content\/uploads\/2023\/01\/Igems-waterjet-cutting-machine-software.jpg","width":760,"height":400,"caption":"IGEMS Software Package"},{"@type":"BreadcrumbList","@id":"https:\/\/resato-waterjet.com\/de\/produkt\/igems-softwarepaket\/#breadcrumb","itemListElement":[{"@type":"ListItem","position":1,"name":"Home","item":"https:\/\/resato-waterjet.com\/fr\/"},{"@type":"ListItem","position":2,"name":"Machines and Services","item":"https:\/\/resato-waterjet.com\/en\/machines-and-services\/"},{"@type":"ListItem","position":3,"name":"IGEMS software package"}]},{"@type":"WebSite","@id":"https:\/\/resato-waterjet.com\/en\/#website","url":"https:\/\/resato-waterjet.com\/en\/","name":"Jet d'eau Resato","description":"Cr\u00e9er de la magie avec l'eau","publisher":{"@id":"https:\/\/resato-waterjet.com\/en\/#organization"},"alternateName":"Resato","potentialAction":[{"@type":"SearchAction","target":{"@type":"EntryPoint","urlTemplate":"https:\/\/resato-waterjet.com\/en\/?s={search_term_string}"},"query-input":{"@type":"PropertyValueSpecification","valueRequired":true,"valueName":"search_term_string"}}],"inLanguage":"fr-FR"},{"@type":"Organization","@id":"https:\/\/resato-waterjet.com\/en\/#organization","name":"Jet d'eau Resato","alternateName":"Resato","url":"https:\/\/resato-waterjet.com\/en\/","logo":{"@type":"ImageObject","inLanguage":"fr-FR","@id":"https:\/\/resato-waterjet.com\/en\/#\/schema\/logo\/image\/","url":"https:\/\/mlwy9mbbs62x.i.optimole.com\/w:auto\/h:auto\/q:mauto\/f:avif\/https:\/\/resato-waterjet.com\/wp-content\/uploads\/2023\/03\/cropped-Resato-YOutube-Logo.png","contentUrl":"https:\/\/mlwy9mbbs62x.i.optimole.com\/w:auto\/h:auto\/q:mauto\/f:avif\/https:\/\/resato-waterjet.com\/wp-content\/uploads\/2023\/03\/cropped-Resato-YOutube-Logo.png","width":512,"height":512,"caption":"Resato Waterjet"},"image":{"@id":"https:\/\/resato-waterjet.com\/en\/#\/schema\/logo\/image\/"},"sameAs":["https:\/\/www.linkedin.com\/company\/resato-waterjet-technology\/"]}]}},"_links":{"self":[{"href":"https:\/\/resato-waterjet.com\/fr\/wp-json\/wp\/v2\/product\/8453","targetHints":{"allow":["GET"]}}],"collection":[{"href":"https:\/\/resato-waterjet.com\/fr\/wp-json\/wp\/v2\/product"}],"about":[{"href":"https:\/\/resato-waterjet.com\/fr\/wp-json\/wp\/v2\/types\/product"}],"version-history":[{"count":4,"href":"https:\/\/resato-waterjet.com\/fr\/wp-json\/wp\/v2\/product\/8453\/revisions"}],"predecessor-version":[{"id":10830,"href":"https:\/\/resato-waterjet.com\/fr\/wp-json\/wp\/v2\/product\/8453\/revisions\/10830"}],"wp:featuredmedia":[{"embeddable":true,"href":"https:\/\/resato-waterjet.com\/fr\/wp-json\/wp\/v2\/media\/8454"}],"wp:attachment":[{"href":"https:\/\/resato-waterjet.com\/fr\/wp-json\/wp\/v2\/media?parent=8453"}],"wp:term":[{"taxonomy":"product_brand","embeddable":true,"href":"https:\/\/resato-waterjet.com\/fr\/wp-json\/wp\/v2\/product_brand?post=8453"},{"taxonomy":"product_cat","embeddable":true,"href":"https:\/\/resato-waterjet.com\/fr\/wp-json\/wp\/v2\/product_cat?post=8453"},{"taxonomy":"product_tag","embeddable":true,"href":"https:\/\/resato-waterjet.com\/fr\/wp-json\/wp\/v2\/product_tag?post=8453"}],"curies":[{"name":"wp","href":"https:\/\/api.w.org\/{rel}","templated":true}]}}