{"id":8428,"date":"2023-01-10T12:58:06","date_gmt":"2023-01-10T12:58:06","guid":{"rendered":"https:\/\/resato-waterjet.com\/?post_type=product&#038;p=8428"},"modified":"2025-09-26T08:57:26","modified_gmt":"2025-09-26T08:57:26","slug":"abrasif-alimentation-continue","status":"publish","type":"product","link":"https:\/\/resato-waterjet.com\/fr\/product\/abrasive-continuous-supply\/","title":{"rendered":"Approvisionnement continu en abrasif"},"content":{"rendered":"<p>Sur demande, l'ABR-CS avec cabine de contr\u00f4le peut alimenter jusqu'\u00e0 trois machines en abrasif.<\/p>\n<ul>\n<li>Flux d\u2019abrasif continu<\/li>\n<li>Capable de r\u00e9approvisionner abrasif durant la d\u00e9coupe<\/li>\n<li>Surveillance du niveau d'abrasif<\/li>\n<\/ul>\n<p><strong>Message niveau bas silo<\/strong><br \/>\nPour d\u00e9tecter la suffisance en stock d\u2019abrasif dans le silo, un deuxi\u00e8me capteur signale \u00e0 la machine de d\u00e9coupe de reporter \u201cNiveau Bas Silo\u201d. Ce message d\u00e9clenche le r\u00e9approvisionnement au silo avant d\u2019\u00e9puiser totalement l\u2019abrasif en stock.<\/p>\n<p>Plus d'information concernant <a href=\"https:\/\/resato-waterjet.com\/fr\/gestion-dabrasif\/\">la gestion d'abrasif, vous pouvez cliquer ici.<\/a>.<\/p>","protected":false},"excerpt":{"rendered":"<p>Le syst\u00e8me d'alimentation continue en abrasifs assure un flux d'abrasifs vers les machines de d\u00e9coupe sans qu'il soit n\u00e9cessaire d'interrompre le processus de d\u00e9coupe.<\/p>\n<p>Il contient un syst\u00e8me de pression \u00e0 commande automatique permettant de remplir un petit r\u00e9servoir sous pression pour le transport de l'abrasif vers la machine de d\u00e9coupe. Un grand silo d'abrasif stocke l'abrasif et peut \u00eatre rempli \u00e0 tout moment sans interrompre le processus de d\u00e9coupe.<\/p>\n<p>&nbsp;<\/p>\n<p><strong>Sp\u00e9cifications techniques:<\/strong><\/p>\n<ul>\n<li>R\u00e9approvisionnement : ouvrir le couvercle et vider le grand sac dans le silo<\/li>\n<li>Capacit\u00e9 totale 2300 kg<\/li>\n<li>Capacit\u00e9 de remplissage 2000 kg (1000 L)<\/li>\n<li>Acc\u00e8s facile et ergonomique \u00e0 l'aide d'un marche pied<\/li>\n<li>Hauteur minimale du plafond 4m<\/li>\n<li>Poids \u00e0 vide 325 kg<\/li>\n<li>Poids maximal 2625 kg<\/li>\n<li>La charge au sol 4 supports \u00d8 120 mm, 6563 N\/support, 0.6 N\/mm2<\/li>\n<li>LxlxH: 1225 mm x 1225 mm x 1880 mm<\/li>\n<li>Espace libre autour: 200 mm \u00e0 l'arri\u00e8re, 600 mm \u00e0 gauche ou \u00e0 droite, \u00e0 l'avant en fonction du chariot \u00e9l\u00e9vateur<\/li>\n<\/ul>","protected":false},"featured_media":11274,"template":"","meta":{"content-type":""},"product_brand":[],"product_cat":[115],"product_tag":[116],"class_list":{"0":"post-8428","1":"product","2":"type-product","3":"status-publish","4":"has-post-thumbnail","6":"product_cat-abrasive-management","7":"product_tag-abrasive-management","9":"first","10":"instock","11":"shipping-taxable","12":"product-type-external"},"yoast_head":"<!-- This site is optimized with the Yoast SEO plugin v27.3 - https:\/\/yoast.com\/product\/yoast-seo-wordpress\/ -->\n<title>Abrasive continuous supply - Resato Waterjet<\/title>\n<meta name=\"description\" content=\"Abrasive continuous supply is necessary for continuous abrasive flow, refilling abrasive during the cutting process, and monitoring abrasive level\" \/>\n<meta name=\"robots\" content=\"index, follow, max-snippet:-1, max-image-preview:large, max-video-preview:-1\" \/>\n<link rel=\"canonical\" href=\"https:\/\/resato-waterjet.com\/fr\/produit\/abrasif-alimentation-continue\/\" \/>\n<meta property=\"og:locale\" content=\"fr_FR\" \/>\n<meta property=\"og:type\" content=\"article\" \/>\n<meta property=\"og:title\" content=\"Abrasive continuous supply - Resato Waterjet\" \/>\n<meta property=\"og:description\" content=\"Abrasive continuous supply is necessary for continuous abrasive flow, refilling abrasive during the cutting process, and monitoring abrasive level\" \/>\n<meta property=\"og:url\" content=\"https:\/\/resato-waterjet.com\/fr\/produit\/abrasif-alimentation-continue\/\" \/>\n<meta property=\"og:site_name\" content=\"Resato Waterjet\" \/>\n<meta property=\"article:modified_time\" content=\"2025-09-26T08:57:26+00:00\" \/>\n<meta property=\"og:image\" content=\"https:\/\/resato-waterjet.com\/wp-content\/uploads\/2023\/01\/ABR-CS_01.jpg\" \/>\n\t<meta property=\"og:image:width\" content=\"1388\" \/>\n\t<meta property=\"og:image:height\" content=\"725\" \/>\n\t<meta property=\"og:image:type\" content=\"image\/jpeg\" \/>\n<meta name=\"twitter:card\" content=\"summary_large_image\" \/>\n<meta name=\"twitter:label1\" content=\"Dur\u00e9e de lecture estim\u00e9e\" \/>\n\t<meta name=\"twitter:data1\" content=\"1 minute\" \/>\n<script type=\"application\/ld+json\" class=\"yoast-schema-graph\">{\"@context\":\"https:\\\/\\\/schema.org\",\"@graph\":[{\"@type\":\"WebPage\",\"@id\":\"https:\\\/\\\/resato-waterjet.com\\\/en\\\/product\\\/abrasive-continuous-supply\\\/\",\"url\":\"https:\\\/\\\/resato-waterjet.com\\\/en\\\/product\\\/abrasive-continuous-supply\\\/\",\"name\":\"Abrasive continuous supply - Resato Waterjet\",\"isPartOf\":{\"@id\":\"https:\\\/\\\/resato-waterjet.com\\\/en\\\/#website\"},\"primaryImageOfPage\":{\"@id\":\"https:\\\/\\\/resato-waterjet.com\\\/en\\\/product\\\/abrasive-continuous-supply\\\/#primaryimage\"},\"image\":{\"@id\":\"https:\\\/\\\/resato-waterjet.com\\\/en\\\/product\\\/abrasive-continuous-supply\\\/#primaryimage\"},\"thumbnailUrl\":\"https:\\\/\\\/resato-waterjet.com\\\/wp-content\\\/uploads\\\/2023\\\/01\\\/ABR-CS_01.jpg\",\"datePublished\":\"2023-01-10T12:58:06+00:00\",\"dateModified\":\"2025-09-26T08:57:26+00:00\",\"description\":\"Abrasive continuous supply is necessary for continuous abrasive flow, refilling abrasive during the cutting process, and monitoring abrasive level\",\"breadcrumb\":{\"@id\":\"https:\\\/\\\/resato-waterjet.com\\\/en\\\/product\\\/abrasive-continuous-supply\\\/#breadcrumb\"},\"inLanguage\":\"fr-FR\",\"potentialAction\":[{\"@type\":\"ReadAction\",\"target\":[\"https:\\\/\\\/resato-waterjet.com\\\/en\\\/product\\\/abrasive-continuous-supply\\\/\"]}]},{\"@type\":\"ImageObject\",\"inLanguage\":\"fr-FR\",\"@id\":\"https:\\\/\\\/resato-waterjet.com\\\/en\\\/product\\\/abrasive-continuous-supply\\\/#primaryimage\",\"url\":\"https:\\\/\\\/resato-waterjet.com\\\/wp-content\\\/uploads\\\/2023\\\/01\\\/ABR-CS_01.jpg\",\"contentUrl\":\"https:\\\/\\\/resato-waterjet.com\\\/wp-content\\\/uploads\\\/2023\\\/01\\\/ABR-CS_01.jpg\",\"width\":1388,\"height\":725},{\"@type\":\"BreadcrumbList\",\"@id\":\"https:\\\/\\\/resato-waterjet.com\\\/en\\\/product\\\/abrasive-continuous-supply\\\/#breadcrumb\",\"itemListElement\":[{\"@type\":\"ListItem\",\"position\":1,\"name\":\"Home\",\"item\":\"https:\\\/\\\/resato-waterjet.com\\\/fr\\\/\"},{\"@type\":\"ListItem\",\"position\":2,\"name\":\"Machines and Services\",\"item\":\"https:\\\/\\\/resato-waterjet.com\\\/en\\\/machines-and-services\\\/\"},{\"@type\":\"ListItem\",\"position\":3,\"name\":\"Abrasive continuous supply\"}]},{\"@type\":\"WebSite\",\"@id\":\"https:\\\/\\\/resato-waterjet.com\\\/en\\\/#website\",\"url\":\"https:\\\/\\\/resato-waterjet.com\\\/en\\\/\",\"name\":\"Resato Waterjet\",\"description\":\"Creating Magic with Water\",\"publisher\":{\"@id\":\"https:\\\/\\\/resato-waterjet.com\\\/en\\\/#organization\"},\"alternateName\":\"Resato\",\"potentialAction\":[{\"@type\":\"SearchAction\",\"target\":{\"@type\":\"EntryPoint\",\"urlTemplate\":\"https:\\\/\\\/resato-waterjet.com\\\/en\\\/?s={search_term_string}\"},\"query-input\":{\"@type\":\"PropertyValueSpecification\",\"valueRequired\":true,\"valueName\":\"search_term_string\"}}],\"inLanguage\":\"fr-FR\"},{\"@type\":\"Organization\",\"@id\":\"https:\\\/\\\/resato-waterjet.com\\\/en\\\/#organization\",\"name\":\"Resato Waterjet\",\"alternateName\":\"Resato\",\"url\":\"https:\\\/\\\/resato-waterjet.com\\\/en\\\/\",\"logo\":{\"@type\":\"ImageObject\",\"inLanguage\":\"fr-FR\",\"@id\":\"https:\\\/\\\/resato-waterjet.com\\\/en\\\/#\\\/schema\\\/logo\\\/image\\\/\",\"url\":\"https:\\\/\\\/mlwy9mbbs62x.i.optimole.com\\\/w:auto\\\/h:auto\\\/q:mauto\\\/f:avif\\\/https:\\\/\\\/resato-waterjet.com\\\/wp-content\\\/uploads\\\/2023\\\/03\\\/cropped-Resato-YOutube-Logo.png\",\"contentUrl\":\"https:\\\/\\\/mlwy9mbbs62x.i.optimole.com\\\/w:auto\\\/h:auto\\\/q:mauto\\\/f:avif\\\/https:\\\/\\\/resato-waterjet.com\\\/wp-content\\\/uploads\\\/2023\\\/03\\\/cropped-Resato-YOutube-Logo.png\",\"width\":512,\"height\":512,\"caption\":\"Resato Waterjet\"},\"image\":{\"@id\":\"https:\\\/\\\/resato-waterjet.com\\\/en\\\/#\\\/schema\\\/logo\\\/image\\\/\"},\"sameAs\":[\"https:\\\/\\\/www.linkedin.com\\\/company\\\/resato-waterjet-technology\\\/\"]}]}<\/script>\n<!-- \/ Yoast SEO plugin. -->","yoast_head_json":{"title":"Approvisionnement continu en abrasifs - Resato Waterjet","description":"Une alimentation continue en abrasif est n\u00e9cessaire pour un flux d'abrasif continu, le remplissage d'abrasif pendant le processus de coupe et la surveillance du niveau d'abrasif","robots":{"index":"index","follow":"follow","max-snippet":"max-snippet:-1","max-image-preview":"max-image-preview:large","max-video-preview":"max-video-preview:-1"},"canonical":"https:\/\/resato-waterjet.com\/fr\/produit\/abrasif-alimentation-continue\/","og_locale":"fr_FR","og_type":"article","og_title":"Abrasive continuous supply - Resato Waterjet","og_description":"Abrasive continuous supply is necessary for continuous abrasive flow, refilling abrasive during the cutting process, and monitoring abrasive level","og_url":"https:\/\/resato-waterjet.com\/fr\/produit\/abrasif-alimentation-continue\/","og_site_name":"Resato Waterjet","article_modified_time":"2025-09-26T08:57:26+00:00","og_image":[{"width":1388,"height":725,"url":"https:\/\/resato-waterjet.com\/wp-content\/uploads\/2023\/01\/ABR-CS_01.jpg","type":"image\/jpeg"}],"twitter_card":"summary_large_image","twitter_misc":{"Dur\u00e9e de lecture estim\u00e9e":"1 minute"},"schema":{"@context":"https:\/\/schema.org","@graph":[{"@type":"WebPage","@id":"https:\/\/resato-waterjet.com\/en\/product\/abrasive-continuous-supply\/","url":"https:\/\/resato-waterjet.com\/en\/product\/abrasive-continuous-supply\/","name":"Approvisionnement continu en abrasifs - Resato Waterjet","isPartOf":{"@id":"https:\/\/resato-waterjet.com\/en\/#website"},"primaryImageOfPage":{"@id":"https:\/\/resato-waterjet.com\/en\/product\/abrasive-continuous-supply\/#primaryimage"},"image":{"@id":"https:\/\/resato-waterjet.com\/en\/product\/abrasive-continuous-supply\/#primaryimage"},"thumbnailUrl":"https:\/\/resato-waterjet.com\/wp-content\/uploads\/2023\/01\/ABR-CS_01.jpg","datePublished":"2023-01-10T12:58:06+00:00","dateModified":"2025-09-26T08:57:26+00:00","description":"Une alimentation continue en abrasif est n\u00e9cessaire pour un flux d'abrasif continu, le remplissage d'abrasif pendant le processus de coupe et la surveillance du niveau d'abrasif","breadcrumb":{"@id":"https:\/\/resato-waterjet.com\/en\/product\/abrasive-continuous-supply\/#breadcrumb"},"inLanguage":"fr-FR","potentialAction":[{"@type":"ReadAction","target":["https:\/\/resato-waterjet.com\/en\/product\/abrasive-continuous-supply\/"]}]},{"@type":"ImageObject","inLanguage":"fr-FR","@id":"https:\/\/resato-waterjet.com\/en\/product\/abrasive-continuous-supply\/#primaryimage","url":"https:\/\/resato-waterjet.com\/wp-content\/uploads\/2023\/01\/ABR-CS_01.jpg","contentUrl":"https:\/\/resato-waterjet.com\/wp-content\/uploads\/2023\/01\/ABR-CS_01.jpg","width":1388,"height":725},{"@type":"BreadcrumbList","@id":"https:\/\/resato-waterjet.com\/en\/product\/abrasive-continuous-supply\/#breadcrumb","itemListElement":[{"@type":"ListItem","position":1,"name":"Home","item":"https:\/\/resato-waterjet.com\/fr\/"},{"@type":"ListItem","position":2,"name":"Machines and Services","item":"https:\/\/resato-waterjet.com\/en\/machines-and-services\/"},{"@type":"ListItem","position":3,"name":"Abrasive continuous supply"}]},{"@type":"WebSite","@id":"https:\/\/resato-waterjet.com\/en\/#website","url":"https:\/\/resato-waterjet.com\/en\/","name":"Jet d'eau Resato","description":"Cr\u00e9er de la magie avec l'eau","publisher":{"@id":"https:\/\/resato-waterjet.com\/en\/#organization"},"alternateName":"Resato","potentialAction":[{"@type":"SearchAction","target":{"@type":"EntryPoint","urlTemplate":"https:\/\/resato-waterjet.com\/en\/?s={search_term_string}"},"query-input":{"@type":"PropertyValueSpecification","valueRequired":true,"valueName":"search_term_string"}}],"inLanguage":"fr-FR"},{"@type":"Organization","@id":"https:\/\/resato-waterjet.com\/en\/#organization","name":"Jet d'eau Resato","alternateName":"Resato","url":"https:\/\/resato-waterjet.com\/en\/","logo":{"@type":"ImageObject","inLanguage":"fr-FR","@id":"https:\/\/resato-waterjet.com\/en\/#\/schema\/logo\/image\/","url":"https:\/\/mlwy9mbbs62x.i.optimole.com\/w:auto\/h:auto\/q:mauto\/f:avif\/https:\/\/resato-waterjet.com\/wp-content\/uploads\/2023\/03\/cropped-Resato-YOutube-Logo.png","contentUrl":"https:\/\/mlwy9mbbs62x.i.optimole.com\/w:auto\/h:auto\/q:mauto\/f:avif\/https:\/\/resato-waterjet.com\/wp-content\/uploads\/2023\/03\/cropped-Resato-YOutube-Logo.png","width":512,"height":512,"caption":"Resato Waterjet"},"image":{"@id":"https:\/\/resato-waterjet.com\/en\/#\/schema\/logo\/image\/"},"sameAs":["https:\/\/www.linkedin.com\/company\/resato-waterjet-technology\/"]}]}},"_links":{"self":[{"href":"https:\/\/resato-waterjet.com\/fr\/wp-json\/wp\/v2\/product\/8428","targetHints":{"allow":["GET"]}}],"collection":[{"href":"https:\/\/resato-waterjet.com\/fr\/wp-json\/wp\/v2\/product"}],"about":[{"href":"https:\/\/resato-waterjet.com\/fr\/wp-json\/wp\/v2\/types\/product"}],"version-history":[{"count":2,"href":"https:\/\/resato-waterjet.com\/fr\/wp-json\/wp\/v2\/product\/8428\/revisions"}],"predecessor-version":[{"id":10523,"href":"https:\/\/resato-waterjet.com\/fr\/wp-json\/wp\/v2\/product\/8428\/revisions\/10523"}],"wp:featuredmedia":[{"embeddable":true,"href":"https:\/\/resato-waterjet.com\/fr\/wp-json\/wp\/v2\/media\/11274"}],"wp:attachment":[{"href":"https:\/\/resato-waterjet.com\/fr\/wp-json\/wp\/v2\/media?parent=8428"}],"wp:term":[{"taxonomy":"product_brand","embeddable":true,"href":"https:\/\/resato-waterjet.com\/fr\/wp-json\/wp\/v2\/product_brand?post=8428"},{"taxonomy":"product_cat","embeddable":true,"href":"https:\/\/resato-waterjet.com\/fr\/wp-json\/wp\/v2\/product_cat?post=8428"},{"taxonomy":"product_tag","embeddable":true,"href":"https:\/\/resato-waterjet.com\/fr\/wp-json\/wp\/v2\/product_tag?post=8428"}],"curies":[{"name":"wp","href":"https:\/\/api.w.org\/{rel}","templated":true}]}}