{"id":8415,"date":"2023-01-10T12:44:58","date_gmt":"2023-01-10T12:44:58","guid":{"rendered":"https:\/\/resato-waterjet.com\/?post_type=product&#038;p=8415"},"modified":"2024-01-22T11:55:52","modified_gmt":"2024-01-22T11:55:52","slug":"recipients-abrasifs-750-ou-300-kg","status":"publish","type":"product","link":"https:\/\/resato-waterjet.com\/fr\/product\/abrasive-vessels-750-or-300-kg\/","title":{"rendered":"R\u00e9cipients d\u2019abrasif 750 ou 300 kg"},"content":{"rendered":"","protected":false},"excerpt":{"rendered":"<p>L'abrasif est transport\u00e9 avec un syst\u00e8me pneumatique sous une pression d'air de 4 \u00e0 5 bars du r\u00e9servoir \u00e0 l'alimentation.<\/p>\n<p>Un faible niveau d'abrasif dans le r\u00e9servoir d\u00e9clenche un signal sur le panneau de commande. Si l'on ne r\u00e9agit pas, le niveau moyen d'abrasif descend en dessous du niveau minimum et le processus de coupe s'arr\u00eate automatiquement.<\/p>\n<p><strong>Sp\u00e9cifications techniques:<\/strong><\/p>\n<ul>\n<li>Pression de fonctionnement 2-4 bar<\/li>\n<li>Consommation d\u2019air 200 NI\/min<\/li>\n<li>Capacit\u00e9 abrasive restante \u00e0 faible niveau: 10 kg<\/li>\n<\/ul>","protected":false},"featured_media":8416,"template":"","meta":{"content-type":""},"product_brand":[],"product_cat":[115],"product_tag":[116],"class_list":{"0":"post-8415","1":"product","2":"type-product","3":"status-publish","4":"has-post-thumbnail","6":"product_cat-abrasive-management","7":"product_tag-abrasive-management","9":"first","10":"instock","11":"shipping-taxable","12":"product-type-external"},"yoast_head":"<!-- This site is optimized with the Yoast SEO plugin v27.4 - https:\/\/yoast.com\/product\/yoast-seo-wordpress\/ -->\n<title>Abrasive vessels 750 or 300 kg - Resato Waterjet<\/title>\n<meta name=\"description\" content=\"Abrasive is transported pneumatically from the vessel to the feeder under 4 to 5 bar air pressure. Learn more about Abrasive Vessels.\" \/>\n<meta name=\"robots\" content=\"index, follow, max-snippet:-1, max-image-preview:large, max-video-preview:-1\" \/>\n<link rel=\"canonical\" href=\"https:\/\/resato-waterjet.com\/fr\/produit\/recipients-abrasifs-750-ou-300-kg\/\" \/>\n<meta property=\"og:locale\" content=\"fr_FR\" \/>\n<meta property=\"og:type\" content=\"article\" \/>\n<meta property=\"og:title\" content=\"Abrasive vessels 750 or 300 kg - Resato Waterjet\" \/>\n<meta property=\"og:description\" content=\"Abrasive is transported pneumatically from the vessel to the feeder under 4 to 5 bar air pressure. Learn more about Abrasive Vessels.\" \/>\n<meta property=\"og:url\" content=\"https:\/\/resato-waterjet.com\/fr\/produit\/recipients-abrasifs-750-ou-300-kg\/\" \/>\n<meta property=\"og:site_name\" content=\"Resato Waterjet\" \/>\n<meta property=\"article:modified_time\" content=\"2024-01-22T11:55:52+00:00\" \/>\n<meta property=\"og:image\" content=\"https:\/\/resato-waterjet.com\/wp-content\/uploads\/2023\/01\/SqjTyywJEE-1.jpg\" \/>\n\t<meta property=\"og:image:width\" content=\"760\" \/>\n\t<meta property=\"og:image:height\" content=\"398\" \/>\n\t<meta property=\"og:image:type\" content=\"image\/jpeg\" \/>\n<meta name=\"twitter:card\" content=\"summary_large_image\" \/>\n<script type=\"application\/ld+json\" class=\"yoast-schema-graph\">{\"@context\":\"https:\\\/\\\/schema.org\",\"@graph\":[{\"@type\":\"WebPage\",\"@id\":\"https:\\\/\\\/resato-waterjet.com\\\/en\\\/product\\\/abrasive-vessels-750-or-300-kg\\\/\",\"url\":\"https:\\\/\\\/resato-waterjet.com\\\/en\\\/product\\\/abrasive-vessels-750-or-300-kg\\\/\",\"name\":\"Abrasive vessels 750 or 300 kg - Resato Waterjet\",\"isPartOf\":{\"@id\":\"https:\\\/\\\/resato-waterjet.com\\\/en\\\/#website\"},\"primaryImageOfPage\":{\"@id\":\"https:\\\/\\\/resato-waterjet.com\\\/en\\\/product\\\/abrasive-vessels-750-or-300-kg\\\/#primaryimage\"},\"image\":{\"@id\":\"https:\\\/\\\/resato-waterjet.com\\\/en\\\/product\\\/abrasive-vessels-750-or-300-kg\\\/#primaryimage\"},\"thumbnailUrl\":\"https:\\\/\\\/resato-waterjet.com\\\/wp-content\\\/uploads\\\/2023\\\/01\\\/SqjTyywJEE-1.jpg\",\"datePublished\":\"2023-01-10T12:44:58+00:00\",\"dateModified\":\"2024-01-22T11:55:52+00:00\",\"description\":\"Abrasive is transported pneumatically from the vessel to the feeder under 4 to 5 bar air pressure. Learn more about Abrasive Vessels.\",\"breadcrumb\":{\"@id\":\"https:\\\/\\\/resato-waterjet.com\\\/en\\\/product\\\/abrasive-vessels-750-or-300-kg\\\/#breadcrumb\"},\"inLanguage\":\"fr-FR\",\"potentialAction\":[{\"@type\":\"ReadAction\",\"target\":[\"https:\\\/\\\/resato-waterjet.com\\\/en\\\/product\\\/abrasive-vessels-750-or-300-kg\\\/\"]}]},{\"@type\":\"ImageObject\",\"inLanguage\":\"fr-FR\",\"@id\":\"https:\\\/\\\/resato-waterjet.com\\\/en\\\/product\\\/abrasive-vessels-750-or-300-kg\\\/#primaryimage\",\"url\":\"https:\\\/\\\/resato-waterjet.com\\\/wp-content\\\/uploads\\\/2023\\\/01\\\/SqjTyywJEE-1.jpg\",\"contentUrl\":\"https:\\\/\\\/resato-waterjet.com\\\/wp-content\\\/uploads\\\/2023\\\/01\\\/SqjTyywJEE-1.jpg\",\"width\":760,\"height\":398,\"caption\":\"Abrasive Management Vessel\"},{\"@type\":\"BreadcrumbList\",\"@id\":\"https:\\\/\\\/resato-waterjet.com\\\/en\\\/product\\\/abrasive-vessels-750-or-300-kg\\\/#breadcrumb\",\"itemListElement\":[{\"@type\":\"ListItem\",\"position\":1,\"name\":\"Home\",\"item\":\"https:\\\/\\\/resato-waterjet.com\\\/fr\\\/\"},{\"@type\":\"ListItem\",\"position\":2,\"name\":\"Machines and Services\",\"item\":\"https:\\\/\\\/resato-waterjet.com\\\/en\\\/machines-and-services\\\/\"},{\"@type\":\"ListItem\",\"position\":3,\"name\":\"Abrasive vessels 750 or 300 kg\"}]},{\"@type\":\"WebSite\",\"@id\":\"https:\\\/\\\/resato-waterjet.com\\\/en\\\/#website\",\"url\":\"https:\\\/\\\/resato-waterjet.com\\\/en\\\/\",\"name\":\"Resato Waterjet\",\"description\":\"Creating Magic with Water\",\"publisher\":{\"@id\":\"https:\\\/\\\/resato-waterjet.com\\\/en\\\/#organization\"},\"alternateName\":\"Resato\",\"potentialAction\":[{\"@type\":\"SearchAction\",\"target\":{\"@type\":\"EntryPoint\",\"urlTemplate\":\"https:\\\/\\\/resato-waterjet.com\\\/en\\\/?s={search_term_string}\"},\"query-input\":{\"@type\":\"PropertyValueSpecification\",\"valueRequired\":true,\"valueName\":\"search_term_string\"}}],\"inLanguage\":\"fr-FR\"},{\"@type\":\"Organization\",\"@id\":\"https:\\\/\\\/resato-waterjet.com\\\/en\\\/#organization\",\"name\":\"Resato Waterjet\",\"alternateName\":\"Resato\",\"url\":\"https:\\\/\\\/resato-waterjet.com\\\/en\\\/\",\"logo\":{\"@type\":\"ImageObject\",\"inLanguage\":\"fr-FR\",\"@id\":\"https:\\\/\\\/resato-waterjet.com\\\/en\\\/#\\\/schema\\\/logo\\\/image\\\/\",\"url\":\"https:\\\/\\\/mlwy9mbbs62x.i.optimole.com\\\/w:auto\\\/h:auto\\\/q:mauto\\\/f:avif\\\/https:\\\/\\\/resato-waterjet.com\\\/wp-content\\\/uploads\\\/2023\\\/03\\\/cropped-Resato-YOutube-Logo.png\",\"contentUrl\":\"https:\\\/\\\/mlwy9mbbs62x.i.optimole.com\\\/w:auto\\\/h:auto\\\/q:mauto\\\/f:avif\\\/https:\\\/\\\/resato-waterjet.com\\\/wp-content\\\/uploads\\\/2023\\\/03\\\/cropped-Resato-YOutube-Logo.png\",\"width\":512,\"height\":512,\"caption\":\"Resato Waterjet\"},\"image\":{\"@id\":\"https:\\\/\\\/resato-waterjet.com\\\/en\\\/#\\\/schema\\\/logo\\\/image\\\/\"},\"sameAs\":[\"https:\\\/\\\/www.linkedin.com\\\/company\\\/resato-waterjet-technology\\\/\"]}]}<\/script>\n<!-- \/ Yoast SEO plugin. -->","yoast_head_json":{"title":"Cuves d'abrasif 750 ou 300 kg - Resato Waterjet","description":"L'abrasif est transport\u00e9 avec un syst\u00e8me pneumatique du r\u00e9cipient jusqu\u2019\u00e0 l\u2019alimentateur en dessous de 4 ou 5 bar de pression d\u2019air.","robots":{"index":"index","follow":"follow","max-snippet":"max-snippet:-1","max-image-preview":"max-image-preview:large","max-video-preview":"max-video-preview:-1"},"canonical":"https:\/\/resato-waterjet.com\/fr\/produit\/recipients-abrasifs-750-ou-300-kg\/","og_locale":"fr_FR","og_type":"article","og_title":"Abrasive vessels 750 or 300 kg - Resato Waterjet","og_description":"Abrasive is transported pneumatically from the vessel to the feeder under 4 to 5 bar air pressure. Learn more about Abrasive Vessels.","og_url":"https:\/\/resato-waterjet.com\/fr\/produit\/recipients-abrasifs-750-ou-300-kg\/","og_site_name":"Resato Waterjet","article_modified_time":"2024-01-22T11:55:52+00:00","og_image":[{"width":760,"height":398,"url":"https:\/\/resato-waterjet.com\/wp-content\/uploads\/2023\/01\/SqjTyywJEE-1.jpg","type":"image\/jpeg"}],"twitter_card":"summary_large_image","schema":{"@context":"https:\/\/schema.org","@graph":[{"@type":"WebPage","@id":"https:\/\/resato-waterjet.com\/en\/product\/abrasive-vessels-750-or-300-kg\/","url":"https:\/\/resato-waterjet.com\/en\/product\/abrasive-vessels-750-or-300-kg\/","name":"Cuves d'abrasif 750 ou 300 kg - Resato Waterjet","isPartOf":{"@id":"https:\/\/resato-waterjet.com\/en\/#website"},"primaryImageOfPage":{"@id":"https:\/\/resato-waterjet.com\/en\/product\/abrasive-vessels-750-or-300-kg\/#primaryimage"},"image":{"@id":"https:\/\/resato-waterjet.com\/en\/product\/abrasive-vessels-750-or-300-kg\/#primaryimage"},"thumbnailUrl":"https:\/\/resato-waterjet.com\/wp-content\/uploads\/2023\/01\/SqjTyywJEE-1.jpg","datePublished":"2023-01-10T12:44:58+00:00","dateModified":"2024-01-22T11:55:52+00:00","description":"L'abrasif est transport\u00e9 avec un syst\u00e8me pneumatique du r\u00e9cipient jusqu\u2019\u00e0 l\u2019alimentateur en dessous de 4 ou 5 bar de pression d\u2019air.","breadcrumb":{"@id":"https:\/\/resato-waterjet.com\/en\/product\/abrasive-vessels-750-or-300-kg\/#breadcrumb"},"inLanguage":"fr-FR","potentialAction":[{"@type":"ReadAction","target":["https:\/\/resato-waterjet.com\/en\/product\/abrasive-vessels-750-or-300-kg\/"]}]},{"@type":"ImageObject","inLanguage":"fr-FR","@id":"https:\/\/resato-waterjet.com\/en\/product\/abrasive-vessels-750-or-300-kg\/#primaryimage","url":"https:\/\/resato-waterjet.com\/wp-content\/uploads\/2023\/01\/SqjTyywJEE-1.jpg","contentUrl":"https:\/\/resato-waterjet.com\/wp-content\/uploads\/2023\/01\/SqjTyywJEE-1.jpg","width":760,"height":398,"caption":"Abrasive Management Vessel"},{"@type":"BreadcrumbList","@id":"https:\/\/resato-waterjet.com\/en\/product\/abrasive-vessels-750-or-300-kg\/#breadcrumb","itemListElement":[{"@type":"ListItem","position":1,"name":"Home","item":"https:\/\/resato-waterjet.com\/fr\/"},{"@type":"ListItem","position":2,"name":"Machines and Services","item":"https:\/\/resato-waterjet.com\/en\/machines-and-services\/"},{"@type":"ListItem","position":3,"name":"Abrasive vessels 750 or 300 kg"}]},{"@type":"WebSite","@id":"https:\/\/resato-waterjet.com\/en\/#website","url":"https:\/\/resato-waterjet.com\/en\/","name":"Jet d'eau Resato","description":"Cr\u00e9er de la magie avec l'eau","publisher":{"@id":"https:\/\/resato-waterjet.com\/en\/#organization"},"alternateName":"Resato","potentialAction":[{"@type":"SearchAction","target":{"@type":"EntryPoint","urlTemplate":"https:\/\/resato-waterjet.com\/en\/?s={search_term_string}"},"query-input":{"@type":"PropertyValueSpecification","valueRequired":true,"valueName":"search_term_string"}}],"inLanguage":"fr-FR"},{"@type":"Organization","@id":"https:\/\/resato-waterjet.com\/en\/#organization","name":"Jet d'eau Resato","alternateName":"Resato","url":"https:\/\/resato-waterjet.com\/en\/","logo":{"@type":"ImageObject","inLanguage":"fr-FR","@id":"https:\/\/resato-waterjet.com\/en\/#\/schema\/logo\/image\/","url":"https:\/\/mlwy9mbbs62x.i.optimole.com\/w:auto\/h:auto\/q:mauto\/f:avif\/https:\/\/resato-waterjet.com\/wp-content\/uploads\/2023\/03\/cropped-Resato-YOutube-Logo.png","contentUrl":"https:\/\/mlwy9mbbs62x.i.optimole.com\/w:auto\/h:auto\/q:mauto\/f:avif\/https:\/\/resato-waterjet.com\/wp-content\/uploads\/2023\/03\/cropped-Resato-YOutube-Logo.png","width":512,"height":512,"caption":"Resato Waterjet"},"image":{"@id":"https:\/\/resato-waterjet.com\/en\/#\/schema\/logo\/image\/"},"sameAs":["https:\/\/www.linkedin.com\/company\/resato-waterjet-technology\/"]}]}},"_links":{"self":[{"href":"https:\/\/resato-waterjet.com\/fr\/wp-json\/wp\/v2\/product\/8415","targetHints":{"allow":["GET"]}}],"collection":[{"href":"https:\/\/resato-waterjet.com\/fr\/wp-json\/wp\/v2\/product"}],"about":[{"href":"https:\/\/resato-waterjet.com\/fr\/wp-json\/wp\/v2\/types\/product"}],"version-history":[{"count":2,"href":"https:\/\/resato-waterjet.com\/fr\/wp-json\/wp\/v2\/product\/8415\/revisions"}],"predecessor-version":[{"id":10522,"href":"https:\/\/resato-waterjet.com\/fr\/wp-json\/wp\/v2\/product\/8415\/revisions\/10522"}],"wp:featuredmedia":[{"embeddable":true,"href":"https:\/\/resato-waterjet.com\/fr\/wp-json\/wp\/v2\/media\/8416"}],"wp:attachment":[{"href":"https:\/\/resato-waterjet.com\/fr\/wp-json\/wp\/v2\/media?parent=8415"}],"wp:term":[{"taxonomy":"product_brand","embeddable":true,"href":"https:\/\/resato-waterjet.com\/fr\/wp-json\/wp\/v2\/product_brand?post=8415"},{"taxonomy":"product_cat","embeddable":true,"href":"https:\/\/resato-waterjet.com\/fr\/wp-json\/wp\/v2\/product_cat?post=8415"},{"taxonomy":"product_tag","embeddable":true,"href":"https:\/\/resato-waterjet.com\/fr\/wp-json\/wp\/v2\/product_tag?post=8415"}],"curies":[{"name":"wp","href":"https:\/\/api.w.org\/{rel}","templated":true}]}}