{"id":11568,"date":"2026-01-28T13:35:00","date_gmt":"2026-01-28T13:35:00","guid":{"rendered":"https:\/\/resato-waterjet.com\/?post_type=product&#038;p=11568"},"modified":"2026-01-28T14:32:13","modified_gmt":"2026-01-28T14:32:13","slug":"pj8-4000","status":"publish","type":"product","link":"https:\/\/resato-waterjet.com\/fr\/product\/pj8-4000\/","title":{"rendered":"PJ8-4000"},"content":{"rendered":"<p>La PJ8-4000 est une pompe \u00e0 haute pression sp\u00e9cialement con\u00e7ue pour les syst\u00e8mes de d\u00e9coupe au jet d'eau n\u00e9cessitant une plus grande puissance de coupe. La pompe peut \u00eatre fournie en combinaison avec, par exemple, une table de d\u00e9coupe au jet d'eau Resato ACM. Pour cr\u00e9er une pression d'eau \u00e9lev\u00e9e, le principe d'un amplificateur est utilis\u00e9. Une pression d'huile relativement faible (200 bars) est utilis\u00e9e pour g\u00e9n\u00e9rer une pression de sortie d'eau \u00e9lev\u00e9e (4000 bars).<\/p>\n<p>&nbsp;<\/p>\n<p>La pompe est refroidie \u00e0 l'eau et entra\u00een\u00e9e par un moteur \u00e9lectrique de 75 kW. Elle est \u00e9quip\u00e9e de deux multiplicateurs, ce qui lui permet d'atteindre une capacit\u00e9 de 7,6 l\/min.<\/p>\n<p>&nbsp;<\/p>\n<p><strong>Sp\u00e9cifications techniques<\/strong><\/p>\n<table style=\"height: 124px;\" width=\"453\">\n<tbody>\n<tr>\n<td width=\"193\">PJ8-4000<\/td>\n<td width=\"115\"><\/td>\n<\/tr>\n<tr>\n<td>Capacit\u00e9 maximale<\/td>\n<td>7,6 L\/min<\/td>\n<\/tr>\n<tr>\n<td>Pression maximale<\/td>\n<td>4000 bar<\/td>\n<\/tr>\n<tr>\n<td>Puissance maximale<\/td>\n<td>75 kW<\/td>\n<\/tr>\n<tr>\n<td>Nombre de surpresseurs<\/td>\n<td>2<\/td>\n<\/tr>\n<\/tbody>\n<\/table>\n<p>&nbsp;<\/p>","protected":false},"excerpt":{"rendered":"<p>Un d\u00e9bit de 7,6 l\/min et une puissance de 75 kW permettent d'obtenir une capacit\u00e9 de coupe \u00e9lev\u00e9e. Cela se traduit par des vitesses de coupe plus rapides et une efficacit\u00e9 encore plus grande. Gr\u00e2ce au design \u00e9l\u00e9gant qui a fait la r\u00e9putation de Resato, la pompe est facile et intuitive \u00e0 utiliser. Sa grande fiabilit\u00e9 garantit des temps d'arr\u00eat minimaux, ce qui permet des op\u00e9rations de d\u00e9coupe en continu. Associ\u00e9e aux tables de d\u00e9coupe au jet d'eau Resato, la pompe offre une excellente convivialit\u00e9 et est extr\u00eamement facile \u00e0 utiliser.<\/p>","protected":false},"featured_media":11571,"template":"","meta":{"content-type":""},"product_brand":[],"product_cat":[125],"product_tag":[126],"class_list":{"0":"post-11568","1":"product","2":"type-product","3":"status-publish","4":"has-post-thumbnail","6":"product_cat-waterjet-cutting-pumps","7":"product_tag-waterjet-cutting-pumps","9":"first","10":"instock","11":"shipping-taxable","12":"product-type-external"},"yoast_head":"<!-- This site is optimized with the Yoast SEO plugin v27.4 - https:\/\/yoast.com\/product\/yoast-seo-wordpress\/ -->\n<title>PJ8-4000 - Resato Waterjet<\/title>\n<meta name=\"description\" content=\"The PJ8-4000 is a high-pressure pump specially designed for use in waterjet cutting systems where more cutting power is requi\" \/>\n<meta name=\"robots\" content=\"index, follow, max-snippet:-1, max-image-preview:large, max-video-preview:-1\" \/>\n<link rel=\"canonical\" href=\"https:\/\/resato-waterjet.com\/fr\/produit\/pj8-4000\/\" \/>\n<meta property=\"og:locale\" content=\"fr_FR\" \/>\n<meta property=\"og:type\" content=\"article\" \/>\n<meta property=\"og:title\" content=\"PJ8-4000 - Resato Waterjet\" \/>\n<meta property=\"og:description\" content=\"The PJ8-4000 is a high-pressure pump specially designed for use in waterjet cutting systems where more cutting power is requi\" \/>\n<meta property=\"og:url\" content=\"https:\/\/resato-waterjet.com\/fr\/produit\/pj8-4000\/\" \/>\n<meta property=\"og:site_name\" content=\"Resato Waterjet\" \/>\n<meta property=\"article:modified_time\" content=\"2026-01-28T14:32:13+00:00\" \/>\n<meta property=\"og:image\" content=\"https:\/\/resato-waterjet.com\/wp-content\/uploads\/2026\/01\/PJ8-1.png\" \/>\n\t<meta property=\"og:image:width\" content=\"1058\" \/>\n\t<meta property=\"og:image:height\" content=\"557\" \/>\n\t<meta property=\"og:image:type\" content=\"image\/png\" \/>\n<meta name=\"twitter:card\" content=\"summary_large_image\" \/>\n<meta name=\"twitter:label1\" content=\"Dur\u00e9e de lecture estim\u00e9e\" \/>\n\t<meta name=\"twitter:data1\" content=\"1 minute\" \/>\n<script type=\"application\/ld+json\" class=\"yoast-schema-graph\">{\"@context\":\"https:\\\/\\\/schema.org\",\"@graph\":[{\"@type\":\"WebPage\",\"@id\":\"https:\\\/\\\/resato-waterjet.com\\\/product\\\/pj8-4000\\\/\",\"url\":\"https:\\\/\\\/resato-waterjet.com\\\/product\\\/pj8-4000\\\/\",\"name\":\"PJ8-4000 - Resato Waterjet\",\"isPartOf\":{\"@id\":\"https:\\\/\\\/resato-waterjet.com\\\/en\\\/#website\"},\"primaryImageOfPage\":{\"@id\":\"https:\\\/\\\/resato-waterjet.com\\\/product\\\/pj8-4000\\\/#primaryimage\"},\"image\":{\"@id\":\"https:\\\/\\\/resato-waterjet.com\\\/product\\\/pj8-4000\\\/#primaryimage\"},\"thumbnailUrl\":\"https:\\\/\\\/resato-waterjet.com\\\/wp-content\\\/uploads\\\/2026\\\/01\\\/PJ8-1.png\",\"datePublished\":\"2026-01-28T13:35:00+00:00\",\"dateModified\":\"2026-01-28T14:32:13+00:00\",\"description\":\"The PJ8-4000 is a high-pressure pump specially designed for use in waterjet cutting systems where more cutting power is requi\",\"breadcrumb\":{\"@id\":\"https:\\\/\\\/resato-waterjet.com\\\/product\\\/pj8-4000\\\/#breadcrumb\"},\"inLanguage\":\"fr-FR\",\"potentialAction\":[{\"@type\":\"ReadAction\",\"target\":[\"https:\\\/\\\/resato-waterjet.com\\\/product\\\/pj8-4000\\\/\"]}]},{\"@type\":\"ImageObject\",\"inLanguage\":\"fr-FR\",\"@id\":\"https:\\\/\\\/resato-waterjet.com\\\/product\\\/pj8-4000\\\/#primaryimage\",\"url\":\"https:\\\/\\\/resato-waterjet.com\\\/wp-content\\\/uploads\\\/2026\\\/01\\\/PJ8-1.png\",\"contentUrl\":\"https:\\\/\\\/resato-waterjet.com\\\/wp-content\\\/uploads\\\/2026\\\/01\\\/PJ8-1.png\",\"width\":1058,\"height\":557},{\"@type\":\"BreadcrumbList\",\"@id\":\"https:\\\/\\\/resato-waterjet.com\\\/product\\\/pj8-4000\\\/#breadcrumb\",\"itemListElement\":[{\"@type\":\"ListItem\",\"position\":1,\"name\":\"Home\",\"item\":\"https:\\\/\\\/resato-waterjet.com\\\/fr\\\/\"},{\"@type\":\"ListItem\",\"position\":2,\"name\":\"Machines and Services\",\"item\":\"https:\\\/\\\/resato-waterjet.com\\\/en\\\/machines-and-services\\\/\"},{\"@type\":\"ListItem\",\"position\":3,\"name\":\"PJ8-4000\"}]},{\"@type\":\"WebSite\",\"@id\":\"https:\\\/\\\/resato-waterjet.com\\\/en\\\/#website\",\"url\":\"https:\\\/\\\/resato-waterjet.com\\\/en\\\/\",\"name\":\"Resato Waterjet\",\"description\":\"Creating Magic with Water\",\"publisher\":{\"@id\":\"https:\\\/\\\/resato-waterjet.com\\\/en\\\/#organization\"},\"alternateName\":\"Resato\",\"potentialAction\":[{\"@type\":\"SearchAction\",\"target\":{\"@type\":\"EntryPoint\",\"urlTemplate\":\"https:\\\/\\\/resato-waterjet.com\\\/en\\\/?s={search_term_string}\"},\"query-input\":{\"@type\":\"PropertyValueSpecification\",\"valueRequired\":true,\"valueName\":\"search_term_string\"}}],\"inLanguage\":\"fr-FR\"},{\"@type\":\"Organization\",\"@id\":\"https:\\\/\\\/resato-waterjet.com\\\/en\\\/#organization\",\"name\":\"Resato Waterjet\",\"alternateName\":\"Resato\",\"url\":\"https:\\\/\\\/resato-waterjet.com\\\/en\\\/\",\"logo\":{\"@type\":\"ImageObject\",\"inLanguage\":\"fr-FR\",\"@id\":\"https:\\\/\\\/resato-waterjet.com\\\/en\\\/#\\\/schema\\\/logo\\\/image\\\/\",\"url\":\"https:\\\/\\\/mlwy9mbbs62x.i.optimole.com\\\/w:auto\\\/h:auto\\\/q:mauto\\\/f:avif\\\/https:\\\/\\\/resato-waterjet.com\\\/wp-content\\\/uploads\\\/2023\\\/03\\\/cropped-Resato-YOutube-Logo.png\",\"contentUrl\":\"https:\\\/\\\/mlwy9mbbs62x.i.optimole.com\\\/w:auto\\\/h:auto\\\/q:mauto\\\/f:avif\\\/https:\\\/\\\/resato-waterjet.com\\\/wp-content\\\/uploads\\\/2023\\\/03\\\/cropped-Resato-YOutube-Logo.png\",\"width\":512,\"height\":512,\"caption\":\"Resato Waterjet\"},\"image\":{\"@id\":\"https:\\\/\\\/resato-waterjet.com\\\/en\\\/#\\\/schema\\\/logo\\\/image\\\/\"},\"sameAs\":[\"https:\\\/\\\/www.linkedin.com\\\/company\\\/resato-waterjet-technology\\\/\"]}]}<\/script>\n<!-- \/ Yoast SEO plugin. -->","yoast_head_json":{"title":"PJ8-4000 - Jet d'eau Resato","description":"La PJ8-4000 est une pompe haute pression sp\u00e9cialement con\u00e7ue pour les syst\u00e8mes de d\u00e9coupe au jet d'eau n\u00e9cessitant une puissance de coupe plus importante.","robots":{"index":"index","follow":"follow","max-snippet":"max-snippet:-1","max-image-preview":"max-image-preview:large","max-video-preview":"max-video-preview:-1"},"canonical":"https:\/\/resato-waterjet.com\/fr\/produit\/pj8-4000\/","og_locale":"fr_FR","og_type":"article","og_title":"PJ8-4000 - Resato Waterjet","og_description":"The PJ8-4000 is a high-pressure pump specially designed for use in waterjet cutting systems where more cutting power is requi","og_url":"https:\/\/resato-waterjet.com\/fr\/produit\/pj8-4000\/","og_site_name":"Resato Waterjet","article_modified_time":"2026-01-28T14:32:13+00:00","og_image":[{"width":1058,"height":557,"url":"https:\/\/resato-waterjet.com\/wp-content\/uploads\/2026\/01\/PJ8-1.png","type":"image\/png"}],"twitter_card":"summary_large_image","twitter_misc":{"Dur\u00e9e de lecture estim\u00e9e":"1 minute"},"schema":{"@context":"https:\/\/schema.org","@graph":[{"@type":"WebPage","@id":"https:\/\/resato-waterjet.com\/product\/pj8-4000\/","url":"https:\/\/resato-waterjet.com\/product\/pj8-4000\/","name":"PJ8-4000 - Jet d'eau Resato","isPartOf":{"@id":"https:\/\/resato-waterjet.com\/en\/#website"},"primaryImageOfPage":{"@id":"https:\/\/resato-waterjet.com\/product\/pj8-4000\/#primaryimage"},"image":{"@id":"https:\/\/resato-waterjet.com\/product\/pj8-4000\/#primaryimage"},"thumbnailUrl":"https:\/\/resato-waterjet.com\/wp-content\/uploads\/2026\/01\/PJ8-1.png","datePublished":"2026-01-28T13:35:00+00:00","dateModified":"2026-01-28T14:32:13+00:00","description":"La PJ8-4000 est une pompe haute pression sp\u00e9cialement con\u00e7ue pour les syst\u00e8mes de d\u00e9coupe au jet d'eau n\u00e9cessitant une puissance de coupe plus importante.","breadcrumb":{"@id":"https:\/\/resato-waterjet.com\/product\/pj8-4000\/#breadcrumb"},"inLanguage":"fr-FR","potentialAction":[{"@type":"ReadAction","target":["https:\/\/resato-waterjet.com\/product\/pj8-4000\/"]}]},{"@type":"ImageObject","inLanguage":"fr-FR","@id":"https:\/\/resato-waterjet.com\/product\/pj8-4000\/#primaryimage","url":"https:\/\/resato-waterjet.com\/wp-content\/uploads\/2026\/01\/PJ8-1.png","contentUrl":"https:\/\/resato-waterjet.com\/wp-content\/uploads\/2026\/01\/PJ8-1.png","width":1058,"height":557},{"@type":"BreadcrumbList","@id":"https:\/\/resato-waterjet.com\/product\/pj8-4000\/#breadcrumb","itemListElement":[{"@type":"ListItem","position":1,"name":"Home","item":"https:\/\/resato-waterjet.com\/fr\/"},{"@type":"ListItem","position":2,"name":"Machines and Services","item":"https:\/\/resato-waterjet.com\/en\/machines-and-services\/"},{"@type":"ListItem","position":3,"name":"PJ8-4000"}]},{"@type":"WebSite","@id":"https:\/\/resato-waterjet.com\/en\/#website","url":"https:\/\/resato-waterjet.com\/en\/","name":"Jet d'eau Resato","description":"Cr\u00e9er de la magie avec l'eau","publisher":{"@id":"https:\/\/resato-waterjet.com\/en\/#organization"},"alternateName":"Resato","potentialAction":[{"@type":"SearchAction","target":{"@type":"EntryPoint","urlTemplate":"https:\/\/resato-waterjet.com\/en\/?s={search_term_string}"},"query-input":{"@type":"PropertyValueSpecification","valueRequired":true,"valueName":"search_term_string"}}],"inLanguage":"fr-FR"},{"@type":"Organization","@id":"https:\/\/resato-waterjet.com\/en\/#organization","name":"Jet d'eau Resato","alternateName":"Resato","url":"https:\/\/resato-waterjet.com\/en\/","logo":{"@type":"ImageObject","inLanguage":"fr-FR","@id":"https:\/\/resato-waterjet.com\/en\/#\/schema\/logo\/image\/","url":"https:\/\/mlwy9mbbs62x.i.optimole.com\/w:auto\/h:auto\/q:mauto\/f:avif\/https:\/\/resato-waterjet.com\/wp-content\/uploads\/2023\/03\/cropped-Resato-YOutube-Logo.png","contentUrl":"https:\/\/mlwy9mbbs62x.i.optimole.com\/w:auto\/h:auto\/q:mauto\/f:avif\/https:\/\/resato-waterjet.com\/wp-content\/uploads\/2023\/03\/cropped-Resato-YOutube-Logo.png","width":512,"height":512,"caption":"Resato Waterjet"},"image":{"@id":"https:\/\/resato-waterjet.com\/en\/#\/schema\/logo\/image\/"},"sameAs":["https:\/\/www.linkedin.com\/company\/resato-waterjet-technology\/"]}]}},"_links":{"self":[{"href":"https:\/\/resato-waterjet.com\/fr\/wp-json\/wp\/v2\/product\/11568","targetHints":{"allow":["GET"]}}],"collection":[{"href":"https:\/\/resato-waterjet.com\/fr\/wp-json\/wp\/v2\/product"}],"about":[{"href":"https:\/\/resato-waterjet.com\/fr\/wp-json\/wp\/v2\/types\/product"}],"version-history":[{"count":1,"href":"https:\/\/resato-waterjet.com\/fr\/wp-json\/wp\/v2\/product\/11568\/revisions"}],"predecessor-version":[{"id":11569,"href":"https:\/\/resato-waterjet.com\/fr\/wp-json\/wp\/v2\/product\/11568\/revisions\/11569"}],"wp:featuredmedia":[{"embeddable":true,"href":"https:\/\/resato-waterjet.com\/fr\/wp-json\/wp\/v2\/media\/11571"}],"wp:attachment":[{"href":"https:\/\/resato-waterjet.com\/fr\/wp-json\/wp\/v2\/media?parent=11568"}],"wp:term":[{"taxonomy":"product_brand","embeddable":true,"href":"https:\/\/resato-waterjet.com\/fr\/wp-json\/wp\/v2\/product_brand?post=11568"},{"taxonomy":"product_cat","embeddable":true,"href":"https:\/\/resato-waterjet.com\/fr\/wp-json\/wp\/v2\/product_cat?post=11568"},{"taxonomy":"product_tag","embeddable":true,"href":"https:\/\/resato-waterjet.com\/fr\/wp-json\/wp\/v2\/product_tag?post=11568"}],"curies":[{"name":"wp","href":"https:\/\/api.w.org\/{rel}","templated":true}]}}