{"id":11229,"date":"2025-09-25T07:44:18","date_gmt":"2025-09-25T07:44:18","guid":{"rendered":"https:\/\/resato-waterjet.com\/?post_type=product&#038;p=11229"},"modified":"2025-09-25T08:33:06","modified_gmt":"2025-09-25T08:33:06","slug":"alimentateur-dabrasifs-produit-ameliore","status":"publish","type":"product","link":"https:\/\/resato-waterjet.com\/fr\/product\/abrasive-feeder-upgraded-product\/","title":{"rendered":"Alimentateur d'abrasifs : Produit am\u00e9lior\u00e9"},"content":{"rendered":"","protected":false},"excerpt":{"rendered":"<p>Vous \u00e9prouvez l'une ou l'autre des frustrations ci-dessous ? Cette mise \u00e0 jour est peut-\u00eatre ce qu'il vous faut.<\/p>\n<ul>\n<li>D\u00e9montage difficile lors de l'entretien de votre alimentateur d'abrasifs<\/li>\n<li>Connecteurs difficilement accessibles<\/li>\n<li>Tuyaux qui se coincent<\/li>\n<li>Joint du couvercle avant difficile \u00e0 mettre en place<\/li>\n<li>Probl\u00e8mes d'aspiration dus \u00e0 des glandes obsol\u00e8tes<\/li>\n<li>Et surtout, les petites pi\u00e8ces qui tombent dans le r\u00e9servoir d'eau<\/li>\n<\/ul>\n<p>Gr\u00e2ce \u00e0 ce kit de mise \u00e0 niveau intelligent, vous pouvez transformer votre syst\u00e8me actuel en une version plus efficace, plus fiable et plus facile \u00e0 entretenir, sans avoir \u00e0 remplacer l'ensemble de l'alimentateur d'origine.<\/p>\n<p>Vous avez \u00e9galement la possibilit\u00e9 d'acheter un alimentateur enti\u00e8rement nouveau que vous pouvez facilement assembler vous-m\u00eame. Pr\u00eat \u00e0 l'emploi.<\/p>\n<p>&nbsp;<\/p>\n<p><strong>Les innovations en bref :<\/strong><\/p>\n<table style=\"height: 426px;\" width=\"914\">\n<tbody>\n<tr>\n<td width=\"460\"><\/td>\n<td width=\"167\"><b>Mise \u00e0 jour <\/b><b>\u00e0<\/b><\/p>\n<p><b>EF-5.3<\/b><\/td>\n<td width=\"173\"><b>Mise \u00e0 jour de<\/b><\/p>\n<p><b>EF-6<\/b><\/td>\n<td width=\"186\"><b>Enti\u00e8rement nouveau <\/b><b>EF-6<\/b><\/td>\n<\/tr>\n<tr>\n<td width=\"460\">\u00c9limination des passe-c\u00e2bles \u00e0 vis<\/p>\n<p>-Int\u00e9rieur monobloc<\/p>\n<p>-Connecteur plus robuste<\/td>\n<td width=\"167\">Oui<\/td>\n<td width=\"173\">Oui<\/td>\n<td width=\"186\">Oui<\/td>\n<\/tr>\n<tr>\n<td width=\"460\">Connecteur facile d'acc\u00e8s<\/td>\n<td width=\"167\">Bon<\/td>\n<td width=\"173\">Le meilleur<\/td>\n<td width=\"186\">Le meilleur<\/td>\n<\/tr>\n<tr>\n<td width=\"460\">Joint de couvercle avant facile \u00e0 monter<\/td>\n<td width=\"167\">Non<\/td>\n<td width=\"173\">Oui<\/td>\n<td width=\"186\">Oui<\/td>\n<\/tr>\n<tr>\n<td width=\"460\">Retrait facile de l'alimentateur<\/td>\n<td width=\"167\">Non<\/td>\n<td width=\"173\">Oui<\/td>\n<td width=\"186\">Oui<\/td>\n<\/tr>\n<tr>\n<td width=\"460\">Moins de pi\u00e8ces<\/td>\n<td width=\"167\">Plus d'informations<\/td>\n<td width=\"173\">Moins<\/td>\n<td width=\"186\">Moins<\/td>\n<\/tr>\n<tr>\n<td width=\"460\">Regarder<\/td>\n<td width=\"167\">Moyenne<\/td>\n<td width=\"173\">Bon<\/td>\n<td width=\"186\">Bon<\/td>\n<\/tr>\n<tr>\n<td width=\"460\">Installation conviviale<\/td>\n<td width=\"167\">Moyenne<\/td>\n<td width=\"173\">Non<\/td>\n<td width=\"186\">Oui<\/td>\n<\/tr>\n<\/tbody>\n<\/table>\n<p>&nbsp;<\/p>","protected":false},"featured_media":11245,"template":"","meta":{"content-type":""},"product_brand":[],"product_cat":[115],"product_tag":[116],"class_list":{"0":"post-11229","1":"product","2":"type-product","3":"status-publish","4":"has-post-thumbnail","6":"product_cat-abrasive-management","7":"product_tag-abrasive-management","9":"first","10":"instock","11":"shipping-taxable","12":"product-type-external"},"yoast_head":"<!-- This site is optimized with the Yoast SEO plugin v27.4 - https:\/\/yoast.com\/product\/yoast-seo-wordpress\/ -->\n<title>Abrasive Feeder: Upgraded product - Resato Waterjet<\/title>\n<meta name=\"description\" content=\"With our smart upgrade kit, you can turn your current system into a more efficient, reliable and maintenance-friendly versio\" \/>\n<meta name=\"robots\" content=\"index, follow, max-snippet:-1, max-image-preview:large, max-video-preview:-1\" \/>\n<link rel=\"canonical\" href=\"https:\/\/resato-waterjet.com\/fr\/produit\/alimentateur-dabrasifs-produit-ameliore\/\" \/>\n<meta property=\"og:locale\" content=\"fr_FR\" \/>\n<meta property=\"og:type\" content=\"article\" \/>\n<meta property=\"og:title\" content=\"Abrasive Feeder: Upgraded product - Resato Waterjet\" \/>\n<meta property=\"og:description\" content=\"With our smart upgrade kit, you can turn your current system into a more efficient, reliable and maintenance-friendly versio\" \/>\n<meta property=\"og:url\" content=\"https:\/\/resato-waterjet.com\/fr\/produit\/alimentateur-dabrasifs-produit-ameliore\/\" \/>\n<meta property=\"og:site_name\" content=\"Resato Waterjet\" \/>\n<meta property=\"article:modified_time\" content=\"2025-09-25T08:33:06+00:00\" \/>\n<meta property=\"og:image\" content=\"https:\/\/resato-waterjet.com\/wp-content\/uploads\/2025\/09\/Ontwerp-zonder-titel-3-e1758789176674.png\" \/>\n\t<meta property=\"og:image:width\" content=\"760\" \/>\n\t<meta property=\"og:image:height\" content=\"400\" \/>\n\t<meta property=\"og:image:type\" content=\"image\/png\" \/>\n<meta name=\"twitter:card\" content=\"summary_large_image\" \/>\n<meta name=\"twitter:label1\" content=\"Dur\u00e9e de lecture estim\u00e9e\" \/>\n\t<meta name=\"twitter:data1\" content=\"1 minute\" \/>\n<script type=\"application\/ld+json\" class=\"yoast-schema-graph\">{\"@context\":\"https:\\\/\\\/schema.org\",\"@graph\":[{\"@type\":\"WebPage\",\"@id\":\"https:\\\/\\\/resato-waterjet.com\\\/en\\\/product\\\/abrasive-feeder-upgraded-product\\\/\",\"url\":\"https:\\\/\\\/resato-waterjet.com\\\/en\\\/product\\\/abrasive-feeder-upgraded-product\\\/\",\"name\":\"Abrasive Feeder: Upgraded product - Resato Waterjet\",\"isPartOf\":{\"@id\":\"https:\\\/\\\/resato-waterjet.com\\\/en\\\/#website\"},\"primaryImageOfPage\":{\"@id\":\"https:\\\/\\\/resato-waterjet.com\\\/en\\\/product\\\/abrasive-feeder-upgraded-product\\\/#primaryimage\"},\"image\":{\"@id\":\"https:\\\/\\\/resato-waterjet.com\\\/en\\\/product\\\/abrasive-feeder-upgraded-product\\\/#primaryimage\"},\"thumbnailUrl\":\"https:\\\/\\\/resato-waterjet.com\\\/wp-content\\\/uploads\\\/2025\\\/09\\\/Ontwerp-zonder-titel-3-e1758789176674.png\",\"datePublished\":\"2025-09-25T07:44:18+00:00\",\"dateModified\":\"2025-09-25T08:33:06+00:00\",\"description\":\"With our smart upgrade kit, you can turn your current system into a more efficient, reliable and maintenance-friendly versio\",\"breadcrumb\":{\"@id\":\"https:\\\/\\\/resato-waterjet.com\\\/en\\\/product\\\/abrasive-feeder-upgraded-product\\\/#breadcrumb\"},\"inLanguage\":\"fr-FR\",\"potentialAction\":[{\"@type\":\"ReadAction\",\"target\":[\"https:\\\/\\\/resato-waterjet.com\\\/en\\\/product\\\/abrasive-feeder-upgraded-product\\\/\"]}]},{\"@type\":\"ImageObject\",\"inLanguage\":\"fr-FR\",\"@id\":\"https:\\\/\\\/resato-waterjet.com\\\/en\\\/product\\\/abrasive-feeder-upgraded-product\\\/#primaryimage\",\"url\":\"https:\\\/\\\/resato-waterjet.com\\\/wp-content\\\/uploads\\\/2025\\\/09\\\/Ontwerp-zonder-titel-3-e1758789176674.png\",\"contentUrl\":\"https:\\\/\\\/resato-waterjet.com\\\/wp-content\\\/uploads\\\/2025\\\/09\\\/Ontwerp-zonder-titel-3-e1758789176674.png\",\"width\":760,\"height\":400},{\"@type\":\"BreadcrumbList\",\"@id\":\"https:\\\/\\\/resato-waterjet.com\\\/en\\\/product\\\/abrasive-feeder-upgraded-product\\\/#breadcrumb\",\"itemListElement\":[{\"@type\":\"ListItem\",\"position\":1,\"name\":\"Home\",\"item\":\"https:\\\/\\\/resato-waterjet.com\\\/fr\\\/\"},{\"@type\":\"ListItem\",\"position\":2,\"name\":\"Machines and Services\",\"item\":\"https:\\\/\\\/resato-waterjet.com\\\/en\\\/machines-and-services\\\/\"},{\"@type\":\"ListItem\",\"position\":3,\"name\":\"Abrasive Feeder: Upgraded product\"}]},{\"@type\":\"WebSite\",\"@id\":\"https:\\\/\\\/resato-waterjet.com\\\/en\\\/#website\",\"url\":\"https:\\\/\\\/resato-waterjet.com\\\/en\\\/\",\"name\":\"Resato Waterjet\",\"description\":\"Creating Magic with Water\",\"publisher\":{\"@id\":\"https:\\\/\\\/resato-waterjet.com\\\/en\\\/#organization\"},\"alternateName\":\"Resato\",\"potentialAction\":[{\"@type\":\"SearchAction\",\"target\":{\"@type\":\"EntryPoint\",\"urlTemplate\":\"https:\\\/\\\/resato-waterjet.com\\\/en\\\/?s={search_term_string}\"},\"query-input\":{\"@type\":\"PropertyValueSpecification\",\"valueRequired\":true,\"valueName\":\"search_term_string\"}}],\"inLanguage\":\"fr-FR\"},{\"@type\":\"Organization\",\"@id\":\"https:\\\/\\\/resato-waterjet.com\\\/en\\\/#organization\",\"name\":\"Resato Waterjet\",\"alternateName\":\"Resato\",\"url\":\"https:\\\/\\\/resato-waterjet.com\\\/en\\\/\",\"logo\":{\"@type\":\"ImageObject\",\"inLanguage\":\"fr-FR\",\"@id\":\"https:\\\/\\\/resato-waterjet.com\\\/en\\\/#\\\/schema\\\/logo\\\/image\\\/\",\"url\":\"https:\\\/\\\/mlwy9mbbs62x.i.optimole.com\\\/w:auto\\\/h:auto\\\/q:mauto\\\/f:avif\\\/https:\\\/\\\/resato-waterjet.com\\\/wp-content\\\/uploads\\\/2023\\\/03\\\/cropped-Resato-YOutube-Logo.png\",\"contentUrl\":\"https:\\\/\\\/mlwy9mbbs62x.i.optimole.com\\\/w:auto\\\/h:auto\\\/q:mauto\\\/f:avif\\\/https:\\\/\\\/resato-waterjet.com\\\/wp-content\\\/uploads\\\/2023\\\/03\\\/cropped-Resato-YOutube-Logo.png\",\"width\":512,\"height\":512,\"caption\":\"Resato Waterjet\"},\"image\":{\"@id\":\"https:\\\/\\\/resato-waterjet.com\\\/en\\\/#\\\/schema\\\/logo\\\/image\\\/\"},\"sameAs\":[\"https:\\\/\\\/www.linkedin.com\\\/company\\\/resato-waterjet-technology\\\/\"]}]}<\/script>\n<!-- \/ Yoast SEO plugin. -->","yoast_head_json":{"title":"Alimentateur d'abrasif : Produit am\u00e9lior\u00e9 - Resato Waterjet","description":"Gr\u00e2ce \u00e0 notre kit de mise \u00e0 niveau intelligent, vous pouvez transformer votre syst\u00e8me actuel en une version plus efficace, plus fiable et plus facile \u00e0 entretenir.","robots":{"index":"index","follow":"follow","max-snippet":"max-snippet:-1","max-image-preview":"max-image-preview:large","max-video-preview":"max-video-preview:-1"},"canonical":"https:\/\/resato-waterjet.com\/fr\/produit\/alimentateur-dabrasifs-produit-ameliore\/","og_locale":"fr_FR","og_type":"article","og_title":"Abrasive Feeder: Upgraded product - Resato Waterjet","og_description":"With our smart upgrade kit, you can turn your current system into a more efficient, reliable and maintenance-friendly versio","og_url":"https:\/\/resato-waterjet.com\/fr\/produit\/alimentateur-dabrasifs-produit-ameliore\/","og_site_name":"Resato Waterjet","article_modified_time":"2025-09-25T08:33:06+00:00","og_image":[{"width":760,"height":400,"url":"https:\/\/resato-waterjet.com\/wp-content\/uploads\/2025\/09\/Ontwerp-zonder-titel-3-e1758789176674.png","type":"image\/png"}],"twitter_card":"summary_large_image","twitter_misc":{"Dur\u00e9e de lecture estim\u00e9e":"1 minute"},"schema":{"@context":"https:\/\/schema.org","@graph":[{"@type":"WebPage","@id":"https:\/\/resato-waterjet.com\/en\/product\/abrasive-feeder-upgraded-product\/","url":"https:\/\/resato-waterjet.com\/en\/product\/abrasive-feeder-upgraded-product\/","name":"Alimentateur d'abrasif : Produit am\u00e9lior\u00e9 - Resato Waterjet","isPartOf":{"@id":"https:\/\/resato-waterjet.com\/en\/#website"},"primaryImageOfPage":{"@id":"https:\/\/resato-waterjet.com\/en\/product\/abrasive-feeder-upgraded-product\/#primaryimage"},"image":{"@id":"https:\/\/resato-waterjet.com\/en\/product\/abrasive-feeder-upgraded-product\/#primaryimage"},"thumbnailUrl":"https:\/\/resato-waterjet.com\/wp-content\/uploads\/2025\/09\/Ontwerp-zonder-titel-3-e1758789176674.png","datePublished":"2025-09-25T07:44:18+00:00","dateModified":"2025-09-25T08:33:06+00:00","description":"Gr\u00e2ce \u00e0 notre kit de mise \u00e0 niveau intelligent, vous pouvez transformer votre syst\u00e8me actuel en une version plus efficace, plus fiable et plus facile \u00e0 entretenir.","breadcrumb":{"@id":"https:\/\/resato-waterjet.com\/en\/product\/abrasive-feeder-upgraded-product\/#breadcrumb"},"inLanguage":"fr-FR","potentialAction":[{"@type":"ReadAction","target":["https:\/\/resato-waterjet.com\/en\/product\/abrasive-feeder-upgraded-product\/"]}]},{"@type":"ImageObject","inLanguage":"fr-FR","@id":"https:\/\/resato-waterjet.com\/en\/product\/abrasive-feeder-upgraded-product\/#primaryimage","url":"https:\/\/resato-waterjet.com\/wp-content\/uploads\/2025\/09\/Ontwerp-zonder-titel-3-e1758789176674.png","contentUrl":"https:\/\/resato-waterjet.com\/wp-content\/uploads\/2025\/09\/Ontwerp-zonder-titel-3-e1758789176674.png","width":760,"height":400},{"@type":"BreadcrumbList","@id":"https:\/\/resato-waterjet.com\/en\/product\/abrasive-feeder-upgraded-product\/#breadcrumb","itemListElement":[{"@type":"ListItem","position":1,"name":"Home","item":"https:\/\/resato-waterjet.com\/fr\/"},{"@type":"ListItem","position":2,"name":"Machines and Services","item":"https:\/\/resato-waterjet.com\/en\/machines-and-services\/"},{"@type":"ListItem","position":3,"name":"Abrasive Feeder: Upgraded product"}]},{"@type":"WebSite","@id":"https:\/\/resato-waterjet.com\/en\/#website","url":"https:\/\/resato-waterjet.com\/en\/","name":"Jet d'eau Resato","description":"Cr\u00e9er de la magie avec l'eau","publisher":{"@id":"https:\/\/resato-waterjet.com\/en\/#organization"},"alternateName":"Resato","potentialAction":[{"@type":"SearchAction","target":{"@type":"EntryPoint","urlTemplate":"https:\/\/resato-waterjet.com\/en\/?s={search_term_string}"},"query-input":{"@type":"PropertyValueSpecification","valueRequired":true,"valueName":"search_term_string"}}],"inLanguage":"fr-FR"},{"@type":"Organization","@id":"https:\/\/resato-waterjet.com\/en\/#organization","name":"Jet d'eau Resato","alternateName":"Resato","url":"https:\/\/resato-waterjet.com\/en\/","logo":{"@type":"ImageObject","inLanguage":"fr-FR","@id":"https:\/\/resato-waterjet.com\/en\/#\/schema\/logo\/image\/","url":"https:\/\/mlwy9mbbs62x.i.optimole.com\/w:auto\/h:auto\/q:mauto\/f:avif\/https:\/\/resato-waterjet.com\/wp-content\/uploads\/2023\/03\/cropped-Resato-YOutube-Logo.png","contentUrl":"https:\/\/mlwy9mbbs62x.i.optimole.com\/w:auto\/h:auto\/q:mauto\/f:avif\/https:\/\/resato-waterjet.com\/wp-content\/uploads\/2023\/03\/cropped-Resato-YOutube-Logo.png","width":512,"height":512,"caption":"Resato Waterjet"},"image":{"@id":"https:\/\/resato-waterjet.com\/en\/#\/schema\/logo\/image\/"},"sameAs":["https:\/\/www.linkedin.com\/company\/resato-waterjet-technology\/"]}]}},"_links":{"self":[{"href":"https:\/\/resato-waterjet.com\/fr\/wp-json\/wp\/v2\/product\/11229","targetHints":{"allow":["GET"]}}],"collection":[{"href":"https:\/\/resato-waterjet.com\/fr\/wp-json\/wp\/v2\/product"}],"about":[{"href":"https:\/\/resato-waterjet.com\/fr\/wp-json\/wp\/v2\/types\/product"}],"version-history":[{"count":5,"href":"https:\/\/resato-waterjet.com\/fr\/wp-json\/wp\/v2\/product\/11229\/revisions"}],"predecessor-version":[{"id":11246,"href":"https:\/\/resato-waterjet.com\/fr\/wp-json\/wp\/v2\/product\/11229\/revisions\/11246"}],"wp:featuredmedia":[{"embeddable":true,"href":"https:\/\/resato-waterjet.com\/fr\/wp-json\/wp\/v2\/media\/11245"}],"wp:attachment":[{"href":"https:\/\/resato-waterjet.com\/fr\/wp-json\/wp\/v2\/media?parent=11229"}],"wp:term":[{"taxonomy":"product_brand","embeddable":true,"href":"https:\/\/resato-waterjet.com\/fr\/wp-json\/wp\/v2\/product_brand?post=11229"},{"taxonomy":"product_cat","embeddable":true,"href":"https:\/\/resato-waterjet.com\/fr\/wp-json\/wp\/v2\/product_cat?post=11229"},{"taxonomy":"product_tag","embeddable":true,"href":"https:\/\/resato-waterjet.com\/fr\/wp-json\/wp\/v2\/product_tag?post=11229"}],"curies":[{"name":"wp","href":"https:\/\/api.w.org\/{rel}","templated":true}]}}