{"id":9564,"date":"2023-02-22T09:46:47","date_gmt":"2023-02-22T09:46:47","guid":{"rendered":"https:\/\/resato-waterjet.com\/?post_type=product&#038;p=9564"},"modified":"2025-09-26T08:51:04","modified_gmt":"2025-09-26T08:51:04","slug":"sistema-de-eliminacion-de-abrasivos-rs3","status":"publish","type":"product","link":"https:\/\/resato-waterjet.com\/es\/product\/abrasive-removal-systemrs3\/","title":{"rendered":"Sistema de eliminaci\u00f3n de abrasivos (RS3)"},"content":{"rendered":"<p>La mezcla de agua y abrasivo se bombea desde el receptor a una unidad de separaci\u00f3n independiente con un denominado filtro de bolsa grande. La mezcla se recoge en la bolsa y, tras la separaci\u00f3n del abrasivo, el agua se bombea de nuevo al receptor a trav\u00e9s de un circuito de conexi\u00f3n.<\/p>\n<p>El encendido\/apagado y el ajuste de los par\u00e1metros del sistema RS3 se realizan desde la consola del operador. El filtro de mangas grandes puede retirarse f\u00e1cilmente de la unidad de separaci\u00f3n.<\/p>\n<p>&nbsp;<\/p>\n<p class=\"translation-block\"><strong>Distancia \u00f3ptima<\/strong><br>\r\nLa distancia m\u00e1xima desde los puntos de conexi\u00f3n de la mesa de corte hasta la unidad de separaci\u00f3n RS3 es de 6 metros. Esta distancia garantiza un funcionamiento \u00f3ptimo.<\/p>\n<p>&nbsp;<\/p>\n<p class=\"translation-block\">Para m\u00e1s informaci\u00f3n <a href=\"https:\/\/resato-waterjet.com\/es\/gestion-de-abrasivos\/\" target=\"_self\">sobre la gesti\u00f3n de abrasivos, visite esta secci\u00f3n aqu\u00ed<\/a>.<\/p>","protected":false},"excerpt":{"rendered":"<p>El sistema de eliminaci\u00f3n de abrasivo de tipo RS3, que contiene un \u00fanico filtro, incorpora una red especial de tuber\u00edas de aspiraci\u00f3n y presi\u00f3n, provista de varias boquillas de entrada y salida, que est\u00e1 integrada en el colector de la mesa ACM. El tama\u00f1o del colector determina el n\u00famero de boquillas de entrada y salida, y en los colectores m\u00e1s grandes las boquillas de entrada y salida se controlar\u00e1n autom\u00e1ticamente por secci\u00f3n mediante v\u00e1lvulas neum\u00e1ticas.<\/p>\n<p>&nbsp;<\/p>\n<p><strong>Especificaciones t\u00e9cnicas:<\/strong><\/p>\n<ul>\n<li>Presi\u00f3n de funcionamiento 1,5 bar<\/li>\n<li>Caudal de la bomba ~70 L\/min<\/li>\n<li>Capacidad del dep\u00f3sito RS3 500 litros<\/li>\n<li>Consumo de aire 500 Nl\/min<\/li>\n<\/ul>","protected":false},"featured_media":11273,"template":"","meta":{"content-type":""},"product_brand":[],"product_cat":[115],"product_tag":[116],"class_list":{"0":"post-9564","1":"product","2":"type-product","3":"status-publish","4":"has-post-thumbnail","6":"product_cat-abrasive-management","7":"product_tag-abrasive-management","9":"first","10":"instock","11":"shipping-taxable","12":"product-type-external"},"yoast_head":"<!-- This site is optimized with the Yoast SEO plugin v27.3 - https:\/\/yoast.com\/product\/yoast-seo-wordpress\/ -->\n<title>Abrasive Removal System (RS3) - Resato Waterjet<\/title>\n<meta name=\"description\" content=\"The Abrasive Removal system RS2 filters abrasives and pumps water back into the catcher via a connecting circuit. Learn more about it here.\" \/>\n<meta name=\"robots\" content=\"index, follow, max-snippet:-1, max-image-preview:large, max-video-preview:-1\" \/>\n<link rel=\"canonical\" href=\"https:\/\/resato-waterjet.com\/es\/producto\/sistema-de-eliminacion-de-abrasivos-rs3\/\" \/>\n<meta property=\"og:locale\" content=\"es_MX\" \/>\n<meta property=\"og:type\" content=\"article\" \/>\n<meta property=\"og:title\" content=\"Abrasive Removal System (RS3) - Resato Waterjet\" \/>\n<meta property=\"og:description\" content=\"The Abrasive Removal system RS2 filters abrasives and pumps water back into the catcher via a connecting circuit. Learn more about it here.\" \/>\n<meta property=\"og:url\" content=\"https:\/\/resato-waterjet.com\/es\/producto\/sistema-de-eliminacion-de-abrasivos-rs3\/\" \/>\n<meta property=\"og:site_name\" content=\"Resato Waterjet\" \/>\n<meta property=\"article:modified_time\" content=\"2025-09-26T08:51:04+00:00\" \/>\n<meta property=\"og:image\" content=\"https:\/\/resato-waterjet.com\/wp-content\/uploads\/2023\/02\/RS-3_01-1.jpg\" \/>\n\t<meta property=\"og:image:width\" content=\"1476\" \/>\n\t<meta property=\"og:image:height\" content=\"777\" \/>\n\t<meta property=\"og:image:type\" content=\"image\/jpeg\" \/>\n<meta name=\"twitter:card\" content=\"summary_large_image\" \/>\n<meta name=\"twitter:label1\" content=\"Tiempo de lectura\" \/>\n\t<meta name=\"twitter:data1\" content=\"1 minuto\" \/>\n<script type=\"application\/ld+json\" class=\"yoast-schema-graph\">{\"@context\":\"https:\\\/\\\/schema.org\",\"@graph\":[{\"@type\":\"WebPage\",\"@id\":\"https:\\\/\\\/resato-waterjet.com\\\/en\\\/product\\\/abrasive-removal-systemrs3\\\/\",\"url\":\"https:\\\/\\\/resato-waterjet.com\\\/en\\\/product\\\/abrasive-removal-systemrs3\\\/\",\"name\":\"Abrasive Removal System (RS3) - Resato Waterjet\",\"isPartOf\":{\"@id\":\"https:\\\/\\\/resato-waterjet.com\\\/en\\\/#website\"},\"primaryImageOfPage\":{\"@id\":\"https:\\\/\\\/resato-waterjet.com\\\/en\\\/product\\\/abrasive-removal-systemrs3\\\/#primaryimage\"},\"image\":{\"@id\":\"https:\\\/\\\/resato-waterjet.com\\\/en\\\/product\\\/abrasive-removal-systemrs3\\\/#primaryimage\"},\"thumbnailUrl\":\"https:\\\/\\\/resato-waterjet.com\\\/wp-content\\\/uploads\\\/2023\\\/02\\\/RS-3_01-1.jpg\",\"datePublished\":\"2023-02-22T09:46:47+00:00\",\"dateModified\":\"2025-09-26T08:51:04+00:00\",\"description\":\"The Abrasive Removal system RS2 filters abrasives and pumps water back into the catcher via a connecting circuit. Learn more about it here.\",\"breadcrumb\":{\"@id\":\"https:\\\/\\\/resato-waterjet.com\\\/en\\\/product\\\/abrasive-removal-systemrs3\\\/#breadcrumb\"},\"inLanguage\":\"es\",\"potentialAction\":[{\"@type\":\"ReadAction\",\"target\":[\"https:\\\/\\\/resato-waterjet.com\\\/en\\\/product\\\/abrasive-removal-systemrs3\\\/\"]}]},{\"@type\":\"ImageObject\",\"inLanguage\":\"es\",\"@id\":\"https:\\\/\\\/resato-waterjet.com\\\/en\\\/product\\\/abrasive-removal-systemrs3\\\/#primaryimage\",\"url\":\"https:\\\/\\\/resato-waterjet.com\\\/wp-content\\\/uploads\\\/2023\\\/02\\\/RS-3_01-1.jpg\",\"contentUrl\":\"https:\\\/\\\/resato-waterjet.com\\\/wp-content\\\/uploads\\\/2023\\\/02\\\/RS-3_01-1.jpg\",\"width\":1476,\"height\":777},{\"@type\":\"BreadcrumbList\",\"@id\":\"https:\\\/\\\/resato-waterjet.com\\\/en\\\/product\\\/abrasive-removal-systemrs3\\\/#breadcrumb\",\"itemListElement\":[{\"@type\":\"ListItem\",\"position\":1,\"name\":\"Home\",\"item\":\"https:\\\/\\\/resato-waterjet.com\\\/fr\\\/\"},{\"@type\":\"ListItem\",\"position\":2,\"name\":\"Machines and Services\",\"item\":\"https:\\\/\\\/resato-waterjet.com\\\/en\\\/machines-and-services\\\/\"},{\"@type\":\"ListItem\",\"position\":3,\"name\":\"Abrasive Removal System (RS3)\"}]},{\"@type\":\"WebSite\",\"@id\":\"https:\\\/\\\/resato-waterjet.com\\\/en\\\/#website\",\"url\":\"https:\\\/\\\/resato-waterjet.com\\\/en\\\/\",\"name\":\"Resato Waterjet\",\"description\":\"Creating Magic with Water\",\"publisher\":{\"@id\":\"https:\\\/\\\/resato-waterjet.com\\\/en\\\/#organization\"},\"alternateName\":\"Resato\",\"potentialAction\":[{\"@type\":\"SearchAction\",\"target\":{\"@type\":\"EntryPoint\",\"urlTemplate\":\"https:\\\/\\\/resato-waterjet.com\\\/en\\\/?s={search_term_string}\"},\"query-input\":{\"@type\":\"PropertyValueSpecification\",\"valueRequired\":true,\"valueName\":\"search_term_string\"}}],\"inLanguage\":\"es\"},{\"@type\":\"Organization\",\"@id\":\"https:\\\/\\\/resato-waterjet.com\\\/en\\\/#organization\",\"name\":\"Resato Waterjet\",\"alternateName\":\"Resato\",\"url\":\"https:\\\/\\\/resato-waterjet.com\\\/en\\\/\",\"logo\":{\"@type\":\"ImageObject\",\"inLanguage\":\"es\",\"@id\":\"https:\\\/\\\/resato-waterjet.com\\\/en\\\/#\\\/schema\\\/logo\\\/image\\\/\",\"url\":\"https:\\\/\\\/mlwy9mbbs62x.i.optimole.com\\\/w:auto\\\/h:auto\\\/q:mauto\\\/f:avif\\\/https:\\\/\\\/resato-waterjet.com\\\/wp-content\\\/uploads\\\/2023\\\/03\\\/cropped-Resato-YOutube-Logo.png\",\"contentUrl\":\"https:\\\/\\\/mlwy9mbbs62x.i.optimole.com\\\/w:auto\\\/h:auto\\\/q:mauto\\\/f:avif\\\/https:\\\/\\\/resato-waterjet.com\\\/wp-content\\\/uploads\\\/2023\\\/03\\\/cropped-Resato-YOutube-Logo.png\",\"width\":512,\"height\":512,\"caption\":\"Resato Waterjet\"},\"image\":{\"@id\":\"https:\\\/\\\/resato-waterjet.com\\\/en\\\/#\\\/schema\\\/logo\\\/image\\\/\"},\"sameAs\":[\"https:\\\/\\\/www.linkedin.com\\\/company\\\/resato-waterjet-technology\\\/\"]}]}<\/script>\n<!-- \/ Yoast SEO plugin. -->","yoast_head_json":{"title":"Sistema de eliminaci\u00f3n de abrasivo (RS3) - Resato Waterjet","description":"El sistema de eliminaci\u00f3n de abrasivos RS2 filtra los abrasivos y bombea agua de vuelta al colector a trav\u00e9s de un circuito de conexi\u00f3n. Obtenga m\u00e1s informaci\u00f3n aqu\u00ed.","robots":{"index":"index","follow":"follow","max-snippet":"max-snippet:-1","max-image-preview":"max-image-preview:large","max-video-preview":"max-video-preview:-1"},"canonical":"https:\/\/resato-waterjet.com\/es\/producto\/sistema-de-eliminacion-de-abrasivos-rs3\/","og_locale":"es_MX","og_type":"article","og_title":"Abrasive Removal System (RS3) - Resato Waterjet","og_description":"The Abrasive Removal system RS2 filters abrasives and pumps water back into the catcher via a connecting circuit. Learn more about it here.","og_url":"https:\/\/resato-waterjet.com\/es\/producto\/sistema-de-eliminacion-de-abrasivos-rs3\/","og_site_name":"Resato Waterjet","article_modified_time":"2025-09-26T08:51:04+00:00","og_image":[{"width":1476,"height":777,"url":"https:\/\/resato-waterjet.com\/wp-content\/uploads\/2023\/02\/RS-3_01-1.jpg","type":"image\/jpeg"}],"twitter_card":"summary_large_image","twitter_misc":{"Tiempo de lectura":"1 minuto"},"schema":{"@context":"https:\/\/schema.org","@graph":[{"@type":"WebPage","@id":"https:\/\/resato-waterjet.com\/en\/product\/abrasive-removal-systemrs3\/","url":"https:\/\/resato-waterjet.com\/en\/product\/abrasive-removal-systemrs3\/","name":"Sistema de eliminaci\u00f3n de abrasivo (RS3) - Resato Waterjet","isPartOf":{"@id":"https:\/\/resato-waterjet.com\/en\/#website"},"primaryImageOfPage":{"@id":"https:\/\/resato-waterjet.com\/en\/product\/abrasive-removal-systemrs3\/#primaryimage"},"image":{"@id":"https:\/\/resato-waterjet.com\/en\/product\/abrasive-removal-systemrs3\/#primaryimage"},"thumbnailUrl":"https:\/\/resato-waterjet.com\/wp-content\/uploads\/2023\/02\/RS-3_01-1.jpg","datePublished":"2023-02-22T09:46:47+00:00","dateModified":"2025-09-26T08:51:04+00:00","description":"El sistema de eliminaci\u00f3n de abrasivos RS2 filtra los abrasivos y bombea agua de vuelta al colector a trav\u00e9s de un circuito de conexi\u00f3n. Obtenga m\u00e1s informaci\u00f3n aqu\u00ed.","breadcrumb":{"@id":"https:\/\/resato-waterjet.com\/en\/product\/abrasive-removal-systemrs3\/#breadcrumb"},"inLanguage":"es","potentialAction":[{"@type":"ReadAction","target":["https:\/\/resato-waterjet.com\/en\/product\/abrasive-removal-systemrs3\/"]}]},{"@type":"ImageObject","inLanguage":"es","@id":"https:\/\/resato-waterjet.com\/en\/product\/abrasive-removal-systemrs3\/#primaryimage","url":"https:\/\/resato-waterjet.com\/wp-content\/uploads\/2023\/02\/RS-3_01-1.jpg","contentUrl":"https:\/\/resato-waterjet.com\/wp-content\/uploads\/2023\/02\/RS-3_01-1.jpg","width":1476,"height":777},{"@type":"BreadcrumbList","@id":"https:\/\/resato-waterjet.com\/en\/product\/abrasive-removal-systemrs3\/#breadcrumb","itemListElement":[{"@type":"ListItem","position":1,"name":"Home","item":"https:\/\/resato-waterjet.com\/fr\/"},{"@type":"ListItem","position":2,"name":"Machines and Services","item":"https:\/\/resato-waterjet.com\/en\/machines-and-services\/"},{"@type":"ListItem","position":3,"name":"Abrasive Removal System (RS3)"}]},{"@type":"WebSite","@id":"https:\/\/resato-waterjet.com\/en\/#website","url":"https:\/\/resato-waterjet.com\/en\/","name":"Resato Waterjet","description":"Crear magia con el agua","publisher":{"@id":"https:\/\/resato-waterjet.com\/en\/#organization"},"alternateName":"Resato","potentialAction":[{"@type":"SearchAction","target":{"@type":"EntryPoint","urlTemplate":"https:\/\/resato-waterjet.com\/en\/?s={search_term_string}"},"query-input":{"@type":"PropertyValueSpecification","valueRequired":true,"valueName":"search_term_string"}}],"inLanguage":"es"},{"@type":"Organization","@id":"https:\/\/resato-waterjet.com\/en\/#organization","name":"Resato Waterjet","alternateName":"Resato","url":"https:\/\/resato-waterjet.com\/en\/","logo":{"@type":"ImageObject","inLanguage":"es","@id":"https:\/\/resato-waterjet.com\/en\/#\/schema\/logo\/image\/","url":"https:\/\/mlwy9mbbs62x.i.optimole.com\/w:auto\/h:auto\/q:mauto\/f:avif\/https:\/\/resato-waterjet.com\/wp-content\/uploads\/2023\/03\/cropped-Resato-YOutube-Logo.png","contentUrl":"https:\/\/mlwy9mbbs62x.i.optimole.com\/w:auto\/h:auto\/q:mauto\/f:avif\/https:\/\/resato-waterjet.com\/wp-content\/uploads\/2023\/03\/cropped-Resato-YOutube-Logo.png","width":512,"height":512,"caption":"Resato Waterjet"},"image":{"@id":"https:\/\/resato-waterjet.com\/en\/#\/schema\/logo\/image\/"},"sameAs":["https:\/\/www.linkedin.com\/company\/resato-waterjet-technology\/"]}]}},"_links":{"self":[{"href":"https:\/\/resato-waterjet.com\/es\/wp-json\/wp\/v2\/product\/9564","targetHints":{"allow":["GET"]}}],"collection":[{"href":"https:\/\/resato-waterjet.com\/es\/wp-json\/wp\/v2\/product"}],"about":[{"href":"https:\/\/resato-waterjet.com\/es\/wp-json\/wp\/v2\/types\/product"}],"version-history":[{"count":2,"href":"https:\/\/resato-waterjet.com\/es\/wp-json\/wp\/v2\/product\/9564\/revisions"}],"predecessor-version":[{"id":10354,"href":"https:\/\/resato-waterjet.com\/es\/wp-json\/wp\/v2\/product\/9564\/revisions\/10354"}],"wp:featuredmedia":[{"embeddable":true,"href":"https:\/\/resato-waterjet.com\/es\/wp-json\/wp\/v2\/media\/11273"}],"wp:attachment":[{"href":"https:\/\/resato-waterjet.com\/es\/wp-json\/wp\/v2\/media?parent=9564"}],"wp:term":[{"taxonomy":"product_brand","embeddable":true,"href":"https:\/\/resato-waterjet.com\/es\/wp-json\/wp\/v2\/product_brand?post=9564"},{"taxonomy":"product_cat","embeddable":true,"href":"https:\/\/resato-waterjet.com\/es\/wp-json\/wp\/v2\/product_cat?post=9564"},{"taxonomy":"product_tag","embeddable":true,"href":"https:\/\/resato-waterjet.com\/es\/wp-json\/wp\/v2\/product_tag?post=9564"}],"curies":[{"name":"wp","href":"https:\/\/api.w.org\/{rel}","templated":true}]}}