{"id":9131,"date":"2023-01-21T21:12:21","date_gmt":"2023-01-21T21:12:21","guid":{"rendered":"http:\/\/resato-waterjet.com\/?post_type=product&#038;p=9131"},"modified":"2026-01-29T09:28:14","modified_gmt":"2026-01-29T09:28:14","slug":"pj4-4000-opciones","status":"publish","type":"product","link":"https:\/\/resato-waterjet.com\/es\/product\/pj4-4000-options\/","title":{"rendered":"Opciones para el PJ4-4000"},"content":{"rendered":"<p>A continuaci\u00f3n se muestran algunas opciones para el PJ4-4000:<\/p>\n<p>&nbsp;<\/p>\n<p><strong>Arrancador progresivo<\/strong><br \/>\nPara reducir el consumo de potencia de arranque de la bomba de corte por chorro de agua a un m\u00e1ximo de 2,5 x I nominal, se integrar\u00e1 el denominado arrancador suave.<\/p>\n<p>&nbsp;<\/p>\n<p><strong>Pat\u00edn de bomba para dos bombas<\/strong><br \/>\nEl pat\u00edn de bombeo controla la gesti\u00f3n completa del agua cuando se utilizan varias bombas en una o varias mesas de corte.<\/p>\n<p>&nbsp;<\/p>\n<p><strong>Descalcificador de agua Serie CC<\/strong><br \/>\nLos descalcificadores de la serie CC est\u00e1n construidos como un sistema d\u00faplex y son fiables, eficaces y econ\u00f3micos. El sistema compacto, que contiene dep\u00f3sitos de resina, proporciona agua descalcificada las 24 horas del d\u00eda. Para la serie CC est\u00e1ndar, la dureza media del agua de entrada no puede superar los 8,5\u00b0dH. Existen series alternativas que permiten que la dureza del agua de entrada supere este m\u00e1ximo de 8,5\u00b0dH.<\/p>\n<ul>\n<li>No requiere alimentaci\u00f3n el\u00e9ctrica, temporizadores complicados ni activaci\u00f3n por parte del operador.<\/li>\n<li>Sistema altamente eficiente con bajo consumo de agua y sal<\/li>\n<li>Regeneraci\u00f3n volum\u00e9trica<\/li>\n<\/ul>\n<table style=\"height: 121px;\" width=\"605\">\n<tbody>\n<tr>\n<td width=\"193\">Descalcificador de agua serie CC<\/td>\n<td width=\"115\"><\/td>\n<\/tr>\n<tr>\n<td>Volumen tratado antes de la regeneraci\u00f3n necesaria<\/td>\n<td>De 275 a 2200 litros<\/td>\n<\/tr>\n<tr>\n<td>Capacidad m\u00ednima durante la regeneraci\u00f3n<\/td>\n<td>11 L\/min<\/td>\n<\/tr>\n<tr>\n<td>Capacidad de sal<\/td>\n<td>25 kg<\/td>\n<\/tr>\n<\/tbody>\n<\/table>\n<p>&nbsp;<\/p>","protected":false},"excerpt":{"rendered":"<ul>\n<li>Arrancador progresivo<\/li>\n<li>Pat\u00edn de bomba para dos bombas<\/li>\n<li>Descalcificador de agua Serie CC<\/li>\n<li>El intensificador doble es una opci\u00f3n \u00fatil cuando se desea continuar la producci\u00f3n con un intensificador mientras se revisa el otro<\/li>\n<\/ul>","protected":false},"featured_media":9437,"template":"","meta":{"content-type":""},"product_brand":[],"product_cat":[125],"product_tag":[126],"class_list":{"0":"post-9131","1":"product","2":"type-product","3":"status-publish","4":"has-post-thumbnail","6":"product_cat-waterjet-cutting-pumps","7":"product_tag-waterjet-cutting-pumps","9":"first","10":"instock","11":"sold-individually","12":"shipping-taxable","13":"product-type-external"},"yoast_head":"<!-- This site is optimized with the Yoast SEO plugin v27.4 - https:\/\/yoast.com\/product\/yoast-seo-wordpress\/ -->\n<title>Options for the PJ4-4000 - Resato Waterjet<\/title>\n<meta name=\"description\" content=\"Our PJ4-4000 intensifier pump options include softstarters, pump skids, water softeners that can optimize your machining processes.\" \/>\n<meta name=\"robots\" content=\"index, follow, max-snippet:-1, max-image-preview:large, max-video-preview:-1\" \/>\n<link rel=\"canonical\" href=\"https:\/\/resato-waterjet.com\/es\/producto\/pj4-4000-opciones\/\" \/>\n<meta property=\"og:locale\" content=\"es_MX\" \/>\n<meta property=\"og:type\" content=\"article\" \/>\n<meta property=\"og:title\" content=\"Options for the PJ4-4000 - Resato Waterjet\" \/>\n<meta property=\"og:description\" content=\"Our PJ4-4000 intensifier pump options include softstarters, pump skids, water softeners that can optimize your machining processes.\" \/>\n<meta property=\"og:url\" content=\"https:\/\/resato-waterjet.com\/es\/producto\/pj4-4000-opciones\/\" \/>\n<meta property=\"og:site_name\" content=\"Resato Waterjet\" \/>\n<meta property=\"article:modified_time\" content=\"2026-01-29T09:28:14+00:00\" \/>\n<meta property=\"og:image\" content=\"https:\/\/resato-waterjet.com\/wp-content\/uploads\/2023\/01\/Different-options-for-the-high-pressure-pump.webp\" \/>\n\t<meta property=\"og:image:width\" content=\"760\" \/>\n\t<meta property=\"og:image:height\" content=\"400\" \/>\n\t<meta property=\"og:image:type\" content=\"image\/webp\" \/>\n<meta name=\"twitter:card\" content=\"summary_large_image\" \/>\n<meta name=\"twitter:label1\" content=\"Tiempo de lectura\" \/>\n\t<meta name=\"twitter:data1\" content=\"1 minuto\" \/>\n<script type=\"application\/ld+json\" class=\"yoast-schema-graph\">{\"@context\":\"https:\\\/\\\/schema.org\",\"@graph\":[{\"@type\":\"WebPage\",\"@id\":\"https:\\\/\\\/resato-waterjet.com\\\/product\\\/pj4-4000-options\\\/\",\"url\":\"https:\\\/\\\/resato-waterjet.com\\\/product\\\/pj4-4000-options\\\/\",\"name\":\"Options for the PJ4-4000 - Resato Waterjet\",\"isPartOf\":{\"@id\":\"https:\\\/\\\/resato-waterjet.com\\\/en\\\/#website\"},\"primaryImageOfPage\":{\"@id\":\"https:\\\/\\\/resato-waterjet.com\\\/product\\\/pj4-4000-options\\\/#primaryimage\"},\"image\":{\"@id\":\"https:\\\/\\\/resato-waterjet.com\\\/product\\\/pj4-4000-options\\\/#primaryimage\"},\"thumbnailUrl\":\"https:\\\/\\\/resato-waterjet.com\\\/wp-content\\\/uploads\\\/2023\\\/01\\\/Different-options-for-the-high-pressure-pump.webp\",\"datePublished\":\"2023-01-21T21:12:21+00:00\",\"dateModified\":\"2026-01-29T09:28:14+00:00\",\"description\":\"Our PJ4-4000 intensifier pump options include softstarters, pump skids, water softeners that can optimize your machining processes.\",\"breadcrumb\":{\"@id\":\"https:\\\/\\\/resato-waterjet.com\\\/product\\\/pj4-4000-options\\\/#breadcrumb\"},\"inLanguage\":\"es\",\"potentialAction\":[{\"@type\":\"ReadAction\",\"target\":[\"https:\\\/\\\/resato-waterjet.com\\\/product\\\/pj4-4000-options\\\/\"]}]},{\"@type\":\"ImageObject\",\"inLanguage\":\"es\",\"@id\":\"https:\\\/\\\/resato-waterjet.com\\\/product\\\/pj4-4000-options\\\/#primaryimage\",\"url\":\"https:\\\/\\\/resato-waterjet.com\\\/wp-content\\\/uploads\\\/2023\\\/01\\\/Different-options-for-the-high-pressure-pump.webp\",\"contentUrl\":\"https:\\\/\\\/resato-waterjet.com\\\/wp-content\\\/uploads\\\/2023\\\/01\\\/Different-options-for-the-high-pressure-pump.webp\",\"width\":760,\"height\":400,\"caption\":\"Waterjet Pump PJ4-4000\"},{\"@type\":\"BreadcrumbList\",\"@id\":\"https:\\\/\\\/resato-waterjet.com\\\/product\\\/pj4-4000-options\\\/#breadcrumb\",\"itemListElement\":[{\"@type\":\"ListItem\",\"position\":1,\"name\":\"Home\",\"item\":\"https:\\\/\\\/resato-waterjet.com\\\/fr\\\/\"},{\"@type\":\"ListItem\",\"position\":2,\"name\":\"Machines and Services\",\"item\":\"https:\\\/\\\/resato-waterjet.com\\\/en\\\/machines-and-services\\\/\"},{\"@type\":\"ListItem\",\"position\":3,\"name\":\"Options for the PJ4-4000\"}]},{\"@type\":\"WebSite\",\"@id\":\"https:\\\/\\\/resato-waterjet.com\\\/en\\\/#website\",\"url\":\"https:\\\/\\\/resato-waterjet.com\\\/en\\\/\",\"name\":\"Resato Waterjet\",\"description\":\"Creating Magic with Water\",\"publisher\":{\"@id\":\"https:\\\/\\\/resato-waterjet.com\\\/en\\\/#organization\"},\"alternateName\":\"Resato\",\"potentialAction\":[{\"@type\":\"SearchAction\",\"target\":{\"@type\":\"EntryPoint\",\"urlTemplate\":\"https:\\\/\\\/resato-waterjet.com\\\/en\\\/?s={search_term_string}\"},\"query-input\":{\"@type\":\"PropertyValueSpecification\",\"valueRequired\":true,\"valueName\":\"search_term_string\"}}],\"inLanguage\":\"es\"},{\"@type\":\"Organization\",\"@id\":\"https:\\\/\\\/resato-waterjet.com\\\/en\\\/#organization\",\"name\":\"Resato Waterjet\",\"alternateName\":\"Resato\",\"url\":\"https:\\\/\\\/resato-waterjet.com\\\/en\\\/\",\"logo\":{\"@type\":\"ImageObject\",\"inLanguage\":\"es\",\"@id\":\"https:\\\/\\\/resato-waterjet.com\\\/en\\\/#\\\/schema\\\/logo\\\/image\\\/\",\"url\":\"https:\\\/\\\/mlwy9mbbs62x.i.optimole.com\\\/w:auto\\\/h:auto\\\/q:mauto\\\/f:avif\\\/https:\\\/\\\/resato-waterjet.com\\\/wp-content\\\/uploads\\\/2023\\\/03\\\/cropped-Resato-YOutube-Logo.png\",\"contentUrl\":\"https:\\\/\\\/mlwy9mbbs62x.i.optimole.com\\\/w:auto\\\/h:auto\\\/q:mauto\\\/f:avif\\\/https:\\\/\\\/resato-waterjet.com\\\/wp-content\\\/uploads\\\/2023\\\/03\\\/cropped-Resato-YOutube-Logo.png\",\"width\":512,\"height\":512,\"caption\":\"Resato Waterjet\"},\"image\":{\"@id\":\"https:\\\/\\\/resato-waterjet.com\\\/en\\\/#\\\/schema\\\/logo\\\/image\\\/\"},\"sameAs\":[\"https:\\\/\\\/www.linkedin.com\\\/company\\\/resato-waterjet-technology\\\/\"]}]}<\/script>\n<!-- \/ Yoast SEO plugin. -->","yoast_head_json":{"title":"Opciones para el PJ4-4000 - Resato Waterjet","description":"Nuestras opciones de bomba intensificadora PJ4-4000 incluyen arrancadores suaves, patines de bomba y descalcificadores que pueden optimizar sus procesos de mecanizado.","robots":{"index":"index","follow":"follow","max-snippet":"max-snippet:-1","max-image-preview":"max-image-preview:large","max-video-preview":"max-video-preview:-1"},"canonical":"https:\/\/resato-waterjet.com\/es\/producto\/pj4-4000-opciones\/","og_locale":"es_MX","og_type":"article","og_title":"Options for the PJ4-4000 - Resato Waterjet","og_description":"Our PJ4-4000 intensifier pump options include softstarters, pump skids, water softeners that can optimize your machining processes.","og_url":"https:\/\/resato-waterjet.com\/es\/producto\/pj4-4000-opciones\/","og_site_name":"Resato Waterjet","article_modified_time":"2026-01-29T09:28:14+00:00","og_image":[{"width":760,"height":400,"url":"https:\/\/resato-waterjet.com\/wp-content\/uploads\/2023\/01\/Different-options-for-the-high-pressure-pump.webp","type":"image\/webp"}],"twitter_card":"summary_large_image","twitter_misc":{"Tiempo de lectura":"1 minuto"},"schema":{"@context":"https:\/\/schema.org","@graph":[{"@type":"WebPage","@id":"https:\/\/resato-waterjet.com\/product\/pj4-4000-options\/","url":"https:\/\/resato-waterjet.com\/product\/pj4-4000-options\/","name":"Opciones para el PJ4-4000 - Resato Waterjet","isPartOf":{"@id":"https:\/\/resato-waterjet.com\/en\/#website"},"primaryImageOfPage":{"@id":"https:\/\/resato-waterjet.com\/product\/pj4-4000-options\/#primaryimage"},"image":{"@id":"https:\/\/resato-waterjet.com\/product\/pj4-4000-options\/#primaryimage"},"thumbnailUrl":"https:\/\/resato-waterjet.com\/wp-content\/uploads\/2023\/01\/Different-options-for-the-high-pressure-pump.webp","datePublished":"2023-01-21T21:12:21+00:00","dateModified":"2026-01-29T09:28:14+00:00","description":"Nuestras opciones de bomba intensificadora PJ4-4000 incluyen arrancadores suaves, patines de bomba y descalcificadores que pueden optimizar sus procesos de mecanizado.","breadcrumb":{"@id":"https:\/\/resato-waterjet.com\/product\/pj4-4000-options\/#breadcrumb"},"inLanguage":"es","potentialAction":[{"@type":"ReadAction","target":["https:\/\/resato-waterjet.com\/product\/pj4-4000-options\/"]}]},{"@type":"ImageObject","inLanguage":"es","@id":"https:\/\/resato-waterjet.com\/product\/pj4-4000-options\/#primaryimage","url":"https:\/\/resato-waterjet.com\/wp-content\/uploads\/2023\/01\/Different-options-for-the-high-pressure-pump.webp","contentUrl":"https:\/\/resato-waterjet.com\/wp-content\/uploads\/2023\/01\/Different-options-for-the-high-pressure-pump.webp","width":760,"height":400,"caption":"Waterjet Pump PJ4-4000"},{"@type":"BreadcrumbList","@id":"https:\/\/resato-waterjet.com\/product\/pj4-4000-options\/#breadcrumb","itemListElement":[{"@type":"ListItem","position":1,"name":"Home","item":"https:\/\/resato-waterjet.com\/fr\/"},{"@type":"ListItem","position":2,"name":"Machines and Services","item":"https:\/\/resato-waterjet.com\/en\/machines-and-services\/"},{"@type":"ListItem","position":3,"name":"Options for the PJ4-4000"}]},{"@type":"WebSite","@id":"https:\/\/resato-waterjet.com\/en\/#website","url":"https:\/\/resato-waterjet.com\/en\/","name":"Resato Waterjet","description":"Crear magia con el agua","publisher":{"@id":"https:\/\/resato-waterjet.com\/en\/#organization"},"alternateName":"Resato","potentialAction":[{"@type":"SearchAction","target":{"@type":"EntryPoint","urlTemplate":"https:\/\/resato-waterjet.com\/en\/?s={search_term_string}"},"query-input":{"@type":"PropertyValueSpecification","valueRequired":true,"valueName":"search_term_string"}}],"inLanguage":"es"},{"@type":"Organization","@id":"https:\/\/resato-waterjet.com\/en\/#organization","name":"Resato Waterjet","alternateName":"Resato","url":"https:\/\/resato-waterjet.com\/en\/","logo":{"@type":"ImageObject","inLanguage":"es","@id":"https:\/\/resato-waterjet.com\/en\/#\/schema\/logo\/image\/","url":"https:\/\/mlwy9mbbs62x.i.optimole.com\/w:auto\/h:auto\/q:mauto\/f:avif\/https:\/\/resato-waterjet.com\/wp-content\/uploads\/2023\/03\/cropped-Resato-YOutube-Logo.png","contentUrl":"https:\/\/mlwy9mbbs62x.i.optimole.com\/w:auto\/h:auto\/q:mauto\/f:avif\/https:\/\/resato-waterjet.com\/wp-content\/uploads\/2023\/03\/cropped-Resato-YOutube-Logo.png","width":512,"height":512,"caption":"Resato Waterjet"},"image":{"@id":"https:\/\/resato-waterjet.com\/en\/#\/schema\/logo\/image\/"},"sameAs":["https:\/\/www.linkedin.com\/company\/resato-waterjet-technology\/"]}]}},"_links":{"self":[{"href":"https:\/\/resato-waterjet.com\/es\/wp-json\/wp\/v2\/product\/9131","targetHints":{"allow":["GET"]}}],"collection":[{"href":"https:\/\/resato-waterjet.com\/es\/wp-json\/wp\/v2\/product"}],"about":[{"href":"https:\/\/resato-waterjet.com\/es\/wp-json\/wp\/v2\/types\/product"}],"version-history":[{"count":4,"href":"https:\/\/resato-waterjet.com\/es\/wp-json\/wp\/v2\/product\/9131\/revisions"}],"predecessor-version":[{"id":11589,"href":"https:\/\/resato-waterjet.com\/es\/wp-json\/wp\/v2\/product\/9131\/revisions\/11589"}],"wp:featuredmedia":[{"embeddable":true,"href":"https:\/\/resato-waterjet.com\/es\/wp-json\/wp\/v2\/media\/9437"}],"wp:attachment":[{"href":"https:\/\/resato-waterjet.com\/es\/wp-json\/wp\/v2\/media?parent=9131"}],"wp:term":[{"taxonomy":"product_brand","embeddable":true,"href":"https:\/\/resato-waterjet.com\/es\/wp-json\/wp\/v2\/product_brand?post=9131"},{"taxonomy":"product_cat","embeddable":true,"href":"https:\/\/resato-waterjet.com\/es\/wp-json\/wp\/v2\/product_cat?post=9131"},{"taxonomy":"product_tag","embeddable":true,"href":"https:\/\/resato-waterjet.com\/es\/wp-json\/wp\/v2\/product_tag?post=9131"}],"curies":[{"name":"wp","href":"https:\/\/api.w.org\/{rel}","templated":true}]}}