{"id":9122,"date":"2023-01-21T21:01:13","date_gmt":"2023-01-21T21:01:13","guid":{"rendered":"https:\/\/resato-waterjet.com\/?post_type=product&#038;p=9122"},"modified":"2025-09-26T11:58:10","modified_gmt":"2025-09-26T11:58:10","slug":"pj4-4000","status":"publish","type":"product","link":"https:\/\/resato-waterjet.com\/es\/product\/pj4-4000\/","title":{"rendered":"PJ4-4000"},"content":{"rendered":"<p>La bomba de alta presi\u00f3n PJ4-4000 funciona seg\u00fan el principio de refuerzo de presi\u00f3n, con el refuerzo de presi\u00f3n (intensificador) accionado por una bomba electrohidr\u00e1ulica. El intensificador convierte la presi\u00f3n del aceite en presi\u00f3n de agua controlable de 300 a 4.000 bar.<\/p>\n<p>&nbsp;<\/p>\n<p class=\"translation-block\">Una <a href=\"https:\/\/en.wikipedia.org\/wiki\/Axial_piston_pump\" target=\"_self\">bomba hidr\u00e1ulica de pistones axiales<\/a> de presi\u00f3n compensada es accionada por un motor el\u00e9ctrico de 30 kW, con una presi\u00f3n m\u00e1xima de aceite de 200 bares. La bomba hidr\u00e1ulica tiene un control electr\u00f3nico de la presi\u00f3n y una v\u00e1lvula de seguridad que alivia la presi\u00f3n del sistema cuando la bomba se desconecta.<\/p>\n<p>&nbsp;<\/p>\n<p><strong>Acumulador<\/strong><br \/>\nPara minimizar los impulsos de presi\u00f3n en el sistema causados por la conmutaci\u00f3n del intensificador y la apertura y cierre del cabezal de corte, el sistema incorpora un acumulador integrado de 2,5 litros. El acumulador ha demostrado su eficacia a la hora de reducir considerablemente el desgaste de los tubos y accesorios de alta presi\u00f3n.<\/p>\n<p>&nbsp;<\/p>\n<p><strong>Especificaciones t\u00e9cnicas<\/strong><\/p>\n<table style=\"height: 124px;\" width=\"453\">\n<tbody>\n<tr>\n<td width=\"193\">PJ4-4000<\/td>\n<td width=\"115\"><\/td>\n<\/tr>\n<tr>\n<td>Capacidad m\u00e1xima<\/td>\n<td>3,8 L\/min<\/td>\n<\/tr>\n<tr>\n<td>Presi\u00f3n m\u00e1xima<\/td>\n<td>4000 bar<\/td>\n<\/tr>\n<tr>\n<td>Potencia m\u00e1xima<\/td>\n<td>30 kW<\/td>\n<\/tr>\n<tr>\n<td>N\u00famero de grupos de presi\u00f3n<\/td>\n<td>1<\/td>\n<\/tr>\n<\/tbody>\n<\/table>\n<p>&nbsp;<\/p>\n<p class=\"translation-block\">La bomba de chorro de agua puede ampliarse con <a href=\"https:\/\/resato-waterjet.com\/es\/producto\/pj4-4000-opciones\/\" target=\"_self\">varias opciones<\/a> y funciones para mejorar a\u00fan m\u00e1s su rendimiento de corte por chorro de agua.<\/p>","protected":false},"excerpt":{"rendered":"<p class=\"translation-block\">Excelente calidad de corte gracias a las m\u00ednimas oscilaciones de presi\u00f3n mediante la optimizaci\u00f3n del volumen de carrera, un acumulador de alta presi\u00f3n y la conmutaci\u00f3n electr\u00f3nica mediante el intensificador de presi\u00f3n.\r\nvolumen, un acumulador de alta presi\u00f3n y la conmutaci\u00f3n electr\u00f3nica por el elevador de presi\u00f3n<\/p>\n<p>El dise\u00f1o y la altura de trabajo facilitan el acceso a todos los componentes importantes<\/p>\n<p>Manejo sencillo mediante panel t\u00e1ctil<\/p>\n<p>Bajo nivel de ruido: &lt;72 DB<\/p>","protected":false},"featured_media":11255,"template":"","meta":{"content-type":""},"product_brand":[],"product_cat":[125],"product_tag":[126],"class_list":{"0":"post-9122","1":"product","2":"type-product","3":"status-publish","4":"has-post-thumbnail","6":"product_cat-waterjet-cutting-pumps","7":"product_tag-waterjet-cutting-pumps","9":"first","10":"instock","11":"shipping-taxable","12":"product-type-external"},"yoast_head":"<!-- This site is optimized with the Yoast SEO plugin v27.3 - https:\/\/yoast.com\/product\/yoast-seo-wordpress\/ -->\n<title>PJ4-4000 - Resato Waterjet<\/title>\n<meta name=\"description\" content=\"The PJ4-4000 intensifier pump generates a high and steady water pressure from 300 to 4000 bar with a relatively low oil pressure.\" \/>\n<meta name=\"robots\" content=\"index, follow, max-snippet:-1, max-image-preview:large, max-video-preview:-1\" \/>\n<link rel=\"canonical\" href=\"https:\/\/resato-waterjet.com\/es\/producto\/pj4-4000\/\" \/>\n<meta property=\"og:locale\" content=\"es_MX\" \/>\n<meta property=\"og:type\" content=\"article\" \/>\n<meta property=\"og:title\" content=\"PJ4-4000 - Resato Waterjet\" \/>\n<meta property=\"og:description\" content=\"The PJ4-4000 intensifier pump generates a high and steady water pressure from 300 to 4000 bar with a relatively low oil pressure.\" \/>\n<meta property=\"og:url\" content=\"https:\/\/resato-waterjet.com\/es\/producto\/pj4-4000\/\" \/>\n<meta property=\"og:site_name\" content=\"Resato Waterjet\" \/>\n<meta property=\"article:modified_time\" content=\"2025-09-26T11:58:10+00:00\" \/>\n<meta property=\"og:image\" content=\"https:\/\/resato-waterjet.com\/wp-content\/uploads\/2025\/09\/PJ-4_lichtgrijs-frontpaneel_symm_coverzijpaneel-zonder-ruitlogo_hoog_02-e1758887879698.jpg\" \/>\n\t<meta property=\"og:image:width\" content=\"1585\" \/>\n\t<meta property=\"og:image:height\" content=\"834\" \/>\n\t<meta property=\"og:image:type\" content=\"image\/jpeg\" \/>\n<meta name=\"twitter:card\" content=\"summary_large_image\" \/>\n<meta name=\"twitter:label1\" content=\"Tiempo de lectura\" \/>\n\t<meta name=\"twitter:data1\" content=\"1 minuto\" \/>\n<script type=\"application\/ld+json\" class=\"yoast-schema-graph\">{\"@context\":\"https:\\\/\\\/schema.org\",\"@graph\":[{\"@type\":\"WebPage\",\"@id\":\"https:\\\/\\\/resato-waterjet.com\\\/en\\\/product\\\/pj4-4000\\\/\",\"url\":\"https:\\\/\\\/resato-waterjet.com\\\/en\\\/product\\\/pj4-4000\\\/\",\"name\":\"PJ4-4000 - Resato Waterjet\",\"isPartOf\":{\"@id\":\"https:\\\/\\\/resato-waterjet.com\\\/en\\\/#website\"},\"primaryImageOfPage\":{\"@id\":\"https:\\\/\\\/resato-waterjet.com\\\/en\\\/product\\\/pj4-4000\\\/#primaryimage\"},\"image\":{\"@id\":\"https:\\\/\\\/resato-waterjet.com\\\/en\\\/product\\\/pj4-4000\\\/#primaryimage\"},\"thumbnailUrl\":\"https:\\\/\\\/resato-waterjet.com\\\/wp-content\\\/uploads\\\/2025\\\/09\\\/PJ-4_lichtgrijs-frontpaneel_symm_coverzijpaneel-zonder-ruitlogo_hoog_02-e1758887879698.jpg\",\"datePublished\":\"2023-01-21T21:01:13+00:00\",\"dateModified\":\"2025-09-26T11:58:10+00:00\",\"description\":\"The PJ4-4000 intensifier pump generates a high and steady water pressure from 300 to 4000 bar with a relatively low oil pressure.\",\"breadcrumb\":{\"@id\":\"https:\\\/\\\/resato-waterjet.com\\\/en\\\/product\\\/pj4-4000\\\/#breadcrumb\"},\"inLanguage\":\"es\",\"potentialAction\":[{\"@type\":\"ReadAction\",\"target\":[\"https:\\\/\\\/resato-waterjet.com\\\/en\\\/product\\\/pj4-4000\\\/\"]}]},{\"@type\":\"ImageObject\",\"inLanguage\":\"es\",\"@id\":\"https:\\\/\\\/resato-waterjet.com\\\/en\\\/product\\\/pj4-4000\\\/#primaryimage\",\"url\":\"https:\\\/\\\/resato-waterjet.com\\\/wp-content\\\/uploads\\\/2025\\\/09\\\/PJ-4_lichtgrijs-frontpaneel_symm_coverzijpaneel-zonder-ruitlogo_hoog_02-e1758887879698.jpg\",\"contentUrl\":\"https:\\\/\\\/resato-waterjet.com\\\/wp-content\\\/uploads\\\/2025\\\/09\\\/PJ-4_lichtgrijs-frontpaneel_symm_coverzijpaneel-zonder-ruitlogo_hoog_02-e1758887879698.jpg\",\"width\":1585,\"height\":834,\"caption\":\"PJ2-4000\"},{\"@type\":\"BreadcrumbList\",\"@id\":\"https:\\\/\\\/resato-waterjet.com\\\/en\\\/product\\\/pj4-4000\\\/#breadcrumb\",\"itemListElement\":[{\"@type\":\"ListItem\",\"position\":1,\"name\":\"Home\",\"item\":\"https:\\\/\\\/resato-waterjet.com\\\/fr\\\/\"},{\"@type\":\"ListItem\",\"position\":2,\"name\":\"Machines and Services\",\"item\":\"https:\\\/\\\/resato-waterjet.com\\\/en\\\/machines-and-services\\\/\"},{\"@type\":\"ListItem\",\"position\":3,\"name\":\"PJ4-4000\"}]},{\"@type\":\"WebSite\",\"@id\":\"https:\\\/\\\/resato-waterjet.com\\\/en\\\/#website\",\"url\":\"https:\\\/\\\/resato-waterjet.com\\\/en\\\/\",\"name\":\"Resato Waterjet\",\"description\":\"Creating Magic with Water\",\"publisher\":{\"@id\":\"https:\\\/\\\/resato-waterjet.com\\\/en\\\/#organization\"},\"alternateName\":\"Resato\",\"potentialAction\":[{\"@type\":\"SearchAction\",\"target\":{\"@type\":\"EntryPoint\",\"urlTemplate\":\"https:\\\/\\\/resato-waterjet.com\\\/en\\\/?s={search_term_string}\"},\"query-input\":{\"@type\":\"PropertyValueSpecification\",\"valueRequired\":true,\"valueName\":\"search_term_string\"}}],\"inLanguage\":\"es\"},{\"@type\":\"Organization\",\"@id\":\"https:\\\/\\\/resato-waterjet.com\\\/en\\\/#organization\",\"name\":\"Resato Waterjet\",\"alternateName\":\"Resato\",\"url\":\"https:\\\/\\\/resato-waterjet.com\\\/en\\\/\",\"logo\":{\"@type\":\"ImageObject\",\"inLanguage\":\"es\",\"@id\":\"https:\\\/\\\/resato-waterjet.com\\\/en\\\/#\\\/schema\\\/logo\\\/image\\\/\",\"url\":\"https:\\\/\\\/mlwy9mbbs62x.i.optimole.com\\\/w:auto\\\/h:auto\\\/q:mauto\\\/f:avif\\\/https:\\\/\\\/resato-waterjet.com\\\/wp-content\\\/uploads\\\/2023\\\/03\\\/cropped-Resato-YOutube-Logo.png\",\"contentUrl\":\"https:\\\/\\\/mlwy9mbbs62x.i.optimole.com\\\/w:auto\\\/h:auto\\\/q:mauto\\\/f:avif\\\/https:\\\/\\\/resato-waterjet.com\\\/wp-content\\\/uploads\\\/2023\\\/03\\\/cropped-Resato-YOutube-Logo.png\",\"width\":512,\"height\":512,\"caption\":\"Resato Waterjet\"},\"image\":{\"@id\":\"https:\\\/\\\/resato-waterjet.com\\\/en\\\/#\\\/schema\\\/logo\\\/image\\\/\"},\"sameAs\":[\"https:\\\/\\\/www.linkedin.com\\\/company\\\/resato-waterjet-technology\\\/\"]}]}<\/script>\n<!-- \/ Yoast SEO plugin. -->","yoast_head_json":{"title":"PJ4-4000 - Resato Waterjet","description":"La bomba intensificadora PJ4-4000 genera una presi\u00f3n de agua alta y constante de 300 a 4000 bar con una presi\u00f3n de aceite relativamente baja.","robots":{"index":"index","follow":"follow","max-snippet":"max-snippet:-1","max-image-preview":"max-image-preview:large","max-video-preview":"max-video-preview:-1"},"canonical":"https:\/\/resato-waterjet.com\/es\/producto\/pj4-4000\/","og_locale":"es_MX","og_type":"article","og_title":"PJ4-4000 - Resato Waterjet","og_description":"The PJ4-4000 intensifier pump generates a high and steady water pressure from 300 to 4000 bar with a relatively low oil pressure.","og_url":"https:\/\/resato-waterjet.com\/es\/producto\/pj4-4000\/","og_site_name":"Resato Waterjet","article_modified_time":"2025-09-26T11:58:10+00:00","og_image":[{"width":1585,"height":834,"url":"https:\/\/resato-waterjet.com\/wp-content\/uploads\/2025\/09\/PJ-4_lichtgrijs-frontpaneel_symm_coverzijpaneel-zonder-ruitlogo_hoog_02-e1758887879698.jpg","type":"image\/jpeg"}],"twitter_card":"summary_large_image","twitter_misc":{"Tiempo de lectura":"1 minuto"},"schema":{"@context":"https:\/\/schema.org","@graph":[{"@type":"WebPage","@id":"https:\/\/resato-waterjet.com\/en\/product\/pj4-4000\/","url":"https:\/\/resato-waterjet.com\/en\/product\/pj4-4000\/","name":"PJ4-4000 - Resato Waterjet","isPartOf":{"@id":"https:\/\/resato-waterjet.com\/en\/#website"},"primaryImageOfPage":{"@id":"https:\/\/resato-waterjet.com\/en\/product\/pj4-4000\/#primaryimage"},"image":{"@id":"https:\/\/resato-waterjet.com\/en\/product\/pj4-4000\/#primaryimage"},"thumbnailUrl":"https:\/\/resato-waterjet.com\/wp-content\/uploads\/2025\/09\/PJ-4_lichtgrijs-frontpaneel_symm_coverzijpaneel-zonder-ruitlogo_hoog_02-e1758887879698.jpg","datePublished":"2023-01-21T21:01:13+00:00","dateModified":"2025-09-26T11:58:10+00:00","description":"La bomba intensificadora PJ4-4000 genera una presi\u00f3n de agua alta y constante de 300 a 4000 bar con una presi\u00f3n de aceite relativamente baja.","breadcrumb":{"@id":"https:\/\/resato-waterjet.com\/en\/product\/pj4-4000\/#breadcrumb"},"inLanguage":"es","potentialAction":[{"@type":"ReadAction","target":["https:\/\/resato-waterjet.com\/en\/product\/pj4-4000\/"]}]},{"@type":"ImageObject","inLanguage":"es","@id":"https:\/\/resato-waterjet.com\/en\/product\/pj4-4000\/#primaryimage","url":"https:\/\/resato-waterjet.com\/wp-content\/uploads\/2025\/09\/PJ-4_lichtgrijs-frontpaneel_symm_coverzijpaneel-zonder-ruitlogo_hoog_02-e1758887879698.jpg","contentUrl":"https:\/\/resato-waterjet.com\/wp-content\/uploads\/2025\/09\/PJ-4_lichtgrijs-frontpaneel_symm_coverzijpaneel-zonder-ruitlogo_hoog_02-e1758887879698.jpg","width":1585,"height":834,"caption":"PJ2-4000"},{"@type":"BreadcrumbList","@id":"https:\/\/resato-waterjet.com\/en\/product\/pj4-4000\/#breadcrumb","itemListElement":[{"@type":"ListItem","position":1,"name":"Home","item":"https:\/\/resato-waterjet.com\/fr\/"},{"@type":"ListItem","position":2,"name":"Machines and Services","item":"https:\/\/resato-waterjet.com\/en\/machines-and-services\/"},{"@type":"ListItem","position":3,"name":"PJ4-4000"}]},{"@type":"WebSite","@id":"https:\/\/resato-waterjet.com\/en\/#website","url":"https:\/\/resato-waterjet.com\/en\/","name":"Resato Waterjet","description":"Crear magia con el agua","publisher":{"@id":"https:\/\/resato-waterjet.com\/en\/#organization"},"alternateName":"Resato","potentialAction":[{"@type":"SearchAction","target":{"@type":"EntryPoint","urlTemplate":"https:\/\/resato-waterjet.com\/en\/?s={search_term_string}"},"query-input":{"@type":"PropertyValueSpecification","valueRequired":true,"valueName":"search_term_string"}}],"inLanguage":"es"},{"@type":"Organization","@id":"https:\/\/resato-waterjet.com\/en\/#organization","name":"Resato Waterjet","alternateName":"Resato","url":"https:\/\/resato-waterjet.com\/en\/","logo":{"@type":"ImageObject","inLanguage":"es","@id":"https:\/\/resato-waterjet.com\/en\/#\/schema\/logo\/image\/","url":"https:\/\/mlwy9mbbs62x.i.optimole.com\/w:auto\/h:auto\/q:mauto\/f:avif\/https:\/\/resato-waterjet.com\/wp-content\/uploads\/2023\/03\/cropped-Resato-YOutube-Logo.png","contentUrl":"https:\/\/mlwy9mbbs62x.i.optimole.com\/w:auto\/h:auto\/q:mauto\/f:avif\/https:\/\/resato-waterjet.com\/wp-content\/uploads\/2023\/03\/cropped-Resato-YOutube-Logo.png","width":512,"height":512,"caption":"Resato Waterjet"},"image":{"@id":"https:\/\/resato-waterjet.com\/en\/#\/schema\/logo\/image\/"},"sameAs":["https:\/\/www.linkedin.com\/company\/resato-waterjet-technology\/"]}]}},"_links":{"self":[{"href":"https:\/\/resato-waterjet.com\/es\/wp-json\/wp\/v2\/product\/9122","targetHints":{"allow":["GET"]}}],"collection":[{"href":"https:\/\/resato-waterjet.com\/es\/wp-json\/wp\/v2\/product"}],"about":[{"href":"https:\/\/resato-waterjet.com\/es\/wp-json\/wp\/v2\/types\/product"}],"version-history":[{"count":3,"href":"https:\/\/resato-waterjet.com\/es\/wp-json\/wp\/v2\/product\/9122\/revisions"}],"predecessor-version":[{"id":9123,"href":"https:\/\/resato-waterjet.com\/es\/wp-json\/wp\/v2\/product\/9122\/revisions\/9123"}],"wp:featuredmedia":[{"embeddable":true,"href":"https:\/\/resato-waterjet.com\/es\/wp-json\/wp\/v2\/media\/11255"}],"wp:attachment":[{"href":"https:\/\/resato-waterjet.com\/es\/wp-json\/wp\/v2\/media?parent=9122"}],"wp:term":[{"taxonomy":"product_brand","embeddable":true,"href":"https:\/\/resato-waterjet.com\/es\/wp-json\/wp\/v2\/product_brand?post=9122"},{"taxonomy":"product_cat","embeddable":true,"href":"https:\/\/resato-waterjet.com\/es\/wp-json\/wp\/v2\/product_cat?post=9122"},{"taxonomy":"product_tag","embeddable":true,"href":"https:\/\/resato-waterjet.com\/es\/wp-json\/wp\/v2\/product_tag?post=9122"}],"curies":[{"name":"wp","href":"https:\/\/api.w.org\/{rel}","templated":true}]}}