{"id":9108,"date":"2023-01-21T20:21:12","date_gmt":"2023-01-21T20:21:12","guid":{"rendered":"https:\/\/resato-waterjet.com\/?post_type=product&#038;p=9108"},"modified":"2024-01-22T11:53:46","modified_gmt":"2024-01-22T11:53:46","slug":"25d-cutting-head-laser-pointer-software-bevel-cutting-module","status":"publish","type":"product","link":"https:\/\/resato-waterjet.com\/es\/product\/25d-cutting-head-laser-pointer-software-bevel-cutting-module\/","title":{"rendered":"Cabezal de corte 2.5D Puntero l\u00e1ser\/Software M\u00f3dulo de corte en bisel"},"content":{"rendered":"<p class=\"translation-block\"><strong>Puntero l\u00e1ser<\/strong><br>\r\nEl puntero l\u00e1ser permite ahorrar mucho tiempo gracias a la determinaci\u00f3n r\u00e1pida y precisa del punto 0, que se consigue mediante una <a href=\"https:\/\/en.wikipedia.org\/wiki\/Laser_pointer\" target=\"_self\">cruz proyectada por l\u00e1ser<\/a> sobre el material a cortar. La cruz es paralela a los ejes X e Y. El software integra la posici\u00f3n del puntero l\u00e1ser para que el cabezal de corte reconozca el punto 0 del l\u00e1ser como punto de inicio. El puntero l\u00e1ser se encuentra en el carro de corte, del que tambi\u00e9n toma su energ\u00eda, y tambi\u00e9n se puede utilizar para nivelar el material que se va a cortar en los ejes X e Y. La cruz proyectada por l\u00e1ser es perfectamente visible a la luz del d\u00eda. La carcasa est\u00e1 dise\u00f1ada para garantizar que el proceso de corte y la mezcla de agua y abrasivos a alta velocidad no afecten a la vida \u00fatil del l\u00e1ser.<\/p>\n<p>&nbsp;<\/p>\n<p><strong>M\u00f3dulo de corte en bisel del software<\/strong><br \/>\nEn <a href=\"https:\/\/resato-waterjet.com\/es\/producto\/igems-software-package\/\">M\u00f3dulo IGEMS<\/a> para corte en bisel se suministra con el cabezal de corte en bisel autom\u00e1tico, y funciona de forma \u00fanica con la \u00faltima versi\u00f3n del paquete b\u00e1sico IGEMS. El m\u00f3dulo de corte en bisel permite cortar biseles en materiales planos y es ideal para preparar los bordes que se van a soldar. El m\u00f3dulo de corte en bisel IGEMS es extremadamente f\u00e1cil de usar, ya que s\u00f3lo requiere la introducci\u00f3n del \u00e1ngulo y la anchura deseados del bisel a trav\u00e9s de una trayectoria de herramientas de f\u00e1cil acceso y proporciona una sencillez de funcionamiento casi 2D.<\/p>","protected":false},"excerpt":{"rendered":"<ul>\n<li>Puntero l\u00e1ser<\/li>\n<li>M\u00f3dulo de corte en bisel del software<\/li>\n<\/ul>","protected":false},"featured_media":9110,"template":"","meta":{"content-type":""},"product_brand":[],"product_cat":[123],"product_tag":[124],"class_list":{"0":"post-9108","1":"product","2":"type-product","3":"status-publish","4":"has-post-thumbnail","6":"product_cat-cutting-heads","7":"product_tag-cutting-heads","9":"first","10":"instock","11":"shipping-taxable","12":"product-type-external"},"yoast_head":"<!-- This site is optimized with the Yoast SEO plugin v27.4 - https:\/\/yoast.com\/product\/yoast-seo-wordpress\/ -->\n<title>2.5D Cutting head Laser pointer\/Software Bevel Cutting Module - Resato Waterjet<\/title>\n<meta name=\"description\" content=\"The laser pointer and Software Bevel Cutting Module enhance both precision and automation within your waterjet cutting processes.\" \/>\n<meta name=\"robots\" content=\"index, follow, max-snippet:-1, max-image-preview:large, max-video-preview:-1\" \/>\n<link rel=\"canonical\" href=\"https:\/\/resato-waterjet.com\/es\/producto\/25d-cutting-head-laser-pointer-software-bevel-cutting-module\/\" \/>\n<meta property=\"og:locale\" content=\"es_MX\" \/>\n<meta property=\"og:type\" content=\"article\" \/>\n<meta property=\"og:title\" content=\"2.5D Cutting head Laser pointer\/Software Bevel Cutting Module - Resato Waterjet\" \/>\n<meta property=\"og:description\" content=\"The laser pointer and Software Bevel Cutting Module enhance both precision and automation within your waterjet cutting processes.\" \/>\n<meta property=\"og:url\" content=\"https:\/\/resato-waterjet.com\/es\/producto\/25d-cutting-head-laser-pointer-software-bevel-cutting-module\/\" \/>\n<meta property=\"og:site_name\" content=\"Resato Waterjet\" \/>\n<meta property=\"article:modified_time\" content=\"2024-01-22T11:53:46+00:00\" \/>\n<meta property=\"og:image\" content=\"https:\/\/resato-waterjet.com\/wp-content\/uploads\/2023\/01\/Laserpointer-for-waterjet-cutting-table.jpg\" \/>\n\t<meta property=\"og:image:width\" content=\"760\" \/>\n\t<meta property=\"og:image:height\" content=\"400\" \/>\n\t<meta property=\"og:image:type\" content=\"image\/jpeg\" \/>\n<meta name=\"twitter:card\" content=\"summary_large_image\" \/>\n<meta name=\"twitter:label1\" content=\"Tiempo de lectura\" \/>\n\t<meta name=\"twitter:data1\" content=\"2 minutos\" \/>\n<script type=\"application\/ld+json\" class=\"yoast-schema-graph\">{\"@context\":\"https:\\\/\\\/schema.org\",\"@graph\":[{\"@type\":\"WebPage\",\"@id\":\"https:\\\/\\\/resato-waterjet.com\\\/en\\\/product\\\/25d-cutting-head-laser-pointer-software-bevel-cutting-module\\\/\",\"url\":\"https:\\\/\\\/resato-waterjet.com\\\/en\\\/product\\\/25d-cutting-head-laser-pointer-software-bevel-cutting-module\\\/\",\"name\":\"2.5D Cutting head Laser pointer\\\/Software Bevel Cutting Module - Resato Waterjet\",\"isPartOf\":{\"@id\":\"https:\\\/\\\/resato-waterjet.com\\\/en\\\/#website\"},\"primaryImageOfPage\":{\"@id\":\"https:\\\/\\\/resato-waterjet.com\\\/en\\\/product\\\/25d-cutting-head-laser-pointer-software-bevel-cutting-module\\\/#primaryimage\"},\"image\":{\"@id\":\"https:\\\/\\\/resato-waterjet.com\\\/en\\\/product\\\/25d-cutting-head-laser-pointer-software-bevel-cutting-module\\\/#primaryimage\"},\"thumbnailUrl\":\"https:\\\/\\\/resato-waterjet.com\\\/wp-content\\\/uploads\\\/2023\\\/01\\\/Laserpointer-for-waterjet-cutting-table.jpg\",\"datePublished\":\"2023-01-21T20:21:12+00:00\",\"dateModified\":\"2024-01-22T11:53:46+00:00\",\"description\":\"The laser pointer and Software Bevel Cutting Module enhance both precision and automation within your waterjet cutting processes.\",\"breadcrumb\":{\"@id\":\"https:\\\/\\\/resato-waterjet.com\\\/en\\\/product\\\/25d-cutting-head-laser-pointer-software-bevel-cutting-module\\\/#breadcrumb\"},\"inLanguage\":\"es\",\"potentialAction\":[{\"@type\":\"ReadAction\",\"target\":[\"https:\\\/\\\/resato-waterjet.com\\\/en\\\/product\\\/25d-cutting-head-laser-pointer-software-bevel-cutting-module\\\/\"]}]},{\"@type\":\"ImageObject\",\"inLanguage\":\"es\",\"@id\":\"https:\\\/\\\/resato-waterjet.com\\\/en\\\/product\\\/25d-cutting-head-laser-pointer-software-bevel-cutting-module\\\/#primaryimage\",\"url\":\"https:\\\/\\\/resato-waterjet.com\\\/wp-content\\\/uploads\\\/2023\\\/01\\\/Laserpointer-for-waterjet-cutting-table.jpg\",\"contentUrl\":\"https:\\\/\\\/resato-waterjet.com\\\/wp-content\\\/uploads\\\/2023\\\/01\\\/Laserpointer-for-waterjet-cutting-table.jpg\",\"width\":760,\"height\":400,\"caption\":\"Laser pointer cutting module\"},{\"@type\":\"BreadcrumbList\",\"@id\":\"https:\\\/\\\/resato-waterjet.com\\\/en\\\/product\\\/25d-cutting-head-laser-pointer-software-bevel-cutting-module\\\/#breadcrumb\",\"itemListElement\":[{\"@type\":\"ListItem\",\"position\":1,\"name\":\"Home\",\"item\":\"https:\\\/\\\/resato-waterjet.com\\\/fr\\\/\"},{\"@type\":\"ListItem\",\"position\":2,\"name\":\"Machines and Services\",\"item\":\"https:\\\/\\\/resato-waterjet.com\\\/en\\\/machines-and-services\\\/\"},{\"@type\":\"ListItem\",\"position\":3,\"name\":\"2.5D Cutting head Laser pointer\\\/Software Bevel Cutting Module\"}]},{\"@type\":\"WebSite\",\"@id\":\"https:\\\/\\\/resato-waterjet.com\\\/en\\\/#website\",\"url\":\"https:\\\/\\\/resato-waterjet.com\\\/en\\\/\",\"name\":\"Resato Waterjet\",\"description\":\"Creating Magic with Water\",\"publisher\":{\"@id\":\"https:\\\/\\\/resato-waterjet.com\\\/en\\\/#organization\"},\"alternateName\":\"Resato\",\"potentialAction\":[{\"@type\":\"SearchAction\",\"target\":{\"@type\":\"EntryPoint\",\"urlTemplate\":\"https:\\\/\\\/resato-waterjet.com\\\/en\\\/?s={search_term_string}\"},\"query-input\":{\"@type\":\"PropertyValueSpecification\",\"valueRequired\":true,\"valueName\":\"search_term_string\"}}],\"inLanguage\":\"es\"},{\"@type\":\"Organization\",\"@id\":\"https:\\\/\\\/resato-waterjet.com\\\/en\\\/#organization\",\"name\":\"Resato Waterjet\",\"alternateName\":\"Resato\",\"url\":\"https:\\\/\\\/resato-waterjet.com\\\/en\\\/\",\"logo\":{\"@type\":\"ImageObject\",\"inLanguage\":\"es\",\"@id\":\"https:\\\/\\\/resato-waterjet.com\\\/en\\\/#\\\/schema\\\/logo\\\/image\\\/\",\"url\":\"https:\\\/\\\/mlwy9mbbs62x.i.optimole.com\\\/w:auto\\\/h:auto\\\/q:mauto\\\/f:avif\\\/https:\\\/\\\/resato-waterjet.com\\\/wp-content\\\/uploads\\\/2023\\\/03\\\/cropped-Resato-YOutube-Logo.png\",\"contentUrl\":\"https:\\\/\\\/mlwy9mbbs62x.i.optimole.com\\\/w:auto\\\/h:auto\\\/q:mauto\\\/f:avif\\\/https:\\\/\\\/resato-waterjet.com\\\/wp-content\\\/uploads\\\/2023\\\/03\\\/cropped-Resato-YOutube-Logo.png\",\"width\":512,\"height\":512,\"caption\":\"Resato Waterjet\"},\"image\":{\"@id\":\"https:\\\/\\\/resato-waterjet.com\\\/en\\\/#\\\/schema\\\/logo\\\/image\\\/\"},\"sameAs\":[\"https:\\\/\\\/www.linkedin.com\\\/company\\\/resato-waterjet-technology\\\/\"]}]}<\/script>\n<!-- \/ Yoast SEO plugin. -->","yoast_head_json":{"title":"Cabezal de corte 2.5D Puntero l\u00e1ser\/Software M\u00f3dulo de corte en bisel - Resato Waterjet","description":"El puntero l\u00e1ser y el m\u00f3dulo de corte en bisel del software mejoran tanto la precisi\u00f3n como la automatizaci\u00f3n de sus procesos de corte por chorro de agua.","robots":{"index":"index","follow":"follow","max-snippet":"max-snippet:-1","max-image-preview":"max-image-preview:large","max-video-preview":"max-video-preview:-1"},"canonical":"https:\/\/resato-waterjet.com\/es\/producto\/25d-cutting-head-laser-pointer-software-bevel-cutting-module\/","og_locale":"es_MX","og_type":"article","og_title":"2.5D Cutting head Laser pointer\/Software Bevel Cutting Module - Resato Waterjet","og_description":"The laser pointer and Software Bevel Cutting Module enhance both precision and automation within your waterjet cutting processes.","og_url":"https:\/\/resato-waterjet.com\/es\/producto\/25d-cutting-head-laser-pointer-software-bevel-cutting-module\/","og_site_name":"Resato Waterjet","article_modified_time":"2024-01-22T11:53:46+00:00","og_image":[{"width":760,"height":400,"url":"https:\/\/resato-waterjet.com\/wp-content\/uploads\/2023\/01\/Laserpointer-for-waterjet-cutting-table.jpg","type":"image\/jpeg"}],"twitter_card":"summary_large_image","twitter_misc":{"Tiempo de lectura":"2 minutos"},"schema":{"@context":"https:\/\/schema.org","@graph":[{"@type":"WebPage","@id":"https:\/\/resato-waterjet.com\/en\/product\/25d-cutting-head-laser-pointer-software-bevel-cutting-module\/","url":"https:\/\/resato-waterjet.com\/en\/product\/25d-cutting-head-laser-pointer-software-bevel-cutting-module\/","name":"Cabezal de corte 2.5D Puntero l\u00e1ser\/Software M\u00f3dulo de corte en bisel - Resato Waterjet","isPartOf":{"@id":"https:\/\/resato-waterjet.com\/en\/#website"},"primaryImageOfPage":{"@id":"https:\/\/resato-waterjet.com\/en\/product\/25d-cutting-head-laser-pointer-software-bevel-cutting-module\/#primaryimage"},"image":{"@id":"https:\/\/resato-waterjet.com\/en\/product\/25d-cutting-head-laser-pointer-software-bevel-cutting-module\/#primaryimage"},"thumbnailUrl":"https:\/\/resato-waterjet.com\/wp-content\/uploads\/2023\/01\/Laserpointer-for-waterjet-cutting-table.jpg","datePublished":"2023-01-21T20:21:12+00:00","dateModified":"2024-01-22T11:53:46+00:00","description":"El puntero l\u00e1ser y el m\u00f3dulo de corte en bisel del software mejoran tanto la precisi\u00f3n como la automatizaci\u00f3n de sus procesos de corte por chorro de agua.","breadcrumb":{"@id":"https:\/\/resato-waterjet.com\/en\/product\/25d-cutting-head-laser-pointer-software-bevel-cutting-module\/#breadcrumb"},"inLanguage":"es","potentialAction":[{"@type":"ReadAction","target":["https:\/\/resato-waterjet.com\/en\/product\/25d-cutting-head-laser-pointer-software-bevel-cutting-module\/"]}]},{"@type":"ImageObject","inLanguage":"es","@id":"https:\/\/resato-waterjet.com\/en\/product\/25d-cutting-head-laser-pointer-software-bevel-cutting-module\/#primaryimage","url":"https:\/\/resato-waterjet.com\/wp-content\/uploads\/2023\/01\/Laserpointer-for-waterjet-cutting-table.jpg","contentUrl":"https:\/\/resato-waterjet.com\/wp-content\/uploads\/2023\/01\/Laserpointer-for-waterjet-cutting-table.jpg","width":760,"height":400,"caption":"Laser pointer cutting module"},{"@type":"BreadcrumbList","@id":"https:\/\/resato-waterjet.com\/en\/product\/25d-cutting-head-laser-pointer-software-bevel-cutting-module\/#breadcrumb","itemListElement":[{"@type":"ListItem","position":1,"name":"Home","item":"https:\/\/resato-waterjet.com\/fr\/"},{"@type":"ListItem","position":2,"name":"Machines and Services","item":"https:\/\/resato-waterjet.com\/en\/machines-and-services\/"},{"@type":"ListItem","position":3,"name":"2.5D Cutting head Laser pointer\/Software Bevel Cutting Module"}]},{"@type":"WebSite","@id":"https:\/\/resato-waterjet.com\/en\/#website","url":"https:\/\/resato-waterjet.com\/en\/","name":"Resato Waterjet","description":"Crear magia con el agua","publisher":{"@id":"https:\/\/resato-waterjet.com\/en\/#organization"},"alternateName":"Resato","potentialAction":[{"@type":"SearchAction","target":{"@type":"EntryPoint","urlTemplate":"https:\/\/resato-waterjet.com\/en\/?s={search_term_string}"},"query-input":{"@type":"PropertyValueSpecification","valueRequired":true,"valueName":"search_term_string"}}],"inLanguage":"es"},{"@type":"Organization","@id":"https:\/\/resato-waterjet.com\/en\/#organization","name":"Resato Waterjet","alternateName":"Resato","url":"https:\/\/resato-waterjet.com\/en\/","logo":{"@type":"ImageObject","inLanguage":"es","@id":"https:\/\/resato-waterjet.com\/en\/#\/schema\/logo\/image\/","url":"https:\/\/mlwy9mbbs62x.i.optimole.com\/w:auto\/h:auto\/q:mauto\/f:avif\/https:\/\/resato-waterjet.com\/wp-content\/uploads\/2023\/03\/cropped-Resato-YOutube-Logo.png","contentUrl":"https:\/\/mlwy9mbbs62x.i.optimole.com\/w:auto\/h:auto\/q:mauto\/f:avif\/https:\/\/resato-waterjet.com\/wp-content\/uploads\/2023\/03\/cropped-Resato-YOutube-Logo.png","width":512,"height":512,"caption":"Resato Waterjet"},"image":{"@id":"https:\/\/resato-waterjet.com\/en\/#\/schema\/logo\/image\/"},"sameAs":["https:\/\/www.linkedin.com\/company\/resato-waterjet-technology\/"]}]}},"_links":{"self":[{"href":"https:\/\/resato-waterjet.com\/es\/wp-json\/wp\/v2\/product\/9108","targetHints":{"allow":["GET"]}}],"collection":[{"href":"https:\/\/resato-waterjet.com\/es\/wp-json\/wp\/v2\/product"}],"about":[{"href":"https:\/\/resato-waterjet.com\/es\/wp-json\/wp\/v2\/types\/product"}],"version-history":[{"count":3,"href":"https:\/\/resato-waterjet.com\/es\/wp-json\/wp\/v2\/product\/9108\/revisions"}],"predecessor-version":[{"id":10825,"href":"https:\/\/resato-waterjet.com\/es\/wp-json\/wp\/v2\/product\/9108\/revisions\/10825"}],"wp:featuredmedia":[{"embeddable":true,"href":"https:\/\/resato-waterjet.com\/es\/wp-json\/wp\/v2\/media\/9110"}],"wp:attachment":[{"href":"https:\/\/resato-waterjet.com\/es\/wp-json\/wp\/v2\/media?parent=9108"}],"wp:term":[{"taxonomy":"product_brand","embeddable":true,"href":"https:\/\/resato-waterjet.com\/es\/wp-json\/wp\/v2\/product_brand?post=9108"},{"taxonomy":"product_cat","embeddable":true,"href":"https:\/\/resato-waterjet.com\/es\/wp-json\/wp\/v2\/product_cat?post=9108"},{"taxonomy":"product_tag","embeddable":true,"href":"https:\/\/resato-waterjet.com\/es\/wp-json\/wp\/v2\/product_tag?post=9108"}],"curies":[{"name":"wp","href":"https:\/\/api.w.org\/{rel}","templated":true}]}}