{"id":9099,"date":"2023-01-21T20:02:43","date_gmt":"2023-01-21T20:02:43","guid":{"rendered":"https:\/\/resato-waterjet.com\/?post_type=product&#038;p=9099"},"modified":"2024-01-22T11:54:21","modified_gmt":"2024-01-22T11:54:21","slug":"2d-cabeza-de-corte","status":"publish","type":"product","link":"https:\/\/resato-waterjet.com\/es\/product\/2d-cutting-head\/","title":{"rendered":"Cabezal de corte 2D"},"content":{"rendered":"<p class=\"translation-block\">El cabezal de corte 2D tiene una <a href=\"https:\/\/pdf.directindustry.com\/pdf\/resato-high-pressure-technology\/2d-cutting-head-configuration\/24985-689497.html\" target=\"_self\">c\u00e1mara de mezcla de larga duraci\u00f3n y s\u00f3lo dos piezas de desgaste<\/a>: la boquilla de agua y el tubo de mezcla del abrasivo. El puente de la <a href=\"https:\/\/resato-waterjet.com\/es\/mesas-de-corte\/\" target=\"_self\">mesa de corte<\/a> dispone de 1 \u00f3 2 cabezales de corte, cada uno montado sobre una placa de carro. Las placas del carro est\u00e1n provistas de motores lineales de accionamiento directo, lo que permite un ajuste r\u00e1pido y sencillo de la distancia correcta entre ambos cabezales de corte desde la consola del operador. Esta distancia var\u00eda de 350 mm a 1500 mm. Las m\u00e1quinas de la serie ACM 3000 tambi\u00e9n tienen una caracter\u00edstica especial: Al utilizar 2 <a href=\"https:\/\/resato-waterjet.com\/es\/cabezales-de-corte\/\" target=\"_self\">cabezales de corte<\/a>, el alcance de corte efectivo de 1 cabezal sigue siendo de 3000 mm en una posici\u00f3n de corte 2D.<\/p>\n<p>&nbsp;<\/p>\n<p class=\"translation-block\"><strong>Dosificador electr\u00f3nico<\/strong><br>\r\nPara optimizar la velocidad y la calidad del corte, cada cabezal de corte est\u00e1 conectado a un sistema electr\u00f3nico de dosificaci\u00f3n de abrasivo (alimentador) situado en el carro de cada cabezal de corte y que contiene un peque\u00f1o tamp\u00f3n integrado para garantizar una adici\u00f3n de abrasivo fiable, constante y continuamente variable.<\/p>\n<p>&nbsp;<\/p>\n<p><strong>Especificaciones t\u00e9cnicas <\/strong><\/p>\n<table style=\"height: 200px;\" width=\"744\">\n<tbody>\n<tr>\n<td width=\"183\">2D Cabezal de corte<\/td>\n<td width=\"115\"><\/td>\n<\/tr>\n<tr>\n<td>Presi\u00f3n m\u00e1xima de servicio<\/td>\n<td>4000 bar<\/td>\n<\/tr>\n<tr>\n<td>V\u00e1lvula neum\u00e1tica<\/td>\n<td>presi\u00f3n de apertura 6,5 bar<\/td>\n<\/tr>\n<tr>\n<td>Boquilla de agua<\/td>\n<td>0,25mm\/ 0,35mm\/ 0,4mm<\/td>\n<\/tr>\n<tr>\n<td>Tubo mezclador de abrasivos<\/td>\n<td>Est\u00e1ndar 0,76 mm y 1,02 mm<\/td>\n<\/tr>\n<\/tbody>\n<\/table>\n<p>&nbsp;<\/p>\n<p><strong>Opciones de cabezal de corte 2D<\/strong><br \/>\nEl cabezal de corte puede ampliarse con varias opciones y caracter\u00edsticas para mejorar a\u00fan m\u00e1s su rendimiento de corte por chorro de agua. \u00a1Eche un vistazo a las siguientes opciones para ampliar su cabezal de corte!<\/p>","protected":false},"excerpt":{"rendered":"<p><strong>Compatible con abrasivos y agua pura<\/strong><\/p>\n<ul>\n<li>Dise\u00f1o modular<\/li>\n<li>Alta precisi\u00f3n<\/li>\n<li>Soluci\u00f3n compacta<\/li>\n<\/ul>","protected":false},"featured_media":9101,"template":"","meta":{"content-type":""},"product_brand":[],"product_cat":[123,121],"product_tag":[124],"class_list":{"0":"post-9099","1":"product","2":"type-product","3":"status-publish","4":"has-post-thumbnail","6":"product_cat-cutting-heads","7":"product_cat-waterjet-cutting-machines","8":"product_tag-cutting-heads","10":"first","11":"instock","12":"shipping-taxable","13":"product-type-external"},"yoast_head":"<!-- This site is optimized with the Yoast SEO plugin v27.4 - https:\/\/yoast.com\/product\/yoast-seo-wordpress\/ -->\n<title>2D Cutting Head - Resato Waterjet<\/title>\n<meta name=\"description\" content=\"A 2D cutting head for a waterjet cutting machine works on X-Y axis to cut straight shapes accurately. The abrasive dosing system reduces abrasive spending.\" \/>\n<meta name=\"robots\" content=\"index, follow, max-snippet:-1, max-image-preview:large, max-video-preview:-1\" \/>\n<link rel=\"canonical\" href=\"https:\/\/resato-waterjet.com\/es\/producto\/2d-cabeza-de-corte\/\" \/>\n<meta property=\"og:locale\" content=\"es_MX\" \/>\n<meta property=\"og:type\" content=\"article\" \/>\n<meta property=\"og:title\" content=\"2D Cutting Head - Resato Waterjet\" \/>\n<meta property=\"og:description\" content=\"A 2D cutting head for a waterjet cutting machine works on X-Y axis to cut straight shapes accurately. The abrasive dosing system reduces abrasive spending.\" \/>\n<meta property=\"og:url\" content=\"https:\/\/resato-waterjet.com\/es\/producto\/2d-cabeza-de-corte\/\" \/>\n<meta property=\"og:site_name\" content=\"Resato Waterjet\" \/>\n<meta property=\"article:modified_time\" content=\"2024-01-22T11:54:21+00:00\" \/>\n<meta property=\"og:image\" content=\"https:\/\/resato-waterjet.com\/wp-content\/uploads\/2023\/01\/2D-close-up-right.jpg\" \/>\n\t<meta property=\"og:image:width\" content=\"760\" \/>\n\t<meta property=\"og:image:height\" content=\"400\" \/>\n\t<meta property=\"og:image:type\" content=\"image\/jpeg\" \/>\n<meta name=\"twitter:card\" content=\"summary_large_image\" \/>\n<meta name=\"twitter:label1\" content=\"Tiempo de lectura\" \/>\n\t<meta name=\"twitter:data1\" content=\"2 minutos\" \/>\n<script type=\"application\/ld+json\" class=\"yoast-schema-graph\">{\"@context\":\"https:\\\/\\\/schema.org\",\"@graph\":[{\"@type\":\"WebPage\",\"@id\":\"https:\\\/\\\/resato-waterjet.com\\\/es\\\/producto\\\/2d-cabeza-de-corte\\\/\",\"url\":\"https:\\\/\\\/resato-waterjet.com\\\/es\\\/producto\\\/2d-cabeza-de-corte\\\/\",\"name\":\"2D Cutting Head - Resato Waterjet\",\"isPartOf\":{\"@id\":\"https:\\\/\\\/resato-waterjet.com\\\/en\\\/#website\"},\"primaryImageOfPage\":{\"@id\":\"https:\\\/\\\/resato-waterjet.com\\\/es\\\/producto\\\/2d-cabeza-de-corte\\\/#primaryimage\"},\"image\":{\"@id\":\"https:\\\/\\\/resato-waterjet.com\\\/es\\\/producto\\\/2d-cabeza-de-corte\\\/#primaryimage\"},\"thumbnailUrl\":\"https:\\\/\\\/resato-waterjet.com\\\/wp-content\\\/uploads\\\/2023\\\/01\\\/2D-close-up-right.jpg\",\"datePublished\":\"2023-01-21T20:02:43+00:00\",\"dateModified\":\"2024-01-22T11:54:21+00:00\",\"description\":\"A 2D cutting head for a waterjet cutting machine works on X-Y axis to cut straight shapes accurately. The abrasive dosing system reduces abrasive spending.\",\"breadcrumb\":{\"@id\":\"https:\\\/\\\/resato-waterjet.com\\\/es\\\/producto\\\/2d-cabeza-de-corte\\\/#breadcrumb\"},\"inLanguage\":\"es\",\"potentialAction\":[{\"@type\":\"ReadAction\",\"target\":[\"https:\\\/\\\/resato-waterjet.com\\\/es\\\/producto\\\/2d-cabeza-de-corte\\\/\"]}]},{\"@type\":\"ImageObject\",\"inLanguage\":\"es\",\"@id\":\"https:\\\/\\\/resato-waterjet.com\\\/es\\\/producto\\\/2d-cabeza-de-corte\\\/#primaryimage\",\"url\":\"https:\\\/\\\/resato-waterjet.com\\\/wp-content\\\/uploads\\\/2023\\\/01\\\/2D-close-up-right.jpg\",\"contentUrl\":\"https:\\\/\\\/resato-waterjet.com\\\/wp-content\\\/uploads\\\/2023\\\/01\\\/2D-close-up-right.jpg\",\"width\":760,\"height\":400,\"caption\":\"2D Cutting Heads\"},{\"@type\":\"BreadcrumbList\",\"@id\":\"https:\\\/\\\/resato-waterjet.com\\\/es\\\/producto\\\/2d-cabeza-de-corte\\\/#breadcrumb\",\"itemListElement\":[{\"@type\":\"ListItem\",\"position\":1,\"name\":\"Home\",\"item\":\"https:\\\/\\\/resato-waterjet.com\\\/fr\\\/\"},{\"@type\":\"ListItem\",\"position\":2,\"name\":\"Machines and Services\",\"item\":\"https:\\\/\\\/resato-waterjet.com\\\/en\\\/machines-and-services\\\/\"},{\"@type\":\"ListItem\",\"position\":3,\"name\":\"2D Cutting Head\"}]},{\"@type\":\"WebSite\",\"@id\":\"https:\\\/\\\/resato-waterjet.com\\\/en\\\/#website\",\"url\":\"https:\\\/\\\/resato-waterjet.com\\\/en\\\/\",\"name\":\"Resato Waterjet\",\"description\":\"Creating Magic with Water\",\"publisher\":{\"@id\":\"https:\\\/\\\/resato-waterjet.com\\\/en\\\/#organization\"},\"alternateName\":\"Resato\",\"potentialAction\":[{\"@type\":\"SearchAction\",\"target\":{\"@type\":\"EntryPoint\",\"urlTemplate\":\"https:\\\/\\\/resato-waterjet.com\\\/en\\\/?s={search_term_string}\"},\"query-input\":{\"@type\":\"PropertyValueSpecification\",\"valueRequired\":true,\"valueName\":\"search_term_string\"}}],\"inLanguage\":\"es\"},{\"@type\":\"Organization\",\"@id\":\"https:\\\/\\\/resato-waterjet.com\\\/en\\\/#organization\",\"name\":\"Resato Waterjet\",\"alternateName\":\"Resato\",\"url\":\"https:\\\/\\\/resato-waterjet.com\\\/en\\\/\",\"logo\":{\"@type\":\"ImageObject\",\"inLanguage\":\"es\",\"@id\":\"https:\\\/\\\/resato-waterjet.com\\\/en\\\/#\\\/schema\\\/logo\\\/image\\\/\",\"url\":\"https:\\\/\\\/mlwy9mbbs62x.i.optimole.com\\\/w:auto\\\/h:auto\\\/q:mauto\\\/f:avif\\\/https:\\\/\\\/resato-waterjet.com\\\/wp-content\\\/uploads\\\/2023\\\/03\\\/cropped-Resato-YOutube-Logo.png\",\"contentUrl\":\"https:\\\/\\\/mlwy9mbbs62x.i.optimole.com\\\/w:auto\\\/h:auto\\\/q:mauto\\\/f:avif\\\/https:\\\/\\\/resato-waterjet.com\\\/wp-content\\\/uploads\\\/2023\\\/03\\\/cropped-Resato-YOutube-Logo.png\",\"width\":512,\"height\":512,\"caption\":\"Resato Waterjet\"},\"image\":{\"@id\":\"https:\\\/\\\/resato-waterjet.com\\\/en\\\/#\\\/schema\\\/logo\\\/image\\\/\"},\"sameAs\":[\"https:\\\/\\\/www.linkedin.com\\\/company\\\/resato-waterjet-technology\\\/\"]}]}<\/script>\n<!-- \/ Yoast SEO plugin. -->","yoast_head_json":{"title":"Cabezal de corte 2D - Resato Waterjet","description":"Un cabezal de corte 2D para una m\u00e1quina de corte por chorro de agua funciona en el eje X-Y para cortar formas rectas con precisi\u00f3n. El sistema de dosificaci\u00f3n de abrasivo reduce el gasto de abrasivo.","robots":{"index":"index","follow":"follow","max-snippet":"max-snippet:-1","max-image-preview":"max-image-preview:large","max-video-preview":"max-video-preview:-1"},"canonical":"https:\/\/resato-waterjet.com\/es\/producto\/2d-cabeza-de-corte\/","og_locale":"es_MX","og_type":"article","og_title":"2D Cutting Head - Resato Waterjet","og_description":"A 2D cutting head for a waterjet cutting machine works on X-Y axis to cut straight shapes accurately. The abrasive dosing system reduces abrasive spending.","og_url":"https:\/\/resato-waterjet.com\/es\/producto\/2d-cabeza-de-corte\/","og_site_name":"Resato Waterjet","article_modified_time":"2024-01-22T11:54:21+00:00","og_image":[{"width":760,"height":400,"url":"https:\/\/resato-waterjet.com\/wp-content\/uploads\/2023\/01\/2D-close-up-right.jpg","type":"image\/jpeg"}],"twitter_card":"summary_large_image","twitter_misc":{"Tiempo de lectura":"2 minutos"},"schema":{"@context":"https:\/\/schema.org","@graph":[{"@type":"WebPage","@id":"https:\/\/resato-waterjet.com\/es\/producto\/2d-cabeza-de-corte\/","url":"https:\/\/resato-waterjet.com\/es\/producto\/2d-cabeza-de-corte\/","name":"Cabezal de corte 2D - Resato Waterjet","isPartOf":{"@id":"https:\/\/resato-waterjet.com\/en\/#website"},"primaryImageOfPage":{"@id":"https:\/\/resato-waterjet.com\/es\/producto\/2d-cabeza-de-corte\/#primaryimage"},"image":{"@id":"https:\/\/resato-waterjet.com\/es\/producto\/2d-cabeza-de-corte\/#primaryimage"},"thumbnailUrl":"https:\/\/resato-waterjet.com\/wp-content\/uploads\/2023\/01\/2D-close-up-right.jpg","datePublished":"2023-01-21T20:02:43+00:00","dateModified":"2024-01-22T11:54:21+00:00","description":"Un cabezal de corte 2D para una m\u00e1quina de corte por chorro de agua funciona en el eje X-Y para cortar formas rectas con precisi\u00f3n. El sistema de dosificaci\u00f3n de abrasivo reduce el gasto de abrasivo.","breadcrumb":{"@id":"https:\/\/resato-waterjet.com\/es\/producto\/2d-cabeza-de-corte\/#breadcrumb"},"inLanguage":"es","potentialAction":[{"@type":"ReadAction","target":["https:\/\/resato-waterjet.com\/es\/producto\/2d-cabeza-de-corte\/"]}]},{"@type":"ImageObject","inLanguage":"es","@id":"https:\/\/resato-waterjet.com\/es\/producto\/2d-cabeza-de-corte\/#primaryimage","url":"https:\/\/resato-waterjet.com\/wp-content\/uploads\/2023\/01\/2D-close-up-right.jpg","contentUrl":"https:\/\/resato-waterjet.com\/wp-content\/uploads\/2023\/01\/2D-close-up-right.jpg","width":760,"height":400,"caption":"2D Cutting Heads"},{"@type":"BreadcrumbList","@id":"https:\/\/resato-waterjet.com\/es\/producto\/2d-cabeza-de-corte\/#breadcrumb","itemListElement":[{"@type":"ListItem","position":1,"name":"Home","item":"https:\/\/resato-waterjet.com\/fr\/"},{"@type":"ListItem","position":2,"name":"Machines and Services","item":"https:\/\/resato-waterjet.com\/en\/machines-and-services\/"},{"@type":"ListItem","position":3,"name":"2D Cutting Head"}]},{"@type":"WebSite","@id":"https:\/\/resato-waterjet.com\/en\/#website","url":"https:\/\/resato-waterjet.com\/en\/","name":"Resato Waterjet","description":"Crear magia con el agua","publisher":{"@id":"https:\/\/resato-waterjet.com\/en\/#organization"},"alternateName":"Resato","potentialAction":[{"@type":"SearchAction","target":{"@type":"EntryPoint","urlTemplate":"https:\/\/resato-waterjet.com\/en\/?s={search_term_string}"},"query-input":{"@type":"PropertyValueSpecification","valueRequired":true,"valueName":"search_term_string"}}],"inLanguage":"es"},{"@type":"Organization","@id":"https:\/\/resato-waterjet.com\/en\/#organization","name":"Resato Waterjet","alternateName":"Resato","url":"https:\/\/resato-waterjet.com\/en\/","logo":{"@type":"ImageObject","inLanguage":"es","@id":"https:\/\/resato-waterjet.com\/en\/#\/schema\/logo\/image\/","url":"https:\/\/mlwy9mbbs62x.i.optimole.com\/w:auto\/h:auto\/q:mauto\/f:avif\/https:\/\/resato-waterjet.com\/wp-content\/uploads\/2023\/03\/cropped-Resato-YOutube-Logo.png","contentUrl":"https:\/\/mlwy9mbbs62x.i.optimole.com\/w:auto\/h:auto\/q:mauto\/f:avif\/https:\/\/resato-waterjet.com\/wp-content\/uploads\/2023\/03\/cropped-Resato-YOutube-Logo.png","width":512,"height":512,"caption":"Resato Waterjet"},"image":{"@id":"https:\/\/resato-waterjet.com\/en\/#\/schema\/logo\/image\/"},"sameAs":["https:\/\/www.linkedin.com\/company\/resato-waterjet-technology\/"]}]}},"_links":{"self":[{"href":"https:\/\/resato-waterjet.com\/es\/wp-json\/wp\/v2\/product\/9099","targetHints":{"allow":["GET"]}}],"collection":[{"href":"https:\/\/resato-waterjet.com\/es\/wp-json\/wp\/v2\/product"}],"about":[{"href":"https:\/\/resato-waterjet.com\/es\/wp-json\/wp\/v2\/types\/product"}],"version-history":[{"count":5,"href":"https:\/\/resato-waterjet.com\/es\/wp-json\/wp\/v2\/product\/9099\/revisions"}],"predecessor-version":[{"id":10286,"href":"https:\/\/resato-waterjet.com\/es\/wp-json\/wp\/v2\/product\/9099\/revisions\/10286"}],"wp:featuredmedia":[{"embeddable":true,"href":"https:\/\/resato-waterjet.com\/es\/wp-json\/wp\/v2\/media\/9101"}],"wp:attachment":[{"href":"https:\/\/resato-waterjet.com\/es\/wp-json\/wp\/v2\/media?parent=9099"}],"wp:term":[{"taxonomy":"product_brand","embeddable":true,"href":"https:\/\/resato-waterjet.com\/es\/wp-json\/wp\/v2\/product_brand?post=9099"},{"taxonomy":"product_cat","embeddable":true,"href":"https:\/\/resato-waterjet.com\/es\/wp-json\/wp\/v2\/product_cat?post=9099"},{"taxonomy":"product_tag","embeddable":true,"href":"https:\/\/resato-waterjet.com\/es\/wp-json\/wp\/v2\/product_tag?post=9099"}],"curies":[{"name":"wp","href":"https:\/\/api.w.org\/{rel}","templated":true}]}}