{"id":9086,"date":"2023-01-21T19:26:41","date_gmt":"2023-01-21T19:26:41","guid":{"rendered":"https:\/\/resato-waterjet.com\/?post_type=product&#038;p=9086"},"modified":"2024-01-22T11:54:36","modified_gmt":"2024-01-22T11:54:36","slug":"acm-cutting-table-options","status":"publish","type":"product","link":"https:\/\/resato-waterjet.com\/es\/product\/acm-cutting-table-options\/","title":{"rendered":"Opciones de mesas de corte ACM"},"content":{"rendered":"<p><strong>UWC<\/strong><br \/>\nPuede instalarse un sistema semiautom\u00e1tico de control del nivel de agua en el interior del receptor para permitir un ajuste m\u00e1s r\u00e1pido del nivel de agua. El nivel de agua se ajusta y controla a trav\u00e9s de la HMI. Utilizando el control semiautom\u00e1tico del nivel de agua, las piezas pueden cortarse sumergidas, lo que reduce tanto el ruido como las salpicaduras de agua. La parte trasera de la recogedora est\u00e1 equipada con un \"reloj de aire\", que se maneja desde la consola del operario. El nivel de agua puede ajustarse aproximadamente desde 0 mm hasta unos 50 mm del lecho de corte.<\/p>\n<p>&nbsp;<\/p>\n<p><strong>Filtro en cascada<\/strong><br \/>\nEl filtro en cascada se coloca entre el rebosadero y el desag\u00fce del colector y est\u00e1 destinado a reducir los niveles en el agua de desag\u00fce de recortes de material y abrasivos.<\/p>\n<p>&nbsp;<\/p>\n<p class=\"translation-block\"><strong>Mando a distancia<\/strong><br>\r\nLa unidad de control remoto permite un manejo limitado de la m\u00e1quina lejos de la consola y controlar los movimientos del <a href=\"https:\/\/resato-waterjet.com\/es\/cabezales-de-corte\/\" target=\"_self\">cabezal de corte<\/a> dentro de la zona de seguridad de la m\u00e1quina. La unidad de control manual est\u00e1 pensada para permitir el movimiento seguro del cabezal de corte hasta la posici\u00f3n correcta, por ejemplo, para establecer una posici\u00f3n inicial que luego pueda adoptar la consola del operador. Una vez colocado el cabezal de corte, la m\u00e1quina puede manejarse desde la consola del operador para garantizar un entorno de trabajo seguro en todo momento.<\/p>","protected":false},"excerpt":{"rendered":"<p>Reduce el ruido y las salpicaduras de agua al cortar sumergido. Se puede instalar un sistema semiautom\u00e1tico de control del nivel de agua dentro del recogedor para permitir un ajuste m\u00e1s r\u00e1pido del nivel de agua.<\/p>","protected":false},"featured_media":9088,"template":"","meta":{"content-type":""},"product_brand":[],"product_cat":[121],"product_tag":[122],"class_list":{"0":"post-9086","1":"product","2":"type-product","3":"status-publish","4":"has-post-thumbnail","6":"product_cat-waterjet-cutting-machines","7":"product_tag-waterjet-cutting-machines","9":"first","10":"instock","11":"shipping-taxable","12":"product-type-external"},"yoast_head":"<!-- This site is optimized with the Yoast SEO plugin v27.3 - https:\/\/yoast.com\/product\/yoast-seo-wordpress\/ -->\n<title>ACM Cutting Table Options - Resato Waterjet<\/title>\n<meta name=\"description\" content=\"Are these ACM Cutting Table Options suitable for you? UWC, Cascade Filter, and remote control options are part of Resato&#039;s offerings.\" \/>\n<meta name=\"robots\" content=\"index, follow, max-snippet:-1, max-image-preview:large, max-video-preview:-1\" \/>\n<link rel=\"canonical\" href=\"https:\/\/resato-waterjet.com\/es\/producto\/acm-cutting-table-options\/\" \/>\n<meta property=\"og:locale\" content=\"es_MX\" \/>\n<meta property=\"og:type\" content=\"article\" \/>\n<meta property=\"og:title\" content=\"ACM Cutting Table Options - Resato Waterjet\" \/>\n<meta property=\"og:description\" content=\"Are these ACM Cutting Table Options suitable for you? UWC, Cascade Filter, and remote control options are part of Resato&#039;s offerings.\" \/>\n<meta property=\"og:url\" content=\"https:\/\/resato-waterjet.com\/es\/producto\/acm-cutting-table-options\/\" \/>\n<meta property=\"og:site_name\" content=\"Resato Waterjet\" \/>\n<meta property=\"article:modified_time\" content=\"2024-01-22T11:54:36+00:00\" \/>\n<meta property=\"og:image\" content=\"https:\/\/resato-waterjet.com\/wp-content\/uploads\/2023\/01\/Semi-automatic-water-level-control-system-option-for-cutting-table.jpg\" \/>\n\t<meta property=\"og:image:width\" content=\"760\" \/>\n\t<meta property=\"og:image:height\" content=\"400\" \/>\n\t<meta property=\"og:image:type\" content=\"image\/jpeg\" \/>\n<meta name=\"twitter:card\" content=\"summary_large_image\" \/>\n<meta name=\"twitter:label1\" content=\"Tiempo de lectura\" \/>\n\t<meta name=\"twitter:data1\" content=\"2 minutos\" \/>\n<script type=\"application\/ld+json\" class=\"yoast-schema-graph\">{\"@context\":\"https:\\\/\\\/schema.org\",\"@graph\":[{\"@type\":\"WebPage\",\"@id\":\"https:\\\/\\\/resato-waterjet.com\\\/es\\\/producto\\\/acm-cutting-table-options\\\/\",\"url\":\"https:\\\/\\\/resato-waterjet.com\\\/es\\\/producto\\\/acm-cutting-table-options\\\/\",\"name\":\"ACM Cutting Table Options - Resato Waterjet\",\"isPartOf\":{\"@id\":\"https:\\\/\\\/resato-waterjet.com\\\/en\\\/#website\"},\"primaryImageOfPage\":{\"@id\":\"https:\\\/\\\/resato-waterjet.com\\\/es\\\/producto\\\/acm-cutting-table-options\\\/#primaryimage\"},\"image\":{\"@id\":\"https:\\\/\\\/resato-waterjet.com\\\/es\\\/producto\\\/acm-cutting-table-options\\\/#primaryimage\"},\"thumbnailUrl\":\"https:\\\/\\\/resato-waterjet.com\\\/wp-content\\\/uploads\\\/2023\\\/01\\\/Semi-automatic-water-level-control-system-option-for-cutting-table.jpg\",\"datePublished\":\"2023-01-21T19:26:41+00:00\",\"dateModified\":\"2024-01-22T11:54:36+00:00\",\"description\":\"Are these ACM Cutting Table Options suitable for you? UWC, Cascade Filter, and remote control options are part of Resato's offerings.\",\"breadcrumb\":{\"@id\":\"https:\\\/\\\/resato-waterjet.com\\\/es\\\/producto\\\/acm-cutting-table-options\\\/#breadcrumb\"},\"inLanguage\":\"es\",\"potentialAction\":[{\"@type\":\"ReadAction\",\"target\":[\"https:\\\/\\\/resato-waterjet.com\\\/es\\\/producto\\\/acm-cutting-table-options\\\/\"]}]},{\"@type\":\"ImageObject\",\"inLanguage\":\"es\",\"@id\":\"https:\\\/\\\/resato-waterjet.com\\\/es\\\/producto\\\/acm-cutting-table-options\\\/#primaryimage\",\"url\":\"https:\\\/\\\/resato-waterjet.com\\\/wp-content\\\/uploads\\\/2023\\\/01\\\/Semi-automatic-water-level-control-system-option-for-cutting-table.jpg\",\"contentUrl\":\"https:\\\/\\\/resato-waterjet.com\\\/wp-content\\\/uploads\\\/2023\\\/01\\\/Semi-automatic-water-level-control-system-option-for-cutting-table.jpg\",\"width\":760,\"height\":400,\"caption\":\"ACM Cutting Table Options\"},{\"@type\":\"BreadcrumbList\",\"@id\":\"https:\\\/\\\/resato-waterjet.com\\\/es\\\/producto\\\/acm-cutting-table-options\\\/#breadcrumb\",\"itemListElement\":[{\"@type\":\"ListItem\",\"position\":1,\"name\":\"Home\",\"item\":\"https:\\\/\\\/resato-waterjet.com\\\/fr\\\/\"},{\"@type\":\"ListItem\",\"position\":2,\"name\":\"Machines and Services\",\"item\":\"https:\\\/\\\/resato-waterjet.com\\\/en\\\/machines-and-services\\\/\"},{\"@type\":\"ListItem\",\"position\":3,\"name\":\"ACM Cutting Table Options\"}]},{\"@type\":\"WebSite\",\"@id\":\"https:\\\/\\\/resato-waterjet.com\\\/en\\\/#website\",\"url\":\"https:\\\/\\\/resato-waterjet.com\\\/en\\\/\",\"name\":\"Resato Waterjet\",\"description\":\"Creating Magic with Water\",\"publisher\":{\"@id\":\"https:\\\/\\\/resato-waterjet.com\\\/en\\\/#organization\"},\"alternateName\":\"Resato\",\"potentialAction\":[{\"@type\":\"SearchAction\",\"target\":{\"@type\":\"EntryPoint\",\"urlTemplate\":\"https:\\\/\\\/resato-waterjet.com\\\/en\\\/?s={search_term_string}\"},\"query-input\":{\"@type\":\"PropertyValueSpecification\",\"valueRequired\":true,\"valueName\":\"search_term_string\"}}],\"inLanguage\":\"es\"},{\"@type\":\"Organization\",\"@id\":\"https:\\\/\\\/resato-waterjet.com\\\/en\\\/#organization\",\"name\":\"Resato Waterjet\",\"alternateName\":\"Resato\",\"url\":\"https:\\\/\\\/resato-waterjet.com\\\/en\\\/\",\"logo\":{\"@type\":\"ImageObject\",\"inLanguage\":\"es\",\"@id\":\"https:\\\/\\\/resato-waterjet.com\\\/en\\\/#\\\/schema\\\/logo\\\/image\\\/\",\"url\":\"https:\\\/\\\/mlwy9mbbs62x.i.optimole.com\\\/w:auto\\\/h:auto\\\/q:mauto\\\/f:avif\\\/https:\\\/\\\/resato-waterjet.com\\\/wp-content\\\/uploads\\\/2023\\\/03\\\/cropped-Resato-YOutube-Logo.png\",\"contentUrl\":\"https:\\\/\\\/mlwy9mbbs62x.i.optimole.com\\\/w:auto\\\/h:auto\\\/q:mauto\\\/f:avif\\\/https:\\\/\\\/resato-waterjet.com\\\/wp-content\\\/uploads\\\/2023\\\/03\\\/cropped-Resato-YOutube-Logo.png\",\"width\":512,\"height\":512,\"caption\":\"Resato Waterjet\"},\"image\":{\"@id\":\"https:\\\/\\\/resato-waterjet.com\\\/en\\\/#\\\/schema\\\/logo\\\/image\\\/\"},\"sameAs\":[\"https:\\\/\\\/www.linkedin.com\\\/company\\\/resato-waterjet-technology\\\/\"]}]}<\/script>\n<!-- \/ Yoast SEO plugin. -->","yoast_head_json":{"title":"Opciones de mesa de corte ACM - Resato Waterjet","description":"\u00bfLe convienen estas opciones de mesa de corte ACM? Las opciones de UWC, filtro en cascada y control remoto forman parte de la oferta de Resato.","robots":{"index":"index","follow":"follow","max-snippet":"max-snippet:-1","max-image-preview":"max-image-preview:large","max-video-preview":"max-video-preview:-1"},"canonical":"https:\/\/resato-waterjet.com\/es\/producto\/acm-cutting-table-options\/","og_locale":"es_MX","og_type":"article","og_title":"ACM Cutting Table Options - Resato Waterjet","og_description":"Are these ACM Cutting Table Options suitable for you? UWC, Cascade Filter, and remote control options are part of Resato's offerings.","og_url":"https:\/\/resato-waterjet.com\/es\/producto\/acm-cutting-table-options\/","og_site_name":"Resato Waterjet","article_modified_time":"2024-01-22T11:54:36+00:00","og_image":[{"width":760,"height":400,"url":"https:\/\/resato-waterjet.com\/wp-content\/uploads\/2023\/01\/Semi-automatic-water-level-control-system-option-for-cutting-table.jpg","type":"image\/jpeg"}],"twitter_card":"summary_large_image","twitter_misc":{"Tiempo de lectura":"2 minutos"},"schema":{"@context":"https:\/\/schema.org","@graph":[{"@type":"WebPage","@id":"https:\/\/resato-waterjet.com\/es\/producto\/acm-cutting-table-options\/","url":"https:\/\/resato-waterjet.com\/es\/producto\/acm-cutting-table-options\/","name":"Opciones de mesa de corte ACM - Resato Waterjet","isPartOf":{"@id":"https:\/\/resato-waterjet.com\/en\/#website"},"primaryImageOfPage":{"@id":"https:\/\/resato-waterjet.com\/es\/producto\/acm-cutting-table-options\/#primaryimage"},"image":{"@id":"https:\/\/resato-waterjet.com\/es\/producto\/acm-cutting-table-options\/#primaryimage"},"thumbnailUrl":"https:\/\/resato-waterjet.com\/wp-content\/uploads\/2023\/01\/Semi-automatic-water-level-control-system-option-for-cutting-table.jpg","datePublished":"2023-01-21T19:26:41+00:00","dateModified":"2024-01-22T11:54:36+00:00","description":"\u00bfLe convienen estas opciones de mesa de corte ACM? Las opciones de UWC, filtro en cascada y control remoto forman parte de la oferta de Resato.","breadcrumb":{"@id":"https:\/\/resato-waterjet.com\/es\/producto\/acm-cutting-table-options\/#breadcrumb"},"inLanguage":"es","potentialAction":[{"@type":"ReadAction","target":["https:\/\/resato-waterjet.com\/es\/producto\/acm-cutting-table-options\/"]}]},{"@type":"ImageObject","inLanguage":"es","@id":"https:\/\/resato-waterjet.com\/es\/producto\/acm-cutting-table-options\/#primaryimage","url":"https:\/\/resato-waterjet.com\/wp-content\/uploads\/2023\/01\/Semi-automatic-water-level-control-system-option-for-cutting-table.jpg","contentUrl":"https:\/\/resato-waterjet.com\/wp-content\/uploads\/2023\/01\/Semi-automatic-water-level-control-system-option-for-cutting-table.jpg","width":760,"height":400,"caption":"ACM Cutting Table Options"},{"@type":"BreadcrumbList","@id":"https:\/\/resato-waterjet.com\/es\/producto\/acm-cutting-table-options\/#breadcrumb","itemListElement":[{"@type":"ListItem","position":1,"name":"Home","item":"https:\/\/resato-waterjet.com\/fr\/"},{"@type":"ListItem","position":2,"name":"Machines and Services","item":"https:\/\/resato-waterjet.com\/en\/machines-and-services\/"},{"@type":"ListItem","position":3,"name":"ACM Cutting Table Options"}]},{"@type":"WebSite","@id":"https:\/\/resato-waterjet.com\/en\/#website","url":"https:\/\/resato-waterjet.com\/en\/","name":"Resato Waterjet","description":"Crear magia con el agua","publisher":{"@id":"https:\/\/resato-waterjet.com\/en\/#organization"},"alternateName":"Resato","potentialAction":[{"@type":"SearchAction","target":{"@type":"EntryPoint","urlTemplate":"https:\/\/resato-waterjet.com\/en\/?s={search_term_string}"},"query-input":{"@type":"PropertyValueSpecification","valueRequired":true,"valueName":"search_term_string"}}],"inLanguage":"es"},{"@type":"Organization","@id":"https:\/\/resato-waterjet.com\/en\/#organization","name":"Resato Waterjet","alternateName":"Resato","url":"https:\/\/resato-waterjet.com\/en\/","logo":{"@type":"ImageObject","inLanguage":"es","@id":"https:\/\/resato-waterjet.com\/en\/#\/schema\/logo\/image\/","url":"https:\/\/mlwy9mbbs62x.i.optimole.com\/w:auto\/h:auto\/q:mauto\/f:avif\/https:\/\/resato-waterjet.com\/wp-content\/uploads\/2023\/03\/cropped-Resato-YOutube-Logo.png","contentUrl":"https:\/\/mlwy9mbbs62x.i.optimole.com\/w:auto\/h:auto\/q:mauto\/f:avif\/https:\/\/resato-waterjet.com\/wp-content\/uploads\/2023\/03\/cropped-Resato-YOutube-Logo.png","width":512,"height":512,"caption":"Resato Waterjet"},"image":{"@id":"https:\/\/resato-waterjet.com\/en\/#\/schema\/logo\/image\/"},"sameAs":["https:\/\/www.linkedin.com\/company\/resato-waterjet-technology\/"]}]}},"_links":{"self":[{"href":"https:\/\/resato-waterjet.com\/es\/wp-json\/wp\/v2\/product\/9086","targetHints":{"allow":["GET"]}}],"collection":[{"href":"https:\/\/resato-waterjet.com\/es\/wp-json\/wp\/v2\/product"}],"about":[{"href":"https:\/\/resato-waterjet.com\/es\/wp-json\/wp\/v2\/types\/product"}],"version-history":[{"count":2,"href":"https:\/\/resato-waterjet.com\/es\/wp-json\/wp\/v2\/product\/9086\/revisions"}],"predecessor-version":[{"id":10827,"href":"https:\/\/resato-waterjet.com\/es\/wp-json\/wp\/v2\/product\/9086\/revisions\/10827"}],"wp:featuredmedia":[{"embeddable":true,"href":"https:\/\/resato-waterjet.com\/es\/wp-json\/wp\/v2\/media\/9088"}],"wp:attachment":[{"href":"https:\/\/resato-waterjet.com\/es\/wp-json\/wp\/v2\/media?parent=9086"}],"wp:term":[{"taxonomy":"product_brand","embeddable":true,"href":"https:\/\/resato-waterjet.com\/es\/wp-json\/wp\/v2\/product_brand?post=9086"},{"taxonomy":"product_cat","embeddable":true,"href":"https:\/\/resato-waterjet.com\/es\/wp-json\/wp\/v2\/product_cat?post=9086"},{"taxonomy":"product_tag","embeddable":true,"href":"https:\/\/resato-waterjet.com\/es\/wp-json\/wp\/v2\/product_tag?post=9086"}],"curies":[{"name":"wp","href":"https:\/\/api.w.org\/{rel}","templated":true}]}}