{"id":9083,"date":"2023-01-21T19:22:14","date_gmt":"2023-01-21T19:22:14","guid":{"rendered":"https:\/\/resato-waterjet.com\/?post_type=product&#038;p=9083"},"modified":"2025-09-26T08:31:17","modified_gmt":"2025-09-26T08:31:17","slug":"zona-flexible","status":"publish","type":"product","link":"https:\/\/resato-waterjet.com\/es\/product\/flex-zone\/","title":{"rendered":"Flex-Zone"},"content":{"rendered":"<p><strong>Flex-Zone M\u00e1s eficiencia en un entorno seguro<\/strong><\/p>\n<p class=\"translation-block\"><a href=\"https:\/\/www.youtube.com\/watch?v=jnt5C1iBW9U\" target=\"_self\">Mientras que antes la mesa era inalcanzable<\/a> durante el corte, con la Flex-Zone ahora puede cargarse y descargarse libremente y con seguridad durante el proceso de corte. Los tiempos de inactividad se reducen al m\u00ednimo y se optimiza la producci\u00f3n y el tiempo de trabajo del operario.<\/p>\n<p class=\"translation-block\">Normalmente, las cortinas de luz se colocan alrededor de las <a href=\"https:\/\/resato-waterjet.com\/es\/mesas-de-corte\/\" target=\"_self\">mesas de corte<\/a>, garantizando la seguridad de los operarios. Con la Resato ACM Flex-Zone, el dispositivo de seguridad est\u00e1 montado en el propio puente. Se mueve junto con la zona de trabajo del cabezal de corte. La Flex-Zone crea zonas de trabajo flexibles y accesibles en la mesa de corte durante el corte. De este modo, los operarios pueden acceder a la mesa durante el proceso de corte.<\/p>\n<p>&nbsp;<\/p>\n<p><iframe loading=\"lazy\" title=\"Resato - ACM Flex-zone\" width=\"1300\" height=\"731\" src=\"https:\/\/www.youtube.com\/embed\/jnt5C1iBW9U?feature=oembed\" frameborder=\"0\" allow=\"accelerometer; autoplay; clipboard-write; encrypted-media; gyroscope; picture-in-picture; web-share\" referrerpolicy=\"strict-origin-when-cross-origin\" allowfullscreen><\/iframe><\/p>\n<p>&nbsp;<\/p>\n<p class=\"translation-block\"><strong>Funcionamiento<\/strong><br>\r\nLa ACM Flex-Zone implementa una cortina de luz delantera y trasera alrededor del p\u00f3rtico a una distancia espec\u00edfica del cabezal de corte y del p\u00f3rtico. Al cruzar esta cortina de luz mientras la m\u00e1quina est\u00e1 en funcionamiento, se produce una parada directa del cabezal de corte y los servomotores y se ofrece una aproximaci\u00f3n segura a los elementos del p\u00f3rtico.<\/p>\n<p>La consola permite liberar la zona protegida con unos pocos clics y reanudar el trabajo de corte. Mientras el trabajo de corte est\u00e1 activo, el operario puede cargar\/descargar fuera de la zona de seguridad.<\/p>","protected":false},"excerpt":{"rendered":"<p>La Flex-Zone de ACM: M\u00e1s eficiencia en un entorno seguro<\/p>\n<ul>\n<li>Proceso de corte m\u00e1s eficaz<\/li>\n<li>Operaci\u00f3n no tripulada<\/li>\n<li>Entorno de trabajo m\u00e1s limpio<\/li>\n<\/ul>","protected":false},"featured_media":9085,"template":"","meta":{"content-type":""},"product_brand":[],"product_cat":[121],"product_tag":[122],"class_list":{"0":"post-9083","1":"product","2":"type-product","3":"status-publish","4":"has-post-thumbnail","6":"product_cat-waterjet-cutting-machines","7":"product_tag-waterjet-cutting-machines","9":"first","10":"instock","11":"shipping-taxable","12":"product-type-external"},"yoast_head":"<!-- This site is optimized with the Yoast SEO plugin v27.5 - https:\/\/yoast.com\/product\/yoast-seo-wordpress\/ -->\n<title>Flex-Zone - Resato Waterjet<\/title>\n<meta name=\"description\" content=\"The ACM Flex-Zone implements a front and back light curtain around the gantry at a specific distance to the cutting head and gantry.\" \/>\n<meta name=\"robots\" content=\"index, follow, max-snippet:-1, max-image-preview:large, max-video-preview:-1\" \/>\n<link rel=\"canonical\" href=\"https:\/\/resato-waterjet.com\/es\/producto\/zona-flexible\/\" \/>\n<meta property=\"og:locale\" content=\"es_MX\" \/>\n<meta property=\"og:type\" content=\"article\" \/>\n<meta property=\"og:title\" content=\"Flex-Zone - Resato Waterjet\" \/>\n<meta property=\"og:description\" content=\"The ACM Flex-Zone implements a front and back light curtain around the gantry at a specific distance to the cutting head and gantry.\" \/>\n<meta property=\"og:url\" content=\"https:\/\/resato-waterjet.com\/es\/producto\/zona-flexible\/\" \/>\n<meta property=\"og:site_name\" content=\"Resato Waterjet\" \/>\n<meta property=\"article:modified_time\" content=\"2025-09-26T08:31:17+00:00\" \/>\n<meta property=\"og:image\" content=\"https:\/\/resato-waterjet.com\/wp-content\/uploads\/2023\/01\/Flexzone-option-render-1-e1758875453336.png\" \/>\n\t<meta property=\"og:image:width\" content=\"1920\" \/>\n\t<meta property=\"og:image:height\" content=\"1011\" \/>\n\t<meta property=\"og:image:type\" content=\"image\/png\" \/>\n<meta name=\"twitter:card\" content=\"summary_large_image\" \/>\n<meta name=\"twitter:label1\" content=\"Tiempo de lectura\" \/>\n\t<meta name=\"twitter:data1\" content=\"2 minutos\" \/>\n<script type=\"application\/ld+json\" class=\"yoast-schema-graph\">{\"@context\":\"https:\\\/\\\/schema.org\",\"@graph\":[{\"@type\":\"WebPage\",\"@id\":\"https:\\\/\\\/resato-waterjet.com\\\/en\\\/product\\\/flex-zone\\\/\",\"url\":\"https:\\\/\\\/resato-waterjet.com\\\/en\\\/product\\\/flex-zone\\\/\",\"name\":\"Flex-Zone - Resato Waterjet\",\"isPartOf\":{\"@id\":\"https:\\\/\\\/resato-waterjet.com\\\/en\\\/#website\"},\"primaryImageOfPage\":{\"@id\":\"https:\\\/\\\/resato-waterjet.com\\\/en\\\/product\\\/flex-zone\\\/#primaryimage\"},\"image\":{\"@id\":\"https:\\\/\\\/resato-waterjet.com\\\/en\\\/product\\\/flex-zone\\\/#primaryimage\"},\"thumbnailUrl\":\"https:\\\/\\\/resato-waterjet.com\\\/wp-content\\\/uploads\\\/2023\\\/01\\\/Flexzone-option-render-1-e1758875453336.png\",\"datePublished\":\"2023-01-21T19:22:14+00:00\",\"dateModified\":\"2025-09-26T08:31:17+00:00\",\"description\":\"The ACM Flex-Zone implements a front and back light curtain around the gantry at a specific distance to the cutting head and gantry.\",\"breadcrumb\":{\"@id\":\"https:\\\/\\\/resato-waterjet.com\\\/en\\\/product\\\/flex-zone\\\/#breadcrumb\"},\"inLanguage\":\"es\",\"potentialAction\":[{\"@type\":\"ReadAction\",\"target\":[\"https:\\\/\\\/resato-waterjet.com\\\/en\\\/product\\\/flex-zone\\\/\"]}]},{\"@type\":\"ImageObject\",\"inLanguage\":\"es\",\"@id\":\"https:\\\/\\\/resato-waterjet.com\\\/en\\\/product\\\/flex-zone\\\/#primaryimage\",\"url\":\"https:\\\/\\\/resato-waterjet.com\\\/wp-content\\\/uploads\\\/2023\\\/01\\\/Flexzone-option-render-1-e1758875453336.png\",\"contentUrl\":\"https:\\\/\\\/resato-waterjet.com\\\/wp-content\\\/uploads\\\/2023\\\/01\\\/Flexzone-option-render-1-e1758875453336.png\",\"width\":1920,\"height\":1011,\"caption\":\"Flex-zone\"},{\"@type\":\"BreadcrumbList\",\"@id\":\"https:\\\/\\\/resato-waterjet.com\\\/en\\\/product\\\/flex-zone\\\/#breadcrumb\",\"itemListElement\":[{\"@type\":\"ListItem\",\"position\":1,\"name\":\"Home\",\"item\":\"https:\\\/\\\/resato-waterjet.com\\\/fr\\\/\"},{\"@type\":\"ListItem\",\"position\":2,\"name\":\"Machines and Services\",\"item\":\"https:\\\/\\\/resato-waterjet.com\\\/en\\\/machines-and-services\\\/\"},{\"@type\":\"ListItem\",\"position\":3,\"name\":\"Flex-Zone\"}]},{\"@type\":\"WebSite\",\"@id\":\"https:\\\/\\\/resato-waterjet.com\\\/en\\\/#website\",\"url\":\"https:\\\/\\\/resato-waterjet.com\\\/en\\\/\",\"name\":\"Resato Waterjet\",\"description\":\"Creating Magic with Water\",\"publisher\":{\"@id\":\"https:\\\/\\\/resato-waterjet.com\\\/en\\\/#organization\"},\"alternateName\":\"Resato\",\"potentialAction\":[{\"@type\":\"SearchAction\",\"target\":{\"@type\":\"EntryPoint\",\"urlTemplate\":\"https:\\\/\\\/resato-waterjet.com\\\/en\\\/?s={search_term_string}\"},\"query-input\":{\"@type\":\"PropertyValueSpecification\",\"valueRequired\":true,\"valueName\":\"search_term_string\"}}],\"inLanguage\":\"es\"},{\"@type\":\"Organization\",\"@id\":\"https:\\\/\\\/resato-waterjet.com\\\/en\\\/#organization\",\"name\":\"Resato Waterjet\",\"alternateName\":\"Resato\",\"url\":\"https:\\\/\\\/resato-waterjet.com\\\/en\\\/\",\"logo\":{\"@type\":\"ImageObject\",\"inLanguage\":\"es\",\"@id\":\"https:\\\/\\\/resato-waterjet.com\\\/en\\\/#\\\/schema\\\/logo\\\/image\\\/\",\"url\":\"https:\\\/\\\/mlwy9mbbs62x.i.optimole.com\\\/w:auto\\\/h:auto\\\/q:mauto\\\/f:avif\\\/https:\\\/\\\/resato-waterjet.com\\\/wp-content\\\/uploads\\\/2023\\\/03\\\/cropped-Resato-YOutube-Logo.png\",\"contentUrl\":\"https:\\\/\\\/mlwy9mbbs62x.i.optimole.com\\\/w:auto\\\/h:auto\\\/q:mauto\\\/f:avif\\\/https:\\\/\\\/resato-waterjet.com\\\/wp-content\\\/uploads\\\/2023\\\/03\\\/cropped-Resato-YOutube-Logo.png\",\"width\":512,\"height\":512,\"caption\":\"Resato Waterjet\"},\"image\":{\"@id\":\"https:\\\/\\\/resato-waterjet.com\\\/en\\\/#\\\/schema\\\/logo\\\/image\\\/\"},\"sameAs\":[\"https:\\\/\\\/www.linkedin.com\\\/company\\\/resato-waterjet-technology\\\/\"]}]}<\/script>\n<!-- \/ Yoast SEO plugin. -->","yoast_head_json":{"title":"Flex-Zone - Resato Waterjet","description":"La ACM Flex-Zone implementa una cortina de luz delantera y trasera alrededor del p\u00f3rtico a una distancia espec\u00edfica del cabezal de corte y del p\u00f3rtico.","robots":{"index":"index","follow":"follow","max-snippet":"max-snippet:-1","max-image-preview":"max-image-preview:large","max-video-preview":"max-video-preview:-1"},"canonical":"https:\/\/resato-waterjet.com\/es\/producto\/zona-flexible\/","og_locale":"es_MX","og_type":"article","og_title":"Flex-Zone - Resato Waterjet","og_description":"The ACM Flex-Zone implements a front and back light curtain around the gantry at a specific distance to the cutting head and gantry.","og_url":"https:\/\/resato-waterjet.com\/es\/producto\/zona-flexible\/","og_site_name":"Resato Waterjet","article_modified_time":"2025-09-26T08:31:17+00:00","og_image":[{"width":1920,"height":1011,"url":"https:\/\/resato-waterjet.com\/wp-content\/uploads\/2023\/01\/Flexzone-option-render-1-e1758875453336.png","type":"image\/png"}],"twitter_card":"summary_large_image","twitter_misc":{"Tiempo de lectura":"2 minutos"},"schema":{"@context":"https:\/\/schema.org","@graph":[{"@type":"WebPage","@id":"https:\/\/resato-waterjet.com\/en\/product\/flex-zone\/","url":"https:\/\/resato-waterjet.com\/en\/product\/flex-zone\/","name":"Flex-Zone - Resato Waterjet","isPartOf":{"@id":"https:\/\/resato-waterjet.com\/en\/#website"},"primaryImageOfPage":{"@id":"https:\/\/resato-waterjet.com\/en\/product\/flex-zone\/#primaryimage"},"image":{"@id":"https:\/\/resato-waterjet.com\/en\/product\/flex-zone\/#primaryimage"},"thumbnailUrl":"https:\/\/resato-waterjet.com\/wp-content\/uploads\/2023\/01\/Flexzone-option-render-1-e1758875453336.png","datePublished":"2023-01-21T19:22:14+00:00","dateModified":"2025-09-26T08:31:17+00:00","description":"La ACM Flex-Zone implementa una cortina de luz delantera y trasera alrededor del p\u00f3rtico a una distancia espec\u00edfica del cabezal de corte y del p\u00f3rtico.","breadcrumb":{"@id":"https:\/\/resato-waterjet.com\/en\/product\/flex-zone\/#breadcrumb"},"inLanguage":"es","potentialAction":[{"@type":"ReadAction","target":["https:\/\/resato-waterjet.com\/en\/product\/flex-zone\/"]}]},{"@type":"ImageObject","inLanguage":"es","@id":"https:\/\/resato-waterjet.com\/en\/product\/flex-zone\/#primaryimage","url":"https:\/\/resato-waterjet.com\/wp-content\/uploads\/2023\/01\/Flexzone-option-render-1-e1758875453336.png","contentUrl":"https:\/\/resato-waterjet.com\/wp-content\/uploads\/2023\/01\/Flexzone-option-render-1-e1758875453336.png","width":1920,"height":1011,"caption":"Flex-zone"},{"@type":"BreadcrumbList","@id":"https:\/\/resato-waterjet.com\/en\/product\/flex-zone\/#breadcrumb","itemListElement":[{"@type":"ListItem","position":1,"name":"Home","item":"https:\/\/resato-waterjet.com\/fr\/"},{"@type":"ListItem","position":2,"name":"Machines and Services","item":"https:\/\/resato-waterjet.com\/en\/machines-and-services\/"},{"@type":"ListItem","position":3,"name":"Flex-Zone"}]},{"@type":"WebSite","@id":"https:\/\/resato-waterjet.com\/en\/#website","url":"https:\/\/resato-waterjet.com\/en\/","name":"Resato Waterjet","description":"Crear magia con el agua","publisher":{"@id":"https:\/\/resato-waterjet.com\/en\/#organization"},"alternateName":"Resato","potentialAction":[{"@type":"SearchAction","target":{"@type":"EntryPoint","urlTemplate":"https:\/\/resato-waterjet.com\/en\/?s={search_term_string}"},"query-input":{"@type":"PropertyValueSpecification","valueRequired":true,"valueName":"search_term_string"}}],"inLanguage":"es"},{"@type":"Organization","@id":"https:\/\/resato-waterjet.com\/en\/#organization","name":"Resato Waterjet","alternateName":"Resato","url":"https:\/\/resato-waterjet.com\/en\/","logo":{"@type":"ImageObject","inLanguage":"es","@id":"https:\/\/resato-waterjet.com\/en\/#\/schema\/logo\/image\/","url":"https:\/\/mlwy9mbbs62x.i.optimole.com\/w:auto\/h:auto\/q:mauto\/f:avif\/https:\/\/resato-waterjet.com\/wp-content\/uploads\/2023\/03\/cropped-Resato-YOutube-Logo.png","contentUrl":"https:\/\/mlwy9mbbs62x.i.optimole.com\/w:auto\/h:auto\/q:mauto\/f:avif\/https:\/\/resato-waterjet.com\/wp-content\/uploads\/2023\/03\/cropped-Resato-YOutube-Logo.png","width":512,"height":512,"caption":"Resato Waterjet"},"image":{"@id":"https:\/\/resato-waterjet.com\/en\/#\/schema\/logo\/image\/"},"sameAs":["https:\/\/www.linkedin.com\/company\/resato-waterjet-technology\/"]}]}},"_links":{"self":[{"href":"https:\/\/resato-waterjet.com\/es\/wp-json\/wp\/v2\/product\/9083","targetHints":{"allow":["GET"]}}],"collection":[{"href":"https:\/\/resato-waterjet.com\/es\/wp-json\/wp\/v2\/product"}],"about":[{"href":"https:\/\/resato-waterjet.com\/es\/wp-json\/wp\/v2\/types\/product"}],"version-history":[{"count":3,"href":"https:\/\/resato-waterjet.com\/es\/wp-json\/wp\/v2\/product\/9083\/revisions"}],"predecessor-version":[{"id":10828,"href":"https:\/\/resato-waterjet.com\/es\/wp-json\/wp\/v2\/product\/9083\/revisions\/10828"}],"wp:featuredmedia":[{"embeddable":true,"href":"https:\/\/resato-waterjet.com\/es\/wp-json\/wp\/v2\/media\/9085"}],"wp:attachment":[{"href":"https:\/\/resato-waterjet.com\/es\/wp-json\/wp\/v2\/media?parent=9083"}],"wp:term":[{"taxonomy":"product_brand","embeddable":true,"href":"https:\/\/resato-waterjet.com\/es\/wp-json\/wp\/v2\/product_brand?post=9083"},{"taxonomy":"product_cat","embeddable":true,"href":"https:\/\/resato-waterjet.com\/es\/wp-json\/wp\/v2\/product_cat?post=9083"},{"taxonomy":"product_tag","embeddable":true,"href":"https:\/\/resato-waterjet.com\/es\/wp-json\/wp\/v2\/product_tag?post=9083"}],"curies":[{"name":"wp","href":"https:\/\/api.w.org\/{rel}","templated":true}]}}