{"id":9080,"date":"2023-01-21T18:39:32","date_gmt":"2023-01-21T18:39:32","guid":{"rendered":"https:\/\/resato-waterjet.com\/?post_type=product&#038;p=9080"},"modified":"2025-09-26T08:38:01","modified_gmt":"2025-09-26T08:38:01","slug":"maquina-de-corte-por-chorro-de-agua-acm","status":"publish","type":"product","link":"https:\/\/resato-waterjet.com\/es\/product\/acm-waterjet-cutting-machine\/","title":{"rendered":"ACM M\u00e1quina de corte por chorro de agua"},"content":{"rendered":"<p>La mesa de corte por chorro de agua ACM se compone de una estructura de acero de precisi\u00f3n que incorpora motores lineales de accionamiento directo en cada uno de los dos ejes principales. Para alcanzar la precisi\u00f3n requerida, el puente y la placa de carro autopropulsada est\u00e1n accionados por un motor lineal de accionamiento directo en cada lado. El resultado es una gama de velocidades de 1 a 30.000 mm\/min.<\/p>\n<p>El uso de estos componentes y construcci\u00f3n permite a la instalaci\u00f3n alcanzar una precisi\u00f3n de posicionamiento repetible de =\/- 50. (a 20 \u00b0C) en todo el rango de la m\u00e1quina. Los carriles-gu\u00eda y los accionamientos est\u00e1n convenientemente protegidos del agua y los abrasivos mediante fuelles y chapas protectoras de acero inoxidable.<\/p>\n<p>&nbsp;<\/p>\n<p><strong>Producci\u00f3n no tripulada<\/strong><br \/>\nGracias al control autom\u00e1tico de la bomba de alta presi\u00f3n PJ, los alimentadores de abrasivo y los par\u00e1metros del proceso, no es necesaria una supervisi\u00f3n permanente durante el proceso de corte. Los chorros de agua Resato est\u00e1n equipados con una funci\u00f3n de parada autom\u00e1tica que se activa una vez finalizada la tarea de corte. Esto significa que todas las unidades actuar\u00e1n en modo de espera o se apagar\u00e1n y apenas se necesitar\u00e1 energ\u00eda.<\/p>\n<p>&nbsp;<\/p>\n<table style=\"height: 357px;\" width=\"741\">\n<tbody>\n<tr>\n<td width=\"98\">Tipo de m\u00e1quina<\/td>\n<td width=\"115\">Alcance de corte neto<\/td>\n<td width=\"104\">\u00a0Tipo de m\u00e1quina<\/td>\n<td width=\"223\">Alcance de corte neto por cabezal de corte<\/td>\n<\/tr>\n<tr>\n<td>1 cabezal de corte<\/td>\n<td>en 2D 2<\/td>\n<td>2 cabezales de corte<\/td>\n<td>en 2D 2<\/td>\n<\/tr>\n<tr>\n<td>ACM 2015-1<\/td>\n<td>2020\u00d71520 mm<\/td>\n<td>ACM 2015-2<\/td>\n<td>1670\u00d71520 mm<\/td>\n<\/tr>\n<tr>\n<td>ACM 2040-1<\/td>\n<td>2020\u00d74020 mm<\/td>\n<td>ACM 2040-2<\/td>\n<td>1670\u00d74020 mm<\/td>\n<\/tr>\n<tr>\n<td>ACM 2060-1<\/td>\n<td>2020\u00d76020 mm<\/td>\n<td>ACM 2060-2<\/td>\n<td>1670\u00d76020 mm<\/td>\n<\/tr>\n<tr>\n<td>ACM 3015-1<\/td>\n<td>3020\u00d71520 mm<\/td>\n<td>ACM 3015-2<\/td>\n<td>3020\u00d71520 mm<\/td>\n<\/tr>\n<tr>\n<td>ACM 3030-1<\/td>\n<td>3020\u00d73020 mm<\/td>\n<td>ACM 3030-2<\/td>\n<td>3020\u00d73020 mm<\/td>\n<\/tr>\n<tr>\n<td>ACM 3040-1<\/td>\n<td>3020\u00d74020 mm<\/td>\n<td>ACM 3040-2<\/td>\n<td>3020\u00d74020 mm<\/td>\n<\/tr>\n<tr>\n<td>ACM 3060-1<\/td>\n<td>3020\u00d76020 mm<\/td>\n<td>ACM 3060-2<\/td>\n<td>3020\u00d76020 mm<\/td>\n<\/tr>\n<tr>\n<td>ACM 3080-1<\/td>\n<td>3020\u00d78020 mm<\/td>\n<td>ACM 3080-2<\/td>\n<td>3020\u00d78020 mm<\/td>\n<\/tr>\n<tr>\n<td>ACM 30100-1<\/td>\n<td>3020\u00d710020 mm<\/td>\n<td>ACM 30100-2<\/td>\n<td>3020\u00d710020 mm<\/td>\n<\/tr>\n<\/tbody>\n<\/table>\n<p>&nbsp;<\/p>","protected":false},"excerpt":{"rendered":"<p><strong>Los motores lineales de accionamiento directo garantizan:<\/strong><\/p>\n<ul>\n<li>Mejor comportamiento de corte y precisi\u00f3n de repetici\u00f3n absoluta (sin necesidad de retroceso) del cabezal de corte en comparaci\u00f3n con las transiciones mec\u00e1nicas tradicionales mediante husillo, pi\u00f1\u00f3n, cremallera y engranajes.<\/li>\n<li>Bajo mantenimiento gracias al principio sin contacto, combinado con un consumo de piezas de desgaste muy reducido.<\/li>\n<li>Amplia gama de velocidad de corte y de avance, ajustable de muy baja a muy alta<\/li>\n<li>La r\u00e1pida respuesta permite cambiar r\u00e1pidamente la velocidad de corte<\/li>\n<\/ul>","protected":false},"featured_media":11267,"template":"","meta":{"content-type":""},"product_brand":[],"product_cat":[121],"product_tag":[122],"class_list":{"0":"post-9080","1":"product","2":"type-product","3":"status-publish","4":"has-post-thumbnail","6":"product_cat-waterjet-cutting-machines","7":"product_tag-waterjet-cutting-machines","9":"first","10":"instock","11":"shipping-taxable","12":"product-type-external"},"yoast_head":"<!-- This site is optimized with the Yoast SEO plugin v27.4 - https:\/\/yoast.com\/product\/yoast-seo-wordpress\/ -->\n<title>ACM Waterjet cutting machine - Resato Waterjet<\/title>\n<meta name=\"description\" content=\"The ACM Waterjet cutting table comprises a precision-built steel construction embodying linear direct-drive motors on each of the two main axes.\" \/>\n<meta name=\"robots\" content=\"index, follow, max-snippet:-1, max-image-preview:large, max-video-preview:-1\" \/>\n<link rel=\"canonical\" href=\"https:\/\/resato-waterjet.com\/es\/producto\/maquina-de-corte-por-chorro-de-agua-acm\/\" \/>\n<meta property=\"og:locale\" content=\"es_MX\" \/>\n<meta property=\"og:type\" content=\"article\" \/>\n<meta property=\"og:title\" content=\"ACM Waterjet cutting machine - Resato Waterjet\" \/>\n<meta property=\"og:description\" content=\"The ACM Waterjet cutting table comprises a precision-built steel construction embodying linear direct-drive motors on each of the two main axes.\" \/>\n<meta property=\"og:url\" content=\"https:\/\/resato-waterjet.com\/es\/producto\/maquina-de-corte-por-chorro-de-agua-acm\/\" \/>\n<meta property=\"og:site_name\" content=\"Resato Waterjet\" \/>\n<meta property=\"article:modified_time\" content=\"2025-09-26T08:38:01+00:00\" \/>\n<meta property=\"og:image\" content=\"https:\/\/resato-waterjet.com\/wp-content\/uploads\/2023\/01\/acm-enkel-breed-e1758875858302.png\" \/>\n\t<meta property=\"og:image:width\" content=\"1036\" \/>\n\t<meta property=\"og:image:height\" content=\"545\" \/>\n\t<meta property=\"og:image:type\" content=\"image\/png\" \/>\n<meta name=\"twitter:card\" content=\"summary_large_image\" \/>\n<meta name=\"twitter:label1\" content=\"Tiempo de lectura\" \/>\n\t<meta name=\"twitter:data1\" content=\"2 minutos\" \/>\n<script type=\"application\/ld+json\" class=\"yoast-schema-graph\">{\"@context\":\"https:\\\/\\\/schema.org\",\"@graph\":[{\"@type\":\"WebPage\",\"@id\":\"https:\\\/\\\/resato-waterjet.com\\\/en\\\/product\\\/acm-waterjet-cutting-machine\\\/\",\"url\":\"https:\\\/\\\/resato-waterjet.com\\\/en\\\/product\\\/acm-waterjet-cutting-machine\\\/\",\"name\":\"ACM Waterjet cutting machine - Resato Waterjet\",\"isPartOf\":{\"@id\":\"https:\\\/\\\/resato-waterjet.com\\\/en\\\/#website\"},\"primaryImageOfPage\":{\"@id\":\"https:\\\/\\\/resato-waterjet.com\\\/en\\\/product\\\/acm-waterjet-cutting-machine\\\/#primaryimage\"},\"image\":{\"@id\":\"https:\\\/\\\/resato-waterjet.com\\\/en\\\/product\\\/acm-waterjet-cutting-machine\\\/#primaryimage\"},\"thumbnailUrl\":\"https:\\\/\\\/resato-waterjet.com\\\/wp-content\\\/uploads\\\/2023\\\/01\\\/acm-enkel-breed-e1758875858302.png\",\"datePublished\":\"2023-01-21T18:39:32+00:00\",\"dateModified\":\"2025-09-26T08:38:01+00:00\",\"description\":\"The ACM Waterjet cutting table comprises a precision-built steel construction embodying linear direct-drive motors on each of the two main axes.\",\"breadcrumb\":{\"@id\":\"https:\\\/\\\/resato-waterjet.com\\\/en\\\/product\\\/acm-waterjet-cutting-machine\\\/#breadcrumb\"},\"inLanguage\":\"es\",\"potentialAction\":[{\"@type\":\"ReadAction\",\"target\":[\"https:\\\/\\\/resato-waterjet.com\\\/en\\\/product\\\/acm-waterjet-cutting-machine\\\/\"]}]},{\"@type\":\"ImageObject\",\"inLanguage\":\"es\",\"@id\":\"https:\\\/\\\/resato-waterjet.com\\\/en\\\/product\\\/acm-waterjet-cutting-machine\\\/#primaryimage\",\"url\":\"https:\\\/\\\/resato-waterjet.com\\\/wp-content\\\/uploads\\\/2023\\\/01\\\/acm-enkel-breed-e1758875858302.png\",\"contentUrl\":\"https:\\\/\\\/resato-waterjet.com\\\/wp-content\\\/uploads\\\/2023\\\/01\\\/acm-enkel-breed-e1758875858302.png\",\"width\":1036,\"height\":545},{\"@type\":\"BreadcrumbList\",\"@id\":\"https:\\\/\\\/resato-waterjet.com\\\/en\\\/product\\\/acm-waterjet-cutting-machine\\\/#breadcrumb\",\"itemListElement\":[{\"@type\":\"ListItem\",\"position\":1,\"name\":\"Home\",\"item\":\"https:\\\/\\\/resato-waterjet.com\\\/fr\\\/\"},{\"@type\":\"ListItem\",\"position\":2,\"name\":\"Machines and Services\",\"item\":\"https:\\\/\\\/resato-waterjet.com\\\/en\\\/machines-and-services\\\/\"},{\"@type\":\"ListItem\",\"position\":3,\"name\":\"ACM Waterjet cutting machine\"}]},{\"@type\":\"WebSite\",\"@id\":\"https:\\\/\\\/resato-waterjet.com\\\/en\\\/#website\",\"url\":\"https:\\\/\\\/resato-waterjet.com\\\/en\\\/\",\"name\":\"Resato Waterjet\",\"description\":\"Creating Magic with Water\",\"publisher\":{\"@id\":\"https:\\\/\\\/resato-waterjet.com\\\/en\\\/#organization\"},\"alternateName\":\"Resato\",\"potentialAction\":[{\"@type\":\"SearchAction\",\"target\":{\"@type\":\"EntryPoint\",\"urlTemplate\":\"https:\\\/\\\/resato-waterjet.com\\\/en\\\/?s={search_term_string}\"},\"query-input\":{\"@type\":\"PropertyValueSpecification\",\"valueRequired\":true,\"valueName\":\"search_term_string\"}}],\"inLanguage\":\"es\"},{\"@type\":\"Organization\",\"@id\":\"https:\\\/\\\/resato-waterjet.com\\\/en\\\/#organization\",\"name\":\"Resato Waterjet\",\"alternateName\":\"Resato\",\"url\":\"https:\\\/\\\/resato-waterjet.com\\\/en\\\/\",\"logo\":{\"@type\":\"ImageObject\",\"inLanguage\":\"es\",\"@id\":\"https:\\\/\\\/resato-waterjet.com\\\/en\\\/#\\\/schema\\\/logo\\\/image\\\/\",\"url\":\"https:\\\/\\\/mlwy9mbbs62x.i.optimole.com\\\/w:auto\\\/h:auto\\\/q:mauto\\\/f:avif\\\/https:\\\/\\\/resato-waterjet.com\\\/wp-content\\\/uploads\\\/2023\\\/03\\\/cropped-Resato-YOutube-Logo.png\",\"contentUrl\":\"https:\\\/\\\/mlwy9mbbs62x.i.optimole.com\\\/w:auto\\\/h:auto\\\/q:mauto\\\/f:avif\\\/https:\\\/\\\/resato-waterjet.com\\\/wp-content\\\/uploads\\\/2023\\\/03\\\/cropped-Resato-YOutube-Logo.png\",\"width\":512,\"height\":512,\"caption\":\"Resato Waterjet\"},\"image\":{\"@id\":\"https:\\\/\\\/resato-waterjet.com\\\/en\\\/#\\\/schema\\\/logo\\\/image\\\/\"},\"sameAs\":[\"https:\\\/\\\/www.linkedin.com\\\/company\\\/resato-waterjet-technology\\\/\"]}]}<\/script>\n<!-- \/ Yoast SEO plugin. -->","yoast_head_json":{"title":"ACM M\u00e1quina de corte por chorro de agua - Resato Waterjet","description":"La mesa de corte ACM Waterjet se compone de una estructura de acero de precisi\u00f3n con motores lineales de accionamiento directo en cada uno de los dos ejes principales.","robots":{"index":"index","follow":"follow","max-snippet":"max-snippet:-1","max-image-preview":"max-image-preview:large","max-video-preview":"max-video-preview:-1"},"canonical":"https:\/\/resato-waterjet.com\/es\/producto\/maquina-de-corte-por-chorro-de-agua-acm\/","og_locale":"es_MX","og_type":"article","og_title":"ACM Waterjet cutting machine - Resato Waterjet","og_description":"The ACM Waterjet cutting table comprises a precision-built steel construction embodying linear direct-drive motors on each of the two main axes.","og_url":"https:\/\/resato-waterjet.com\/es\/producto\/maquina-de-corte-por-chorro-de-agua-acm\/","og_site_name":"Resato Waterjet","article_modified_time":"2025-09-26T08:38:01+00:00","og_image":[{"width":1036,"height":545,"url":"https:\/\/resato-waterjet.com\/wp-content\/uploads\/2023\/01\/acm-enkel-breed-e1758875858302.png","type":"image\/png"}],"twitter_card":"summary_large_image","twitter_misc":{"Tiempo de lectura":"2 minutos"},"schema":{"@context":"https:\/\/schema.org","@graph":[{"@type":"WebPage","@id":"https:\/\/resato-waterjet.com\/en\/product\/acm-waterjet-cutting-machine\/","url":"https:\/\/resato-waterjet.com\/en\/product\/acm-waterjet-cutting-machine\/","name":"ACM M\u00e1quina de corte por chorro de agua - Resato Waterjet","isPartOf":{"@id":"https:\/\/resato-waterjet.com\/en\/#website"},"primaryImageOfPage":{"@id":"https:\/\/resato-waterjet.com\/en\/product\/acm-waterjet-cutting-machine\/#primaryimage"},"image":{"@id":"https:\/\/resato-waterjet.com\/en\/product\/acm-waterjet-cutting-machine\/#primaryimage"},"thumbnailUrl":"https:\/\/resato-waterjet.com\/wp-content\/uploads\/2023\/01\/acm-enkel-breed-e1758875858302.png","datePublished":"2023-01-21T18:39:32+00:00","dateModified":"2025-09-26T08:38:01+00:00","description":"La mesa de corte ACM Waterjet se compone de una estructura de acero de precisi\u00f3n con motores lineales de accionamiento directo en cada uno de los dos ejes principales.","breadcrumb":{"@id":"https:\/\/resato-waterjet.com\/en\/product\/acm-waterjet-cutting-machine\/#breadcrumb"},"inLanguage":"es","potentialAction":[{"@type":"ReadAction","target":["https:\/\/resato-waterjet.com\/en\/product\/acm-waterjet-cutting-machine\/"]}]},{"@type":"ImageObject","inLanguage":"es","@id":"https:\/\/resato-waterjet.com\/en\/product\/acm-waterjet-cutting-machine\/#primaryimage","url":"https:\/\/resato-waterjet.com\/wp-content\/uploads\/2023\/01\/acm-enkel-breed-e1758875858302.png","contentUrl":"https:\/\/resato-waterjet.com\/wp-content\/uploads\/2023\/01\/acm-enkel-breed-e1758875858302.png","width":1036,"height":545},{"@type":"BreadcrumbList","@id":"https:\/\/resato-waterjet.com\/en\/product\/acm-waterjet-cutting-machine\/#breadcrumb","itemListElement":[{"@type":"ListItem","position":1,"name":"Home","item":"https:\/\/resato-waterjet.com\/fr\/"},{"@type":"ListItem","position":2,"name":"Machines and Services","item":"https:\/\/resato-waterjet.com\/en\/machines-and-services\/"},{"@type":"ListItem","position":3,"name":"ACM Waterjet cutting machine"}]},{"@type":"WebSite","@id":"https:\/\/resato-waterjet.com\/en\/#website","url":"https:\/\/resato-waterjet.com\/en\/","name":"Resato Waterjet","description":"Crear magia con el agua","publisher":{"@id":"https:\/\/resato-waterjet.com\/en\/#organization"},"alternateName":"Resato","potentialAction":[{"@type":"SearchAction","target":{"@type":"EntryPoint","urlTemplate":"https:\/\/resato-waterjet.com\/en\/?s={search_term_string}"},"query-input":{"@type":"PropertyValueSpecification","valueRequired":true,"valueName":"search_term_string"}}],"inLanguage":"es"},{"@type":"Organization","@id":"https:\/\/resato-waterjet.com\/en\/#organization","name":"Resato Waterjet","alternateName":"Resato","url":"https:\/\/resato-waterjet.com\/en\/","logo":{"@type":"ImageObject","inLanguage":"es","@id":"https:\/\/resato-waterjet.com\/en\/#\/schema\/logo\/image\/","url":"https:\/\/mlwy9mbbs62x.i.optimole.com\/w:auto\/h:auto\/q:mauto\/f:avif\/https:\/\/resato-waterjet.com\/wp-content\/uploads\/2023\/03\/cropped-Resato-YOutube-Logo.png","contentUrl":"https:\/\/mlwy9mbbs62x.i.optimole.com\/w:auto\/h:auto\/q:mauto\/f:avif\/https:\/\/resato-waterjet.com\/wp-content\/uploads\/2023\/03\/cropped-Resato-YOutube-Logo.png","width":512,"height":512,"caption":"Resato Waterjet"},"image":{"@id":"https:\/\/resato-waterjet.com\/en\/#\/schema\/logo\/image\/"},"sameAs":["https:\/\/www.linkedin.com\/company\/resato-waterjet-technology\/"]}]}},"_links":{"self":[{"href":"https:\/\/resato-waterjet.com\/es\/wp-json\/wp\/v2\/product\/9080","targetHints":{"allow":["GET"]}}],"collection":[{"href":"https:\/\/resato-waterjet.com\/es\/wp-json\/wp\/v2\/product"}],"about":[{"href":"https:\/\/resato-waterjet.com\/es\/wp-json\/wp\/v2\/types\/product"}],"version-history":[{"count":5,"href":"https:\/\/resato-waterjet.com\/es\/wp-json\/wp\/v2\/product\/9080\/revisions"}],"predecessor-version":[{"id":10883,"href":"https:\/\/resato-waterjet.com\/es\/wp-json\/wp\/v2\/product\/9080\/revisions\/10883"}],"wp:featuredmedia":[{"embeddable":true,"href":"https:\/\/resato-waterjet.com\/es\/wp-json\/wp\/v2\/media\/11267"}],"wp:attachment":[{"href":"https:\/\/resato-waterjet.com\/es\/wp-json\/wp\/v2\/media?parent=9080"}],"wp:term":[{"taxonomy":"product_brand","embeddable":true,"href":"https:\/\/resato-waterjet.com\/es\/wp-json\/wp\/v2\/product_brand?post=9080"},{"taxonomy":"product_cat","embeddable":true,"href":"https:\/\/resato-waterjet.com\/es\/wp-json\/wp\/v2\/product_cat?post=9080"},{"taxonomy":"product_tag","embeddable":true,"href":"https:\/\/resato-waterjet.com\/es\/wp-json\/wp\/v2\/product_tag?post=9080"}],"curies":[{"name":"wp","href":"https:\/\/api.w.org\/{rel}","templated":true}]}}