{"id":8456,"date":"2023-01-10T13:57:13","date_gmt":"2023-01-10T13:57:13","guid":{"rendered":"https:\/\/resato-waterjet.com\/?post_type=product&#038;p=8456"},"modified":"2024-01-22T11:55:18","modified_gmt":"2024-01-22T11:55:18","slug":"modulos-de-software","status":"publish","type":"product","link":"https:\/\/resato-waterjet.com\/es\/product\/software-modules\/","title":{"rendered":"M\u00f3dulos de software"},"content":{"rendered":"<p><strong>M\u00f3dulo SignMaker<\/strong><\/p>\n<p>El m\u00f3dulo SignMaker es un <a href=\"https:\/\/igems.se\">IGEMS<\/a> m\u00f3dulo de software que facilita:<\/p>\n<ul>\n<li>Corte de logotipos, im\u00e1genes y contornos dibujados proporcionados por el cliente<\/li>\n<li>Incorporaci\u00f3n de fuentes TrueType en su plan de corte<\/li>\n<\/ul>\n<p>Con SignMaker, todos los dibujos solicitados y escaneados pueden traducirse perfectamente en un trabajo de corte sin necesidad de complicados y laboriosos trabajos adicionales.<\/p>\n<p>&nbsp;<\/p>\n<p><strong>M\u00f3dulo Organizador<\/strong><\/p>\n<p>El m\u00f3dulo \"Organizador\" ayuda a ordenar Proyectos, Productos en combinaci\u00f3n con material de descanso y a categorizarlos.<\/p>\n<p>&nbsp;<\/p>\n<p><strong>M\u00f3dulo de intercambio de datos<\/strong><\/p>\n<p>El m\u00f3dulo \"Intercambio de datos\" permite intercambiar datos con otros formatos. Adem\u00e1s de los formatos DXF y DWG, dispondr\u00e1 de una lista ampliada.<\/p>\n<p>&nbsp;<\/p>\n<p><strong>M\u00f3dulo de anidamiento<\/strong><\/p>\n<p>Utilizando este m\u00f3dulo, se puede optimizar la categorizaci\u00f3n de corte de los materiales a cortar, mejorando la eficiencia resultante. El m\u00f3dulo tambi\u00e9n admite el uso de plumas de cabezales m\u00faltiples. Una vez seleccionados los trabajos de corte y los vol\u00famenes, el m\u00f3dulo de software dividir\u00e1 la plancha de material de forma totalmente autom\u00e1tica.<\/p>\n<p>Caracter\u00edsticas:<\/p>\n<ul>\n<li>Anidamiento de trabajos de corte en los espacios de anidamiento<\/li>\n<li>Anidamiento simult\u00e1neo de varias placas<\/li>\n<li>Las partes solapadas se reconocer\u00e1n e incluir\u00e1n en las rutinas de anidamiento<\/li>\n<li>La funci\u00f3n de \"corte com\u00fan\" permite agrupar los trabajos de corte, lo que reduce el tiempo de corte<\/li>\n<li>La opci\u00f3n de evitar que el cabezal de corte se mueva a trav\u00e9s de trabajos previamente completados.<\/li>\n<li>Diversos m\u00e9todos de anidamiento eficaces, como el anidamiento autom\u00e1tico, rectangular y circular.<\/li>\n<\/ul>\n<p><strong>Licencia flotante<\/strong><\/p>\n<p class=\"translation-block\">Una licencia flotante es una <a href=\"https:\/\/resato-waterjet.com\/es\/producto\/igems-software-package\/\" target=\"_self\">opci\u00f3n adicional de IGEMS<\/a> que permite gestionar todas las licencias en un ordenador que act\u00faa como servidor. Con IGEMS instalado en varios ordenadores y una \u00fanica licencia IGEMS, IGEMS puede iniciarse en cualquiera de los ordenadores, pero s\u00f3lo puede utilizarse en un ordenador cada vez.<\/p>\n<p>&nbsp;<\/p>\n<p><strong>Licencia escolar<\/strong><\/p>\n<p>Este m\u00f3dulo permite utilizar la licencia en varios ordenadores con fines did\u00e1cticos.<\/p>","protected":false},"excerpt":{"rendered":"<p>Actualice su paquete de Software con estos m\u00f3dulos El paquete b\u00e1sico de Software IGEMS puede ampliarse con varios m\u00f3dulos para mejorar a\u00fan m\u00e1s su rendimiento de corte por chorro de agua. Eche un vistazo a los m\u00f3dulos que ofrecemos para actualizar su software.<\/p>","protected":false},"featured_media":9069,"template":"","meta":{"content-type":""},"product_brand":[],"product_cat":[117],"product_tag":[118],"class_list":{"0":"post-8456","1":"product","2":"type-product","3":"status-publish","4":"has-post-thumbnail","6":"product_cat-software","7":"product_tag-software","9":"first","10":"instock","11":"shipping-taxable","12":"product-type-external"},"yoast_head":"<!-- This site is optimized with the Yoast SEO plugin v27.5 - https:\/\/yoast.com\/product\/yoast-seo-wordpress\/ -->\n<title>Software Modules - Resato Waterjet<\/title>\n<meta name=\"description\" content=\"The software for waterjet cutting machines is critical for the planning and cost estimation of cutting jobs. User-friendliness and versatility are key.\" \/>\n<meta name=\"robots\" content=\"index, follow, max-snippet:-1, max-image-preview:large, max-video-preview:-1\" \/>\n<link rel=\"canonical\" href=\"https:\/\/resato-waterjet.com\/es\/producto\/modulos-de-software\/\" \/>\n<meta property=\"og:locale\" content=\"es_MX\" \/>\n<meta property=\"og:type\" content=\"article\" \/>\n<meta property=\"og:title\" content=\"Software Modules - Resato Waterjet\" \/>\n<meta property=\"og:description\" content=\"The software for waterjet cutting machines is critical for the planning and cost estimation of cutting jobs. User-friendliness and versatility are key.\" \/>\n<meta property=\"og:url\" content=\"https:\/\/resato-waterjet.com\/es\/producto\/modulos-de-software\/\" \/>\n<meta property=\"og:site_name\" content=\"Resato Waterjet\" \/>\n<meta property=\"article:modified_time\" content=\"2024-01-22T11:55:18+00:00\" \/>\n<meta property=\"og:image\" content=\"https:\/\/resato-waterjet.com\/wp-content\/uploads\/2023\/01\/product-1.png\" \/>\n\t<meta property=\"og:image:width\" content=\"760\" \/>\n\t<meta property=\"og:image:height\" content=\"400\" \/>\n\t<meta property=\"og:image:type\" content=\"image\/png\" \/>\n<meta name=\"twitter:card\" content=\"summary_large_image\" \/>\n<meta name=\"twitter:label1\" content=\"Tiempo de lectura\" \/>\n\t<meta name=\"twitter:data1\" content=\"2 minutos\" \/>\n<script type=\"application\/ld+json\" class=\"yoast-schema-graph\">{\"@context\":\"https:\\\/\\\/schema.org\",\"@graph\":[{\"@type\":\"WebPage\",\"@id\":\"https:\\\/\\\/resato-waterjet.com\\\/fr\\\/produit\\\/modules-logiciels\\\/\",\"url\":\"https:\\\/\\\/resato-waterjet.com\\\/fr\\\/produit\\\/modules-logiciels\\\/\",\"name\":\"Software Modules - Resato Waterjet\",\"isPartOf\":{\"@id\":\"https:\\\/\\\/resato-waterjet.com\\\/en\\\/#website\"},\"primaryImageOfPage\":{\"@id\":\"https:\\\/\\\/resato-waterjet.com\\\/fr\\\/produit\\\/modules-logiciels\\\/#primaryimage\"},\"image\":{\"@id\":\"https:\\\/\\\/resato-waterjet.com\\\/fr\\\/produit\\\/modules-logiciels\\\/#primaryimage\"},\"thumbnailUrl\":\"https:\\\/\\\/resato-waterjet.com\\\/wp-content\\\/uploads\\\/2023\\\/01\\\/product-1.png\",\"datePublished\":\"2023-01-10T13:57:13+00:00\",\"dateModified\":\"2024-01-22T11:55:18+00:00\",\"description\":\"The software for waterjet cutting machines is critical for the planning and cost estimation of cutting jobs. User-friendliness and versatility are key.\",\"breadcrumb\":{\"@id\":\"https:\\\/\\\/resato-waterjet.com\\\/fr\\\/produit\\\/modules-logiciels\\\/#breadcrumb\"},\"inLanguage\":\"es\",\"potentialAction\":[{\"@type\":\"ReadAction\",\"target\":[\"https:\\\/\\\/resato-waterjet.com\\\/fr\\\/produit\\\/modules-logiciels\\\/\"]}]},{\"@type\":\"ImageObject\",\"inLanguage\":\"es\",\"@id\":\"https:\\\/\\\/resato-waterjet.com\\\/fr\\\/produit\\\/modules-logiciels\\\/#primaryimage\",\"url\":\"https:\\\/\\\/resato-waterjet.com\\\/wp-content\\\/uploads\\\/2023\\\/01\\\/product-1.png\",\"contentUrl\":\"https:\\\/\\\/resato-waterjet.com\\\/wp-content\\\/uploads\\\/2023\\\/01\\\/product-1.png\",\"width\":760,\"height\":400,\"caption\":\"CAD\\\/CAM Software Resato\"},{\"@type\":\"BreadcrumbList\",\"@id\":\"https:\\\/\\\/resato-waterjet.com\\\/fr\\\/produit\\\/modules-logiciels\\\/#breadcrumb\",\"itemListElement\":[{\"@type\":\"ListItem\",\"position\":1,\"name\":\"Home\",\"item\":\"https:\\\/\\\/resato-waterjet.com\\\/fr\\\/\"},{\"@type\":\"ListItem\",\"position\":2,\"name\":\"Machines and Services\",\"item\":\"https:\\\/\\\/resato-waterjet.com\\\/en\\\/machines-and-services\\\/\"},{\"@type\":\"ListItem\",\"position\":3,\"name\":\"Software Modules\"}]},{\"@type\":\"WebSite\",\"@id\":\"https:\\\/\\\/resato-waterjet.com\\\/en\\\/#website\",\"url\":\"https:\\\/\\\/resato-waterjet.com\\\/en\\\/\",\"name\":\"Resato Waterjet\",\"description\":\"Creating Magic with Water\",\"publisher\":{\"@id\":\"https:\\\/\\\/resato-waterjet.com\\\/en\\\/#organization\"},\"alternateName\":\"Resato\",\"potentialAction\":[{\"@type\":\"SearchAction\",\"target\":{\"@type\":\"EntryPoint\",\"urlTemplate\":\"https:\\\/\\\/resato-waterjet.com\\\/en\\\/?s={search_term_string}\"},\"query-input\":{\"@type\":\"PropertyValueSpecification\",\"valueRequired\":true,\"valueName\":\"search_term_string\"}}],\"inLanguage\":\"es\"},{\"@type\":\"Organization\",\"@id\":\"https:\\\/\\\/resato-waterjet.com\\\/en\\\/#organization\",\"name\":\"Resato Waterjet\",\"alternateName\":\"Resato\",\"url\":\"https:\\\/\\\/resato-waterjet.com\\\/en\\\/\",\"logo\":{\"@type\":\"ImageObject\",\"inLanguage\":\"es\",\"@id\":\"https:\\\/\\\/resato-waterjet.com\\\/en\\\/#\\\/schema\\\/logo\\\/image\\\/\",\"url\":\"https:\\\/\\\/mlwy9mbbs62x.i.optimole.com\\\/w:auto\\\/h:auto\\\/q:mauto\\\/f:avif\\\/https:\\\/\\\/resato-waterjet.com\\\/wp-content\\\/uploads\\\/2023\\\/03\\\/cropped-Resato-YOutube-Logo.png\",\"contentUrl\":\"https:\\\/\\\/mlwy9mbbs62x.i.optimole.com\\\/w:auto\\\/h:auto\\\/q:mauto\\\/f:avif\\\/https:\\\/\\\/resato-waterjet.com\\\/wp-content\\\/uploads\\\/2023\\\/03\\\/cropped-Resato-YOutube-Logo.png\",\"width\":512,\"height\":512,\"caption\":\"Resato Waterjet\"},\"image\":{\"@id\":\"https:\\\/\\\/resato-waterjet.com\\\/en\\\/#\\\/schema\\\/logo\\\/image\\\/\"},\"sameAs\":[\"https:\\\/\\\/www.linkedin.com\\\/company\\\/resato-waterjet-technology\\\/\"]}]}<\/script>\n<!-- \/ Yoast SEO plugin. -->","yoast_head_json":{"title":"M\u00f3dulos de software - Resato Waterjet","description":"El software para m\u00e1quinas de corte por chorro de agua es fundamental para la planificaci\u00f3n y estimaci\u00f3n de costes de los trabajos de corte. La facilidad de uso y la versatilidad son fundamentales.","robots":{"index":"index","follow":"follow","max-snippet":"max-snippet:-1","max-image-preview":"max-image-preview:large","max-video-preview":"max-video-preview:-1"},"canonical":"https:\/\/resato-waterjet.com\/es\/producto\/modulos-de-software\/","og_locale":"es_MX","og_type":"article","og_title":"Software Modules - Resato Waterjet","og_description":"The software for waterjet cutting machines is critical for the planning and cost estimation of cutting jobs. User-friendliness and versatility are key.","og_url":"https:\/\/resato-waterjet.com\/es\/producto\/modulos-de-software\/","og_site_name":"Resato Waterjet","article_modified_time":"2024-01-22T11:55:18+00:00","og_image":[{"width":760,"height":400,"url":"https:\/\/resato-waterjet.com\/wp-content\/uploads\/2023\/01\/product-1.png","type":"image\/png"}],"twitter_card":"summary_large_image","twitter_misc":{"Tiempo de lectura":"2 minutos"},"schema":{"@context":"https:\/\/schema.org","@graph":[{"@type":"WebPage","@id":"https:\/\/resato-waterjet.com\/fr\/produit\/modules-logiciels\/","url":"https:\/\/resato-waterjet.com\/fr\/produit\/modules-logiciels\/","name":"M\u00f3dulos de software - Resato Waterjet","isPartOf":{"@id":"https:\/\/resato-waterjet.com\/en\/#website"},"primaryImageOfPage":{"@id":"https:\/\/resato-waterjet.com\/fr\/produit\/modules-logiciels\/#primaryimage"},"image":{"@id":"https:\/\/resato-waterjet.com\/fr\/produit\/modules-logiciels\/#primaryimage"},"thumbnailUrl":"https:\/\/resato-waterjet.com\/wp-content\/uploads\/2023\/01\/product-1.png","datePublished":"2023-01-10T13:57:13+00:00","dateModified":"2024-01-22T11:55:18+00:00","description":"El software para m\u00e1quinas de corte por chorro de agua es fundamental para la planificaci\u00f3n y estimaci\u00f3n de costes de los trabajos de corte. La facilidad de uso y la versatilidad son fundamentales.","breadcrumb":{"@id":"https:\/\/resato-waterjet.com\/fr\/produit\/modules-logiciels\/#breadcrumb"},"inLanguage":"es","potentialAction":[{"@type":"ReadAction","target":["https:\/\/resato-waterjet.com\/fr\/produit\/modules-logiciels\/"]}]},{"@type":"ImageObject","inLanguage":"es","@id":"https:\/\/resato-waterjet.com\/fr\/produit\/modules-logiciels\/#primaryimage","url":"https:\/\/resato-waterjet.com\/wp-content\/uploads\/2023\/01\/product-1.png","contentUrl":"https:\/\/resato-waterjet.com\/wp-content\/uploads\/2023\/01\/product-1.png","width":760,"height":400,"caption":"CAD\/CAM Software Resato"},{"@type":"BreadcrumbList","@id":"https:\/\/resato-waterjet.com\/fr\/produit\/modules-logiciels\/#breadcrumb","itemListElement":[{"@type":"ListItem","position":1,"name":"Home","item":"https:\/\/resato-waterjet.com\/fr\/"},{"@type":"ListItem","position":2,"name":"Machines and Services","item":"https:\/\/resato-waterjet.com\/en\/machines-and-services\/"},{"@type":"ListItem","position":3,"name":"Software Modules"}]},{"@type":"WebSite","@id":"https:\/\/resato-waterjet.com\/en\/#website","url":"https:\/\/resato-waterjet.com\/en\/","name":"Resato Waterjet","description":"Crear magia con el agua","publisher":{"@id":"https:\/\/resato-waterjet.com\/en\/#organization"},"alternateName":"Resato","potentialAction":[{"@type":"SearchAction","target":{"@type":"EntryPoint","urlTemplate":"https:\/\/resato-waterjet.com\/en\/?s={search_term_string}"},"query-input":{"@type":"PropertyValueSpecification","valueRequired":true,"valueName":"search_term_string"}}],"inLanguage":"es"},{"@type":"Organization","@id":"https:\/\/resato-waterjet.com\/en\/#organization","name":"Resato Waterjet","alternateName":"Resato","url":"https:\/\/resato-waterjet.com\/en\/","logo":{"@type":"ImageObject","inLanguage":"es","@id":"https:\/\/resato-waterjet.com\/en\/#\/schema\/logo\/image\/","url":"https:\/\/mlwy9mbbs62x.i.optimole.com\/w:auto\/h:auto\/q:mauto\/f:avif\/https:\/\/resato-waterjet.com\/wp-content\/uploads\/2023\/03\/cropped-Resato-YOutube-Logo.png","contentUrl":"https:\/\/mlwy9mbbs62x.i.optimole.com\/w:auto\/h:auto\/q:mauto\/f:avif\/https:\/\/resato-waterjet.com\/wp-content\/uploads\/2023\/03\/cropped-Resato-YOutube-Logo.png","width":512,"height":512,"caption":"Resato Waterjet"},"image":{"@id":"https:\/\/resato-waterjet.com\/en\/#\/schema\/logo\/image\/"},"sameAs":["https:\/\/www.linkedin.com\/company\/resato-waterjet-technology\/"]}]}},"_links":{"self":[{"href":"https:\/\/resato-waterjet.com\/es\/wp-json\/wp\/v2\/product\/8456","targetHints":{"allow":["GET"]}}],"collection":[{"href":"https:\/\/resato-waterjet.com\/es\/wp-json\/wp\/v2\/product"}],"about":[{"href":"https:\/\/resato-waterjet.com\/es\/wp-json\/wp\/v2\/types\/product"}],"version-history":[{"count":3,"href":"https:\/\/resato-waterjet.com\/es\/wp-json\/wp\/v2\/product\/8456\/revisions"}],"predecessor-version":[{"id":10162,"href":"https:\/\/resato-waterjet.com\/es\/wp-json\/wp\/v2\/product\/8456\/revisions\/10162"}],"wp:featuredmedia":[{"embeddable":true,"href":"https:\/\/resato-waterjet.com\/es\/wp-json\/wp\/v2\/media\/9069"}],"wp:attachment":[{"href":"https:\/\/resato-waterjet.com\/es\/wp-json\/wp\/v2\/media?parent=8456"}],"wp:term":[{"taxonomy":"product_brand","embeddable":true,"href":"https:\/\/resato-waterjet.com\/es\/wp-json\/wp\/v2\/product_brand?post=8456"},{"taxonomy":"product_cat","embeddable":true,"href":"https:\/\/resato-waterjet.com\/es\/wp-json\/wp\/v2\/product_cat?post=8456"},{"taxonomy":"product_tag","embeddable":true,"href":"https:\/\/resato-waterjet.com\/es\/wp-json\/wp\/v2\/product_tag?post=8456"}],"curies":[{"name":"wp","href":"https:\/\/api.w.org\/{rel}","templated":true}]}}