{"id":8453,"date":"2023-01-10T13:49:49","date_gmt":"2023-01-10T13:49:49","guid":{"rendered":"https:\/\/resato-waterjet.com\/?post_type=product&#038;p=8453"},"modified":"2024-01-22T11:55:28","modified_gmt":"2024-01-22T11:55:28","slug":"igems-software-package","status":"publish","type":"product","link":"https:\/\/resato-waterjet.com\/es\/product\/igems-software-package\/","title":{"rendered":"Paquete inform\u00e1tico IGEMS"},"content":{"rendered":"<p class=\"translation-block\"><strong>Caracter\u00edsticas importantes del programa est\u00e1ndar IGEMS <a href=\"https:\/\/igems.se\" target=\"_self\">software son<\/a>:<\/strong><\/p>\n<p>El software CAD\/CAM para m\u00e1quinas de corte por chorro de agua es necesario para la planificaci\u00f3n y estimaci\u00f3n de costes de sus trabajos de corte. La facilidad de uso y la versatilidad del software son factores clave para el \u00e9xito de su negocio. Funcionalidades como la estimaci\u00f3n de costes por trabajo de corte, el anidado manual y autom\u00e1tico, las previsualizaciones de corte en bisel o la optimizaci\u00f3n de contornos mejoran la calidad de su proceso de corte y su viabilidad econ\u00f3mica. Nuestros expertos est\u00e1n capacitados para comprender sus procesos e identificar las oportunidades en las que el software CAD\/CAM puede utilizarse de forma eficaz.<\/p>\n<p>&nbsp;<\/p>\n<ul>\n<li>Funcionamiento r\u00e1pido y sencillo, incluida la capacidad de dibujo<\/li>\n<li>Flujo de trabajo r\u00e1pido y l\u00f3gico para:\n<ul>\n<li>Importaci\u00f3n de trabajos de corte<\/li>\n<li>Asignaci\u00f3n del tipo y la altura del material<\/li>\n<li>Anidamiento manual r\u00e1pido y eficaz<\/li>\n<li>Generaci\u00f3n autom\u00e1tica del programa CNC<\/li>\n<li>Env\u00edo del programa CNC a la mesa de corte<\/li>\n<\/ul>\n<\/li>\n<li>Importaci\u00f3n de archivos en formatos DXF y DWG<\/li>\n<li>Determinaci\u00f3n de la \"maquinabilidad\" de un material mediante un \u00fanico corte de prueba<\/li>\n<li>La maquinabilidad determina:\n<ul>\n<li>Velocidad de corte<\/li>\n<li>Ralentizaci\u00f3n y aceleraci\u00f3n en esquinas y curvas cerradas<\/li>\n<\/ul>\n<\/li>\n<\/ul>\n<p class=\"translation-block\">M\u00e1s informaci\u00f3n sobre el paquete de software <a href=\"https:\/\/resato-waterjet.com\/es\/producto\/igems-software-package\/\" target=\"_self\">IGEMS<\/a> aqu\u00ed.<\/p>","protected":false},"excerpt":{"rendered":"<p>La eficacia y la velocidad de ejecuci\u00f3n de las tareas de corte dependen en gran medida de la preparaci\u00f3n adecuada del trabajo. Por ello, Resato suministra el paquete de software CAD\/CAM IGEMS, desarrollado espec\u00edficamente para el corte por chorro de agua.<\/p>\n<p>&nbsp;<\/p>\n<p>El paquete de software se instalar\u00e1 completamente en el PC del cliente, en el que tambi\u00e9n instalaremos el software para enviar\/recibir programas de corte a\/desde el controlador CNC. El controlador CNC dispone de una conexi\u00f3n por cable al PC.<\/p>","protected":false},"featured_media":8454,"template":"","meta":{"content-type":""},"product_brand":[],"product_cat":[117],"product_tag":[118],"class_list":{"0":"post-8453","1":"product","2":"type-product","3":"status-publish","4":"has-post-thumbnail","6":"product_cat-software","7":"product_tag-software","9":"first","10":"instock","11":"shipping-taxable","12":"product-type-external"},"yoast_head":"<!-- This site is optimized with the Yoast SEO plugin v27.3 - https:\/\/yoast.com\/product\/yoast-seo-wordpress\/ -->\n<title>IGEMS software package - Resato Waterjet<\/title>\n<meta name=\"description\" content=\"IGEMS allows for quick and easy operation, including drawing capability along with fast and logical workflows. Learn more about the software.\" \/>\n<meta name=\"robots\" content=\"index, follow, max-snippet:-1, max-image-preview:large, max-video-preview:-1\" \/>\n<link rel=\"canonical\" href=\"https:\/\/resato-waterjet.com\/es\/producto\/igems-software-package\/\" \/>\n<meta property=\"og:locale\" content=\"es_MX\" \/>\n<meta property=\"og:type\" content=\"article\" \/>\n<meta property=\"og:title\" content=\"IGEMS software package - Resato Waterjet\" \/>\n<meta property=\"og:description\" content=\"IGEMS allows for quick and easy operation, including drawing capability along with fast and logical workflows. Learn more about the software.\" \/>\n<meta property=\"og:url\" content=\"https:\/\/resato-waterjet.com\/es\/producto\/igems-software-package\/\" \/>\n<meta property=\"og:site_name\" content=\"Resato Waterjet\" \/>\n<meta property=\"article:modified_time\" content=\"2024-01-22T11:55:28+00:00\" \/>\n<meta property=\"og:image\" content=\"https:\/\/resato-waterjet.com\/wp-content\/uploads\/2023\/01\/Igems-waterjet-cutting-machine-software.jpg\" \/>\n\t<meta property=\"og:image:width\" content=\"760\" \/>\n\t<meta property=\"og:image:height\" content=\"400\" \/>\n\t<meta property=\"og:image:type\" content=\"image\/jpeg\" \/>\n<meta name=\"twitter:card\" content=\"summary_large_image\" \/>\n<meta name=\"twitter:label1\" content=\"Tiempo de lectura\" \/>\n\t<meta name=\"twitter:data1\" content=\"1 minuto\" \/>\n<script type=\"application\/ld+json\" class=\"yoast-schema-graph\">{\"@context\":\"https:\\\/\\\/schema.org\",\"@graph\":[{\"@type\":\"WebPage\",\"@id\":\"https:\\\/\\\/resato-waterjet.com\\\/de\\\/produkt\\\/igems-softwarepaket\\\/\",\"url\":\"https:\\\/\\\/resato-waterjet.com\\\/de\\\/produkt\\\/igems-softwarepaket\\\/\",\"name\":\"IGEMS software package - Resato Waterjet\",\"isPartOf\":{\"@id\":\"https:\\\/\\\/resato-waterjet.com\\\/en\\\/#website\"},\"primaryImageOfPage\":{\"@id\":\"https:\\\/\\\/resato-waterjet.com\\\/de\\\/produkt\\\/igems-softwarepaket\\\/#primaryimage\"},\"image\":{\"@id\":\"https:\\\/\\\/resato-waterjet.com\\\/de\\\/produkt\\\/igems-softwarepaket\\\/#primaryimage\"},\"thumbnailUrl\":\"https:\\\/\\\/resato-waterjet.com\\\/wp-content\\\/uploads\\\/2023\\\/01\\\/Igems-waterjet-cutting-machine-software.jpg\",\"datePublished\":\"2023-01-10T13:49:49+00:00\",\"dateModified\":\"2024-01-22T11:55:28+00:00\",\"description\":\"IGEMS allows for quick and easy operation, including drawing capability along with fast and logical workflows. Learn more about the software.\",\"breadcrumb\":{\"@id\":\"https:\\\/\\\/resato-waterjet.com\\\/de\\\/produkt\\\/igems-softwarepaket\\\/#breadcrumb\"},\"inLanguage\":\"es\",\"potentialAction\":[{\"@type\":\"ReadAction\",\"target\":[\"https:\\\/\\\/resato-waterjet.com\\\/de\\\/produkt\\\/igems-softwarepaket\\\/\"]}]},{\"@type\":\"ImageObject\",\"inLanguage\":\"es\",\"@id\":\"https:\\\/\\\/resato-waterjet.com\\\/de\\\/produkt\\\/igems-softwarepaket\\\/#primaryimage\",\"url\":\"https:\\\/\\\/resato-waterjet.com\\\/wp-content\\\/uploads\\\/2023\\\/01\\\/Igems-waterjet-cutting-machine-software.jpg\",\"contentUrl\":\"https:\\\/\\\/resato-waterjet.com\\\/wp-content\\\/uploads\\\/2023\\\/01\\\/Igems-waterjet-cutting-machine-software.jpg\",\"width\":760,\"height\":400,\"caption\":\"IGEMS Software Package\"},{\"@type\":\"BreadcrumbList\",\"@id\":\"https:\\\/\\\/resato-waterjet.com\\\/de\\\/produkt\\\/igems-softwarepaket\\\/#breadcrumb\",\"itemListElement\":[{\"@type\":\"ListItem\",\"position\":1,\"name\":\"Home\",\"item\":\"https:\\\/\\\/resato-waterjet.com\\\/fr\\\/\"},{\"@type\":\"ListItem\",\"position\":2,\"name\":\"Machines and Services\",\"item\":\"https:\\\/\\\/resato-waterjet.com\\\/en\\\/machines-and-services\\\/\"},{\"@type\":\"ListItem\",\"position\":3,\"name\":\"IGEMS software package\"}]},{\"@type\":\"WebSite\",\"@id\":\"https:\\\/\\\/resato-waterjet.com\\\/en\\\/#website\",\"url\":\"https:\\\/\\\/resato-waterjet.com\\\/en\\\/\",\"name\":\"Resato Waterjet\",\"description\":\"Creating Magic with Water\",\"publisher\":{\"@id\":\"https:\\\/\\\/resato-waterjet.com\\\/en\\\/#organization\"},\"alternateName\":\"Resato\",\"potentialAction\":[{\"@type\":\"SearchAction\",\"target\":{\"@type\":\"EntryPoint\",\"urlTemplate\":\"https:\\\/\\\/resato-waterjet.com\\\/en\\\/?s={search_term_string}\"},\"query-input\":{\"@type\":\"PropertyValueSpecification\",\"valueRequired\":true,\"valueName\":\"search_term_string\"}}],\"inLanguage\":\"es\"},{\"@type\":\"Organization\",\"@id\":\"https:\\\/\\\/resato-waterjet.com\\\/en\\\/#organization\",\"name\":\"Resato Waterjet\",\"alternateName\":\"Resato\",\"url\":\"https:\\\/\\\/resato-waterjet.com\\\/en\\\/\",\"logo\":{\"@type\":\"ImageObject\",\"inLanguage\":\"es\",\"@id\":\"https:\\\/\\\/resato-waterjet.com\\\/en\\\/#\\\/schema\\\/logo\\\/image\\\/\",\"url\":\"https:\\\/\\\/mlwy9mbbs62x.i.optimole.com\\\/w:auto\\\/h:auto\\\/q:mauto\\\/f:avif\\\/https:\\\/\\\/resato-waterjet.com\\\/wp-content\\\/uploads\\\/2023\\\/03\\\/cropped-Resato-YOutube-Logo.png\",\"contentUrl\":\"https:\\\/\\\/mlwy9mbbs62x.i.optimole.com\\\/w:auto\\\/h:auto\\\/q:mauto\\\/f:avif\\\/https:\\\/\\\/resato-waterjet.com\\\/wp-content\\\/uploads\\\/2023\\\/03\\\/cropped-Resato-YOutube-Logo.png\",\"width\":512,\"height\":512,\"caption\":\"Resato Waterjet\"},\"image\":{\"@id\":\"https:\\\/\\\/resato-waterjet.com\\\/en\\\/#\\\/schema\\\/logo\\\/image\\\/\"},\"sameAs\":[\"https:\\\/\\\/www.linkedin.com\\\/company\\\/resato-waterjet-technology\\\/\"]}]}<\/script>\n<!-- \/ Yoast SEO plugin. -->","yoast_head_json":{"title":"Paquete de software IGEMS - Resato Waterjet","description":"IGEMS permite un funcionamiento r\u00e1pido y sencillo, incluida la capacidad de dibujo junto con flujos de trabajo r\u00e1pidos y l\u00f3gicos. M\u00e1s informaci\u00f3n sobre el software.","robots":{"index":"index","follow":"follow","max-snippet":"max-snippet:-1","max-image-preview":"max-image-preview:large","max-video-preview":"max-video-preview:-1"},"canonical":"https:\/\/resato-waterjet.com\/es\/producto\/igems-software-package\/","og_locale":"es_MX","og_type":"article","og_title":"IGEMS software package - Resato Waterjet","og_description":"IGEMS allows for quick and easy operation, including drawing capability along with fast and logical workflows. Learn more about the software.","og_url":"https:\/\/resato-waterjet.com\/es\/producto\/igems-software-package\/","og_site_name":"Resato Waterjet","article_modified_time":"2024-01-22T11:55:28+00:00","og_image":[{"width":760,"height":400,"url":"https:\/\/resato-waterjet.com\/wp-content\/uploads\/2023\/01\/Igems-waterjet-cutting-machine-software.jpg","type":"image\/jpeg"}],"twitter_card":"summary_large_image","twitter_misc":{"Tiempo de lectura":"1 minuto"},"schema":{"@context":"https:\/\/schema.org","@graph":[{"@type":"WebPage","@id":"https:\/\/resato-waterjet.com\/de\/produkt\/igems-softwarepaket\/","url":"https:\/\/resato-waterjet.com\/de\/produkt\/igems-softwarepaket\/","name":"Paquete de software IGEMS - Resato Waterjet","isPartOf":{"@id":"https:\/\/resato-waterjet.com\/en\/#website"},"primaryImageOfPage":{"@id":"https:\/\/resato-waterjet.com\/de\/produkt\/igems-softwarepaket\/#primaryimage"},"image":{"@id":"https:\/\/resato-waterjet.com\/de\/produkt\/igems-softwarepaket\/#primaryimage"},"thumbnailUrl":"https:\/\/resato-waterjet.com\/wp-content\/uploads\/2023\/01\/Igems-waterjet-cutting-machine-software.jpg","datePublished":"2023-01-10T13:49:49+00:00","dateModified":"2024-01-22T11:55:28+00:00","description":"IGEMS permite un funcionamiento r\u00e1pido y sencillo, incluida la capacidad de dibujo junto con flujos de trabajo r\u00e1pidos y l\u00f3gicos. M\u00e1s informaci\u00f3n sobre el software.","breadcrumb":{"@id":"https:\/\/resato-waterjet.com\/de\/produkt\/igems-softwarepaket\/#breadcrumb"},"inLanguage":"es","potentialAction":[{"@type":"ReadAction","target":["https:\/\/resato-waterjet.com\/de\/produkt\/igems-softwarepaket\/"]}]},{"@type":"ImageObject","inLanguage":"es","@id":"https:\/\/resato-waterjet.com\/de\/produkt\/igems-softwarepaket\/#primaryimage","url":"https:\/\/resato-waterjet.com\/wp-content\/uploads\/2023\/01\/Igems-waterjet-cutting-machine-software.jpg","contentUrl":"https:\/\/resato-waterjet.com\/wp-content\/uploads\/2023\/01\/Igems-waterjet-cutting-machine-software.jpg","width":760,"height":400,"caption":"IGEMS Software Package"},{"@type":"BreadcrumbList","@id":"https:\/\/resato-waterjet.com\/de\/produkt\/igems-softwarepaket\/#breadcrumb","itemListElement":[{"@type":"ListItem","position":1,"name":"Home","item":"https:\/\/resato-waterjet.com\/fr\/"},{"@type":"ListItem","position":2,"name":"Machines and Services","item":"https:\/\/resato-waterjet.com\/en\/machines-and-services\/"},{"@type":"ListItem","position":3,"name":"IGEMS software package"}]},{"@type":"WebSite","@id":"https:\/\/resato-waterjet.com\/en\/#website","url":"https:\/\/resato-waterjet.com\/en\/","name":"Resato Waterjet","description":"Crear magia con el agua","publisher":{"@id":"https:\/\/resato-waterjet.com\/en\/#organization"},"alternateName":"Resato","potentialAction":[{"@type":"SearchAction","target":{"@type":"EntryPoint","urlTemplate":"https:\/\/resato-waterjet.com\/en\/?s={search_term_string}"},"query-input":{"@type":"PropertyValueSpecification","valueRequired":true,"valueName":"search_term_string"}}],"inLanguage":"es"},{"@type":"Organization","@id":"https:\/\/resato-waterjet.com\/en\/#organization","name":"Resato Waterjet","alternateName":"Resato","url":"https:\/\/resato-waterjet.com\/en\/","logo":{"@type":"ImageObject","inLanguage":"es","@id":"https:\/\/resato-waterjet.com\/en\/#\/schema\/logo\/image\/","url":"https:\/\/mlwy9mbbs62x.i.optimole.com\/w:auto\/h:auto\/q:mauto\/f:avif\/https:\/\/resato-waterjet.com\/wp-content\/uploads\/2023\/03\/cropped-Resato-YOutube-Logo.png","contentUrl":"https:\/\/mlwy9mbbs62x.i.optimole.com\/w:auto\/h:auto\/q:mauto\/f:avif\/https:\/\/resato-waterjet.com\/wp-content\/uploads\/2023\/03\/cropped-Resato-YOutube-Logo.png","width":512,"height":512,"caption":"Resato Waterjet"},"image":{"@id":"https:\/\/resato-waterjet.com\/en\/#\/schema\/logo\/image\/"},"sameAs":["https:\/\/www.linkedin.com\/company\/resato-waterjet-technology\/"]}]}},"_links":{"self":[{"href":"https:\/\/resato-waterjet.com\/es\/wp-json\/wp\/v2\/product\/8453","targetHints":{"allow":["GET"]}}],"collection":[{"href":"https:\/\/resato-waterjet.com\/es\/wp-json\/wp\/v2\/product"}],"about":[{"href":"https:\/\/resato-waterjet.com\/es\/wp-json\/wp\/v2\/types\/product"}],"version-history":[{"count":4,"href":"https:\/\/resato-waterjet.com\/es\/wp-json\/wp\/v2\/product\/8453\/revisions"}],"predecessor-version":[{"id":10830,"href":"https:\/\/resato-waterjet.com\/es\/wp-json\/wp\/v2\/product\/8453\/revisions\/10830"}],"wp:featuredmedia":[{"embeddable":true,"href":"https:\/\/resato-waterjet.com\/es\/wp-json\/wp\/v2\/media\/8454"}],"wp:attachment":[{"href":"https:\/\/resato-waterjet.com\/es\/wp-json\/wp\/v2\/media?parent=8453"}],"wp:term":[{"taxonomy":"product_brand","embeddable":true,"href":"https:\/\/resato-waterjet.com\/es\/wp-json\/wp\/v2\/product_brand?post=8453"},{"taxonomy":"product_cat","embeddable":true,"href":"https:\/\/resato-waterjet.com\/es\/wp-json\/wp\/v2\/product_cat?post=8453"},{"taxonomy":"product_tag","embeddable":true,"href":"https:\/\/resato-waterjet.com\/es\/wp-json\/wp\/v2\/product_tag?post=8453"}],"curies":[{"name":"wp","href":"https:\/\/api.w.org\/{rel}","templated":true}]}}