{"id":8428,"date":"2023-01-10T12:58:06","date_gmt":"2023-01-10T12:58:06","guid":{"rendered":"https:\/\/resato-waterjet.com\/?post_type=product&#038;p=8428"},"modified":"2025-09-26T08:57:26","modified_gmt":"2025-09-26T08:57:26","slug":"suministro-continuo-de-abrasivos","status":"publish","type":"product","link":"https:\/\/resato-waterjet.com\/es\/product\/abrasive-continuous-supply\/","title":{"rendered":"Suministro continuo de abrasivo"},"content":{"rendered":"<p>A petici\u00f3n, el ABR-CS con armario de distribuci\u00f3n puede suministrar abrasivo hasta a tres m\u00e1quinas.<\/p>\n<ul>\n<li>Flujo abrasivo continuo<\/li>\n<li>Capaz de rellenar abrasivo durante el proceso de corte<\/li>\n<li>Control del nivel de abrasivo<\/li>\n<\/ul>\n<p><strong>Silo Mensaje de bajo nivel<\/strong><br \/>\nPara detectar que hay suficiente abrasivo almacenado en el silo de almacenamiento, un segundo sensor indicar\u00e1 a la m\u00e1quina de corte que informe de un mensaje de \"Nivel bajo de silo\". Este mensaje ser\u00e1 el desencadenante para reponer el silo de almacenamiento antes de quedarse completamente sin abrasivo.<\/p>\n<p>Para m\u00e1s informaci\u00f3n <a href=\"https:\/\/resato-waterjet.com\/es\/gestion-de-abrasivos\/\">gesti\u00f3n de abrasivos, puede visitar nuestra secci\u00f3n aqu\u00ed<\/a>.<\/p>","protected":false},"excerpt":{"rendered":"<p>El sistema de suministro continuo de abrasivo proporciona un flujo de abrasivo a las m\u00e1quinas de corte sin detener el proceso de corte mientras se rellena el recipiente a presi\u00f3n de abrasivo.<\/p>\n<p>El dep\u00f3sito contiene un sistema de presi\u00f3n controlado autom\u00e1ticamente para llenar un peque\u00f1o recipiente a presi\u00f3n para transportar el abrasivo a la m\u00e1quina de corte. Un gran silo de abrasivo almacena el abrasivo y puede reponerse en cualquier momento sin interferir en el proceso de corte.<\/p>\n<p>&nbsp;<\/p>\n<p><strong>Especificaciones t\u00e9cnicas:<\/strong><\/p>\n<ul>\n<li>Reposici\u00f3n Abrir la tapa y vaciar el big bag del silo<\/li>\n<li>Capacidad total 2300 kg<\/li>\n<li>Capacidad de relleno 2000 kg (1000 L)<\/li>\n<li>Accesibilidad Acceso f\u00e1cil y ergon\u00f3mico mediante escalones<\/li>\n<li>Altura m\u00ednima del techo 4 m<\/li>\n<li>Peso en vac\u00edo 325 kg<\/li>\n<li>Peso m\u00e1ximo 2625 kg<\/li>\n<li>Carga de suelo 4 soportes \u00d8 120 mm, 6563 N\/soporte, 0,6 N\/mm2<\/li>\n<li>Anchura x Profundidad x Altura 1225 mm x 1225 mm x 1880 mm<\/li>\n<li>Espacio libre circundante: Detr\u00e1s 200 mm, izquierda o derecha 600 mm, delante depende de la carretilla elevadora<\/li>\n<\/ul>","protected":false},"featured_media":11274,"template":"","meta":{"content-type":""},"product_brand":[],"product_cat":[115],"product_tag":[116],"class_list":{"0":"post-8428","1":"product","2":"type-product","3":"status-publish","4":"has-post-thumbnail","6":"product_cat-abrasive-management","7":"product_tag-abrasive-management","9":"first","10":"instock","11":"shipping-taxable","12":"product-type-external"},"yoast_head":"<!-- This site is optimized with the Yoast SEO plugin v27.3 - https:\/\/yoast.com\/product\/yoast-seo-wordpress\/ -->\n<title>Abrasive continuous supply - Resato Waterjet<\/title>\n<meta name=\"description\" content=\"Abrasive continuous supply is necessary for continuous abrasive flow, refilling abrasive during the cutting process, and monitoring abrasive level\" \/>\n<meta name=\"robots\" content=\"index, follow, max-snippet:-1, max-image-preview:large, max-video-preview:-1\" \/>\n<link rel=\"canonical\" href=\"https:\/\/resato-waterjet.com\/es\/producto\/suministro-continuo-de-abrasivos\/\" \/>\n<meta property=\"og:locale\" content=\"es_MX\" \/>\n<meta property=\"og:type\" content=\"article\" \/>\n<meta property=\"og:title\" content=\"Abrasive continuous supply - Resato Waterjet\" \/>\n<meta property=\"og:description\" content=\"Abrasive continuous supply is necessary for continuous abrasive flow, refilling abrasive during the cutting process, and monitoring abrasive level\" \/>\n<meta property=\"og:url\" content=\"https:\/\/resato-waterjet.com\/es\/producto\/suministro-continuo-de-abrasivos\/\" \/>\n<meta property=\"og:site_name\" content=\"Resato Waterjet\" \/>\n<meta property=\"article:modified_time\" content=\"2025-09-26T08:57:26+00:00\" \/>\n<meta property=\"og:image\" content=\"https:\/\/resato-waterjet.com\/wp-content\/uploads\/2023\/01\/ABR-CS_01.jpg\" \/>\n\t<meta property=\"og:image:width\" content=\"1388\" \/>\n\t<meta property=\"og:image:height\" content=\"725\" \/>\n\t<meta property=\"og:image:type\" content=\"image\/jpeg\" \/>\n<meta name=\"twitter:card\" content=\"summary_large_image\" \/>\n<meta name=\"twitter:label1\" content=\"Tiempo de lectura\" \/>\n\t<meta name=\"twitter:data1\" content=\"1 minuto\" \/>\n<script type=\"application\/ld+json\" class=\"yoast-schema-graph\">{\"@context\":\"https:\\\/\\\/schema.org\",\"@graph\":[{\"@type\":\"WebPage\",\"@id\":\"https:\\\/\\\/resato-waterjet.com\\\/en\\\/product\\\/abrasive-continuous-supply\\\/\",\"url\":\"https:\\\/\\\/resato-waterjet.com\\\/en\\\/product\\\/abrasive-continuous-supply\\\/\",\"name\":\"Abrasive continuous supply - Resato Waterjet\",\"isPartOf\":{\"@id\":\"https:\\\/\\\/resato-waterjet.com\\\/en\\\/#website\"},\"primaryImageOfPage\":{\"@id\":\"https:\\\/\\\/resato-waterjet.com\\\/en\\\/product\\\/abrasive-continuous-supply\\\/#primaryimage\"},\"image\":{\"@id\":\"https:\\\/\\\/resato-waterjet.com\\\/en\\\/product\\\/abrasive-continuous-supply\\\/#primaryimage\"},\"thumbnailUrl\":\"https:\\\/\\\/resato-waterjet.com\\\/wp-content\\\/uploads\\\/2023\\\/01\\\/ABR-CS_01.jpg\",\"datePublished\":\"2023-01-10T12:58:06+00:00\",\"dateModified\":\"2025-09-26T08:57:26+00:00\",\"description\":\"Abrasive continuous supply is necessary for continuous abrasive flow, refilling abrasive during the cutting process, and monitoring abrasive level\",\"breadcrumb\":{\"@id\":\"https:\\\/\\\/resato-waterjet.com\\\/en\\\/product\\\/abrasive-continuous-supply\\\/#breadcrumb\"},\"inLanguage\":\"es\",\"potentialAction\":[{\"@type\":\"ReadAction\",\"target\":[\"https:\\\/\\\/resato-waterjet.com\\\/en\\\/product\\\/abrasive-continuous-supply\\\/\"]}]},{\"@type\":\"ImageObject\",\"inLanguage\":\"es\",\"@id\":\"https:\\\/\\\/resato-waterjet.com\\\/en\\\/product\\\/abrasive-continuous-supply\\\/#primaryimage\",\"url\":\"https:\\\/\\\/resato-waterjet.com\\\/wp-content\\\/uploads\\\/2023\\\/01\\\/ABR-CS_01.jpg\",\"contentUrl\":\"https:\\\/\\\/resato-waterjet.com\\\/wp-content\\\/uploads\\\/2023\\\/01\\\/ABR-CS_01.jpg\",\"width\":1388,\"height\":725},{\"@type\":\"BreadcrumbList\",\"@id\":\"https:\\\/\\\/resato-waterjet.com\\\/en\\\/product\\\/abrasive-continuous-supply\\\/#breadcrumb\",\"itemListElement\":[{\"@type\":\"ListItem\",\"position\":1,\"name\":\"Home\",\"item\":\"https:\\\/\\\/resato-waterjet.com\\\/fr\\\/\"},{\"@type\":\"ListItem\",\"position\":2,\"name\":\"Machines and Services\",\"item\":\"https:\\\/\\\/resato-waterjet.com\\\/en\\\/machines-and-services\\\/\"},{\"@type\":\"ListItem\",\"position\":3,\"name\":\"Abrasive continuous supply\"}]},{\"@type\":\"WebSite\",\"@id\":\"https:\\\/\\\/resato-waterjet.com\\\/en\\\/#website\",\"url\":\"https:\\\/\\\/resato-waterjet.com\\\/en\\\/\",\"name\":\"Resato Waterjet\",\"description\":\"Creating Magic with Water\",\"publisher\":{\"@id\":\"https:\\\/\\\/resato-waterjet.com\\\/en\\\/#organization\"},\"alternateName\":\"Resato\",\"potentialAction\":[{\"@type\":\"SearchAction\",\"target\":{\"@type\":\"EntryPoint\",\"urlTemplate\":\"https:\\\/\\\/resato-waterjet.com\\\/en\\\/?s={search_term_string}\"},\"query-input\":{\"@type\":\"PropertyValueSpecification\",\"valueRequired\":true,\"valueName\":\"search_term_string\"}}],\"inLanguage\":\"es\"},{\"@type\":\"Organization\",\"@id\":\"https:\\\/\\\/resato-waterjet.com\\\/en\\\/#organization\",\"name\":\"Resato Waterjet\",\"alternateName\":\"Resato\",\"url\":\"https:\\\/\\\/resato-waterjet.com\\\/en\\\/\",\"logo\":{\"@type\":\"ImageObject\",\"inLanguage\":\"es\",\"@id\":\"https:\\\/\\\/resato-waterjet.com\\\/en\\\/#\\\/schema\\\/logo\\\/image\\\/\",\"url\":\"https:\\\/\\\/mlwy9mbbs62x.i.optimole.com\\\/w:auto\\\/h:auto\\\/q:mauto\\\/f:avif\\\/https:\\\/\\\/resato-waterjet.com\\\/wp-content\\\/uploads\\\/2023\\\/03\\\/cropped-Resato-YOutube-Logo.png\",\"contentUrl\":\"https:\\\/\\\/mlwy9mbbs62x.i.optimole.com\\\/w:auto\\\/h:auto\\\/q:mauto\\\/f:avif\\\/https:\\\/\\\/resato-waterjet.com\\\/wp-content\\\/uploads\\\/2023\\\/03\\\/cropped-Resato-YOutube-Logo.png\",\"width\":512,\"height\":512,\"caption\":\"Resato Waterjet\"},\"image\":{\"@id\":\"https:\\\/\\\/resato-waterjet.com\\\/en\\\/#\\\/schema\\\/logo\\\/image\\\/\"},\"sameAs\":[\"https:\\\/\\\/www.linkedin.com\\\/company\\\/resato-waterjet-technology\\\/\"]}]}<\/script>\n<!-- \/ Yoast SEO plugin. -->","yoast_head_json":{"title":"Suministro continuo de abrasivos - Resato Waterjet","description":"El suministro continuo de abrasivo es necesario para el flujo continuo de abrasivo, el rellenado de abrasivo durante el proceso de corte y el control del nivel de abrasivo.","robots":{"index":"index","follow":"follow","max-snippet":"max-snippet:-1","max-image-preview":"max-image-preview:large","max-video-preview":"max-video-preview:-1"},"canonical":"https:\/\/resato-waterjet.com\/es\/producto\/suministro-continuo-de-abrasivos\/","og_locale":"es_MX","og_type":"article","og_title":"Abrasive continuous supply - Resato Waterjet","og_description":"Abrasive continuous supply is necessary for continuous abrasive flow, refilling abrasive during the cutting process, and monitoring abrasive level","og_url":"https:\/\/resato-waterjet.com\/es\/producto\/suministro-continuo-de-abrasivos\/","og_site_name":"Resato Waterjet","article_modified_time":"2025-09-26T08:57:26+00:00","og_image":[{"width":1388,"height":725,"url":"https:\/\/resato-waterjet.com\/wp-content\/uploads\/2023\/01\/ABR-CS_01.jpg","type":"image\/jpeg"}],"twitter_card":"summary_large_image","twitter_misc":{"Tiempo de lectura":"1 minuto"},"schema":{"@context":"https:\/\/schema.org","@graph":[{"@type":"WebPage","@id":"https:\/\/resato-waterjet.com\/en\/product\/abrasive-continuous-supply\/","url":"https:\/\/resato-waterjet.com\/en\/product\/abrasive-continuous-supply\/","name":"Suministro continuo de abrasivos - Resato Waterjet","isPartOf":{"@id":"https:\/\/resato-waterjet.com\/en\/#website"},"primaryImageOfPage":{"@id":"https:\/\/resato-waterjet.com\/en\/product\/abrasive-continuous-supply\/#primaryimage"},"image":{"@id":"https:\/\/resato-waterjet.com\/en\/product\/abrasive-continuous-supply\/#primaryimage"},"thumbnailUrl":"https:\/\/resato-waterjet.com\/wp-content\/uploads\/2023\/01\/ABR-CS_01.jpg","datePublished":"2023-01-10T12:58:06+00:00","dateModified":"2025-09-26T08:57:26+00:00","description":"El suministro continuo de abrasivo es necesario para el flujo continuo de abrasivo, el rellenado de abrasivo durante el proceso de corte y el control del nivel de abrasivo.","breadcrumb":{"@id":"https:\/\/resato-waterjet.com\/en\/product\/abrasive-continuous-supply\/#breadcrumb"},"inLanguage":"es","potentialAction":[{"@type":"ReadAction","target":["https:\/\/resato-waterjet.com\/en\/product\/abrasive-continuous-supply\/"]}]},{"@type":"ImageObject","inLanguage":"es","@id":"https:\/\/resato-waterjet.com\/en\/product\/abrasive-continuous-supply\/#primaryimage","url":"https:\/\/resato-waterjet.com\/wp-content\/uploads\/2023\/01\/ABR-CS_01.jpg","contentUrl":"https:\/\/resato-waterjet.com\/wp-content\/uploads\/2023\/01\/ABR-CS_01.jpg","width":1388,"height":725},{"@type":"BreadcrumbList","@id":"https:\/\/resato-waterjet.com\/en\/product\/abrasive-continuous-supply\/#breadcrumb","itemListElement":[{"@type":"ListItem","position":1,"name":"Home","item":"https:\/\/resato-waterjet.com\/fr\/"},{"@type":"ListItem","position":2,"name":"Machines and Services","item":"https:\/\/resato-waterjet.com\/en\/machines-and-services\/"},{"@type":"ListItem","position":3,"name":"Abrasive continuous supply"}]},{"@type":"WebSite","@id":"https:\/\/resato-waterjet.com\/en\/#website","url":"https:\/\/resato-waterjet.com\/en\/","name":"Resato Waterjet","description":"Crear magia con el agua","publisher":{"@id":"https:\/\/resato-waterjet.com\/en\/#organization"},"alternateName":"Resato","potentialAction":[{"@type":"SearchAction","target":{"@type":"EntryPoint","urlTemplate":"https:\/\/resato-waterjet.com\/en\/?s={search_term_string}"},"query-input":{"@type":"PropertyValueSpecification","valueRequired":true,"valueName":"search_term_string"}}],"inLanguage":"es"},{"@type":"Organization","@id":"https:\/\/resato-waterjet.com\/en\/#organization","name":"Resato Waterjet","alternateName":"Resato","url":"https:\/\/resato-waterjet.com\/en\/","logo":{"@type":"ImageObject","inLanguage":"es","@id":"https:\/\/resato-waterjet.com\/en\/#\/schema\/logo\/image\/","url":"https:\/\/mlwy9mbbs62x.i.optimole.com\/w:auto\/h:auto\/q:mauto\/f:avif\/https:\/\/resato-waterjet.com\/wp-content\/uploads\/2023\/03\/cropped-Resato-YOutube-Logo.png","contentUrl":"https:\/\/mlwy9mbbs62x.i.optimole.com\/w:auto\/h:auto\/q:mauto\/f:avif\/https:\/\/resato-waterjet.com\/wp-content\/uploads\/2023\/03\/cropped-Resato-YOutube-Logo.png","width":512,"height":512,"caption":"Resato Waterjet"},"image":{"@id":"https:\/\/resato-waterjet.com\/en\/#\/schema\/logo\/image\/"},"sameAs":["https:\/\/www.linkedin.com\/company\/resato-waterjet-technology\/"]}]}},"_links":{"self":[{"href":"https:\/\/resato-waterjet.com\/es\/wp-json\/wp\/v2\/product\/8428","targetHints":{"allow":["GET"]}}],"collection":[{"href":"https:\/\/resato-waterjet.com\/es\/wp-json\/wp\/v2\/product"}],"about":[{"href":"https:\/\/resato-waterjet.com\/es\/wp-json\/wp\/v2\/types\/product"}],"version-history":[{"count":2,"href":"https:\/\/resato-waterjet.com\/es\/wp-json\/wp\/v2\/product\/8428\/revisions"}],"predecessor-version":[{"id":10523,"href":"https:\/\/resato-waterjet.com\/es\/wp-json\/wp\/v2\/product\/8428\/revisions\/10523"}],"wp:featuredmedia":[{"embeddable":true,"href":"https:\/\/resato-waterjet.com\/es\/wp-json\/wp\/v2\/media\/11274"}],"wp:attachment":[{"href":"https:\/\/resato-waterjet.com\/es\/wp-json\/wp\/v2\/media?parent=8428"}],"wp:term":[{"taxonomy":"product_brand","embeddable":true,"href":"https:\/\/resato-waterjet.com\/es\/wp-json\/wp\/v2\/product_brand?post=8428"},{"taxonomy":"product_cat","embeddable":true,"href":"https:\/\/resato-waterjet.com\/es\/wp-json\/wp\/v2\/product_cat?post=8428"},{"taxonomy":"product_tag","embeddable":true,"href":"https:\/\/resato-waterjet.com\/es\/wp-json\/wp\/v2\/product_tag?post=8428"}],"curies":[{"name":"wp","href":"https:\/\/api.w.org\/{rel}","templated":true}]}}