{"id":11229,"date":"2025-09-25T07:44:18","date_gmt":"2025-09-25T07:44:18","guid":{"rendered":"https:\/\/resato-waterjet.com\/?post_type=product&#038;p=11229"},"modified":"2025-09-25T08:33:06","modified_gmt":"2025-09-25T08:33:06","slug":"alimentador-de-abrasivos-producto-mejorado","status":"publish","type":"product","link":"https:\/\/resato-waterjet.com\/es\/product\/abrasive-feeder-upgraded-product\/","title":{"rendered":"Alimentador de abrasivos: Producto mejorado"},"content":{"rendered":"","protected":false},"excerpt":{"rendered":"<p>\u00bfEst\u00e1 experimentando alguna de las frustraciones que se describen a continuaci\u00f3n? Esta actualizaci\u00f3n podr\u00eda ser justo lo que necesita.<\/p>\n<ul>\n<li>Desmontaje inc\u00f3modo al realizar el mantenimiento de su alimentador de abrasivos<\/li>\n<li>Conectores dif\u00edcilmente accesibles<\/li>\n<li>Mangueras que se atascan<\/li>\n<li>Junta de la cubierta delantera dif\u00edcil de colocar<\/li>\n<li>Problemas de vac\u00edo debido a gl\u00e1ndulas obsoletas<\/li>\n<li>Y sobre todo, las piezas peque\u00f1as que caen en el dep\u00f3sito de agua<\/li>\n<\/ul>\n<p>Con este kit de actualizaci\u00f3n inteligente, puede convertir su sistema actual en una versi\u00f3n m\u00e1s eficiente, fiable y f\u00e1cil de mantener, sin necesidad de sustituir todo el alimentador original.<\/p>\n<p>Tambi\u00e9n existe la opci\u00f3n de comprar un comedero completamente nuevo que usted mismo puede montar f\u00e1cilmente. Plug-and-Play.<\/p>\n<p>&nbsp;<\/p>\n<p><strong>Las innovaciones en resumen:<\/strong><\/p>\n<table style=\"height: 426px;\" width=\"914\">\n<tbody>\n<tr>\n<td width=\"460\"><\/td>\n<td width=\"167\"><b>Actualizaci\u00f3n <\/b><b>a<\/b><\/p>\n<p><b>EF-5.3<\/b><\/td>\n<td width=\"173\"><b>Actualizar a<\/b><\/p>\n<p><b>EF-6<\/b><\/td>\n<td width=\"186\"><b>Completamente nuevo <\/b><b>EF-6<\/b><\/td>\n<\/tr>\n<tr>\n<td width=\"460\">-Eliminaci\u00f3n de prensaestopas<\/p>\n<p>-Interior de una sola pieza<\/p>\n<p>-Conector m\u00e1s robusto<\/td>\n<td width=\"167\">S\u00ed<\/td>\n<td width=\"173\">S\u00ed<\/td>\n<td width=\"186\">S\u00ed<\/td>\n<\/tr>\n<tr>\n<td width=\"460\">Conector de f\u00e1cil acceso<\/td>\n<td width=\"167\">Bien<\/td>\n<td width=\"173\">Mejor<\/td>\n<td width=\"186\">Mejor<\/td>\n<\/tr>\n<tr>\n<td width=\"460\">Junta de la cubierta frontal f\u00e1cil de montar<\/td>\n<td width=\"167\">No<\/td>\n<td width=\"173\">S\u00ed<\/td>\n<td width=\"186\">S\u00ed<\/td>\n<\/tr>\n<tr>\n<td width=\"460\">F\u00e1cil extracci\u00f3n del alimentador<\/td>\n<td width=\"167\">No<\/td>\n<td width=\"173\">S\u00ed<\/td>\n<td width=\"186\">S\u00ed<\/td>\n<\/tr>\n<tr>\n<td width=\"460\">Menos piezas<\/td>\n<td width=\"167\">M\u00e1s<\/td>\n<td width=\"173\">Menos<\/td>\n<td width=\"186\">Menos<\/td>\n<\/tr>\n<tr>\n<td width=\"460\">Parece<\/td>\n<td width=\"167\">Media<\/td>\n<td width=\"173\">Bien<\/td>\n<td width=\"186\">Bien<\/td>\n<\/tr>\n<tr>\n<td width=\"460\">Instalaci\u00f3n f\u00e1cil para el cliente<\/td>\n<td width=\"167\">Media<\/td>\n<td width=\"173\">No<\/td>\n<td width=\"186\">S\u00ed<\/td>\n<\/tr>\n<\/tbody>\n<\/table>\n<p>&nbsp;<\/p>","protected":false},"featured_media":11245,"template":"","meta":{"content-type":""},"product_brand":[],"product_cat":[115],"product_tag":[116],"class_list":{"0":"post-11229","1":"product","2":"type-product","3":"status-publish","4":"has-post-thumbnail","6":"product_cat-abrasive-management","7":"product_tag-abrasive-management","9":"first","10":"instock","11":"shipping-taxable","12":"product-type-external"},"yoast_head":"<!-- This site is optimized with the Yoast SEO plugin v27.4 - https:\/\/yoast.com\/product\/yoast-seo-wordpress\/ -->\n<title>Abrasive Feeder: Upgraded product - Resato Waterjet<\/title>\n<meta name=\"description\" content=\"With our smart upgrade kit, you can turn your current system into a more efficient, reliable and maintenance-friendly versio\" \/>\n<meta name=\"robots\" content=\"index, follow, max-snippet:-1, max-image-preview:large, max-video-preview:-1\" \/>\n<link rel=\"canonical\" href=\"https:\/\/resato-waterjet.com\/es\/producto\/alimentador-de-abrasivos-producto-mejorado\/\" \/>\n<meta property=\"og:locale\" content=\"es_MX\" \/>\n<meta property=\"og:type\" content=\"article\" \/>\n<meta property=\"og:title\" content=\"Abrasive Feeder: Upgraded product - Resato Waterjet\" \/>\n<meta property=\"og:description\" content=\"With our smart upgrade kit, you can turn your current system into a more efficient, reliable and maintenance-friendly versio\" \/>\n<meta property=\"og:url\" content=\"https:\/\/resato-waterjet.com\/es\/producto\/alimentador-de-abrasivos-producto-mejorado\/\" \/>\n<meta property=\"og:site_name\" content=\"Resato Waterjet\" \/>\n<meta property=\"article:modified_time\" content=\"2025-09-25T08:33:06+00:00\" \/>\n<meta property=\"og:image\" content=\"https:\/\/resato-waterjet.com\/wp-content\/uploads\/2025\/09\/Ontwerp-zonder-titel-3-e1758789176674.png\" \/>\n\t<meta property=\"og:image:width\" content=\"760\" \/>\n\t<meta property=\"og:image:height\" content=\"400\" \/>\n\t<meta property=\"og:image:type\" content=\"image\/png\" \/>\n<meta name=\"twitter:card\" content=\"summary_large_image\" \/>\n<meta name=\"twitter:label1\" content=\"Tiempo de lectura\" \/>\n\t<meta name=\"twitter:data1\" content=\"1 minuto\" \/>\n<script type=\"application\/ld+json\" class=\"yoast-schema-graph\">{\"@context\":\"https:\\\/\\\/schema.org\",\"@graph\":[{\"@type\":\"WebPage\",\"@id\":\"https:\\\/\\\/resato-waterjet.com\\\/en\\\/product\\\/abrasive-feeder-upgraded-product\\\/\",\"url\":\"https:\\\/\\\/resato-waterjet.com\\\/en\\\/product\\\/abrasive-feeder-upgraded-product\\\/\",\"name\":\"Abrasive Feeder: Upgraded product - Resato Waterjet\",\"isPartOf\":{\"@id\":\"https:\\\/\\\/resato-waterjet.com\\\/en\\\/#website\"},\"primaryImageOfPage\":{\"@id\":\"https:\\\/\\\/resato-waterjet.com\\\/en\\\/product\\\/abrasive-feeder-upgraded-product\\\/#primaryimage\"},\"image\":{\"@id\":\"https:\\\/\\\/resato-waterjet.com\\\/en\\\/product\\\/abrasive-feeder-upgraded-product\\\/#primaryimage\"},\"thumbnailUrl\":\"https:\\\/\\\/resato-waterjet.com\\\/wp-content\\\/uploads\\\/2025\\\/09\\\/Ontwerp-zonder-titel-3-e1758789176674.png\",\"datePublished\":\"2025-09-25T07:44:18+00:00\",\"dateModified\":\"2025-09-25T08:33:06+00:00\",\"description\":\"With our smart upgrade kit, you can turn your current system into a more efficient, reliable and maintenance-friendly versio\",\"breadcrumb\":{\"@id\":\"https:\\\/\\\/resato-waterjet.com\\\/en\\\/product\\\/abrasive-feeder-upgraded-product\\\/#breadcrumb\"},\"inLanguage\":\"es\",\"potentialAction\":[{\"@type\":\"ReadAction\",\"target\":[\"https:\\\/\\\/resato-waterjet.com\\\/en\\\/product\\\/abrasive-feeder-upgraded-product\\\/\"]}]},{\"@type\":\"ImageObject\",\"inLanguage\":\"es\",\"@id\":\"https:\\\/\\\/resato-waterjet.com\\\/en\\\/product\\\/abrasive-feeder-upgraded-product\\\/#primaryimage\",\"url\":\"https:\\\/\\\/resato-waterjet.com\\\/wp-content\\\/uploads\\\/2025\\\/09\\\/Ontwerp-zonder-titel-3-e1758789176674.png\",\"contentUrl\":\"https:\\\/\\\/resato-waterjet.com\\\/wp-content\\\/uploads\\\/2025\\\/09\\\/Ontwerp-zonder-titel-3-e1758789176674.png\",\"width\":760,\"height\":400},{\"@type\":\"BreadcrumbList\",\"@id\":\"https:\\\/\\\/resato-waterjet.com\\\/en\\\/product\\\/abrasive-feeder-upgraded-product\\\/#breadcrumb\",\"itemListElement\":[{\"@type\":\"ListItem\",\"position\":1,\"name\":\"Home\",\"item\":\"https:\\\/\\\/resato-waterjet.com\\\/fr\\\/\"},{\"@type\":\"ListItem\",\"position\":2,\"name\":\"Machines and Services\",\"item\":\"https:\\\/\\\/resato-waterjet.com\\\/en\\\/machines-and-services\\\/\"},{\"@type\":\"ListItem\",\"position\":3,\"name\":\"Abrasive Feeder: Upgraded product\"}]},{\"@type\":\"WebSite\",\"@id\":\"https:\\\/\\\/resato-waterjet.com\\\/en\\\/#website\",\"url\":\"https:\\\/\\\/resato-waterjet.com\\\/en\\\/\",\"name\":\"Resato Waterjet\",\"description\":\"Creating Magic with Water\",\"publisher\":{\"@id\":\"https:\\\/\\\/resato-waterjet.com\\\/en\\\/#organization\"},\"alternateName\":\"Resato\",\"potentialAction\":[{\"@type\":\"SearchAction\",\"target\":{\"@type\":\"EntryPoint\",\"urlTemplate\":\"https:\\\/\\\/resato-waterjet.com\\\/en\\\/?s={search_term_string}\"},\"query-input\":{\"@type\":\"PropertyValueSpecification\",\"valueRequired\":true,\"valueName\":\"search_term_string\"}}],\"inLanguage\":\"es\"},{\"@type\":\"Organization\",\"@id\":\"https:\\\/\\\/resato-waterjet.com\\\/en\\\/#organization\",\"name\":\"Resato Waterjet\",\"alternateName\":\"Resato\",\"url\":\"https:\\\/\\\/resato-waterjet.com\\\/en\\\/\",\"logo\":{\"@type\":\"ImageObject\",\"inLanguage\":\"es\",\"@id\":\"https:\\\/\\\/resato-waterjet.com\\\/en\\\/#\\\/schema\\\/logo\\\/image\\\/\",\"url\":\"https:\\\/\\\/mlwy9mbbs62x.i.optimole.com\\\/w:auto\\\/h:auto\\\/q:mauto\\\/f:avif\\\/https:\\\/\\\/resato-waterjet.com\\\/wp-content\\\/uploads\\\/2023\\\/03\\\/cropped-Resato-YOutube-Logo.png\",\"contentUrl\":\"https:\\\/\\\/mlwy9mbbs62x.i.optimole.com\\\/w:auto\\\/h:auto\\\/q:mauto\\\/f:avif\\\/https:\\\/\\\/resato-waterjet.com\\\/wp-content\\\/uploads\\\/2023\\\/03\\\/cropped-Resato-YOutube-Logo.png\",\"width\":512,\"height\":512,\"caption\":\"Resato Waterjet\"},\"image\":{\"@id\":\"https:\\\/\\\/resato-waterjet.com\\\/en\\\/#\\\/schema\\\/logo\\\/image\\\/\"},\"sameAs\":[\"https:\\\/\\\/www.linkedin.com\\\/company\\\/resato-waterjet-technology\\\/\"]}]}<\/script>\n<!-- \/ Yoast SEO plugin. -->","yoast_head_json":{"title":"Alimentador de abrasivo: Producto mejorado - Resato Waterjet","description":"Con nuestro kit de actualizaci\u00f3n inteligente, puede convertir su sistema actual en una versio","robots":{"index":"index","follow":"follow","max-snippet":"max-snippet:-1","max-image-preview":"max-image-preview:large","max-video-preview":"max-video-preview:-1"},"canonical":"https:\/\/resato-waterjet.com\/es\/producto\/alimentador-de-abrasivos-producto-mejorado\/","og_locale":"es_MX","og_type":"article","og_title":"Abrasive Feeder: Upgraded product - Resato Waterjet","og_description":"With our smart upgrade kit, you can turn your current system into a more efficient, reliable and maintenance-friendly versio","og_url":"https:\/\/resato-waterjet.com\/es\/producto\/alimentador-de-abrasivos-producto-mejorado\/","og_site_name":"Resato Waterjet","article_modified_time":"2025-09-25T08:33:06+00:00","og_image":[{"width":760,"height":400,"url":"https:\/\/resato-waterjet.com\/wp-content\/uploads\/2025\/09\/Ontwerp-zonder-titel-3-e1758789176674.png","type":"image\/png"}],"twitter_card":"summary_large_image","twitter_misc":{"Tiempo de lectura":"1 minuto"},"schema":{"@context":"https:\/\/schema.org","@graph":[{"@type":"WebPage","@id":"https:\/\/resato-waterjet.com\/en\/product\/abrasive-feeder-upgraded-product\/","url":"https:\/\/resato-waterjet.com\/en\/product\/abrasive-feeder-upgraded-product\/","name":"Alimentador de abrasivo: Producto mejorado - Resato Waterjet","isPartOf":{"@id":"https:\/\/resato-waterjet.com\/en\/#website"},"primaryImageOfPage":{"@id":"https:\/\/resato-waterjet.com\/en\/product\/abrasive-feeder-upgraded-product\/#primaryimage"},"image":{"@id":"https:\/\/resato-waterjet.com\/en\/product\/abrasive-feeder-upgraded-product\/#primaryimage"},"thumbnailUrl":"https:\/\/resato-waterjet.com\/wp-content\/uploads\/2025\/09\/Ontwerp-zonder-titel-3-e1758789176674.png","datePublished":"2025-09-25T07:44:18+00:00","dateModified":"2025-09-25T08:33:06+00:00","description":"Con nuestro kit de actualizaci\u00f3n inteligente, puede convertir su sistema actual en una versio","breadcrumb":{"@id":"https:\/\/resato-waterjet.com\/en\/product\/abrasive-feeder-upgraded-product\/#breadcrumb"},"inLanguage":"es","potentialAction":[{"@type":"ReadAction","target":["https:\/\/resato-waterjet.com\/en\/product\/abrasive-feeder-upgraded-product\/"]}]},{"@type":"ImageObject","inLanguage":"es","@id":"https:\/\/resato-waterjet.com\/en\/product\/abrasive-feeder-upgraded-product\/#primaryimage","url":"https:\/\/resato-waterjet.com\/wp-content\/uploads\/2025\/09\/Ontwerp-zonder-titel-3-e1758789176674.png","contentUrl":"https:\/\/resato-waterjet.com\/wp-content\/uploads\/2025\/09\/Ontwerp-zonder-titel-3-e1758789176674.png","width":760,"height":400},{"@type":"BreadcrumbList","@id":"https:\/\/resato-waterjet.com\/en\/product\/abrasive-feeder-upgraded-product\/#breadcrumb","itemListElement":[{"@type":"ListItem","position":1,"name":"Home","item":"https:\/\/resato-waterjet.com\/fr\/"},{"@type":"ListItem","position":2,"name":"Machines and Services","item":"https:\/\/resato-waterjet.com\/en\/machines-and-services\/"},{"@type":"ListItem","position":3,"name":"Abrasive Feeder: Upgraded product"}]},{"@type":"WebSite","@id":"https:\/\/resato-waterjet.com\/en\/#website","url":"https:\/\/resato-waterjet.com\/en\/","name":"Resato Waterjet","description":"Crear magia con el agua","publisher":{"@id":"https:\/\/resato-waterjet.com\/en\/#organization"},"alternateName":"Resato","potentialAction":[{"@type":"SearchAction","target":{"@type":"EntryPoint","urlTemplate":"https:\/\/resato-waterjet.com\/en\/?s={search_term_string}"},"query-input":{"@type":"PropertyValueSpecification","valueRequired":true,"valueName":"search_term_string"}}],"inLanguage":"es"},{"@type":"Organization","@id":"https:\/\/resato-waterjet.com\/en\/#organization","name":"Resato Waterjet","alternateName":"Resato","url":"https:\/\/resato-waterjet.com\/en\/","logo":{"@type":"ImageObject","inLanguage":"es","@id":"https:\/\/resato-waterjet.com\/en\/#\/schema\/logo\/image\/","url":"https:\/\/mlwy9mbbs62x.i.optimole.com\/w:auto\/h:auto\/q:mauto\/f:avif\/https:\/\/resato-waterjet.com\/wp-content\/uploads\/2023\/03\/cropped-Resato-YOutube-Logo.png","contentUrl":"https:\/\/mlwy9mbbs62x.i.optimole.com\/w:auto\/h:auto\/q:mauto\/f:avif\/https:\/\/resato-waterjet.com\/wp-content\/uploads\/2023\/03\/cropped-Resato-YOutube-Logo.png","width":512,"height":512,"caption":"Resato Waterjet"},"image":{"@id":"https:\/\/resato-waterjet.com\/en\/#\/schema\/logo\/image\/"},"sameAs":["https:\/\/www.linkedin.com\/company\/resato-waterjet-technology\/"]}]}},"_links":{"self":[{"href":"https:\/\/resato-waterjet.com\/es\/wp-json\/wp\/v2\/product\/11229","targetHints":{"allow":["GET"]}}],"collection":[{"href":"https:\/\/resato-waterjet.com\/es\/wp-json\/wp\/v2\/product"}],"about":[{"href":"https:\/\/resato-waterjet.com\/es\/wp-json\/wp\/v2\/types\/product"}],"version-history":[{"count":5,"href":"https:\/\/resato-waterjet.com\/es\/wp-json\/wp\/v2\/product\/11229\/revisions"}],"predecessor-version":[{"id":11246,"href":"https:\/\/resato-waterjet.com\/es\/wp-json\/wp\/v2\/product\/11229\/revisions\/11246"}],"wp:featuredmedia":[{"embeddable":true,"href":"https:\/\/resato-waterjet.com\/es\/wp-json\/wp\/v2\/media\/11245"}],"wp:attachment":[{"href":"https:\/\/resato-waterjet.com\/es\/wp-json\/wp\/v2\/media?parent=11229"}],"wp:term":[{"taxonomy":"product_brand","embeddable":true,"href":"https:\/\/resato-waterjet.com\/es\/wp-json\/wp\/v2\/product_brand?post=11229"},{"taxonomy":"product_cat","embeddable":true,"href":"https:\/\/resato-waterjet.com\/es\/wp-json\/wp\/v2\/product_cat?post=11229"},{"taxonomy":"product_tag","embeddable":true,"href":"https:\/\/resato-waterjet.com\/es\/wp-json\/wp\/v2\/product_tag?post=11229"}],"curies":[{"name":"wp","href":"https:\/\/api.w.org\/{rel}","templated":true}]}}