{"id":9131,"date":"2023-01-21T21:12:21","date_gmt":"2023-01-21T21:12:21","guid":{"rendered":"http:\/\/resato-waterjet.com\/?post_type=product&#038;p=9131"},"modified":"2026-01-29T09:28:14","modified_gmt":"2026-01-29T09:28:14","slug":"pj4-4000-optionen","status":"publish","type":"product","link":"https:\/\/resato-waterjet.com\/de\/product\/pj4-4000-options\/","title":{"rendered":"Optionen f\u00fcr den PJ4-4000"},"content":{"rendered":"<p>Nachfolgend finden Sie einige Optionen f\u00fcr den PJ4-4000:<\/p>\n<p>&nbsp;<\/p>\n<p><strong>Softstarter<\/strong><br \/>\nUm die Anlaufleistung der Wasserstrahlschneidpumpe auf maximal 2,5 x I zu reduzieren, wird ein sogenannter Softstarter integriert.<\/p>\n<p>&nbsp;<\/p>\n<p><strong>Pump Skid f\u00fcr zwei Pumpen<\/strong><br \/>\nDas Pump Skid steuert das komplette Wassermanagement beim Einsatz verschiedener Pumpen auf einem einzelnen oder mehreren Schneidtisch(en).<\/p>\n<p>&nbsp;<\/p>\n<p><strong>CC-Serie Wasserenth\u00e4rter<\/strong><br \/>\nDie Wasserenth\u00e4rter der CC-Serie sind als Duplex-System gebaut und sind zuverl\u00e4ssig, effizient und kosteng\u00fcnstig. Das kompakte System, das Harzbeh\u00e4lter enth\u00e4lt, erzeugt 24 Stunden am Tag enth\u00e4rtetes Wasser. Bei der Standard-CC-Serie darf die durchschnittliche H\u00e4rte des Zulaufwassers 8,5\u00b0dH nicht \u00fcberschreiten. Alternative Baureihen, bei denen die Zulaufwasserh\u00e4rte diesen H\u00f6chstwert von 8,5\u00b0dH \u00fcberschreiten darf, sind verf\u00fcgbar.<\/p>\n<ul>\n<li>Kein Stromanschluss, keine komplizierten Zeitschaltuhren oder Bedieneraktivierung erforderlich<\/li>\n<li>Hocheffizientes System mit geringem Verbrauch von Wasser und Salz<\/li>\n<li>Volumetrische Regeneration<\/li>\n<\/ul>\n<table style=\"height: 121px;\" width=\"605\">\n<tbody>\n<tr>\n<td width=\"193\">CC-Serie Wasserenth\u00e4rter<\/td>\n<td width=\"115\"><\/td>\n<\/tr>\n<tr>\n<td>Behandeltes Volumen vor der erforderlichen Regeneration<\/td>\n<td>275 bis 2200 Liter<\/td>\n<\/tr>\n<tr>\n<td>Mindestkapazit\u00e4t w\u00e4hrend der Regeneration<\/td>\n<td>11 L\/min<\/td>\n<\/tr>\n<tr>\n<td>Salzkapazit\u00e4t<\/td>\n<td>25 kg<\/td>\n<\/tr>\n<\/tbody>\n<\/table>\n<p>&nbsp;<\/p>","protected":false},"excerpt":{"rendered":"<ul>\n<li>Softstarter<\/li>\n<li>Pump Skid f\u00fcr zwei Pumpen<\/li>\n<li>CC-Serie Wasserenth\u00e4rter<\/li>\n<li>Der doppelte Druck\u00fcbersetzer ist eine n\u00fctzliche Option, wenn Sie die Produktion mit einem Druck\u00fcbersetzer fortsetzen und den anderen warten m\u00f6chten<\/li>\n<\/ul>","protected":false},"featured_media":9437,"template":"","meta":{"content-type":""},"product_brand":[],"product_cat":[125],"product_tag":[126],"class_list":{"0":"post-9131","1":"product","2":"type-product","3":"status-publish","4":"has-post-thumbnail","6":"product_cat-waterjet-cutting-pumps","7":"product_tag-waterjet-cutting-pumps","9":"first","10":"instock","11":"sold-individually","12":"shipping-taxable","13":"product-type-external"},"yoast_head":"<!-- This site is optimized with the Yoast SEO plugin v27.4 - https:\/\/yoast.com\/product\/yoast-seo-wordpress\/ -->\n<title>Options for the PJ4-4000 - Resato Waterjet<\/title>\n<meta name=\"description\" content=\"Our PJ4-4000 intensifier pump options include softstarters, pump skids, water softeners that can optimize your machining processes.\" \/>\n<meta name=\"robots\" content=\"index, follow, max-snippet:-1, max-image-preview:large, max-video-preview:-1\" \/>\n<link rel=\"canonical\" href=\"https:\/\/resato-waterjet.com\/de\/produkt\/pj4-4000-optionen\/\" \/>\n<meta property=\"og:locale\" content=\"de_DE\" \/>\n<meta property=\"og:type\" content=\"article\" \/>\n<meta property=\"og:title\" content=\"Options for the PJ4-4000 - Resato Waterjet\" \/>\n<meta property=\"og:description\" content=\"Our PJ4-4000 intensifier pump options include softstarters, pump skids, water softeners that can optimize your machining processes.\" \/>\n<meta property=\"og:url\" content=\"https:\/\/resato-waterjet.com\/de\/produkt\/pj4-4000-optionen\/\" \/>\n<meta property=\"og:site_name\" content=\"Resato Waterjet\" \/>\n<meta property=\"article:modified_time\" content=\"2026-01-29T09:28:14+00:00\" \/>\n<meta property=\"og:image\" content=\"https:\/\/resato-waterjet.com\/wp-content\/uploads\/2023\/01\/Different-options-for-the-high-pressure-pump.webp\" \/>\n\t<meta property=\"og:image:width\" content=\"760\" \/>\n\t<meta property=\"og:image:height\" content=\"400\" \/>\n\t<meta property=\"og:image:type\" content=\"image\/webp\" \/>\n<meta name=\"twitter:card\" content=\"summary_large_image\" \/>\n<meta name=\"twitter:label1\" content=\"Gesch\u00e4tzte Lesezeit\" \/>\n\t<meta name=\"twitter:data1\" content=\"1\u00a0Minute\" \/>\n<script type=\"application\/ld+json\" class=\"yoast-schema-graph\">{\"@context\":\"https:\\\/\\\/schema.org\",\"@graph\":[{\"@type\":\"WebPage\",\"@id\":\"https:\\\/\\\/resato-waterjet.com\\\/product\\\/pj4-4000-options\\\/\",\"url\":\"https:\\\/\\\/resato-waterjet.com\\\/product\\\/pj4-4000-options\\\/\",\"name\":\"Options for the PJ4-4000 - Resato Waterjet\",\"isPartOf\":{\"@id\":\"https:\\\/\\\/resato-waterjet.com\\\/en\\\/#website\"},\"primaryImageOfPage\":{\"@id\":\"https:\\\/\\\/resato-waterjet.com\\\/product\\\/pj4-4000-options\\\/#primaryimage\"},\"image\":{\"@id\":\"https:\\\/\\\/resato-waterjet.com\\\/product\\\/pj4-4000-options\\\/#primaryimage\"},\"thumbnailUrl\":\"https:\\\/\\\/resato-waterjet.com\\\/wp-content\\\/uploads\\\/2023\\\/01\\\/Different-options-for-the-high-pressure-pump.webp\",\"datePublished\":\"2023-01-21T21:12:21+00:00\",\"dateModified\":\"2026-01-29T09:28:14+00:00\",\"description\":\"Our PJ4-4000 intensifier pump options include softstarters, pump skids, water softeners that can optimize your machining processes.\",\"breadcrumb\":{\"@id\":\"https:\\\/\\\/resato-waterjet.com\\\/product\\\/pj4-4000-options\\\/#breadcrumb\"},\"inLanguage\":\"de\",\"potentialAction\":[{\"@type\":\"ReadAction\",\"target\":[\"https:\\\/\\\/resato-waterjet.com\\\/product\\\/pj4-4000-options\\\/\"]}]},{\"@type\":\"ImageObject\",\"inLanguage\":\"de\",\"@id\":\"https:\\\/\\\/resato-waterjet.com\\\/product\\\/pj4-4000-options\\\/#primaryimage\",\"url\":\"https:\\\/\\\/resato-waterjet.com\\\/wp-content\\\/uploads\\\/2023\\\/01\\\/Different-options-for-the-high-pressure-pump.webp\",\"contentUrl\":\"https:\\\/\\\/resato-waterjet.com\\\/wp-content\\\/uploads\\\/2023\\\/01\\\/Different-options-for-the-high-pressure-pump.webp\",\"width\":760,\"height\":400,\"caption\":\"Waterjet Pump PJ4-4000\"},{\"@type\":\"BreadcrumbList\",\"@id\":\"https:\\\/\\\/resato-waterjet.com\\\/product\\\/pj4-4000-options\\\/#breadcrumb\",\"itemListElement\":[{\"@type\":\"ListItem\",\"position\":1,\"name\":\"Home\",\"item\":\"https:\\\/\\\/resato-waterjet.com\\\/fr\\\/\"},{\"@type\":\"ListItem\",\"position\":2,\"name\":\"Machines and Services\",\"item\":\"https:\\\/\\\/resato-waterjet.com\\\/en\\\/machines-and-services\\\/\"},{\"@type\":\"ListItem\",\"position\":3,\"name\":\"Options for the PJ4-4000\"}]},{\"@type\":\"WebSite\",\"@id\":\"https:\\\/\\\/resato-waterjet.com\\\/en\\\/#website\",\"url\":\"https:\\\/\\\/resato-waterjet.com\\\/en\\\/\",\"name\":\"Resato Waterjet\",\"description\":\"Creating Magic with Water\",\"publisher\":{\"@id\":\"https:\\\/\\\/resato-waterjet.com\\\/en\\\/#organization\"},\"alternateName\":\"Resato\",\"potentialAction\":[{\"@type\":\"SearchAction\",\"target\":{\"@type\":\"EntryPoint\",\"urlTemplate\":\"https:\\\/\\\/resato-waterjet.com\\\/en\\\/?s={search_term_string}\"},\"query-input\":{\"@type\":\"PropertyValueSpecification\",\"valueRequired\":true,\"valueName\":\"search_term_string\"}}],\"inLanguage\":\"de\"},{\"@type\":\"Organization\",\"@id\":\"https:\\\/\\\/resato-waterjet.com\\\/en\\\/#organization\",\"name\":\"Resato Waterjet\",\"alternateName\":\"Resato\",\"url\":\"https:\\\/\\\/resato-waterjet.com\\\/en\\\/\",\"logo\":{\"@type\":\"ImageObject\",\"inLanguage\":\"de\",\"@id\":\"https:\\\/\\\/resato-waterjet.com\\\/en\\\/#\\\/schema\\\/logo\\\/image\\\/\",\"url\":\"https:\\\/\\\/mlwy9mbbs62x.i.optimole.com\\\/w:auto\\\/h:auto\\\/q:mauto\\\/f:avif\\\/https:\\\/\\\/resato-waterjet.com\\\/wp-content\\\/uploads\\\/2023\\\/03\\\/cropped-Resato-YOutube-Logo.png\",\"contentUrl\":\"https:\\\/\\\/mlwy9mbbs62x.i.optimole.com\\\/w:auto\\\/h:auto\\\/q:mauto\\\/f:avif\\\/https:\\\/\\\/resato-waterjet.com\\\/wp-content\\\/uploads\\\/2023\\\/03\\\/cropped-Resato-YOutube-Logo.png\",\"width\":512,\"height\":512,\"caption\":\"Resato Waterjet\"},\"image\":{\"@id\":\"https:\\\/\\\/resato-waterjet.com\\\/en\\\/#\\\/schema\\\/logo\\\/image\\\/\"},\"sameAs\":[\"https:\\\/\\\/www.linkedin.com\\\/company\\\/resato-waterjet-technology\\\/\"]}]}<\/script>\n<!-- \/ Yoast SEO plugin. -->","yoast_head_json":{"title":"Optionen f\u00fcr den PJ4-4000 - Resato Waterjet","description":"Unsere PJ4-4000 Druck\u00fcbersetzerpumpenoptionen umfassen Softstarter, Pumpenskids und Wasserenth\u00e4rter, die Ihre Bearbeitungsprozesse optimieren k\u00f6nnen.","robots":{"index":"index","follow":"follow","max-snippet":"max-snippet:-1","max-image-preview":"max-image-preview:large","max-video-preview":"max-video-preview:-1"},"canonical":"https:\/\/resato-waterjet.com\/de\/produkt\/pj4-4000-optionen\/","og_locale":"de_DE","og_type":"article","og_title":"Options for the PJ4-4000 - Resato Waterjet","og_description":"Our PJ4-4000 intensifier pump options include softstarters, pump skids, water softeners that can optimize your machining processes.","og_url":"https:\/\/resato-waterjet.com\/de\/produkt\/pj4-4000-optionen\/","og_site_name":"Resato Waterjet","article_modified_time":"2026-01-29T09:28:14+00:00","og_image":[{"width":760,"height":400,"url":"https:\/\/resato-waterjet.com\/wp-content\/uploads\/2023\/01\/Different-options-for-the-high-pressure-pump.webp","type":"image\/webp"}],"twitter_card":"summary_large_image","twitter_misc":{"Gesch\u00e4tzte Lesezeit":"1\u00a0Minute"},"schema":{"@context":"https:\/\/schema.org","@graph":[{"@type":"WebPage","@id":"https:\/\/resato-waterjet.com\/product\/pj4-4000-options\/","url":"https:\/\/resato-waterjet.com\/product\/pj4-4000-options\/","name":"Optionen f\u00fcr den PJ4-4000 - Resato Waterjet","isPartOf":{"@id":"https:\/\/resato-waterjet.com\/en\/#website"},"primaryImageOfPage":{"@id":"https:\/\/resato-waterjet.com\/product\/pj4-4000-options\/#primaryimage"},"image":{"@id":"https:\/\/resato-waterjet.com\/product\/pj4-4000-options\/#primaryimage"},"thumbnailUrl":"https:\/\/resato-waterjet.com\/wp-content\/uploads\/2023\/01\/Different-options-for-the-high-pressure-pump.webp","datePublished":"2023-01-21T21:12:21+00:00","dateModified":"2026-01-29T09:28:14+00:00","description":"Unsere PJ4-4000 Druck\u00fcbersetzerpumpenoptionen umfassen Softstarter, Pumpenskids und Wasserenth\u00e4rter, die Ihre Bearbeitungsprozesse optimieren k\u00f6nnen.","breadcrumb":{"@id":"https:\/\/resato-waterjet.com\/product\/pj4-4000-options\/#breadcrumb"},"inLanguage":"de","potentialAction":[{"@type":"ReadAction","target":["https:\/\/resato-waterjet.com\/product\/pj4-4000-options\/"]}]},{"@type":"ImageObject","inLanguage":"de","@id":"https:\/\/resato-waterjet.com\/product\/pj4-4000-options\/#primaryimage","url":"https:\/\/resato-waterjet.com\/wp-content\/uploads\/2023\/01\/Different-options-for-the-high-pressure-pump.webp","contentUrl":"https:\/\/resato-waterjet.com\/wp-content\/uploads\/2023\/01\/Different-options-for-the-high-pressure-pump.webp","width":760,"height":400,"caption":"Waterjet Pump PJ4-4000"},{"@type":"BreadcrumbList","@id":"https:\/\/resato-waterjet.com\/product\/pj4-4000-options\/#breadcrumb","itemListElement":[{"@type":"ListItem","position":1,"name":"Home","item":"https:\/\/resato-waterjet.com\/fr\/"},{"@type":"ListItem","position":2,"name":"Machines and Services","item":"https:\/\/resato-waterjet.com\/en\/machines-and-services\/"},{"@type":"ListItem","position":3,"name":"Options for the PJ4-4000"}]},{"@type":"WebSite","@id":"https:\/\/resato-waterjet.com\/en\/#website","url":"https:\/\/resato-waterjet.com\/en\/","name":"Resato Wasserstrahl","description":"Zaubern mit Wasser","publisher":{"@id":"https:\/\/resato-waterjet.com\/en\/#organization"},"alternateName":"Resato","potentialAction":[{"@type":"SearchAction","target":{"@type":"EntryPoint","urlTemplate":"https:\/\/resato-waterjet.com\/en\/?s={search_term_string}"},"query-input":{"@type":"PropertyValueSpecification","valueRequired":true,"valueName":"search_term_string"}}],"inLanguage":"de"},{"@type":"Organization","@id":"https:\/\/resato-waterjet.com\/en\/#organization","name":"Resato Wasserstrahl","alternateName":"Resato","url":"https:\/\/resato-waterjet.com\/en\/","logo":{"@type":"ImageObject","inLanguage":"de","@id":"https:\/\/resato-waterjet.com\/en\/#\/schema\/logo\/image\/","url":"https:\/\/mlwy9mbbs62x.i.optimole.com\/w:auto\/h:auto\/q:mauto\/f:avif\/https:\/\/resato-waterjet.com\/wp-content\/uploads\/2023\/03\/cropped-Resato-YOutube-Logo.png","contentUrl":"https:\/\/mlwy9mbbs62x.i.optimole.com\/w:auto\/h:auto\/q:mauto\/f:avif\/https:\/\/resato-waterjet.com\/wp-content\/uploads\/2023\/03\/cropped-Resato-YOutube-Logo.png","width":512,"height":512,"caption":"Resato Waterjet"},"image":{"@id":"https:\/\/resato-waterjet.com\/en\/#\/schema\/logo\/image\/"},"sameAs":["https:\/\/www.linkedin.com\/company\/resato-waterjet-technology\/"]}]}},"_links":{"self":[{"href":"https:\/\/resato-waterjet.com\/de\/wp-json\/wp\/v2\/product\/9131","targetHints":{"allow":["GET"]}}],"collection":[{"href":"https:\/\/resato-waterjet.com\/de\/wp-json\/wp\/v2\/product"}],"about":[{"href":"https:\/\/resato-waterjet.com\/de\/wp-json\/wp\/v2\/types\/product"}],"version-history":[{"count":4,"href":"https:\/\/resato-waterjet.com\/de\/wp-json\/wp\/v2\/product\/9131\/revisions"}],"predecessor-version":[{"id":11589,"href":"https:\/\/resato-waterjet.com\/de\/wp-json\/wp\/v2\/product\/9131\/revisions\/11589"}],"wp:featuredmedia":[{"embeddable":true,"href":"https:\/\/resato-waterjet.com\/de\/wp-json\/wp\/v2\/media\/9437"}],"wp:attachment":[{"href":"https:\/\/resato-waterjet.com\/de\/wp-json\/wp\/v2\/media?parent=9131"}],"wp:term":[{"taxonomy":"product_brand","embeddable":true,"href":"https:\/\/resato-waterjet.com\/de\/wp-json\/wp\/v2\/product_brand?post=9131"},{"taxonomy":"product_cat","embeddable":true,"href":"https:\/\/resato-waterjet.com\/de\/wp-json\/wp\/v2\/product_cat?post=9131"},{"taxonomy":"product_tag","embeddable":true,"href":"https:\/\/resato-waterjet.com\/de\/wp-json\/wp\/v2\/product_tag?post=9131"}],"curies":[{"name":"wp","href":"https:\/\/api.w.org\/{rel}","templated":true}]}}