{"id":9122,"date":"2023-01-21T21:01:13","date_gmt":"2023-01-21T21:01:13","guid":{"rendered":"https:\/\/resato-waterjet.com\/?post_type=product&#038;p=9122"},"modified":"2025-09-26T11:58:10","modified_gmt":"2025-09-26T11:58:10","slug":"pj4-4000","status":"publish","type":"product","link":"https:\/\/resato-waterjet.com\/de\/product\/pj4-4000\/","title":{"rendered":"PJ4-4000"},"content":{"rendered":"<p>Die PJ-Hochdruckpumpe arbeitet nach dem Prinzip des Druckverst\u00e4rkers, wobei der Druckverst\u00e4rker von einer elektrohydraulischen Pumpe angetrieben wird. Der Druck\u00fcbersetzer wandelt \u00d6ldruck in Wasserdruck um, der von 300 bis 4.000 bar einstellbar ist.<\/p>\n<p>&nbsp;<\/p>\n<p class=\"translation-block\">Eine druckkompensierte <a href=\"https:\/\/en.wikipedia.org\/wiki\/Axial_piston_pump\" target=\"_self\"> hydraulische Axialkolbenpumpe <\/a> wird von einem 30kW-Elektromotor angetrieben, mit einem maximalen \u00d6ldruck von 200 bar. Die Hydraulikpumpe verf\u00fcgt \u00fcber eine elektronische Druckregelung und ein Sicherheitsventil das den Systemdruck entlastet, wenn die Pumpe aussetzt.<\/p>\n<p>&nbsp;<\/p>\n<p><strong>Akkumulator<\/strong><br \/>\nUm die Druckimpulse im System zu minimieren, die durch das Umschalten des Druck\u00fcbersetzers und das \u00d6ffnen und Schlie\u00dfen des Schneidkopfes verursacht werden, verf\u00fcgt das System \u00fcber einen integrierten 2,5-Liter-Druckspeicher. Der Druckspeicher hat sich in der Praxis bew\u00e4hrt und reduziert den Verschlei\u00df der Hochdruckschl\u00e4uche und -armaturen erheblich.<\/p>\n<p>&nbsp;<\/p>\n<p><strong>Technische Angaben<\/strong><\/p>\n<table style=\"height: 124px;\" width=\"453\">\n<tbody>\n<tr>\n<td width=\"193\">PJ4-4000<\/td>\n<td width=\"115\"><\/td>\n<\/tr>\n<tr>\n<td>Maximumkapazit\u00e4t<\/td>\n<td>3,8 L\/min<\/td>\n<\/tr>\n<tr>\n<td>H\u00f6chstdruck<\/td>\n<td>4000 bar<\/td>\n<\/tr>\n<tr>\n<td>H\u00f6chstleistung<\/td>\n<td>30 kW<\/td>\n<\/tr>\n<tr>\n<td>Anzahl der Druckverst\u00e4r<\/td>\n<td>1<\/td>\n<\/tr>\n<\/tbody>\n<\/table>\n<p>&nbsp;<\/p>\n<p class=\"translation-block\">Die Wasserstrahlpumpe kann mit <a href=\"https:\/\/resato-waterjet.com\/de\/produkt\/pj4-4000-optionen\/\" target=\"_self\"> verschiedenen Optionen <\/a> und Funktionen erg\u00e4nzt werden um Ihre Wasserstrahlschneidleistung weiter zu optimieren.<\/p>","protected":false},"excerpt":{"rendered":"<p class=\"translation-block\">Hervorragende Schnittqualit\u00e4t durch minimale Druckschwankungen dank der Optimierung des Hubvolumens, eines Hochdruckspeichers und der elektronischen Schaltung des Druckverst\u00e4rkers<\/p>\n<p>Design und Arbeitsh\u00f6he erm\u00f6glichen einen einfachen Zugang zu allen wichtigen Komponenten<\/p>\n<p>Benutzerfreundliche Bedienung via Touchpanel<\/p>\n<p>Niedriger Ger\u00e4uschpegel: &lt;72 DB<\/p>","protected":false},"featured_media":11255,"template":"","meta":{"content-type":""},"product_brand":[],"product_cat":[125],"product_tag":[126],"class_list":{"0":"post-9122","1":"product","2":"type-product","3":"status-publish","4":"has-post-thumbnail","6":"product_cat-waterjet-cutting-pumps","7":"product_tag-waterjet-cutting-pumps","9":"first","10":"instock","11":"shipping-taxable","12":"product-type-external"},"yoast_head":"<!-- This site is optimized with the Yoast SEO plugin v27.4 - https:\/\/yoast.com\/product\/yoast-seo-wordpress\/ -->\n<title>PJ4-4000 - Resato Waterjet<\/title>\n<meta name=\"description\" content=\"The PJ4-4000 intensifier pump generates a high and steady water pressure from 300 to 4000 bar with a relatively low oil pressure.\" \/>\n<meta name=\"robots\" content=\"index, follow, max-snippet:-1, max-image-preview:large, max-video-preview:-1\" \/>\n<link rel=\"canonical\" href=\"https:\/\/resato-waterjet.com\/de\/produkt\/pj4-4000\/\" \/>\n<meta property=\"og:locale\" content=\"de_DE\" \/>\n<meta property=\"og:type\" content=\"article\" \/>\n<meta property=\"og:title\" content=\"PJ4-4000 - Resato Waterjet\" \/>\n<meta property=\"og:description\" content=\"The PJ4-4000 intensifier pump generates a high and steady water pressure from 300 to 4000 bar with a relatively low oil pressure.\" \/>\n<meta property=\"og:url\" content=\"https:\/\/resato-waterjet.com\/de\/produkt\/pj4-4000\/\" \/>\n<meta property=\"og:site_name\" content=\"Resato Waterjet\" \/>\n<meta property=\"article:modified_time\" content=\"2025-09-26T11:58:10+00:00\" \/>\n<meta property=\"og:image\" content=\"https:\/\/resato-waterjet.com\/wp-content\/uploads\/2025\/09\/PJ-4_lichtgrijs-frontpaneel_symm_coverzijpaneel-zonder-ruitlogo_hoog_02-e1758887879698.jpg\" \/>\n\t<meta property=\"og:image:width\" content=\"1585\" \/>\n\t<meta property=\"og:image:height\" content=\"834\" \/>\n\t<meta property=\"og:image:type\" content=\"image\/jpeg\" \/>\n<meta name=\"twitter:card\" content=\"summary_large_image\" \/>\n<meta name=\"twitter:label1\" content=\"Gesch\u00e4tzte Lesezeit\" \/>\n\t<meta name=\"twitter:data1\" content=\"1\u00a0Minute\" \/>\n<script type=\"application\/ld+json\" class=\"yoast-schema-graph\">{\"@context\":\"https:\\\/\\\/schema.org\",\"@graph\":[{\"@type\":\"WebPage\",\"@id\":\"https:\\\/\\\/resato-waterjet.com\\\/en\\\/product\\\/pj4-4000\\\/\",\"url\":\"https:\\\/\\\/resato-waterjet.com\\\/en\\\/product\\\/pj4-4000\\\/\",\"name\":\"PJ4-4000 - Resato Waterjet\",\"isPartOf\":{\"@id\":\"https:\\\/\\\/resato-waterjet.com\\\/en\\\/#website\"},\"primaryImageOfPage\":{\"@id\":\"https:\\\/\\\/resato-waterjet.com\\\/en\\\/product\\\/pj4-4000\\\/#primaryimage\"},\"image\":{\"@id\":\"https:\\\/\\\/resato-waterjet.com\\\/en\\\/product\\\/pj4-4000\\\/#primaryimage\"},\"thumbnailUrl\":\"https:\\\/\\\/resato-waterjet.com\\\/wp-content\\\/uploads\\\/2025\\\/09\\\/PJ-4_lichtgrijs-frontpaneel_symm_coverzijpaneel-zonder-ruitlogo_hoog_02-e1758887879698.jpg\",\"datePublished\":\"2023-01-21T21:01:13+00:00\",\"dateModified\":\"2025-09-26T11:58:10+00:00\",\"description\":\"The PJ4-4000 intensifier pump generates a high and steady water pressure from 300 to 4000 bar with a relatively low oil pressure.\",\"breadcrumb\":{\"@id\":\"https:\\\/\\\/resato-waterjet.com\\\/en\\\/product\\\/pj4-4000\\\/#breadcrumb\"},\"inLanguage\":\"de\",\"potentialAction\":[{\"@type\":\"ReadAction\",\"target\":[\"https:\\\/\\\/resato-waterjet.com\\\/en\\\/product\\\/pj4-4000\\\/\"]}]},{\"@type\":\"ImageObject\",\"inLanguage\":\"de\",\"@id\":\"https:\\\/\\\/resato-waterjet.com\\\/en\\\/product\\\/pj4-4000\\\/#primaryimage\",\"url\":\"https:\\\/\\\/resato-waterjet.com\\\/wp-content\\\/uploads\\\/2025\\\/09\\\/PJ-4_lichtgrijs-frontpaneel_symm_coverzijpaneel-zonder-ruitlogo_hoog_02-e1758887879698.jpg\",\"contentUrl\":\"https:\\\/\\\/resato-waterjet.com\\\/wp-content\\\/uploads\\\/2025\\\/09\\\/PJ-4_lichtgrijs-frontpaneel_symm_coverzijpaneel-zonder-ruitlogo_hoog_02-e1758887879698.jpg\",\"width\":1585,\"height\":834,\"caption\":\"PJ2-4000\"},{\"@type\":\"BreadcrumbList\",\"@id\":\"https:\\\/\\\/resato-waterjet.com\\\/en\\\/product\\\/pj4-4000\\\/#breadcrumb\",\"itemListElement\":[{\"@type\":\"ListItem\",\"position\":1,\"name\":\"Home\",\"item\":\"https:\\\/\\\/resato-waterjet.com\\\/fr\\\/\"},{\"@type\":\"ListItem\",\"position\":2,\"name\":\"Machines and Services\",\"item\":\"https:\\\/\\\/resato-waterjet.com\\\/en\\\/machines-and-services\\\/\"},{\"@type\":\"ListItem\",\"position\":3,\"name\":\"PJ4-4000\"}]},{\"@type\":\"WebSite\",\"@id\":\"https:\\\/\\\/resato-waterjet.com\\\/en\\\/#website\",\"url\":\"https:\\\/\\\/resato-waterjet.com\\\/en\\\/\",\"name\":\"Resato Waterjet\",\"description\":\"Creating Magic with Water\",\"publisher\":{\"@id\":\"https:\\\/\\\/resato-waterjet.com\\\/en\\\/#organization\"},\"alternateName\":\"Resato\",\"potentialAction\":[{\"@type\":\"SearchAction\",\"target\":{\"@type\":\"EntryPoint\",\"urlTemplate\":\"https:\\\/\\\/resato-waterjet.com\\\/en\\\/?s={search_term_string}\"},\"query-input\":{\"@type\":\"PropertyValueSpecification\",\"valueRequired\":true,\"valueName\":\"search_term_string\"}}],\"inLanguage\":\"de\"},{\"@type\":\"Organization\",\"@id\":\"https:\\\/\\\/resato-waterjet.com\\\/en\\\/#organization\",\"name\":\"Resato Waterjet\",\"alternateName\":\"Resato\",\"url\":\"https:\\\/\\\/resato-waterjet.com\\\/en\\\/\",\"logo\":{\"@type\":\"ImageObject\",\"inLanguage\":\"de\",\"@id\":\"https:\\\/\\\/resato-waterjet.com\\\/en\\\/#\\\/schema\\\/logo\\\/image\\\/\",\"url\":\"https:\\\/\\\/mlwy9mbbs62x.i.optimole.com\\\/w:auto\\\/h:auto\\\/q:mauto\\\/f:avif\\\/https:\\\/\\\/resato-waterjet.com\\\/wp-content\\\/uploads\\\/2023\\\/03\\\/cropped-Resato-YOutube-Logo.png\",\"contentUrl\":\"https:\\\/\\\/mlwy9mbbs62x.i.optimole.com\\\/w:auto\\\/h:auto\\\/q:mauto\\\/f:avif\\\/https:\\\/\\\/resato-waterjet.com\\\/wp-content\\\/uploads\\\/2023\\\/03\\\/cropped-Resato-YOutube-Logo.png\",\"width\":512,\"height\":512,\"caption\":\"Resato Waterjet\"},\"image\":{\"@id\":\"https:\\\/\\\/resato-waterjet.com\\\/en\\\/#\\\/schema\\\/logo\\\/image\\\/\"},\"sameAs\":[\"https:\\\/\\\/www.linkedin.com\\\/company\\\/resato-waterjet-technology\\\/\"]}]}<\/script>\n<!-- \/ Yoast SEO plugin. -->","yoast_head_json":{"title":"PJ4-4000 - Resato Wasserstrahl","description":"Die Druck\u00fcbersetzerpumpe PJ4-4000 erzeugt einen hohen und gleichm\u00e4\u00dfigen Wasserdruck von 300 bis 4000 bar bei relativ niedrigem \u00d6ldruck.","robots":{"index":"index","follow":"follow","max-snippet":"max-snippet:-1","max-image-preview":"max-image-preview:large","max-video-preview":"max-video-preview:-1"},"canonical":"https:\/\/resato-waterjet.com\/de\/produkt\/pj4-4000\/","og_locale":"de_DE","og_type":"article","og_title":"PJ4-4000 - Resato Waterjet","og_description":"The PJ4-4000 intensifier pump generates a high and steady water pressure from 300 to 4000 bar with a relatively low oil pressure.","og_url":"https:\/\/resato-waterjet.com\/de\/produkt\/pj4-4000\/","og_site_name":"Resato Waterjet","article_modified_time":"2025-09-26T11:58:10+00:00","og_image":[{"width":1585,"height":834,"url":"https:\/\/resato-waterjet.com\/wp-content\/uploads\/2025\/09\/PJ-4_lichtgrijs-frontpaneel_symm_coverzijpaneel-zonder-ruitlogo_hoog_02-e1758887879698.jpg","type":"image\/jpeg"}],"twitter_card":"summary_large_image","twitter_misc":{"Gesch\u00e4tzte Lesezeit":"1\u00a0Minute"},"schema":{"@context":"https:\/\/schema.org","@graph":[{"@type":"WebPage","@id":"https:\/\/resato-waterjet.com\/en\/product\/pj4-4000\/","url":"https:\/\/resato-waterjet.com\/en\/product\/pj4-4000\/","name":"PJ4-4000 - Resato Wasserstrahl","isPartOf":{"@id":"https:\/\/resato-waterjet.com\/en\/#website"},"primaryImageOfPage":{"@id":"https:\/\/resato-waterjet.com\/en\/product\/pj4-4000\/#primaryimage"},"image":{"@id":"https:\/\/resato-waterjet.com\/en\/product\/pj4-4000\/#primaryimage"},"thumbnailUrl":"https:\/\/resato-waterjet.com\/wp-content\/uploads\/2025\/09\/PJ-4_lichtgrijs-frontpaneel_symm_coverzijpaneel-zonder-ruitlogo_hoog_02-e1758887879698.jpg","datePublished":"2023-01-21T21:01:13+00:00","dateModified":"2025-09-26T11:58:10+00:00","description":"Die Druck\u00fcbersetzerpumpe PJ4-4000 erzeugt einen hohen und gleichm\u00e4\u00dfigen Wasserdruck von 300 bis 4000 bar bei relativ niedrigem \u00d6ldruck.","breadcrumb":{"@id":"https:\/\/resato-waterjet.com\/en\/product\/pj4-4000\/#breadcrumb"},"inLanguage":"de","potentialAction":[{"@type":"ReadAction","target":["https:\/\/resato-waterjet.com\/en\/product\/pj4-4000\/"]}]},{"@type":"ImageObject","inLanguage":"de","@id":"https:\/\/resato-waterjet.com\/en\/product\/pj4-4000\/#primaryimage","url":"https:\/\/resato-waterjet.com\/wp-content\/uploads\/2025\/09\/PJ-4_lichtgrijs-frontpaneel_symm_coverzijpaneel-zonder-ruitlogo_hoog_02-e1758887879698.jpg","contentUrl":"https:\/\/resato-waterjet.com\/wp-content\/uploads\/2025\/09\/PJ-4_lichtgrijs-frontpaneel_symm_coverzijpaneel-zonder-ruitlogo_hoog_02-e1758887879698.jpg","width":1585,"height":834,"caption":"PJ2-4000"},{"@type":"BreadcrumbList","@id":"https:\/\/resato-waterjet.com\/en\/product\/pj4-4000\/#breadcrumb","itemListElement":[{"@type":"ListItem","position":1,"name":"Home","item":"https:\/\/resato-waterjet.com\/fr\/"},{"@type":"ListItem","position":2,"name":"Machines and Services","item":"https:\/\/resato-waterjet.com\/en\/machines-and-services\/"},{"@type":"ListItem","position":3,"name":"PJ4-4000"}]},{"@type":"WebSite","@id":"https:\/\/resato-waterjet.com\/en\/#website","url":"https:\/\/resato-waterjet.com\/en\/","name":"Resato Wasserstrahl","description":"Zaubern mit Wasser","publisher":{"@id":"https:\/\/resato-waterjet.com\/en\/#organization"},"alternateName":"Resato","potentialAction":[{"@type":"SearchAction","target":{"@type":"EntryPoint","urlTemplate":"https:\/\/resato-waterjet.com\/en\/?s={search_term_string}"},"query-input":{"@type":"PropertyValueSpecification","valueRequired":true,"valueName":"search_term_string"}}],"inLanguage":"de"},{"@type":"Organization","@id":"https:\/\/resato-waterjet.com\/en\/#organization","name":"Resato Wasserstrahl","alternateName":"Resato","url":"https:\/\/resato-waterjet.com\/en\/","logo":{"@type":"ImageObject","inLanguage":"de","@id":"https:\/\/resato-waterjet.com\/en\/#\/schema\/logo\/image\/","url":"https:\/\/mlwy9mbbs62x.i.optimole.com\/w:auto\/h:auto\/q:mauto\/f:avif\/https:\/\/resato-waterjet.com\/wp-content\/uploads\/2023\/03\/cropped-Resato-YOutube-Logo.png","contentUrl":"https:\/\/mlwy9mbbs62x.i.optimole.com\/w:auto\/h:auto\/q:mauto\/f:avif\/https:\/\/resato-waterjet.com\/wp-content\/uploads\/2023\/03\/cropped-Resato-YOutube-Logo.png","width":512,"height":512,"caption":"Resato Waterjet"},"image":{"@id":"https:\/\/resato-waterjet.com\/en\/#\/schema\/logo\/image\/"},"sameAs":["https:\/\/www.linkedin.com\/company\/resato-waterjet-technology\/"]}]}},"_links":{"self":[{"href":"https:\/\/resato-waterjet.com\/de\/wp-json\/wp\/v2\/product\/9122","targetHints":{"allow":["GET"]}}],"collection":[{"href":"https:\/\/resato-waterjet.com\/de\/wp-json\/wp\/v2\/product"}],"about":[{"href":"https:\/\/resato-waterjet.com\/de\/wp-json\/wp\/v2\/types\/product"}],"version-history":[{"count":3,"href":"https:\/\/resato-waterjet.com\/de\/wp-json\/wp\/v2\/product\/9122\/revisions"}],"predecessor-version":[{"id":9123,"href":"https:\/\/resato-waterjet.com\/de\/wp-json\/wp\/v2\/product\/9122\/revisions\/9123"}],"wp:featuredmedia":[{"embeddable":true,"href":"https:\/\/resato-waterjet.com\/de\/wp-json\/wp\/v2\/media\/11255"}],"wp:attachment":[{"href":"https:\/\/resato-waterjet.com\/de\/wp-json\/wp\/v2\/media?parent=9122"}],"wp:term":[{"taxonomy":"product_brand","embeddable":true,"href":"https:\/\/resato-waterjet.com\/de\/wp-json\/wp\/v2\/product_brand?post=9122"},{"taxonomy":"product_cat","embeddable":true,"href":"https:\/\/resato-waterjet.com\/de\/wp-json\/wp\/v2\/product_cat?post=9122"},{"taxonomy":"product_tag","embeddable":true,"href":"https:\/\/resato-waterjet.com\/de\/wp-json\/wp\/v2\/product_tag?post=9122"}],"curies":[{"name":"wp","href":"https:\/\/api.w.org\/{rel}","templated":true}]}}