{"id":9108,"date":"2023-01-21T20:21:12","date_gmt":"2023-01-21T20:21:12","guid":{"rendered":"https:\/\/resato-waterjet.com\/?post_type=product&#038;p=9108"},"modified":"2024-01-22T11:53:46","modified_gmt":"2024-01-22T11:53:46","slug":"25d-schneidkopf-laserpointer-software-fasenschneidmodul","status":"publish","type":"product","link":"https:\/\/resato-waterjet.com\/de\/product\/25d-cutting-head-laser-pointer-software-bevel-cutting-module\/","title":{"rendered":"2D-Schneidkopf Optionen\/Software Fasenschnittmodul"},"content":{"rendered":"<p class=\"translation-block\"><strong>Laserpointer<\/strong><br>\nDer Laserpointer bietet eine erhebliche Zeitersparnis durch die schnelle und genaue Bestimmung des Nullpunktes, durch ein <a href=\"https:\/\/en.wikipedia.org\/wiki\/Laser_pointer\" target=\"_self\">laserprojiziertes Kreuz<\/a> auf dem zu schneidenden Material. Das Kreuz liegt parallel zur X- und Y-Achse. Die Software ber\u00fccksichtigt die Position des Laserpointers, so dass der Schneidkopf den Nullpunkt des Lasers als Startpunkt erkennt.<br>\nDer Laserpointer befindet sich auf dem Schneidschlitten, von dem er auch seine Energie bezieht, und kann auch zur Nivellierung des zu schneidenden Materials in der X- und Y- Achse verwendet werden. Das vom Laser projizierte Kreuz ist auch bei Tageslicht gut sichtbar. Das Geh\u00e4use ist so konstruiert, dass der Schneidprozess und das Hochgeschwindigkeits-Wasser\/Abriebmittel-Gemisch die Lebensdauer des Laserpointers nicht beeintr\u00e4chtigen.<\/p>\n<p>&nbsp;<\/p>\n<p><strong>Software Fasenschnittmodul<\/strong><br \/>\nDas <a href=\"https:\/\/resato-waterjet.com\/de\/produkt\/igems-softwarepaket\/\">IGEMS-Modul<\/a> f\u00fcr das Fasenschneiden wird mit dem automatischen Fasenschneidkopf geliefert und funktioniert einzigartig mit der neuesten Version des IGEMS-Basispakets. Das Fasenschneidmodul erm\u00f6glicht das Schneiden von Fasen in flachen Materialien und ist ideal f\u00fcr die Vorbereitung von zu schwei\u00dfenden Kanten.\n\nDas IGEMS-Fasenschneidmodul ist extrem einfach zu bedienen, da es lediglich die Eingabe des gew\u00fcnschten Winkels und der Breite der Fase ben\u00f6tigt. Die Eingabe erfolgt \u00fcber einen leicht zug\u00e4nglichen Toolpath und bietet eine 2D-\u00e4hnliche Bedienung.<\/p>","protected":false},"excerpt":{"rendered":"<ul>\n<li>Laserpointer<\/li>\n<li>Software Fasenschnittmodul<\/li>\n<\/ul>","protected":false},"featured_media":9110,"template":"","meta":{"content-type":""},"product_brand":[],"product_cat":[123],"product_tag":[124],"class_list":{"0":"post-9108","1":"product","2":"type-product","3":"status-publish","4":"has-post-thumbnail","6":"product_cat-cutting-heads","7":"product_tag-cutting-heads","9":"first","10":"instock","11":"shipping-taxable","12":"product-type-external"},"yoast_head":"<!-- This site is optimized with the Yoast SEO plugin v27.3 - https:\/\/yoast.com\/product\/yoast-seo-wordpress\/ -->\n<title>2.5D Cutting head Laser pointer\/Software Bevel Cutting Module - Resato Waterjet<\/title>\n<meta name=\"description\" content=\"The laser pointer and Software Bevel Cutting Module enhance both precision and automation within your waterjet cutting processes.\" \/>\n<meta name=\"robots\" content=\"index, follow, max-snippet:-1, max-image-preview:large, max-video-preview:-1\" \/>\n<link rel=\"canonical\" href=\"https:\/\/resato-waterjet.com\/de\/produkt\/25d-schneidkopf-laserpointer-software-fasenschneidmodul\/\" \/>\n<meta property=\"og:locale\" content=\"de_DE\" \/>\n<meta property=\"og:type\" content=\"article\" \/>\n<meta property=\"og:title\" content=\"2.5D Cutting head Laser pointer\/Software Bevel Cutting Module - Resato Waterjet\" \/>\n<meta property=\"og:description\" content=\"The laser pointer and Software Bevel Cutting Module enhance both precision and automation within your waterjet cutting processes.\" \/>\n<meta property=\"og:url\" content=\"https:\/\/resato-waterjet.com\/de\/produkt\/25d-schneidkopf-laserpointer-software-fasenschneidmodul\/\" \/>\n<meta property=\"og:site_name\" content=\"Resato Waterjet\" \/>\n<meta property=\"article:modified_time\" content=\"2024-01-22T11:53:46+00:00\" \/>\n<meta property=\"og:image\" content=\"https:\/\/resato-waterjet.com\/wp-content\/uploads\/2023\/01\/Laserpointer-for-waterjet-cutting-table.jpg\" \/>\n\t<meta property=\"og:image:width\" content=\"760\" \/>\n\t<meta property=\"og:image:height\" content=\"400\" \/>\n\t<meta property=\"og:image:type\" content=\"image\/jpeg\" \/>\n<meta name=\"twitter:card\" content=\"summary_large_image\" \/>\n<meta name=\"twitter:label1\" content=\"Gesch\u00e4tzte Lesezeit\" \/>\n\t<meta name=\"twitter:data1\" content=\"2\u00a0Minuten\" \/>\n<script type=\"application\/ld+json\" class=\"yoast-schema-graph\">{\"@context\":\"https:\\\/\\\/schema.org\",\"@graph\":[{\"@type\":\"WebPage\",\"@id\":\"https:\\\/\\\/resato-waterjet.com\\\/en\\\/product\\\/25d-cutting-head-laser-pointer-software-bevel-cutting-module\\\/\",\"url\":\"https:\\\/\\\/resato-waterjet.com\\\/en\\\/product\\\/25d-cutting-head-laser-pointer-software-bevel-cutting-module\\\/\",\"name\":\"2.5D Cutting head Laser pointer\\\/Software Bevel Cutting Module - Resato Waterjet\",\"isPartOf\":{\"@id\":\"https:\\\/\\\/resato-waterjet.com\\\/en\\\/#website\"},\"primaryImageOfPage\":{\"@id\":\"https:\\\/\\\/resato-waterjet.com\\\/en\\\/product\\\/25d-cutting-head-laser-pointer-software-bevel-cutting-module\\\/#primaryimage\"},\"image\":{\"@id\":\"https:\\\/\\\/resato-waterjet.com\\\/en\\\/product\\\/25d-cutting-head-laser-pointer-software-bevel-cutting-module\\\/#primaryimage\"},\"thumbnailUrl\":\"https:\\\/\\\/resato-waterjet.com\\\/wp-content\\\/uploads\\\/2023\\\/01\\\/Laserpointer-for-waterjet-cutting-table.jpg\",\"datePublished\":\"2023-01-21T20:21:12+00:00\",\"dateModified\":\"2024-01-22T11:53:46+00:00\",\"description\":\"The laser pointer and Software Bevel Cutting Module enhance both precision and automation within your waterjet cutting processes.\",\"breadcrumb\":{\"@id\":\"https:\\\/\\\/resato-waterjet.com\\\/en\\\/product\\\/25d-cutting-head-laser-pointer-software-bevel-cutting-module\\\/#breadcrumb\"},\"inLanguage\":\"de\",\"potentialAction\":[{\"@type\":\"ReadAction\",\"target\":[\"https:\\\/\\\/resato-waterjet.com\\\/en\\\/product\\\/25d-cutting-head-laser-pointer-software-bevel-cutting-module\\\/\"]}]},{\"@type\":\"ImageObject\",\"inLanguage\":\"de\",\"@id\":\"https:\\\/\\\/resato-waterjet.com\\\/en\\\/product\\\/25d-cutting-head-laser-pointer-software-bevel-cutting-module\\\/#primaryimage\",\"url\":\"https:\\\/\\\/resato-waterjet.com\\\/wp-content\\\/uploads\\\/2023\\\/01\\\/Laserpointer-for-waterjet-cutting-table.jpg\",\"contentUrl\":\"https:\\\/\\\/resato-waterjet.com\\\/wp-content\\\/uploads\\\/2023\\\/01\\\/Laserpointer-for-waterjet-cutting-table.jpg\",\"width\":760,\"height\":400,\"caption\":\"Laser pointer cutting module\"},{\"@type\":\"BreadcrumbList\",\"@id\":\"https:\\\/\\\/resato-waterjet.com\\\/en\\\/product\\\/25d-cutting-head-laser-pointer-software-bevel-cutting-module\\\/#breadcrumb\",\"itemListElement\":[{\"@type\":\"ListItem\",\"position\":1,\"name\":\"Home\",\"item\":\"https:\\\/\\\/resato-waterjet.com\\\/fr\\\/\"},{\"@type\":\"ListItem\",\"position\":2,\"name\":\"Machines and Services\",\"item\":\"https:\\\/\\\/resato-waterjet.com\\\/en\\\/machines-and-services\\\/\"},{\"@type\":\"ListItem\",\"position\":3,\"name\":\"2.5D Cutting head Laser pointer\\\/Software Bevel Cutting Module\"}]},{\"@type\":\"WebSite\",\"@id\":\"https:\\\/\\\/resato-waterjet.com\\\/en\\\/#website\",\"url\":\"https:\\\/\\\/resato-waterjet.com\\\/en\\\/\",\"name\":\"Resato Waterjet\",\"description\":\"Creating Magic with Water\",\"publisher\":{\"@id\":\"https:\\\/\\\/resato-waterjet.com\\\/en\\\/#organization\"},\"alternateName\":\"Resato\",\"potentialAction\":[{\"@type\":\"SearchAction\",\"target\":{\"@type\":\"EntryPoint\",\"urlTemplate\":\"https:\\\/\\\/resato-waterjet.com\\\/en\\\/?s={search_term_string}\"},\"query-input\":{\"@type\":\"PropertyValueSpecification\",\"valueRequired\":true,\"valueName\":\"search_term_string\"}}],\"inLanguage\":\"de\"},{\"@type\":\"Organization\",\"@id\":\"https:\\\/\\\/resato-waterjet.com\\\/en\\\/#organization\",\"name\":\"Resato Waterjet\",\"alternateName\":\"Resato\",\"url\":\"https:\\\/\\\/resato-waterjet.com\\\/en\\\/\",\"logo\":{\"@type\":\"ImageObject\",\"inLanguage\":\"de\",\"@id\":\"https:\\\/\\\/resato-waterjet.com\\\/en\\\/#\\\/schema\\\/logo\\\/image\\\/\",\"url\":\"https:\\\/\\\/mlwy9mbbs62x.i.optimole.com\\\/w:auto\\\/h:auto\\\/q:mauto\\\/f:avif\\\/https:\\\/\\\/resato-waterjet.com\\\/wp-content\\\/uploads\\\/2023\\\/03\\\/cropped-Resato-YOutube-Logo.png\",\"contentUrl\":\"https:\\\/\\\/mlwy9mbbs62x.i.optimole.com\\\/w:auto\\\/h:auto\\\/q:mauto\\\/f:avif\\\/https:\\\/\\\/resato-waterjet.com\\\/wp-content\\\/uploads\\\/2023\\\/03\\\/cropped-Resato-YOutube-Logo.png\",\"width\":512,\"height\":512,\"caption\":\"Resato Waterjet\"},\"image\":{\"@id\":\"https:\\\/\\\/resato-waterjet.com\\\/en\\\/#\\\/schema\\\/logo\\\/image\\\/\"},\"sameAs\":[\"https:\\\/\\\/www.linkedin.com\\\/company\\\/resato-waterjet-technology\\\/\"]}]}<\/script>\n<!-- \/ Yoast SEO plugin. -->","yoast_head_json":{"title":"2.5D Schneidkopf Laserpointer\/Software Fasenschneidmodul - Resato Waterjet","description":"Der Laserpointer und das Software-Fasenschneidmodul verbessern sowohl die Pr\u00e4zision als auch die Automatisierung Ihrer Wasserstrahlschneidprozesse.","robots":{"index":"index","follow":"follow","max-snippet":"max-snippet:-1","max-image-preview":"max-image-preview:large","max-video-preview":"max-video-preview:-1"},"canonical":"https:\/\/resato-waterjet.com\/de\/produkt\/25d-schneidkopf-laserpointer-software-fasenschneidmodul\/","og_locale":"de_DE","og_type":"article","og_title":"2.5D Cutting head Laser pointer\/Software Bevel Cutting Module - Resato Waterjet","og_description":"The laser pointer and Software Bevel Cutting Module enhance both precision and automation within your waterjet cutting processes.","og_url":"https:\/\/resato-waterjet.com\/de\/produkt\/25d-schneidkopf-laserpointer-software-fasenschneidmodul\/","og_site_name":"Resato Waterjet","article_modified_time":"2024-01-22T11:53:46+00:00","og_image":[{"width":760,"height":400,"url":"https:\/\/resato-waterjet.com\/wp-content\/uploads\/2023\/01\/Laserpointer-for-waterjet-cutting-table.jpg","type":"image\/jpeg"}],"twitter_card":"summary_large_image","twitter_misc":{"Gesch\u00e4tzte Lesezeit":"2\u00a0Minuten"},"schema":{"@context":"https:\/\/schema.org","@graph":[{"@type":"WebPage","@id":"https:\/\/resato-waterjet.com\/en\/product\/25d-cutting-head-laser-pointer-software-bevel-cutting-module\/","url":"https:\/\/resato-waterjet.com\/en\/product\/25d-cutting-head-laser-pointer-software-bevel-cutting-module\/","name":"2.5D Schneidkopf Laserpointer\/Software Fasenschneidmodul - Resato Waterjet","isPartOf":{"@id":"https:\/\/resato-waterjet.com\/en\/#website"},"primaryImageOfPage":{"@id":"https:\/\/resato-waterjet.com\/en\/product\/25d-cutting-head-laser-pointer-software-bevel-cutting-module\/#primaryimage"},"image":{"@id":"https:\/\/resato-waterjet.com\/en\/product\/25d-cutting-head-laser-pointer-software-bevel-cutting-module\/#primaryimage"},"thumbnailUrl":"https:\/\/resato-waterjet.com\/wp-content\/uploads\/2023\/01\/Laserpointer-for-waterjet-cutting-table.jpg","datePublished":"2023-01-21T20:21:12+00:00","dateModified":"2024-01-22T11:53:46+00:00","description":"Der Laserpointer und das Software-Fasenschneidmodul verbessern sowohl die Pr\u00e4zision als auch die Automatisierung Ihrer Wasserstrahlschneidprozesse.","breadcrumb":{"@id":"https:\/\/resato-waterjet.com\/en\/product\/25d-cutting-head-laser-pointer-software-bevel-cutting-module\/#breadcrumb"},"inLanguage":"de","potentialAction":[{"@type":"ReadAction","target":["https:\/\/resato-waterjet.com\/en\/product\/25d-cutting-head-laser-pointer-software-bevel-cutting-module\/"]}]},{"@type":"ImageObject","inLanguage":"de","@id":"https:\/\/resato-waterjet.com\/en\/product\/25d-cutting-head-laser-pointer-software-bevel-cutting-module\/#primaryimage","url":"https:\/\/resato-waterjet.com\/wp-content\/uploads\/2023\/01\/Laserpointer-for-waterjet-cutting-table.jpg","contentUrl":"https:\/\/resato-waterjet.com\/wp-content\/uploads\/2023\/01\/Laserpointer-for-waterjet-cutting-table.jpg","width":760,"height":400,"caption":"Laser pointer cutting module"},{"@type":"BreadcrumbList","@id":"https:\/\/resato-waterjet.com\/en\/product\/25d-cutting-head-laser-pointer-software-bevel-cutting-module\/#breadcrumb","itemListElement":[{"@type":"ListItem","position":1,"name":"Home","item":"https:\/\/resato-waterjet.com\/fr\/"},{"@type":"ListItem","position":2,"name":"Machines and Services","item":"https:\/\/resato-waterjet.com\/en\/machines-and-services\/"},{"@type":"ListItem","position":3,"name":"2.5D Cutting head Laser pointer\/Software Bevel Cutting Module"}]},{"@type":"WebSite","@id":"https:\/\/resato-waterjet.com\/en\/#website","url":"https:\/\/resato-waterjet.com\/en\/","name":"Resato Wasserstrahl","description":"Zaubern mit Wasser","publisher":{"@id":"https:\/\/resato-waterjet.com\/en\/#organization"},"alternateName":"Resato","potentialAction":[{"@type":"SearchAction","target":{"@type":"EntryPoint","urlTemplate":"https:\/\/resato-waterjet.com\/en\/?s={search_term_string}"},"query-input":{"@type":"PropertyValueSpecification","valueRequired":true,"valueName":"search_term_string"}}],"inLanguage":"de"},{"@type":"Organization","@id":"https:\/\/resato-waterjet.com\/en\/#organization","name":"Resato Wasserstrahl","alternateName":"Resato","url":"https:\/\/resato-waterjet.com\/en\/","logo":{"@type":"ImageObject","inLanguage":"de","@id":"https:\/\/resato-waterjet.com\/en\/#\/schema\/logo\/image\/","url":"https:\/\/mlwy9mbbs62x.i.optimole.com\/w:auto\/h:auto\/q:mauto\/f:avif\/https:\/\/resato-waterjet.com\/wp-content\/uploads\/2023\/03\/cropped-Resato-YOutube-Logo.png","contentUrl":"https:\/\/mlwy9mbbs62x.i.optimole.com\/w:auto\/h:auto\/q:mauto\/f:avif\/https:\/\/resato-waterjet.com\/wp-content\/uploads\/2023\/03\/cropped-Resato-YOutube-Logo.png","width":512,"height":512,"caption":"Resato Waterjet"},"image":{"@id":"https:\/\/resato-waterjet.com\/en\/#\/schema\/logo\/image\/"},"sameAs":["https:\/\/www.linkedin.com\/company\/resato-waterjet-technology\/"]}]}},"_links":{"self":[{"href":"https:\/\/resato-waterjet.com\/de\/wp-json\/wp\/v2\/product\/9108","targetHints":{"allow":["GET"]}}],"collection":[{"href":"https:\/\/resato-waterjet.com\/de\/wp-json\/wp\/v2\/product"}],"about":[{"href":"https:\/\/resato-waterjet.com\/de\/wp-json\/wp\/v2\/types\/product"}],"version-history":[{"count":3,"href":"https:\/\/resato-waterjet.com\/de\/wp-json\/wp\/v2\/product\/9108\/revisions"}],"predecessor-version":[{"id":10825,"href":"https:\/\/resato-waterjet.com\/de\/wp-json\/wp\/v2\/product\/9108\/revisions\/10825"}],"wp:featuredmedia":[{"embeddable":true,"href":"https:\/\/resato-waterjet.com\/de\/wp-json\/wp\/v2\/media\/9110"}],"wp:attachment":[{"href":"https:\/\/resato-waterjet.com\/de\/wp-json\/wp\/v2\/media?parent=9108"}],"wp:term":[{"taxonomy":"product_brand","embeddable":true,"href":"https:\/\/resato-waterjet.com\/de\/wp-json\/wp\/v2\/product_brand?post=9108"},{"taxonomy":"product_cat","embeddable":true,"href":"https:\/\/resato-waterjet.com\/de\/wp-json\/wp\/v2\/product_cat?post=9108"},{"taxonomy":"product_tag","embeddable":true,"href":"https:\/\/resato-waterjet.com\/de\/wp-json\/wp\/v2\/product_tag?post=9108"}],"curies":[{"name":"wp","href":"https:\/\/api.w.org\/{rel}","templated":true}]}}