{"id":9105,"date":"2023-01-21T20:14:50","date_gmt":"2023-01-21T20:14:50","guid":{"rendered":"https:\/\/resato-waterjet.com\/?post_type=product&#038;p=9105"},"modified":"2025-09-26T09:48:46","modified_gmt":"2025-09-26T09:48:46","slug":"2-5d-schneidkopf-zum-fasenschneiden","status":"publish","type":"product","link":"https:\/\/resato-waterjet.com\/de\/product\/2-5d-cutting-head-for-bevel-cutting\/","title":{"rendered":"<a href=\"https:\/\/resato-waterjet.com\/de\/Produkt\/2-5d-schneidkopf-zum-fasenschneiden\/?swcfpc=1\">2.5D Schneidkopf: Der Schneidkopf f\u00fcr den Fasenschnitt<\/a>"},"content":{"rendered":"<p class=\"translation-block\">Der 2,5D-Schneidkopf wurde entwickelt, um Gehrungsteile aus Plattenmaterial schneiden zu k\u00f6nnen. Zur Standard-XYZ-Achse kommen zwei weitere servogesteuerte Achsen hinzu, wodurch eine f\u00fcnfachsige Maschine entsteht. Um eine praktische Anwendung zu erreichen, ist ein H\u00f6hensensor integriert.<\/p>\n<p>&nbsp;<\/p>\n<p>Die integrierten rahmenlosen Hochmoment-Servomotoren mit Hohlwellen bilden das Herzst\u00fcck dieser einzigartigen Konstruktion. Die Verwendung des Direktantriebsprinzips f\u00fchrt zu einem minimalen Anteil an beweglichen Teilen, welches zu einer kompakten, hochpr\u00e4zisen, schnell reagierenden und wartungsfreien L\u00f6sung beitr\u00e4gt.<\/p>\n<p>Der Schneidkopf kann bis zu 55\u00ba geneigt werden, die praktische Grenze beim Schneiden einer 45\u00ba schr\u00e4gen Ecke in einem 90\u00ba Konturwinkel.<\/p>\n<p>&nbsp;<\/p>\n<p class=\"translation-block\"><strong>EMS System<\/strong><br>\nDer elektronische Zubringer, der insbesondere f\u00fcr den automatischen Betrieb von ACM vorgesehen ist, ist mit dem elektronischen Managementsystem EMS ausgestattet. In Kombination mit dem Schneidkopf erm\u00f6glicht es die Kontrolle aller wichtigen Schneidparameter. Das EMS-Managementsystem erkennt sofort eine defekte Wasserd\u00fcse oder eine Unterbrechung der Abrasivzufuhr, l\u00f6st einen Alarm aus und kann den Schneidprozess bei Bedarf automatisch stoppen.<\/p>\n<p>&nbsp;<\/p>\n<p><strong>Technische Angaben<\/strong><\/p>\n<table style=\"height: 177px;\" width=\"487\">\n<tbody>\n<tr>\n<td width=\"183\">2,5D-Schneidkopf<\/td>\n<td width=\"115\"><\/td>\n<\/tr>\n<tr>\n<td>Maximaler Neigungswinkel<\/td>\n<td>55\u00b0<\/td>\n<\/tr>\n<tr>\n<td>Maximale Rotation<\/td>\n<td>\u00b1 360\u00b0<\/td>\n<\/tr>\n<tr>\n<td>Betriebstemperaturbereich<\/td>\n<td>10-30 \u00b0C<\/td>\n<\/tr>\n<tr>\n<td>Schutzklasse<\/td>\n<td>IP65<\/td>\n<\/tr>\n<tr>\n<td>Positioniergenauigkeit der Achsen<\/td>\n<td>\u00b1 0,1\u00b0<\/td>\n<\/tr>\n<\/tbody>\n<\/table>\n<p>&nbsp;<\/p>\n<p><strong>Der 2D-Schneidkopf kann mit verschiedenen Optionen und Funktionen erweitert werden, um Ihre Wasserstrahlschneidleistung weiter zu verbessern.<\/strong><\/p>\n<p>&nbsp;<\/p>\n<p><a href=\"https:\/\/resato-waterjet.com\/de\/schneidkopfe\/\">Erfahren Sie mehr<\/a>.<\/p>","protected":false},"excerpt":{"rendered":"<ul>\n<li>Abrasiv und reinwasservertr\u00e4glich<\/li>\n<li>Modularer Aufbau<\/li>\n<li>Hochgradig pr\u00e4zise<\/li>\n<li>Eine kompakte L\u00f6sung<\/li>\n<li>ACM Abw\u00e4rtskompatibilit\u00e4t<\/li>\n<\/ul>","protected":false},"featured_media":11276,"template":"","meta":{"content-type":""},"product_brand":[],"product_cat":[123],"product_tag":[124],"class_list":{"0":"post-9105","1":"product","2":"type-product","3":"status-publish","4":"has-post-thumbnail","6":"product_cat-cutting-heads","7":"product_tag-cutting-heads","9":"first","10":"instock","11":"shipping-taxable","12":"product-type-external"},"yoast_head":"<!-- This site is optimized with the Yoast SEO plugin v27.5 - https:\/\/yoast.com\/product\/yoast-seo-wordpress\/ -->\n<title>2.5D Cutting head for bevel cutting - Resato Waterjet<\/title>\n<meta name=\"description\" content=\"A 2.5D cutting head works with three axes to allow the cutting of complex shapes with bevels. The additional Z-axis will provide you with versatility.\" \/>\n<meta name=\"robots\" content=\"index, follow, max-snippet:-1, max-image-preview:large, max-video-preview:-1\" \/>\n<link rel=\"canonical\" href=\"https:\/\/resato-waterjet.com\/de\/produkt\/2-5d-schneidkopf-zum-fasenschneiden\/\" \/>\n<meta property=\"og:locale\" content=\"de_DE\" \/>\n<meta property=\"og:type\" content=\"article\" \/>\n<meta property=\"og:title\" content=\"2.5D Cutting head for bevel cutting - Resato Waterjet\" \/>\n<meta property=\"og:description\" content=\"A 2.5D cutting head works with three axes to allow the cutting of complex shapes with bevels. The additional Z-axis will provide you with versatility.\" \/>\n<meta property=\"og:url\" content=\"https:\/\/resato-waterjet.com\/de\/produkt\/2-5d-schneidkopf-zum-fasenschneiden\/\" \/>\n<meta property=\"og:site_name\" content=\"Resato Waterjet\" \/>\n<meta property=\"article:modified_time\" content=\"2025-09-26T09:48:46+00:00\" \/>\n<meta property=\"og:image\" content=\"https:\/\/resato-waterjet.com\/wp-content\/uploads\/2023\/01\/Schermafbeelding-2025-09-26-114737-e1758880115102.png\" \/>\n\t<meta property=\"og:image:width\" content=\"1055\" \/>\n\t<meta property=\"og:image:height\" content=\"555\" \/>\n\t<meta property=\"og:image:type\" content=\"image\/png\" \/>\n<meta name=\"twitter:card\" content=\"summary_large_image\" \/>\n<meta name=\"twitter:label1\" content=\"Gesch\u00e4tzte Lesezeit\" \/>\n\t<meta name=\"twitter:data1\" content=\"2\u00a0Minuten\" \/>\n<script type=\"application\/ld+json\" class=\"yoast-schema-graph\">{\"@context\":\"https:\\\/\\\/schema.org\",\"@graph\":[{\"@type\":\"WebPage\",\"@id\":\"https:\\\/\\\/resato-waterjet.com\\\/en\\\/product\\\/2-5d-cutting-head-for-bevel-cutting\\\/\",\"url\":\"https:\\\/\\\/resato-waterjet.com\\\/en\\\/product\\\/2-5d-cutting-head-for-bevel-cutting\\\/\",\"name\":\"2.5D Cutting head for bevel cutting - Resato Waterjet\",\"isPartOf\":{\"@id\":\"https:\\\/\\\/resato-waterjet.com\\\/en\\\/#website\"},\"primaryImageOfPage\":{\"@id\":\"https:\\\/\\\/resato-waterjet.com\\\/en\\\/product\\\/2-5d-cutting-head-for-bevel-cutting\\\/#primaryimage\"},\"image\":{\"@id\":\"https:\\\/\\\/resato-waterjet.com\\\/en\\\/product\\\/2-5d-cutting-head-for-bevel-cutting\\\/#primaryimage\"},\"thumbnailUrl\":\"https:\\\/\\\/resato-waterjet.com\\\/wp-content\\\/uploads\\\/2023\\\/01\\\/Schermafbeelding-2025-09-26-114737-e1758880115102.png\",\"datePublished\":\"2023-01-21T20:14:50+00:00\",\"dateModified\":\"2025-09-26T09:48:46+00:00\",\"description\":\"A 2.5D cutting head works with three axes to allow the cutting of complex shapes with bevels. The additional Z-axis will provide you with versatility.\",\"breadcrumb\":{\"@id\":\"https:\\\/\\\/resato-waterjet.com\\\/en\\\/product\\\/2-5d-cutting-head-for-bevel-cutting\\\/#breadcrumb\"},\"inLanguage\":\"de\",\"potentialAction\":[{\"@type\":\"ReadAction\",\"target\":[\"https:\\\/\\\/resato-waterjet.com\\\/en\\\/product\\\/2-5d-cutting-head-for-bevel-cutting\\\/\"]}]},{\"@type\":\"ImageObject\",\"inLanguage\":\"de\",\"@id\":\"https:\\\/\\\/resato-waterjet.com\\\/en\\\/product\\\/2-5d-cutting-head-for-bevel-cutting\\\/#primaryimage\",\"url\":\"https:\\\/\\\/resato-waterjet.com\\\/wp-content\\\/uploads\\\/2023\\\/01\\\/Schermafbeelding-2025-09-26-114737-e1758880115102.png\",\"contentUrl\":\"https:\\\/\\\/resato-waterjet.com\\\/wp-content\\\/uploads\\\/2023\\\/01\\\/Schermafbeelding-2025-09-26-114737-e1758880115102.png\",\"width\":1055,\"height\":555},{\"@type\":\"BreadcrumbList\",\"@id\":\"https:\\\/\\\/resato-waterjet.com\\\/en\\\/product\\\/2-5d-cutting-head-for-bevel-cutting\\\/#breadcrumb\",\"itemListElement\":[{\"@type\":\"ListItem\",\"position\":1,\"name\":\"Home\",\"item\":\"https:\\\/\\\/resato-waterjet.com\\\/fr\\\/\"},{\"@type\":\"ListItem\",\"position\":2,\"name\":\"Machines and Services\",\"item\":\"https:\\\/\\\/resato-waterjet.com\\\/en\\\/machines-and-services\\\/\"},{\"@type\":\"ListItem\",\"position\":3,\"name\":\"2.5D Cutting head for bevel cutting\"}]},{\"@type\":\"WebSite\",\"@id\":\"https:\\\/\\\/resato-waterjet.com\\\/en\\\/#website\",\"url\":\"https:\\\/\\\/resato-waterjet.com\\\/en\\\/\",\"name\":\"Resato Waterjet\",\"description\":\"Creating Magic with Water\",\"publisher\":{\"@id\":\"https:\\\/\\\/resato-waterjet.com\\\/en\\\/#organization\"},\"alternateName\":\"Resato\",\"potentialAction\":[{\"@type\":\"SearchAction\",\"target\":{\"@type\":\"EntryPoint\",\"urlTemplate\":\"https:\\\/\\\/resato-waterjet.com\\\/en\\\/?s={search_term_string}\"},\"query-input\":{\"@type\":\"PropertyValueSpecification\",\"valueRequired\":true,\"valueName\":\"search_term_string\"}}],\"inLanguage\":\"de\"},{\"@type\":\"Organization\",\"@id\":\"https:\\\/\\\/resato-waterjet.com\\\/en\\\/#organization\",\"name\":\"Resato Waterjet\",\"alternateName\":\"Resato\",\"url\":\"https:\\\/\\\/resato-waterjet.com\\\/en\\\/\",\"logo\":{\"@type\":\"ImageObject\",\"inLanguage\":\"de\",\"@id\":\"https:\\\/\\\/resato-waterjet.com\\\/en\\\/#\\\/schema\\\/logo\\\/image\\\/\",\"url\":\"https:\\\/\\\/mlwy9mbbs62x.i.optimole.com\\\/w:auto\\\/h:auto\\\/q:mauto\\\/f:avif\\\/https:\\\/\\\/resato-waterjet.com\\\/wp-content\\\/uploads\\\/2023\\\/03\\\/cropped-Resato-YOutube-Logo.png\",\"contentUrl\":\"https:\\\/\\\/mlwy9mbbs62x.i.optimole.com\\\/w:auto\\\/h:auto\\\/q:mauto\\\/f:avif\\\/https:\\\/\\\/resato-waterjet.com\\\/wp-content\\\/uploads\\\/2023\\\/03\\\/cropped-Resato-YOutube-Logo.png\",\"width\":512,\"height\":512,\"caption\":\"Resato Waterjet\"},\"image\":{\"@id\":\"https:\\\/\\\/resato-waterjet.com\\\/en\\\/#\\\/schema\\\/logo\\\/image\\\/\"},\"sameAs\":[\"https:\\\/\\\/www.linkedin.com\\\/company\\\/resato-waterjet-technology\\\/\"]}]}<\/script>\n<!-- \/ Yoast SEO plugin. -->","yoast_head_json":{"title":"2.5D Schneidkopf f\u00fcr das Fasenschneiden - Resato Waterjet","description":"Der 2,5D-Schneidkopf wurde entwickelt, um Gehrungsteile aus Plattenmaterial schneiden zu k\u00f6nnen. Resato Waterjet Systems","robots":{"index":"index","follow":"follow","max-snippet":"max-snippet:-1","max-image-preview":"max-image-preview:large","max-video-preview":"max-video-preview:-1"},"canonical":"https:\/\/resato-waterjet.com\/de\/produkt\/2-5d-schneidkopf-zum-fasenschneiden\/","og_locale":"de_DE","og_type":"article","og_title":"2.5D Cutting head for bevel cutting - Resato Waterjet","og_description":"A 2.5D cutting head works with three axes to allow the cutting of complex shapes with bevels. The additional Z-axis will provide you with versatility.","og_url":"https:\/\/resato-waterjet.com\/de\/produkt\/2-5d-schneidkopf-zum-fasenschneiden\/","og_site_name":"Resato Waterjet","article_modified_time":"2025-09-26T09:48:46+00:00","og_image":[{"width":1055,"height":555,"url":"https:\/\/resato-waterjet.com\/wp-content\/uploads\/2023\/01\/Schermafbeelding-2025-09-26-114737-e1758880115102.png","type":"image\/png"}],"twitter_card":"summary_large_image","twitter_misc":{"Gesch\u00e4tzte Lesezeit":"2\u00a0Minuten"},"schema":{"@context":"https:\/\/schema.org","@graph":[{"@type":"WebPage","@id":"https:\/\/resato-waterjet.com\/en\/product\/2-5d-cutting-head-for-bevel-cutting\/","url":"https:\/\/resato-waterjet.com\/en\/product\/2-5d-cutting-head-for-bevel-cutting\/","name":"2.5D Schneidkopf f\u00fcr das Fasenschneiden - Resato Waterjet","isPartOf":{"@id":"https:\/\/resato-waterjet.com\/en\/#website"},"primaryImageOfPage":{"@id":"https:\/\/resato-waterjet.com\/en\/product\/2-5d-cutting-head-for-bevel-cutting\/#primaryimage"},"image":{"@id":"https:\/\/resato-waterjet.com\/en\/product\/2-5d-cutting-head-for-bevel-cutting\/#primaryimage"},"thumbnailUrl":"https:\/\/resato-waterjet.com\/wp-content\/uploads\/2023\/01\/Schermafbeelding-2025-09-26-114737-e1758880115102.png","datePublished":"2023-01-21T20:14:50+00:00","dateModified":"2025-09-26T09:48:46+00:00","description":"Der 2,5D-Schneidkopf wurde entwickelt, um Gehrungsteile aus Plattenmaterial schneiden zu k\u00f6nnen. Resato Waterjet Systems","breadcrumb":{"@id":"https:\/\/resato-waterjet.com\/en\/product\/2-5d-cutting-head-for-bevel-cutting\/#breadcrumb"},"inLanguage":"de","potentialAction":[{"@type":"ReadAction","target":["https:\/\/resato-waterjet.com\/en\/product\/2-5d-cutting-head-for-bevel-cutting\/"]}]},{"@type":"ImageObject","inLanguage":"de","@id":"https:\/\/resato-waterjet.com\/en\/product\/2-5d-cutting-head-for-bevel-cutting\/#primaryimage","url":"https:\/\/resato-waterjet.com\/wp-content\/uploads\/2023\/01\/Schermafbeelding-2025-09-26-114737-e1758880115102.png","contentUrl":"https:\/\/resato-waterjet.com\/wp-content\/uploads\/2023\/01\/Schermafbeelding-2025-09-26-114737-e1758880115102.png","width":1055,"height":555},{"@type":"BreadcrumbList","@id":"https:\/\/resato-waterjet.com\/en\/product\/2-5d-cutting-head-for-bevel-cutting\/#breadcrumb","itemListElement":[{"@type":"ListItem","position":1,"name":"Home","item":"https:\/\/resato-waterjet.com\/fr\/"},{"@type":"ListItem","position":2,"name":"Machines and Services","item":"https:\/\/resato-waterjet.com\/en\/machines-and-services\/"},{"@type":"ListItem","position":3,"name":"2.5D Cutting head for bevel cutting"}]},{"@type":"WebSite","@id":"https:\/\/resato-waterjet.com\/en\/#website","url":"https:\/\/resato-waterjet.com\/en\/","name":"Resato Wasserstrahl","description":"Zaubern mit Wasser","publisher":{"@id":"https:\/\/resato-waterjet.com\/en\/#organization"},"alternateName":"Resato","potentialAction":[{"@type":"SearchAction","target":{"@type":"EntryPoint","urlTemplate":"https:\/\/resato-waterjet.com\/en\/?s={search_term_string}"},"query-input":{"@type":"PropertyValueSpecification","valueRequired":true,"valueName":"search_term_string"}}],"inLanguage":"de"},{"@type":"Organization","@id":"https:\/\/resato-waterjet.com\/en\/#organization","name":"Resato Wasserstrahl","alternateName":"Resato","url":"https:\/\/resato-waterjet.com\/en\/","logo":{"@type":"ImageObject","inLanguage":"de","@id":"https:\/\/resato-waterjet.com\/en\/#\/schema\/logo\/image\/","url":"https:\/\/mlwy9mbbs62x.i.optimole.com\/w:auto\/h:auto\/q:mauto\/f:avif\/https:\/\/resato-waterjet.com\/wp-content\/uploads\/2023\/03\/cropped-Resato-YOutube-Logo.png","contentUrl":"https:\/\/mlwy9mbbs62x.i.optimole.com\/w:auto\/h:auto\/q:mauto\/f:avif\/https:\/\/resato-waterjet.com\/wp-content\/uploads\/2023\/03\/cropped-Resato-YOutube-Logo.png","width":512,"height":512,"caption":"Resato Waterjet"},"image":{"@id":"https:\/\/resato-waterjet.com\/en\/#\/schema\/logo\/image\/"},"sameAs":["https:\/\/www.linkedin.com\/company\/resato-waterjet-technology\/"]}]}},"_links":{"self":[{"href":"https:\/\/resato-waterjet.com\/de\/wp-json\/wp\/v2\/product\/9105","targetHints":{"allow":["GET"]}}],"collection":[{"href":"https:\/\/resato-waterjet.com\/de\/wp-json\/wp\/v2\/product"}],"about":[{"href":"https:\/\/resato-waterjet.com\/de\/wp-json\/wp\/v2\/types\/product"}],"version-history":[{"count":3,"href":"https:\/\/resato-waterjet.com\/de\/wp-json\/wp\/v2\/product\/9105\/revisions"}],"predecessor-version":[{"id":10221,"href":"https:\/\/resato-waterjet.com\/de\/wp-json\/wp\/v2\/product\/9105\/revisions\/10221"}],"wp:featuredmedia":[{"embeddable":true,"href":"https:\/\/resato-waterjet.com\/de\/wp-json\/wp\/v2\/media\/11276"}],"wp:attachment":[{"href":"https:\/\/resato-waterjet.com\/de\/wp-json\/wp\/v2\/media?parent=9105"}],"wp:term":[{"taxonomy":"product_brand","embeddable":true,"href":"https:\/\/resato-waterjet.com\/de\/wp-json\/wp\/v2\/product_brand?post=9105"},{"taxonomy":"product_cat","embeddable":true,"href":"https:\/\/resato-waterjet.com\/de\/wp-json\/wp\/v2\/product_cat?post=9105"},{"taxonomy":"product_tag","embeddable":true,"href":"https:\/\/resato-waterjet.com\/de\/wp-json\/wp\/v2\/product_tag?post=9105"}],"curies":[{"name":"wp","href":"https:\/\/api.w.org\/{rel}","templated":true}]}}