{"id":9102,"date":"2023-01-21T20:03:48","date_gmt":"2023-01-21T20:03:48","guid":{"rendered":"https:\/\/resato-waterjet.com\/?post_type=product&#038;p=9102"},"modified":"2025-09-26T11:39:36","modified_gmt":"2025-09-26T11:39:36","slug":"lochbohrer-einheit-dr-4","status":"publish","type":"product","link":"https:\/\/resato-waterjet.com\/de\/product\/piercing-drill-unit-dr-4\/","title":{"rendered":"<a href=\"https:\/\/resato-waterjet.com\/de\/Produkt\/lochbohrer-einheit-dr-4\/?swcfpc=1\">\nPierce-Bohreinheit DR-4<\/a>"},"content":{"rendered":"","protected":false},"excerpt":{"rendered":"<p>Die ACM Pierce Drill Unit DR-4 wurde f\u00fcr den Betrieb auf einem ACM X-Schlitten konzipiert. Die Bohrfunktion wird zum Durchbohren von L\u00f6chern verwendet, um ein Startloch f\u00fcr das Schneiden mit einem Wasserstrahl zu schaffen, was als Vorbohren bezeichnet wird. Der ACM Pierce Drill wurde f\u00fcr das Vorbohren in Materialien entwickelt, die nicht mit dem Wasserstrahl durchbohrt werden k\u00f6nnen.<\/p>\n<p>&nbsp;<\/p>\n<p>Materialien wie Trespa, Plexiglas und andere laminierte Materialien k\u00f6nnen nicht mit einem Wasserstrahl durchbohrt werden, ohne das Material zu besch\u00e4digen. Um Materialbesch\u00e4digungen zu vermeiden, kann die Bohreinheit verwendet werden, um das Startloch vollst\u00e4ndig durch das Material zu bohren, um mit dem Wasserstrahl weiter schneiden zu k\u00f6nnen.<\/p>","protected":false},"featured_media":11278,"template":"","meta":{"content-type":""},"product_brand":[],"product_cat":[123],"product_tag":[124],"class_list":{"0":"post-9102","1":"product","2":"type-product","3":"status-publish","4":"has-post-thumbnail","6":"product_cat-cutting-heads","7":"product_tag-cutting-heads","9":"first","10":"instock","11":"shipping-taxable","12":"product-type-external"},"yoast_head":"<!-- This site is optimized with the Yoast SEO plugin v27.3 - https:\/\/yoast.com\/product\/yoast-seo-wordpress\/ -->\n<title>Piercing Drill Unit DR-4 - Resato Waterjet<\/title>\n<meta name=\"description\" content=\"The Piercing Drill Unit DR-4 for Resato Waterjet cutting systems enhances machine efficiency and allows for enhanced accuracy in machining.\" \/>\n<meta name=\"robots\" content=\"index, follow, max-snippet:-1, max-image-preview:large, max-video-preview:-1\" \/>\n<link rel=\"canonical\" href=\"https:\/\/resato-waterjet.com\/de\/produkt\/lochbohrer-einheit-dr-4\/\" \/>\n<meta property=\"og:locale\" content=\"de_DE\" \/>\n<meta property=\"og:type\" content=\"article\" \/>\n<meta property=\"og:title\" content=\"Piercing Drill Unit DR-4 - Resato Waterjet\" \/>\n<meta property=\"og:description\" content=\"The Piercing Drill Unit DR-4 for Resato Waterjet cutting systems enhances machine efficiency and allows for enhanced accuracy in machining.\" \/>\n<meta property=\"og:url\" content=\"https:\/\/resato-waterjet.com\/de\/produkt\/lochbohrer-einheit-dr-4\/\" \/>\n<meta property=\"og:site_name\" content=\"Resato Waterjet\" \/>\n<meta property=\"article:modified_time\" content=\"2025-09-26T11:39:36+00:00\" \/>\n<meta property=\"og:image\" content=\"https:\/\/resato-waterjet.com\/wp-content\/uploads\/2023\/01\/Schermafbeelding-2025-09-26-115311-e1758886761466.png\" \/>\n\t<meta property=\"og:image:width\" content=\"1000\" \/>\n\t<meta property=\"og:image:height\" content=\"526\" \/>\n\t<meta property=\"og:image:type\" content=\"image\/png\" \/>\n<meta name=\"twitter:card\" content=\"summary_large_image\" \/>\n<meta name=\"twitter:label1\" content=\"Gesch\u00e4tzte Lesezeit\" \/>\n\t<meta name=\"twitter:data1\" content=\"1\u00a0Minute\" \/>\n<script type=\"application\/ld+json\" class=\"yoast-schema-graph\">{\"@context\":\"https:\\\/\\\/schema.org\",\"@graph\":[{\"@type\":\"WebPage\",\"@id\":\"https:\\\/\\\/resato-waterjet.com\\\/es\\\/producto\\\/piercing-drill-unit-dr-4\\\/\",\"url\":\"https:\\\/\\\/resato-waterjet.com\\\/es\\\/producto\\\/piercing-drill-unit-dr-4\\\/\",\"name\":\"Piercing Drill Unit DR-4 - Resato Waterjet\",\"isPartOf\":{\"@id\":\"https:\\\/\\\/resato-waterjet.com\\\/en\\\/#website\"},\"primaryImageOfPage\":{\"@id\":\"https:\\\/\\\/resato-waterjet.com\\\/es\\\/producto\\\/piercing-drill-unit-dr-4\\\/#primaryimage\"},\"image\":{\"@id\":\"https:\\\/\\\/resato-waterjet.com\\\/es\\\/producto\\\/piercing-drill-unit-dr-4\\\/#primaryimage\"},\"thumbnailUrl\":\"https:\\\/\\\/resato-waterjet.com\\\/wp-content\\\/uploads\\\/2023\\\/01\\\/Schermafbeelding-2025-09-26-115311-e1758886761466.png\",\"datePublished\":\"2023-01-21T20:03:48+00:00\",\"dateModified\":\"2025-09-26T11:39:36+00:00\",\"description\":\"The Piercing Drill Unit DR-4 for Resato Waterjet cutting systems enhances machine efficiency and allows for enhanced accuracy in machining.\",\"breadcrumb\":{\"@id\":\"https:\\\/\\\/resato-waterjet.com\\\/es\\\/producto\\\/piercing-drill-unit-dr-4\\\/#breadcrumb\"},\"inLanguage\":\"de\",\"potentialAction\":[{\"@type\":\"ReadAction\",\"target\":[\"https:\\\/\\\/resato-waterjet.com\\\/es\\\/producto\\\/piercing-drill-unit-dr-4\\\/\"]}]},{\"@type\":\"ImageObject\",\"inLanguage\":\"de\",\"@id\":\"https:\\\/\\\/resato-waterjet.com\\\/es\\\/producto\\\/piercing-drill-unit-dr-4\\\/#primaryimage\",\"url\":\"https:\\\/\\\/resato-waterjet.com\\\/wp-content\\\/uploads\\\/2023\\\/01\\\/Schermafbeelding-2025-09-26-115311-e1758886761466.png\",\"contentUrl\":\"https:\\\/\\\/resato-waterjet.com\\\/wp-content\\\/uploads\\\/2023\\\/01\\\/Schermafbeelding-2025-09-26-115311-e1758886761466.png\",\"width\":1000,\"height\":526},{\"@type\":\"BreadcrumbList\",\"@id\":\"https:\\\/\\\/resato-waterjet.com\\\/es\\\/producto\\\/piercing-drill-unit-dr-4\\\/#breadcrumb\",\"itemListElement\":[{\"@type\":\"ListItem\",\"position\":1,\"name\":\"Home\",\"item\":\"https:\\\/\\\/resato-waterjet.com\\\/fr\\\/\"},{\"@type\":\"ListItem\",\"position\":2,\"name\":\"Machines and Services\",\"item\":\"https:\\\/\\\/resato-waterjet.com\\\/en\\\/machines-and-services\\\/\"},{\"@type\":\"ListItem\",\"position\":3,\"name\":\"Piercing Drill Unit DR-4\"}]},{\"@type\":\"WebSite\",\"@id\":\"https:\\\/\\\/resato-waterjet.com\\\/en\\\/#website\",\"url\":\"https:\\\/\\\/resato-waterjet.com\\\/en\\\/\",\"name\":\"Resato Waterjet\",\"description\":\"Creating Magic with Water\",\"publisher\":{\"@id\":\"https:\\\/\\\/resato-waterjet.com\\\/en\\\/#organization\"},\"alternateName\":\"Resato\",\"potentialAction\":[{\"@type\":\"SearchAction\",\"target\":{\"@type\":\"EntryPoint\",\"urlTemplate\":\"https:\\\/\\\/resato-waterjet.com\\\/en\\\/?s={search_term_string}\"},\"query-input\":{\"@type\":\"PropertyValueSpecification\",\"valueRequired\":true,\"valueName\":\"search_term_string\"}}],\"inLanguage\":\"de\"},{\"@type\":\"Organization\",\"@id\":\"https:\\\/\\\/resato-waterjet.com\\\/en\\\/#organization\",\"name\":\"Resato Waterjet\",\"alternateName\":\"Resato\",\"url\":\"https:\\\/\\\/resato-waterjet.com\\\/en\\\/\",\"logo\":{\"@type\":\"ImageObject\",\"inLanguage\":\"de\",\"@id\":\"https:\\\/\\\/resato-waterjet.com\\\/en\\\/#\\\/schema\\\/logo\\\/image\\\/\",\"url\":\"https:\\\/\\\/mlwy9mbbs62x.i.optimole.com\\\/w:auto\\\/h:auto\\\/q:mauto\\\/f:avif\\\/https:\\\/\\\/resato-waterjet.com\\\/wp-content\\\/uploads\\\/2023\\\/03\\\/cropped-Resato-YOutube-Logo.png\",\"contentUrl\":\"https:\\\/\\\/mlwy9mbbs62x.i.optimole.com\\\/w:auto\\\/h:auto\\\/q:mauto\\\/f:avif\\\/https:\\\/\\\/resato-waterjet.com\\\/wp-content\\\/uploads\\\/2023\\\/03\\\/cropped-Resato-YOutube-Logo.png\",\"width\":512,\"height\":512,\"caption\":\"Resato Waterjet\"},\"image\":{\"@id\":\"https:\\\/\\\/resato-waterjet.com\\\/en\\\/#\\\/schema\\\/logo\\\/image\\\/\"},\"sameAs\":[\"https:\\\/\\\/www.linkedin.com\\\/company\\\/resato-waterjet-technology\\\/\"]}]}<\/script>\n<!-- \/ Yoast SEO plugin. -->","yoast_head_json":{"title":"Piercing Drill Unit DR-4 - Resato Waterjet","description":"Die Lochbohreinheit DR-4 f\u00fcr Resato-Wasserstrahlschneidsysteme verbessert die Maschineneffizienz und erm\u00f6glicht eine verbesserte Genauigkeit bei der Bearbeitung.","robots":{"index":"index","follow":"follow","max-snippet":"max-snippet:-1","max-image-preview":"max-image-preview:large","max-video-preview":"max-video-preview:-1"},"canonical":"https:\/\/resato-waterjet.com\/de\/produkt\/lochbohrer-einheit-dr-4\/","og_locale":"de_DE","og_type":"article","og_title":"Piercing Drill Unit DR-4 - Resato Waterjet","og_description":"The Piercing Drill Unit DR-4 for Resato Waterjet cutting systems enhances machine efficiency and allows for enhanced accuracy in machining.","og_url":"https:\/\/resato-waterjet.com\/de\/produkt\/lochbohrer-einheit-dr-4\/","og_site_name":"Resato Waterjet","article_modified_time":"2025-09-26T11:39:36+00:00","og_image":[{"width":1000,"height":526,"url":"https:\/\/resato-waterjet.com\/wp-content\/uploads\/2023\/01\/Schermafbeelding-2025-09-26-115311-e1758886761466.png","type":"image\/png"}],"twitter_card":"summary_large_image","twitter_misc":{"Gesch\u00e4tzte Lesezeit":"1\u00a0Minute"},"schema":{"@context":"https:\/\/schema.org","@graph":[{"@type":"WebPage","@id":"https:\/\/resato-waterjet.com\/es\/producto\/piercing-drill-unit-dr-4\/","url":"https:\/\/resato-waterjet.com\/es\/producto\/piercing-drill-unit-dr-4\/","name":"Piercing Drill Unit DR-4 - Resato Waterjet","isPartOf":{"@id":"https:\/\/resato-waterjet.com\/en\/#website"},"primaryImageOfPage":{"@id":"https:\/\/resato-waterjet.com\/es\/producto\/piercing-drill-unit-dr-4\/#primaryimage"},"image":{"@id":"https:\/\/resato-waterjet.com\/es\/producto\/piercing-drill-unit-dr-4\/#primaryimage"},"thumbnailUrl":"https:\/\/resato-waterjet.com\/wp-content\/uploads\/2023\/01\/Schermafbeelding-2025-09-26-115311-e1758886761466.png","datePublished":"2023-01-21T20:03:48+00:00","dateModified":"2025-09-26T11:39:36+00:00","description":"Die Lochbohreinheit DR-4 f\u00fcr Resato-Wasserstrahlschneidsysteme verbessert die Maschineneffizienz und erm\u00f6glicht eine verbesserte Genauigkeit bei der Bearbeitung.","breadcrumb":{"@id":"https:\/\/resato-waterjet.com\/es\/producto\/piercing-drill-unit-dr-4\/#breadcrumb"},"inLanguage":"de","potentialAction":[{"@type":"ReadAction","target":["https:\/\/resato-waterjet.com\/es\/producto\/piercing-drill-unit-dr-4\/"]}]},{"@type":"ImageObject","inLanguage":"de","@id":"https:\/\/resato-waterjet.com\/es\/producto\/piercing-drill-unit-dr-4\/#primaryimage","url":"https:\/\/resato-waterjet.com\/wp-content\/uploads\/2023\/01\/Schermafbeelding-2025-09-26-115311-e1758886761466.png","contentUrl":"https:\/\/resato-waterjet.com\/wp-content\/uploads\/2023\/01\/Schermafbeelding-2025-09-26-115311-e1758886761466.png","width":1000,"height":526},{"@type":"BreadcrumbList","@id":"https:\/\/resato-waterjet.com\/es\/producto\/piercing-drill-unit-dr-4\/#breadcrumb","itemListElement":[{"@type":"ListItem","position":1,"name":"Home","item":"https:\/\/resato-waterjet.com\/fr\/"},{"@type":"ListItem","position":2,"name":"Machines and Services","item":"https:\/\/resato-waterjet.com\/en\/machines-and-services\/"},{"@type":"ListItem","position":3,"name":"Piercing Drill Unit DR-4"}]},{"@type":"WebSite","@id":"https:\/\/resato-waterjet.com\/en\/#website","url":"https:\/\/resato-waterjet.com\/en\/","name":"Resato Wasserstrahl","description":"Zaubern mit Wasser","publisher":{"@id":"https:\/\/resato-waterjet.com\/en\/#organization"},"alternateName":"Resato","potentialAction":[{"@type":"SearchAction","target":{"@type":"EntryPoint","urlTemplate":"https:\/\/resato-waterjet.com\/en\/?s={search_term_string}"},"query-input":{"@type":"PropertyValueSpecification","valueRequired":true,"valueName":"search_term_string"}}],"inLanguage":"de"},{"@type":"Organization","@id":"https:\/\/resato-waterjet.com\/en\/#organization","name":"Resato Wasserstrahl","alternateName":"Resato","url":"https:\/\/resato-waterjet.com\/en\/","logo":{"@type":"ImageObject","inLanguage":"de","@id":"https:\/\/resato-waterjet.com\/en\/#\/schema\/logo\/image\/","url":"https:\/\/mlwy9mbbs62x.i.optimole.com\/w:auto\/h:auto\/q:mauto\/f:avif\/https:\/\/resato-waterjet.com\/wp-content\/uploads\/2023\/03\/cropped-Resato-YOutube-Logo.png","contentUrl":"https:\/\/mlwy9mbbs62x.i.optimole.com\/w:auto\/h:auto\/q:mauto\/f:avif\/https:\/\/resato-waterjet.com\/wp-content\/uploads\/2023\/03\/cropped-Resato-YOutube-Logo.png","width":512,"height":512,"caption":"Resato Waterjet"},"image":{"@id":"https:\/\/resato-waterjet.com\/en\/#\/schema\/logo\/image\/"},"sameAs":["https:\/\/www.linkedin.com\/company\/resato-waterjet-technology\/"]}]}},"_links":{"self":[{"href":"https:\/\/resato-waterjet.com\/de\/wp-json\/wp\/v2\/product\/9102","targetHints":{"allow":["GET"]}}],"collection":[{"href":"https:\/\/resato-waterjet.com\/de\/wp-json\/wp\/v2\/product"}],"about":[{"href":"https:\/\/resato-waterjet.com\/de\/wp-json\/wp\/v2\/types\/product"}],"version-history":[{"count":2,"href":"https:\/\/resato-waterjet.com\/de\/wp-json\/wp\/v2\/product\/9102\/revisions"}],"predecessor-version":[{"id":10826,"href":"https:\/\/resato-waterjet.com\/de\/wp-json\/wp\/v2\/product\/9102\/revisions\/10826"}],"wp:featuredmedia":[{"embeddable":true,"href":"https:\/\/resato-waterjet.com\/de\/wp-json\/wp\/v2\/media\/11278"}],"wp:attachment":[{"href":"https:\/\/resato-waterjet.com\/de\/wp-json\/wp\/v2\/media?parent=9102"}],"wp:term":[{"taxonomy":"product_brand","embeddable":true,"href":"https:\/\/resato-waterjet.com\/de\/wp-json\/wp\/v2\/product_brand?post=9102"},{"taxonomy":"product_cat","embeddable":true,"href":"https:\/\/resato-waterjet.com\/de\/wp-json\/wp\/v2\/product_cat?post=9102"},{"taxonomy":"product_tag","embeddable":true,"href":"https:\/\/resato-waterjet.com\/de\/wp-json\/wp\/v2\/product_tag?post=9102"}],"curies":[{"name":"wp","href":"https:\/\/api.w.org\/{rel}","templated":true}]}}