{"id":9099,"date":"2023-01-21T20:02:43","date_gmt":"2023-01-21T20:02:43","guid":{"rendered":"https:\/\/resato-waterjet.com\/?post_type=product&#038;p=9099"},"modified":"2024-01-22T11:54:21","modified_gmt":"2024-01-22T11:54:21","slug":"2d-schneidkopf","status":"publish","type":"product","link":"https:\/\/resato-waterjet.com\/de\/product\/2d-cutting-head\/","title":{"rendered":"2D-Schneidkopf"},"content":{"rendered":"<p class=\"translation-block\">Der 2D-Schneidkopf hat eine langlebige Mischkammer und nur zwei Verschlei\u00dfteile: die Wasserd\u00fcse und das Abrasivmischrohr.\nDie Br\u00fccke des Schneidtisches hat 1 oder 2 Schneidk\u00f6pfe, die jeweils auf einer Schlittenplatte montiert sind. Die Schlittenplatten sind mit direkt angetriebenen Linearmotoren ausgestattet, die eine schnelle und einfache Einstellung des korrekten Abstands zwischen den beiden Schneidk\u00f6pfen vom Bedienpult aus erm\u00f6glichen. Dieser Abstand variiert von 350 mm bis 1500 mm.\nDie Maschinen der ACM 3000-Serie haben auch eine besondere Eigenschaft: Bei Verwendung von 2 Schneidk\u00f6pfen bleibt der effektive Schneidbereich f\u00fcr 1 Kopf 3000 mm in einer 2D-Schneidposition.<\/p>\n<p>&nbsp;<\/p>\n<p class=\"translation-block\"><strong>Elektronische Zufuhr<\/strong><br>\nZur Optimierung von Schneidgeschwindigkeit und -qualit\u00e4t ist jeder Schneidkopf mit einem elektronischen Abrasivdosiersystem (Feeder) verbunden, das sich auf dem Schlitten jedes Schneidkopfes befindet und einen kleinen integrierten Puffer enth\u00e4lt, um eine zuverl\u00e4ssige, gleichm\u00e4\u00dfige und kontinuierlich regelbare Abrasivzugabe zu gew\u00e4hrleisten.<\/p>\n<p>&nbsp;<\/p>\n<p><strong>Technische Angaben <\/strong><\/p>\n<table style=\"height: 200px;\" width=\"744\">\n<tbody>\n<tr>\n<td width=\"183\">2D Schneidkopf<\/td>\n<td width=\"115\"><\/td>\n<\/tr>\n<tr>\n<td>Maximaler Betriebsdruck<\/td>\n<td>4000 bar<\/td>\n<\/tr>\n<tr>\n<td>Pneumatikventil<\/td>\n<td>\u00d6ffnungsdruck 6,5 bar<\/td>\n<\/tr>\n<tr>\n<td>Wasserd\u00fcse<\/td>\n<td>0,25mm\/ 0,35mm\/ 0,4mm<\/td>\n<\/tr>\n<tr>\n<td>Abrasiv-Mischrohr<\/td>\n<td>Standard 0,76 mm und 1,02 mm<\/td>\n<\/tr>\n<\/tbody>\n<\/table>\n<p>&nbsp;<\/p>\n<p><strong>2D-Schneidkopf Optionen<\/strong><br \/>\nDer Schneidkopf kann mit mehreren Optionen und Funktionen erweitert werden, um Ihre Wasserstrahlschneidleistung weiter zu verbessern. Sehen Sie sich die folgenden Optionen an, um Ihren Schneidkopf aufzur\u00fcsten!<\/p>","protected":false},"excerpt":{"rendered":"<p><strong>Abrasiv und reinwasservertr\u00e4glich<\/strong><\/p>\n<ul>\n<li>Modularer Aufbau<\/li>\n<li>Hochgradig pr\u00e4zise<\/li>\n<li>Eine kompakte L\u00f6sung<\/li>\n<\/ul>","protected":false},"featured_media":9101,"template":"","meta":{"content-type":""},"product_brand":[],"product_cat":[123,121],"product_tag":[124],"class_list":{"0":"post-9099","1":"product","2":"type-product","3":"status-publish","4":"has-post-thumbnail","6":"product_cat-cutting-heads","7":"product_cat-waterjet-cutting-machines","8":"product_tag-cutting-heads","10":"first","11":"instock","12":"shipping-taxable","13":"product-type-external"},"yoast_head":"<!-- This site is optimized with the Yoast SEO plugin v27.4 - https:\/\/yoast.com\/product\/yoast-seo-wordpress\/ -->\n<title>2D Cutting Head - Resato Waterjet<\/title>\n<meta name=\"description\" content=\"A 2D cutting head for a waterjet cutting machine works on X-Y axis to cut straight shapes accurately. The abrasive dosing system reduces abrasive spending.\" \/>\n<meta name=\"robots\" content=\"index, follow, max-snippet:-1, max-image-preview:large, max-video-preview:-1\" \/>\n<link rel=\"canonical\" href=\"https:\/\/resato-waterjet.com\/de\/produkt\/2d-schneidkopf\/\" \/>\n<meta property=\"og:locale\" content=\"de_DE\" \/>\n<meta property=\"og:type\" content=\"article\" \/>\n<meta property=\"og:title\" content=\"2D Cutting Head - Resato Waterjet\" \/>\n<meta property=\"og:description\" content=\"A 2D cutting head for a waterjet cutting machine works on X-Y axis to cut straight shapes accurately. The abrasive dosing system reduces abrasive spending.\" \/>\n<meta property=\"og:url\" content=\"https:\/\/resato-waterjet.com\/de\/produkt\/2d-schneidkopf\/\" \/>\n<meta property=\"og:site_name\" content=\"Resato Waterjet\" \/>\n<meta property=\"article:modified_time\" content=\"2024-01-22T11:54:21+00:00\" \/>\n<meta property=\"og:image\" content=\"https:\/\/resato-waterjet.com\/wp-content\/uploads\/2023\/01\/2D-close-up-right.jpg\" \/>\n\t<meta property=\"og:image:width\" content=\"760\" \/>\n\t<meta property=\"og:image:height\" content=\"400\" \/>\n\t<meta property=\"og:image:type\" content=\"image\/jpeg\" \/>\n<meta name=\"twitter:card\" content=\"summary_large_image\" \/>\n<meta name=\"twitter:label1\" content=\"Gesch\u00e4tzte Lesezeit\" \/>\n\t<meta name=\"twitter:data1\" content=\"2\u00a0Minuten\" \/>\n<script type=\"application\/ld+json\" class=\"yoast-schema-graph\">{\"@context\":\"https:\\\/\\\/schema.org\",\"@graph\":[{\"@type\":\"WebPage\",\"@id\":\"https:\\\/\\\/resato-waterjet.com\\\/es\\\/producto\\\/2d-cabeza-de-corte\\\/\",\"url\":\"https:\\\/\\\/resato-waterjet.com\\\/es\\\/producto\\\/2d-cabeza-de-corte\\\/\",\"name\":\"2D Cutting Head - Resato Waterjet\",\"isPartOf\":{\"@id\":\"https:\\\/\\\/resato-waterjet.com\\\/en\\\/#website\"},\"primaryImageOfPage\":{\"@id\":\"https:\\\/\\\/resato-waterjet.com\\\/es\\\/producto\\\/2d-cabeza-de-corte\\\/#primaryimage\"},\"image\":{\"@id\":\"https:\\\/\\\/resato-waterjet.com\\\/es\\\/producto\\\/2d-cabeza-de-corte\\\/#primaryimage\"},\"thumbnailUrl\":\"https:\\\/\\\/resato-waterjet.com\\\/wp-content\\\/uploads\\\/2023\\\/01\\\/2D-close-up-right.jpg\",\"datePublished\":\"2023-01-21T20:02:43+00:00\",\"dateModified\":\"2024-01-22T11:54:21+00:00\",\"description\":\"A 2D cutting head for a waterjet cutting machine works on X-Y axis to cut straight shapes accurately. The abrasive dosing system reduces abrasive spending.\",\"breadcrumb\":{\"@id\":\"https:\\\/\\\/resato-waterjet.com\\\/es\\\/producto\\\/2d-cabeza-de-corte\\\/#breadcrumb\"},\"inLanguage\":\"de\",\"potentialAction\":[{\"@type\":\"ReadAction\",\"target\":[\"https:\\\/\\\/resato-waterjet.com\\\/es\\\/producto\\\/2d-cabeza-de-corte\\\/\"]}]},{\"@type\":\"ImageObject\",\"inLanguage\":\"de\",\"@id\":\"https:\\\/\\\/resato-waterjet.com\\\/es\\\/producto\\\/2d-cabeza-de-corte\\\/#primaryimage\",\"url\":\"https:\\\/\\\/resato-waterjet.com\\\/wp-content\\\/uploads\\\/2023\\\/01\\\/2D-close-up-right.jpg\",\"contentUrl\":\"https:\\\/\\\/resato-waterjet.com\\\/wp-content\\\/uploads\\\/2023\\\/01\\\/2D-close-up-right.jpg\",\"width\":760,\"height\":400,\"caption\":\"2D Cutting Heads\"},{\"@type\":\"BreadcrumbList\",\"@id\":\"https:\\\/\\\/resato-waterjet.com\\\/es\\\/producto\\\/2d-cabeza-de-corte\\\/#breadcrumb\",\"itemListElement\":[{\"@type\":\"ListItem\",\"position\":1,\"name\":\"Home\",\"item\":\"https:\\\/\\\/resato-waterjet.com\\\/fr\\\/\"},{\"@type\":\"ListItem\",\"position\":2,\"name\":\"Machines and Services\",\"item\":\"https:\\\/\\\/resato-waterjet.com\\\/en\\\/machines-and-services\\\/\"},{\"@type\":\"ListItem\",\"position\":3,\"name\":\"2D Cutting Head\"}]},{\"@type\":\"WebSite\",\"@id\":\"https:\\\/\\\/resato-waterjet.com\\\/en\\\/#website\",\"url\":\"https:\\\/\\\/resato-waterjet.com\\\/en\\\/\",\"name\":\"Resato Waterjet\",\"description\":\"Creating Magic with Water\",\"publisher\":{\"@id\":\"https:\\\/\\\/resato-waterjet.com\\\/en\\\/#organization\"},\"alternateName\":\"Resato\",\"potentialAction\":[{\"@type\":\"SearchAction\",\"target\":{\"@type\":\"EntryPoint\",\"urlTemplate\":\"https:\\\/\\\/resato-waterjet.com\\\/en\\\/?s={search_term_string}\"},\"query-input\":{\"@type\":\"PropertyValueSpecification\",\"valueRequired\":true,\"valueName\":\"search_term_string\"}}],\"inLanguage\":\"de\"},{\"@type\":\"Organization\",\"@id\":\"https:\\\/\\\/resato-waterjet.com\\\/en\\\/#organization\",\"name\":\"Resato Waterjet\",\"alternateName\":\"Resato\",\"url\":\"https:\\\/\\\/resato-waterjet.com\\\/en\\\/\",\"logo\":{\"@type\":\"ImageObject\",\"inLanguage\":\"de\",\"@id\":\"https:\\\/\\\/resato-waterjet.com\\\/en\\\/#\\\/schema\\\/logo\\\/image\\\/\",\"url\":\"https:\\\/\\\/mlwy9mbbs62x.i.optimole.com\\\/w:auto\\\/h:auto\\\/q:mauto\\\/f:avif\\\/https:\\\/\\\/resato-waterjet.com\\\/wp-content\\\/uploads\\\/2023\\\/03\\\/cropped-Resato-YOutube-Logo.png\",\"contentUrl\":\"https:\\\/\\\/mlwy9mbbs62x.i.optimole.com\\\/w:auto\\\/h:auto\\\/q:mauto\\\/f:avif\\\/https:\\\/\\\/resato-waterjet.com\\\/wp-content\\\/uploads\\\/2023\\\/03\\\/cropped-Resato-YOutube-Logo.png\",\"width\":512,\"height\":512,\"caption\":\"Resato Waterjet\"},\"image\":{\"@id\":\"https:\\\/\\\/resato-waterjet.com\\\/en\\\/#\\\/schema\\\/logo\\\/image\\\/\"},\"sameAs\":[\"https:\\\/\\\/www.linkedin.com\\\/company\\\/resato-waterjet-technology\\\/\"]}]}<\/script>\n<!-- \/ Yoast SEO plugin. -->","yoast_head_json":{"title":"2D-Schneidkopf - Resato Waterjet","description":"Ein 2D-Schneidkopf f\u00fcr eine Wasserstrahlschneidemaschine arbeitet auf der X-Y-Achse, um gerade Formen genau zu schneiden. Das Strahlmitteldosiersystem reduziert den Strahlmittelverbrauch.","robots":{"index":"index","follow":"follow","max-snippet":"max-snippet:-1","max-image-preview":"max-image-preview:large","max-video-preview":"max-video-preview:-1"},"canonical":"https:\/\/resato-waterjet.com\/de\/produkt\/2d-schneidkopf\/","og_locale":"de_DE","og_type":"article","og_title":"2D Cutting Head - Resato Waterjet","og_description":"A 2D cutting head for a waterjet cutting machine works on X-Y axis to cut straight shapes accurately. The abrasive dosing system reduces abrasive spending.","og_url":"https:\/\/resato-waterjet.com\/de\/produkt\/2d-schneidkopf\/","og_site_name":"Resato Waterjet","article_modified_time":"2024-01-22T11:54:21+00:00","og_image":[{"width":760,"height":400,"url":"https:\/\/resato-waterjet.com\/wp-content\/uploads\/2023\/01\/2D-close-up-right.jpg","type":"image\/jpeg"}],"twitter_card":"summary_large_image","twitter_misc":{"Gesch\u00e4tzte Lesezeit":"2\u00a0Minuten"},"schema":{"@context":"https:\/\/schema.org","@graph":[{"@type":"WebPage","@id":"https:\/\/resato-waterjet.com\/es\/producto\/2d-cabeza-de-corte\/","url":"https:\/\/resato-waterjet.com\/es\/producto\/2d-cabeza-de-corte\/","name":"2D-Schneidkopf - Resato Waterjet","isPartOf":{"@id":"https:\/\/resato-waterjet.com\/en\/#website"},"primaryImageOfPage":{"@id":"https:\/\/resato-waterjet.com\/es\/producto\/2d-cabeza-de-corte\/#primaryimage"},"image":{"@id":"https:\/\/resato-waterjet.com\/es\/producto\/2d-cabeza-de-corte\/#primaryimage"},"thumbnailUrl":"https:\/\/resato-waterjet.com\/wp-content\/uploads\/2023\/01\/2D-close-up-right.jpg","datePublished":"2023-01-21T20:02:43+00:00","dateModified":"2024-01-22T11:54:21+00:00","description":"Ein 2D-Schneidkopf f\u00fcr eine Wasserstrahlschneidemaschine arbeitet auf der X-Y-Achse, um gerade Formen genau zu schneiden. Das Strahlmitteldosiersystem reduziert den Strahlmittelverbrauch.","breadcrumb":{"@id":"https:\/\/resato-waterjet.com\/es\/producto\/2d-cabeza-de-corte\/#breadcrumb"},"inLanguage":"de","potentialAction":[{"@type":"ReadAction","target":["https:\/\/resato-waterjet.com\/es\/producto\/2d-cabeza-de-corte\/"]}]},{"@type":"ImageObject","inLanguage":"de","@id":"https:\/\/resato-waterjet.com\/es\/producto\/2d-cabeza-de-corte\/#primaryimage","url":"https:\/\/resato-waterjet.com\/wp-content\/uploads\/2023\/01\/2D-close-up-right.jpg","contentUrl":"https:\/\/resato-waterjet.com\/wp-content\/uploads\/2023\/01\/2D-close-up-right.jpg","width":760,"height":400,"caption":"2D Cutting Heads"},{"@type":"BreadcrumbList","@id":"https:\/\/resato-waterjet.com\/es\/producto\/2d-cabeza-de-corte\/#breadcrumb","itemListElement":[{"@type":"ListItem","position":1,"name":"Home","item":"https:\/\/resato-waterjet.com\/fr\/"},{"@type":"ListItem","position":2,"name":"Machines and Services","item":"https:\/\/resato-waterjet.com\/en\/machines-and-services\/"},{"@type":"ListItem","position":3,"name":"2D Cutting Head"}]},{"@type":"WebSite","@id":"https:\/\/resato-waterjet.com\/en\/#website","url":"https:\/\/resato-waterjet.com\/en\/","name":"Resato Wasserstrahl","description":"Zaubern mit Wasser","publisher":{"@id":"https:\/\/resato-waterjet.com\/en\/#organization"},"alternateName":"Resato","potentialAction":[{"@type":"SearchAction","target":{"@type":"EntryPoint","urlTemplate":"https:\/\/resato-waterjet.com\/en\/?s={search_term_string}"},"query-input":{"@type":"PropertyValueSpecification","valueRequired":true,"valueName":"search_term_string"}}],"inLanguage":"de"},{"@type":"Organization","@id":"https:\/\/resato-waterjet.com\/en\/#organization","name":"Resato Wasserstrahl","alternateName":"Resato","url":"https:\/\/resato-waterjet.com\/en\/","logo":{"@type":"ImageObject","inLanguage":"de","@id":"https:\/\/resato-waterjet.com\/en\/#\/schema\/logo\/image\/","url":"https:\/\/mlwy9mbbs62x.i.optimole.com\/w:auto\/h:auto\/q:mauto\/f:avif\/https:\/\/resato-waterjet.com\/wp-content\/uploads\/2023\/03\/cropped-Resato-YOutube-Logo.png","contentUrl":"https:\/\/mlwy9mbbs62x.i.optimole.com\/w:auto\/h:auto\/q:mauto\/f:avif\/https:\/\/resato-waterjet.com\/wp-content\/uploads\/2023\/03\/cropped-Resato-YOutube-Logo.png","width":512,"height":512,"caption":"Resato Waterjet"},"image":{"@id":"https:\/\/resato-waterjet.com\/en\/#\/schema\/logo\/image\/"},"sameAs":["https:\/\/www.linkedin.com\/company\/resato-waterjet-technology\/"]}]}},"_links":{"self":[{"href":"https:\/\/resato-waterjet.com\/de\/wp-json\/wp\/v2\/product\/9099","targetHints":{"allow":["GET"]}}],"collection":[{"href":"https:\/\/resato-waterjet.com\/de\/wp-json\/wp\/v2\/product"}],"about":[{"href":"https:\/\/resato-waterjet.com\/de\/wp-json\/wp\/v2\/types\/product"}],"version-history":[{"count":5,"href":"https:\/\/resato-waterjet.com\/de\/wp-json\/wp\/v2\/product\/9099\/revisions"}],"predecessor-version":[{"id":10286,"href":"https:\/\/resato-waterjet.com\/de\/wp-json\/wp\/v2\/product\/9099\/revisions\/10286"}],"wp:featuredmedia":[{"embeddable":true,"href":"https:\/\/resato-waterjet.com\/de\/wp-json\/wp\/v2\/media\/9101"}],"wp:attachment":[{"href":"https:\/\/resato-waterjet.com\/de\/wp-json\/wp\/v2\/media?parent=9099"}],"wp:term":[{"taxonomy":"product_brand","embeddable":true,"href":"https:\/\/resato-waterjet.com\/de\/wp-json\/wp\/v2\/product_brand?post=9099"},{"taxonomy":"product_cat","embeddable":true,"href":"https:\/\/resato-waterjet.com\/de\/wp-json\/wp\/v2\/product_cat?post=9099"},{"taxonomy":"product_tag","embeddable":true,"href":"https:\/\/resato-waterjet.com\/de\/wp-json\/wp\/v2\/product_tag?post=9099"}],"curies":[{"name":"wp","href":"https:\/\/api.w.org\/{rel}","templated":true}]}}