{"id":9086,"date":"2023-01-21T19:26:41","date_gmt":"2023-01-21T19:26:41","guid":{"rendered":"https:\/\/resato-waterjet.com\/?post_type=product&#038;p=9086"},"modified":"2024-01-22T11:54:36","modified_gmt":"2024-01-22T11:54:36","slug":"acm-schneidetisch-optionen","status":"publish","type":"product","link":"https:\/\/resato-waterjet.com\/de\/product\/acm-cutting-table-options\/","title":{"rendered":"ACM Schneidtisch Optionen"},"content":{"rendered":"<p><strong>UWC Unterwasserschneiden<\/strong><br \/>\nA semi-automatic water level control system can be installed within the catcher to permit faster water\nlevel adjustment. Water level is set and controlled via the HMI. Using the semi-automatic water level\ncontrol, parts can be cut submerged, reducing both noise and water splash. The rear of the catcher is\nfitted with an \"air clock\", operated from the operator console. The water level can be roughly set from 0\nmm to about 50 mm from the cutting bed.<\/p>\n<p>&nbsp;<\/p>\n<p><strong>Kaskadenfilter<\/strong><br \/>\nDer Kaskadenfilter wird zwischen dem \u00dcberlauf und dem Abfluss des Auffangbeh\u00e4lters positioniert und hat die Aufgabe, den Gehalt an Materialabf\u00e4llen und Abrasivmitteln im Abflusswasser zu reduzieren.<\/p>\n<p>&nbsp;<\/p>\n<p class=\"translation-block\"><strong>Fernsteuerung<\/strong><br>\nDie Fernsteuerung erm\u00f6glicht eine eingeschr\u00e4nkte Bedienung der Maschine au\u00dferhalb des Bedienpults und die Steuerung der Bewegungen des Schneidkopfs innerhalb des Sicherheitsbereichs der Maschine.\nDie Handsteuerung dient dazu, den Schneidkopf auf sichere Weise in die richtige Position zu bringen, z. B. um eine Ausgangsposition festzulegen, die dann von der Bedienerkonsole \u00fcbernommen werden kann. Sobald der Schneidkopf positioniert ist, kann die Maschine vom Bedienpult aus gesteuert werden, um jederzeit eine sichere Arbeitsumgebung zu gew\u00e4hrleisten.<\/p>","protected":false},"excerpt":{"rendered":"<p>Verringerung von L\u00e4rmentwicklung und Wasserspritzern durch Unterwasserschneiden. Ein halbautomatisches Wasserstandsregelungssystem kann im Auffangbeh\u00e4lter installiert werden, um eine schnellere Anpassung des Wasserstands zu erm\u00f6glichen.<\/p>","protected":false},"featured_media":9088,"template":"","meta":{"content-type":""},"product_brand":[],"product_cat":[121],"product_tag":[122],"class_list":{"0":"post-9086","1":"product","2":"type-product","3":"status-publish","4":"has-post-thumbnail","6":"product_cat-waterjet-cutting-machines","7":"product_tag-waterjet-cutting-machines","9":"first","10":"instock","11":"shipping-taxable","12":"product-type-external"},"yoast_head":"<!-- This site is optimized with the Yoast SEO plugin v27.4 - https:\/\/yoast.com\/product\/yoast-seo-wordpress\/ -->\n<title>ACM Cutting Table Options - Resato Waterjet<\/title>\n<meta name=\"description\" content=\"Are these ACM Cutting Table Options suitable for you? UWC, Cascade Filter, and remote control options are part of Resato&#039;s offerings.\" \/>\n<meta name=\"robots\" content=\"index, follow, max-snippet:-1, max-image-preview:large, max-video-preview:-1\" \/>\n<link rel=\"canonical\" href=\"https:\/\/resato-waterjet.com\/de\/produkt\/acm-schneidetisch-optionen\/\" \/>\n<meta property=\"og:locale\" content=\"de_DE\" \/>\n<meta property=\"og:type\" content=\"article\" \/>\n<meta property=\"og:title\" content=\"ACM Cutting Table Options - Resato Waterjet\" \/>\n<meta property=\"og:description\" content=\"Are these ACM Cutting Table Options suitable for you? UWC, Cascade Filter, and remote control options are part of Resato&#039;s offerings.\" \/>\n<meta property=\"og:url\" content=\"https:\/\/resato-waterjet.com\/de\/produkt\/acm-schneidetisch-optionen\/\" \/>\n<meta property=\"og:site_name\" content=\"Resato Waterjet\" \/>\n<meta property=\"article:modified_time\" content=\"2024-01-22T11:54:36+00:00\" \/>\n<meta property=\"og:image\" content=\"https:\/\/resato-waterjet.com\/wp-content\/uploads\/2023\/01\/Semi-automatic-water-level-control-system-option-for-cutting-table.jpg\" \/>\n\t<meta property=\"og:image:width\" content=\"760\" \/>\n\t<meta property=\"og:image:height\" content=\"400\" \/>\n\t<meta property=\"og:image:type\" content=\"image\/jpeg\" \/>\n<meta name=\"twitter:card\" content=\"summary_large_image\" \/>\n<meta name=\"twitter:label1\" content=\"Gesch\u00e4tzte Lesezeit\" \/>\n\t<meta name=\"twitter:data1\" content=\"2\u00a0Minuten\" \/>\n<script type=\"application\/ld+json\" class=\"yoast-schema-graph\">{\"@context\":\"https:\\\/\\\/schema.org\",\"@graph\":[{\"@type\":\"WebPage\",\"@id\":\"https:\\\/\\\/resato-waterjet.com\\\/es\\\/producto\\\/acm-cutting-table-options\\\/\",\"url\":\"https:\\\/\\\/resato-waterjet.com\\\/es\\\/producto\\\/acm-cutting-table-options\\\/\",\"name\":\"ACM Cutting Table Options - Resato Waterjet\",\"isPartOf\":{\"@id\":\"https:\\\/\\\/resato-waterjet.com\\\/en\\\/#website\"},\"primaryImageOfPage\":{\"@id\":\"https:\\\/\\\/resato-waterjet.com\\\/es\\\/producto\\\/acm-cutting-table-options\\\/#primaryimage\"},\"image\":{\"@id\":\"https:\\\/\\\/resato-waterjet.com\\\/es\\\/producto\\\/acm-cutting-table-options\\\/#primaryimage\"},\"thumbnailUrl\":\"https:\\\/\\\/resato-waterjet.com\\\/wp-content\\\/uploads\\\/2023\\\/01\\\/Semi-automatic-water-level-control-system-option-for-cutting-table.jpg\",\"datePublished\":\"2023-01-21T19:26:41+00:00\",\"dateModified\":\"2024-01-22T11:54:36+00:00\",\"description\":\"Are these ACM Cutting Table Options suitable for you? UWC, Cascade Filter, and remote control options are part of Resato's offerings.\",\"breadcrumb\":{\"@id\":\"https:\\\/\\\/resato-waterjet.com\\\/es\\\/producto\\\/acm-cutting-table-options\\\/#breadcrumb\"},\"inLanguage\":\"de\",\"potentialAction\":[{\"@type\":\"ReadAction\",\"target\":[\"https:\\\/\\\/resato-waterjet.com\\\/es\\\/producto\\\/acm-cutting-table-options\\\/\"]}]},{\"@type\":\"ImageObject\",\"inLanguage\":\"de\",\"@id\":\"https:\\\/\\\/resato-waterjet.com\\\/es\\\/producto\\\/acm-cutting-table-options\\\/#primaryimage\",\"url\":\"https:\\\/\\\/resato-waterjet.com\\\/wp-content\\\/uploads\\\/2023\\\/01\\\/Semi-automatic-water-level-control-system-option-for-cutting-table.jpg\",\"contentUrl\":\"https:\\\/\\\/resato-waterjet.com\\\/wp-content\\\/uploads\\\/2023\\\/01\\\/Semi-automatic-water-level-control-system-option-for-cutting-table.jpg\",\"width\":760,\"height\":400,\"caption\":\"ACM Cutting Table Options\"},{\"@type\":\"BreadcrumbList\",\"@id\":\"https:\\\/\\\/resato-waterjet.com\\\/es\\\/producto\\\/acm-cutting-table-options\\\/#breadcrumb\",\"itemListElement\":[{\"@type\":\"ListItem\",\"position\":1,\"name\":\"Home\",\"item\":\"https:\\\/\\\/resato-waterjet.com\\\/fr\\\/\"},{\"@type\":\"ListItem\",\"position\":2,\"name\":\"Machines and Services\",\"item\":\"https:\\\/\\\/resato-waterjet.com\\\/en\\\/machines-and-services\\\/\"},{\"@type\":\"ListItem\",\"position\":3,\"name\":\"ACM Cutting Table Options\"}]},{\"@type\":\"WebSite\",\"@id\":\"https:\\\/\\\/resato-waterjet.com\\\/en\\\/#website\",\"url\":\"https:\\\/\\\/resato-waterjet.com\\\/en\\\/\",\"name\":\"Resato Waterjet\",\"description\":\"Creating Magic with Water\",\"publisher\":{\"@id\":\"https:\\\/\\\/resato-waterjet.com\\\/en\\\/#organization\"},\"alternateName\":\"Resato\",\"potentialAction\":[{\"@type\":\"SearchAction\",\"target\":{\"@type\":\"EntryPoint\",\"urlTemplate\":\"https:\\\/\\\/resato-waterjet.com\\\/en\\\/?s={search_term_string}\"},\"query-input\":{\"@type\":\"PropertyValueSpecification\",\"valueRequired\":true,\"valueName\":\"search_term_string\"}}],\"inLanguage\":\"de\"},{\"@type\":\"Organization\",\"@id\":\"https:\\\/\\\/resato-waterjet.com\\\/en\\\/#organization\",\"name\":\"Resato Waterjet\",\"alternateName\":\"Resato\",\"url\":\"https:\\\/\\\/resato-waterjet.com\\\/en\\\/\",\"logo\":{\"@type\":\"ImageObject\",\"inLanguage\":\"de\",\"@id\":\"https:\\\/\\\/resato-waterjet.com\\\/en\\\/#\\\/schema\\\/logo\\\/image\\\/\",\"url\":\"https:\\\/\\\/mlwy9mbbs62x.i.optimole.com\\\/w:auto\\\/h:auto\\\/q:mauto\\\/f:avif\\\/https:\\\/\\\/resato-waterjet.com\\\/wp-content\\\/uploads\\\/2023\\\/03\\\/cropped-Resato-YOutube-Logo.png\",\"contentUrl\":\"https:\\\/\\\/mlwy9mbbs62x.i.optimole.com\\\/w:auto\\\/h:auto\\\/q:mauto\\\/f:avif\\\/https:\\\/\\\/resato-waterjet.com\\\/wp-content\\\/uploads\\\/2023\\\/03\\\/cropped-Resato-YOutube-Logo.png\",\"width\":512,\"height\":512,\"caption\":\"Resato Waterjet\"},\"image\":{\"@id\":\"https:\\\/\\\/resato-waterjet.com\\\/en\\\/#\\\/schema\\\/logo\\\/image\\\/\"},\"sameAs\":[\"https:\\\/\\\/www.linkedin.com\\\/company\\\/resato-waterjet-technology\\\/\"]}]}<\/script>\n<!-- \/ Yoast SEO plugin. -->","yoast_head_json":{"title":"ACM-Schneidetischoptionen - Resato Waterjet","description":"Sind diese ACM-Schneidetischoptionen f\u00fcr Sie geeignet? UWC, Kaskadenfilter und Fernbedienungsoptionen sind Teil des Angebots von Resato.","robots":{"index":"index","follow":"follow","max-snippet":"max-snippet:-1","max-image-preview":"max-image-preview:large","max-video-preview":"max-video-preview:-1"},"canonical":"https:\/\/resato-waterjet.com\/de\/produkt\/acm-schneidetisch-optionen\/","og_locale":"de_DE","og_type":"article","og_title":"ACM Cutting Table Options - Resato Waterjet","og_description":"Are these ACM Cutting Table Options suitable for you? UWC, Cascade Filter, and remote control options are part of Resato's offerings.","og_url":"https:\/\/resato-waterjet.com\/de\/produkt\/acm-schneidetisch-optionen\/","og_site_name":"Resato Waterjet","article_modified_time":"2024-01-22T11:54:36+00:00","og_image":[{"width":760,"height":400,"url":"https:\/\/resato-waterjet.com\/wp-content\/uploads\/2023\/01\/Semi-automatic-water-level-control-system-option-for-cutting-table.jpg","type":"image\/jpeg"}],"twitter_card":"summary_large_image","twitter_misc":{"Gesch\u00e4tzte Lesezeit":"2\u00a0Minuten"},"schema":{"@context":"https:\/\/schema.org","@graph":[{"@type":"WebPage","@id":"https:\/\/resato-waterjet.com\/es\/producto\/acm-cutting-table-options\/","url":"https:\/\/resato-waterjet.com\/es\/producto\/acm-cutting-table-options\/","name":"ACM-Schneidetischoptionen - Resato Waterjet","isPartOf":{"@id":"https:\/\/resato-waterjet.com\/en\/#website"},"primaryImageOfPage":{"@id":"https:\/\/resato-waterjet.com\/es\/producto\/acm-cutting-table-options\/#primaryimage"},"image":{"@id":"https:\/\/resato-waterjet.com\/es\/producto\/acm-cutting-table-options\/#primaryimage"},"thumbnailUrl":"https:\/\/resato-waterjet.com\/wp-content\/uploads\/2023\/01\/Semi-automatic-water-level-control-system-option-for-cutting-table.jpg","datePublished":"2023-01-21T19:26:41+00:00","dateModified":"2024-01-22T11:54:36+00:00","description":"Sind diese ACM-Schneidetischoptionen f\u00fcr Sie geeignet? UWC, Kaskadenfilter und Fernbedienungsoptionen sind Teil des Angebots von Resato.","breadcrumb":{"@id":"https:\/\/resato-waterjet.com\/es\/producto\/acm-cutting-table-options\/#breadcrumb"},"inLanguage":"de","potentialAction":[{"@type":"ReadAction","target":["https:\/\/resato-waterjet.com\/es\/producto\/acm-cutting-table-options\/"]}]},{"@type":"ImageObject","inLanguage":"de","@id":"https:\/\/resato-waterjet.com\/es\/producto\/acm-cutting-table-options\/#primaryimage","url":"https:\/\/resato-waterjet.com\/wp-content\/uploads\/2023\/01\/Semi-automatic-water-level-control-system-option-for-cutting-table.jpg","contentUrl":"https:\/\/resato-waterjet.com\/wp-content\/uploads\/2023\/01\/Semi-automatic-water-level-control-system-option-for-cutting-table.jpg","width":760,"height":400,"caption":"ACM Cutting Table Options"},{"@type":"BreadcrumbList","@id":"https:\/\/resato-waterjet.com\/es\/producto\/acm-cutting-table-options\/#breadcrumb","itemListElement":[{"@type":"ListItem","position":1,"name":"Home","item":"https:\/\/resato-waterjet.com\/fr\/"},{"@type":"ListItem","position":2,"name":"Machines and Services","item":"https:\/\/resato-waterjet.com\/en\/machines-and-services\/"},{"@type":"ListItem","position":3,"name":"ACM Cutting Table Options"}]},{"@type":"WebSite","@id":"https:\/\/resato-waterjet.com\/en\/#website","url":"https:\/\/resato-waterjet.com\/en\/","name":"Resato Wasserstrahl","description":"Zaubern mit Wasser","publisher":{"@id":"https:\/\/resato-waterjet.com\/en\/#organization"},"alternateName":"Resato","potentialAction":[{"@type":"SearchAction","target":{"@type":"EntryPoint","urlTemplate":"https:\/\/resato-waterjet.com\/en\/?s={search_term_string}"},"query-input":{"@type":"PropertyValueSpecification","valueRequired":true,"valueName":"search_term_string"}}],"inLanguage":"de"},{"@type":"Organization","@id":"https:\/\/resato-waterjet.com\/en\/#organization","name":"Resato Wasserstrahl","alternateName":"Resato","url":"https:\/\/resato-waterjet.com\/en\/","logo":{"@type":"ImageObject","inLanguage":"de","@id":"https:\/\/resato-waterjet.com\/en\/#\/schema\/logo\/image\/","url":"https:\/\/mlwy9mbbs62x.i.optimole.com\/w:auto\/h:auto\/q:mauto\/f:avif\/https:\/\/resato-waterjet.com\/wp-content\/uploads\/2023\/03\/cropped-Resato-YOutube-Logo.png","contentUrl":"https:\/\/mlwy9mbbs62x.i.optimole.com\/w:auto\/h:auto\/q:mauto\/f:avif\/https:\/\/resato-waterjet.com\/wp-content\/uploads\/2023\/03\/cropped-Resato-YOutube-Logo.png","width":512,"height":512,"caption":"Resato Waterjet"},"image":{"@id":"https:\/\/resato-waterjet.com\/en\/#\/schema\/logo\/image\/"},"sameAs":["https:\/\/www.linkedin.com\/company\/resato-waterjet-technology\/"]}]}},"_links":{"self":[{"href":"https:\/\/resato-waterjet.com\/de\/wp-json\/wp\/v2\/product\/9086","targetHints":{"allow":["GET"]}}],"collection":[{"href":"https:\/\/resato-waterjet.com\/de\/wp-json\/wp\/v2\/product"}],"about":[{"href":"https:\/\/resato-waterjet.com\/de\/wp-json\/wp\/v2\/types\/product"}],"version-history":[{"count":2,"href":"https:\/\/resato-waterjet.com\/de\/wp-json\/wp\/v2\/product\/9086\/revisions"}],"predecessor-version":[{"id":10827,"href":"https:\/\/resato-waterjet.com\/de\/wp-json\/wp\/v2\/product\/9086\/revisions\/10827"}],"wp:featuredmedia":[{"embeddable":true,"href":"https:\/\/resato-waterjet.com\/de\/wp-json\/wp\/v2\/media\/9088"}],"wp:attachment":[{"href":"https:\/\/resato-waterjet.com\/de\/wp-json\/wp\/v2\/media?parent=9086"}],"wp:term":[{"taxonomy":"product_brand","embeddable":true,"href":"https:\/\/resato-waterjet.com\/de\/wp-json\/wp\/v2\/product_brand?post=9086"},{"taxonomy":"product_cat","embeddable":true,"href":"https:\/\/resato-waterjet.com\/de\/wp-json\/wp\/v2\/product_cat?post=9086"},{"taxonomy":"product_tag","embeddable":true,"href":"https:\/\/resato-waterjet.com\/de\/wp-json\/wp\/v2\/product_tag?post=9086"}],"curies":[{"name":"wp","href":"https:\/\/api.w.org\/{rel}","templated":true}]}}