{"id":9083,"date":"2023-01-21T19:22:14","date_gmt":"2023-01-21T19:22:14","guid":{"rendered":"https:\/\/resato-waterjet.com\/?post_type=product&#038;p=9083"},"modified":"2025-09-26T08:31:17","modified_gmt":"2025-09-26T08:31:17","slug":"flexzone","status":"publish","type":"product","link":"https:\/\/resato-waterjet.com\/de\/product\/flex-zone\/","title":{"rendered":"Flexzone"},"content":{"rendered":"<p><strong>Flex-Zone: Mehr Effizienz in sicherer Umgebung<\/strong><\/p>\n<p class=\"translation-block\">W\u00e4hrend der Tisch bisher beim Schneiden nicht erreichbar war, kann er jetzt mit der Flex-Zone unabh\u00e4ngig vom Schneidprozess frei und sicher be- und entladen werden. Die Ausfallzeiten sinken so auf ein Minimum, w\u00e4hrend die Produktion und die Arbeitszeit des Bedieners optimiert werden.<\/p>\n<p class=\"translation-block\">Lichtvorh\u00e4nge werden in der Regel um Wasserschneidetische herum angebracht, um die Sicherheit des Bedieners zu gew\u00e4hrleisten. Bei der Resato ACM Flex-Zone ist die Sicherheitsvorrichtung an der Br\u00fccke selbst angebracht. Sie bewegt sich zusammen mit dem Bearbeitungsbereich des Schneidkopfs. Die Flex-Zone schafft flexible, zug\u00e4ngliche Arbeitsbereiche auf dem Schneidtisch beim Schneidvorgang. Dadurch wird der Tisch f\u00fcr den Bediener auch im Schneidprozess zug\u00e4nglich.<\/p>\n<p>&nbsp;<\/p>\n<p><iframe loading=\"lazy\" title=\"Resato - ACM Flex-zone\" width=\"1300\" height=\"731\" src=\"https:\/\/www.youtube.com\/embed\/jnt5C1iBW9U?feature=oembed\" frameborder=\"0\" allow=\"accelerometer; autoplay; clipboard-write; encrypted-media; gyroscope; picture-in-picture; web-share\" referrerpolicy=\"strict-origin-when-cross-origin\" allowfullscreen><\/iframe><\/p>\n<p>&nbsp;<\/p>\n<p class=\"translation-block\"><strong>Bedienung<\/strong><br>\nDie ACM Flex-Zone umfasst zwei Lichtvorh\u00e4nge, die in einem bestimmten Abstand zu Schneidkopf und Portal angebracht sind. Das Durchqueren dieses Lichtvorhangs w\u00e4hrend des Betriebs der Maschine f\u00fchrt zu einem direkten Stillstand des Schneidkopfs und der Servomotoren und bietet einen sicheren Zugang zu den Bestandteilen des Portals.<\/p>\n<p>Die Konsole bietet mit wenigen Klicks eine Freigabe des gesch\u00fctzten Bereichs und der Schneidvorgang kann fortgesetzt werden. Der Bediener kann bei laufendem Schneidvorgang au\u00dferhalb der Sicherheitszone be- und entladen.<\/p>","protected":false},"excerpt":{"rendered":"<p>Die ACM Flex-Zone: Mehr Effizienz in sicherer Umgebung!<\/p>\n<ul>\n<li>Effizienterer Schneidprozess<\/li>\n<li>Unbemannte Bedienung<\/li>\n<li>H\u00f6here Sauberkeit<\/li>\n<\/ul>","protected":false},"featured_media":9085,"template":"","meta":{"content-type":""},"product_brand":[],"product_cat":[121],"product_tag":[122],"class_list":{"0":"post-9083","1":"product","2":"type-product","3":"status-publish","4":"has-post-thumbnail","6":"product_cat-waterjet-cutting-machines","7":"product_tag-waterjet-cutting-machines","9":"first","10":"instock","11":"shipping-taxable","12":"product-type-external"},"yoast_head":"<!-- This site is optimized with the Yoast SEO plugin v27.4 - https:\/\/yoast.com\/product\/yoast-seo-wordpress\/ -->\n<title>Flex-Zone - Resato Waterjet<\/title>\n<meta name=\"description\" content=\"The ACM Flex-Zone implements a front and back light curtain around the gantry at a specific distance to the cutting head and gantry.\" \/>\n<meta name=\"robots\" content=\"index, follow, max-snippet:-1, max-image-preview:large, max-video-preview:-1\" \/>\n<link rel=\"canonical\" href=\"https:\/\/resato-waterjet.com\/de\/produkt\/flexzone\/\" \/>\n<meta property=\"og:locale\" content=\"de_DE\" \/>\n<meta property=\"og:type\" content=\"article\" \/>\n<meta property=\"og:title\" content=\"Flex-Zone - Resato Waterjet\" \/>\n<meta property=\"og:description\" content=\"The ACM Flex-Zone implements a front and back light curtain around the gantry at a specific distance to the cutting head and gantry.\" \/>\n<meta property=\"og:url\" content=\"https:\/\/resato-waterjet.com\/de\/produkt\/flexzone\/\" \/>\n<meta property=\"og:site_name\" content=\"Resato Waterjet\" \/>\n<meta property=\"article:modified_time\" content=\"2025-09-26T08:31:17+00:00\" \/>\n<meta property=\"og:image\" content=\"https:\/\/resato-waterjet.com\/wp-content\/uploads\/2023\/01\/Flexzone-option-render-1-e1758875453336.png\" \/>\n\t<meta property=\"og:image:width\" content=\"1920\" \/>\n\t<meta property=\"og:image:height\" content=\"1011\" \/>\n\t<meta property=\"og:image:type\" content=\"image\/png\" \/>\n<meta name=\"twitter:card\" content=\"summary_large_image\" \/>\n<meta name=\"twitter:label1\" content=\"Gesch\u00e4tzte Lesezeit\" \/>\n\t<meta name=\"twitter:data1\" content=\"2\u00a0Minuten\" \/>\n<script type=\"application\/ld+json\" class=\"yoast-schema-graph\">{\"@context\":\"https:\\\/\\\/schema.org\",\"@graph\":[{\"@type\":\"WebPage\",\"@id\":\"https:\\\/\\\/resato-waterjet.com\\\/en\\\/product\\\/flex-zone\\\/\",\"url\":\"https:\\\/\\\/resato-waterjet.com\\\/en\\\/product\\\/flex-zone\\\/\",\"name\":\"Flex-Zone - Resato Waterjet\",\"isPartOf\":{\"@id\":\"https:\\\/\\\/resato-waterjet.com\\\/en\\\/#website\"},\"primaryImageOfPage\":{\"@id\":\"https:\\\/\\\/resato-waterjet.com\\\/en\\\/product\\\/flex-zone\\\/#primaryimage\"},\"image\":{\"@id\":\"https:\\\/\\\/resato-waterjet.com\\\/en\\\/product\\\/flex-zone\\\/#primaryimage\"},\"thumbnailUrl\":\"https:\\\/\\\/resato-waterjet.com\\\/wp-content\\\/uploads\\\/2023\\\/01\\\/Flexzone-option-render-1-e1758875453336.png\",\"datePublished\":\"2023-01-21T19:22:14+00:00\",\"dateModified\":\"2025-09-26T08:31:17+00:00\",\"description\":\"The ACM Flex-Zone implements a front and back light curtain around the gantry at a specific distance to the cutting head and gantry.\",\"breadcrumb\":{\"@id\":\"https:\\\/\\\/resato-waterjet.com\\\/en\\\/product\\\/flex-zone\\\/#breadcrumb\"},\"inLanguage\":\"de\",\"potentialAction\":[{\"@type\":\"ReadAction\",\"target\":[\"https:\\\/\\\/resato-waterjet.com\\\/en\\\/product\\\/flex-zone\\\/\"]}]},{\"@type\":\"ImageObject\",\"inLanguage\":\"de\",\"@id\":\"https:\\\/\\\/resato-waterjet.com\\\/en\\\/product\\\/flex-zone\\\/#primaryimage\",\"url\":\"https:\\\/\\\/resato-waterjet.com\\\/wp-content\\\/uploads\\\/2023\\\/01\\\/Flexzone-option-render-1-e1758875453336.png\",\"contentUrl\":\"https:\\\/\\\/resato-waterjet.com\\\/wp-content\\\/uploads\\\/2023\\\/01\\\/Flexzone-option-render-1-e1758875453336.png\",\"width\":1920,\"height\":1011,\"caption\":\"Flex-zone\"},{\"@type\":\"BreadcrumbList\",\"@id\":\"https:\\\/\\\/resato-waterjet.com\\\/en\\\/product\\\/flex-zone\\\/#breadcrumb\",\"itemListElement\":[{\"@type\":\"ListItem\",\"position\":1,\"name\":\"Home\",\"item\":\"https:\\\/\\\/resato-waterjet.com\\\/fr\\\/\"},{\"@type\":\"ListItem\",\"position\":2,\"name\":\"Machines and Services\",\"item\":\"https:\\\/\\\/resato-waterjet.com\\\/en\\\/machines-and-services\\\/\"},{\"@type\":\"ListItem\",\"position\":3,\"name\":\"Flex-Zone\"}]},{\"@type\":\"WebSite\",\"@id\":\"https:\\\/\\\/resato-waterjet.com\\\/en\\\/#website\",\"url\":\"https:\\\/\\\/resato-waterjet.com\\\/en\\\/\",\"name\":\"Resato Waterjet\",\"description\":\"Creating Magic with Water\",\"publisher\":{\"@id\":\"https:\\\/\\\/resato-waterjet.com\\\/en\\\/#organization\"},\"alternateName\":\"Resato\",\"potentialAction\":[{\"@type\":\"SearchAction\",\"target\":{\"@type\":\"EntryPoint\",\"urlTemplate\":\"https:\\\/\\\/resato-waterjet.com\\\/en\\\/?s={search_term_string}\"},\"query-input\":{\"@type\":\"PropertyValueSpecification\",\"valueRequired\":true,\"valueName\":\"search_term_string\"}}],\"inLanguage\":\"de\"},{\"@type\":\"Organization\",\"@id\":\"https:\\\/\\\/resato-waterjet.com\\\/en\\\/#organization\",\"name\":\"Resato Waterjet\",\"alternateName\":\"Resato\",\"url\":\"https:\\\/\\\/resato-waterjet.com\\\/en\\\/\",\"logo\":{\"@type\":\"ImageObject\",\"inLanguage\":\"de\",\"@id\":\"https:\\\/\\\/resato-waterjet.com\\\/en\\\/#\\\/schema\\\/logo\\\/image\\\/\",\"url\":\"https:\\\/\\\/mlwy9mbbs62x.i.optimole.com\\\/w:auto\\\/h:auto\\\/q:mauto\\\/f:avif\\\/https:\\\/\\\/resato-waterjet.com\\\/wp-content\\\/uploads\\\/2023\\\/03\\\/cropped-Resato-YOutube-Logo.png\",\"contentUrl\":\"https:\\\/\\\/mlwy9mbbs62x.i.optimole.com\\\/w:auto\\\/h:auto\\\/q:mauto\\\/f:avif\\\/https:\\\/\\\/resato-waterjet.com\\\/wp-content\\\/uploads\\\/2023\\\/03\\\/cropped-Resato-YOutube-Logo.png\",\"width\":512,\"height\":512,\"caption\":\"Resato Waterjet\"},\"image\":{\"@id\":\"https:\\\/\\\/resato-waterjet.com\\\/en\\\/#\\\/schema\\\/logo\\\/image\\\/\"},\"sameAs\":[\"https:\\\/\\\/www.linkedin.com\\\/company\\\/resato-waterjet-technology\\\/\"]}]}<\/script>\n<!-- \/ Yoast SEO plugin. -->","yoast_head_json":{"title":"Flex-Zone - Resato Wasserstrahl","description":"Die ACM Flex-Zone implementiert einen vorderen und hinteren Lichtvorhang um das Portal in einem bestimmten Abstand zu Schneidkopf und Portal.","robots":{"index":"index","follow":"follow","max-snippet":"max-snippet:-1","max-image-preview":"max-image-preview:large","max-video-preview":"max-video-preview:-1"},"canonical":"https:\/\/resato-waterjet.com\/de\/produkt\/flexzone\/","og_locale":"de_DE","og_type":"article","og_title":"Flex-Zone - Resato Waterjet","og_description":"The ACM Flex-Zone implements a front and back light curtain around the gantry at a specific distance to the cutting head and gantry.","og_url":"https:\/\/resato-waterjet.com\/de\/produkt\/flexzone\/","og_site_name":"Resato Waterjet","article_modified_time":"2025-09-26T08:31:17+00:00","og_image":[{"width":1920,"height":1011,"url":"https:\/\/resato-waterjet.com\/wp-content\/uploads\/2023\/01\/Flexzone-option-render-1-e1758875453336.png","type":"image\/png"}],"twitter_card":"summary_large_image","twitter_misc":{"Gesch\u00e4tzte Lesezeit":"2\u00a0Minuten"},"schema":{"@context":"https:\/\/schema.org","@graph":[{"@type":"WebPage","@id":"https:\/\/resato-waterjet.com\/en\/product\/flex-zone\/","url":"https:\/\/resato-waterjet.com\/en\/product\/flex-zone\/","name":"Flex-Zone - Resato Wasserstrahl","isPartOf":{"@id":"https:\/\/resato-waterjet.com\/en\/#website"},"primaryImageOfPage":{"@id":"https:\/\/resato-waterjet.com\/en\/product\/flex-zone\/#primaryimage"},"image":{"@id":"https:\/\/resato-waterjet.com\/en\/product\/flex-zone\/#primaryimage"},"thumbnailUrl":"https:\/\/resato-waterjet.com\/wp-content\/uploads\/2023\/01\/Flexzone-option-render-1-e1758875453336.png","datePublished":"2023-01-21T19:22:14+00:00","dateModified":"2025-09-26T08:31:17+00:00","description":"Die ACM Flex-Zone implementiert einen vorderen und hinteren Lichtvorhang um das Portal in einem bestimmten Abstand zu Schneidkopf und Portal.","breadcrumb":{"@id":"https:\/\/resato-waterjet.com\/en\/product\/flex-zone\/#breadcrumb"},"inLanguage":"de","potentialAction":[{"@type":"ReadAction","target":["https:\/\/resato-waterjet.com\/en\/product\/flex-zone\/"]}]},{"@type":"ImageObject","inLanguage":"de","@id":"https:\/\/resato-waterjet.com\/en\/product\/flex-zone\/#primaryimage","url":"https:\/\/resato-waterjet.com\/wp-content\/uploads\/2023\/01\/Flexzone-option-render-1-e1758875453336.png","contentUrl":"https:\/\/resato-waterjet.com\/wp-content\/uploads\/2023\/01\/Flexzone-option-render-1-e1758875453336.png","width":1920,"height":1011,"caption":"Flex-zone"},{"@type":"BreadcrumbList","@id":"https:\/\/resato-waterjet.com\/en\/product\/flex-zone\/#breadcrumb","itemListElement":[{"@type":"ListItem","position":1,"name":"Home","item":"https:\/\/resato-waterjet.com\/fr\/"},{"@type":"ListItem","position":2,"name":"Machines and Services","item":"https:\/\/resato-waterjet.com\/en\/machines-and-services\/"},{"@type":"ListItem","position":3,"name":"Flex-Zone"}]},{"@type":"WebSite","@id":"https:\/\/resato-waterjet.com\/en\/#website","url":"https:\/\/resato-waterjet.com\/en\/","name":"Resato Wasserstrahl","description":"Zaubern mit Wasser","publisher":{"@id":"https:\/\/resato-waterjet.com\/en\/#organization"},"alternateName":"Resato","potentialAction":[{"@type":"SearchAction","target":{"@type":"EntryPoint","urlTemplate":"https:\/\/resato-waterjet.com\/en\/?s={search_term_string}"},"query-input":{"@type":"PropertyValueSpecification","valueRequired":true,"valueName":"search_term_string"}}],"inLanguage":"de"},{"@type":"Organization","@id":"https:\/\/resato-waterjet.com\/en\/#organization","name":"Resato Wasserstrahl","alternateName":"Resato","url":"https:\/\/resato-waterjet.com\/en\/","logo":{"@type":"ImageObject","inLanguage":"de","@id":"https:\/\/resato-waterjet.com\/en\/#\/schema\/logo\/image\/","url":"https:\/\/mlwy9mbbs62x.i.optimole.com\/w:auto\/h:auto\/q:mauto\/f:avif\/https:\/\/resato-waterjet.com\/wp-content\/uploads\/2023\/03\/cropped-Resato-YOutube-Logo.png","contentUrl":"https:\/\/mlwy9mbbs62x.i.optimole.com\/w:auto\/h:auto\/q:mauto\/f:avif\/https:\/\/resato-waterjet.com\/wp-content\/uploads\/2023\/03\/cropped-Resato-YOutube-Logo.png","width":512,"height":512,"caption":"Resato Waterjet"},"image":{"@id":"https:\/\/resato-waterjet.com\/en\/#\/schema\/logo\/image\/"},"sameAs":["https:\/\/www.linkedin.com\/company\/resato-waterjet-technology\/"]}]}},"_links":{"self":[{"href":"https:\/\/resato-waterjet.com\/de\/wp-json\/wp\/v2\/product\/9083","targetHints":{"allow":["GET"]}}],"collection":[{"href":"https:\/\/resato-waterjet.com\/de\/wp-json\/wp\/v2\/product"}],"about":[{"href":"https:\/\/resato-waterjet.com\/de\/wp-json\/wp\/v2\/types\/product"}],"version-history":[{"count":3,"href":"https:\/\/resato-waterjet.com\/de\/wp-json\/wp\/v2\/product\/9083\/revisions"}],"predecessor-version":[{"id":10828,"href":"https:\/\/resato-waterjet.com\/de\/wp-json\/wp\/v2\/product\/9083\/revisions\/10828"}],"wp:featuredmedia":[{"embeddable":true,"href":"https:\/\/resato-waterjet.com\/de\/wp-json\/wp\/v2\/media\/9085"}],"wp:attachment":[{"href":"https:\/\/resato-waterjet.com\/de\/wp-json\/wp\/v2\/media?parent=9083"}],"wp:term":[{"taxonomy":"product_brand","embeddable":true,"href":"https:\/\/resato-waterjet.com\/de\/wp-json\/wp\/v2\/product_brand?post=9083"},{"taxonomy":"product_cat","embeddable":true,"href":"https:\/\/resato-waterjet.com\/de\/wp-json\/wp\/v2\/product_cat?post=9083"},{"taxonomy":"product_tag","embeddable":true,"href":"https:\/\/resato-waterjet.com\/de\/wp-json\/wp\/v2\/product_tag?post=9083"}],"curies":[{"name":"wp","href":"https:\/\/api.w.org\/{rel}","templated":true}]}}