{"id":9080,"date":"2023-01-21T18:39:32","date_gmt":"2023-01-21T18:39:32","guid":{"rendered":"https:\/\/resato-waterjet.com\/?post_type=product&#038;p=9080"},"modified":"2025-09-26T08:38:01","modified_gmt":"2025-09-26T08:38:01","slug":"acm-wasserstrahlschneidemaschine","status":"publish","type":"product","link":"https:\/\/resato-waterjet.com\/de\/product\/acm-waterjet-cutting-machine\/","title":{"rendered":"ACM Wasserstrahlschneid maschine"},"content":{"rendered":"<p>Der Schneidtisch besteht aus einer pr\u00e4zisionsgefertigte Stahlkonstruktion mit linearen Direktantriebsmotoren auf jeder der beiden Hauptachsen. Um die erforderliche Pr\u00e4zision zu erreichen, werden die Br\u00fccke und die selbstfahrende Schlittenplatte von zwei direkt angetriebenen Linearmotoren auf jeder Seite angetrieben. Daraus ergibt sich ein Geschwindigkeitsbereich von 1 bis 30.000 mm\/min.<\/p>\n<p>Durch die Verwendung dieser Komponenten und die Konstruktion wird eine wiederholbare Positioniergenauigkeit von =\/- 50 (bei 20 \u00b0C) \u00fcber den gesamten Bereich der Maschine erreicht. Die F\u00fchrungen und Antriebe sind durch Faltenb\u00e4lge und Schutzbeschichtungen aus rostfreiem Stahl angemessen vor Wasser und Abrieb gesch\u00fctzt.<\/p>\n<p>&nbsp;<\/p>\n<p><strong>Unbemannte Produktion<\/strong><br \/>\nDank der automatischen Steuerung der Hochdruckpumpe, der Abrasivmittelzuf\u00fchrung und der Prozessparameter ist keine st\u00e4ndige \u00dcberwachung w\u00e4hrend des Schneidprozesses erforderlich. Die Resato-Wasserd\u00fcsen sind mit einer automatischen Abschaltfunktion ausgestattet, die ausgel\u00f6st wird, sobald eine Schneidaufgabe abgeschlossen ist. Dies bedeutet, dass alle Ger\u00e4te in den Standby-Modus versetzt werden oder sich abschalten und so gut wie keine Energie mehr verbrauchen.<\/p>\n<p>&nbsp;<\/p>\n<table style=\"height: 357px;\" width=\"741\">\n<tbody>\n<tr>\n<td width=\"98\">Machinentypen<\/td>\n<td width=\"115\">Netto Schneidbereich<\/td>\n<td width=\"104\">\u00a0Machinentypen<\/td>\n<td width=\"223\">Netto Schneidbereich pro Scheidkopf<\/td>\n<\/tr>\n<tr>\n<td>1 Schneidkopf<\/td>\n<td>in 2D<\/td>\n<td>2 Schneidk\u00f6pfe<\/td>\n<td>in 2D<\/td>\n<\/tr>\n<tr>\n<td>ACM 2015-1<\/td>\n<td>2020\u00d71520 mm<\/td>\n<td>ACM 2015-2<\/td>\n<td>1670\u00d71520 mm<\/td>\n<\/tr>\n<tr>\n<td>ACM 2040-1<\/td>\n<td>2020\u00d74020 mm<\/td>\n<td>ACM 2040-2<\/td>\n<td>1670\u00d74020 mm<\/td>\n<\/tr>\n<tr>\n<td>ACM 2060-1<\/td>\n<td>2020\u00d76020 mm<\/td>\n<td>ACM 2060-2<\/td>\n<td>1670\u00d76020 mm<\/td>\n<\/tr>\n<tr>\n<td>ACM 3015-1<\/td>\n<td>3020\u00d71520 mm<\/td>\n<td>ACM 3015-2<\/td>\n<td>3020\u00d71520 mm<\/td>\n<\/tr>\n<tr>\n<td>ACM 3030-1<\/td>\n<td>3020\u00d73020 mm<\/td>\n<td>ACM 3030-2<\/td>\n<td>3020\u00d73020 mm<\/td>\n<\/tr>\n<tr>\n<td>ACM 3040-1<\/td>\n<td>3020\u00d74020 mm<\/td>\n<td>ACM 3040-2<\/td>\n<td>3020\u00d74020 mm<\/td>\n<\/tr>\n<tr>\n<td>ACM 3060-1<\/td>\n<td>3020\u00d76020 mm<\/td>\n<td>ACM 3060-2<\/td>\n<td>3020\u00d76020 mm<\/td>\n<\/tr>\n<tr>\n<td>ACM 3080-1<\/td>\n<td>3020\u00d78020 mm<\/td>\n<td>ACM 3080-2<\/td>\n<td>3020\u00d78020 mm<\/td>\n<\/tr>\n<tr>\n<td>ACM 30100-1<\/td>\n<td>3020\u00d710020 mm<\/td>\n<td>ACM 30100-2<\/td>\n<td>3020\u00d710020 mm<\/td>\n<\/tr>\n<\/tbody>\n<\/table>\n<p>&nbsp;<\/p>","protected":false},"excerpt":{"rendered":"<p><strong>Linearmotoren mit Direktantrieb garantieren:<\/strong><\/p>\n<ul>\n<li>Besseres Schneidverhalten und absolute Wiederholgenauigkeit (ohne Nachsetzen) des Schneidkopfs im Vergleich zu herk\u00f6mmlichen mechanischen \u00dcberg\u00e4ngen mit Spindel, Ritzel, Zahnstange und Zahnr\u00e4dern<\/li>\n<li>Geringer Wartungsaufwand durch das kontaktlose Verfahren, verbunden mit einem stark reduzierten Verbrauch an Verschlei\u00dfteilen<\/li>\n<li>Breites Spektrum an Schnitt- und Sch\u00fcttelgeschwindigkeiten, einstellbar von sehr niedrig bis sehr hoch<\/li>\n<li>Schnelle Reaktionszeit erm\u00f6glicht eine schnelle \u00c4nderung der Schnittgeschwindigkeit<\/li>\n<\/ul>","protected":false},"featured_media":11267,"template":"","meta":{"content-type":""},"product_brand":[],"product_cat":[121],"product_tag":[122],"class_list":{"0":"post-9080","1":"product","2":"type-product","3":"status-publish","4":"has-post-thumbnail","6":"product_cat-waterjet-cutting-machines","7":"product_tag-waterjet-cutting-machines","9":"first","10":"instock","11":"shipping-taxable","12":"product-type-external"},"yoast_head":"<!-- This site is optimized with the Yoast SEO plugin v27.3 - https:\/\/yoast.com\/product\/yoast-seo-wordpress\/ -->\n<title>ACM Waterjet cutting machine - Resato Waterjet<\/title>\n<meta name=\"description\" content=\"The ACM Waterjet cutting table comprises a precision-built steel construction embodying linear direct-drive motors on each of the two main axes.\" \/>\n<meta name=\"robots\" content=\"index, follow, max-snippet:-1, max-image-preview:large, max-video-preview:-1\" \/>\n<link rel=\"canonical\" href=\"https:\/\/resato-waterjet.com\/de\/produkt\/acm-wasserstrahlschneidemaschine\/\" \/>\n<meta property=\"og:locale\" content=\"de_DE\" \/>\n<meta property=\"og:type\" content=\"article\" \/>\n<meta property=\"og:title\" content=\"ACM Waterjet cutting machine - Resato Waterjet\" \/>\n<meta property=\"og:description\" content=\"The ACM Waterjet cutting table comprises a precision-built steel construction embodying linear direct-drive motors on each of the two main axes.\" \/>\n<meta property=\"og:url\" content=\"https:\/\/resato-waterjet.com\/de\/produkt\/acm-wasserstrahlschneidemaschine\/\" \/>\n<meta property=\"og:site_name\" content=\"Resato Waterjet\" \/>\n<meta property=\"article:modified_time\" content=\"2025-09-26T08:38:01+00:00\" \/>\n<meta property=\"og:image\" content=\"https:\/\/resato-waterjet.com\/wp-content\/uploads\/2023\/01\/acm-enkel-breed-e1758875858302.png\" \/>\n\t<meta property=\"og:image:width\" content=\"1036\" \/>\n\t<meta property=\"og:image:height\" content=\"545\" \/>\n\t<meta property=\"og:image:type\" content=\"image\/png\" \/>\n<meta name=\"twitter:card\" content=\"summary_large_image\" \/>\n<meta name=\"twitter:label1\" content=\"Gesch\u00e4tzte Lesezeit\" \/>\n\t<meta name=\"twitter:data1\" content=\"2\u00a0Minuten\" \/>\n<script type=\"application\/ld+json\" class=\"yoast-schema-graph\">{\"@context\":\"https:\\\/\\\/schema.org\",\"@graph\":[{\"@type\":\"WebPage\",\"@id\":\"https:\\\/\\\/resato-waterjet.com\\\/en\\\/product\\\/acm-waterjet-cutting-machine\\\/\",\"url\":\"https:\\\/\\\/resato-waterjet.com\\\/en\\\/product\\\/acm-waterjet-cutting-machine\\\/\",\"name\":\"ACM Waterjet cutting machine - Resato Waterjet\",\"isPartOf\":{\"@id\":\"https:\\\/\\\/resato-waterjet.com\\\/en\\\/#website\"},\"primaryImageOfPage\":{\"@id\":\"https:\\\/\\\/resato-waterjet.com\\\/en\\\/product\\\/acm-waterjet-cutting-machine\\\/#primaryimage\"},\"image\":{\"@id\":\"https:\\\/\\\/resato-waterjet.com\\\/en\\\/product\\\/acm-waterjet-cutting-machine\\\/#primaryimage\"},\"thumbnailUrl\":\"https:\\\/\\\/resato-waterjet.com\\\/wp-content\\\/uploads\\\/2023\\\/01\\\/acm-enkel-breed-e1758875858302.png\",\"datePublished\":\"2023-01-21T18:39:32+00:00\",\"dateModified\":\"2025-09-26T08:38:01+00:00\",\"description\":\"The ACM Waterjet cutting table comprises a precision-built steel construction embodying linear direct-drive motors on each of the two main axes.\",\"breadcrumb\":{\"@id\":\"https:\\\/\\\/resato-waterjet.com\\\/en\\\/product\\\/acm-waterjet-cutting-machine\\\/#breadcrumb\"},\"inLanguage\":\"de\",\"potentialAction\":[{\"@type\":\"ReadAction\",\"target\":[\"https:\\\/\\\/resato-waterjet.com\\\/en\\\/product\\\/acm-waterjet-cutting-machine\\\/\"]}]},{\"@type\":\"ImageObject\",\"inLanguage\":\"de\",\"@id\":\"https:\\\/\\\/resato-waterjet.com\\\/en\\\/product\\\/acm-waterjet-cutting-machine\\\/#primaryimage\",\"url\":\"https:\\\/\\\/resato-waterjet.com\\\/wp-content\\\/uploads\\\/2023\\\/01\\\/acm-enkel-breed-e1758875858302.png\",\"contentUrl\":\"https:\\\/\\\/resato-waterjet.com\\\/wp-content\\\/uploads\\\/2023\\\/01\\\/acm-enkel-breed-e1758875858302.png\",\"width\":1036,\"height\":545},{\"@type\":\"BreadcrumbList\",\"@id\":\"https:\\\/\\\/resato-waterjet.com\\\/en\\\/product\\\/acm-waterjet-cutting-machine\\\/#breadcrumb\",\"itemListElement\":[{\"@type\":\"ListItem\",\"position\":1,\"name\":\"Home\",\"item\":\"https:\\\/\\\/resato-waterjet.com\\\/fr\\\/\"},{\"@type\":\"ListItem\",\"position\":2,\"name\":\"Machines and Services\",\"item\":\"https:\\\/\\\/resato-waterjet.com\\\/en\\\/machines-and-services\\\/\"},{\"@type\":\"ListItem\",\"position\":3,\"name\":\"ACM Waterjet cutting machine\"}]},{\"@type\":\"WebSite\",\"@id\":\"https:\\\/\\\/resato-waterjet.com\\\/en\\\/#website\",\"url\":\"https:\\\/\\\/resato-waterjet.com\\\/en\\\/\",\"name\":\"Resato Waterjet\",\"description\":\"Creating Magic with Water\",\"publisher\":{\"@id\":\"https:\\\/\\\/resato-waterjet.com\\\/en\\\/#organization\"},\"alternateName\":\"Resato\",\"potentialAction\":[{\"@type\":\"SearchAction\",\"target\":{\"@type\":\"EntryPoint\",\"urlTemplate\":\"https:\\\/\\\/resato-waterjet.com\\\/en\\\/?s={search_term_string}\"},\"query-input\":{\"@type\":\"PropertyValueSpecification\",\"valueRequired\":true,\"valueName\":\"search_term_string\"}}],\"inLanguage\":\"de\"},{\"@type\":\"Organization\",\"@id\":\"https:\\\/\\\/resato-waterjet.com\\\/en\\\/#organization\",\"name\":\"Resato Waterjet\",\"alternateName\":\"Resato\",\"url\":\"https:\\\/\\\/resato-waterjet.com\\\/en\\\/\",\"logo\":{\"@type\":\"ImageObject\",\"inLanguage\":\"de\",\"@id\":\"https:\\\/\\\/resato-waterjet.com\\\/en\\\/#\\\/schema\\\/logo\\\/image\\\/\",\"url\":\"https:\\\/\\\/mlwy9mbbs62x.i.optimole.com\\\/w:auto\\\/h:auto\\\/q:mauto\\\/f:avif\\\/https:\\\/\\\/resato-waterjet.com\\\/wp-content\\\/uploads\\\/2023\\\/03\\\/cropped-Resato-YOutube-Logo.png\",\"contentUrl\":\"https:\\\/\\\/mlwy9mbbs62x.i.optimole.com\\\/w:auto\\\/h:auto\\\/q:mauto\\\/f:avif\\\/https:\\\/\\\/resato-waterjet.com\\\/wp-content\\\/uploads\\\/2023\\\/03\\\/cropped-Resato-YOutube-Logo.png\",\"width\":512,\"height\":512,\"caption\":\"Resato Waterjet\"},\"image\":{\"@id\":\"https:\\\/\\\/resato-waterjet.com\\\/en\\\/#\\\/schema\\\/logo\\\/image\\\/\"},\"sameAs\":[\"https:\\\/\\\/www.linkedin.com\\\/company\\\/resato-waterjet-technology\\\/\"]}]}<\/script>\n<!-- \/ Yoast SEO plugin. -->","yoast_head_json":{"title":"ACM Wasserstrahlschneidanlage - Resato Waterjet","description":"Der Schneidtisch besteht aus einer pr\u00e4zisionsgefertigte Stahlkonstruktion mit linearen Direktantriebsmotoren auf jeder der beiden Hauptachsen.","robots":{"index":"index","follow":"follow","max-snippet":"max-snippet:-1","max-image-preview":"max-image-preview:large","max-video-preview":"max-video-preview:-1"},"canonical":"https:\/\/resato-waterjet.com\/de\/produkt\/acm-wasserstrahlschneidemaschine\/","og_locale":"de_DE","og_type":"article","og_title":"ACM Waterjet cutting machine - Resato Waterjet","og_description":"The ACM Waterjet cutting table comprises a precision-built steel construction embodying linear direct-drive motors on each of the two main axes.","og_url":"https:\/\/resato-waterjet.com\/de\/produkt\/acm-wasserstrahlschneidemaschine\/","og_site_name":"Resato Waterjet","article_modified_time":"2025-09-26T08:38:01+00:00","og_image":[{"width":1036,"height":545,"url":"https:\/\/resato-waterjet.com\/wp-content\/uploads\/2023\/01\/acm-enkel-breed-e1758875858302.png","type":"image\/png"}],"twitter_card":"summary_large_image","twitter_misc":{"Gesch\u00e4tzte Lesezeit":"2\u00a0Minuten"},"schema":{"@context":"https:\/\/schema.org","@graph":[{"@type":"WebPage","@id":"https:\/\/resato-waterjet.com\/en\/product\/acm-waterjet-cutting-machine\/","url":"https:\/\/resato-waterjet.com\/en\/product\/acm-waterjet-cutting-machine\/","name":"ACM Wasserstrahlschneidanlage - Resato Waterjet","isPartOf":{"@id":"https:\/\/resato-waterjet.com\/en\/#website"},"primaryImageOfPage":{"@id":"https:\/\/resato-waterjet.com\/en\/product\/acm-waterjet-cutting-machine\/#primaryimage"},"image":{"@id":"https:\/\/resato-waterjet.com\/en\/product\/acm-waterjet-cutting-machine\/#primaryimage"},"thumbnailUrl":"https:\/\/resato-waterjet.com\/wp-content\/uploads\/2023\/01\/acm-enkel-breed-e1758875858302.png","datePublished":"2023-01-21T18:39:32+00:00","dateModified":"2025-09-26T08:38:01+00:00","description":"Der Schneidtisch besteht aus einer pr\u00e4zisionsgefertigte Stahlkonstruktion mit linearen Direktantriebsmotoren auf jeder der beiden Hauptachsen.","breadcrumb":{"@id":"https:\/\/resato-waterjet.com\/en\/product\/acm-waterjet-cutting-machine\/#breadcrumb"},"inLanguage":"de","potentialAction":[{"@type":"ReadAction","target":["https:\/\/resato-waterjet.com\/en\/product\/acm-waterjet-cutting-machine\/"]}]},{"@type":"ImageObject","inLanguage":"de","@id":"https:\/\/resato-waterjet.com\/en\/product\/acm-waterjet-cutting-machine\/#primaryimage","url":"https:\/\/resato-waterjet.com\/wp-content\/uploads\/2023\/01\/acm-enkel-breed-e1758875858302.png","contentUrl":"https:\/\/resato-waterjet.com\/wp-content\/uploads\/2023\/01\/acm-enkel-breed-e1758875858302.png","width":1036,"height":545},{"@type":"BreadcrumbList","@id":"https:\/\/resato-waterjet.com\/en\/product\/acm-waterjet-cutting-machine\/#breadcrumb","itemListElement":[{"@type":"ListItem","position":1,"name":"Home","item":"https:\/\/resato-waterjet.com\/fr\/"},{"@type":"ListItem","position":2,"name":"Machines and Services","item":"https:\/\/resato-waterjet.com\/en\/machines-and-services\/"},{"@type":"ListItem","position":3,"name":"ACM Waterjet cutting machine"}]},{"@type":"WebSite","@id":"https:\/\/resato-waterjet.com\/en\/#website","url":"https:\/\/resato-waterjet.com\/en\/","name":"Resato Wasserstrahl","description":"Zaubern mit Wasser","publisher":{"@id":"https:\/\/resato-waterjet.com\/en\/#organization"},"alternateName":"Resato","potentialAction":[{"@type":"SearchAction","target":{"@type":"EntryPoint","urlTemplate":"https:\/\/resato-waterjet.com\/en\/?s={search_term_string}"},"query-input":{"@type":"PropertyValueSpecification","valueRequired":true,"valueName":"search_term_string"}}],"inLanguage":"de"},{"@type":"Organization","@id":"https:\/\/resato-waterjet.com\/en\/#organization","name":"Resato Wasserstrahl","alternateName":"Resato","url":"https:\/\/resato-waterjet.com\/en\/","logo":{"@type":"ImageObject","inLanguage":"de","@id":"https:\/\/resato-waterjet.com\/en\/#\/schema\/logo\/image\/","url":"https:\/\/mlwy9mbbs62x.i.optimole.com\/w:auto\/h:auto\/q:mauto\/f:avif\/https:\/\/resato-waterjet.com\/wp-content\/uploads\/2023\/03\/cropped-Resato-YOutube-Logo.png","contentUrl":"https:\/\/mlwy9mbbs62x.i.optimole.com\/w:auto\/h:auto\/q:mauto\/f:avif\/https:\/\/resato-waterjet.com\/wp-content\/uploads\/2023\/03\/cropped-Resato-YOutube-Logo.png","width":512,"height":512,"caption":"Resato Waterjet"},"image":{"@id":"https:\/\/resato-waterjet.com\/en\/#\/schema\/logo\/image\/"},"sameAs":["https:\/\/www.linkedin.com\/company\/resato-waterjet-technology\/"]}]}},"_links":{"self":[{"href":"https:\/\/resato-waterjet.com\/de\/wp-json\/wp\/v2\/product\/9080","targetHints":{"allow":["GET"]}}],"collection":[{"href":"https:\/\/resato-waterjet.com\/de\/wp-json\/wp\/v2\/product"}],"about":[{"href":"https:\/\/resato-waterjet.com\/de\/wp-json\/wp\/v2\/types\/product"}],"version-history":[{"count":5,"href":"https:\/\/resato-waterjet.com\/de\/wp-json\/wp\/v2\/product\/9080\/revisions"}],"predecessor-version":[{"id":10883,"href":"https:\/\/resato-waterjet.com\/de\/wp-json\/wp\/v2\/product\/9080\/revisions\/10883"}],"wp:featuredmedia":[{"embeddable":true,"href":"https:\/\/resato-waterjet.com\/de\/wp-json\/wp\/v2\/media\/11267"}],"wp:attachment":[{"href":"https:\/\/resato-waterjet.com\/de\/wp-json\/wp\/v2\/media?parent=9080"}],"wp:term":[{"taxonomy":"product_brand","embeddable":true,"href":"https:\/\/resato-waterjet.com\/de\/wp-json\/wp\/v2\/product_brand?post=9080"},{"taxonomy":"product_cat","embeddable":true,"href":"https:\/\/resato-waterjet.com\/de\/wp-json\/wp\/v2\/product_cat?post=9080"},{"taxonomy":"product_tag","embeddable":true,"href":"https:\/\/resato-waterjet.com\/de\/wp-json\/wp\/v2\/product_tag?post=9080"}],"curies":[{"name":"wp","href":"https:\/\/api.w.org\/{rel}","templated":true}]}}