{"id":8456,"date":"2023-01-10T13:57:13","date_gmt":"2023-01-10T13:57:13","guid":{"rendered":"https:\/\/resato-waterjet.com\/?post_type=product&#038;p=8456"},"modified":"2024-01-22T11:55:18","modified_gmt":"2024-01-22T11:55:18","slug":"software-module","status":"publish","type":"product","link":"https:\/\/resato-waterjet.com\/de\/product\/software-modules\/","title":{"rendered":"Software Module"},"content":{"rendered":"<p><strong>SignMaker Module<\/strong><\/p>\n<p>Das SignMaker-Modul ist ein Zusatzmodul der <a href=\"https:\/\/igems.se\">IGEMS<\/a> Software, das Folgendes erm\u00f6glicht:<\/p>\n<ul>\n<li>Schneiden von vom Kunden zur Verf\u00fcgung gestellten Logos, Bildern und gezeichneten Konturformen<\/li>\n<li>Einbindung von TrueType-Schriften in Ihren Schnittplan<\/li>\n<\/ul>\n<p>Mit SignMaker kann jede angeforderte und gescannte Zeichnung nahtlos in einen Schneideauftrag umgesetzt werden, ohne dass komplizierte und zeitraubende Zusatzarbeiten anfallen.<\/p>\n<p>&nbsp;<\/p>\n<p><strong>Organizer Module<\/strong><\/p>\n<p>Das Modul \"Organizer\" hilft Ihnen dabei, Projekte, Produkte in Kombination mit Restmaterial zu ordnen und zu kategorisieren.<\/p>\n<p>&nbsp;<\/p>\n<p><strong>Data Exchange Module<\/strong><\/p>\n<p>Das Modul \"Data-Exchange\" erm\u00f6glicht den Austausch von Daten mit anderen Formaten. Zus\u00e4tzlich zu den Formaten DXF und DWG wird eine erweiterte Liste zur Verf\u00fcgung stehen.<\/p>\n<p>&nbsp;<\/p>\n<p><strong>Nesting Module<\/strong><\/p>\n<p>Mit diesem Modul l\u00e4sst sich die Schnittkategorisierung der zu schneidenden Materialien optimieren und die daraus resultierende Effizienz steigern. Das Modul unterst\u00fctzt auch die Verwendung von Stiften mit mehreren K\u00f6pfen. Nach der Auswahl von Schneideauftr\u00e4gen und Volumen teilt das Softwaremodul die Materialplatte vollautomatisch auf.<\/p>\n<p>Eigenschaften:<\/p>\n<ul>\n<li>Nesting von Schneidauftr\u00e4gen in den Nestingr\u00e4umen<\/li>\n<li>Gleichzeitiges Nesting von mehreren Platten<\/li>\n<li>\u00dcberlappende Teile werden erkannt und in die Nesting-Routinen einbezogen<\/li>\n<li>Die Funktion \" common cut\" erm\u00f6glicht das Zusammenstellen von Schneidauftr\u00e4gen und reduziert so die Schneidzeit.<\/li>\n<li>Die M\u00f6glichkeit, den Schneidkopf daran zu hindern, sich \u00fcber bereits abgeschlossene Auftr\u00e4ge zu bewegen<\/li>\n<li>Eine Reihe effizienter Nesting-Methoden wie automatische, rechteckige und kreisf\u00f6rmige Nestings<\/li>\n<\/ul>\n<p><strong>Floating License<\/strong><\/p>\n<p class=\"translation-block\">Eine Floating-Lizenz ist eine zus\u00e4tzliche IGEMS-Option, mit der alle Lizenzen auf einem Computer verwaltet werden k\u00f6nnen, der als Server fungiert. Wenn IGEMS auf mehreren Computern installiert ist und eine einzelne IGEMS-Lizenz verwendet wird, kann IGEMS auf jedem der Computer gestartet werden, kann aber jeweils nur auf einem Computer verwendet werden.<\/p>\n<p>&nbsp;<\/p>\n<p><strong>School License<\/strong><\/p>\n<p>Dieses Modul erm\u00f6glicht die Nutzung der Lizenz zu Unterrichtszwecken auf mehreren Computern.<\/p>","protected":false},"excerpt":{"rendered":"<p>Erweitern Sie Ihr Softwarepaket mit diesen Modulen. Das IGEMS-Software-Basispaket kann mit mehreren Modulen erweitert werden, um Ihre Leistung beim Wasserstrahlschneiden zu steigern. Sehen Sie sich die Module an, mit denen wir Ihre Software aufr\u00fcsten k\u00f6nnen!<\/p>","protected":false},"featured_media":9069,"template":"","meta":{"content-type":""},"product_brand":[],"product_cat":[117],"product_tag":[118],"class_list":{"0":"post-8456","1":"product","2":"type-product","3":"status-publish","4":"has-post-thumbnail","6":"product_cat-software","7":"product_tag-software","9":"first","10":"instock","11":"shipping-taxable","12":"product-type-external"},"yoast_head":"<!-- This site is optimized with the Yoast SEO plugin v27.3 - https:\/\/yoast.com\/product\/yoast-seo-wordpress\/ -->\n<title>Software Modules - Resato Waterjet<\/title>\n<meta name=\"description\" content=\"The software for waterjet cutting machines is critical for the planning and cost estimation of cutting jobs. User-friendliness and versatility are key.\" \/>\n<meta name=\"robots\" content=\"index, follow, max-snippet:-1, max-image-preview:large, max-video-preview:-1\" \/>\n<link rel=\"canonical\" href=\"https:\/\/resato-waterjet.com\/de\/produkt\/software-module\/\" \/>\n<meta property=\"og:locale\" content=\"de_DE\" \/>\n<meta property=\"og:type\" content=\"article\" \/>\n<meta property=\"og:title\" content=\"Software Modules - Resato Waterjet\" \/>\n<meta property=\"og:description\" content=\"The software for waterjet cutting machines is critical for the planning and cost estimation of cutting jobs. User-friendliness and versatility are key.\" \/>\n<meta property=\"og:url\" content=\"https:\/\/resato-waterjet.com\/de\/produkt\/software-module\/\" \/>\n<meta property=\"og:site_name\" content=\"Resato Waterjet\" \/>\n<meta property=\"article:modified_time\" content=\"2024-01-22T11:55:18+00:00\" \/>\n<meta property=\"og:image\" content=\"https:\/\/resato-waterjet.com\/wp-content\/uploads\/2023\/01\/product-1.png\" \/>\n\t<meta property=\"og:image:width\" content=\"760\" \/>\n\t<meta property=\"og:image:height\" content=\"400\" \/>\n\t<meta property=\"og:image:type\" content=\"image\/png\" \/>\n<meta name=\"twitter:card\" content=\"summary_large_image\" \/>\n<meta name=\"twitter:label1\" content=\"Gesch\u00e4tzte Lesezeit\" \/>\n\t<meta name=\"twitter:data1\" content=\"2\u00a0Minuten\" \/>\n<script type=\"application\/ld+json\" class=\"yoast-schema-graph\">{\"@context\":\"https:\\\/\\\/schema.org\",\"@graph\":[{\"@type\":\"WebPage\",\"@id\":\"https:\\\/\\\/resato-waterjet.com\\\/fr\\\/produit\\\/modules-logiciels\\\/\",\"url\":\"https:\\\/\\\/resato-waterjet.com\\\/fr\\\/produit\\\/modules-logiciels\\\/\",\"name\":\"Software Modules - Resato Waterjet\",\"isPartOf\":{\"@id\":\"https:\\\/\\\/resato-waterjet.com\\\/en\\\/#website\"},\"primaryImageOfPage\":{\"@id\":\"https:\\\/\\\/resato-waterjet.com\\\/fr\\\/produit\\\/modules-logiciels\\\/#primaryimage\"},\"image\":{\"@id\":\"https:\\\/\\\/resato-waterjet.com\\\/fr\\\/produit\\\/modules-logiciels\\\/#primaryimage\"},\"thumbnailUrl\":\"https:\\\/\\\/resato-waterjet.com\\\/wp-content\\\/uploads\\\/2023\\\/01\\\/product-1.png\",\"datePublished\":\"2023-01-10T13:57:13+00:00\",\"dateModified\":\"2024-01-22T11:55:18+00:00\",\"description\":\"The software for waterjet cutting machines is critical for the planning and cost estimation of cutting jobs. User-friendliness and versatility are key.\",\"breadcrumb\":{\"@id\":\"https:\\\/\\\/resato-waterjet.com\\\/fr\\\/produit\\\/modules-logiciels\\\/#breadcrumb\"},\"inLanguage\":\"de\",\"potentialAction\":[{\"@type\":\"ReadAction\",\"target\":[\"https:\\\/\\\/resato-waterjet.com\\\/fr\\\/produit\\\/modules-logiciels\\\/\"]}]},{\"@type\":\"ImageObject\",\"inLanguage\":\"de\",\"@id\":\"https:\\\/\\\/resato-waterjet.com\\\/fr\\\/produit\\\/modules-logiciels\\\/#primaryimage\",\"url\":\"https:\\\/\\\/resato-waterjet.com\\\/wp-content\\\/uploads\\\/2023\\\/01\\\/product-1.png\",\"contentUrl\":\"https:\\\/\\\/resato-waterjet.com\\\/wp-content\\\/uploads\\\/2023\\\/01\\\/product-1.png\",\"width\":760,\"height\":400,\"caption\":\"CAD\\\/CAM Software Resato\"},{\"@type\":\"BreadcrumbList\",\"@id\":\"https:\\\/\\\/resato-waterjet.com\\\/fr\\\/produit\\\/modules-logiciels\\\/#breadcrumb\",\"itemListElement\":[{\"@type\":\"ListItem\",\"position\":1,\"name\":\"Home\",\"item\":\"https:\\\/\\\/resato-waterjet.com\\\/fr\\\/\"},{\"@type\":\"ListItem\",\"position\":2,\"name\":\"Machines and Services\",\"item\":\"https:\\\/\\\/resato-waterjet.com\\\/en\\\/machines-and-services\\\/\"},{\"@type\":\"ListItem\",\"position\":3,\"name\":\"Software Modules\"}]},{\"@type\":\"WebSite\",\"@id\":\"https:\\\/\\\/resato-waterjet.com\\\/en\\\/#website\",\"url\":\"https:\\\/\\\/resato-waterjet.com\\\/en\\\/\",\"name\":\"Resato Waterjet\",\"description\":\"Creating Magic with Water\",\"publisher\":{\"@id\":\"https:\\\/\\\/resato-waterjet.com\\\/en\\\/#organization\"},\"alternateName\":\"Resato\",\"potentialAction\":[{\"@type\":\"SearchAction\",\"target\":{\"@type\":\"EntryPoint\",\"urlTemplate\":\"https:\\\/\\\/resato-waterjet.com\\\/en\\\/?s={search_term_string}\"},\"query-input\":{\"@type\":\"PropertyValueSpecification\",\"valueRequired\":true,\"valueName\":\"search_term_string\"}}],\"inLanguage\":\"de\"},{\"@type\":\"Organization\",\"@id\":\"https:\\\/\\\/resato-waterjet.com\\\/en\\\/#organization\",\"name\":\"Resato Waterjet\",\"alternateName\":\"Resato\",\"url\":\"https:\\\/\\\/resato-waterjet.com\\\/en\\\/\",\"logo\":{\"@type\":\"ImageObject\",\"inLanguage\":\"de\",\"@id\":\"https:\\\/\\\/resato-waterjet.com\\\/en\\\/#\\\/schema\\\/logo\\\/image\\\/\",\"url\":\"https:\\\/\\\/mlwy9mbbs62x.i.optimole.com\\\/w:auto\\\/h:auto\\\/q:mauto\\\/f:avif\\\/https:\\\/\\\/resato-waterjet.com\\\/wp-content\\\/uploads\\\/2023\\\/03\\\/cropped-Resato-YOutube-Logo.png\",\"contentUrl\":\"https:\\\/\\\/mlwy9mbbs62x.i.optimole.com\\\/w:auto\\\/h:auto\\\/q:mauto\\\/f:avif\\\/https:\\\/\\\/resato-waterjet.com\\\/wp-content\\\/uploads\\\/2023\\\/03\\\/cropped-Resato-YOutube-Logo.png\",\"width\":512,\"height\":512,\"caption\":\"Resato Waterjet\"},\"image\":{\"@id\":\"https:\\\/\\\/resato-waterjet.com\\\/en\\\/#\\\/schema\\\/logo\\\/image\\\/\"},\"sameAs\":[\"https:\\\/\\\/www.linkedin.com\\\/company\\\/resato-waterjet-technology\\\/\"]}]}<\/script>\n<!-- \/ Yoast SEO plugin. -->","yoast_head_json":{"title":"Software-Module - Resato Waterjet","description":"Erweitern Sie Ihr Softwarepaket mit diesen Modulen. IGEMS module via Resato Waterjet.","robots":{"index":"index","follow":"follow","max-snippet":"max-snippet:-1","max-image-preview":"max-image-preview:large","max-video-preview":"max-video-preview:-1"},"canonical":"https:\/\/resato-waterjet.com\/de\/produkt\/software-module\/","og_locale":"de_DE","og_type":"article","og_title":"Software Modules - Resato Waterjet","og_description":"The software for waterjet cutting machines is critical for the planning and cost estimation of cutting jobs. User-friendliness and versatility are key.","og_url":"https:\/\/resato-waterjet.com\/de\/produkt\/software-module\/","og_site_name":"Resato Waterjet","article_modified_time":"2024-01-22T11:55:18+00:00","og_image":[{"width":760,"height":400,"url":"https:\/\/resato-waterjet.com\/wp-content\/uploads\/2023\/01\/product-1.png","type":"image\/png"}],"twitter_card":"summary_large_image","twitter_misc":{"Gesch\u00e4tzte Lesezeit":"2\u00a0Minuten"},"schema":{"@context":"https:\/\/schema.org","@graph":[{"@type":"WebPage","@id":"https:\/\/resato-waterjet.com\/fr\/produit\/modules-logiciels\/","url":"https:\/\/resato-waterjet.com\/fr\/produit\/modules-logiciels\/","name":"Software-Module - Resato Waterjet","isPartOf":{"@id":"https:\/\/resato-waterjet.com\/en\/#website"},"primaryImageOfPage":{"@id":"https:\/\/resato-waterjet.com\/fr\/produit\/modules-logiciels\/#primaryimage"},"image":{"@id":"https:\/\/resato-waterjet.com\/fr\/produit\/modules-logiciels\/#primaryimage"},"thumbnailUrl":"https:\/\/resato-waterjet.com\/wp-content\/uploads\/2023\/01\/product-1.png","datePublished":"2023-01-10T13:57:13+00:00","dateModified":"2024-01-22T11:55:18+00:00","description":"Erweitern Sie Ihr Softwarepaket mit diesen Modulen. IGEMS module via Resato Waterjet.","breadcrumb":{"@id":"https:\/\/resato-waterjet.com\/fr\/produit\/modules-logiciels\/#breadcrumb"},"inLanguage":"de","potentialAction":[{"@type":"ReadAction","target":["https:\/\/resato-waterjet.com\/fr\/produit\/modules-logiciels\/"]}]},{"@type":"ImageObject","inLanguage":"de","@id":"https:\/\/resato-waterjet.com\/fr\/produit\/modules-logiciels\/#primaryimage","url":"https:\/\/resato-waterjet.com\/wp-content\/uploads\/2023\/01\/product-1.png","contentUrl":"https:\/\/resato-waterjet.com\/wp-content\/uploads\/2023\/01\/product-1.png","width":760,"height":400,"caption":"CAD\/CAM Software Resato"},{"@type":"BreadcrumbList","@id":"https:\/\/resato-waterjet.com\/fr\/produit\/modules-logiciels\/#breadcrumb","itemListElement":[{"@type":"ListItem","position":1,"name":"Home","item":"https:\/\/resato-waterjet.com\/fr\/"},{"@type":"ListItem","position":2,"name":"Machines and Services","item":"https:\/\/resato-waterjet.com\/en\/machines-and-services\/"},{"@type":"ListItem","position":3,"name":"Software Modules"}]},{"@type":"WebSite","@id":"https:\/\/resato-waterjet.com\/en\/#website","url":"https:\/\/resato-waterjet.com\/en\/","name":"Resato Wasserstrahl","description":"Zaubern mit Wasser","publisher":{"@id":"https:\/\/resato-waterjet.com\/en\/#organization"},"alternateName":"Resato","potentialAction":[{"@type":"SearchAction","target":{"@type":"EntryPoint","urlTemplate":"https:\/\/resato-waterjet.com\/en\/?s={search_term_string}"},"query-input":{"@type":"PropertyValueSpecification","valueRequired":true,"valueName":"search_term_string"}}],"inLanguage":"de"},{"@type":"Organization","@id":"https:\/\/resato-waterjet.com\/en\/#organization","name":"Resato Wasserstrahl","alternateName":"Resato","url":"https:\/\/resato-waterjet.com\/en\/","logo":{"@type":"ImageObject","inLanguage":"de","@id":"https:\/\/resato-waterjet.com\/en\/#\/schema\/logo\/image\/","url":"https:\/\/mlwy9mbbs62x.i.optimole.com\/w:auto\/h:auto\/q:mauto\/f:avif\/https:\/\/resato-waterjet.com\/wp-content\/uploads\/2023\/03\/cropped-Resato-YOutube-Logo.png","contentUrl":"https:\/\/mlwy9mbbs62x.i.optimole.com\/w:auto\/h:auto\/q:mauto\/f:avif\/https:\/\/resato-waterjet.com\/wp-content\/uploads\/2023\/03\/cropped-Resato-YOutube-Logo.png","width":512,"height":512,"caption":"Resato Waterjet"},"image":{"@id":"https:\/\/resato-waterjet.com\/en\/#\/schema\/logo\/image\/"},"sameAs":["https:\/\/www.linkedin.com\/company\/resato-waterjet-technology\/"]}]}},"_links":{"self":[{"href":"https:\/\/resato-waterjet.com\/de\/wp-json\/wp\/v2\/product\/8456","targetHints":{"allow":["GET"]}}],"collection":[{"href":"https:\/\/resato-waterjet.com\/de\/wp-json\/wp\/v2\/product"}],"about":[{"href":"https:\/\/resato-waterjet.com\/de\/wp-json\/wp\/v2\/types\/product"}],"version-history":[{"count":3,"href":"https:\/\/resato-waterjet.com\/de\/wp-json\/wp\/v2\/product\/8456\/revisions"}],"predecessor-version":[{"id":10162,"href":"https:\/\/resato-waterjet.com\/de\/wp-json\/wp\/v2\/product\/8456\/revisions\/10162"}],"wp:featuredmedia":[{"embeddable":true,"href":"https:\/\/resato-waterjet.com\/de\/wp-json\/wp\/v2\/media\/9069"}],"wp:attachment":[{"href":"https:\/\/resato-waterjet.com\/de\/wp-json\/wp\/v2\/media?parent=8456"}],"wp:term":[{"taxonomy":"product_brand","embeddable":true,"href":"https:\/\/resato-waterjet.com\/de\/wp-json\/wp\/v2\/product_brand?post=8456"},{"taxonomy":"product_cat","embeddable":true,"href":"https:\/\/resato-waterjet.com\/de\/wp-json\/wp\/v2\/product_cat?post=8456"},{"taxonomy":"product_tag","embeddable":true,"href":"https:\/\/resato-waterjet.com\/de\/wp-json\/wp\/v2\/product_tag?post=8456"}],"curies":[{"name":"wp","href":"https:\/\/api.w.org\/{rel}","templated":true}]}}