{"id":8453,"date":"2023-01-10T13:49:49","date_gmt":"2023-01-10T13:49:49","guid":{"rendered":"https:\/\/resato-waterjet.com\/?post_type=product&#038;p=8453"},"modified":"2024-01-22T11:55:28","modified_gmt":"2024-01-22T11:55:28","slug":"igems-softwarepaket","status":"publish","type":"product","link":"https:\/\/resato-waterjet.com\/de\/product\/igems-software-package\/","title":{"rendered":"IGEMS Softwarepaket"},"content":{"rendered":"<p class=\"translation-block\"><strong>Wichtige Eigenschaften der IGEMS-Standardsoftware <a href=\"https:\/\/igems.se\" target=\"_self\">sind:<\/a><\/strong><\/p>\n<p>CAD\/CAM-Software f\u00fcr Wasserstrahlschneidmaschinen wird ben\u00f6tigt f\u00fcr die Planung und Kostenkalkulation von Schneidauftr\u00e4gen. Benutzerfreundlichkeit und Vielseitigkeit der Software sind wichtige Erfolgsfaktoren f\u00fcr Ihr Unternehmen. Funktionalit\u00e4ten wie Kostenkalkulationen pro Schneidauftrag, manuelles und automatisches Schachteln, Fasen-Schneidvorschau und Konturoptimierung verbessern die Qualit\u00e4t Ihres Schneidprozesses und dessen Wirtschaftlichkeit. Unsere Experten sind im Umgang mit Ihren Prozessen geschult und besitzen die F\u00e4higkeit M\u00f6glichkeiten zu erkennen, wo die CAD\/CAM-Software effizient genutzt werden kann.<\/p>\n<p>&nbsp;<\/p>\n<ul>\n<li>Schnelle und einfache Bedienung, einschlie\u00dflich Zeichenfunktion<\/li>\n<li>Schneller und logischer Workflow f\u00fcr:\n<ul>\n<li>Importieren von Schneidauftr\u00e4gen<\/li>\n<li>Zuweisung der Art und H\u00f6he des Materials<\/li>\n<li>Schnelles und effizientes manuelles Nesting<\/li>\n<li>Automatische Erstellung des CNC-Programms<\/li>\n<li>Senden des CNC-Programms an den Schneidtisch<\/li>\n<\/ul>\n<\/li>\n<li>Import von Dateien im DXF- und DWG-Format<\/li>\n<li>Bestimmung der \" Bearbeitbarkeit \" eines Materials durch einen einzigen Testschnitt<\/li>\n<li>Die Bearbeitbarkeit bestimmt:\n<ul>\n<li>Schnittgeschwindigkeit<\/li>\n<li>Verlangsamung und Beschleunigung in Kurven und engen Kehren<\/li>\n<\/ul>\n<\/li>\n<\/ul>\n<p class=\"translation-block\">Erfahren Sie mehr \u00fcber die <a href=\"https:\/\/resato-waterjet.com\/de\/Produkt\/igems-softwarepaket\/\" target=\"_self\">IGEMS Softwarepaket<\/a>.<\/p>","protected":false},"excerpt":{"rendered":"<p>Die Effizienz und Geschwindigkeit, mit der Schneidaufgaben ausgef\u00fchrt werden k\u00f6nnen, h\u00e4ngt zu einem gro\u00dfen Teil von der richtigen Vorbereitung ab. Resato bietet daher das CAD\/CAM-Softwarepaket IGEMS an, das speziell f\u00fcr das Wasserstrahlschneiden Schneiden entwickelt wurde.<\/p>\n<p>&nbsp;<\/p>\n<p>Das Softwarepaket wird vollst\u00e4ndig auf dem PC des Kunden installiert, auf dem wir auch die Software f\u00fcr das Senden\/Empfangen von Schneidprogrammen an\/von der CNC-Steuerung installieren. Die CNC-Steuerung verf\u00fcgt \u00fcber eine Kabelverbindung zum PC.<\/p>","protected":false},"featured_media":8454,"template":"","meta":{"content-type":""},"product_brand":[],"product_cat":[117],"product_tag":[118],"class_list":{"0":"post-8453","1":"product","2":"type-product","3":"status-publish","4":"has-post-thumbnail","6":"product_cat-software","7":"product_tag-software","9":"first","10":"instock","11":"shipping-taxable","12":"product-type-external"},"yoast_head":"<!-- This site is optimized with the Yoast SEO plugin v27.5 - https:\/\/yoast.com\/product\/yoast-seo-wordpress\/ -->\n<title>IGEMS software package - Resato Waterjet<\/title>\n<meta name=\"description\" content=\"IGEMS allows for quick and easy operation, including drawing capability along with fast and logical workflows. Learn more about the software.\" \/>\n<meta name=\"robots\" content=\"index, follow, max-snippet:-1, max-image-preview:large, max-video-preview:-1\" \/>\n<link rel=\"canonical\" href=\"https:\/\/resato-waterjet.com\/de\/produkt\/igems-softwarepaket\/\" \/>\n<meta property=\"og:locale\" content=\"de_DE\" \/>\n<meta property=\"og:type\" content=\"article\" \/>\n<meta property=\"og:title\" content=\"IGEMS software package - Resato Waterjet\" \/>\n<meta property=\"og:description\" content=\"IGEMS allows for quick and easy operation, including drawing capability along with fast and logical workflows. Learn more about the software.\" \/>\n<meta property=\"og:url\" content=\"https:\/\/resato-waterjet.com\/de\/produkt\/igems-softwarepaket\/\" \/>\n<meta property=\"og:site_name\" content=\"Resato Waterjet\" \/>\n<meta property=\"article:modified_time\" content=\"2024-01-22T11:55:28+00:00\" \/>\n<meta property=\"og:image\" content=\"https:\/\/resato-waterjet.com\/wp-content\/uploads\/2023\/01\/Igems-waterjet-cutting-machine-software.jpg\" \/>\n\t<meta property=\"og:image:width\" content=\"760\" \/>\n\t<meta property=\"og:image:height\" content=\"400\" \/>\n\t<meta property=\"og:image:type\" content=\"image\/jpeg\" \/>\n<meta name=\"twitter:card\" content=\"summary_large_image\" \/>\n<meta name=\"twitter:label1\" content=\"Gesch\u00e4tzte Lesezeit\" \/>\n\t<meta name=\"twitter:data1\" content=\"1\u00a0Minute\" \/>\n<script type=\"application\/ld+json\" class=\"yoast-schema-graph\">{\"@context\":\"https:\\\/\\\/schema.org\",\"@graph\":[{\"@type\":\"WebPage\",\"@id\":\"https:\\\/\\\/resato-waterjet.com\\\/de\\\/produkt\\\/igems-softwarepaket\\\/\",\"url\":\"https:\\\/\\\/resato-waterjet.com\\\/de\\\/produkt\\\/igems-softwarepaket\\\/\",\"name\":\"IGEMS software package - Resato Waterjet\",\"isPartOf\":{\"@id\":\"https:\\\/\\\/resato-waterjet.com\\\/en\\\/#website\"},\"primaryImageOfPage\":{\"@id\":\"https:\\\/\\\/resato-waterjet.com\\\/de\\\/produkt\\\/igems-softwarepaket\\\/#primaryimage\"},\"image\":{\"@id\":\"https:\\\/\\\/resato-waterjet.com\\\/de\\\/produkt\\\/igems-softwarepaket\\\/#primaryimage\"},\"thumbnailUrl\":\"https:\\\/\\\/resato-waterjet.com\\\/wp-content\\\/uploads\\\/2023\\\/01\\\/Igems-waterjet-cutting-machine-software.jpg\",\"datePublished\":\"2023-01-10T13:49:49+00:00\",\"dateModified\":\"2024-01-22T11:55:28+00:00\",\"description\":\"IGEMS allows for quick and easy operation, including drawing capability along with fast and logical workflows. Learn more about the software.\",\"breadcrumb\":{\"@id\":\"https:\\\/\\\/resato-waterjet.com\\\/de\\\/produkt\\\/igems-softwarepaket\\\/#breadcrumb\"},\"inLanguage\":\"de\",\"potentialAction\":[{\"@type\":\"ReadAction\",\"target\":[\"https:\\\/\\\/resato-waterjet.com\\\/de\\\/produkt\\\/igems-softwarepaket\\\/\"]}]},{\"@type\":\"ImageObject\",\"inLanguage\":\"de\",\"@id\":\"https:\\\/\\\/resato-waterjet.com\\\/de\\\/produkt\\\/igems-softwarepaket\\\/#primaryimage\",\"url\":\"https:\\\/\\\/resato-waterjet.com\\\/wp-content\\\/uploads\\\/2023\\\/01\\\/Igems-waterjet-cutting-machine-software.jpg\",\"contentUrl\":\"https:\\\/\\\/resato-waterjet.com\\\/wp-content\\\/uploads\\\/2023\\\/01\\\/Igems-waterjet-cutting-machine-software.jpg\",\"width\":760,\"height\":400,\"caption\":\"IGEMS Software Package\"},{\"@type\":\"BreadcrumbList\",\"@id\":\"https:\\\/\\\/resato-waterjet.com\\\/de\\\/produkt\\\/igems-softwarepaket\\\/#breadcrumb\",\"itemListElement\":[{\"@type\":\"ListItem\",\"position\":1,\"name\":\"Home\",\"item\":\"https:\\\/\\\/resato-waterjet.com\\\/fr\\\/\"},{\"@type\":\"ListItem\",\"position\":2,\"name\":\"Machines and Services\",\"item\":\"https:\\\/\\\/resato-waterjet.com\\\/en\\\/machines-and-services\\\/\"},{\"@type\":\"ListItem\",\"position\":3,\"name\":\"IGEMS software package\"}]},{\"@type\":\"WebSite\",\"@id\":\"https:\\\/\\\/resato-waterjet.com\\\/en\\\/#website\",\"url\":\"https:\\\/\\\/resato-waterjet.com\\\/en\\\/\",\"name\":\"Resato Waterjet\",\"description\":\"Creating Magic with Water\",\"publisher\":{\"@id\":\"https:\\\/\\\/resato-waterjet.com\\\/en\\\/#organization\"},\"alternateName\":\"Resato\",\"potentialAction\":[{\"@type\":\"SearchAction\",\"target\":{\"@type\":\"EntryPoint\",\"urlTemplate\":\"https:\\\/\\\/resato-waterjet.com\\\/en\\\/?s={search_term_string}\"},\"query-input\":{\"@type\":\"PropertyValueSpecification\",\"valueRequired\":true,\"valueName\":\"search_term_string\"}}],\"inLanguage\":\"de\"},{\"@type\":\"Organization\",\"@id\":\"https:\\\/\\\/resato-waterjet.com\\\/en\\\/#organization\",\"name\":\"Resato Waterjet\",\"alternateName\":\"Resato\",\"url\":\"https:\\\/\\\/resato-waterjet.com\\\/en\\\/\",\"logo\":{\"@type\":\"ImageObject\",\"inLanguage\":\"de\",\"@id\":\"https:\\\/\\\/resato-waterjet.com\\\/en\\\/#\\\/schema\\\/logo\\\/image\\\/\",\"url\":\"https:\\\/\\\/mlwy9mbbs62x.i.optimole.com\\\/w:auto\\\/h:auto\\\/q:mauto\\\/f:avif\\\/https:\\\/\\\/resato-waterjet.com\\\/wp-content\\\/uploads\\\/2023\\\/03\\\/cropped-Resato-YOutube-Logo.png\",\"contentUrl\":\"https:\\\/\\\/mlwy9mbbs62x.i.optimole.com\\\/w:auto\\\/h:auto\\\/q:mauto\\\/f:avif\\\/https:\\\/\\\/resato-waterjet.com\\\/wp-content\\\/uploads\\\/2023\\\/03\\\/cropped-Resato-YOutube-Logo.png\",\"width\":512,\"height\":512,\"caption\":\"Resato Waterjet\"},\"image\":{\"@id\":\"https:\\\/\\\/resato-waterjet.com\\\/en\\\/#\\\/schema\\\/logo\\\/image\\\/\"},\"sameAs\":[\"https:\\\/\\\/www.linkedin.com\\\/company\\\/resato-waterjet-technology\\\/\"]}]}<\/script>\n<!-- \/ Yoast SEO plugin. -->","yoast_head_json":{"title":"IGEMS-Softwarepaket - Resato Waterjet","description":"IGEMS erm\u00f6glicht eine schnelle und einfache Bedienung, einschlie\u00dflich Zeichenfunktion, zusammen mit schnellen und logischen Arbeitsabl\u00e4ufen. Erfahren Sie mehr \u00fcber die Software.","robots":{"index":"index","follow":"follow","max-snippet":"max-snippet:-1","max-image-preview":"max-image-preview:large","max-video-preview":"max-video-preview:-1"},"canonical":"https:\/\/resato-waterjet.com\/de\/produkt\/igems-softwarepaket\/","og_locale":"de_DE","og_type":"article","og_title":"IGEMS software package - Resato Waterjet","og_description":"IGEMS allows for quick and easy operation, including drawing capability along with fast and logical workflows. Learn more about the software.","og_url":"https:\/\/resato-waterjet.com\/de\/produkt\/igems-softwarepaket\/","og_site_name":"Resato Waterjet","article_modified_time":"2024-01-22T11:55:28+00:00","og_image":[{"width":760,"height":400,"url":"https:\/\/resato-waterjet.com\/wp-content\/uploads\/2023\/01\/Igems-waterjet-cutting-machine-software.jpg","type":"image\/jpeg"}],"twitter_card":"summary_large_image","twitter_misc":{"Gesch\u00e4tzte Lesezeit":"1\u00a0Minute"},"schema":{"@context":"https:\/\/schema.org","@graph":[{"@type":"WebPage","@id":"https:\/\/resato-waterjet.com\/de\/produkt\/igems-softwarepaket\/","url":"https:\/\/resato-waterjet.com\/de\/produkt\/igems-softwarepaket\/","name":"IGEMS-Softwarepaket - Resato Waterjet","isPartOf":{"@id":"https:\/\/resato-waterjet.com\/en\/#website"},"primaryImageOfPage":{"@id":"https:\/\/resato-waterjet.com\/de\/produkt\/igems-softwarepaket\/#primaryimage"},"image":{"@id":"https:\/\/resato-waterjet.com\/de\/produkt\/igems-softwarepaket\/#primaryimage"},"thumbnailUrl":"https:\/\/resato-waterjet.com\/wp-content\/uploads\/2023\/01\/Igems-waterjet-cutting-machine-software.jpg","datePublished":"2023-01-10T13:49:49+00:00","dateModified":"2024-01-22T11:55:28+00:00","description":"IGEMS erm\u00f6glicht eine schnelle und einfache Bedienung, einschlie\u00dflich Zeichenfunktion, zusammen mit schnellen und logischen Arbeitsabl\u00e4ufen. Erfahren Sie mehr \u00fcber die Software.","breadcrumb":{"@id":"https:\/\/resato-waterjet.com\/de\/produkt\/igems-softwarepaket\/#breadcrumb"},"inLanguage":"de","potentialAction":[{"@type":"ReadAction","target":["https:\/\/resato-waterjet.com\/de\/produkt\/igems-softwarepaket\/"]}]},{"@type":"ImageObject","inLanguage":"de","@id":"https:\/\/resato-waterjet.com\/de\/produkt\/igems-softwarepaket\/#primaryimage","url":"https:\/\/resato-waterjet.com\/wp-content\/uploads\/2023\/01\/Igems-waterjet-cutting-machine-software.jpg","contentUrl":"https:\/\/resato-waterjet.com\/wp-content\/uploads\/2023\/01\/Igems-waterjet-cutting-machine-software.jpg","width":760,"height":400,"caption":"IGEMS Software Package"},{"@type":"BreadcrumbList","@id":"https:\/\/resato-waterjet.com\/de\/produkt\/igems-softwarepaket\/#breadcrumb","itemListElement":[{"@type":"ListItem","position":1,"name":"Home","item":"https:\/\/resato-waterjet.com\/fr\/"},{"@type":"ListItem","position":2,"name":"Machines and Services","item":"https:\/\/resato-waterjet.com\/en\/machines-and-services\/"},{"@type":"ListItem","position":3,"name":"IGEMS software package"}]},{"@type":"WebSite","@id":"https:\/\/resato-waterjet.com\/en\/#website","url":"https:\/\/resato-waterjet.com\/en\/","name":"Resato Wasserstrahl","description":"Zaubern mit Wasser","publisher":{"@id":"https:\/\/resato-waterjet.com\/en\/#organization"},"alternateName":"Resato","potentialAction":[{"@type":"SearchAction","target":{"@type":"EntryPoint","urlTemplate":"https:\/\/resato-waterjet.com\/en\/?s={search_term_string}"},"query-input":{"@type":"PropertyValueSpecification","valueRequired":true,"valueName":"search_term_string"}}],"inLanguage":"de"},{"@type":"Organization","@id":"https:\/\/resato-waterjet.com\/en\/#organization","name":"Resato Wasserstrahl","alternateName":"Resato","url":"https:\/\/resato-waterjet.com\/en\/","logo":{"@type":"ImageObject","inLanguage":"de","@id":"https:\/\/resato-waterjet.com\/en\/#\/schema\/logo\/image\/","url":"https:\/\/mlwy9mbbs62x.i.optimole.com\/w:auto\/h:auto\/q:mauto\/f:avif\/https:\/\/resato-waterjet.com\/wp-content\/uploads\/2023\/03\/cropped-Resato-YOutube-Logo.png","contentUrl":"https:\/\/mlwy9mbbs62x.i.optimole.com\/w:auto\/h:auto\/q:mauto\/f:avif\/https:\/\/resato-waterjet.com\/wp-content\/uploads\/2023\/03\/cropped-Resato-YOutube-Logo.png","width":512,"height":512,"caption":"Resato Waterjet"},"image":{"@id":"https:\/\/resato-waterjet.com\/en\/#\/schema\/logo\/image\/"},"sameAs":["https:\/\/www.linkedin.com\/company\/resato-waterjet-technology\/"]}]}},"_links":{"self":[{"href":"https:\/\/resato-waterjet.com\/de\/wp-json\/wp\/v2\/product\/8453","targetHints":{"allow":["GET"]}}],"collection":[{"href":"https:\/\/resato-waterjet.com\/de\/wp-json\/wp\/v2\/product"}],"about":[{"href":"https:\/\/resato-waterjet.com\/de\/wp-json\/wp\/v2\/types\/product"}],"version-history":[{"count":4,"href":"https:\/\/resato-waterjet.com\/de\/wp-json\/wp\/v2\/product\/8453\/revisions"}],"predecessor-version":[{"id":10830,"href":"https:\/\/resato-waterjet.com\/de\/wp-json\/wp\/v2\/product\/8453\/revisions\/10830"}],"wp:featuredmedia":[{"embeddable":true,"href":"https:\/\/resato-waterjet.com\/de\/wp-json\/wp\/v2\/media\/8454"}],"wp:attachment":[{"href":"https:\/\/resato-waterjet.com\/de\/wp-json\/wp\/v2\/media?parent=8453"}],"wp:term":[{"taxonomy":"product_brand","embeddable":true,"href":"https:\/\/resato-waterjet.com\/de\/wp-json\/wp\/v2\/product_brand?post=8453"},{"taxonomy":"product_cat","embeddable":true,"href":"https:\/\/resato-waterjet.com\/de\/wp-json\/wp\/v2\/product_cat?post=8453"},{"taxonomy":"product_tag","embeddable":true,"href":"https:\/\/resato-waterjet.com\/de\/wp-json\/wp\/v2\/product_tag?post=8453"}],"curies":[{"name":"wp","href":"https:\/\/api.w.org\/{rel}","templated":true}]}}