{"id":8428,"date":"2023-01-10T12:58:06","date_gmt":"2023-01-10T12:58:06","guid":{"rendered":"https:\/\/resato-waterjet.com\/?post_type=product&#038;p=8428"},"modified":"2025-09-26T08:57:26","modified_gmt":"2025-09-26T08:57:26","slug":"schleifmittel-kontinuierliche-versorgung","status":"publish","type":"product","link":"https:\/\/resato-waterjet.com\/de\/product\/abrasive-continuous-supply\/","title":{"rendered":"Kontinuierliche Versorgung von Abrasivmitteln"},"content":{"rendered":"<p>Auf Wunsch kann die ABR-CS mit Schaltschrank bis zu drei Maschinen mit Abrasivmittel versorgen.<\/p>\n<ul>\n<li>Kontinuierlicher Abrasivmittelfluss<\/li>\n<li>Nachf\u00fcllen von Abrasivmittel w\u00e4hrend des Schneidprozesses m\u00f6glich<\/li>\n<li>\u00dcberwachung des Abrasivmittelstands<\/li>\n<\/ul>\n<p><strong>Silo Low-Level-Meldung<\/strong><br \/>\nTo detect sufficient stored abrasive in the storage silo, a second sensor will signal the cutting machine to report a\n'Silo Low-Level' message. This message will be the trigger to replenish the storage silo before running completely\nout of abrasive.<\/p>\n<p>Erfahren Sie mehr: <a href=\"https:\/\/resato-waterjet.com\/de\/abrasivmittel-management\/\">Abrasiv Management<\/a>.<\/p>","protected":false},"excerpt":{"rendered":"<p>Das System zur kontinuierlichen Versorgung mit Abrasivmitteln sorgt f\u00fcr einen Abrasivmittelfluss zu den Schneidmaschinen, ohne dass der Schneidprozess unterbrochen werden muss.<\/p>\n<p>Der Beh\u00e4lter enth\u00e4lt ein automatisch gesteuertes Drucksystem zum Bef\u00fcllen eines kleinen Druckbeh\u00e4lters f\u00fcr den Transport des Abrasivmittels zur Schneidemaschine. Ein gro\u00dfes Abrasivsilo speichert das Abrasiv und kann jederzeit nachgef\u00fcllt werden, ohne den Schneidprozess zu unterbrechen.<\/p>\n<p>&nbsp;<\/p>\n<p><strong>Technische Angaben<\/strong><\/p>\n<ul>\n<li>Wiederauff\u00fcllung: Deckel \u00f6ffnen und Big Bag im Silo entleeren<\/li>\n<li>Gesamtkapazit\u00e4t 2300 kg<\/li>\n<li>Nachf\u00fcllkapazit\u00e4t 2000 kg (1000 L)<\/li>\n<li>Zug\u00e4nglichkeit: Einfacher und ergonomischer Zugang mit Hilfe eines Trittbretts<\/li>\n<li>Minimale Deckenh\u00f6he 4 m<\/li>\n<li>Leergewicht 325 kg<\/li>\n<li>Maximalgewicht 2625 kg<\/li>\n<li>Bodenlast: 4 St\u00fctze \u00d8 120 mm, 6563 N\/support, 0.6 N\/mm\u00b2<\/li>\n<li>BxTxH: 1225 mm x 1225 mm x 1880 mm<\/li>\n<li>Umgebender Freiraum: Hinten 200 mm, links oder rechts 600 mm, vorne je nach Gabelstapler<\/li>\n<\/ul>","protected":false},"featured_media":11274,"template":"","meta":{"content-type":""},"product_brand":[],"product_cat":[115],"product_tag":[116],"class_list":{"0":"post-8428","1":"product","2":"type-product","3":"status-publish","4":"has-post-thumbnail","6":"product_cat-abrasive-management","7":"product_tag-abrasive-management","9":"first","10":"instock","11":"shipping-taxable","12":"product-type-external"},"yoast_head":"<!-- This site is optimized with the Yoast SEO plugin v27.4 - https:\/\/yoast.com\/product\/yoast-seo-wordpress\/ -->\n<title>Abrasive continuous supply - Resato Waterjet<\/title>\n<meta name=\"description\" content=\"Abrasive continuous supply is necessary for continuous abrasive flow, refilling abrasive during the cutting process, and monitoring abrasive level\" \/>\n<meta name=\"robots\" content=\"index, follow, max-snippet:-1, max-image-preview:large, max-video-preview:-1\" \/>\n<link rel=\"canonical\" href=\"https:\/\/resato-waterjet.com\/de\/produkt\/schleifmittel-kontinuierliche-versorgung\/\" \/>\n<meta property=\"og:locale\" content=\"de_DE\" \/>\n<meta property=\"og:type\" content=\"article\" \/>\n<meta property=\"og:title\" content=\"Abrasive continuous supply - Resato Waterjet\" \/>\n<meta property=\"og:description\" content=\"Abrasive continuous supply is necessary for continuous abrasive flow, refilling abrasive during the cutting process, and monitoring abrasive level\" \/>\n<meta property=\"og:url\" content=\"https:\/\/resato-waterjet.com\/de\/produkt\/schleifmittel-kontinuierliche-versorgung\/\" \/>\n<meta property=\"og:site_name\" content=\"Resato Waterjet\" \/>\n<meta property=\"article:modified_time\" content=\"2025-09-26T08:57:26+00:00\" \/>\n<meta property=\"og:image\" content=\"https:\/\/resato-waterjet.com\/wp-content\/uploads\/2023\/01\/ABR-CS_01.jpg\" \/>\n\t<meta property=\"og:image:width\" content=\"1388\" \/>\n\t<meta property=\"og:image:height\" content=\"725\" \/>\n\t<meta property=\"og:image:type\" content=\"image\/jpeg\" \/>\n<meta name=\"twitter:card\" content=\"summary_large_image\" \/>\n<meta name=\"twitter:label1\" content=\"Gesch\u00e4tzte Lesezeit\" \/>\n\t<meta name=\"twitter:data1\" content=\"1\u00a0Minute\" \/>\n<script type=\"application\/ld+json\" class=\"yoast-schema-graph\">{\"@context\":\"https:\\\/\\\/schema.org\",\"@graph\":[{\"@type\":\"WebPage\",\"@id\":\"https:\\\/\\\/resato-waterjet.com\\\/en\\\/product\\\/abrasive-continuous-supply\\\/\",\"url\":\"https:\\\/\\\/resato-waterjet.com\\\/en\\\/product\\\/abrasive-continuous-supply\\\/\",\"name\":\"Abrasive continuous supply - Resato Waterjet\",\"isPartOf\":{\"@id\":\"https:\\\/\\\/resato-waterjet.com\\\/en\\\/#website\"},\"primaryImageOfPage\":{\"@id\":\"https:\\\/\\\/resato-waterjet.com\\\/en\\\/product\\\/abrasive-continuous-supply\\\/#primaryimage\"},\"image\":{\"@id\":\"https:\\\/\\\/resato-waterjet.com\\\/en\\\/product\\\/abrasive-continuous-supply\\\/#primaryimage\"},\"thumbnailUrl\":\"https:\\\/\\\/resato-waterjet.com\\\/wp-content\\\/uploads\\\/2023\\\/01\\\/ABR-CS_01.jpg\",\"datePublished\":\"2023-01-10T12:58:06+00:00\",\"dateModified\":\"2025-09-26T08:57:26+00:00\",\"description\":\"Abrasive continuous supply is necessary for continuous abrasive flow, refilling abrasive during the cutting process, and monitoring abrasive level\",\"breadcrumb\":{\"@id\":\"https:\\\/\\\/resato-waterjet.com\\\/en\\\/product\\\/abrasive-continuous-supply\\\/#breadcrumb\"},\"inLanguage\":\"de\",\"potentialAction\":[{\"@type\":\"ReadAction\",\"target\":[\"https:\\\/\\\/resato-waterjet.com\\\/en\\\/product\\\/abrasive-continuous-supply\\\/\"]}]},{\"@type\":\"ImageObject\",\"inLanguage\":\"de\",\"@id\":\"https:\\\/\\\/resato-waterjet.com\\\/en\\\/product\\\/abrasive-continuous-supply\\\/#primaryimage\",\"url\":\"https:\\\/\\\/resato-waterjet.com\\\/wp-content\\\/uploads\\\/2023\\\/01\\\/ABR-CS_01.jpg\",\"contentUrl\":\"https:\\\/\\\/resato-waterjet.com\\\/wp-content\\\/uploads\\\/2023\\\/01\\\/ABR-CS_01.jpg\",\"width\":1388,\"height\":725},{\"@type\":\"BreadcrumbList\",\"@id\":\"https:\\\/\\\/resato-waterjet.com\\\/en\\\/product\\\/abrasive-continuous-supply\\\/#breadcrumb\",\"itemListElement\":[{\"@type\":\"ListItem\",\"position\":1,\"name\":\"Home\",\"item\":\"https:\\\/\\\/resato-waterjet.com\\\/fr\\\/\"},{\"@type\":\"ListItem\",\"position\":2,\"name\":\"Machines and Services\",\"item\":\"https:\\\/\\\/resato-waterjet.com\\\/en\\\/machines-and-services\\\/\"},{\"@type\":\"ListItem\",\"position\":3,\"name\":\"Abrasive continuous supply\"}]},{\"@type\":\"WebSite\",\"@id\":\"https:\\\/\\\/resato-waterjet.com\\\/en\\\/#website\",\"url\":\"https:\\\/\\\/resato-waterjet.com\\\/en\\\/\",\"name\":\"Resato Waterjet\",\"description\":\"Creating Magic with Water\",\"publisher\":{\"@id\":\"https:\\\/\\\/resato-waterjet.com\\\/en\\\/#organization\"},\"alternateName\":\"Resato\",\"potentialAction\":[{\"@type\":\"SearchAction\",\"target\":{\"@type\":\"EntryPoint\",\"urlTemplate\":\"https:\\\/\\\/resato-waterjet.com\\\/en\\\/?s={search_term_string}\"},\"query-input\":{\"@type\":\"PropertyValueSpecification\",\"valueRequired\":true,\"valueName\":\"search_term_string\"}}],\"inLanguage\":\"de\"},{\"@type\":\"Organization\",\"@id\":\"https:\\\/\\\/resato-waterjet.com\\\/en\\\/#organization\",\"name\":\"Resato Waterjet\",\"alternateName\":\"Resato\",\"url\":\"https:\\\/\\\/resato-waterjet.com\\\/en\\\/\",\"logo\":{\"@type\":\"ImageObject\",\"inLanguage\":\"de\",\"@id\":\"https:\\\/\\\/resato-waterjet.com\\\/en\\\/#\\\/schema\\\/logo\\\/image\\\/\",\"url\":\"https:\\\/\\\/mlwy9mbbs62x.i.optimole.com\\\/w:auto\\\/h:auto\\\/q:mauto\\\/f:avif\\\/https:\\\/\\\/resato-waterjet.com\\\/wp-content\\\/uploads\\\/2023\\\/03\\\/cropped-Resato-YOutube-Logo.png\",\"contentUrl\":\"https:\\\/\\\/mlwy9mbbs62x.i.optimole.com\\\/w:auto\\\/h:auto\\\/q:mauto\\\/f:avif\\\/https:\\\/\\\/resato-waterjet.com\\\/wp-content\\\/uploads\\\/2023\\\/03\\\/cropped-Resato-YOutube-Logo.png\",\"width\":512,\"height\":512,\"caption\":\"Resato Waterjet\"},\"image\":{\"@id\":\"https:\\\/\\\/resato-waterjet.com\\\/en\\\/#\\\/schema\\\/logo\\\/image\\\/\"},\"sameAs\":[\"https:\\\/\\\/www.linkedin.com\\\/company\\\/resato-waterjet-technology\\\/\"]}]}<\/script>\n<!-- \/ Yoast SEO plugin. -->","yoast_head_json":{"title":"Kontinuierliche Versorgung mit Abrasivmitteln - Resato Waterjet","description":"Eine kontinuierliche Schleifmittelversorgung ist f\u00fcr einen kontinuierlichen Schleifmittelfluss, das Nachf\u00fcllen von Schleifmittel w\u00e4hrend des Schneidvorgangs und die \u00dcberwachung des Schleifmittelpegels erforderlich","robots":{"index":"index","follow":"follow","max-snippet":"max-snippet:-1","max-image-preview":"max-image-preview:large","max-video-preview":"max-video-preview:-1"},"canonical":"https:\/\/resato-waterjet.com\/de\/produkt\/schleifmittel-kontinuierliche-versorgung\/","og_locale":"de_DE","og_type":"article","og_title":"Abrasive continuous supply - Resato Waterjet","og_description":"Abrasive continuous supply is necessary for continuous abrasive flow, refilling abrasive during the cutting process, and monitoring abrasive level","og_url":"https:\/\/resato-waterjet.com\/de\/produkt\/schleifmittel-kontinuierliche-versorgung\/","og_site_name":"Resato Waterjet","article_modified_time":"2025-09-26T08:57:26+00:00","og_image":[{"width":1388,"height":725,"url":"https:\/\/resato-waterjet.com\/wp-content\/uploads\/2023\/01\/ABR-CS_01.jpg","type":"image\/jpeg"}],"twitter_card":"summary_large_image","twitter_misc":{"Gesch\u00e4tzte Lesezeit":"1\u00a0Minute"},"schema":{"@context":"https:\/\/schema.org","@graph":[{"@type":"WebPage","@id":"https:\/\/resato-waterjet.com\/en\/product\/abrasive-continuous-supply\/","url":"https:\/\/resato-waterjet.com\/en\/product\/abrasive-continuous-supply\/","name":"Kontinuierliche Versorgung mit Abrasivmitteln - Resato Waterjet","isPartOf":{"@id":"https:\/\/resato-waterjet.com\/en\/#website"},"primaryImageOfPage":{"@id":"https:\/\/resato-waterjet.com\/en\/product\/abrasive-continuous-supply\/#primaryimage"},"image":{"@id":"https:\/\/resato-waterjet.com\/en\/product\/abrasive-continuous-supply\/#primaryimage"},"thumbnailUrl":"https:\/\/resato-waterjet.com\/wp-content\/uploads\/2023\/01\/ABR-CS_01.jpg","datePublished":"2023-01-10T12:58:06+00:00","dateModified":"2025-09-26T08:57:26+00:00","description":"Eine kontinuierliche Schleifmittelversorgung ist f\u00fcr einen kontinuierlichen Schleifmittelfluss, das Nachf\u00fcllen von Schleifmittel w\u00e4hrend des Schneidvorgangs und die \u00dcberwachung des Schleifmittelpegels erforderlich","breadcrumb":{"@id":"https:\/\/resato-waterjet.com\/en\/product\/abrasive-continuous-supply\/#breadcrumb"},"inLanguage":"de","potentialAction":[{"@type":"ReadAction","target":["https:\/\/resato-waterjet.com\/en\/product\/abrasive-continuous-supply\/"]}]},{"@type":"ImageObject","inLanguage":"de","@id":"https:\/\/resato-waterjet.com\/en\/product\/abrasive-continuous-supply\/#primaryimage","url":"https:\/\/resato-waterjet.com\/wp-content\/uploads\/2023\/01\/ABR-CS_01.jpg","contentUrl":"https:\/\/resato-waterjet.com\/wp-content\/uploads\/2023\/01\/ABR-CS_01.jpg","width":1388,"height":725},{"@type":"BreadcrumbList","@id":"https:\/\/resato-waterjet.com\/en\/product\/abrasive-continuous-supply\/#breadcrumb","itemListElement":[{"@type":"ListItem","position":1,"name":"Home","item":"https:\/\/resato-waterjet.com\/fr\/"},{"@type":"ListItem","position":2,"name":"Machines and Services","item":"https:\/\/resato-waterjet.com\/en\/machines-and-services\/"},{"@type":"ListItem","position":3,"name":"Abrasive continuous supply"}]},{"@type":"WebSite","@id":"https:\/\/resato-waterjet.com\/en\/#website","url":"https:\/\/resato-waterjet.com\/en\/","name":"Resato Wasserstrahl","description":"Zaubern mit Wasser","publisher":{"@id":"https:\/\/resato-waterjet.com\/en\/#organization"},"alternateName":"Resato","potentialAction":[{"@type":"SearchAction","target":{"@type":"EntryPoint","urlTemplate":"https:\/\/resato-waterjet.com\/en\/?s={search_term_string}"},"query-input":{"@type":"PropertyValueSpecification","valueRequired":true,"valueName":"search_term_string"}}],"inLanguage":"de"},{"@type":"Organization","@id":"https:\/\/resato-waterjet.com\/en\/#organization","name":"Resato Wasserstrahl","alternateName":"Resato","url":"https:\/\/resato-waterjet.com\/en\/","logo":{"@type":"ImageObject","inLanguage":"de","@id":"https:\/\/resato-waterjet.com\/en\/#\/schema\/logo\/image\/","url":"https:\/\/mlwy9mbbs62x.i.optimole.com\/w:auto\/h:auto\/q:mauto\/f:avif\/https:\/\/resato-waterjet.com\/wp-content\/uploads\/2023\/03\/cropped-Resato-YOutube-Logo.png","contentUrl":"https:\/\/mlwy9mbbs62x.i.optimole.com\/w:auto\/h:auto\/q:mauto\/f:avif\/https:\/\/resato-waterjet.com\/wp-content\/uploads\/2023\/03\/cropped-Resato-YOutube-Logo.png","width":512,"height":512,"caption":"Resato Waterjet"},"image":{"@id":"https:\/\/resato-waterjet.com\/en\/#\/schema\/logo\/image\/"},"sameAs":["https:\/\/www.linkedin.com\/company\/resato-waterjet-technology\/"]}]}},"_links":{"self":[{"href":"https:\/\/resato-waterjet.com\/de\/wp-json\/wp\/v2\/product\/8428","targetHints":{"allow":["GET"]}}],"collection":[{"href":"https:\/\/resato-waterjet.com\/de\/wp-json\/wp\/v2\/product"}],"about":[{"href":"https:\/\/resato-waterjet.com\/de\/wp-json\/wp\/v2\/types\/product"}],"version-history":[{"count":2,"href":"https:\/\/resato-waterjet.com\/de\/wp-json\/wp\/v2\/product\/8428\/revisions"}],"predecessor-version":[{"id":10523,"href":"https:\/\/resato-waterjet.com\/de\/wp-json\/wp\/v2\/product\/8428\/revisions\/10523"}],"wp:featuredmedia":[{"embeddable":true,"href":"https:\/\/resato-waterjet.com\/de\/wp-json\/wp\/v2\/media\/11274"}],"wp:attachment":[{"href":"https:\/\/resato-waterjet.com\/de\/wp-json\/wp\/v2\/media?parent=8428"}],"wp:term":[{"taxonomy":"product_brand","embeddable":true,"href":"https:\/\/resato-waterjet.com\/de\/wp-json\/wp\/v2\/product_brand?post=8428"},{"taxonomy":"product_cat","embeddable":true,"href":"https:\/\/resato-waterjet.com\/de\/wp-json\/wp\/v2\/product_cat?post=8428"},{"taxonomy":"product_tag","embeddable":true,"href":"https:\/\/resato-waterjet.com\/de\/wp-json\/wp\/v2\/product_tag?post=8428"}],"curies":[{"name":"wp","href":"https:\/\/api.w.org\/{rel}","templated":true}]}}