{"id":11575,"date":"2026-01-28T14:44:10","date_gmt":"2026-01-28T14:44:10","guid":{"rendered":"https:\/\/resato-waterjet.com\/?post_type=product&#038;p=11575"},"modified":"2026-01-28T15:18:16","modified_gmt":"2026-01-28T15:18:16","slug":"pj2-4000","status":"publish","type":"product","link":"https:\/\/resato-waterjet.com\/de\/product\/pj2-4000\/","title":{"rendered":"PJ2-4000"},"content":{"rendered":"<p data-start=\"86\" data-end=\"343\">Die PJ2-4000 ist eine Hochdruckpumpe, die speziell f\u00fcr elektrische Netze entwickelt wurde, in denen eine PJ4 oder PJ8 zu hohe Anforderungen an den Stromanschluss stellen w\u00fcrde. Die Pumpe ist sowohl in einer wassergek\u00fchlten als auch in einer luftgek\u00fchlten Version erh\u00e4ltlich, die jeweils mit einem Softstarter ausgestattet sind. Die Pumpe arbeitet mit einem Druck\u00fcbersetzersystem, bei dem der Druck von Hydraulik\u00f6l in einen Wasserdruck von bis zu 4.000 bar umgewandelt wird.<\/p>\n<p data-start=\"478\" data-end=\"829\">Angetrieben von einem 18-kW-Motor mit einem maximalen Hydraulikdruck von 200 bar ist der PJ2-4000 deutlich energieeffizienter als der PJ4 (30 kW) und der PJ8 (75 kW). Dadurch ist er \u00e4u\u00dferst vielseitig und f\u00fcr eine breite Palette von Anwendungen geeignet. Er l\u00e4sst sich perfekt mit den Resato Wasserstrahltischen kombinieren und bietet ausreichend Kapazit\u00e4t, um die meisten Materialien zu schneiden.<\/p>\n<p>&nbsp;<\/p>\n<p><strong>Technische Angaben<\/strong><\/p>\n<table style=\"height: 124px;\" width=\"453\">\n<tbody>\n<tr>\n<td width=\"193\">PJ2-4000<\/td>\n<td width=\"115\"><\/td>\n<\/tr>\n<tr>\n<td>Maximumkapazit\u00e4t<\/td>\n<td>1,8 L\/min<\/td>\n<\/tr>\n<tr>\n<td>H\u00f6chstdruck<\/td>\n<td>4000 bar<\/td>\n<\/tr>\n<tr>\n<td>H\u00f6chstleistung<\/td>\n<td>18 kW<\/td>\n<\/tr>\n<tr>\n<td>Anzahl der Druckverst\u00e4r<\/td>\n<td>1<\/td>\n<\/tr>\n<\/tbody>\n<\/table>\n<p>&nbsp;<\/p>","protected":false},"excerpt":{"rendered":"<p>Der PJ2-4000 ist f\u00fcr elektrische Standardanschl\u00fcsse konzipiert und liefert mit Hilfe eines Druck\u00fcbersetzersystems Wasser mit einem Druck von bis zu 4.000 bar. Mit ihrem 18-kW-Motor ist sie wesentlich energieeffizienter als gr\u00f6\u00dfere Alternativen und bietet gleichzeitig eine hervorragende Schneidleistung. Die Pumpe ist in luft- und wassergek\u00fchlten Konfigurationen mit Soft-Start-Technologie erh\u00e4ltlich. Perfekt geeignet f\u00fcr die Kombination mit Resato Wasserstrahltischen.<\/p>","protected":false},"featured_media":11255,"template":"","meta":{"content-type":""},"product_brand":[],"product_cat":[125],"product_tag":[126],"class_list":{"0":"post-11575","1":"product","2":"type-product","3":"status-publish","4":"has-post-thumbnail","6":"product_cat-waterjet-cutting-pumps","7":"product_tag-waterjet-cutting-pumps","9":"first","10":"instock","11":"shipping-taxable","12":"product-type-external"},"yoast_head":"<!-- This site is optimized with the Yoast SEO plugin v27.5 - https:\/\/yoast.com\/product\/yoast-seo-wordpress\/ -->\n<title>PJ2-4000 - Resato Waterjet<\/title>\n<meta name=\"description\" content=\"The PJ2-4000 is a high-pressure pump specifically designed for electrical networks where a PJ4 or PJ8 would be too demanding in term\" \/>\n<meta name=\"robots\" content=\"index, follow, max-snippet:-1, max-image-preview:large, max-video-preview:-1\" \/>\n<link rel=\"canonical\" href=\"https:\/\/resato-waterjet.com\/de\/produkt\/pj2-4000\/\" \/>\n<meta property=\"og:locale\" content=\"de_DE\" \/>\n<meta property=\"og:type\" content=\"article\" \/>\n<meta property=\"og:title\" content=\"PJ2-4000 - Resato Waterjet\" \/>\n<meta property=\"og:description\" content=\"The PJ2-4000 is a high-pressure pump specifically designed for electrical networks where a PJ4 or PJ8 would be too demanding in term\" \/>\n<meta property=\"og:url\" content=\"https:\/\/resato-waterjet.com\/de\/produkt\/pj2-4000\/\" \/>\n<meta property=\"og:site_name\" content=\"Resato Waterjet\" \/>\n<meta property=\"article:modified_time\" content=\"2026-01-28T15:18:16+00:00\" \/>\n<meta property=\"og:image\" content=\"https:\/\/resato-waterjet.com\/wp-content\/uploads\/2025\/09\/PJ-4_lichtgrijs-frontpaneel_symm_coverzijpaneel-zonder-ruitlogo_hoog_02-e1758887879698.jpg\" \/>\n\t<meta property=\"og:image:width\" content=\"1585\" \/>\n\t<meta property=\"og:image:height\" content=\"834\" \/>\n\t<meta property=\"og:image:type\" content=\"image\/jpeg\" \/>\n<meta name=\"twitter:card\" content=\"summary_large_image\" \/>\n<meta name=\"twitter:label1\" content=\"Gesch\u00e4tzte Lesezeit\" \/>\n\t<meta name=\"twitter:data1\" content=\"1\u00a0Minute\" \/>\n<script type=\"application\/ld+json\" class=\"yoast-schema-graph\">{\"@context\":\"https:\\\/\\\/schema.org\",\"@graph\":[{\"@type\":\"WebPage\",\"@id\":\"https:\\\/\\\/resato-waterjet.com\\\/product\\\/pj2-4000\\\/\",\"url\":\"https:\\\/\\\/resato-waterjet.com\\\/product\\\/pj2-4000\\\/\",\"name\":\"PJ2-4000 - Resato Waterjet\",\"isPartOf\":{\"@id\":\"https:\\\/\\\/resato-waterjet.com\\\/en\\\/#website\"},\"primaryImageOfPage\":{\"@id\":\"https:\\\/\\\/resato-waterjet.com\\\/product\\\/pj2-4000\\\/#primaryimage\"},\"image\":{\"@id\":\"https:\\\/\\\/resato-waterjet.com\\\/product\\\/pj2-4000\\\/#primaryimage\"},\"thumbnailUrl\":\"https:\\\/\\\/resato-waterjet.com\\\/wp-content\\\/uploads\\\/2025\\\/09\\\/PJ-4_lichtgrijs-frontpaneel_symm_coverzijpaneel-zonder-ruitlogo_hoog_02-e1758887879698.jpg\",\"datePublished\":\"2026-01-28T14:44:10+00:00\",\"dateModified\":\"2026-01-28T15:18:16+00:00\",\"description\":\"The PJ2-4000 is a high-pressure pump specifically designed for electrical networks where a PJ4 or PJ8 would be too demanding in term\",\"breadcrumb\":{\"@id\":\"https:\\\/\\\/resato-waterjet.com\\\/product\\\/pj2-4000\\\/#breadcrumb\"},\"inLanguage\":\"de\",\"potentialAction\":[{\"@type\":\"ReadAction\",\"target\":[\"https:\\\/\\\/resato-waterjet.com\\\/product\\\/pj2-4000\\\/\"]}]},{\"@type\":\"ImageObject\",\"inLanguage\":\"de\",\"@id\":\"https:\\\/\\\/resato-waterjet.com\\\/product\\\/pj2-4000\\\/#primaryimage\",\"url\":\"https:\\\/\\\/resato-waterjet.com\\\/wp-content\\\/uploads\\\/2025\\\/09\\\/PJ-4_lichtgrijs-frontpaneel_symm_coverzijpaneel-zonder-ruitlogo_hoog_02-e1758887879698.jpg\",\"contentUrl\":\"https:\\\/\\\/resato-waterjet.com\\\/wp-content\\\/uploads\\\/2025\\\/09\\\/PJ-4_lichtgrijs-frontpaneel_symm_coverzijpaneel-zonder-ruitlogo_hoog_02-e1758887879698.jpg\",\"width\":1585,\"height\":834,\"caption\":\"PJ2-4000\"},{\"@type\":\"BreadcrumbList\",\"@id\":\"https:\\\/\\\/resato-waterjet.com\\\/product\\\/pj2-4000\\\/#breadcrumb\",\"itemListElement\":[{\"@type\":\"ListItem\",\"position\":1,\"name\":\"Home\",\"item\":\"https:\\\/\\\/resato-waterjet.com\\\/fr\\\/\"},{\"@type\":\"ListItem\",\"position\":2,\"name\":\"Machines and Services\",\"item\":\"https:\\\/\\\/resato-waterjet.com\\\/en\\\/machines-and-services\\\/\"},{\"@type\":\"ListItem\",\"position\":3,\"name\":\"PJ2-4000\"}]},{\"@type\":\"WebSite\",\"@id\":\"https:\\\/\\\/resato-waterjet.com\\\/en\\\/#website\",\"url\":\"https:\\\/\\\/resato-waterjet.com\\\/en\\\/\",\"name\":\"Resato Waterjet\",\"description\":\"Creating Magic with Water\",\"publisher\":{\"@id\":\"https:\\\/\\\/resato-waterjet.com\\\/en\\\/#organization\"},\"alternateName\":\"Resato\",\"potentialAction\":[{\"@type\":\"SearchAction\",\"target\":{\"@type\":\"EntryPoint\",\"urlTemplate\":\"https:\\\/\\\/resato-waterjet.com\\\/en\\\/?s={search_term_string}\"},\"query-input\":{\"@type\":\"PropertyValueSpecification\",\"valueRequired\":true,\"valueName\":\"search_term_string\"}}],\"inLanguage\":\"de\"},{\"@type\":\"Organization\",\"@id\":\"https:\\\/\\\/resato-waterjet.com\\\/en\\\/#organization\",\"name\":\"Resato Waterjet\",\"alternateName\":\"Resato\",\"url\":\"https:\\\/\\\/resato-waterjet.com\\\/en\\\/\",\"logo\":{\"@type\":\"ImageObject\",\"inLanguage\":\"de\",\"@id\":\"https:\\\/\\\/resato-waterjet.com\\\/en\\\/#\\\/schema\\\/logo\\\/image\\\/\",\"url\":\"https:\\\/\\\/mlwy9mbbs62x.i.optimole.com\\\/w:auto\\\/h:auto\\\/q:mauto\\\/f:avif\\\/https:\\\/\\\/resato-waterjet.com\\\/wp-content\\\/uploads\\\/2023\\\/03\\\/cropped-Resato-YOutube-Logo.png\",\"contentUrl\":\"https:\\\/\\\/mlwy9mbbs62x.i.optimole.com\\\/w:auto\\\/h:auto\\\/q:mauto\\\/f:avif\\\/https:\\\/\\\/resato-waterjet.com\\\/wp-content\\\/uploads\\\/2023\\\/03\\\/cropped-Resato-YOutube-Logo.png\",\"width\":512,\"height\":512,\"caption\":\"Resato Waterjet\"},\"image\":{\"@id\":\"https:\\\/\\\/resato-waterjet.com\\\/en\\\/#\\\/schema\\\/logo\\\/image\\\/\"},\"sameAs\":[\"https:\\\/\\\/www.linkedin.com\\\/company\\\/resato-waterjet-technology\\\/\"]}]}<\/script>\n<!-- \/ Yoast SEO plugin. -->","yoast_head_json":{"title":"PJ2-4000 - Resato Wasserstrahl","description":"Die PJ2-4000 ist eine Hochdruckpumpe, die speziell f\u00fcr elektrische Netzwerke entwickelt wurde, in denen eine PJ4 oder PJ8 zu anspruchsvoll w\u00e4re.","robots":{"index":"index","follow":"follow","max-snippet":"max-snippet:-1","max-image-preview":"max-image-preview:large","max-video-preview":"max-video-preview:-1"},"canonical":"https:\/\/resato-waterjet.com\/de\/produkt\/pj2-4000\/","og_locale":"de_DE","og_type":"article","og_title":"PJ2-4000 - Resato Waterjet","og_description":"The PJ2-4000 is a high-pressure pump specifically designed for electrical networks where a PJ4 or PJ8 would be too demanding in term","og_url":"https:\/\/resato-waterjet.com\/de\/produkt\/pj2-4000\/","og_site_name":"Resato Waterjet","article_modified_time":"2026-01-28T15:18:16+00:00","og_image":[{"width":1585,"height":834,"url":"https:\/\/resato-waterjet.com\/wp-content\/uploads\/2025\/09\/PJ-4_lichtgrijs-frontpaneel_symm_coverzijpaneel-zonder-ruitlogo_hoog_02-e1758887879698.jpg","type":"image\/jpeg"}],"twitter_card":"summary_large_image","twitter_misc":{"Gesch\u00e4tzte Lesezeit":"1\u00a0Minute"},"schema":{"@context":"https:\/\/schema.org","@graph":[{"@type":"WebPage","@id":"https:\/\/resato-waterjet.com\/product\/pj2-4000\/","url":"https:\/\/resato-waterjet.com\/product\/pj2-4000\/","name":"PJ2-4000 - Resato Wasserstrahl","isPartOf":{"@id":"https:\/\/resato-waterjet.com\/en\/#website"},"primaryImageOfPage":{"@id":"https:\/\/resato-waterjet.com\/product\/pj2-4000\/#primaryimage"},"image":{"@id":"https:\/\/resato-waterjet.com\/product\/pj2-4000\/#primaryimage"},"thumbnailUrl":"https:\/\/resato-waterjet.com\/wp-content\/uploads\/2025\/09\/PJ-4_lichtgrijs-frontpaneel_symm_coverzijpaneel-zonder-ruitlogo_hoog_02-e1758887879698.jpg","datePublished":"2026-01-28T14:44:10+00:00","dateModified":"2026-01-28T15:18:16+00:00","description":"Die PJ2-4000 ist eine Hochdruckpumpe, die speziell f\u00fcr elektrische Netzwerke entwickelt wurde, in denen eine PJ4 oder PJ8 zu anspruchsvoll w\u00e4re.","breadcrumb":{"@id":"https:\/\/resato-waterjet.com\/product\/pj2-4000\/#breadcrumb"},"inLanguage":"de","potentialAction":[{"@type":"ReadAction","target":["https:\/\/resato-waterjet.com\/product\/pj2-4000\/"]}]},{"@type":"ImageObject","inLanguage":"de","@id":"https:\/\/resato-waterjet.com\/product\/pj2-4000\/#primaryimage","url":"https:\/\/resato-waterjet.com\/wp-content\/uploads\/2025\/09\/PJ-4_lichtgrijs-frontpaneel_symm_coverzijpaneel-zonder-ruitlogo_hoog_02-e1758887879698.jpg","contentUrl":"https:\/\/resato-waterjet.com\/wp-content\/uploads\/2025\/09\/PJ-4_lichtgrijs-frontpaneel_symm_coverzijpaneel-zonder-ruitlogo_hoog_02-e1758887879698.jpg","width":1585,"height":834,"caption":"PJ2-4000"},{"@type":"BreadcrumbList","@id":"https:\/\/resato-waterjet.com\/product\/pj2-4000\/#breadcrumb","itemListElement":[{"@type":"ListItem","position":1,"name":"Home","item":"https:\/\/resato-waterjet.com\/fr\/"},{"@type":"ListItem","position":2,"name":"Machines and Services","item":"https:\/\/resato-waterjet.com\/en\/machines-and-services\/"},{"@type":"ListItem","position":3,"name":"PJ2-4000"}]},{"@type":"WebSite","@id":"https:\/\/resato-waterjet.com\/en\/#website","url":"https:\/\/resato-waterjet.com\/en\/","name":"Resato Wasserstrahl","description":"Zaubern mit Wasser","publisher":{"@id":"https:\/\/resato-waterjet.com\/en\/#organization"},"alternateName":"Resato","potentialAction":[{"@type":"SearchAction","target":{"@type":"EntryPoint","urlTemplate":"https:\/\/resato-waterjet.com\/en\/?s={search_term_string}"},"query-input":{"@type":"PropertyValueSpecification","valueRequired":true,"valueName":"search_term_string"}}],"inLanguage":"de"},{"@type":"Organization","@id":"https:\/\/resato-waterjet.com\/en\/#organization","name":"Resato Wasserstrahl","alternateName":"Resato","url":"https:\/\/resato-waterjet.com\/en\/","logo":{"@type":"ImageObject","inLanguage":"de","@id":"https:\/\/resato-waterjet.com\/en\/#\/schema\/logo\/image\/","url":"https:\/\/mlwy9mbbs62x.i.optimole.com\/w:auto\/h:auto\/q:mauto\/f:avif\/https:\/\/resato-waterjet.com\/wp-content\/uploads\/2023\/03\/cropped-Resato-YOutube-Logo.png","contentUrl":"https:\/\/mlwy9mbbs62x.i.optimole.com\/w:auto\/h:auto\/q:mauto\/f:avif\/https:\/\/resato-waterjet.com\/wp-content\/uploads\/2023\/03\/cropped-Resato-YOutube-Logo.png","width":512,"height":512,"caption":"Resato Waterjet"},"image":{"@id":"https:\/\/resato-waterjet.com\/en\/#\/schema\/logo\/image\/"},"sameAs":["https:\/\/www.linkedin.com\/company\/resato-waterjet-technology\/"]}]}},"_links":{"self":[{"href":"https:\/\/resato-waterjet.com\/de\/wp-json\/wp\/v2\/product\/11575","targetHints":{"allow":["GET"]}}],"collection":[{"href":"https:\/\/resato-waterjet.com\/de\/wp-json\/wp\/v2\/product"}],"about":[{"href":"https:\/\/resato-waterjet.com\/de\/wp-json\/wp\/v2\/types\/product"}],"version-history":[{"count":2,"href":"https:\/\/resato-waterjet.com\/de\/wp-json\/wp\/v2\/product\/11575\/revisions"}],"predecessor-version":[{"id":11577,"href":"https:\/\/resato-waterjet.com\/de\/wp-json\/wp\/v2\/product\/11575\/revisions\/11577"}],"wp:featuredmedia":[{"embeddable":true,"href":"https:\/\/resato-waterjet.com\/de\/wp-json\/wp\/v2\/media\/11255"}],"wp:attachment":[{"href":"https:\/\/resato-waterjet.com\/de\/wp-json\/wp\/v2\/media?parent=11575"}],"wp:term":[{"taxonomy":"product_brand","embeddable":true,"href":"https:\/\/resato-waterjet.com\/de\/wp-json\/wp\/v2\/product_brand?post=11575"},{"taxonomy":"product_cat","embeddable":true,"href":"https:\/\/resato-waterjet.com\/de\/wp-json\/wp\/v2\/product_cat?post=11575"},{"taxonomy":"product_tag","embeddable":true,"href":"https:\/\/resato-waterjet.com\/de\/wp-json\/wp\/v2\/product_tag?post=11575"}],"curies":[{"name":"wp","href":"https:\/\/api.w.org\/{rel}","templated":true}]}}