{"id":11568,"date":"2026-01-28T13:35:00","date_gmt":"2026-01-28T13:35:00","guid":{"rendered":"https:\/\/resato-waterjet.com\/?post_type=product&#038;p=11568"},"modified":"2026-01-28T14:32:13","modified_gmt":"2026-01-28T14:32:13","slug":"pj8-4000","status":"publish","type":"product","link":"https:\/\/resato-waterjet.com\/de\/product\/pj8-4000\/","title":{"rendered":"PJ8-4000"},"content":{"rendered":"<p>Die PJ8-4000 ist eine Hochdruckpumpe, die speziell f\u00fcr den Einsatz in Wasserstrahlschneidsystemen entwickelt wurde, bei denen eine h\u00f6here Schneidleistung erforderlich ist. Die Pumpe kann z.B. in Kombination mit einem Resato ACM Wasserstrahlschneidetisch geliefert werden. Um einen hohen Wasserdruck zu erzeugen, wird das Prinzip eines Druck\u00fcbersetzers verwendet. Ein relativ niedriger \u00d6ldruck (200 bar) wird verwendet, um einen hohen Wasserausgangsdruck (4000 bar) zu erzeugen.<\/p>\n<p>&nbsp;<\/p>\n<p>Die Pumpe ist wassergek\u00fchlt und wird von einem 75 kW Elektromotor angetrieben. Sie verf\u00fcgt \u00fcber zwei Druck\u00fcbersetzer, wodurch eine Leistung von 7,6 l\/min erreicht wird.<\/p>\n<p>&nbsp;<\/p>\n<p><strong>Technische Angaben<\/strong><\/p>\n<table style=\"height: 124px;\" width=\"453\">\n<tbody>\n<tr>\n<td width=\"193\">PJ8-4000<\/td>\n<td width=\"115\"><\/td>\n<\/tr>\n<tr>\n<td>Maximumkapazit\u00e4t<\/td>\n<td>7,6 L\/min<\/td>\n<\/tr>\n<tr>\n<td>H\u00f6chstdruck<\/td>\n<td>4000 bar<\/td>\n<\/tr>\n<tr>\n<td>H\u00f6chstleistung<\/td>\n<td>75 kW<\/td>\n<\/tr>\n<tr>\n<td>Anzahl der Druckverst\u00e4r<\/td>\n<td>2<\/td>\n<\/tr>\n<\/tbody>\n<\/table>\n<p>&nbsp;<\/p>","protected":false},"excerpt":{"rendered":"<p>Mit einer Durchflussmenge von 7,6 l\/min und einer Leistung von 75 kW wird eine hohe Schneidkapazit\u00e4t erreicht. Das Ergebnis sind schnellere Schnittgeschwindigkeiten und eine noch h\u00f6here Effizienz. Dank des schlanken Designs, f\u00fcr das Resato bekannt ist, ist die Pumpe einfach und intuitiv zu bedienen. Ihre hohe Zuverl\u00e4ssigkeit sorgt f\u00fcr minimale Ausfallzeiten und erm\u00f6glicht einen kontinuierlichen Schneidbetrieb. In Kombination mit den Resato-Wasserstrahlschneidetischen bietet die Pumpe eine hervorragende Benutzerfreundlichkeit und ist extrem einfach zu bedienen.<\/p>","protected":false},"featured_media":11571,"template":"","meta":{"content-type":""},"product_brand":[],"product_cat":[125],"product_tag":[126],"class_list":{"0":"post-11568","1":"product","2":"type-product","3":"status-publish","4":"has-post-thumbnail","6":"product_cat-waterjet-cutting-pumps","7":"product_tag-waterjet-cutting-pumps","9":"first","10":"instock","11":"shipping-taxable","12":"product-type-external"},"yoast_head":"<!-- This site is optimized with the Yoast SEO plugin v27.3 - https:\/\/yoast.com\/product\/yoast-seo-wordpress\/ -->\n<title>PJ8-4000 - Resato Waterjet<\/title>\n<meta name=\"description\" content=\"The PJ8-4000 is a high-pressure pump specially designed for use in waterjet cutting systems where more cutting power is requi\" \/>\n<meta name=\"robots\" content=\"index, follow, max-snippet:-1, max-image-preview:large, max-video-preview:-1\" \/>\n<link rel=\"canonical\" href=\"https:\/\/resato-waterjet.com\/de\/produkt\/pj8-4000\/\" \/>\n<meta property=\"og:locale\" content=\"de_DE\" \/>\n<meta property=\"og:type\" content=\"article\" \/>\n<meta property=\"og:title\" content=\"PJ8-4000 - Resato Waterjet\" \/>\n<meta property=\"og:description\" content=\"The PJ8-4000 is a high-pressure pump specially designed for use in waterjet cutting systems where more cutting power is requi\" \/>\n<meta property=\"og:url\" content=\"https:\/\/resato-waterjet.com\/de\/produkt\/pj8-4000\/\" \/>\n<meta property=\"og:site_name\" content=\"Resato Waterjet\" \/>\n<meta property=\"article:modified_time\" content=\"2026-01-28T14:32:13+00:00\" \/>\n<meta property=\"og:image\" content=\"https:\/\/resato-waterjet.com\/wp-content\/uploads\/2026\/01\/PJ8-1.png\" \/>\n\t<meta property=\"og:image:width\" content=\"1058\" \/>\n\t<meta property=\"og:image:height\" content=\"557\" \/>\n\t<meta property=\"og:image:type\" content=\"image\/png\" \/>\n<meta name=\"twitter:card\" content=\"summary_large_image\" \/>\n<meta name=\"twitter:label1\" content=\"Gesch\u00e4tzte Lesezeit\" \/>\n\t<meta name=\"twitter:data1\" content=\"1\u00a0Minute\" \/>\n<script type=\"application\/ld+json\" class=\"yoast-schema-graph\">{\"@context\":\"https:\\\/\\\/schema.org\",\"@graph\":[{\"@type\":\"WebPage\",\"@id\":\"https:\\\/\\\/resato-waterjet.com\\\/product\\\/pj8-4000\\\/\",\"url\":\"https:\\\/\\\/resato-waterjet.com\\\/product\\\/pj8-4000\\\/\",\"name\":\"PJ8-4000 - Resato Waterjet\",\"isPartOf\":{\"@id\":\"https:\\\/\\\/resato-waterjet.com\\\/en\\\/#website\"},\"primaryImageOfPage\":{\"@id\":\"https:\\\/\\\/resato-waterjet.com\\\/product\\\/pj8-4000\\\/#primaryimage\"},\"image\":{\"@id\":\"https:\\\/\\\/resato-waterjet.com\\\/product\\\/pj8-4000\\\/#primaryimage\"},\"thumbnailUrl\":\"https:\\\/\\\/resato-waterjet.com\\\/wp-content\\\/uploads\\\/2026\\\/01\\\/PJ8-1.png\",\"datePublished\":\"2026-01-28T13:35:00+00:00\",\"dateModified\":\"2026-01-28T14:32:13+00:00\",\"description\":\"The PJ8-4000 is a high-pressure pump specially designed for use in waterjet cutting systems where more cutting power is requi\",\"breadcrumb\":{\"@id\":\"https:\\\/\\\/resato-waterjet.com\\\/product\\\/pj8-4000\\\/#breadcrumb\"},\"inLanguage\":\"de\",\"potentialAction\":[{\"@type\":\"ReadAction\",\"target\":[\"https:\\\/\\\/resato-waterjet.com\\\/product\\\/pj8-4000\\\/\"]}]},{\"@type\":\"ImageObject\",\"inLanguage\":\"de\",\"@id\":\"https:\\\/\\\/resato-waterjet.com\\\/product\\\/pj8-4000\\\/#primaryimage\",\"url\":\"https:\\\/\\\/resato-waterjet.com\\\/wp-content\\\/uploads\\\/2026\\\/01\\\/PJ8-1.png\",\"contentUrl\":\"https:\\\/\\\/resato-waterjet.com\\\/wp-content\\\/uploads\\\/2026\\\/01\\\/PJ8-1.png\",\"width\":1058,\"height\":557},{\"@type\":\"BreadcrumbList\",\"@id\":\"https:\\\/\\\/resato-waterjet.com\\\/product\\\/pj8-4000\\\/#breadcrumb\",\"itemListElement\":[{\"@type\":\"ListItem\",\"position\":1,\"name\":\"Home\",\"item\":\"https:\\\/\\\/resato-waterjet.com\\\/fr\\\/\"},{\"@type\":\"ListItem\",\"position\":2,\"name\":\"Machines and Services\",\"item\":\"https:\\\/\\\/resato-waterjet.com\\\/en\\\/machines-and-services\\\/\"},{\"@type\":\"ListItem\",\"position\":3,\"name\":\"PJ8-4000\"}]},{\"@type\":\"WebSite\",\"@id\":\"https:\\\/\\\/resato-waterjet.com\\\/en\\\/#website\",\"url\":\"https:\\\/\\\/resato-waterjet.com\\\/en\\\/\",\"name\":\"Resato Waterjet\",\"description\":\"Creating Magic with Water\",\"publisher\":{\"@id\":\"https:\\\/\\\/resato-waterjet.com\\\/en\\\/#organization\"},\"alternateName\":\"Resato\",\"potentialAction\":[{\"@type\":\"SearchAction\",\"target\":{\"@type\":\"EntryPoint\",\"urlTemplate\":\"https:\\\/\\\/resato-waterjet.com\\\/en\\\/?s={search_term_string}\"},\"query-input\":{\"@type\":\"PropertyValueSpecification\",\"valueRequired\":true,\"valueName\":\"search_term_string\"}}],\"inLanguage\":\"de\"},{\"@type\":\"Organization\",\"@id\":\"https:\\\/\\\/resato-waterjet.com\\\/en\\\/#organization\",\"name\":\"Resato Waterjet\",\"alternateName\":\"Resato\",\"url\":\"https:\\\/\\\/resato-waterjet.com\\\/en\\\/\",\"logo\":{\"@type\":\"ImageObject\",\"inLanguage\":\"de\",\"@id\":\"https:\\\/\\\/resato-waterjet.com\\\/en\\\/#\\\/schema\\\/logo\\\/image\\\/\",\"url\":\"https:\\\/\\\/mlwy9mbbs62x.i.optimole.com\\\/w:auto\\\/h:auto\\\/q:mauto\\\/f:avif\\\/https:\\\/\\\/resato-waterjet.com\\\/wp-content\\\/uploads\\\/2023\\\/03\\\/cropped-Resato-YOutube-Logo.png\",\"contentUrl\":\"https:\\\/\\\/mlwy9mbbs62x.i.optimole.com\\\/w:auto\\\/h:auto\\\/q:mauto\\\/f:avif\\\/https:\\\/\\\/resato-waterjet.com\\\/wp-content\\\/uploads\\\/2023\\\/03\\\/cropped-Resato-YOutube-Logo.png\",\"width\":512,\"height\":512,\"caption\":\"Resato Waterjet\"},\"image\":{\"@id\":\"https:\\\/\\\/resato-waterjet.com\\\/en\\\/#\\\/schema\\\/logo\\\/image\\\/\"},\"sameAs\":[\"https:\\\/\\\/www.linkedin.com\\\/company\\\/resato-waterjet-technology\\\/\"]}]}<\/script>\n<!-- \/ Yoast SEO plugin. -->","yoast_head_json":{"title":"PJ8-4000 - Resato Wasserstrahl","description":"Die PJ8-4000 ist eine Hochdruckpumpe, die speziell f\u00fcr den Einsatz in Wasserstrahlschneidsystemen entwickelt wurde, bei denen eine h\u00f6here Schneidleistung erforderlich ist.","robots":{"index":"index","follow":"follow","max-snippet":"max-snippet:-1","max-image-preview":"max-image-preview:large","max-video-preview":"max-video-preview:-1"},"canonical":"https:\/\/resato-waterjet.com\/de\/produkt\/pj8-4000\/","og_locale":"de_DE","og_type":"article","og_title":"PJ8-4000 - Resato Waterjet","og_description":"The PJ8-4000 is a high-pressure pump specially designed for use in waterjet cutting systems where more cutting power is requi","og_url":"https:\/\/resato-waterjet.com\/de\/produkt\/pj8-4000\/","og_site_name":"Resato Waterjet","article_modified_time":"2026-01-28T14:32:13+00:00","og_image":[{"width":1058,"height":557,"url":"https:\/\/resato-waterjet.com\/wp-content\/uploads\/2026\/01\/PJ8-1.png","type":"image\/png"}],"twitter_card":"summary_large_image","twitter_misc":{"Gesch\u00e4tzte Lesezeit":"1\u00a0Minute"},"schema":{"@context":"https:\/\/schema.org","@graph":[{"@type":"WebPage","@id":"https:\/\/resato-waterjet.com\/product\/pj8-4000\/","url":"https:\/\/resato-waterjet.com\/product\/pj8-4000\/","name":"PJ8-4000 - Resato Wasserstrahl","isPartOf":{"@id":"https:\/\/resato-waterjet.com\/en\/#website"},"primaryImageOfPage":{"@id":"https:\/\/resato-waterjet.com\/product\/pj8-4000\/#primaryimage"},"image":{"@id":"https:\/\/resato-waterjet.com\/product\/pj8-4000\/#primaryimage"},"thumbnailUrl":"https:\/\/resato-waterjet.com\/wp-content\/uploads\/2026\/01\/PJ8-1.png","datePublished":"2026-01-28T13:35:00+00:00","dateModified":"2026-01-28T14:32:13+00:00","description":"Die PJ8-4000 ist eine Hochdruckpumpe, die speziell f\u00fcr den Einsatz in Wasserstrahlschneidsystemen entwickelt wurde, bei denen eine h\u00f6here Schneidleistung erforderlich ist.","breadcrumb":{"@id":"https:\/\/resato-waterjet.com\/product\/pj8-4000\/#breadcrumb"},"inLanguage":"de","potentialAction":[{"@type":"ReadAction","target":["https:\/\/resato-waterjet.com\/product\/pj8-4000\/"]}]},{"@type":"ImageObject","inLanguage":"de","@id":"https:\/\/resato-waterjet.com\/product\/pj8-4000\/#primaryimage","url":"https:\/\/resato-waterjet.com\/wp-content\/uploads\/2026\/01\/PJ8-1.png","contentUrl":"https:\/\/resato-waterjet.com\/wp-content\/uploads\/2026\/01\/PJ8-1.png","width":1058,"height":557},{"@type":"BreadcrumbList","@id":"https:\/\/resato-waterjet.com\/product\/pj8-4000\/#breadcrumb","itemListElement":[{"@type":"ListItem","position":1,"name":"Home","item":"https:\/\/resato-waterjet.com\/fr\/"},{"@type":"ListItem","position":2,"name":"Machines and Services","item":"https:\/\/resato-waterjet.com\/en\/machines-and-services\/"},{"@type":"ListItem","position":3,"name":"PJ8-4000"}]},{"@type":"WebSite","@id":"https:\/\/resato-waterjet.com\/en\/#website","url":"https:\/\/resato-waterjet.com\/en\/","name":"Resato Wasserstrahl","description":"Zaubern mit Wasser","publisher":{"@id":"https:\/\/resato-waterjet.com\/en\/#organization"},"alternateName":"Resato","potentialAction":[{"@type":"SearchAction","target":{"@type":"EntryPoint","urlTemplate":"https:\/\/resato-waterjet.com\/en\/?s={search_term_string}"},"query-input":{"@type":"PropertyValueSpecification","valueRequired":true,"valueName":"search_term_string"}}],"inLanguage":"de"},{"@type":"Organization","@id":"https:\/\/resato-waterjet.com\/en\/#organization","name":"Resato Wasserstrahl","alternateName":"Resato","url":"https:\/\/resato-waterjet.com\/en\/","logo":{"@type":"ImageObject","inLanguage":"de","@id":"https:\/\/resato-waterjet.com\/en\/#\/schema\/logo\/image\/","url":"https:\/\/mlwy9mbbs62x.i.optimole.com\/w:auto\/h:auto\/q:mauto\/f:avif\/https:\/\/resato-waterjet.com\/wp-content\/uploads\/2023\/03\/cropped-Resato-YOutube-Logo.png","contentUrl":"https:\/\/mlwy9mbbs62x.i.optimole.com\/w:auto\/h:auto\/q:mauto\/f:avif\/https:\/\/resato-waterjet.com\/wp-content\/uploads\/2023\/03\/cropped-Resato-YOutube-Logo.png","width":512,"height":512,"caption":"Resato Waterjet"},"image":{"@id":"https:\/\/resato-waterjet.com\/en\/#\/schema\/logo\/image\/"},"sameAs":["https:\/\/www.linkedin.com\/company\/resato-waterjet-technology\/"]}]}},"_links":{"self":[{"href":"https:\/\/resato-waterjet.com\/de\/wp-json\/wp\/v2\/product\/11568","targetHints":{"allow":["GET"]}}],"collection":[{"href":"https:\/\/resato-waterjet.com\/de\/wp-json\/wp\/v2\/product"}],"about":[{"href":"https:\/\/resato-waterjet.com\/de\/wp-json\/wp\/v2\/types\/product"}],"version-history":[{"count":1,"href":"https:\/\/resato-waterjet.com\/de\/wp-json\/wp\/v2\/product\/11568\/revisions"}],"predecessor-version":[{"id":11569,"href":"https:\/\/resato-waterjet.com\/de\/wp-json\/wp\/v2\/product\/11568\/revisions\/11569"}],"wp:featuredmedia":[{"embeddable":true,"href":"https:\/\/resato-waterjet.com\/de\/wp-json\/wp\/v2\/media\/11571"}],"wp:attachment":[{"href":"https:\/\/resato-waterjet.com\/de\/wp-json\/wp\/v2\/media?parent=11568"}],"wp:term":[{"taxonomy":"product_brand","embeddable":true,"href":"https:\/\/resato-waterjet.com\/de\/wp-json\/wp\/v2\/product_brand?post=11568"},{"taxonomy":"product_cat","embeddable":true,"href":"https:\/\/resato-waterjet.com\/de\/wp-json\/wp\/v2\/product_cat?post=11568"},{"taxonomy":"product_tag","embeddable":true,"href":"https:\/\/resato-waterjet.com\/de\/wp-json\/wp\/v2\/product_tag?post=11568"}],"curies":[{"name":"wp","href":"https:\/\/api.w.org\/{rel}","templated":true}]}}